{"id":17391,"date":"2023-08-07T11:36:49","date_gmt":"2022-07-15T03:36:49","guid":{"rendered":"https:\/\/www.zhgdled.com\/product\/zhl-o-series-led-high-bay-light"},"modified":"2023-12-26T15:07:41","modified_gmt":"2023-12-26T07:07:41","slug":"zhl-o-series-led-high-bay-light","status":"publish","type":"product","link":"https:\/\/www.zhgdled.com\/pt-br\/zhl-o-series-led-high-bay-light.html","title":{"rendered":"S\u00e9rie O Luz LED High Bay"},"content":{"rendered":"<h2>Introduzindo a ilumina\u00e7\u00e3o l\u00edder do setor<\/h2>\n<ul>\n<li>Pela primeira vez, a S\u00e9rie O UFO High Bay Light apresenta 200LM\/W de pot\u00eancia sob a mesma voltagem, gra\u00e7as aos chips Samsung 2835 certificados e \u00e0 fonte auxiliar MOSO.<\/li>\n<li>A s\u00e9rie O de alta qualidade e a potente luz de alto bay emite uma ilumina\u00e7\u00e3o l\u00edder da ind\u00fastria! \u00c9 compat\u00edvel com a classe comercial e com at\u00e9 200 l\u00famens por watt, torna-se facilmente uma das luzes de maior desempenho da ind\u00fastria. Al\u00e9m de tudo isso, esta luz tem uma op\u00e7\u00e3o de cobertura refletor (compra extra) para fornecer at\u00e9 20% de luz acima!<\/li>\n<li>Esta incr\u00edvel luz de alto brilho com certifica\u00e7\u00e3o CE apresenta um design \u00e0 prova d&#8217;\u00e1gua de grau IP65 e \u00e0 prova de poeira. Sua qualidade comercial, suas propriedades dur\u00e1veis fazem dela a luz mais resistente e vers\u00e1til do mercado. Nunca se preocupe se este produto for danificado por condi\u00e7\u00f5es clim\u00e1ticas externas! A carca\u00e7a forjada a frio de alum\u00ednio puro proporciona excelente transfer\u00eancia t\u00e9rmica para prolongar a vida \u00fatil do componente e evitar que ele seja danificado. Sua temperatura de opera\u00e7\u00e3o \u00e9 -20\u2103 &#8211; +50\u2103.<\/li>\n<\/ul>\n<blockquote><p>Precisa de um cat\u00e1logo? <a href=\"https:\/\/www.zhgdled.com\/download\/o-series-high-bay-light\">Clique aqui<\/a><\/p><\/blockquote>\n<h2>Especifica\u00e7\u00e3o<\/h2>\n<table width=\"649\">\n<tbody>\n<tr>\n<td><strong>Power<\/strong><\/td>\n<td><strong>100W 150W 200W\u00a0<\/strong><\/td>\n<\/tr>\n<tr>\n<td><strong>LED<\/strong><\/td>\n<td><strong>Samsung 2835<\/strong><\/td>\n<\/tr>\n<tr>\n<td><strong>Color Temperature(CCT)<\/strong><\/td>\n<td><strong>2700-6500K<\/strong><\/td>\n<\/tr>\n<tr>\n<td><strong>Luminous Efficiency(lm\/w)<\/strong><\/td>\n<td><strong>200lm\/w +-10%<\/strong><\/td>\n<\/tr>\n<tr>\n<td><strong>Input Voltage(V)<\/strong><\/td>\n<td width=\"463\"><strong>100-240VAC\/50-60Hz<\/strong><\/td>\n<\/tr>\n<tr>\n<td><strong>PF<\/strong><\/td>\n<td><strong>&gt;0.9<\/strong><\/td>\n<\/tr>\n<tr>\n<td><strong>CRI (Ra&gt;)<\/strong><\/td>\n<td><strong>80<\/strong><\/td>\n<\/tr>\n<tr>\n<td><strong>Beam Angle(\u00b0)<\/strong><\/td>\n<td><strong>60\u00b0\/90\u00b0*120\u00b0<\/strong><\/td>\n<\/tr>\n<tr>\n<td><strong>IP Grade<\/strong><\/td>\n<td><strong>IP65<\/strong><\/td>\n<\/tr>\n<tr>\n<td><strong>Material<\/strong><\/td>\n<td><strong>Aluminum Body + Tempered Glass Cover<\/strong><\/td>\n<\/tr>\n<tr>\n<td><strong>Working Temperature(\u2103)<\/strong><\/td>\n<td><strong>-20-50<\/strong><\/td>\n<\/tr>\n<tr>\n<td><strong>Warranty(Year)<\/strong><\/td>\n<td><strong>5 Years<\/strong><\/td>\n<\/tr>\n<tr>\n<td><strong>Certification<\/strong><\/td>\n<td><strong>CE,ERP<\/strong><\/td>\n<\/tr>\n<tr>\n<td><strong>Driver<\/strong><\/td>\n<td><strong>MOSO Dimmable driver( 0-10V Dimmable+12V Auxiliary source<\/strong><\/td>\n<\/tr>\n<\/tbody>\n<\/table>\n<h2>Veja o padr\u00e3o industrial de ilumina\u00e7\u00e3o exterior<\/h2>\n<table width=\"580\">\n<tbody>\n<tr>\n<td width=\"284\">UL<\/td>\n<td width=\"284\"><a href=\"https:\/\/www.ul.com\/industries\/products-and-components\/lighting\"><strong><b>UL Solutions\u2019 lighting services<\/b><\/strong><\/a><\/td>\n<\/tr>\n<tr>\n<td width=\"284\">CE<\/td>\n<td width=\"284\"><a href=\"https:\/\/eur-lex.europa.eu\/legal-content\/EN\/TXT\/PDF\/?uri=CELEX:32014L0035&amp;from=HU\"><strong><b>LVD Directive 2014\/35\/EU<\/b><\/strong><\/a><\/td>\n<\/tr>\n<\/tbody>\n<\/table>\n<p><img decoding=\"async\" class=\"alignnone size-full wp-image-17081\" src=\"https:\/\/www.zhgdled.com\/wp-content\/uploads\/2022\/07\/20220722163406.png\" alt=\"\" width=\"3274\" height=\"2387\" srcset=\"https:\/\/www.zhgdled.com\/wp-content\/uploads\/2022\/07\/20220722163406.png 3274w, https:\/\/www.zhgdled.com\/wp-content\/uploads\/2022\/07\/20220722163406-300x219.png 300w, https:\/\/www.zhgdled.com\/wp-content\/uploads\/2022\/07\/20220722163406-1024x747.png 1024w, https:\/\/www.zhgdled.com\/wp-content\/uploads\/2022\/07\/20220722163406-768x560.png 768w, https:\/\/www.zhgdled.com\/wp-content\/uploads\/2022\/07\/20220722163406-1536x1120.png 1536w, https:\/\/www.zhgdled.com\/wp-content\/uploads\/2022\/07\/20220722163406-2048x1493.png 2048w, https:\/\/www.zhgdled.com\/wp-content\/uploads\/2022\/07\/20220722163406-600x437.png 600w, https:\/\/www.zhgdled.com\/wp-content\/uploads\/2022\/07\/20220722163406-150x109.png 150w\" sizes=\"(max-width: 3274px) 100vw, 3274px\" \/><\/p>\n","protected":false},"excerpt":{"rendered":"<p>A s\u00e9rie ZHL O de luzes LED de alto brilho \u00e9 uma lumin\u00e1ria de alto brilho robusta, regul\u00e1vel, com 3 diferentes op\u00e7\u00f5es de montagem: gancho para vaso, corrente ou poste r\u00edgido. Gra\u00e7as ao grau IP65, ela pode ser usada em ambientes internos e externos e \u00e9 constru\u00edda para os ambientes mais dif\u00edceis. Alta efici\u00eancia de 200lm\/W e um custo operacional efetivo.<\/p>\n<ul>\n<li>100W 150W 200W<\/li>\n<li>Samsung 2835<\/li>\n<li>Efici\u00eancia luminosa: 160lm\/w, 200lm\/w opcional<\/li>\n<li>AC100-240V, 50\/60Hz<\/li>\n<li>CRI &gt;80, PF&gt;0,9<\/li>\n<li>Alum\u00ednio, vidro temperado<\/li>\n<\/ul>\n","protected":false},"featured_media":17110,"template":"","meta":[],"product_brand":[],"product_cat":[646],"product_tag":[484],"class_list":{"0":"post-17391","1":"product","2":"type-product","3":"status-publish","4":"has-post-thumbnail","6":"product_cat-high-bay","7":"product_tag-high-bay-light-pt-br","9":"first","10":"instock","11":"featured","12":"shipping-taxable","13":"product-type-simple"},"yoast_head":"<!-- This site is optimized with the Yoast SEO plugin v27.4 - https:\/\/yoast.com\/product\/yoast-seo-wordpress\/ -->\n<title>S\u00e9rie O Luz LED High Bay &#8211; ZHL ILUMINA\u00c7\u00c3O INDUSTRIAL<\/title>\n<meta name=\"description\" content=\"A ZHL s\u00e9rie O de Luz LED High Bay de alto brilho \u00e9 uma lumin\u00e1ria de alto brilho robusta, regul\u00e1vel, com 3 diferentes op\u00e7\u00f5es de montagem: gancho para vaso, corrente ou poste r\u00edgido. Gra\u00e7as ao grau IP65, ela pode ser usada em ambientes internos e externos e \u00e9 constru\u00edda para os ambientes mais dif\u00edceis. Alta efici\u00eancia de 200lm\/W e um custo operacional efetivo.\" \/>\n<meta name=\"robots\" content=\"index, follow, max-snippet:-1, max-image-preview:large, max-video-preview:-1\" \/>\n<link rel=\"canonical\" href=\"https:\/\/www.zhgdled.com\/pt-br\/zhl-o-series-led-high-bay-light.html\" \/>\n<meta property=\"og:locale\" content=\"pt_BR\" \/>\n<meta property=\"og:type\" content=\"article\" \/>\n<meta property=\"og:title\" content=\"S\u00e9rie O Luz LED High Bay &#8211; ZHL ILUMINA\u00c7\u00c3O INDUSTRIAL\" \/>\n<meta property=\"og:description\" content=\"A ZHL s\u00e9rie O de Luz LED High Bay de alto brilho \u00e9 uma lumin\u00e1ria de alto brilho robusta, regul\u00e1vel, com 3 diferentes op\u00e7\u00f5es de montagem: gancho para vaso, corrente ou poste r\u00edgido. Gra\u00e7as ao grau IP65, ela pode ser usada em ambientes internos e externos e \u00e9 constru\u00edda para os ambientes mais dif\u00edceis. Alta efici\u00eancia de 200lm\/W e um custo operacional efetivo.\" \/>\n<meta property=\"og:url\" content=\"https:\/\/www.zhgdled.com\/pt-br\/zhl-o-series-led-high-bay-light.html\" \/>\n<meta property=\"og:site_name\" content=\"ZHL ILUMINA\u00c7\u00c3O INDUSTRIAL\" \/>\n<meta property=\"article:publisher\" content=\"https:\/\/www.facebook.com\/zhllightinggroup\" \/>\n<meta property=\"article:modified_time\" content=\"2023-12-26T07:07:41+00:00\" \/>\n<meta property=\"og:image\" content=\"https:\/\/www.zhgdled.com\/wp-content\/uploads\/2022\/07\/2.png\" \/>\n\t<meta property=\"og:image:width\" content=\"1600\" \/>\n\t<meta property=\"og:image:height\" content=\"1600\" \/>\n\t<meta property=\"og:image:type\" content=\"image\/png\" \/>\n<meta name=\"twitter:card\" content=\"summary_large_image\" \/>\n<meta name=\"twitter:site\" content=\"@zhl_lighting\" \/>\n<meta name=\"twitter:label1\" content=\"Est. tempo de leitura\" \/>\n\t<meta name=\"twitter:data1\" content=\"2 minutos\" \/>\n<script type=\"application\/ld+json\" class=\"yoast-schema-graph\">{\"@context\":\"https:\\\/\\\/schema.org\",\"@graph\":[{\"@type\":\"WebPage\",\"@id\":\"https:\\\/\\\/www.zhgdled.com\\\/pt-br\\\/zhl-o-series-led-high-bay-light.html\",\"url\":\"https:\\\/\\\/www.zhgdled.com\\\/pt-br\\\/zhl-o-series-led-high-bay-light.html\",\"name\":\"S\u00e9rie O Luz LED High Bay &#8211; ZHL ILUMINA\u00c7\u00c3O INDUSTRIAL\",\"isPartOf\":{\"@id\":\"https:\\\/\\\/www.zhgdled.com\\\/pt-br\\\/#website\"},\"primaryImageOfPage\":{\"@id\":\"https:\\\/\\\/www.zhgdled.com\\\/pt-br\\\/zhl-o-series-led-high-bay-light.html#primaryimage\"},\"image\":{\"@id\":\"https:\\\/\\\/www.zhgdled.com\\\/pt-br\\\/zhl-o-series-led-high-bay-light.html#primaryimage\"},\"thumbnailUrl\":\"https:\\\/\\\/www.zhgdled.com\\\/wp-content\\\/uploads\\\/2022\\\/07\\\/2.png\",\"datePublished\":\"2022-07-15T03:36:49+00:00\",\"dateModified\":\"2023-12-26T07:07:41+00:00\",\"description\":\"A ZHL s\u00e9rie O de Luz LED High Bay de alto brilho \u00e9 uma lumin\u00e1ria de alto brilho robusta, regul\u00e1vel, com 3 diferentes op\u00e7\u00f5es de montagem: gancho para vaso, corrente ou poste r\u00edgido. Gra\u00e7as ao grau IP65, ela pode ser usada em ambientes internos e externos e \u00e9 constru\u00edda para os ambientes mais dif\u00edceis. Alta efici\u00eancia de 200lm\\\/W e um custo operacional efetivo.\",\"breadcrumb\":{\"@id\":\"https:\\\/\\\/www.zhgdled.com\\\/pt-br\\\/zhl-o-series-led-high-bay-light.html#breadcrumb\"},\"inLanguage\":\"pt-BR\",\"potentialAction\":[{\"@type\":\"ReadAction\",\"target\":[\"https:\\\/\\\/www.zhgdled.com\\\/pt-br\\\/zhl-o-series-led-high-bay-light.html\"]}]},{\"@type\":\"ImageObject\",\"inLanguage\":\"pt-BR\",\"@id\":\"https:\\\/\\\/www.zhgdled.com\\\/pt-br\\\/zhl-o-series-led-high-bay-light.html#primaryimage\",\"url\":\"https:\\\/\\\/www.zhgdled.com\\\/wp-content\\\/uploads\\\/2022\\\/07\\\/2.png\",\"contentUrl\":\"https:\\\/\\\/www.zhgdled.com\\\/wp-content\\\/uploads\\\/2022\\\/07\\\/2.png\",\"width\":1600,\"height\":1600,\"caption\":\"Lumi\u00e8re LED haute baie\"},{\"@type\":\"BreadcrumbList\",\"@id\":\"https:\\\/\\\/www.zhgdled.com\\\/pt-br\\\/zhl-o-series-led-high-bay-light.html#breadcrumb\",\"itemListElement\":[{\"@type\":\"ListItem\",\"position\":1,\"name\":\"Home\",\"item\":\"https:\\\/\\\/www.zhgdled.com\\\/pt-br\"},{\"@type\":\"ListItem\",\"position\":2,\"name\":\"PRODUCTS\",\"item\":\"https:\\\/\\\/www.zhgdled.com\\\/zhl-products.html\"},{\"@type\":\"ListItem\",\"position\":3,\"name\":\"S\u00e9rie O Luz LED High Bay\"}]},{\"@type\":\"WebSite\",\"@id\":\"https:\\\/\\\/www.zhgdled.com\\\/pt-br\\\/#website\",\"url\":\"https:\\\/\\\/www.zhgdled.com\\\/pt-br\\\/\",\"name\":\"ZHL ILUMINA\u00c7\u00c3O INDUSTRIAL\",\"description\":\"Top ranking industrial lighting manufacturer and exporter\",\"publisher\":{\"@id\":\"https:\\\/\\\/www.zhgdled.com\\\/pt-br\\\/#organization\"},\"potentialAction\":[{\"@type\":\"SearchAction\",\"target\":{\"@type\":\"EntryPoint\",\"urlTemplate\":\"https:\\\/\\\/www.zhgdled.com\\\/pt-br\\\/?s={search_term_string}\"},\"query-input\":{\"@type\":\"PropertyValueSpecification\",\"valueRequired\":true,\"valueName\":\"search_term_string\"}}],\"inLanguage\":\"pt-BR\"},{\"@type\":\"Organization\",\"@id\":\"https:\\\/\\\/www.zhgdled.com\\\/pt-br\\\/#organization\",\"name\":\"ZHL Lighting Group\",\"url\":\"https:\\\/\\\/www.zhgdled.com\\\/pt-br\\\/\",\"logo\":{\"@type\":\"ImageObject\",\"inLanguage\":\"pt-BR\",\"@id\":\"https:\\\/\\\/www.zhgdled.com\\\/pt-br\\\/#\\\/schema\\\/logo\\\/image\\\/\",\"url\":\"\",\"contentUrl\":\"\",\"caption\":\"ZHL Lighting Group\"},\"image\":{\"@id\":\"https:\\\/\\\/www.zhgdled.com\\\/pt-br\\\/#\\\/schema\\\/logo\\\/image\\\/\"},\"sameAs\":[\"https:\\\/\\\/www.facebook.com\\\/zhllightinggroup\",\"https:\\\/\\\/x.com\\\/zhl_lighting\"]}]}<\/script>\n<!-- \/ Yoast SEO plugin. -->","yoast_head_json":{"title":"S\u00e9rie O Luz LED High Bay &#8211; ZHL ILUMINA\u00c7\u00c3O INDUSTRIAL","description":"A ZHL s\u00e9rie O de Luz LED High Bay de alto brilho \u00e9 uma lumin\u00e1ria de alto brilho robusta, regul\u00e1vel, com 3 diferentes op\u00e7\u00f5es de montagem: gancho para vaso, corrente ou poste r\u00edgido. Gra\u00e7as ao grau IP65, ela pode ser usada em ambientes internos e externos e \u00e9 constru\u00edda para os ambientes mais dif\u00edceis. Alta efici\u00eancia de 200lm\/W e um custo operacional efetivo.","robots":{"index":"index","follow":"follow","max-snippet":"max-snippet:-1","max-image-preview":"max-image-preview:large","max-video-preview":"max-video-preview:-1"},"canonical":"https:\/\/www.zhgdled.com\/pt-br\/zhl-o-series-led-high-bay-light.html","og_locale":"pt_BR","og_type":"article","og_title":"S\u00e9rie O Luz LED High Bay &#8211; ZHL ILUMINA\u00c7\u00c3O INDUSTRIAL","og_description":"A ZHL s\u00e9rie O de Luz LED High Bay de alto brilho \u00e9 uma lumin\u00e1ria de alto brilho robusta, regul\u00e1vel, com 3 diferentes op\u00e7\u00f5es de montagem: gancho para vaso, corrente ou poste r\u00edgido. Gra\u00e7as ao grau IP65, ela pode ser usada em ambientes internos e externos e \u00e9 constru\u00edda para os ambientes mais dif\u00edceis. Alta efici\u00eancia de 200lm\/W e um custo operacional efetivo.","og_url":"https:\/\/www.zhgdled.com\/pt-br\/zhl-o-series-led-high-bay-light.html","og_site_name":"ZHL ILUMINA\u00c7\u00c3O INDUSTRIAL","article_publisher":"https:\/\/www.facebook.com\/zhllightinggroup","article_modified_time":"2023-12-26T07:07:41+00:00","og_image":[{"width":1600,"height":1600,"url":"https:\/\/www.zhgdled.com\/wp-content\/uploads\/2022\/07\/2.png","type":"image\/png"}],"twitter_card":"summary_large_image","twitter_site":"@zhl_lighting","twitter_misc":{"Est. tempo de leitura":"2 minutos"},"schema":{"@context":"https:\/\/schema.org","@graph":[{"@type":"WebPage","@id":"https:\/\/www.zhgdled.com\/pt-br\/zhl-o-series-led-high-bay-light.html","url":"https:\/\/www.zhgdled.com\/pt-br\/zhl-o-series-led-high-bay-light.html","name":"S\u00e9rie O Luz LED High Bay &#8211; ZHL ILUMINA\u00c7\u00c3O INDUSTRIAL","isPartOf":{"@id":"https:\/\/www.zhgdled.com\/pt-br\/#website"},"primaryImageOfPage":{"@id":"https:\/\/www.zhgdled.com\/pt-br\/zhl-o-series-led-high-bay-light.html#primaryimage"},"image":{"@id":"https:\/\/www.zhgdled.com\/pt-br\/zhl-o-series-led-high-bay-light.html#primaryimage"},"thumbnailUrl":"https:\/\/www.zhgdled.com\/wp-content\/uploads\/2022\/07\/2.png","datePublished":"2022-07-15T03:36:49+00:00","dateModified":"2023-12-26T07:07:41+00:00","description":"A ZHL s\u00e9rie O de Luz LED High Bay de alto brilho \u00e9 uma lumin\u00e1ria de alto brilho robusta, regul\u00e1vel, com 3 diferentes op\u00e7\u00f5es de montagem: gancho para vaso, corrente ou poste r\u00edgido. Gra\u00e7as ao grau IP65, ela pode ser usada em ambientes internos e externos e \u00e9 constru\u00edda para os ambientes mais dif\u00edceis. Alta efici\u00eancia de 200lm\/W e um custo operacional efetivo.","breadcrumb":{"@id":"https:\/\/www.zhgdled.com\/pt-br\/zhl-o-series-led-high-bay-light.html#breadcrumb"},"inLanguage":"pt-BR","potentialAction":[{"@type":"ReadAction","target":["https:\/\/www.zhgdled.com\/pt-br\/zhl-o-series-led-high-bay-light.html"]}]},{"@type":"ImageObject","inLanguage":"pt-BR","@id":"https:\/\/www.zhgdled.com\/pt-br\/zhl-o-series-led-high-bay-light.html#primaryimage","url":"https:\/\/www.zhgdled.com\/wp-content\/uploads\/2022\/07\/2.png","contentUrl":"https:\/\/www.zhgdled.com\/wp-content\/uploads\/2022\/07\/2.png","width":1600,"height":1600,"caption":"Lumi\u00e8re LED haute baie"},{"@type":"BreadcrumbList","@id":"https:\/\/www.zhgdled.com\/pt-br\/zhl-o-series-led-high-bay-light.html#breadcrumb","itemListElement":[{"@type":"ListItem","position":1,"name":"Home","item":"https:\/\/www.zhgdled.com\/pt-br"},{"@type":"ListItem","position":2,"name":"PRODUCTS","item":"https:\/\/www.zhgdled.com\/zhl-products.html"},{"@type":"ListItem","position":3,"name":"S\u00e9rie O Luz LED High Bay"}]},{"@type":"WebSite","@id":"https:\/\/www.zhgdled.com\/pt-br\/#website","url":"https:\/\/www.zhgdled.com\/pt-br\/","name":"ZHL ILUMINA\u00c7\u00c3O INDUSTRIAL","description":"Top ranking industrial lighting manufacturer and exporter","publisher":{"@id":"https:\/\/www.zhgdled.com\/pt-br\/#organization"},"potentialAction":[{"@type":"SearchAction","target":{"@type":"EntryPoint","urlTemplate":"https:\/\/www.zhgdled.com\/pt-br\/?s={search_term_string}"},"query-input":{"@type":"PropertyValueSpecification","valueRequired":true,"valueName":"search_term_string"}}],"inLanguage":"pt-BR"},{"@type":"Organization","@id":"https:\/\/www.zhgdled.com\/pt-br\/#organization","name":"ZHL Lighting Group","url":"https:\/\/www.zhgdled.com\/pt-br\/","logo":{"@type":"ImageObject","inLanguage":"pt-BR","@id":"https:\/\/www.zhgdled.com\/pt-br\/#\/schema\/logo\/image\/","url":"","contentUrl":"","caption":"ZHL Lighting Group"},"image":{"@id":"https:\/\/www.zhgdled.com\/pt-br\/#\/schema\/logo\/image\/"},"sameAs":["https:\/\/www.facebook.com\/zhllightinggroup","https:\/\/x.com\/zhl_lighting"]}]}},"_links":{"self":[{"href":"https:\/\/www.zhgdled.com\/pt-br\/wp-json\/wp\/v2\/product\/17391","targetHints":{"allow":["GET"]}}],"collection":[{"href":"https:\/\/www.zhgdled.com\/pt-br\/wp-json\/wp\/v2\/product"}],"about":[{"href":"https:\/\/www.zhgdled.com\/pt-br\/wp-json\/wp\/v2\/types\/product"}],"wp:featuredmedia":[{"embeddable":true,"href":"https:\/\/www.zhgdled.com\/pt-br\/wp-json\/wp\/v2\/media\/17110"}],"wp:attachment":[{"href":"https:\/\/www.zhgdled.com\/pt-br\/wp-json\/wp\/v2\/media?parent=17391"}],"wp:term":[{"taxonomy":"product_brand","embeddable":true,"href":"https:\/\/www.zhgdled.com\/pt-br\/wp-json\/wp\/v2\/product_brand?post=17391"},{"taxonomy":"product_cat","embeddable":true,"href":"https:\/\/www.zhgdled.com\/pt-br\/wp-json\/wp\/v2\/product_cat?post=17391"},{"taxonomy":"product_tag","embeddable":true,"href":"https:\/\/www.zhgdled.com\/pt-br\/wp-json\/wp\/v2\/product_tag?post=17391"}],"curies":[{"name":"wp","href":"https:\/\/api.w.org\/{rel}","templated":true}]}}