{"id":17393,"date":"2023-06-12T11:55:16","date_gmt":"2022-10-13T03:55:16","guid":{"rendered":"https:\/\/www.zhgdled.com\/product\/archimedes-series-flood-light"},"modified":"2023-12-26T15:01:05","modified_gmt":"2023-12-26T07:01:05","slug":"archimedes-series-flood-light","status":"publish","type":"product","link":"https:\/\/www.zhgdled.com\/pt-br\/archimedes-series-flood-light.html","title":{"rendered":"S\u00c9RIE ARQUIMEDES Luz de inunda\u00e7\u00e3o"},"content":{"rendered":"<h2>LUMIN\u00c1RIA INDUSTRIAL DE ALTA RESIST\u00caNCIA<\/h2>\n<ul>\n<li>Forte desempenho de dissipa\u00e7\u00e3o de calor, mantendo o grau IP65.<\/li>\n<li>Equipado com um dispositivo de prote\u00e7\u00e3o contra surtos de 10KV separado.<\/li>\n<li>Wifi, Bluetooth, Mesh, compat\u00edvel com Zigbee, CCT e controle de brilho por aplicativo.<\/li>\n<li>Grau de prote\u00e7\u00e3o IP66, IK08, resist\u00eancia a ventos fortes de n\u00edvel 17 sem medo de ambientes externos agressivos<\/li>\n<li>\u00c2ngulo de feixe: S60\/S90\/S120\/TYPE3\/90*120, outros requisitos de \u00e2ngulo de feixe podem ser personalizados.<\/li>\n<li>Faixa de pot\u00eancia da s\u00e9rie inteira: 30W-200W, agora 300W, 400W tamb\u00e9m est\u00e3o dispon\u00edveis para usu\u00e1rios profissionais.<\/li>\n<\/ul>\n<h2>ESPECIFICA\u00c7\u00c3O<\/h2>\n<blockquote><p>Precisa de cat\u00e1logo? <a href=\"https:\/\/www.zhgdled.com\/download\/archimedes-series-flood-light\">Clique aqui<\/a><\/p><\/blockquote>\n<table style=\"border-collapse: collapse; width: 269.27pt;\" border=\"0\" width=\"359\" cellspacing=\"0\" cellpadding=\"0\">\n<tbody>\n<tr style=\"height: 13.50pt;\">\n<td style=\"height: 13.50pt; width: 78.00pt;\" width=\"104\" height=\"18\">Power<\/td>\n<td style=\"width: 191.25pt;\" width=\"255\">50W\/100W\/150W\/200W\/300W\/400W<\/td>\n<\/tr>\n<tr style=\"height: 13.50pt;\">\n<td style=\"height: 13.50pt;\" height=\"18\">Chips<\/td>\n<td>SMD2835<\/td>\n<\/tr>\n<tr style=\"height: 13.50pt;\">\n<td style=\"height: 13.50pt;\" height=\"18\">Efficiency<\/td>\n<td>150lm\/w<\/td>\n<\/tr>\n<tr style=\"height: 13.50pt;\">\n<td style=\"height: 13.50pt;\" height=\"18\">Material<\/td>\n<td>Aluminum, optical glass<\/td>\n<\/tr>\n<tr style=\"height: 13.50pt;\">\n<td style=\"height: 13.50pt;\" height=\"18\">CCT<\/td>\n<td>2700K &#8211; 6500K<\/td>\n<\/tr>\n<tr style=\"height: 13.50pt;\">\n<td style=\"height: 13.50pt;\" height=\"18\">Voltage<\/td>\n<td>AC100-265V 50\/60HZ<\/td>\n<\/tr>\n<\/tbody>\n<\/table>\n<h2>Veja os requisitos dos organismos de certifica\u00e7\u00e3o para produtos de ilumina\u00e7\u00e3o:<\/h2>\n<table width=\"580\">\n<tbody>\n<tr>\n<td width=\"284\">UL<\/td>\n<td width=\"284\"><a href=\"https:\/\/www.ul.com\/industries\/products-and-components\/lighting\"><strong><b>UL Solutions\u2019 lighting services<\/b><\/strong><\/a><\/td>\n<\/tr>\n<tr>\n<td width=\"284\">CE<\/td>\n<td width=\"284\"><a href=\"https:\/\/eur-lex.europa.eu\/legal-content\/EN\/TXT\/PDF\/?uri=CELEX:32014L0035&amp;from=HU\"><strong><b>LVD Directive 2014\/35\/EU<\/b><\/strong><\/a><\/td>\n<\/tr>\n<\/tbody>\n<\/table>\n<p><img decoding=\"async\" class=\"alignnone size-full wp-image-17264\" src=\"https:\/\/www.zhgdled.com\/wp-content\/uploads\/2022\/10\/10.png\" alt=\"\" width=\"750\" height=\"750\" srcset=\"https:\/\/www.zhgdled.com\/wp-content\/uploads\/2022\/10\/10.png 750w, https:\/\/www.zhgdled.com\/wp-content\/uploads\/2022\/10\/10-300x300.png 300w, https:\/\/www.zhgdled.com\/wp-content\/uploads\/2022\/10\/10-150x150.png 150w, https:\/\/www.zhgdled.com\/wp-content\/uploads\/2022\/10\/10-600x600.png 600w\" sizes=\"(max-width: 750px) 100vw, 750px\" \/><img decoding=\"async\" class=\"alignnone size-full wp-image-17265\" src=\"https:\/\/www.zhgdled.com\/wp-content\/uploads\/2022\/10\/Z-1.png\" alt=\"\" width=\"750\" height=\"974\" srcset=\"https:\/\/www.zhgdled.com\/wp-content\/uploads\/2022\/10\/Z-1.png 750w, https:\/\/www.zhgdled.com\/wp-content\/uploads\/2022\/10\/Z-1-231x300.png 231w, https:\/\/www.zhgdled.com\/wp-content\/uploads\/2022\/10\/Z-1-600x779.png 600w, https:\/\/www.zhgdled.com\/wp-content\/uploads\/2022\/10\/Z-1-150x195.png 150w\" sizes=\"(max-width: 750px) 100vw, 750px\" \/><img decoding=\"async\" class=\"alignnone size-full wp-image-17266\" src=\"https:\/\/www.zhgdled.com\/wp-content\/uploads\/2022\/10\/Z-2.png\" alt=\"\" width=\"750\" height=\"554\" srcset=\"https:\/\/www.zhgdled.com\/wp-content\/uploads\/2022\/10\/Z-2.png 750w, https:\/\/www.zhgdled.com\/wp-content\/uploads\/2022\/10\/Z-2-300x222.png 300w, https:\/\/www.zhgdled.com\/wp-content\/uploads\/2022\/10\/Z-2-600x443.png 600w, https:\/\/www.zhgdled.com\/wp-content\/uploads\/2022\/10\/Z-2-150x111.png 150w\" sizes=\"(max-width: 750px) 100vw, 750px\" \/><img decoding=\"async\" class=\"alignnone size-full wp-image-17267\" src=\"https:\/\/www.zhgdled.com\/wp-content\/uploads\/2022\/10\/Z-3.png\" alt=\"\" width=\"750\" height=\"1315\" srcset=\"https:\/\/www.zhgdled.com\/wp-content\/uploads\/2022\/10\/Z-3.png 750w, https:\/\/www.zhgdled.com\/wp-content\/uploads\/2022\/10\/Z-3-171x300.png 171w, https:\/\/www.zhgdled.com\/wp-content\/uploads\/2022\/10\/Z-3-584x1024.png 584w, https:\/\/www.zhgdled.com\/wp-content\/uploads\/2022\/10\/Z-3-600x1052.png 600w, https:\/\/www.zhgdled.com\/wp-content\/uploads\/2022\/10\/Z-3-150x263.png 150w\" sizes=\"(max-width: 750px) 100vw, 750px\" \/><\/p>\n","protected":false},"excerpt":{"rendered":"<p>Como fornecedor profissional de ilumina\u00e7\u00e3o industrial, a ZHL oferece servi\u00e7os a alguns clientes extremamente exigentes em termos de profissionalismo. E este holofote pro da s\u00e9rie ARCHIMEDES \u00e9 a solu\u00e7\u00e3o preferida para atender a esses clientes.<\/p>\n<ul>\n<li>Forte desempenho de dissipa\u00e7\u00e3o de calor, mantendo o grau IP65.<\/li>\n<li>Equipado com um dispositivo de prote\u00e7\u00e3o contra surtos de 10KV separado.<\/li>\n<li>Wifi, Bluetooth, Mesh, compat\u00edvel com Zigbee, CCT e controle de brilho por aplicativo.<\/li>\n<li>Grau de prote\u00e7\u00e3o IP66, IK08, resist\u00eancia a ventos fortes de n\u00edvel 17 sem medo de ambientes externos agressivos<\/li>\n<li>\u00c2ngulo de feixe: S60\/S90\/S120\/TYPE3\/90*120, outros requisitos de \u00e2ngulo de feixe podem ser personalizados.<\/li>\n<li>Faixa de pot\u00eancia da s\u00e9rie inteira: 30W-200W, agora 300W, 400W tamb\u00e9m est\u00e3o dispon\u00edveis para usu\u00e1rios profissionais.<\/li>\n<\/ul>\n","protected":false},"featured_media":17269,"template":"","meta":[],"product_brand":[],"product_cat":[645],"product_tag":[],"class_list":{"0":"post-17393","1":"product","2":"type-product","3":"status-publish","4":"has-post-thumbnail","6":"product_cat-refletor-led","8":"first","9":"instock","10":"shipping-taxable","11":"product-type-simple"},"yoast_head":"<!-- This site is optimized with the Yoast SEO plugin v27.4 - https:\/\/yoast.com\/product\/yoast-seo-wordpress\/ -->\n<title>S\u00c9RIE ARQUIMEDES Luz de inunda\u00e7\u00e3o &#8211; ZHL ILUMINA\u00c7\u00c3O INDUSTRIAL<\/title>\n<meta name=\"description\" content=\"Como fornecedor profissional de ilumina\u00e7\u00e3o industrial, a ZHL oferece servi\u00e7os a alguns clientes extremamente exigentes em termos de profissionalismo. E este holofote pro da s\u00e9rie ARCHIMEDES \u00e9 a solu\u00e7\u00e3o preferida para atender a esses clientes.\" \/>\n<meta name=\"robots\" content=\"index, follow, max-snippet:-1, max-image-preview:large, max-video-preview:-1\" \/>\n<link rel=\"canonical\" href=\"https:\/\/www.zhgdled.com\/pt-br\/archimedes-series-flood-light.html\" \/>\n<meta property=\"og:locale\" content=\"pt_BR\" \/>\n<meta property=\"og:type\" content=\"article\" \/>\n<meta property=\"og:title\" content=\"S\u00c9RIE ARQUIMEDES Luz de inunda\u00e7\u00e3o &#8211; ZHL ILUMINA\u00c7\u00c3O INDUSTRIAL\" \/>\n<meta property=\"og:description\" content=\"Como fornecedor profissional de ilumina\u00e7\u00e3o industrial, a ZHL oferece servi\u00e7os a alguns clientes extremamente exigentes em termos de profissionalismo. E este holofote pro da s\u00e9rie ARCHIMEDES \u00e9 a solu\u00e7\u00e3o preferida para atender a esses clientes.\" \/>\n<meta property=\"og:url\" content=\"https:\/\/www.zhgdled.com\/pt-br\/archimedes-series-flood-light.html\" \/>\n<meta property=\"og:site_name\" content=\"ZHL ILUMINA\u00c7\u00c3O INDUSTRIAL\" \/>\n<meta property=\"article:publisher\" content=\"https:\/\/www.facebook.com\/zhllightinggroup\" \/>\n<meta property=\"article:modified_time\" content=\"2023-12-26T07:01:05+00:00\" \/>\n<meta property=\"og:image\" content=\"https:\/\/www.zhgdled.com\/wp-content\/uploads\/2022\/10\/8-200w.png\" \/>\n\t<meta property=\"og:image:width\" content=\"1600\" \/>\n\t<meta property=\"og:image:height\" content=\"1600\" \/>\n\t<meta property=\"og:image:type\" content=\"image\/png\" \/>\n<meta name=\"twitter:card\" content=\"summary_large_image\" \/>\n<meta name=\"twitter:site\" content=\"@zhl_lighting\" \/>\n<meta name=\"twitter:label1\" content=\"Est. tempo de leitura\" \/>\n\t<meta name=\"twitter:data1\" content=\"2 minutos\" \/>\n<script type=\"application\/ld+json\" class=\"yoast-schema-graph\">{\"@context\":\"https:\\\/\\\/schema.org\",\"@graph\":[{\"@type\":\"WebPage\",\"@id\":\"https:\\\/\\\/www.zhgdled.com\\\/pt-br\\\/archimedes-series-flood-light.html\",\"url\":\"https:\\\/\\\/www.zhgdled.com\\\/pt-br\\\/archimedes-series-flood-light.html\",\"name\":\"S\u00c9RIE ARQUIMEDES Luz de inunda\u00e7\u00e3o &#8211; ZHL ILUMINA\u00c7\u00c3O INDUSTRIAL\",\"isPartOf\":{\"@id\":\"https:\\\/\\\/www.zhgdled.com\\\/pt-br\\\/#website\"},\"primaryImageOfPage\":{\"@id\":\"https:\\\/\\\/www.zhgdled.com\\\/pt-br\\\/archimedes-series-flood-light.html#primaryimage\"},\"image\":{\"@id\":\"https:\\\/\\\/www.zhgdled.com\\\/pt-br\\\/archimedes-series-flood-light.html#primaryimage\"},\"thumbnailUrl\":\"https:\\\/\\\/www.zhgdled.com\\\/wp-content\\\/uploads\\\/2022\\\/10\\\/8-200w.png\",\"datePublished\":\"2022-10-13T03:55:16+00:00\",\"dateModified\":\"2023-12-26T07:01:05+00:00\",\"description\":\"Como fornecedor profissional de ilumina\u00e7\u00e3o industrial, a ZHL oferece servi\u00e7os a alguns clientes extremamente exigentes em termos de profissionalismo. E este holofote pro da s\u00e9rie ARCHIMEDES \u00e9 a solu\u00e7\u00e3o preferida para atender a esses clientes.\",\"breadcrumb\":{\"@id\":\"https:\\\/\\\/www.zhgdled.com\\\/pt-br\\\/archimedes-series-flood-light.html#breadcrumb\"},\"inLanguage\":\"pt-BR\",\"potentialAction\":[{\"@type\":\"ReadAction\",\"target\":[\"https:\\\/\\\/www.zhgdled.com\\\/pt-br\\\/archimedes-series-flood-light.html\"]}]},{\"@type\":\"ImageObject\",\"inLanguage\":\"pt-BR\",\"@id\":\"https:\\\/\\\/www.zhgdled.com\\\/pt-br\\\/archimedes-series-flood-light.html#primaryimage\",\"url\":\"https:\\\/\\\/www.zhgdled.com\\\/wp-content\\\/uploads\\\/2022\\\/10\\\/8-200w.png\",\"contentUrl\":\"https:\\\/\\\/www.zhgdled.com\\\/wp-content\\\/uploads\\\/2022\\\/10\\\/8-200w.png\",\"width\":1600,\"height\":1600,\"caption\":\"Projecteur Led S\u00e9rie Archim\u00e8de\"},{\"@type\":\"BreadcrumbList\",\"@id\":\"https:\\\/\\\/www.zhgdled.com\\\/pt-br\\\/archimedes-series-flood-light.html#breadcrumb\",\"itemListElement\":[{\"@type\":\"ListItem\",\"position\":1,\"name\":\"Home\",\"item\":\"https:\\\/\\\/www.zhgdled.com\\\/pt-br\"},{\"@type\":\"ListItem\",\"position\":2,\"name\":\"PRODUCTS\",\"item\":\"https:\\\/\\\/www.zhgdled.com\\\/zhl-products.html\"},{\"@type\":\"ListItem\",\"position\":3,\"name\":\"S\u00c9RIE ARQUIMEDES Luz de inunda\u00e7\u00e3o\"}]},{\"@type\":\"WebSite\",\"@id\":\"https:\\\/\\\/www.zhgdled.com\\\/pt-br\\\/#website\",\"url\":\"https:\\\/\\\/www.zhgdled.com\\\/pt-br\\\/\",\"name\":\"ZHL ILUMINA\u00c7\u00c3O INDUSTRIAL\",\"description\":\"Top ranking industrial lighting manufacturer and exporter\",\"publisher\":{\"@id\":\"https:\\\/\\\/www.zhgdled.com\\\/pt-br\\\/#organization\"},\"potentialAction\":[{\"@type\":\"SearchAction\",\"target\":{\"@type\":\"EntryPoint\",\"urlTemplate\":\"https:\\\/\\\/www.zhgdled.com\\\/pt-br\\\/?s={search_term_string}\"},\"query-input\":{\"@type\":\"PropertyValueSpecification\",\"valueRequired\":true,\"valueName\":\"search_term_string\"}}],\"inLanguage\":\"pt-BR\"},{\"@type\":\"Organization\",\"@id\":\"https:\\\/\\\/www.zhgdled.com\\\/pt-br\\\/#organization\",\"name\":\"ZHL Lighting Group\",\"url\":\"https:\\\/\\\/www.zhgdled.com\\\/pt-br\\\/\",\"logo\":{\"@type\":\"ImageObject\",\"inLanguage\":\"pt-BR\",\"@id\":\"https:\\\/\\\/www.zhgdled.com\\\/pt-br\\\/#\\\/schema\\\/logo\\\/image\\\/\",\"url\":\"\",\"contentUrl\":\"\",\"caption\":\"ZHL Lighting Group\"},\"image\":{\"@id\":\"https:\\\/\\\/www.zhgdled.com\\\/pt-br\\\/#\\\/schema\\\/logo\\\/image\\\/\"},\"sameAs\":[\"https:\\\/\\\/www.facebook.com\\\/zhllightinggroup\",\"https:\\\/\\\/x.com\\\/zhl_lighting\"]}]}<\/script>\n<!-- \/ Yoast SEO plugin. -->","yoast_head_json":{"title":"S\u00c9RIE ARQUIMEDES Luz de inunda\u00e7\u00e3o &#8211; ZHL ILUMINA\u00c7\u00c3O INDUSTRIAL","description":"Como fornecedor profissional de ilumina\u00e7\u00e3o industrial, a ZHL oferece servi\u00e7os a alguns clientes extremamente exigentes em termos de profissionalismo. E este holofote pro da s\u00e9rie ARCHIMEDES \u00e9 a solu\u00e7\u00e3o preferida para atender a esses clientes.","robots":{"index":"index","follow":"follow","max-snippet":"max-snippet:-1","max-image-preview":"max-image-preview:large","max-video-preview":"max-video-preview:-1"},"canonical":"https:\/\/www.zhgdled.com\/pt-br\/archimedes-series-flood-light.html","og_locale":"pt_BR","og_type":"article","og_title":"S\u00c9RIE ARQUIMEDES Luz de inunda\u00e7\u00e3o &#8211; ZHL ILUMINA\u00c7\u00c3O INDUSTRIAL","og_description":"Como fornecedor profissional de ilumina\u00e7\u00e3o industrial, a ZHL oferece servi\u00e7os a alguns clientes extremamente exigentes em termos de profissionalismo. E este holofote pro da s\u00e9rie ARCHIMEDES \u00e9 a solu\u00e7\u00e3o preferida para atender a esses clientes.","og_url":"https:\/\/www.zhgdled.com\/pt-br\/archimedes-series-flood-light.html","og_site_name":"ZHL ILUMINA\u00c7\u00c3O INDUSTRIAL","article_publisher":"https:\/\/www.facebook.com\/zhllightinggroup","article_modified_time":"2023-12-26T07:01:05+00:00","og_image":[{"width":1600,"height":1600,"url":"https:\/\/www.zhgdled.com\/wp-content\/uploads\/2022\/10\/8-200w.png","type":"image\/png"}],"twitter_card":"summary_large_image","twitter_site":"@zhl_lighting","twitter_misc":{"Est. tempo de leitura":"2 minutos"},"schema":{"@context":"https:\/\/schema.org","@graph":[{"@type":"WebPage","@id":"https:\/\/www.zhgdled.com\/pt-br\/archimedes-series-flood-light.html","url":"https:\/\/www.zhgdled.com\/pt-br\/archimedes-series-flood-light.html","name":"S\u00c9RIE ARQUIMEDES Luz de inunda\u00e7\u00e3o &#8211; ZHL ILUMINA\u00c7\u00c3O INDUSTRIAL","isPartOf":{"@id":"https:\/\/www.zhgdled.com\/pt-br\/#website"},"primaryImageOfPage":{"@id":"https:\/\/www.zhgdled.com\/pt-br\/archimedes-series-flood-light.html#primaryimage"},"image":{"@id":"https:\/\/www.zhgdled.com\/pt-br\/archimedes-series-flood-light.html#primaryimage"},"thumbnailUrl":"https:\/\/www.zhgdled.com\/wp-content\/uploads\/2022\/10\/8-200w.png","datePublished":"2022-10-13T03:55:16+00:00","dateModified":"2023-12-26T07:01:05+00:00","description":"Como fornecedor profissional de ilumina\u00e7\u00e3o industrial, a ZHL oferece servi\u00e7os a alguns clientes extremamente exigentes em termos de profissionalismo. E este holofote pro da s\u00e9rie ARCHIMEDES \u00e9 a solu\u00e7\u00e3o preferida para atender a esses clientes.","breadcrumb":{"@id":"https:\/\/www.zhgdled.com\/pt-br\/archimedes-series-flood-light.html#breadcrumb"},"inLanguage":"pt-BR","potentialAction":[{"@type":"ReadAction","target":["https:\/\/www.zhgdled.com\/pt-br\/archimedes-series-flood-light.html"]}]},{"@type":"ImageObject","inLanguage":"pt-BR","@id":"https:\/\/www.zhgdled.com\/pt-br\/archimedes-series-flood-light.html#primaryimage","url":"https:\/\/www.zhgdled.com\/wp-content\/uploads\/2022\/10\/8-200w.png","contentUrl":"https:\/\/www.zhgdled.com\/wp-content\/uploads\/2022\/10\/8-200w.png","width":1600,"height":1600,"caption":"Projecteur Led S\u00e9rie Archim\u00e8de"},{"@type":"BreadcrumbList","@id":"https:\/\/www.zhgdled.com\/pt-br\/archimedes-series-flood-light.html#breadcrumb","itemListElement":[{"@type":"ListItem","position":1,"name":"Home","item":"https:\/\/www.zhgdled.com\/pt-br"},{"@type":"ListItem","position":2,"name":"PRODUCTS","item":"https:\/\/www.zhgdled.com\/zhl-products.html"},{"@type":"ListItem","position":3,"name":"S\u00c9RIE ARQUIMEDES Luz de inunda\u00e7\u00e3o"}]},{"@type":"WebSite","@id":"https:\/\/www.zhgdled.com\/pt-br\/#website","url":"https:\/\/www.zhgdled.com\/pt-br\/","name":"ZHL ILUMINA\u00c7\u00c3O INDUSTRIAL","description":"Top ranking industrial lighting manufacturer and exporter","publisher":{"@id":"https:\/\/www.zhgdled.com\/pt-br\/#organization"},"potentialAction":[{"@type":"SearchAction","target":{"@type":"EntryPoint","urlTemplate":"https:\/\/www.zhgdled.com\/pt-br\/?s={search_term_string}"},"query-input":{"@type":"PropertyValueSpecification","valueRequired":true,"valueName":"search_term_string"}}],"inLanguage":"pt-BR"},{"@type":"Organization","@id":"https:\/\/www.zhgdled.com\/pt-br\/#organization","name":"ZHL Lighting Group","url":"https:\/\/www.zhgdled.com\/pt-br\/","logo":{"@type":"ImageObject","inLanguage":"pt-BR","@id":"https:\/\/www.zhgdled.com\/pt-br\/#\/schema\/logo\/image\/","url":"","contentUrl":"","caption":"ZHL Lighting Group"},"image":{"@id":"https:\/\/www.zhgdled.com\/pt-br\/#\/schema\/logo\/image\/"},"sameAs":["https:\/\/www.facebook.com\/zhllightinggroup","https:\/\/x.com\/zhl_lighting"]}]}},"_links":{"self":[{"href":"https:\/\/www.zhgdled.com\/pt-br\/wp-json\/wp\/v2\/product\/17393","targetHints":{"allow":["GET"]}}],"collection":[{"href":"https:\/\/www.zhgdled.com\/pt-br\/wp-json\/wp\/v2\/product"}],"about":[{"href":"https:\/\/www.zhgdled.com\/pt-br\/wp-json\/wp\/v2\/types\/product"}],"wp:featuredmedia":[{"embeddable":true,"href":"https:\/\/www.zhgdled.com\/pt-br\/wp-json\/wp\/v2\/media\/17269"}],"wp:attachment":[{"href":"https:\/\/www.zhgdled.com\/pt-br\/wp-json\/wp\/v2\/media?parent=17393"}],"wp:term":[{"taxonomy":"product_brand","embeddable":true,"href":"https:\/\/www.zhgdled.com\/pt-br\/wp-json\/wp\/v2\/product_brand?post=17393"},{"taxonomy":"product_cat","embeddable":true,"href":"https:\/\/www.zhgdled.com\/pt-br\/wp-json\/wp\/v2\/product_cat?post=17393"},{"taxonomy":"product_tag","embeddable":true,"href":"https:\/\/www.zhgdled.com\/pt-br\/wp-json\/wp\/v2\/product_tag?post=17393"}],"curies":[{"name":"wp","href":"https:\/\/api.w.org\/{rel}","templated":true}]}}