{"id":17397,"date":"2023-10-25T08:09:09","date_gmt":"2022-09-08T09:09:09","guid":{"rendered":"https:\/\/www.zhgdled.com\/product\/14251"},"modified":"2023-12-26T15:18:53","modified_gmt":"2023-12-26T07:18:53","slug":"luz-solar-led-com-sensor","status":"publish","type":"product","link":"https:\/\/www.zhgdled.com\/pt-br\/luz-solar-led-com-sensor.html","title":{"rendered":"LUZ SOLAR DA S\u00c9RIE PRO"},"content":{"rendered":"<h2>180LM\/W &amp; CONTROLE INTELIGENTE \u00c9 O DESIGN CHAVE NESTA NOVA S\u00c9RIE PRO<\/h2>\n<p>As luzes de rua movidas a energia solar da s\u00e9rie PRO est\u00e3o usando a mais recente l\u00e2mpada de rua LED de alta efic\u00e1cia ZHL\u00a0, fornecendo excelente sa\u00edda de l\u00famen, estabilidade duradoura e vis\u00e3o espl\u00eandida. A luz solar de rua da s\u00e9rie PRO combinada com bateria de l\u00edtio e pain\u00e9is solares mono para garantir a longa vida \u00fatil e alta efic\u00e1cia do sistema de luz de rua solar. Fornecer 3 anos de garantia em todo o sistema de ilumina\u00e7\u00e3o p\u00fablica solar.<\/p>\n<h3>Baixar cat\u00e1logo<\/h3>\n<p><a href=\"http:\/\/s\u00e9rie PRO\">S\u00e9rie PRO<\/a><\/p>\n<p>&nbsp;<\/p>\n<h2>SPECIFICATIONS<\/h2>\n<p><img decoding=\"async\" class=\"alignnone size-full wp-image-17209\" src=\"https:\/\/www.zhgdled.com\/wp-content\/uploads\/2022\/09\/PROSERIESSPECIFICATION.png\" alt=\"\" width=\"945\" height=\"502\" srcset=\"https:\/\/www.zhgdled.com\/wp-content\/uploads\/2022\/09\/PROSERIESSPECIFICATION.png 945w, https:\/\/www.zhgdled.com\/wp-content\/uploads\/2022\/09\/PROSERIESSPECIFICATION-300x159.png 300w, https:\/\/www.zhgdled.com\/wp-content\/uploads\/2022\/09\/PROSERIESSPECIFICATION-768x408.png 768w, https:\/\/www.zhgdled.com\/wp-content\/uploads\/2022\/09\/PROSERIESSPECIFICATION-600x319.png 600w, https:\/\/www.zhgdled.com\/wp-content\/uploads\/2022\/09\/PROSERIESSPECIFICATION-150x80.png 150w\" sizes=\"(max-width: 945px) 100vw, 945px\" \/><\/p>\n<p><img decoding=\"async\" class=\"alignnone size-full wp-image-17210\" src=\"https:\/\/www.zhgdled.com\/wp-content\/uploads\/2022\/09\/Z-2.png\" alt=\"\" width=\"750\" height=\"610\" srcset=\"https:\/\/www.zhgdled.com\/wp-content\/uploads\/2022\/09\/Z-2.png 750w, https:\/\/www.zhgdled.com\/wp-content\/uploads\/2022\/09\/Z-2-300x244.png 300w, https:\/\/www.zhgdled.com\/wp-content\/uploads\/2022\/09\/Z-2-600x488.png 600w, https:\/\/www.zhgdled.com\/wp-content\/uploads\/2022\/09\/Z-2-150x122.png 150w\" sizes=\"(max-width: 750px) 100vw, 750px\" \/><img decoding=\"async\" class=\"alignnone size-full wp-image-17211\" src=\"https:\/\/www.zhgdled.com\/wp-content\/uploads\/2022\/09\/Z-3.png\" alt=\"\" width=\"750\" height=\"685\" srcset=\"https:\/\/www.zhgdled.com\/wp-content\/uploads\/2022\/09\/Z-3.png 750w, https:\/\/www.zhgdled.com\/wp-content\/uploads\/2022\/09\/Z-3-300x274.png 300w, https:\/\/www.zhgdled.com\/wp-content\/uploads\/2022\/09\/Z-3-600x548.png 600w, https:\/\/www.zhgdled.com\/wp-content\/uploads\/2022\/09\/Z-3-150x137.png 150w\" sizes=\"(max-width: 750px) 100vw, 750px\" \/><\/p>\n","protected":false},"excerpt":{"rendered":"<p>As luzes de rua movidas a energia solar da s\u00e9rie PRO est\u00e3o usando a mais recente l\u00e2mpada de rua LED de alta efic\u00e1cia ZHL\u00a0, fornecendo excelente sa\u00edda de l\u00famen, estabilidade duradoura e vis\u00e3o espl\u00eandida. A luz solar de rua da s\u00e9rie PRO combinada com bateria de l\u00edtio e pain\u00e9is solares mono para garantir a longa vida \u00fatil e alta efic\u00e1cia do sistema de luz de rua solar. Fornecer 3 anos de garantia em todo o sistema de ilumina\u00e7\u00e3o p\u00fablica solar.<\/p>\n","protected":false},"featured_media":20784,"template":"","meta":[],"product_brand":[],"product_cat":[648],"product_tag":[649],"class_list":{"0":"post-17397","1":"product","2":"type-product","3":"status-publish","4":"has-post-thumbnail","6":"product_cat-luzes-da-rua","7":"product_tag-luzes-da-rua","9":"first","10":"instock","11":"featured","12":"shipping-taxable","13":"product-type-simple"},"yoast_head":"<!-- This site is optimized with the Yoast SEO plugin v27.4 - https:\/\/yoast.com\/product\/yoast-seo-wordpress\/ -->\n<title>LUZ SOLAR DA S\u00c9RIE PRO &#8211; ZHL ILUMINA\u00c7\u00c3O INDUSTRIAL<\/title>\n<meta name=\"description\" content=\"As luzes de rua movidas a energia solar da s\u00e9rie PRO est\u00e3o usando a mais recente l\u00e2mpada de rua LED de alta efic\u00e1cia ZHL\u00a0, fornecendo excelente sa\u00edda de l\u00famen, estabilidade duradoura e vis\u00e3o espl\u00eandida. A luz solar de rua da s\u00e9rie PRO combinada com bateria de l\u00edtio e pain\u00e9is solares mono para garantir a longa vida \u00fatil e alta efic\u00e1cia do sistema de luz de rua solar. Fornecer 3 anos de garantia em todo o sistema de ilumina\u00e7\u00e3o p\u00fablica solar.\" \/>\n<meta name=\"robots\" content=\"index, follow, max-snippet:-1, max-image-preview:large, max-video-preview:-1\" \/>\n<link rel=\"canonical\" href=\"https:\/\/www.zhgdled.com\/pt-br\/luz-solar-led-com-sensor.html\" \/>\n<meta property=\"og:locale\" content=\"pt_BR\" \/>\n<meta property=\"og:type\" content=\"article\" \/>\n<meta property=\"og:title\" content=\"LUZ SOLAR DA S\u00c9RIE PRO &#8211; ZHL ILUMINA\u00c7\u00c3O INDUSTRIAL\" \/>\n<meta property=\"og:description\" content=\"As luzes de rua movidas a energia solar da s\u00e9rie PRO est\u00e3o usando a mais recente l\u00e2mpada de rua LED de alta efic\u00e1cia ZHL\u00a0, fornecendo excelente sa\u00edda de l\u00famen, estabilidade duradoura e vis\u00e3o espl\u00eandida. A luz solar de rua da s\u00e9rie PRO combinada com bateria de l\u00edtio e pain\u00e9is solares mono para garantir a longa vida \u00fatil e alta efic\u00e1cia do sistema de luz de rua solar. Fornecer 3 anos de garantia em todo o sistema de ilumina\u00e7\u00e3o p\u00fablica solar.\" \/>\n<meta property=\"og:url\" content=\"https:\/\/www.zhgdled.com\/pt-br\/luz-solar-led-com-sensor.html\" \/>\n<meta property=\"og:site_name\" content=\"ZHL ILUMINA\u00c7\u00c3O INDUSTRIAL\" \/>\n<meta property=\"article:publisher\" content=\"https:\/\/www.facebook.com\/zhllightinggroup\" \/>\n<meta property=\"article:modified_time\" content=\"2023-12-26T07:18:53+00:00\" \/>\n<meta property=\"og:image\" content=\"https:\/\/www.zhgdled.com\/wp-content\/uploads\/2022\/09\/pro-series-street-lights.jpg\" \/>\n\t<meta property=\"og:image:width\" content=\"1600\" \/>\n\t<meta property=\"og:image:height\" content=\"1600\" \/>\n\t<meta property=\"og:image:type\" content=\"image\/jpeg\" \/>\n<meta name=\"twitter:card\" content=\"summary_large_image\" \/>\n<meta name=\"twitter:site\" content=\"@zhl_lighting\" \/>\n<meta name=\"twitter:label1\" content=\"Est. tempo de leitura\" \/>\n\t<meta name=\"twitter:data1\" content=\"2 minutos\" \/>\n<script type=\"application\/ld+json\" class=\"yoast-schema-graph\">{\"@context\":\"https:\\\/\\\/schema.org\",\"@graph\":[{\"@type\":\"WebPage\",\"@id\":\"https:\\\/\\\/www.zhgdled.com\\\/pt-br\\\/luz-solar-led-com-sensor.html\",\"url\":\"https:\\\/\\\/www.zhgdled.com\\\/pt-br\\\/luz-solar-led-com-sensor.html\",\"name\":\"LUZ SOLAR DA S\u00c9RIE PRO &#8211; ZHL ILUMINA\u00c7\u00c3O INDUSTRIAL\",\"isPartOf\":{\"@id\":\"https:\\\/\\\/www.zhgdled.com\\\/pt-br\\\/#website\"},\"primaryImageOfPage\":{\"@id\":\"https:\\\/\\\/www.zhgdled.com\\\/pt-br\\\/luz-solar-led-com-sensor.html#primaryimage\"},\"image\":{\"@id\":\"https:\\\/\\\/www.zhgdled.com\\\/pt-br\\\/luz-solar-led-com-sensor.html#primaryimage\"},\"thumbnailUrl\":\"https:\\\/\\\/www.zhgdled.com\\\/wp-content\\\/uploads\\\/2022\\\/09\\\/pro-series-street-lights.jpg\",\"datePublished\":\"2022-09-08T09:09:09+00:00\",\"dateModified\":\"2023-12-26T07:18:53+00:00\",\"description\":\"As luzes de rua movidas a energia solar da s\u00e9rie PRO est\u00e3o usando a mais recente l\u00e2mpada de rua LED de alta efic\u00e1cia ZHL\u00a0, fornecendo excelente sa\u00edda de l\u00famen, estabilidade duradoura e vis\u00e3o espl\u00eandida. A luz solar de rua da s\u00e9rie PRO combinada com bateria de l\u00edtio e pain\u00e9is solares mono para garantir a longa vida \u00fatil e alta efic\u00e1cia do sistema de luz de rua solar. Fornecer 3 anos de garantia em todo o sistema de ilumina\u00e7\u00e3o p\u00fablica solar.\",\"breadcrumb\":{\"@id\":\"https:\\\/\\\/www.zhgdled.com\\\/pt-br\\\/luz-solar-led-com-sensor.html#breadcrumb\"},\"inLanguage\":\"pt-BR\",\"potentialAction\":[{\"@type\":\"ReadAction\",\"target\":[\"https:\\\/\\\/www.zhgdled.com\\\/pt-br\\\/luz-solar-led-com-sensor.html\"]}]},{\"@type\":\"ImageObject\",\"inLanguage\":\"pt-BR\",\"@id\":\"https:\\\/\\\/www.zhgdled.com\\\/pt-br\\\/luz-solar-led-com-sensor.html#primaryimage\",\"url\":\"https:\\\/\\\/www.zhgdled.com\\\/wp-content\\\/uploads\\\/2022\\\/09\\\/pro-series-street-lights.jpg\",\"contentUrl\":\"https:\\\/\\\/www.zhgdled.com\\\/wp-content\\\/uploads\\\/2022\\\/09\\\/pro-series-street-lights.jpg\",\"width\":1600,\"height\":1600,\"caption\":\"Pro series street lights\"},{\"@type\":\"BreadcrumbList\",\"@id\":\"https:\\\/\\\/www.zhgdled.com\\\/pt-br\\\/luz-solar-led-com-sensor.html#breadcrumb\",\"itemListElement\":[{\"@type\":\"ListItem\",\"position\":1,\"name\":\"Home\",\"item\":\"https:\\\/\\\/www.zhgdled.com\\\/pt-br\"},{\"@type\":\"ListItem\",\"position\":2,\"name\":\"PRODUCTS\",\"item\":\"https:\\\/\\\/www.zhgdled.com\\\/zhl-products.html\"},{\"@type\":\"ListItem\",\"position\":3,\"name\":\"LUZ SOLAR DA S\u00c9RIE PRO\"}]},{\"@type\":\"WebSite\",\"@id\":\"https:\\\/\\\/www.zhgdled.com\\\/pt-br\\\/#website\",\"url\":\"https:\\\/\\\/www.zhgdled.com\\\/pt-br\\\/\",\"name\":\"ZHL ILUMINA\u00c7\u00c3O INDUSTRIAL\",\"description\":\"Top ranking industrial lighting manufacturer and exporter\",\"publisher\":{\"@id\":\"https:\\\/\\\/www.zhgdled.com\\\/pt-br\\\/#organization\"},\"potentialAction\":[{\"@type\":\"SearchAction\",\"target\":{\"@type\":\"EntryPoint\",\"urlTemplate\":\"https:\\\/\\\/www.zhgdled.com\\\/pt-br\\\/?s={search_term_string}\"},\"query-input\":{\"@type\":\"PropertyValueSpecification\",\"valueRequired\":true,\"valueName\":\"search_term_string\"}}],\"inLanguage\":\"pt-BR\"},{\"@type\":\"Organization\",\"@id\":\"https:\\\/\\\/www.zhgdled.com\\\/pt-br\\\/#organization\",\"name\":\"ZHL Lighting Group\",\"url\":\"https:\\\/\\\/www.zhgdled.com\\\/pt-br\\\/\",\"logo\":{\"@type\":\"ImageObject\",\"inLanguage\":\"pt-BR\",\"@id\":\"https:\\\/\\\/www.zhgdled.com\\\/pt-br\\\/#\\\/schema\\\/logo\\\/image\\\/\",\"url\":\"\",\"contentUrl\":\"\",\"caption\":\"ZHL Lighting Group\"},\"image\":{\"@id\":\"https:\\\/\\\/www.zhgdled.com\\\/pt-br\\\/#\\\/schema\\\/logo\\\/image\\\/\"},\"sameAs\":[\"https:\\\/\\\/www.facebook.com\\\/zhllightinggroup\",\"https:\\\/\\\/x.com\\\/zhl_lighting\"]}]}<\/script>\n<!-- \/ Yoast SEO plugin. -->","yoast_head_json":{"title":"LUZ SOLAR DA S\u00c9RIE PRO &#8211; ZHL ILUMINA\u00c7\u00c3O INDUSTRIAL","description":"As luzes de rua movidas a energia solar da s\u00e9rie PRO est\u00e3o usando a mais recente l\u00e2mpada de rua LED de alta efic\u00e1cia ZHL\u00a0, fornecendo excelente sa\u00edda de l\u00famen, estabilidade duradoura e vis\u00e3o espl\u00eandida. A luz solar de rua da s\u00e9rie PRO combinada com bateria de l\u00edtio e pain\u00e9is solares mono para garantir a longa vida \u00fatil e alta efic\u00e1cia do sistema de luz de rua solar. Fornecer 3 anos de garantia em todo o sistema de ilumina\u00e7\u00e3o p\u00fablica solar.","robots":{"index":"index","follow":"follow","max-snippet":"max-snippet:-1","max-image-preview":"max-image-preview:large","max-video-preview":"max-video-preview:-1"},"canonical":"https:\/\/www.zhgdled.com\/pt-br\/luz-solar-led-com-sensor.html","og_locale":"pt_BR","og_type":"article","og_title":"LUZ SOLAR DA S\u00c9RIE PRO &#8211; ZHL ILUMINA\u00c7\u00c3O INDUSTRIAL","og_description":"As luzes de rua movidas a energia solar da s\u00e9rie PRO est\u00e3o usando a mais recente l\u00e2mpada de rua LED de alta efic\u00e1cia ZHL\u00a0, fornecendo excelente sa\u00edda de l\u00famen, estabilidade duradoura e vis\u00e3o espl\u00eandida. A luz solar de rua da s\u00e9rie PRO combinada com bateria de l\u00edtio e pain\u00e9is solares mono para garantir a longa vida \u00fatil e alta efic\u00e1cia do sistema de luz de rua solar. Fornecer 3 anos de garantia em todo o sistema de ilumina\u00e7\u00e3o p\u00fablica solar.","og_url":"https:\/\/www.zhgdled.com\/pt-br\/luz-solar-led-com-sensor.html","og_site_name":"ZHL ILUMINA\u00c7\u00c3O INDUSTRIAL","article_publisher":"https:\/\/www.facebook.com\/zhllightinggroup","article_modified_time":"2023-12-26T07:18:53+00:00","og_image":[{"width":1600,"height":1600,"url":"https:\/\/www.zhgdled.com\/wp-content\/uploads\/2022\/09\/pro-series-street-lights.jpg","type":"image\/jpeg"}],"twitter_card":"summary_large_image","twitter_site":"@zhl_lighting","twitter_misc":{"Est. tempo de leitura":"2 minutos"},"schema":{"@context":"https:\/\/schema.org","@graph":[{"@type":"WebPage","@id":"https:\/\/www.zhgdled.com\/pt-br\/luz-solar-led-com-sensor.html","url":"https:\/\/www.zhgdled.com\/pt-br\/luz-solar-led-com-sensor.html","name":"LUZ SOLAR DA S\u00c9RIE PRO &#8211; ZHL ILUMINA\u00c7\u00c3O INDUSTRIAL","isPartOf":{"@id":"https:\/\/www.zhgdled.com\/pt-br\/#website"},"primaryImageOfPage":{"@id":"https:\/\/www.zhgdled.com\/pt-br\/luz-solar-led-com-sensor.html#primaryimage"},"image":{"@id":"https:\/\/www.zhgdled.com\/pt-br\/luz-solar-led-com-sensor.html#primaryimage"},"thumbnailUrl":"https:\/\/www.zhgdled.com\/wp-content\/uploads\/2022\/09\/pro-series-street-lights.jpg","datePublished":"2022-09-08T09:09:09+00:00","dateModified":"2023-12-26T07:18:53+00:00","description":"As luzes de rua movidas a energia solar da s\u00e9rie PRO est\u00e3o usando a mais recente l\u00e2mpada de rua LED de alta efic\u00e1cia ZHL\u00a0, fornecendo excelente sa\u00edda de l\u00famen, estabilidade duradoura e vis\u00e3o espl\u00eandida. A luz solar de rua da s\u00e9rie PRO combinada com bateria de l\u00edtio e pain\u00e9is solares mono para garantir a longa vida \u00fatil e alta efic\u00e1cia do sistema de luz de rua solar. Fornecer 3 anos de garantia em todo o sistema de ilumina\u00e7\u00e3o p\u00fablica solar.","breadcrumb":{"@id":"https:\/\/www.zhgdled.com\/pt-br\/luz-solar-led-com-sensor.html#breadcrumb"},"inLanguage":"pt-BR","potentialAction":[{"@type":"ReadAction","target":["https:\/\/www.zhgdled.com\/pt-br\/luz-solar-led-com-sensor.html"]}]},{"@type":"ImageObject","inLanguage":"pt-BR","@id":"https:\/\/www.zhgdled.com\/pt-br\/luz-solar-led-com-sensor.html#primaryimage","url":"https:\/\/www.zhgdled.com\/wp-content\/uploads\/2022\/09\/pro-series-street-lights.jpg","contentUrl":"https:\/\/www.zhgdled.com\/wp-content\/uploads\/2022\/09\/pro-series-street-lights.jpg","width":1600,"height":1600,"caption":"Pro series street lights"},{"@type":"BreadcrumbList","@id":"https:\/\/www.zhgdled.com\/pt-br\/luz-solar-led-com-sensor.html#breadcrumb","itemListElement":[{"@type":"ListItem","position":1,"name":"Home","item":"https:\/\/www.zhgdled.com\/pt-br"},{"@type":"ListItem","position":2,"name":"PRODUCTS","item":"https:\/\/www.zhgdled.com\/zhl-products.html"},{"@type":"ListItem","position":3,"name":"LUZ SOLAR DA S\u00c9RIE PRO"}]},{"@type":"WebSite","@id":"https:\/\/www.zhgdled.com\/pt-br\/#website","url":"https:\/\/www.zhgdled.com\/pt-br\/","name":"ZHL ILUMINA\u00c7\u00c3O INDUSTRIAL","description":"Top ranking industrial lighting manufacturer and exporter","publisher":{"@id":"https:\/\/www.zhgdled.com\/pt-br\/#organization"},"potentialAction":[{"@type":"SearchAction","target":{"@type":"EntryPoint","urlTemplate":"https:\/\/www.zhgdled.com\/pt-br\/?s={search_term_string}"},"query-input":{"@type":"PropertyValueSpecification","valueRequired":true,"valueName":"search_term_string"}}],"inLanguage":"pt-BR"},{"@type":"Organization","@id":"https:\/\/www.zhgdled.com\/pt-br\/#organization","name":"ZHL Lighting Group","url":"https:\/\/www.zhgdled.com\/pt-br\/","logo":{"@type":"ImageObject","inLanguage":"pt-BR","@id":"https:\/\/www.zhgdled.com\/pt-br\/#\/schema\/logo\/image\/","url":"","contentUrl":"","caption":"ZHL Lighting Group"},"image":{"@id":"https:\/\/www.zhgdled.com\/pt-br\/#\/schema\/logo\/image\/"},"sameAs":["https:\/\/www.facebook.com\/zhllightinggroup","https:\/\/x.com\/zhl_lighting"]}]}},"_links":{"self":[{"href":"https:\/\/www.zhgdled.com\/pt-br\/wp-json\/wp\/v2\/product\/17397","targetHints":{"allow":["GET"]}}],"collection":[{"href":"https:\/\/www.zhgdled.com\/pt-br\/wp-json\/wp\/v2\/product"}],"about":[{"href":"https:\/\/www.zhgdled.com\/pt-br\/wp-json\/wp\/v2\/types\/product"}],"wp:featuredmedia":[{"embeddable":true,"href":"https:\/\/www.zhgdled.com\/pt-br\/wp-json\/wp\/v2\/media\/20784"}],"wp:attachment":[{"href":"https:\/\/www.zhgdled.com\/pt-br\/wp-json\/wp\/v2\/media?parent=17397"}],"wp:term":[{"taxonomy":"product_brand","embeddable":true,"href":"https:\/\/www.zhgdled.com\/pt-br\/wp-json\/wp\/v2\/product_brand?post=17397"},{"taxonomy":"product_cat","embeddable":true,"href":"https:\/\/www.zhgdled.com\/pt-br\/wp-json\/wp\/v2\/product_cat?post=17397"},{"taxonomy":"product_tag","embeddable":true,"href":"https:\/\/www.zhgdled.com\/pt-br\/wp-json\/wp\/v2\/product_tag?post=17397"}],"curies":[{"name":"wp","href":"https:\/\/api.w.org\/{rel}","templated":true}]}}