{"id":17684,"date":"2023-10-31T08:50:52","date_gmt":"2021-11-01T06:50:52","guid":{"rendered":"https:\/\/www.zhgdled.com\/product\/space-series-solar-street-light"},"modified":"2023-01-30T15:29:29","modified_gmt":"2023-01-30T07:29:29","slug":"space-series-solar-street-light","status":"publish","type":"product","link":"https:\/\/www.zhgdled.com\/pt-br\/space-series-solar-street-light.html","title":{"rendered":"Luz de rua solar da s\u00e9rie SPACE"},"content":{"rendered":"<h2>A l\u00e2mpada de rua solar da s\u00e9rie Space apresenta:<\/h2>\n<ul>\n<li>design integrado, sem necessidade de fia\u00e7\u00e3o, instala\u00e7\u00e3o flex\u00edvel.<\/li>\n<li>Bra\u00e7o de montagem ajust\u00e1vel, ajuste multi-\u00e2ngulo.<\/li>\n<li>Distribui\u00e7\u00e3o de luz multi-\u00e2ngulo. Efici\u00eancia luminosa at\u00e9 195m\/W<\/li>\n<li>Controlador inteligente, atraso inteligente em 7-10 dias chuvosos<\/li>\n<li>Controle de luz + controle de tempo + fun\u00e7\u00e3o do sensor do corpo humano e eletricidade da cidade complementar (opcional)<\/li>\n<li>Usando sil\u00edcio monocristalino de alta efici\u00eancia de dupla face para converter luz<\/li>\n<li>Bateria de fosfato de ferro de l\u00edtio de grau A1<\/li>\n<li>Adequado para requisitos de instala\u00e7\u00e3o de diferentes latitudes e diferentes tipos de p\u00f3los magn\u00e9ticos<\/li>\n<li>Design profissional \u00e0 prova d&#8217;\u00e1gua, IP66<\/li>\n<li>10KV SPD para Op\u00e7\u00e3o<\/li>\n<li>Projeto de resist\u00eancia ao vento Luxo e pre\u00e7os competitivos s\u00e3o os fatores subjacentes \u00e0 obten\u00e7\u00e3o de altos volumes de produ\u00e7\u00e3o.<\/li>\n<\/ul>\n<p>&nbsp;<\/p>\n<h2>VER NORMAS DA IND\u00daSTRIA RE. LUZES DE RUA SOLARES<\/h2>\n<table style=\"height: 129px;\" width=\"720\">\n<tbody>\n<tr>\n<td width=\"284\">UL<\/td>\n<td width=\"284\"><a href=\"https:\/\/www.ul.com\/services\/roadway-lighting\">Importance of roadway lighting testing in the marketplace<\/a><b><\/b><\/td>\n<\/tr>\n<tr>\n<td width=\"284\">CE<\/td>\n<td width=\"284\"><a href=\"https:\/\/ec.europa.eu\/environment\/gpp\/pdf\/criteria\/street_lighting.pdf\">EU GPP Criteria for Street Lighting &amp; Traffic SignalsLVD Directive 2014\/35\/EU<\/a><\/td>\n<\/tr>\n<\/tbody>\n<\/table>\n<p>&nbsp;<\/p>\n<h2>Especifica\u00e7\u00e3o<\/h2>\n<table border=\"0\" width=\"453\" cellspacing=\"0\" cellpadding=\"0\">\n<tbody>\n<tr>\n<td class=\"et2\" width=\"15\" height=\"22\"><img decoding=\"async\" class=\"alignnone wp-image-17482\" src=\"https:\/\/www.zhgdled.com\/wp-content\/uploads\/2022\/07\/zhl_download-logo.png\" sizes=\"(max-width: 41px) 100vw, 41px\" srcset=\"https:\/\/www.zhgdled.com\/wp-content\/uploads\/2022\/07\/zhl_download-logo.png 368w, https:\/\/www.zhgdled.com\/wp-content\/uploads\/2022\/07\/zhl_download-logo-300x300.png 300w, https:\/\/www.zhgdled.com\/wp-content\/uploads\/2022\/07\/zhl_download-logo-150x150.png 150w\" alt=\"\" width=\"41\" height=\"41\" \/><\/td>\n<td class=\"et2\" width=\"102\"><a href=\"https:\/\/www.zhgdled.com\/download\/space-series-solar-street-light\">Catalog<\/a> para ilumina\u00e7\u00e3o p\u00fablica solar Space Series<\/td>\n<\/tr>\n<\/tbody>\n<\/table>\n<table width=\"649\">\n<tbody>\n<tr>\n<td width=\"186\"><\/td>\n<td width=\"463\"><\/td>\n<\/tr>\n<tr>\n<td>Power<\/td>\n<td>10W 20W 30W 40W 50W 60W<\/td>\n<\/tr>\n<tr>\n<td>LED<\/td>\n<td>OSRAM 5050<\/td>\n<\/tr>\n<tr>\n<td>Color Temperature(CCT)<\/td>\n<td>3000-6500K optional<\/td>\n<\/tr>\n<tr>\n<td>Luminous Efficiency(lm\/w)<\/td>\n<td>190lm\/w<\/td>\n<\/tr>\n<tr>\n<td>Input Voltage(V)<\/td>\n<td>DC12.8V<\/td>\n<\/tr>\n<tr>\n<td>PF<\/td>\n<td>&gt;0.9<\/td>\n<\/tr>\n<tr>\n<td>CRI (Ra&gt;)<\/td>\n<td>70<\/td>\n<\/tr>\n<tr>\n<td>Beam Angle(\u00b0)<\/td>\n<td>150<\/td>\n<\/tr>\n<tr>\n<td>IP Grade<\/td>\n<td>IP66<\/td>\n<\/tr>\n<tr>\n<td>Material<\/td>\n<td>Aluminum Body + Tempered Glass Cover<\/td>\n<\/tr>\n<tr>\n<td>Working Temperature(\u2103)<\/td>\n<td>-20-60<\/td>\n<\/tr>\n<tr>\n<td>Warranty(Year)<\/td>\n<td>3 Years<\/td>\n<\/tr>\n<tr>\n<td>Certification<\/td>\n<td>\u00a0CB,RoHS<\/td>\n<\/tr>\n<\/tbody>\n<\/table>\n","protected":false},"excerpt":{"rendered":"<p>The Space Series Solar Street Light features:<\/p>\n<ul>\n<li>integrated design, no wiring required, flexible installation.<\/li>\n<li>Adjustable mounting arm, multi-angle adjustment.<\/li>\n<li>Multi-angle light distribution. Light efficiency up to 195m\/W<\/li>\n<li>Intelligent controller, Intelligent delay in 7-10 rainy days<\/li>\n<li>Light control + time control + human body sensor function and city electricity complementary (optional)<\/li>\n<li>Using double-sided high-efficiency monocrystalline silicon to convert light<\/li>\n<li>A1 grade lithium iron phosphate battery<\/li>\n<li>Suitable for installation requirements of different latitudes and different types of magnetic poles<\/li>\n<li>Professional waterproof design, IP66<\/li>\n<li>10KV SPD for Option<\/li>\n<li>Wind resistance design Luxury and competitive pricing are the underlying factors in achieving high production volumes.<\/li>\n<\/ul>\n","protected":false},"featured_media":17120,"template":"","meta":[],"product_brand":[],"product_cat":[485],"product_tag":[493],"class_list":{"0":"post-17684","1":"product","2":"type-product","3":"status-publish","4":"has-post-thumbnail","6":"product_cat-solar-led-street-light-pt-br","7":"product_tag-street-lights-pt-br","9":"first","10":"instock","11":"featured","12":"shipping-taxable","13":"product-type-simple"},"yoast_head":"<!-- This site is optimized with the Yoast SEO plugin v27.4 - https:\/\/yoast.com\/product\/yoast-seo-wordpress\/ -->\n<title>Solar Street Lamp - Space Series &#8211; ZHL ILUMINA\u00c7\u00c3O INDUSTRIAL<\/title>\n<meta name=\"description\" content=\"A l\u00e2mpada de rua solar da s\u00e9rie espacial \u00e9 um design integrado, sem necessidade de fia\u00e7\u00e3o, l\u00e2mpada de rua externa de instala\u00e7\u00e3o flex\u00edvel.\" \/>\n<meta name=\"robots\" content=\"index, follow, max-snippet:-1, max-image-preview:large, max-video-preview:-1\" \/>\n<link rel=\"canonical\" href=\"https:\/\/www.zhgdled.com\/pt-br\/space-series-solar-street-light.html\" \/>\n<meta property=\"og:locale\" content=\"pt_BR\" \/>\n<meta property=\"og:type\" content=\"article\" \/>\n<meta property=\"og:title\" content=\"Solar Street Lamp - Space Series &#8211; ZHL ILUMINA\u00c7\u00c3O INDUSTRIAL\" \/>\n<meta property=\"og:description\" content=\"A l\u00e2mpada de rua solar da s\u00e9rie espacial \u00e9 um design integrado, sem necessidade de fia\u00e7\u00e3o, l\u00e2mpada de rua externa de instala\u00e7\u00e3o flex\u00edvel.\" \/>\n<meta property=\"og:url\" content=\"https:\/\/www.zhgdled.com\/pt-br\/space-series-solar-street-light.html\" \/>\n<meta property=\"og:site_name\" content=\"ZHL ILUMINA\u00c7\u00c3O INDUSTRIAL\" \/>\n<meta property=\"article:publisher\" content=\"https:\/\/www.facebook.com\/zhllightinggroup\" \/>\n<meta property=\"article:modified_time\" content=\"2023-01-30T07:29:29+00:00\" \/>\n<meta property=\"og:image\" content=\"https:\/\/www.zhgdled.com\/wp-content\/uploads\/2021\/11\/6.png\" \/>\n\t<meta property=\"og:image:width\" content=\"1600\" \/>\n\t<meta property=\"og:image:height\" content=\"1600\" \/>\n\t<meta property=\"og:image:type\" content=\"image\/png\" \/>\n<meta name=\"twitter:card\" content=\"summary_large_image\" \/>\n<meta name=\"twitter:site\" content=\"@zhl_lighting\" \/>\n<meta name=\"twitter:label1\" content=\"Est. tempo de leitura\" \/>\n\t<meta name=\"twitter:data1\" content=\"2 minutos\" \/>\n<script type=\"application\/ld+json\" class=\"yoast-schema-graph\">{\"@context\":\"https:\\\/\\\/schema.org\",\"@graph\":[{\"@type\":\"WebPage\",\"@id\":\"https:\\\/\\\/www.zhgdled.com\\\/pt-br\\\/space-series-solar-street-light.html\",\"url\":\"https:\\\/\\\/www.zhgdled.com\\\/pt-br\\\/space-series-solar-street-light.html\",\"name\":\"Solar Street Lamp - Space Series &#8211; ZHL ILUMINA\u00c7\u00c3O INDUSTRIAL\",\"isPartOf\":{\"@id\":\"https:\\\/\\\/www.zhgdled.com\\\/pt-br\\\/#website\"},\"primaryImageOfPage\":{\"@id\":\"https:\\\/\\\/www.zhgdled.com\\\/pt-br\\\/space-series-solar-street-light.html#primaryimage\"},\"image\":{\"@id\":\"https:\\\/\\\/www.zhgdled.com\\\/pt-br\\\/space-series-solar-street-light.html#primaryimage\"},\"thumbnailUrl\":\"https:\\\/\\\/www.zhgdled.com\\\/wp-content\\\/uploads\\\/2021\\\/11\\\/6.png\",\"datePublished\":\"2021-11-01T06:50:52+00:00\",\"dateModified\":\"2023-01-30T07:29:29+00:00\",\"description\":\"A l\u00e2mpada de rua solar da s\u00e9rie espacial \u00e9 um design integrado, sem necessidade de fia\u00e7\u00e3o, l\u00e2mpada de rua externa de instala\u00e7\u00e3o flex\u00edvel.\",\"breadcrumb\":{\"@id\":\"https:\\\/\\\/www.zhgdled.com\\\/pt-br\\\/space-series-solar-street-light.html#breadcrumb\"},\"inLanguage\":\"pt-BR\",\"potentialAction\":[{\"@type\":\"ReadAction\",\"target\":[\"https:\\\/\\\/www.zhgdled.com\\\/pt-br\\\/space-series-solar-street-light.html\"]}]},{\"@type\":\"ImageObject\",\"inLanguage\":\"pt-BR\",\"@id\":\"https:\\\/\\\/www.zhgdled.com\\\/pt-br\\\/space-series-solar-street-light.html#primaryimage\",\"url\":\"https:\\\/\\\/www.zhgdled.com\\\/wp-content\\\/uploads\\\/2021\\\/11\\\/6.png\",\"contentUrl\":\"https:\\\/\\\/www.zhgdled.com\\\/wp-content\\\/uploads\\\/2021\\\/11\\\/6.png\",\"width\":1600,\"height\":1600,\"caption\":\"Space Series Solar Street Light\"},{\"@type\":\"BreadcrumbList\",\"@id\":\"https:\\\/\\\/www.zhgdled.com\\\/pt-br\\\/space-series-solar-street-light.html#breadcrumb\",\"itemListElement\":[{\"@type\":\"ListItem\",\"position\":1,\"name\":\"Home\",\"item\":\"https:\\\/\\\/www.zhgdled.com\\\/pt-br\"},{\"@type\":\"ListItem\",\"position\":2,\"name\":\"PRODUCTS\",\"item\":\"https:\\\/\\\/www.zhgdled.com\\\/zhl-products.html\"},{\"@type\":\"ListItem\",\"position\":3,\"name\":\"Luz de rua solar da s\u00e9rie SPACE\"}]},{\"@type\":\"WebSite\",\"@id\":\"https:\\\/\\\/www.zhgdled.com\\\/pt-br\\\/#website\",\"url\":\"https:\\\/\\\/www.zhgdled.com\\\/pt-br\\\/\",\"name\":\"ZHL ILUMINA\u00c7\u00c3O INDUSTRIAL\",\"description\":\"Top ranking industrial lighting manufacturer and exporter\",\"publisher\":{\"@id\":\"https:\\\/\\\/www.zhgdled.com\\\/pt-br\\\/#organization\"},\"potentialAction\":[{\"@type\":\"SearchAction\",\"target\":{\"@type\":\"EntryPoint\",\"urlTemplate\":\"https:\\\/\\\/www.zhgdled.com\\\/pt-br\\\/?s={search_term_string}\"},\"query-input\":{\"@type\":\"PropertyValueSpecification\",\"valueRequired\":true,\"valueName\":\"search_term_string\"}}],\"inLanguage\":\"pt-BR\"},{\"@type\":\"Organization\",\"@id\":\"https:\\\/\\\/www.zhgdled.com\\\/pt-br\\\/#organization\",\"name\":\"ZHL Lighting Group\",\"url\":\"https:\\\/\\\/www.zhgdled.com\\\/pt-br\\\/\",\"logo\":{\"@type\":\"ImageObject\",\"inLanguage\":\"pt-BR\",\"@id\":\"https:\\\/\\\/www.zhgdled.com\\\/pt-br\\\/#\\\/schema\\\/logo\\\/image\\\/\",\"url\":\"\",\"contentUrl\":\"\",\"caption\":\"ZHL Lighting Group\"},\"image\":{\"@id\":\"https:\\\/\\\/www.zhgdled.com\\\/pt-br\\\/#\\\/schema\\\/logo\\\/image\\\/\"},\"sameAs\":[\"https:\\\/\\\/www.facebook.com\\\/zhllightinggroup\",\"https:\\\/\\\/x.com\\\/zhl_lighting\"]}]}<\/script>\n<!-- \/ Yoast SEO plugin. -->","yoast_head_json":{"title":"Solar Street Lamp - Space Series &#8211; ZHL ILUMINA\u00c7\u00c3O INDUSTRIAL","description":"A l\u00e2mpada de rua solar da s\u00e9rie espacial \u00e9 um design integrado, sem necessidade de fia\u00e7\u00e3o, l\u00e2mpada de rua externa de instala\u00e7\u00e3o flex\u00edvel.","robots":{"index":"index","follow":"follow","max-snippet":"max-snippet:-1","max-image-preview":"max-image-preview:large","max-video-preview":"max-video-preview:-1"},"canonical":"https:\/\/www.zhgdled.com\/pt-br\/space-series-solar-street-light.html","og_locale":"pt_BR","og_type":"article","og_title":"Solar Street Lamp - Space Series &#8211; ZHL ILUMINA\u00c7\u00c3O INDUSTRIAL","og_description":"A l\u00e2mpada de rua solar da s\u00e9rie espacial \u00e9 um design integrado, sem necessidade de fia\u00e7\u00e3o, l\u00e2mpada de rua externa de instala\u00e7\u00e3o flex\u00edvel.","og_url":"https:\/\/www.zhgdled.com\/pt-br\/space-series-solar-street-light.html","og_site_name":"ZHL ILUMINA\u00c7\u00c3O INDUSTRIAL","article_publisher":"https:\/\/www.facebook.com\/zhllightinggroup","article_modified_time":"2023-01-30T07:29:29+00:00","og_image":[{"width":1600,"height":1600,"url":"https:\/\/www.zhgdled.com\/wp-content\/uploads\/2021\/11\/6.png","type":"image\/png"}],"twitter_card":"summary_large_image","twitter_site":"@zhl_lighting","twitter_misc":{"Est. tempo de leitura":"2 minutos"},"schema":{"@context":"https:\/\/schema.org","@graph":[{"@type":"WebPage","@id":"https:\/\/www.zhgdled.com\/pt-br\/space-series-solar-street-light.html","url":"https:\/\/www.zhgdled.com\/pt-br\/space-series-solar-street-light.html","name":"Solar Street Lamp - Space Series &#8211; ZHL ILUMINA\u00c7\u00c3O INDUSTRIAL","isPartOf":{"@id":"https:\/\/www.zhgdled.com\/pt-br\/#website"},"primaryImageOfPage":{"@id":"https:\/\/www.zhgdled.com\/pt-br\/space-series-solar-street-light.html#primaryimage"},"image":{"@id":"https:\/\/www.zhgdled.com\/pt-br\/space-series-solar-street-light.html#primaryimage"},"thumbnailUrl":"https:\/\/www.zhgdled.com\/wp-content\/uploads\/2021\/11\/6.png","datePublished":"2021-11-01T06:50:52+00:00","dateModified":"2023-01-30T07:29:29+00:00","description":"A l\u00e2mpada de rua solar da s\u00e9rie espacial \u00e9 um design integrado, sem necessidade de fia\u00e7\u00e3o, l\u00e2mpada de rua externa de instala\u00e7\u00e3o flex\u00edvel.","breadcrumb":{"@id":"https:\/\/www.zhgdled.com\/pt-br\/space-series-solar-street-light.html#breadcrumb"},"inLanguage":"pt-BR","potentialAction":[{"@type":"ReadAction","target":["https:\/\/www.zhgdled.com\/pt-br\/space-series-solar-street-light.html"]}]},{"@type":"ImageObject","inLanguage":"pt-BR","@id":"https:\/\/www.zhgdled.com\/pt-br\/space-series-solar-street-light.html#primaryimage","url":"https:\/\/www.zhgdled.com\/wp-content\/uploads\/2021\/11\/6.png","contentUrl":"https:\/\/www.zhgdled.com\/wp-content\/uploads\/2021\/11\/6.png","width":1600,"height":1600,"caption":"Space Series Solar Street Light"},{"@type":"BreadcrumbList","@id":"https:\/\/www.zhgdled.com\/pt-br\/space-series-solar-street-light.html#breadcrumb","itemListElement":[{"@type":"ListItem","position":1,"name":"Home","item":"https:\/\/www.zhgdled.com\/pt-br"},{"@type":"ListItem","position":2,"name":"PRODUCTS","item":"https:\/\/www.zhgdled.com\/zhl-products.html"},{"@type":"ListItem","position":3,"name":"Luz de rua solar da s\u00e9rie SPACE"}]},{"@type":"WebSite","@id":"https:\/\/www.zhgdled.com\/pt-br\/#website","url":"https:\/\/www.zhgdled.com\/pt-br\/","name":"ZHL ILUMINA\u00c7\u00c3O INDUSTRIAL","description":"Top ranking industrial lighting manufacturer and exporter","publisher":{"@id":"https:\/\/www.zhgdled.com\/pt-br\/#organization"},"potentialAction":[{"@type":"SearchAction","target":{"@type":"EntryPoint","urlTemplate":"https:\/\/www.zhgdled.com\/pt-br\/?s={search_term_string}"},"query-input":{"@type":"PropertyValueSpecification","valueRequired":true,"valueName":"search_term_string"}}],"inLanguage":"pt-BR"},{"@type":"Organization","@id":"https:\/\/www.zhgdled.com\/pt-br\/#organization","name":"ZHL Lighting Group","url":"https:\/\/www.zhgdled.com\/pt-br\/","logo":{"@type":"ImageObject","inLanguage":"pt-BR","@id":"https:\/\/www.zhgdled.com\/pt-br\/#\/schema\/logo\/image\/","url":"","contentUrl":"","caption":"ZHL Lighting Group"},"image":{"@id":"https:\/\/www.zhgdled.com\/pt-br\/#\/schema\/logo\/image\/"},"sameAs":["https:\/\/www.facebook.com\/zhllightinggroup","https:\/\/x.com\/zhl_lighting"]}]}},"_links":{"self":[{"href":"https:\/\/www.zhgdled.com\/pt-br\/wp-json\/wp\/v2\/product\/17684","targetHints":{"allow":["GET"]}}],"collection":[{"href":"https:\/\/www.zhgdled.com\/pt-br\/wp-json\/wp\/v2\/product"}],"about":[{"href":"https:\/\/www.zhgdled.com\/pt-br\/wp-json\/wp\/v2\/types\/product"}],"wp:featuredmedia":[{"embeddable":true,"href":"https:\/\/www.zhgdled.com\/pt-br\/wp-json\/wp\/v2\/media\/17120"}],"wp:attachment":[{"href":"https:\/\/www.zhgdled.com\/pt-br\/wp-json\/wp\/v2\/media?parent=17684"}],"wp:term":[{"taxonomy":"product_brand","embeddable":true,"href":"https:\/\/www.zhgdled.com\/pt-br\/wp-json\/wp\/v2\/product_brand?post=17684"},{"taxonomy":"product_cat","embeddable":true,"href":"https:\/\/www.zhgdled.com\/pt-br\/wp-json\/wp\/v2\/product_cat?post=17684"},{"taxonomy":"product_tag","embeddable":true,"href":"https:\/\/www.zhgdled.com\/pt-br\/wp-json\/wp\/v2\/product_tag?post=17684"}],"curies":[{"name":"wp","href":"https:\/\/api.w.org\/{rel}","templated":true}]}}