{"id":18624,"date":"2023-06-12T11:23:45","date_gmt":"2022-12-21T03:23:45","guid":{"rendered":"https:\/\/www.zhgdled.com\/product\/3-head-series-led-rechargeable-work-light"},"modified":"2023-12-26T14:36:13","modified_gmt":"2023-12-26T06:36:13","slug":"luz-de-trabalho-recarregavel-de-led-serie-de-3-cabecotes","status":"publish","type":"product","link":"https:\/\/www.zhgdled.com\/pt-br\/luz-de-trabalho-recarregavel-de-led-serie-de-3-cabecotes.html","title":{"rendered":"LUZ DE TRABALHO LED RECARREG\u00c1VEL S\u00c9RIE DE 3 CABE\u00c7AS"},"content":{"rendered":"<h2>Luz de trabalho LED recarreg\u00e1vel profissional e dur\u00e1vel para condi\u00e7\u00f5es adversas<\/h2>\n<p>A luz de trabalho LED recarreg\u00e1vel da s\u00e9rie 3-Head \u00e9 uma luz de trabalho profissional plug-and-play para qualquer clima. Ele vem com trip\u00e9 de cor laranja alarmante que pode ser ajustado em altura e \u00e2ngulos. A l\u00e2mpada esquerda e a l\u00e2mpada direita s\u00e3o recarreg\u00e1veis e a l\u00e2mpada do meio \u00e9 uma fonte de alimenta\u00e7\u00e3o de 220V. Quando conectadas, as l\u00e2mpadas esquerda e direita ser\u00e3o carregadas automaticamente, com o indicador aceso.<\/p>\n<p>Todas as 3 cabe\u00e7as de l\u00e2mpada s\u00e3o destac\u00e1veis e podem ser ajustadas em diferentes \u00e2ngulos. Grau de prote\u00e7\u00e3o IP54 &#8211; grau 5 \u00e0 prova de poeira (a intrus\u00e3o de poeira n\u00e3o afetar\u00e1 a opera\u00e7\u00e3o normal da l\u00e2mpada), grau 4 \u00e0 prova d&#8217;\u00e1gua (impedindo a invas\u00e3o de respingos de \u00e1gua).<\/p>\n<p>&nbsp;<\/p>\n<h2>ESPECIFICA\u00c7\u00c3O<\/h2>\n<p>&nbsp;<\/p>\n<table style=\"border-collapse: collapse; width: 587px; height: 288px;\" border=\"0\" width=\"257\" cellspacing=\"0\" cellpadding=\"0\">\n<tbody>\n<tr style=\"height: 14.25pt;\">\n<td class=\"et2\" style=\"height: 14.25pt; width: 192.90pt;\" width=\"257\" height=\"19\">Poder: 30W + 2*5W, TOTAL 40W<\/td>\n<\/tr>\n<tr style=\"height: 14.25pt;\">\n<td class=\"et2\" style=\"height: 14.25pt;\" height=\"19\">Efici\u00eancia de luz: 90lm\/w<\/td>\n<\/tr>\n<tr style=\"height: 14.25pt;\">\n<td class=\"et2\" style=\"height: 14.25pt;\" height=\"19\">Fonte de luz: SMD<\/td>\n<\/tr>\n<tr style=\"height: 14.25pt;\">\n<td class=\"et2\" style=\"height: 14.25pt;\" height=\"19\">Ra&gt;80<\/td>\n<\/tr>\n<tr style=\"height: 14.25pt;\">\n<td class=\"et2\" style=\"height: 14.25pt;\" height=\"19\">\u00c2ngulo de feixe: 110\u00b0<\/td>\n<\/tr>\n<tr style=\"height: 14.25pt;\">\n<td class=\"et2\" style=\"height: 14.25pt;\" height=\"19\">Grau IP: IP54<\/td>\n<\/tr>\n<tr style=\"height: 14.25pt;\">\n<td class=\"et2\" style=\"height: 14.25pt;\" height=\"19\">Certifica\u00e7\u00e3o: CE ErP<\/td>\n<\/tr>\n<tr style=\"height: 14.25pt;\">\n<td class=\"et2\" style=\"height: 14.25pt;\" height=\"19\">Vida \u00fatil: 30.000 horas<\/td>\n<\/tr>\n<tr style=\"height: 14.25pt;\">\n<td class=\"et2\" style=\"height: 14.25pt;\" height=\"19\">18650 bateria de l\u00edtio recarreg\u00e1vel<\/td>\n<\/tr>\n<tr style=\"height: 14.25pt;\">\n<td class=\"et2\" style=\"height: 14.25pt;\" height=\"19\">Carregue 4 horas \/ descarregue 2 horas<\/td>\n<\/tr>\n<tr style=\"height: 14.25pt;\">\n<td class=\"et2\" style=\"height: 14.25pt;\" height=\"19\">Garantia: 2 anos<\/td>\n<\/tr>\n<\/tbody>\n<\/table>\n<p><img decoding=\"async\" class=\"alignnone size-full wp-image-18050\" src=\"https:\/\/www.zhgdled.com\/wp-content\/uploads\/2022\/12\/20221221111704.jpg\" alt=\"\" width=\"1281\" height=\"807\" srcset=\"https:\/\/www.zhgdled.com\/wp-content\/uploads\/2022\/12\/20221221111704.jpg 1281w, https:\/\/www.zhgdled.com\/wp-content\/uploads\/2022\/12\/20221221111704-300x189.jpg 300w, https:\/\/www.zhgdled.com\/wp-content\/uploads\/2022\/12\/20221221111704-1024x645.jpg 1024w, https:\/\/www.zhgdled.com\/wp-content\/uploads\/2022\/12\/20221221111704-768x484.jpg 768w, https:\/\/www.zhgdled.com\/wp-content\/uploads\/2022\/12\/20221221111704-600x378.jpg 600w, https:\/\/www.zhgdled.com\/wp-content\/uploads\/2022\/12\/20221221111704-150x94.jpg 150w\" sizes=\"(max-width: 1281px) 100vw, 1281px\" \/><\/p>\n","protected":false},"excerpt":{"rendered":"<p>A luz de trabalho LED recarreg\u00e1vel da s\u00e9rie 3-Head \u00e9 uma luz de trabalho profissional plug-and-play para qualquer clima. Ele vem com trip\u00e9 de cor laranja alarmante que pode ser ajustado em altura e \u00e2ngulos. A l\u00e2mpada esquerda e a l\u00e2mpada direita s\u00e3o recarreg\u00e1veis e a l\u00e2mpada do meio \u00e9 uma fonte de alimenta\u00e7\u00e3o de 220V. Quando conectadas, as l\u00e2mpadas esquerda e direita ser\u00e3o carregadas automaticamente, com o indicador aceso.<\/p>\n<p>Todas as 3 cabe\u00e7as de l\u00e2mpada s\u00e3o destac\u00e1veis e podem ser ajustadas em diferentes \u00e2ngulos.<\/p>\n","protected":false},"featured_media":18030,"template":"","meta":[],"product_brand":[],"product_cat":[643],"product_tag":[],"class_list":{"0":"post-18624","1":"product","2":"type-product","3":"status-publish","4":"has-post-thumbnail","6":"product_cat-luzes-de-trabalho","8":"first","9":"instock","10":"shipping-taxable","11":"product-type-simple"},"yoast_head":"<!-- This site is optimized with the Yoast SEO plugin v27.4 - https:\/\/yoast.com\/product\/yoast-seo-wordpress\/ -->\n<title>LUZ DE TRABALHO DE LED RECARREG\u00c1VEL &#8211; ZHL ILUMINA\u00c7\u00c3O INDUSTRIAL<\/title>\n<meta name=\"description\" content=\"A luz de trabalho LED recarreg\u00e1vel da s\u00e9rie 3-Head \u00e9 uma luz de trabalho profissional plug-and-play para qualquer clima. Ele vem com trip\u00e9 de cor laranja alarmante que pode ser ajustado em altura e \u00e2ngulos.\" \/>\n<meta name=\"robots\" content=\"index, follow, max-snippet:-1, max-image-preview:large, max-video-preview:-1\" \/>\n<link rel=\"canonical\" href=\"https:\/\/www.zhgdled.com\/pt-br\/luz-de-trabalho-recarregavel-de-led-serie-de-3-cabecotes.html\" \/>\n<meta property=\"og:locale\" content=\"pt_BR\" \/>\n<meta property=\"og:type\" content=\"article\" \/>\n<meta property=\"og:title\" content=\"LUZ DE TRABALHO DE LED RECARREG\u00c1VEL &#8211; ZHL ILUMINA\u00c7\u00c3O INDUSTRIAL\" \/>\n<meta property=\"og:description\" content=\"A luz de trabalho LED recarreg\u00e1vel da s\u00e9rie 3-Head \u00e9 uma luz de trabalho profissional plug-and-play para qualquer clima. Ele vem com trip\u00e9 de cor laranja alarmante que pode ser ajustado em altura e \u00e2ngulos.\" \/>\n<meta property=\"og:url\" content=\"https:\/\/www.zhgdled.com\/pt-br\/luz-de-trabalho-recarregavel-de-led-serie-de-3-cabecotes.html\" \/>\n<meta property=\"og:site_name\" content=\"ZHL ILUMINA\u00c7\u00c3O INDUSTRIAL\" \/>\n<meta property=\"article:publisher\" content=\"https:\/\/www.facebook.com\/zhllightinggroup\" \/>\n<meta property=\"article:modified_time\" content=\"2023-12-26T06:36:13+00:00\" \/>\n<meta property=\"og:image\" content=\"https:\/\/www.zhgdled.com\/wp-content\/uploads\/2022\/12\/3-HEAD-SERIES-WORK-LIGHT.jpg\" \/>\n\t<meta property=\"og:image:width\" content=\"736\" \/>\n\t<meta property=\"og:image:height\" content=\"736\" \/>\n\t<meta property=\"og:image:type\" content=\"image\/jpeg\" \/>\n<meta name=\"twitter:card\" content=\"summary_large_image\" \/>\n<meta name=\"twitter:site\" content=\"@zhl_lighting\" \/>\n<meta name=\"twitter:label1\" content=\"Est. tempo de leitura\" \/>\n\t<meta name=\"twitter:data1\" content=\"2 minutos\" \/>\n<script type=\"application\/ld+json\" class=\"yoast-schema-graph\">{\"@context\":\"https:\\\/\\\/schema.org\",\"@graph\":[{\"@type\":\"WebPage\",\"@id\":\"https:\\\/\\\/www.zhgdled.com\\\/pt-br\\\/luz-de-trabalho-recarregavel-de-led-serie-de-3-cabecotes.html\",\"url\":\"https:\\\/\\\/www.zhgdled.com\\\/pt-br\\\/luz-de-trabalho-recarregavel-de-led-serie-de-3-cabecotes.html\",\"name\":\"LUZ DE TRABALHO DE LED RECARREG\u00c1VEL &#8211; ZHL ILUMINA\u00c7\u00c3O INDUSTRIAL\",\"isPartOf\":{\"@id\":\"https:\\\/\\\/www.zhgdled.com\\\/pt-br\\\/#website\"},\"primaryImageOfPage\":{\"@id\":\"https:\\\/\\\/www.zhgdled.com\\\/pt-br\\\/luz-de-trabalho-recarregavel-de-led-serie-de-3-cabecotes.html#primaryimage\"},\"image\":{\"@id\":\"https:\\\/\\\/www.zhgdled.com\\\/pt-br\\\/luz-de-trabalho-recarregavel-de-led-serie-de-3-cabecotes.html#primaryimage\"},\"thumbnailUrl\":\"https:\\\/\\\/www.zhgdled.com\\\/wp-content\\\/uploads\\\/2022\\\/12\\\/3-HEAD-SERIES-WORK-LIGHT.jpg\",\"datePublished\":\"2022-12-21T03:23:45+00:00\",\"dateModified\":\"2023-12-26T06:36:13+00:00\",\"description\":\"A luz de trabalho LED recarreg\u00e1vel da s\u00e9rie 3-Head \u00e9 uma luz de trabalho profissional plug-and-play para qualquer clima. Ele vem com trip\u00e9 de cor laranja alarmante que pode ser ajustado em altura e \u00e2ngulos.\",\"breadcrumb\":{\"@id\":\"https:\\\/\\\/www.zhgdled.com\\\/pt-br\\\/luz-de-trabalho-recarregavel-de-led-serie-de-3-cabecotes.html#breadcrumb\"},\"inLanguage\":\"pt-BR\",\"potentialAction\":[{\"@type\":\"ReadAction\",\"target\":[\"https:\\\/\\\/www.zhgdled.com\\\/pt-br\\\/luz-de-trabalho-recarregavel-de-led-serie-de-3-cabecotes.html\"]}]},{\"@type\":\"ImageObject\",\"inLanguage\":\"pt-BR\",\"@id\":\"https:\\\/\\\/www.zhgdled.com\\\/pt-br\\\/luz-de-trabalho-recarregavel-de-led-serie-de-3-cabecotes.html#primaryimage\",\"url\":\"https:\\\/\\\/www.zhgdled.com\\\/wp-content\\\/uploads\\\/2022\\\/12\\\/3-HEAD-SERIES-WORK-LIGHT.jpg\",\"contentUrl\":\"https:\\\/\\\/www.zhgdled.com\\\/wp-content\\\/uploads\\\/2022\\\/12\\\/3-HEAD-SERIES-WORK-LIGHT.jpg\",\"width\":736,\"height\":736,\"caption\":\"3-HEAD SERIES WORK LIGHT\"},{\"@type\":\"BreadcrumbList\",\"@id\":\"https:\\\/\\\/www.zhgdled.com\\\/pt-br\\\/luz-de-trabalho-recarregavel-de-led-serie-de-3-cabecotes.html#breadcrumb\",\"itemListElement\":[{\"@type\":\"ListItem\",\"position\":1,\"name\":\"Home\",\"item\":\"https:\\\/\\\/www.zhgdled.com\\\/pt-br\"},{\"@type\":\"ListItem\",\"position\":2,\"name\":\"PRODUCTS\",\"item\":\"https:\\\/\\\/www.zhgdled.com\\\/zhl-products.html\"},{\"@type\":\"ListItem\",\"position\":3,\"name\":\"LUZ DE TRABALHO LED RECARREG\u00c1VEL S\u00c9RIE DE 3 CABE\u00c7AS\"}]},{\"@type\":\"WebSite\",\"@id\":\"https:\\\/\\\/www.zhgdled.com\\\/pt-br\\\/#website\",\"url\":\"https:\\\/\\\/www.zhgdled.com\\\/pt-br\\\/\",\"name\":\"ZHL ILUMINA\u00c7\u00c3O INDUSTRIAL\",\"description\":\"Top ranking industrial lighting manufacturer and exporter\",\"publisher\":{\"@id\":\"https:\\\/\\\/www.zhgdled.com\\\/pt-br\\\/#organization\"},\"potentialAction\":[{\"@type\":\"SearchAction\",\"target\":{\"@type\":\"EntryPoint\",\"urlTemplate\":\"https:\\\/\\\/www.zhgdled.com\\\/pt-br\\\/?s={search_term_string}\"},\"query-input\":{\"@type\":\"PropertyValueSpecification\",\"valueRequired\":true,\"valueName\":\"search_term_string\"}}],\"inLanguage\":\"pt-BR\"},{\"@type\":\"Organization\",\"@id\":\"https:\\\/\\\/www.zhgdled.com\\\/pt-br\\\/#organization\",\"name\":\"ZHL Lighting Group\",\"url\":\"https:\\\/\\\/www.zhgdled.com\\\/pt-br\\\/\",\"logo\":{\"@type\":\"ImageObject\",\"inLanguage\":\"pt-BR\",\"@id\":\"https:\\\/\\\/www.zhgdled.com\\\/pt-br\\\/#\\\/schema\\\/logo\\\/image\\\/\",\"url\":\"\",\"contentUrl\":\"\",\"caption\":\"ZHL Lighting Group\"},\"image\":{\"@id\":\"https:\\\/\\\/www.zhgdled.com\\\/pt-br\\\/#\\\/schema\\\/logo\\\/image\\\/\"},\"sameAs\":[\"https:\\\/\\\/www.facebook.com\\\/zhllightinggroup\",\"https:\\\/\\\/x.com\\\/zhl_lighting\"]}]}<\/script>\n<!-- \/ Yoast SEO plugin. -->","yoast_head_json":{"title":"LUZ DE TRABALHO DE LED RECARREG\u00c1VEL &#8211; ZHL ILUMINA\u00c7\u00c3O INDUSTRIAL","description":"A luz de trabalho LED recarreg\u00e1vel da s\u00e9rie 3-Head \u00e9 uma luz de trabalho profissional plug-and-play para qualquer clima. Ele vem com trip\u00e9 de cor laranja alarmante que pode ser ajustado em altura e \u00e2ngulos.","robots":{"index":"index","follow":"follow","max-snippet":"max-snippet:-1","max-image-preview":"max-image-preview:large","max-video-preview":"max-video-preview:-1"},"canonical":"https:\/\/www.zhgdled.com\/pt-br\/luz-de-trabalho-recarregavel-de-led-serie-de-3-cabecotes.html","og_locale":"pt_BR","og_type":"article","og_title":"LUZ DE TRABALHO DE LED RECARREG\u00c1VEL &#8211; ZHL ILUMINA\u00c7\u00c3O INDUSTRIAL","og_description":"A luz de trabalho LED recarreg\u00e1vel da s\u00e9rie 3-Head \u00e9 uma luz de trabalho profissional plug-and-play para qualquer clima. Ele vem com trip\u00e9 de cor laranja alarmante que pode ser ajustado em altura e \u00e2ngulos.","og_url":"https:\/\/www.zhgdled.com\/pt-br\/luz-de-trabalho-recarregavel-de-led-serie-de-3-cabecotes.html","og_site_name":"ZHL ILUMINA\u00c7\u00c3O INDUSTRIAL","article_publisher":"https:\/\/www.facebook.com\/zhllightinggroup","article_modified_time":"2023-12-26T06:36:13+00:00","og_image":[{"width":736,"height":736,"url":"https:\/\/www.zhgdled.com\/wp-content\/uploads\/2022\/12\/3-HEAD-SERIES-WORK-LIGHT.jpg","type":"image\/jpeg"}],"twitter_card":"summary_large_image","twitter_site":"@zhl_lighting","twitter_misc":{"Est. tempo de leitura":"2 minutos"},"schema":{"@context":"https:\/\/schema.org","@graph":[{"@type":"WebPage","@id":"https:\/\/www.zhgdled.com\/pt-br\/luz-de-trabalho-recarregavel-de-led-serie-de-3-cabecotes.html","url":"https:\/\/www.zhgdled.com\/pt-br\/luz-de-trabalho-recarregavel-de-led-serie-de-3-cabecotes.html","name":"LUZ DE TRABALHO DE LED RECARREG\u00c1VEL &#8211; ZHL ILUMINA\u00c7\u00c3O INDUSTRIAL","isPartOf":{"@id":"https:\/\/www.zhgdled.com\/pt-br\/#website"},"primaryImageOfPage":{"@id":"https:\/\/www.zhgdled.com\/pt-br\/luz-de-trabalho-recarregavel-de-led-serie-de-3-cabecotes.html#primaryimage"},"image":{"@id":"https:\/\/www.zhgdled.com\/pt-br\/luz-de-trabalho-recarregavel-de-led-serie-de-3-cabecotes.html#primaryimage"},"thumbnailUrl":"https:\/\/www.zhgdled.com\/wp-content\/uploads\/2022\/12\/3-HEAD-SERIES-WORK-LIGHT.jpg","datePublished":"2022-12-21T03:23:45+00:00","dateModified":"2023-12-26T06:36:13+00:00","description":"A luz de trabalho LED recarreg\u00e1vel da s\u00e9rie 3-Head \u00e9 uma luz de trabalho profissional plug-and-play para qualquer clima. Ele vem com trip\u00e9 de cor laranja alarmante que pode ser ajustado em altura e \u00e2ngulos.","breadcrumb":{"@id":"https:\/\/www.zhgdled.com\/pt-br\/luz-de-trabalho-recarregavel-de-led-serie-de-3-cabecotes.html#breadcrumb"},"inLanguage":"pt-BR","potentialAction":[{"@type":"ReadAction","target":["https:\/\/www.zhgdled.com\/pt-br\/luz-de-trabalho-recarregavel-de-led-serie-de-3-cabecotes.html"]}]},{"@type":"ImageObject","inLanguage":"pt-BR","@id":"https:\/\/www.zhgdled.com\/pt-br\/luz-de-trabalho-recarregavel-de-led-serie-de-3-cabecotes.html#primaryimage","url":"https:\/\/www.zhgdled.com\/wp-content\/uploads\/2022\/12\/3-HEAD-SERIES-WORK-LIGHT.jpg","contentUrl":"https:\/\/www.zhgdled.com\/wp-content\/uploads\/2022\/12\/3-HEAD-SERIES-WORK-LIGHT.jpg","width":736,"height":736,"caption":"3-HEAD SERIES WORK LIGHT"},{"@type":"BreadcrumbList","@id":"https:\/\/www.zhgdled.com\/pt-br\/luz-de-trabalho-recarregavel-de-led-serie-de-3-cabecotes.html#breadcrumb","itemListElement":[{"@type":"ListItem","position":1,"name":"Home","item":"https:\/\/www.zhgdled.com\/pt-br"},{"@type":"ListItem","position":2,"name":"PRODUCTS","item":"https:\/\/www.zhgdled.com\/zhl-products.html"},{"@type":"ListItem","position":3,"name":"LUZ DE TRABALHO LED RECARREG\u00c1VEL S\u00c9RIE DE 3 CABE\u00c7AS"}]},{"@type":"WebSite","@id":"https:\/\/www.zhgdled.com\/pt-br\/#website","url":"https:\/\/www.zhgdled.com\/pt-br\/","name":"ZHL ILUMINA\u00c7\u00c3O INDUSTRIAL","description":"Top ranking industrial lighting manufacturer and exporter","publisher":{"@id":"https:\/\/www.zhgdled.com\/pt-br\/#organization"},"potentialAction":[{"@type":"SearchAction","target":{"@type":"EntryPoint","urlTemplate":"https:\/\/www.zhgdled.com\/pt-br\/?s={search_term_string}"},"query-input":{"@type":"PropertyValueSpecification","valueRequired":true,"valueName":"search_term_string"}}],"inLanguage":"pt-BR"},{"@type":"Organization","@id":"https:\/\/www.zhgdled.com\/pt-br\/#organization","name":"ZHL Lighting Group","url":"https:\/\/www.zhgdled.com\/pt-br\/","logo":{"@type":"ImageObject","inLanguage":"pt-BR","@id":"https:\/\/www.zhgdled.com\/pt-br\/#\/schema\/logo\/image\/","url":"","contentUrl":"","caption":"ZHL Lighting Group"},"image":{"@id":"https:\/\/www.zhgdled.com\/pt-br\/#\/schema\/logo\/image\/"},"sameAs":["https:\/\/www.facebook.com\/zhllightinggroup","https:\/\/x.com\/zhl_lighting"]}]}},"_links":{"self":[{"href":"https:\/\/www.zhgdled.com\/pt-br\/wp-json\/wp\/v2\/product\/18624","targetHints":{"allow":["GET"]}}],"collection":[{"href":"https:\/\/www.zhgdled.com\/pt-br\/wp-json\/wp\/v2\/product"}],"about":[{"href":"https:\/\/www.zhgdled.com\/pt-br\/wp-json\/wp\/v2\/types\/product"}],"wp:featuredmedia":[{"embeddable":true,"href":"https:\/\/www.zhgdled.com\/pt-br\/wp-json\/wp\/v2\/media\/18030"}],"wp:attachment":[{"href":"https:\/\/www.zhgdled.com\/pt-br\/wp-json\/wp\/v2\/media?parent=18624"}],"wp:term":[{"taxonomy":"product_brand","embeddable":true,"href":"https:\/\/www.zhgdled.com\/pt-br\/wp-json\/wp\/v2\/product_brand?post=18624"},{"taxonomy":"product_cat","embeddable":true,"href":"https:\/\/www.zhgdled.com\/pt-br\/wp-json\/wp\/v2\/product_cat?post=18624"},{"taxonomy":"product_tag","embeddable":true,"href":"https:\/\/www.zhgdled.com\/pt-br\/wp-json\/wp\/v2\/product_tag?post=18624"}],"curies":[{"name":"wp","href":"https:\/\/api.w.org\/{rel}","templated":true}]}}