{"id":18715,"date":"2022-12-08T16:38:27","date_gmt":"2022-12-08T08:38:27","guid":{"rendered":"https:\/\/www.zhgdled.com\/product\/yoga-series-solar-led-wall-flood-light"},"modified":"2023-12-26T14:48:46","modified_gmt":"2023-12-26T06:48:46","slug":"yoga-series-solar-led-wall-flood-light","status":"publish","type":"product","link":"https:\/\/www.zhgdled.com\/pt-br\/holofotes-solares-da-serie-yoga.html","title":{"rendered":"ILUMINADOR DE PAREDE LED SOLAR S\u00c9RIE YOGA"},"content":{"rendered":"<p>L\u00c2MPADAS INTELIGENTES TOTALMENTE ALIMENTADAS POR ENERGIA SOLAR<\/p>\n<p>O holofote de parede solar YOGA SERIES \u00e9 uma lumin\u00e1ria de parede solar montada tudo em um para propriet\u00e1rios de resid\u00eancias. Sensor regul\u00e1vel e PIR \u00e9 o principal recurso que o torna mais inteligente.<\/p>\n<p>Caracter\u00edstica do produto<br \/>\n* Tudo em uma constru\u00e7\u00e3o, o dispositivo pode ser instalado em um parafuso de parede.<br \/>\n*Totalmente alimentado por energia solar.<br \/>\n*Carca\u00e7a de pl\u00e1stico ABS com classifica\u00e7\u00e3o IP44.<br \/>\n* Sensor PIR para detectar movimento e otimizar a dura\u00e7\u00e3o da bateria.<br \/>\n*Bateria de l\u00edtio inclu\u00edda dentro da lumin\u00e1ria<\/p>\n<p>Vantagens do produto<br \/>\n*Dois tamanhos est\u00e3o dispon\u00edveis.<br \/>\n* N\u00e3o requer fia\u00e7\u00e3o<br \/>\n* Ligue o modo de destaque quando uma pessoa vier e a luz desligar\u00e1 automaticamente ap\u00f3s 30 segundos ap\u00f3s a sa\u00edda da pessoa.<br \/>\n*Adequado para instala\u00e7\u00e3o externa.<br \/>\n* Design integrado, f\u00e1cil de transportar, f\u00e1cil de instalar, para evitar mau contato da linha de conex\u00e3o e outras causas, o corpo da l\u00e2mpada n\u00e3o pode ser usado normalmente<br \/>\n*Alta efici\u00eancia de convers\u00e3o fotoel\u00e9trica<\/p>\n<p>controle regular<br \/>\nClique uma vez: Light Flash uma vez, significa modo de ilumina\u00e7\u00e3o de longo prazo (primeiras 2 horas de ilumina\u00e7\u00e3o no n\u00edvel de 20%, pr\u00f3ximas 4 horas de ilumina\u00e7\u00e3o em 10%, depois 6 horas de ilumina\u00e7\u00e3o no n\u00edvel de 5% e por \u00faltimo para desligar.<br \/>\nClique duas vezes: Light Flash duas vezes, define o modo de ilumina\u00e7\u00e3o como &#8211; ilumina\u00e7\u00e3o no n\u00edvel de 50% quando o sensor ativado, espera por 30 segundos, ilumina\u00e7\u00e3o posterior no n\u00edvel de 5% ap\u00f3s a sa\u00edda da pessoa.<br \/>\nClique tr\u00eas vezes: Light Flash Tr\u00eas vezes, ele define o modo de ilumina\u00e7\u00e3o como &#8211; ilumina\u00e7\u00e3o no n\u00edvel de 100% quando o sensor ativado, espera por 30 segundos. Em seguida, desligue depois que a pessoa sair.<br \/>\nClique quatro vezes: Desligue todas as fun\u00e7\u00f5es, a configura\u00e7\u00e3o padr\u00e3o de f\u00e1brica est\u00e1 desativada.<\/p>\n<p>Controle remoto<br \/>\nM1: Flash de luz uma vez, significa modo de ilumina\u00e7\u00e3o de longo prazo (primeiras 2 horas de ilumina\u00e7\u00e3o no n\u00edvel de 20%, pr\u00f3ximas 4 horas de ilumina\u00e7\u00e3o em 10%, depois 6 horas de ilumina\u00e7\u00e3o no n\u00edvel de 5% e \u00faltimo para desligar.<br \/>\nM2: Flash de luz duas vezes, define o modo de ilumina\u00e7\u00e3o como &#8211; ilumina\u00e7\u00e3o no n\u00edvel de 50% quando o sensor \u00e9 ativado, espera por 30 segundos, ilumina\u00e7\u00e3o posterior no n\u00edvel de 5% ap\u00f3s a sa\u00edda da pessoa.<br \/>\nM3:Light Flash Tr\u00eas vezes, define o modo de ilumina\u00e7\u00e3o como ilumina\u00e7\u00e3o no n\u00edvel de 100% quando o sensor ativado, espera por 30 segundos. Em seguida, desligue ap\u00f3s a pessoa sair.<br \/>\nON\/OFF:Desligue todas as fun\u00e7\u00f5es, a configura\u00e7\u00e3o padr\u00e3o de f\u00e1brica est\u00e1 desativada.<\/p>\n<p>Controle APP TUYA<br \/>\n* Capaz de desligar a luz de parede YOGA at\u00e9 10-15m de dist\u00e2ncia<br \/>\n* PWM Dimmable-Realize Dimming Functions-mais claro ou mais escuro<br \/>\n* Ligar\/desligar a luz em hor\u00e1rio fixo<\/p>\n<p>ESPECIFICA\u00c7\u00c3O<\/p>\n<table style=\"border-collapse: collapse; width: 886.52pt;\" border=\"0\" width=\"1182\" cellspacing=\"0\" cellpadding=\"0\">\n<tbody>\n<tr style=\"height: 15.00pt;\">\n<td class=\"et2\" style=\"height: 15.00pt; width: 54.00pt;\" width=\"72\" height=\"20\">Poder (W)<\/td>\n<td class=\"et2\" style=\"width: 54.00pt;\" width=\"72\">CCT<\/td>\n<td class=\"et2\" style=\"width: 54.00pt;\" width=\"72\">CRI<\/td>\n<td class=\"et2\" style=\"width: 109.50pt;\" width=\"146\">Efici\u00eancia (lm\/w)<\/td>\n<td class=\"et2\" style=\"width: 114.00pt;\" width=\"152\">Fluxo Luminoso (lm)<\/td>\n<td class=\"et2\" style=\"width: 105.00pt;\" width=\"140\">Posi\u00e7\u00e3o da bateria<\/td>\n<td class=\"et2\" style=\"width: 54.00pt;\" width=\"72\">garantia<\/td>\n<td class=\"et2\" style=\"width: 78.75pt;\" width=\"105\">Tipo de Bateria<\/td>\n<td class=\"et2\" style=\"width: 67.50pt;\" width=\"90\">Tipo de painel<\/td>\n<td class=\"et2\" style=\"width: 72.75pt;\" width=\"97\">Modo de trabalho<\/td>\n<td class=\"et2\" style=\"width: 123.00pt;\" width=\"164\">Temperatura ambiente<\/td>\n<\/tr>\n<tr style=\"height: 15.00pt;\">\n<td class=\"et2\" style=\"height: 15.00pt;\" height=\"20\">3W<\/td>\n<td class=\"et2\">5700K<\/td>\n<td class=\"et2\">&gt;80<\/td>\n<td class=\"et2\">130LM\/W<\/td>\n<td class=\"et2\">390LM<\/td>\n<td class=\"et2\">Constru\u00eddas em<\/td>\n<td class=\"et2\">2 anos<\/td>\n<td class=\"et2\">bateria de l\u00edtio<\/td>\n<td class=\"et2\">Policristalino<\/td>\n<td class=\"et2\">Sensor de movimento PIR<\/td>\n<td class=\"et2\">-10\u2103-45\u2103<\/td>\n<\/tr>\n<tr style=\"height: 15.00pt;\">\n<td class=\"et2\" style=\"height: 15.00pt;\" height=\"20\">12W<\/td>\n<td class=\"et2\">5700K<\/td>\n<td class=\"et2\">&gt;80<\/td>\n<td class=\"et2\">130LM\/W<\/td>\n<td class=\"et2\">1560LM<\/td>\n<td class=\"et2\">Constru\u00eddas em<\/td>\n<td class=\"et2\">2 anos<\/td>\n<td class=\"et2\">bateria de l\u00edtio<\/td>\n<td class=\"et2\">Policristalino<\/td>\n<td class=\"et2\">Sensor de movimento PIR<\/td>\n<td class=\"et2\">-10\u2103-45\u2103<\/td>\n<\/tr>\n<\/tbody>\n<\/table>\n","protected":false},"excerpt":{"rendered":"<p>Caracter\u00edstica do produto<br \/>\n* Tudo em uma constru\u00e7\u00e3o, o dispositivo pode ser instalado em um parafuso de parede.<br \/>\n*Totalmente alimentado por energia solar.<br \/>\n*Carca\u00e7a de pl\u00e1stico ABS com classifica\u00e7\u00e3o IP44.<br \/>\n* Sensor PIR para detectar movimento e otimizar a dura\u00e7\u00e3o da bateria.<br \/>\n*Bateria de l\u00edtio inclu\u00edda dentro da lumin\u00e1ria<\/p>\n<p>Vantagens do produto<br \/>\n*Dois tamanhos est\u00e3o dispon\u00edveis.<br \/>\n* N\u00e3o requer fia\u00e7\u00e3o<br \/>\n* Ligue o modo de destaque quando uma pessoa vier e a luz desligar\u00e1 automaticamente ap\u00f3s 30 segundos ap\u00f3s a sa\u00edda da pessoa.<br \/>\n*Adequado para instala\u00e7\u00e3o externa.<br \/>\n* Design integrado, f\u00e1cil de transportar, f\u00e1cil de instalar, para evitar mau contato da linha de conex\u00e3o e outras causas, o corpo da l\u00e2mpada n\u00e3o pode ser usado normalmente<br \/>\n*Alta efici\u00eancia de convers\u00e3o fotoel\u00e9trica<\/p>\n","protected":false},"featured_media":17966,"template":"","meta":[],"product_brand":[],"product_cat":[644],"product_tag":[],"class_list":{"0":"post-18715","1":"product","2":"type-product","3":"status-publish","4":"has-post-thumbnail","6":"product_cat-holofotes-solares","8":"first","9":"instock","10":"featured","11":"shipping-taxable","12":"product-type-simple"},"yoast_head":"<!-- This site is optimized with the Yoast SEO plugin v27.4 - https:\/\/yoast.com\/product\/yoast-seo-wordpress\/ -->\n<title>L\u00e2mpada de parede solar da s\u00e9rie Yoga &#8211; ZHL ILUMINA\u00c7\u00c3O INDUSTRIAL<\/title>\n<meta name=\"description\" content=\"O holofote de parede solar YOGA SERIES \u00e9 uma lumin\u00e1ria de parede solar montada tudo em um para propriet\u00e1rios de resid\u00eancias. Sensor regul\u00e1vel e PIR \u00e9 o principal recurso que o torna mais inteligente.\" \/>\n<meta name=\"robots\" content=\"index, follow, max-snippet:-1, max-image-preview:large, max-video-preview:-1\" \/>\n<link rel=\"canonical\" href=\"https:\/\/www.zhgdled.com\/pt-br\/holofotes-solares-da-serie-yoga.html\" \/>\n<meta property=\"og:locale\" content=\"pt_BR\" \/>\n<meta property=\"og:type\" content=\"article\" \/>\n<meta property=\"og:title\" content=\"L\u00e2mpada de parede solar da s\u00e9rie Yoga &#8211; ZHL ILUMINA\u00c7\u00c3O INDUSTRIAL\" \/>\n<meta property=\"og:description\" content=\"O holofote de parede solar YOGA SERIES \u00e9 uma lumin\u00e1ria de parede solar montada tudo em um para propriet\u00e1rios de resid\u00eancias. Sensor regul\u00e1vel e PIR \u00e9 o principal recurso que o torna mais inteligente.\" \/>\n<meta property=\"og:url\" content=\"https:\/\/www.zhgdled.com\/pt-br\/holofotes-solares-da-serie-yoga.html\" \/>\n<meta property=\"og:site_name\" content=\"ZHL ILUMINA\u00c7\u00c3O INDUSTRIAL\" \/>\n<meta property=\"article:publisher\" content=\"https:\/\/www.facebook.com\/zhllightinggroup\" \/>\n<meta property=\"article:modified_time\" content=\"2023-12-26T06:48:46+00:00\" \/>\n<meta property=\"og:image\" content=\"https:\/\/www.zhgdled.com\/wp-content\/uploads\/2022\/12\/yoga-series-solar-wall-lamp.jpg\" \/>\n\t<meta property=\"og:image:width\" content=\"750\" \/>\n\t<meta property=\"og:image:height\" content=\"750\" \/>\n\t<meta property=\"og:image:type\" content=\"image\/jpeg\" \/>\n<meta name=\"twitter:card\" content=\"summary_large_image\" \/>\n<meta name=\"twitter:site\" content=\"@zhl_lighting\" \/>\n<meta name=\"twitter:label1\" content=\"Est. tempo de leitura\" \/>\n\t<meta name=\"twitter:data1\" content=\"3 minutos\" \/>\n<script type=\"application\/ld+json\" class=\"yoast-schema-graph\">{\"@context\":\"https:\\\/\\\/schema.org\",\"@graph\":[{\"@type\":\"WebPage\",\"@id\":\"https:\\\/\\\/www.zhgdled.com\\\/pt-br\\\/holofotes-solares-da-serie-yoga.html\",\"url\":\"https:\\\/\\\/www.zhgdled.com\\\/pt-br\\\/holofotes-solares-da-serie-yoga.html\",\"name\":\"L\u00e2mpada de parede solar da s\u00e9rie Yoga &#8211; ZHL ILUMINA\u00c7\u00c3O INDUSTRIAL\",\"isPartOf\":{\"@id\":\"https:\\\/\\\/www.zhgdled.com\\\/pt-br\\\/#website\"},\"primaryImageOfPage\":{\"@id\":\"https:\\\/\\\/www.zhgdled.com\\\/pt-br\\\/holofotes-solares-da-serie-yoga.html#primaryimage\"},\"image\":{\"@id\":\"https:\\\/\\\/www.zhgdled.com\\\/pt-br\\\/holofotes-solares-da-serie-yoga.html#primaryimage\"},\"thumbnailUrl\":\"https:\\\/\\\/www.zhgdled.com\\\/wp-content\\\/uploads\\\/2022\\\/12\\\/yoga-series-solar-wall-lamp.jpg\",\"datePublished\":\"2022-12-08T08:38:27+00:00\",\"dateModified\":\"2023-12-26T06:48:46+00:00\",\"description\":\"O holofote de parede solar YOGA SERIES \u00e9 uma lumin\u00e1ria de parede solar montada tudo em um para propriet\u00e1rios de resid\u00eancias. Sensor regul\u00e1vel e PIR \u00e9 o principal recurso que o torna mais inteligente.\",\"breadcrumb\":{\"@id\":\"https:\\\/\\\/www.zhgdled.com\\\/pt-br\\\/holofotes-solares-da-serie-yoga.html#breadcrumb\"},\"inLanguage\":\"pt-BR\",\"potentialAction\":[{\"@type\":\"ReadAction\",\"target\":[\"https:\\\/\\\/www.zhgdled.com\\\/pt-br\\\/holofotes-solares-da-serie-yoga.html\"]}]},{\"@type\":\"ImageObject\",\"inLanguage\":\"pt-BR\",\"@id\":\"https:\\\/\\\/www.zhgdled.com\\\/pt-br\\\/holofotes-solares-da-serie-yoga.html#primaryimage\",\"url\":\"https:\\\/\\\/www.zhgdled.com\\\/wp-content\\\/uploads\\\/2022\\\/12\\\/yoga-series-solar-wall-lamp.jpg\",\"contentUrl\":\"https:\\\/\\\/www.zhgdled.com\\\/wp-content\\\/uploads\\\/2022\\\/12\\\/yoga-series-solar-wall-lamp.jpg\",\"width\":750,\"height\":750,\"caption\":\"candeeiro de parede solar\"},{\"@type\":\"BreadcrumbList\",\"@id\":\"https:\\\/\\\/www.zhgdled.com\\\/pt-br\\\/holofotes-solares-da-serie-yoga.html#breadcrumb\",\"itemListElement\":[{\"@type\":\"ListItem\",\"position\":1,\"name\":\"Home\",\"item\":\"https:\\\/\\\/www.zhgdled.com\\\/pt-br\"},{\"@type\":\"ListItem\",\"position\":2,\"name\":\"PRODUCTS\",\"item\":\"https:\\\/\\\/www.zhgdled.com\\\/zhl-products.html\"},{\"@type\":\"ListItem\",\"position\":3,\"name\":\"ILUMINADOR DE PAREDE LED SOLAR S\u00c9RIE YOGA\"}]},{\"@type\":\"WebSite\",\"@id\":\"https:\\\/\\\/www.zhgdled.com\\\/pt-br\\\/#website\",\"url\":\"https:\\\/\\\/www.zhgdled.com\\\/pt-br\\\/\",\"name\":\"ZHL ILUMINA\u00c7\u00c3O INDUSTRIAL\",\"description\":\"Top ranking industrial lighting manufacturer and exporter\",\"publisher\":{\"@id\":\"https:\\\/\\\/www.zhgdled.com\\\/pt-br\\\/#organization\"},\"potentialAction\":[{\"@type\":\"SearchAction\",\"target\":{\"@type\":\"EntryPoint\",\"urlTemplate\":\"https:\\\/\\\/www.zhgdled.com\\\/pt-br\\\/?s={search_term_string}\"},\"query-input\":{\"@type\":\"PropertyValueSpecification\",\"valueRequired\":true,\"valueName\":\"search_term_string\"}}],\"inLanguage\":\"pt-BR\"},{\"@type\":\"Organization\",\"@id\":\"https:\\\/\\\/www.zhgdled.com\\\/pt-br\\\/#organization\",\"name\":\"ZHL Lighting Group\",\"url\":\"https:\\\/\\\/www.zhgdled.com\\\/pt-br\\\/\",\"logo\":{\"@type\":\"ImageObject\",\"inLanguage\":\"pt-BR\",\"@id\":\"https:\\\/\\\/www.zhgdled.com\\\/pt-br\\\/#\\\/schema\\\/logo\\\/image\\\/\",\"url\":\"\",\"contentUrl\":\"\",\"caption\":\"ZHL Lighting Group\"},\"image\":{\"@id\":\"https:\\\/\\\/www.zhgdled.com\\\/pt-br\\\/#\\\/schema\\\/logo\\\/image\\\/\"},\"sameAs\":[\"https:\\\/\\\/www.facebook.com\\\/zhllightinggroup\",\"https:\\\/\\\/x.com\\\/zhl_lighting\"]}]}<\/script>\n<!-- \/ Yoast SEO plugin. -->","yoast_head_json":{"title":"L\u00e2mpada de parede solar da s\u00e9rie Yoga &#8211; ZHL ILUMINA\u00c7\u00c3O INDUSTRIAL","description":"O holofote de parede solar YOGA SERIES \u00e9 uma lumin\u00e1ria de parede solar montada tudo em um para propriet\u00e1rios de resid\u00eancias. Sensor regul\u00e1vel e PIR \u00e9 o principal recurso que o torna mais inteligente.","robots":{"index":"index","follow":"follow","max-snippet":"max-snippet:-1","max-image-preview":"max-image-preview:large","max-video-preview":"max-video-preview:-1"},"canonical":"https:\/\/www.zhgdled.com\/pt-br\/holofotes-solares-da-serie-yoga.html","og_locale":"pt_BR","og_type":"article","og_title":"L\u00e2mpada de parede solar da s\u00e9rie Yoga &#8211; ZHL ILUMINA\u00c7\u00c3O INDUSTRIAL","og_description":"O holofote de parede solar YOGA SERIES \u00e9 uma lumin\u00e1ria de parede solar montada tudo em um para propriet\u00e1rios de resid\u00eancias. Sensor regul\u00e1vel e PIR \u00e9 o principal recurso que o torna mais inteligente.","og_url":"https:\/\/www.zhgdled.com\/pt-br\/holofotes-solares-da-serie-yoga.html","og_site_name":"ZHL ILUMINA\u00c7\u00c3O INDUSTRIAL","article_publisher":"https:\/\/www.facebook.com\/zhllightinggroup","article_modified_time":"2023-12-26T06:48:46+00:00","og_image":[{"width":750,"height":750,"url":"https:\/\/www.zhgdled.com\/wp-content\/uploads\/2022\/12\/yoga-series-solar-wall-lamp.jpg","type":"image\/jpeg"}],"twitter_card":"summary_large_image","twitter_site":"@zhl_lighting","twitter_misc":{"Est. tempo de leitura":"3 minutos"},"schema":{"@context":"https:\/\/schema.org","@graph":[{"@type":"WebPage","@id":"https:\/\/www.zhgdled.com\/pt-br\/holofotes-solares-da-serie-yoga.html","url":"https:\/\/www.zhgdled.com\/pt-br\/holofotes-solares-da-serie-yoga.html","name":"L\u00e2mpada de parede solar da s\u00e9rie Yoga &#8211; ZHL ILUMINA\u00c7\u00c3O INDUSTRIAL","isPartOf":{"@id":"https:\/\/www.zhgdled.com\/pt-br\/#website"},"primaryImageOfPage":{"@id":"https:\/\/www.zhgdled.com\/pt-br\/holofotes-solares-da-serie-yoga.html#primaryimage"},"image":{"@id":"https:\/\/www.zhgdled.com\/pt-br\/holofotes-solares-da-serie-yoga.html#primaryimage"},"thumbnailUrl":"https:\/\/www.zhgdled.com\/wp-content\/uploads\/2022\/12\/yoga-series-solar-wall-lamp.jpg","datePublished":"2022-12-08T08:38:27+00:00","dateModified":"2023-12-26T06:48:46+00:00","description":"O holofote de parede solar YOGA SERIES \u00e9 uma lumin\u00e1ria de parede solar montada tudo em um para propriet\u00e1rios de resid\u00eancias. Sensor regul\u00e1vel e PIR \u00e9 o principal recurso que o torna mais inteligente.","breadcrumb":{"@id":"https:\/\/www.zhgdled.com\/pt-br\/holofotes-solares-da-serie-yoga.html#breadcrumb"},"inLanguage":"pt-BR","potentialAction":[{"@type":"ReadAction","target":["https:\/\/www.zhgdled.com\/pt-br\/holofotes-solares-da-serie-yoga.html"]}]},{"@type":"ImageObject","inLanguage":"pt-BR","@id":"https:\/\/www.zhgdled.com\/pt-br\/holofotes-solares-da-serie-yoga.html#primaryimage","url":"https:\/\/www.zhgdled.com\/wp-content\/uploads\/2022\/12\/yoga-series-solar-wall-lamp.jpg","contentUrl":"https:\/\/www.zhgdled.com\/wp-content\/uploads\/2022\/12\/yoga-series-solar-wall-lamp.jpg","width":750,"height":750,"caption":"candeeiro de parede solar"},{"@type":"BreadcrumbList","@id":"https:\/\/www.zhgdled.com\/pt-br\/holofotes-solares-da-serie-yoga.html#breadcrumb","itemListElement":[{"@type":"ListItem","position":1,"name":"Home","item":"https:\/\/www.zhgdled.com\/pt-br"},{"@type":"ListItem","position":2,"name":"PRODUCTS","item":"https:\/\/www.zhgdled.com\/zhl-products.html"},{"@type":"ListItem","position":3,"name":"ILUMINADOR DE PAREDE LED SOLAR S\u00c9RIE YOGA"}]},{"@type":"WebSite","@id":"https:\/\/www.zhgdled.com\/pt-br\/#website","url":"https:\/\/www.zhgdled.com\/pt-br\/","name":"ZHL ILUMINA\u00c7\u00c3O INDUSTRIAL","description":"Top ranking industrial lighting manufacturer and exporter","publisher":{"@id":"https:\/\/www.zhgdled.com\/pt-br\/#organization"},"potentialAction":[{"@type":"SearchAction","target":{"@type":"EntryPoint","urlTemplate":"https:\/\/www.zhgdled.com\/pt-br\/?s={search_term_string}"},"query-input":{"@type":"PropertyValueSpecification","valueRequired":true,"valueName":"search_term_string"}}],"inLanguage":"pt-BR"},{"@type":"Organization","@id":"https:\/\/www.zhgdled.com\/pt-br\/#organization","name":"ZHL Lighting Group","url":"https:\/\/www.zhgdled.com\/pt-br\/","logo":{"@type":"ImageObject","inLanguage":"pt-BR","@id":"https:\/\/www.zhgdled.com\/pt-br\/#\/schema\/logo\/image\/","url":"","contentUrl":"","caption":"ZHL Lighting Group"},"image":{"@id":"https:\/\/www.zhgdled.com\/pt-br\/#\/schema\/logo\/image\/"},"sameAs":["https:\/\/www.facebook.com\/zhllightinggroup","https:\/\/x.com\/zhl_lighting"]}]}},"_links":{"self":[{"href":"https:\/\/www.zhgdled.com\/pt-br\/wp-json\/wp\/v2\/product\/18715","targetHints":{"allow":["GET"]}}],"collection":[{"href":"https:\/\/www.zhgdled.com\/pt-br\/wp-json\/wp\/v2\/product"}],"about":[{"href":"https:\/\/www.zhgdled.com\/pt-br\/wp-json\/wp\/v2\/types\/product"}],"wp:featuredmedia":[{"embeddable":true,"href":"https:\/\/www.zhgdled.com\/pt-br\/wp-json\/wp\/v2\/media\/17966"}],"wp:attachment":[{"href":"https:\/\/www.zhgdled.com\/pt-br\/wp-json\/wp\/v2\/media?parent=18715"}],"wp:term":[{"taxonomy":"product_brand","embeddable":true,"href":"https:\/\/www.zhgdled.com\/pt-br\/wp-json\/wp\/v2\/product_brand?post=18715"},{"taxonomy":"product_cat","embeddable":true,"href":"https:\/\/www.zhgdled.com\/pt-br\/wp-json\/wp\/v2\/product_cat?post=18715"},{"taxonomy":"product_tag","embeddable":true,"href":"https:\/\/www.zhgdled.com\/pt-br\/wp-json\/wp\/v2\/product_tag?post=18715"}],"curies":[{"name":"wp","href":"https:\/\/api.w.org\/{rel}","templated":true}]}}