{"id":18759,"date":"2023-08-07T18:03:14","date_gmt":"2022-11-22T10:03:14","guid":{"rendered":"https:\/\/www.zhgdled.com\/product\/comte-series-high-bay-light-w-zhaga-base"},"modified":"2023-12-26T15:07:40","modified_gmt":"2023-12-26T07:07:40","slug":"comte-series-high-bay-light-w-zhaga-base","status":"publish","type":"product","link":"https:\/\/www.zhgdled.com\/pt-br\/comte-series-high-bay-light-w-zhaga-base.html","title":{"rendered":"S\u00c9RIE SATURN HIGH BAY LIGHT COM BASE ZHAGA"},"content":{"rendered":"<h2>Luzes altas que podem atender aos requisitos de integra\u00e7\u00e3o em grande escala gra\u00e7as ao m\u00f3dulo ZHAGA<\/h2>\n<ul>\n<li>Este highbay da s\u00e9rie Saturn \u00e9 um novo produto de design que possui design de estilo de dissipador de driver em constru\u00e7\u00e3o, oferece uma solu\u00e7\u00e3o perfeita para a influ\u00eancia da dissipa\u00e7\u00e3o de calor \u00f3ptica, mec\u00e2nica e el\u00e9trica, garantindo desempenho mais est\u00e1vel e longa vida \u00fatil.<\/li>\n<li>M\u00f3dulo de detec\u00e7\u00e3o inteligente plug and play \u00e9 adicionado, que pode realizar detec\u00e7\u00e3o de microondas ou infravermelho e controle remoto via aplicativo de telefone m\u00f3vel.<\/li>\n<li>A estrutura do driver \u00e9 projetada separadamente das pe\u00e7as de ilumina\u00e7\u00e3o, que podem ser compat\u00edveis com drivers de v\u00e1rias marcas, como MOSO\u3001LIFUD\u3001SOSEN\u3001MEANWELL.<\/li>\n<li>Adota design de aletas de alum\u00ednio de alta densidade e \u00e9 fundido sob press\u00e3o integrado, com r\u00e1pida dissipa\u00e7\u00e3o de calor, alta resist\u00eancia e boa resist\u00eancia ao impacto.<\/li>\n<li>M\u00faltiplos m\u00e9todos de instala\u00e7\u00e3o opcionais, como instala\u00e7\u00e3o de corrente, instala\u00e7\u00e3o de haste roscada e instala\u00e7\u00e3o na parede.<\/li>\n<\/ul>\n<p>&nbsp;<\/p>\n<p><img decoding=\"async\" class=\"alignnone size-full wp-image-17774\" src=\"https:\/\/www.zhgdled.com\/wp-content\/uploads\/2022\/11\/20221122175854.jpg\" alt=\"\" width=\"697\" height=\"720\" srcset=\"https:\/\/www.zhgdled.com\/wp-content\/uploads\/2022\/11\/20221122175854.jpg 697w, https:\/\/www.zhgdled.com\/wp-content\/uploads\/2022\/11\/20221122175854-290x300.jpg 290w, https:\/\/www.zhgdled.com\/wp-content\/uploads\/2022\/11\/20221122175854-600x620.jpg 600w, https:\/\/www.zhgdled.com\/wp-content\/uploads\/2022\/11\/20221122175854-150x155.jpg 150w\" sizes=\"(max-width: 697px) 100vw, 697px\" \/><\/p>\n<p><img decoding=\"async\" class=\"alignnone size-full wp-image-18070\" src=\"https:\/\/www.zhgdled.com\/wp-content\/uploads\/2022\/11\/20221221174637.jpg\" alt=\"\" width=\"1302\" height=\"867\" srcset=\"https:\/\/www.zhgdled.com\/wp-content\/uploads\/2022\/11\/20221221174637.jpg 1302w, https:\/\/www.zhgdled.com\/wp-content\/uploads\/2022\/11\/20221221174637-300x200.jpg 300w, https:\/\/www.zhgdled.com\/wp-content\/uploads\/2022\/11\/20221221174637-1024x682.jpg 1024w, https:\/\/www.zhgdled.com\/wp-content\/uploads\/2022\/11\/20221221174637-768x511.jpg 768w, https:\/\/www.zhgdled.com\/wp-content\/uploads\/2022\/11\/20221221174637-600x400.jpg 600w, https:\/\/www.zhgdled.com\/wp-content\/uploads\/2022\/11\/20221221174637-150x100.jpg 150w\" sizes=\"(max-width: 1302px) 100vw, 1302px\" \/><img decoding=\"async\" class=\"alignnone size-full wp-image-18080\" src=\"https:\/\/www.zhgdled.com\/wp-content\/uploads\/2022\/11\/20221221174712.jpg\" alt=\"\" width=\"1304\" height=\"869\" srcset=\"https:\/\/www.zhgdled.com\/wp-content\/uploads\/2022\/11\/20221221174712.jpg 1304w, https:\/\/www.zhgdled.com\/wp-content\/uploads\/2022\/11\/20221221174712-300x200.jpg 300w, https:\/\/www.zhgdled.com\/wp-content\/uploads\/2022\/11\/20221221174712-1024x682.jpg 1024w, https:\/\/www.zhgdled.com\/wp-content\/uploads\/2022\/11\/20221221174712-768x512.jpg 768w, https:\/\/www.zhgdled.com\/wp-content\/uploads\/2022\/11\/20221221174712-600x400.jpg 600w, https:\/\/www.zhgdled.com\/wp-content\/uploads\/2022\/11\/20221221174712-150x100.jpg 150w\" sizes=\"(max-width: 1304px) 100vw, 1304px\" \/><img decoding=\"async\" class=\"alignnone size-full wp-image-18090\" src=\"https:\/\/www.zhgdled.com\/wp-content\/uploads\/2022\/11\/20221221174733.jpg\" alt=\"\" width=\"1305\" height=\"870\" srcset=\"https:\/\/www.zhgdled.com\/wp-content\/uploads\/2022\/11\/20221221174733.jpg 1305w, https:\/\/www.zhgdled.com\/wp-content\/uploads\/2022\/11\/20221221174733-300x200.jpg 300w, https:\/\/www.zhgdled.com\/wp-content\/uploads\/2022\/11\/20221221174733-1024x683.jpg 1024w, https:\/\/www.zhgdled.com\/wp-content\/uploads\/2022\/11\/20221221174733-768x512.jpg 768w, https:\/\/www.zhgdled.com\/wp-content\/uploads\/2022\/11\/20221221174733-600x400.jpg 600w, https:\/\/www.zhgdled.com\/wp-content\/uploads\/2022\/11\/20221221174733-150x100.jpg 150w\" sizes=\"(max-width: 1305px) 100vw, 1305px\" \/><img decoding=\"async\" class=\"alignnone size-full wp-image-18100\" src=\"https:\/\/www.zhgdled.com\/wp-content\/uploads\/2022\/11\/20221221174749.jpg\" alt=\"\" width=\"1305\" height=\"872\" srcset=\"https:\/\/www.zhgdled.com\/wp-content\/uploads\/2022\/11\/20221221174749.jpg 1305w, https:\/\/www.zhgdled.com\/wp-content\/uploads\/2022\/11\/20221221174749-300x200.jpg 300w, https:\/\/www.zhgdled.com\/wp-content\/uploads\/2022\/11\/20221221174749-1024x684.jpg 1024w, https:\/\/www.zhgdled.com\/wp-content\/uploads\/2022\/11\/20221221174749-768x513.jpg 768w, https:\/\/www.zhgdled.com\/wp-content\/uploads\/2022\/11\/20221221174749-600x401.jpg 600w, https:\/\/www.zhgdled.com\/wp-content\/uploads\/2022\/11\/20221221174749-150x100.jpg 150w\" sizes=\"(max-width: 1305px) 100vw, 1305px\" \/><\/p>\n","protected":false},"excerpt":{"rendered":"<p>O design ultrafino reduz a altura de toda a l\u00e2mpada e economiza os custos de embalagem e transporte. Com LED de alta efici\u00eancia luminosa, a efici\u00eancia de ilumina\u00e7\u00e3o da l\u00e2mpada inteira \u00e9 \u2265 160lm\/w, o que melhora muito a qualidade da ilumina\u00e7\u00e3o no espa\u00e7o e aumenta a efici\u00eancia do trabalho.<\/p>\n","protected":false},"featured_media":17784,"template":"","meta":[],"product_brand":[],"product_cat":[646],"product_tag":[647],"class_list":{"0":"post-18759","1":"product","2":"type-product","3":"status-publish","4":"has-post-thumbnail","6":"product_cat-high-bay","7":"product_tag-iluminacao-de-armazem","9":"first","10":"instock","11":"shipping-taxable","12":"product-type-simple"},"yoast_head":"<!-- This site is optimized with the Yoast SEO plugin v27.4 - https:\/\/yoast.com\/product\/yoast-seo-wordpress\/ -->\n<title>Luzes da ba\u00eda alta de SaturnoS\u00c9RIE SATURN HIGH BAY LIGHT COM BASE ZHAGA &#8211; ZHL ILUMINA\u00c7\u00c3O INDUSTRIAL<\/title>\n<meta name=\"description\" content=\"O design ultrafino reduz a altura de toda a l\u00e2mpada e economiza os custos de embalagem e transporte. Com LED de alta efici\u00eancia luminosa, a efici\u00eancia de ilumina\u00e7\u00e3o da l\u00e2mpada inteira \u00e9 \u2265 160lm\/w, o que melhora muito a qualidade da ilumina\u00e7\u00e3o no espa\u00e7o e aumenta a efici\u00eancia do trabalho.\" \/>\n<meta name=\"robots\" content=\"index, follow, max-snippet:-1, max-image-preview:large, max-video-preview:-1\" \/>\n<link rel=\"canonical\" href=\"https:\/\/www.zhgdled.com\/pt-br\/comte-series-high-bay-light-w-zhaga-base.html\" \/>\n<meta property=\"og:locale\" content=\"pt_BR\" \/>\n<meta property=\"og:type\" content=\"article\" \/>\n<meta property=\"og:title\" content=\"Luzes da ba\u00eda alta de SaturnoS\u00c9RIE SATURN HIGH BAY LIGHT COM BASE ZHAGA &#8211; ZHL ILUMINA\u00c7\u00c3O INDUSTRIAL\" \/>\n<meta property=\"og:description\" content=\"O design ultrafino reduz a altura de toda a l\u00e2mpada e economiza os custos de embalagem e transporte. Com LED de alta efici\u00eancia luminosa, a efici\u00eancia de ilumina\u00e7\u00e3o da l\u00e2mpada inteira \u00e9 \u2265 160lm\/w, o que melhora muito a qualidade da ilumina\u00e7\u00e3o no espa\u00e7o e aumenta a efici\u00eancia do trabalho.\" \/>\n<meta property=\"og:url\" content=\"https:\/\/www.zhgdled.com\/pt-br\/comte-series-high-bay-light-w-zhaga-base.html\" \/>\n<meta property=\"og:site_name\" content=\"ZHL ILUMINA\u00c7\u00c3O INDUSTRIAL\" \/>\n<meta property=\"article:publisher\" content=\"https:\/\/www.facebook.com\/zhllightinggroup\" \/>\n<meta property=\"article:modified_time\" content=\"2023-12-26T07:07:40+00:00\" \/>\n<meta property=\"og:image\" content=\"https:\/\/www.zhgdled.com\/wp-content\/uploads\/2022\/11\/COUNT-SERIES-HIGH-BAY.jpg\" \/>\n\t<meta property=\"og:image:width\" content=\"1600\" \/>\n\t<meta property=\"og:image:height\" content=\"1600\" \/>\n\t<meta property=\"og:image:type\" content=\"image\/jpeg\" \/>\n<meta name=\"twitter:card\" content=\"summary_large_image\" \/>\n<meta name=\"twitter:site\" content=\"@zhl_lighting\" \/>\n<meta name=\"twitter:label1\" content=\"Est. tempo de leitura\" \/>\n\t<meta name=\"twitter:data1\" content=\"1 minuto\" \/>\n<script type=\"application\/ld+json\" class=\"yoast-schema-graph\">{\"@context\":\"https:\\\/\\\/schema.org\",\"@graph\":[{\"@type\":\"WebPage\",\"@id\":\"https:\\\/\\\/www.zhgdled.com\\\/pt-br\\\/comte-series-high-bay-light-w-zhaga-base.html\",\"url\":\"https:\\\/\\\/www.zhgdled.com\\\/pt-br\\\/comte-series-high-bay-light-w-zhaga-base.html\",\"name\":\"Luzes da ba\u00eda alta de SaturnoS\u00c9RIE SATURN HIGH BAY LIGHT COM BASE ZHAGA &#8211; ZHL ILUMINA\u00c7\u00c3O INDUSTRIAL\",\"isPartOf\":{\"@id\":\"https:\\\/\\\/www.zhgdled.com\\\/pt-br\\\/#website\"},\"primaryImageOfPage\":{\"@id\":\"https:\\\/\\\/www.zhgdled.com\\\/pt-br\\\/comte-series-high-bay-light-w-zhaga-base.html#primaryimage\"},\"image\":{\"@id\":\"https:\\\/\\\/www.zhgdled.com\\\/pt-br\\\/comte-series-high-bay-light-w-zhaga-base.html#primaryimage\"},\"thumbnailUrl\":\"https:\\\/\\\/www.zhgdled.com\\\/wp-content\\\/uploads\\\/2022\\\/11\\\/COUNT-SERIES-HIGH-BAY.jpg\",\"datePublished\":\"2022-11-22T10:03:14+00:00\",\"dateModified\":\"2023-12-26T07:07:40+00:00\",\"description\":\"O design ultrafino reduz a altura de toda a l\u00e2mpada e economiza os custos de embalagem e transporte. Com LED de alta efici\u00eancia luminosa, a efici\u00eancia de ilumina\u00e7\u00e3o da l\u00e2mpada inteira \u00e9 \u2265 160lm\\\/w, o que melhora muito a qualidade da ilumina\u00e7\u00e3o no espa\u00e7o e aumenta a efici\u00eancia do trabalho.\",\"breadcrumb\":{\"@id\":\"https:\\\/\\\/www.zhgdled.com\\\/pt-br\\\/comte-series-high-bay-light-w-zhaga-base.html#breadcrumb\"},\"inLanguage\":\"pt-BR\",\"potentialAction\":[{\"@type\":\"ReadAction\",\"target\":[\"https:\\\/\\\/www.zhgdled.com\\\/pt-br\\\/comte-series-high-bay-light-w-zhaga-base.html\"]}]},{\"@type\":\"ImageObject\",\"inLanguage\":\"pt-BR\",\"@id\":\"https:\\\/\\\/www.zhgdled.com\\\/pt-br\\\/comte-series-high-bay-light-w-zhaga-base.html#primaryimage\",\"url\":\"https:\\\/\\\/www.zhgdled.com\\\/wp-content\\\/uploads\\\/2022\\\/11\\\/COUNT-SERIES-HIGH-BAY.jpg\",\"contentUrl\":\"https:\\\/\\\/www.zhgdled.com\\\/wp-content\\\/uploads\\\/2022\\\/11\\\/COUNT-SERIES-HIGH-BAY.jpg\",\"width\":1600,\"height\":1600,\"caption\":\"Luzes da ba\u00eda alta de Saturno\"},{\"@type\":\"BreadcrumbList\",\"@id\":\"https:\\\/\\\/www.zhgdled.com\\\/pt-br\\\/comte-series-high-bay-light-w-zhaga-base.html#breadcrumb\",\"itemListElement\":[{\"@type\":\"ListItem\",\"position\":1,\"name\":\"Home\",\"item\":\"https:\\\/\\\/www.zhgdled.com\\\/pt-br\"},{\"@type\":\"ListItem\",\"position\":2,\"name\":\"PRODUCTS\",\"item\":\"https:\\\/\\\/www.zhgdled.com\\\/zhl-products.html\"},{\"@type\":\"ListItem\",\"position\":3,\"name\":\"S\u00c9RIE SATURN HIGH BAY LIGHT COM BASE ZHAGA\"}]},{\"@type\":\"WebSite\",\"@id\":\"https:\\\/\\\/www.zhgdled.com\\\/pt-br\\\/#website\",\"url\":\"https:\\\/\\\/www.zhgdled.com\\\/pt-br\\\/\",\"name\":\"ZHL ILUMINA\u00c7\u00c3O INDUSTRIAL\",\"description\":\"Top ranking industrial lighting manufacturer and exporter\",\"publisher\":{\"@id\":\"https:\\\/\\\/www.zhgdled.com\\\/pt-br\\\/#organization\"},\"potentialAction\":[{\"@type\":\"SearchAction\",\"target\":{\"@type\":\"EntryPoint\",\"urlTemplate\":\"https:\\\/\\\/www.zhgdled.com\\\/pt-br\\\/?s={search_term_string}\"},\"query-input\":{\"@type\":\"PropertyValueSpecification\",\"valueRequired\":true,\"valueName\":\"search_term_string\"}}],\"inLanguage\":\"pt-BR\"},{\"@type\":\"Organization\",\"@id\":\"https:\\\/\\\/www.zhgdled.com\\\/pt-br\\\/#organization\",\"name\":\"ZHL Lighting Group\",\"url\":\"https:\\\/\\\/www.zhgdled.com\\\/pt-br\\\/\",\"logo\":{\"@type\":\"ImageObject\",\"inLanguage\":\"pt-BR\",\"@id\":\"https:\\\/\\\/www.zhgdled.com\\\/pt-br\\\/#\\\/schema\\\/logo\\\/image\\\/\",\"url\":\"\",\"contentUrl\":\"\",\"caption\":\"ZHL Lighting Group\"},\"image\":{\"@id\":\"https:\\\/\\\/www.zhgdled.com\\\/pt-br\\\/#\\\/schema\\\/logo\\\/image\\\/\"},\"sameAs\":[\"https:\\\/\\\/www.facebook.com\\\/zhllightinggroup\",\"https:\\\/\\\/x.com\\\/zhl_lighting\"]}]}<\/script>\n<!-- \/ Yoast SEO plugin. -->","yoast_head_json":{"title":"Luzes da ba\u00eda alta de SaturnoS\u00c9RIE SATURN HIGH BAY LIGHT COM BASE ZHAGA &#8211; ZHL ILUMINA\u00c7\u00c3O INDUSTRIAL","description":"O design ultrafino reduz a altura de toda a l\u00e2mpada e economiza os custos de embalagem e transporte. Com LED de alta efici\u00eancia luminosa, a efici\u00eancia de ilumina\u00e7\u00e3o da l\u00e2mpada inteira \u00e9 \u2265 160lm\/w, o que melhora muito a qualidade da ilumina\u00e7\u00e3o no espa\u00e7o e aumenta a efici\u00eancia do trabalho.","robots":{"index":"index","follow":"follow","max-snippet":"max-snippet:-1","max-image-preview":"max-image-preview:large","max-video-preview":"max-video-preview:-1"},"canonical":"https:\/\/www.zhgdled.com\/pt-br\/comte-series-high-bay-light-w-zhaga-base.html","og_locale":"pt_BR","og_type":"article","og_title":"Luzes da ba\u00eda alta de SaturnoS\u00c9RIE SATURN HIGH BAY LIGHT COM BASE ZHAGA &#8211; ZHL ILUMINA\u00c7\u00c3O INDUSTRIAL","og_description":"O design ultrafino reduz a altura de toda a l\u00e2mpada e economiza os custos de embalagem e transporte. Com LED de alta efici\u00eancia luminosa, a efici\u00eancia de ilumina\u00e7\u00e3o da l\u00e2mpada inteira \u00e9 \u2265 160lm\/w, o que melhora muito a qualidade da ilumina\u00e7\u00e3o no espa\u00e7o e aumenta a efici\u00eancia do trabalho.","og_url":"https:\/\/www.zhgdled.com\/pt-br\/comte-series-high-bay-light-w-zhaga-base.html","og_site_name":"ZHL ILUMINA\u00c7\u00c3O INDUSTRIAL","article_publisher":"https:\/\/www.facebook.com\/zhllightinggroup","article_modified_time":"2023-12-26T07:07:40+00:00","og_image":[{"width":1600,"height":1600,"url":"https:\/\/www.zhgdled.com\/wp-content\/uploads\/2022\/11\/COUNT-SERIES-HIGH-BAY.jpg","type":"image\/jpeg"}],"twitter_card":"summary_large_image","twitter_site":"@zhl_lighting","twitter_misc":{"Est. tempo de leitura":"1 minuto"},"schema":{"@context":"https:\/\/schema.org","@graph":[{"@type":"WebPage","@id":"https:\/\/www.zhgdled.com\/pt-br\/comte-series-high-bay-light-w-zhaga-base.html","url":"https:\/\/www.zhgdled.com\/pt-br\/comte-series-high-bay-light-w-zhaga-base.html","name":"Luzes da ba\u00eda alta de SaturnoS\u00c9RIE SATURN HIGH BAY LIGHT COM BASE ZHAGA &#8211; ZHL ILUMINA\u00c7\u00c3O INDUSTRIAL","isPartOf":{"@id":"https:\/\/www.zhgdled.com\/pt-br\/#website"},"primaryImageOfPage":{"@id":"https:\/\/www.zhgdled.com\/pt-br\/comte-series-high-bay-light-w-zhaga-base.html#primaryimage"},"image":{"@id":"https:\/\/www.zhgdled.com\/pt-br\/comte-series-high-bay-light-w-zhaga-base.html#primaryimage"},"thumbnailUrl":"https:\/\/www.zhgdled.com\/wp-content\/uploads\/2022\/11\/COUNT-SERIES-HIGH-BAY.jpg","datePublished":"2022-11-22T10:03:14+00:00","dateModified":"2023-12-26T07:07:40+00:00","description":"O design ultrafino reduz a altura de toda a l\u00e2mpada e economiza os custos de embalagem e transporte. Com LED de alta efici\u00eancia luminosa, a efici\u00eancia de ilumina\u00e7\u00e3o da l\u00e2mpada inteira \u00e9 \u2265 160lm\/w, o que melhora muito a qualidade da ilumina\u00e7\u00e3o no espa\u00e7o e aumenta a efici\u00eancia do trabalho.","breadcrumb":{"@id":"https:\/\/www.zhgdled.com\/pt-br\/comte-series-high-bay-light-w-zhaga-base.html#breadcrumb"},"inLanguage":"pt-BR","potentialAction":[{"@type":"ReadAction","target":["https:\/\/www.zhgdled.com\/pt-br\/comte-series-high-bay-light-w-zhaga-base.html"]}]},{"@type":"ImageObject","inLanguage":"pt-BR","@id":"https:\/\/www.zhgdled.com\/pt-br\/comte-series-high-bay-light-w-zhaga-base.html#primaryimage","url":"https:\/\/www.zhgdled.com\/wp-content\/uploads\/2022\/11\/COUNT-SERIES-HIGH-BAY.jpg","contentUrl":"https:\/\/www.zhgdled.com\/wp-content\/uploads\/2022\/11\/COUNT-SERIES-HIGH-BAY.jpg","width":1600,"height":1600,"caption":"Luzes da ba\u00eda alta de Saturno"},{"@type":"BreadcrumbList","@id":"https:\/\/www.zhgdled.com\/pt-br\/comte-series-high-bay-light-w-zhaga-base.html#breadcrumb","itemListElement":[{"@type":"ListItem","position":1,"name":"Home","item":"https:\/\/www.zhgdled.com\/pt-br"},{"@type":"ListItem","position":2,"name":"PRODUCTS","item":"https:\/\/www.zhgdled.com\/zhl-products.html"},{"@type":"ListItem","position":3,"name":"S\u00c9RIE SATURN HIGH BAY LIGHT COM BASE ZHAGA"}]},{"@type":"WebSite","@id":"https:\/\/www.zhgdled.com\/pt-br\/#website","url":"https:\/\/www.zhgdled.com\/pt-br\/","name":"ZHL ILUMINA\u00c7\u00c3O INDUSTRIAL","description":"Top ranking industrial lighting manufacturer and exporter","publisher":{"@id":"https:\/\/www.zhgdled.com\/pt-br\/#organization"},"potentialAction":[{"@type":"SearchAction","target":{"@type":"EntryPoint","urlTemplate":"https:\/\/www.zhgdled.com\/pt-br\/?s={search_term_string}"},"query-input":{"@type":"PropertyValueSpecification","valueRequired":true,"valueName":"search_term_string"}}],"inLanguage":"pt-BR"},{"@type":"Organization","@id":"https:\/\/www.zhgdled.com\/pt-br\/#organization","name":"ZHL Lighting Group","url":"https:\/\/www.zhgdled.com\/pt-br\/","logo":{"@type":"ImageObject","inLanguage":"pt-BR","@id":"https:\/\/www.zhgdled.com\/pt-br\/#\/schema\/logo\/image\/","url":"","contentUrl":"","caption":"ZHL Lighting Group"},"image":{"@id":"https:\/\/www.zhgdled.com\/pt-br\/#\/schema\/logo\/image\/"},"sameAs":["https:\/\/www.facebook.com\/zhllightinggroup","https:\/\/x.com\/zhl_lighting"]}]}},"_links":{"self":[{"href":"https:\/\/www.zhgdled.com\/pt-br\/wp-json\/wp\/v2\/product\/18759","targetHints":{"allow":["GET"]}}],"collection":[{"href":"https:\/\/www.zhgdled.com\/pt-br\/wp-json\/wp\/v2\/product"}],"about":[{"href":"https:\/\/www.zhgdled.com\/pt-br\/wp-json\/wp\/v2\/types\/product"}],"wp:featuredmedia":[{"embeddable":true,"href":"https:\/\/www.zhgdled.com\/pt-br\/wp-json\/wp\/v2\/media\/17784"}],"wp:attachment":[{"href":"https:\/\/www.zhgdled.com\/pt-br\/wp-json\/wp\/v2\/media?parent=18759"}],"wp:term":[{"taxonomy":"product_brand","embeddable":true,"href":"https:\/\/www.zhgdled.com\/pt-br\/wp-json\/wp\/v2\/product_brand?post=18759"},{"taxonomy":"product_cat","embeddable":true,"href":"https:\/\/www.zhgdled.com\/pt-br\/wp-json\/wp\/v2\/product_cat?post=18759"},{"taxonomy":"product_tag","embeddable":true,"href":"https:\/\/www.zhgdled.com\/pt-br\/wp-json\/wp\/v2\/product_tag?post=18759"}],"curies":[{"name":"wp","href":"https:\/\/api.w.org\/{rel}","templated":true}]}}