{"id":18761,"date":"2023-06-12T14:16:18","date_gmt":"2022-10-13T06:16:18","guid":{"rendered":"https:\/\/www.zhgdled.com\/product\/cob-rechargeable-work-light-10w"},"modified":"2023-12-26T14:36:07","modified_gmt":"2023-12-26T06:36:07","slug":"cob-rechargeable-work-light-10w","status":"publish","type":"product","link":"https:\/\/www.zhgdled.com\/pt-br\/cob-rechargeable-work-light-10w.html","title":{"rendered":"COB LUZ DE TRABALHO RECARREG\u00c1VEL 10W"},"content":{"rendered":"<h2>Para uso interno e externo<\/h2>\n<p>Para qualquer aplica\u00e7\u00e3o, condi\u00e7\u00f5es de luz profissionais e confort\u00e1veis s\u00e3o vitais para poder trabalhar com mais rapidez, precis\u00e3o e produtividade ao entardecer e no escuro. As luzes de trabalho de gama completa da ZHL cuidam disso gra\u00e7as ao seu processo de fabrica\u00e7\u00e3o confi\u00e1vel. A ZHL oferece a seguran\u00e7a de um produto de marca confi\u00e1vel. A ZHL\u00a0est\u00e1 estabelecida como um OEM global para todos os principais fabricantes internacionais de ilumina\u00e7\u00e3o, pois enfatizamos a mais alta qualidade em todas as \u00e1reas. Por exemplo, todas as luzes de trabalho s\u00e3o submetidas a testes de estresse extremo no desenvolvimento e na produ\u00e7\u00e3o. Mais informa\u00e7\u00f5es sobre nossos testes de qualidade podem ser encontradas nas p\u00e1ginas &#8220;Case&#8221; e &#8220;Pesquisa&#8221;.<\/p>\n<p>A tecnologia LED \u00e9 muito mais exigente do que as l\u00e2mpadas convencionais de halog\u00eanio e xen\u00f4nio. \u00c9 por isso que as diferen\u00e7as de qualidade s\u00e3o particularmente evidentes nesses dispositivos. A ZHL dedica-se ao mercado de luzes LED h\u00e1 anos.<\/p>\n<blockquote><p>Precisa de um cat\u00e1logo?\u00a0 <a href=\"https:\/\/www.zhgdled.com\/download\/cob-rechargeable-work-light\">Download catalogue of work light<\/a> &#8211; <a href=\"https:\/\/www.zhgdled.com\/download\/2022-zhl-product-catalogue\">Download catalogue for all ZHL Products<\/a><\/p><\/blockquote>\n<h2>ESPECIFICA\u00c7\u00c3O<\/h2>\n<table style=\"border-collapse: collapse; width: 370.52pt;\" border=\"0\" width=\"494\" cellspacing=\"0\" cellpadding=\"0\">\n<tbody>\n<tr style=\"height: 16.50pt;\">\n<td class=\"et2\" style=\"height: 16.50pt; width: 120.75pt;\" width=\"161\" height=\"22\">Poder:<\/td>\n<td class=\"et2\" style=\"width: 249.75pt;\" width=\"333\">10W<\/td>\n<\/tr>\n<tr style=\"height: 16.50pt;\">\n<td class=\"et2\" style=\"height: 16.50pt;\" height=\"22\">Fonte de luz:<\/td>\n<td class=\"et2\">COB<\/td>\n<\/tr>\n<tr style=\"height: 16.50pt;\">\n<td class=\"et2\" style=\"height: 16.50pt;\" height=\"22\">Fluxo luminoso:<\/td>\n<td class=\"et2\">1000lm<\/td>\n<\/tr>\n<tr style=\"height: 16.50pt;\">\n<td class=\"et2\" style=\"height: 16.50pt;\" height=\"22\">CRI<\/td>\n<td class=\"et2\">&gt;80<\/td>\n<\/tr>\n<tr style=\"height: 16.50pt;\">\n<td class=\"et2\" style=\"height: 16.50pt;\" height=\"22\">Fator de pot\u00eancia<\/td>\n<td class=\"et2\">&gt;0.9<\/td>\n<\/tr>\n<tr style=\"height: 16.50pt;\">\n<td class=\"et2\" style=\"height: 16.50pt;\" height=\"22\">\u00c2ngulo de feixe:<\/td>\n<td class=\"et2\">110\u00b0<\/td>\n<\/tr>\n<tr style=\"height: 16.50pt;\">\n<td class=\"et2\" style=\"height: 16.50pt;\" height=\"22\">Tens\u00e3o:<\/td>\n<td class=\"et2\">4.5V DC<\/td>\n<\/tr>\n<tr style=\"height: 16.50pt;\">\n<td class=\"et2\" style=\"height: 16.50pt;\" height=\"22\">CCT:<\/td>\n<td class=\"et2\">2700K-3200K \/ 4000K-4500K \/ 6000K-6500K<\/td>\n<\/tr>\n<tr style=\"height: 16.50pt;\">\n<td class=\"et2\" style=\"height: 16.50pt;\" height=\"22\">Classifica\u00e7\u00e3o \u00e0 prova d&#8217;\u00e1gua:<\/td>\n<td class=\"et2\">IP54<\/td>\n<\/tr>\n<tr style=\"height: 16.50pt;\">\n<td class=\"et2\" style=\"height: 16.50pt;\" height=\"22\">Vida \u00fatil:<\/td>\n<td class=\"et2\">30.000 horas<\/td>\n<\/tr>\n<tr style=\"height: 16.50pt;\">\n<td class=\"et2\" style=\"height: 16.50pt;\" height=\"22\">Material:<\/td>\n<td class=\"et2\">Alum\u00ednio, Nylonpower<\/td>\n<\/tr>\n<tr style=\"height: 16.50pt;\">\n<td class=\"et2\" style=\"height: 16.50pt;\" height=\"22\">Modo de luz:<\/td>\n<td class=\"et2\">100% brilho \/ 50% brilho \/ Desligado<\/td>\n<\/tr>\n<tr style=\"height: 16.50pt;\">\n<td class=\"et2\" style=\"height: 16.50pt;\" height=\"22\">O tempo de carga:<\/td>\n<td class=\"et2\">3 horas.<\/td>\n<\/tr>\n<tr style=\"height: 16.50pt;\">\n<td class=\"et2\" style=\"height: 16.50pt;\" height=\"22\">Tempo de descarga:<\/td>\n<td class=\"et2\">4 horas<\/td>\n<\/tr>\n<tr style=\"height: 16.50pt;\">\n<td class=\"et2\" style=\"height: 16.50pt;\" height=\"22\">Capacidade de carga:<\/td>\n<td class=\"et2\">4.4AH \/ 3.7V<\/td>\n<\/tr>\n<tr style=\"height: 16.50pt;\">\n<td class=\"et2\" style=\"height: 16.50pt;\" height=\"22\">Garantia:<\/td>\n<td class=\"et2\">2 anos<\/td>\n<\/tr>\n<\/tbody>\n<\/table>\n<p>&nbsp;<\/p>\n<p><img decoding=\"async\" class=\"size-full wp-image-17416\" src=\"https:\/\/www.zhgdled.com\/wp-content\/uploads\/2022\/10\/20221026093308.jpg\" alt=\"COB rechargeable work light\" width=\"1279\" height=\"850\" srcset=\"https:\/\/www.zhgdled.com\/wp-content\/uploads\/2022\/10\/20221026093308.jpg 1279w, https:\/\/www.zhgdled.com\/wp-content\/uploads\/2022\/10\/20221026093308-300x199.jpg 300w, https:\/\/www.zhgdled.com\/wp-content\/uploads\/2022\/10\/20221026093308-1024x681.jpg 1024w, https:\/\/www.zhgdled.com\/wp-content\/uploads\/2022\/10\/20221026093308-768x510.jpg 768w, https:\/\/www.zhgdled.com\/wp-content\/uploads\/2022\/10\/20221026093308-600x399.jpg 600w, https:\/\/www.zhgdled.com\/wp-content\/uploads\/2022\/10\/20221026093308-150x100.jpg 150w\" sizes=\"(max-width: 1279px) 100vw, 1279px\" \/><\/p>\n","protected":false},"excerpt":{"rendered":"<p>As luzes de trabalho de gama completa da ZHL ajudam a trabalhar mais r\u00e1pido, com mais precis\u00e3o e produtividade ao entardecer e no escuro, gra\u00e7as ao seu processo de fabrica\u00e7\u00e3o confi\u00e1vel.<\/p>\n<ul>\n<li>Pot\u00eancia: 10W<\/li>\n<li>Fonte de luz: COB<\/li>\n<li>Fluxo luminoso: 1000lm<\/li>\n<li>Ra&gt;80, PF&gt;0.9<\/li>\n<li>\u00c2ngulo de feixe: 110\u00b0<\/li>\n<li>Tens\u00e3o: 4,5 V CC<\/li>\n<li>CCT: 2700K-3200K \/ 4000K-4500K \/ 6000K-6500K<\/li>\n<\/ul>\n","protected":false},"featured_media":17277,"template":"","meta":[],"product_brand":[],"product_cat":[643],"product_tag":[],"class_list":{"0":"post-18761","1":"product","2":"type-product","3":"status-publish","4":"has-post-thumbnail","6":"product_cat-luzes-de-trabalho","8":"first","9":"instock","10":"shipping-taxable","11":"product-type-simple"},"yoast_head":"<!-- This site is optimized with the Yoast SEO plugin v27.4 - https:\/\/yoast.com\/product\/yoast-seo-wordpress\/ -->\n<title>cob luz de trabalho recarreg\u00e1velCOB LUZ DE TRABALHO RECARREG\u00c1VEL 10W &#8211; ZHL ILUMINA\u00c7\u00c3O INDUSTRIAL<\/title>\n<meta name=\"description\" content=\"As luzes de trabalho de gama completa da ZHL ajudam a trabalhar mais r\u00e1pido, com mais precis\u00e3o e produtividade ao entardecer e no escuro, gra\u00e7as ao seu processo de fabrica\u00e7\u00e3o confi\u00e1vel.\" \/>\n<meta name=\"robots\" content=\"index, follow, max-snippet:-1, max-image-preview:large, max-video-preview:-1\" \/>\n<link rel=\"canonical\" href=\"https:\/\/www.zhgdled.com\/pt-br\/cob-rechargeable-work-light-10w.html\" \/>\n<meta property=\"og:locale\" content=\"pt_BR\" \/>\n<meta property=\"og:type\" content=\"article\" \/>\n<meta property=\"og:title\" content=\"cob luz de trabalho recarreg\u00e1velCOB LUZ DE TRABALHO RECARREG\u00c1VEL 10W &#8211; ZHL ILUMINA\u00c7\u00c3O INDUSTRIAL\" \/>\n<meta property=\"og:description\" content=\"As luzes de trabalho de gama completa da ZHL ajudam a trabalhar mais r\u00e1pido, com mais precis\u00e3o e produtividade ao entardecer e no escuro, gra\u00e7as ao seu processo de fabrica\u00e7\u00e3o confi\u00e1vel.\" \/>\n<meta property=\"og:url\" content=\"https:\/\/www.zhgdled.com\/pt-br\/cob-rechargeable-work-light-10w.html\" \/>\n<meta property=\"og:site_name\" content=\"ZHL ILUMINA\u00c7\u00c3O INDUSTRIAL\" \/>\n<meta property=\"article:publisher\" content=\"https:\/\/www.facebook.com\/zhllightinggroup\" \/>\n<meta property=\"article:modified_time\" content=\"2023-12-26T06:36:07+00:00\" \/>\n<meta property=\"og:image\" content=\"https:\/\/www.zhgdled.com\/wp-content\/uploads\/2022\/10\/COB_RECHARGEABLE_WORK_LIGHT.png\" \/>\n\t<meta property=\"og:image:width\" content=\"1600\" \/>\n\t<meta property=\"og:image:height\" content=\"1600\" \/>\n\t<meta property=\"og:image:type\" content=\"image\/png\" \/>\n<meta name=\"twitter:card\" content=\"summary_large_image\" \/>\n<meta name=\"twitter:site\" content=\"@zhl_lighting\" \/>\n<meta name=\"twitter:label1\" content=\"Est. tempo de leitura\" \/>\n\t<meta name=\"twitter:data1\" content=\"2 minutos\" \/>\n<script type=\"application\/ld+json\" class=\"yoast-schema-graph\">{\"@context\":\"https:\\\/\\\/schema.org\",\"@graph\":[{\"@type\":\"WebPage\",\"@id\":\"https:\\\/\\\/www.zhgdled.com\\\/pt-br\\\/cob-rechargeable-work-light-10w.html\",\"url\":\"https:\\\/\\\/www.zhgdled.com\\\/pt-br\\\/cob-rechargeable-work-light-10w.html\",\"name\":\"cob luz de trabalho recarreg\u00e1velCOB LUZ DE TRABALHO RECARREG\u00c1VEL 10W &#8211; ZHL ILUMINA\u00c7\u00c3O INDUSTRIAL\",\"isPartOf\":{\"@id\":\"https:\\\/\\\/www.zhgdled.com\\\/pt-br\\\/#website\"},\"primaryImageOfPage\":{\"@id\":\"https:\\\/\\\/www.zhgdled.com\\\/pt-br\\\/cob-rechargeable-work-light-10w.html#primaryimage\"},\"image\":{\"@id\":\"https:\\\/\\\/www.zhgdled.com\\\/pt-br\\\/cob-rechargeable-work-light-10w.html#primaryimage\"},\"thumbnailUrl\":\"https:\\\/\\\/www.zhgdled.com\\\/wp-content\\\/uploads\\\/2022\\\/10\\\/COB_RECHARGEABLE_WORK_LIGHT.png\",\"datePublished\":\"2022-10-13T06:16:18+00:00\",\"dateModified\":\"2023-12-26T06:36:07+00:00\",\"description\":\"As luzes de trabalho de gama completa da ZHL ajudam a trabalhar mais r\u00e1pido, com mais precis\u00e3o e produtividade ao entardecer e no escuro, gra\u00e7as ao seu processo de fabrica\u00e7\u00e3o confi\u00e1vel.\",\"breadcrumb\":{\"@id\":\"https:\\\/\\\/www.zhgdled.com\\\/pt-br\\\/cob-rechargeable-work-light-10w.html#breadcrumb\"},\"inLanguage\":\"pt-BR\",\"potentialAction\":[{\"@type\":\"ReadAction\",\"target\":[\"https:\\\/\\\/www.zhgdled.com\\\/pt-br\\\/cob-rechargeable-work-light-10w.html\"]}]},{\"@type\":\"ImageObject\",\"inLanguage\":\"pt-BR\",\"@id\":\"https:\\\/\\\/www.zhgdled.com\\\/pt-br\\\/cob-rechargeable-work-light-10w.html#primaryimage\",\"url\":\"https:\\\/\\\/www.zhgdled.com\\\/wp-content\\\/uploads\\\/2022\\\/10\\\/COB_RECHARGEABLE_WORK_LIGHT.png\",\"contentUrl\":\"https:\\\/\\\/www.zhgdled.com\\\/wp-content\\\/uploads\\\/2022\\\/10\\\/COB_RECHARGEABLE_WORK_LIGHT.png\",\"width\":1600,\"height\":1600,\"caption\":\"LUZ DE TRABALHO RECARREG\u00c1VEL COB\"},{\"@type\":\"BreadcrumbList\",\"@id\":\"https:\\\/\\\/www.zhgdled.com\\\/pt-br\\\/cob-rechargeable-work-light-10w.html#breadcrumb\",\"itemListElement\":[{\"@type\":\"ListItem\",\"position\":1,\"name\":\"Home\",\"item\":\"https:\\\/\\\/www.zhgdled.com\\\/pt-br\"},{\"@type\":\"ListItem\",\"position\":2,\"name\":\"PRODUCTS\",\"item\":\"https:\\\/\\\/www.zhgdled.com\\\/zhl-products.html\"},{\"@type\":\"ListItem\",\"position\":3,\"name\":\"COB LUZ DE TRABALHO RECARREG\u00c1VEL 10W\"}]},{\"@type\":\"WebSite\",\"@id\":\"https:\\\/\\\/www.zhgdled.com\\\/pt-br\\\/#website\",\"url\":\"https:\\\/\\\/www.zhgdled.com\\\/pt-br\\\/\",\"name\":\"ZHL ILUMINA\u00c7\u00c3O INDUSTRIAL\",\"description\":\"Top ranking industrial lighting manufacturer and exporter\",\"publisher\":{\"@id\":\"https:\\\/\\\/www.zhgdled.com\\\/pt-br\\\/#organization\"},\"potentialAction\":[{\"@type\":\"SearchAction\",\"target\":{\"@type\":\"EntryPoint\",\"urlTemplate\":\"https:\\\/\\\/www.zhgdled.com\\\/pt-br\\\/?s={search_term_string}\"},\"query-input\":{\"@type\":\"PropertyValueSpecification\",\"valueRequired\":true,\"valueName\":\"search_term_string\"}}],\"inLanguage\":\"pt-BR\"},{\"@type\":\"Organization\",\"@id\":\"https:\\\/\\\/www.zhgdled.com\\\/pt-br\\\/#organization\",\"name\":\"ZHL Lighting Group\",\"url\":\"https:\\\/\\\/www.zhgdled.com\\\/pt-br\\\/\",\"logo\":{\"@type\":\"ImageObject\",\"inLanguage\":\"pt-BR\",\"@id\":\"https:\\\/\\\/www.zhgdled.com\\\/pt-br\\\/#\\\/schema\\\/logo\\\/image\\\/\",\"url\":\"\",\"contentUrl\":\"\",\"caption\":\"ZHL Lighting Group\"},\"image\":{\"@id\":\"https:\\\/\\\/www.zhgdled.com\\\/pt-br\\\/#\\\/schema\\\/logo\\\/image\\\/\"},\"sameAs\":[\"https:\\\/\\\/www.facebook.com\\\/zhllightinggroup\",\"https:\\\/\\\/x.com\\\/zhl_lighting\"]}]}<\/script>\n<!-- \/ Yoast SEO plugin. -->","yoast_head_json":{"title":"cob luz de trabalho recarreg\u00e1velCOB LUZ DE TRABALHO RECARREG\u00c1VEL 10W &#8211; ZHL ILUMINA\u00c7\u00c3O INDUSTRIAL","description":"As luzes de trabalho de gama completa da ZHL ajudam a trabalhar mais r\u00e1pido, com mais precis\u00e3o e produtividade ao entardecer e no escuro, gra\u00e7as ao seu processo de fabrica\u00e7\u00e3o confi\u00e1vel.","robots":{"index":"index","follow":"follow","max-snippet":"max-snippet:-1","max-image-preview":"max-image-preview:large","max-video-preview":"max-video-preview:-1"},"canonical":"https:\/\/www.zhgdled.com\/pt-br\/cob-rechargeable-work-light-10w.html","og_locale":"pt_BR","og_type":"article","og_title":"cob luz de trabalho recarreg\u00e1velCOB LUZ DE TRABALHO RECARREG\u00c1VEL 10W &#8211; ZHL ILUMINA\u00c7\u00c3O INDUSTRIAL","og_description":"As luzes de trabalho de gama completa da ZHL ajudam a trabalhar mais r\u00e1pido, com mais precis\u00e3o e produtividade ao entardecer e no escuro, gra\u00e7as ao seu processo de fabrica\u00e7\u00e3o confi\u00e1vel.","og_url":"https:\/\/www.zhgdled.com\/pt-br\/cob-rechargeable-work-light-10w.html","og_site_name":"ZHL ILUMINA\u00c7\u00c3O INDUSTRIAL","article_publisher":"https:\/\/www.facebook.com\/zhllightinggroup","article_modified_time":"2023-12-26T06:36:07+00:00","og_image":[{"width":1600,"height":1600,"url":"https:\/\/www.zhgdled.com\/wp-content\/uploads\/2022\/10\/COB_RECHARGEABLE_WORK_LIGHT.png","type":"image\/png"}],"twitter_card":"summary_large_image","twitter_site":"@zhl_lighting","twitter_misc":{"Est. tempo de leitura":"2 minutos"},"schema":{"@context":"https:\/\/schema.org","@graph":[{"@type":"WebPage","@id":"https:\/\/www.zhgdled.com\/pt-br\/cob-rechargeable-work-light-10w.html","url":"https:\/\/www.zhgdled.com\/pt-br\/cob-rechargeable-work-light-10w.html","name":"cob luz de trabalho recarreg\u00e1velCOB LUZ DE TRABALHO RECARREG\u00c1VEL 10W &#8211; ZHL ILUMINA\u00c7\u00c3O INDUSTRIAL","isPartOf":{"@id":"https:\/\/www.zhgdled.com\/pt-br\/#website"},"primaryImageOfPage":{"@id":"https:\/\/www.zhgdled.com\/pt-br\/cob-rechargeable-work-light-10w.html#primaryimage"},"image":{"@id":"https:\/\/www.zhgdled.com\/pt-br\/cob-rechargeable-work-light-10w.html#primaryimage"},"thumbnailUrl":"https:\/\/www.zhgdled.com\/wp-content\/uploads\/2022\/10\/COB_RECHARGEABLE_WORK_LIGHT.png","datePublished":"2022-10-13T06:16:18+00:00","dateModified":"2023-12-26T06:36:07+00:00","description":"As luzes de trabalho de gama completa da ZHL ajudam a trabalhar mais r\u00e1pido, com mais precis\u00e3o e produtividade ao entardecer e no escuro, gra\u00e7as ao seu processo de fabrica\u00e7\u00e3o confi\u00e1vel.","breadcrumb":{"@id":"https:\/\/www.zhgdled.com\/pt-br\/cob-rechargeable-work-light-10w.html#breadcrumb"},"inLanguage":"pt-BR","potentialAction":[{"@type":"ReadAction","target":["https:\/\/www.zhgdled.com\/pt-br\/cob-rechargeable-work-light-10w.html"]}]},{"@type":"ImageObject","inLanguage":"pt-BR","@id":"https:\/\/www.zhgdled.com\/pt-br\/cob-rechargeable-work-light-10w.html#primaryimage","url":"https:\/\/www.zhgdled.com\/wp-content\/uploads\/2022\/10\/COB_RECHARGEABLE_WORK_LIGHT.png","contentUrl":"https:\/\/www.zhgdled.com\/wp-content\/uploads\/2022\/10\/COB_RECHARGEABLE_WORK_LIGHT.png","width":1600,"height":1600,"caption":"LUZ DE TRABALHO RECARREG\u00c1VEL COB"},{"@type":"BreadcrumbList","@id":"https:\/\/www.zhgdled.com\/pt-br\/cob-rechargeable-work-light-10w.html#breadcrumb","itemListElement":[{"@type":"ListItem","position":1,"name":"Home","item":"https:\/\/www.zhgdled.com\/pt-br"},{"@type":"ListItem","position":2,"name":"PRODUCTS","item":"https:\/\/www.zhgdled.com\/zhl-products.html"},{"@type":"ListItem","position":3,"name":"COB LUZ DE TRABALHO RECARREG\u00c1VEL 10W"}]},{"@type":"WebSite","@id":"https:\/\/www.zhgdled.com\/pt-br\/#website","url":"https:\/\/www.zhgdled.com\/pt-br\/","name":"ZHL ILUMINA\u00c7\u00c3O INDUSTRIAL","description":"Top ranking industrial lighting manufacturer and exporter","publisher":{"@id":"https:\/\/www.zhgdled.com\/pt-br\/#organization"},"potentialAction":[{"@type":"SearchAction","target":{"@type":"EntryPoint","urlTemplate":"https:\/\/www.zhgdled.com\/pt-br\/?s={search_term_string}"},"query-input":{"@type":"PropertyValueSpecification","valueRequired":true,"valueName":"search_term_string"}}],"inLanguage":"pt-BR"},{"@type":"Organization","@id":"https:\/\/www.zhgdled.com\/pt-br\/#organization","name":"ZHL Lighting Group","url":"https:\/\/www.zhgdled.com\/pt-br\/","logo":{"@type":"ImageObject","inLanguage":"pt-BR","@id":"https:\/\/www.zhgdled.com\/pt-br\/#\/schema\/logo\/image\/","url":"","contentUrl":"","caption":"ZHL Lighting Group"},"image":{"@id":"https:\/\/www.zhgdled.com\/pt-br\/#\/schema\/logo\/image\/"},"sameAs":["https:\/\/www.facebook.com\/zhllightinggroup","https:\/\/x.com\/zhl_lighting"]}]}},"_links":{"self":[{"href":"https:\/\/www.zhgdled.com\/pt-br\/wp-json\/wp\/v2\/product\/18761","targetHints":{"allow":["GET"]}}],"collection":[{"href":"https:\/\/www.zhgdled.com\/pt-br\/wp-json\/wp\/v2\/product"}],"about":[{"href":"https:\/\/www.zhgdled.com\/pt-br\/wp-json\/wp\/v2\/types\/product"}],"wp:featuredmedia":[{"embeddable":true,"href":"https:\/\/www.zhgdled.com\/pt-br\/wp-json\/wp\/v2\/media\/17277"}],"wp:attachment":[{"href":"https:\/\/www.zhgdled.com\/pt-br\/wp-json\/wp\/v2\/media?parent=18761"}],"wp:term":[{"taxonomy":"product_brand","embeddable":true,"href":"https:\/\/www.zhgdled.com\/pt-br\/wp-json\/wp\/v2\/product_brand?post=18761"},{"taxonomy":"product_cat","embeddable":true,"href":"https:\/\/www.zhgdled.com\/pt-br\/wp-json\/wp\/v2\/product_cat?post=18761"},{"taxonomy":"product_tag","embeddable":true,"href":"https:\/\/www.zhgdled.com\/pt-br\/wp-json\/wp\/v2\/product_tag?post=18761"}],"curies":[{"name":"wp","href":"https:\/\/api.w.org\/{rel}","templated":true}]}}