{"id":18763,"date":"2023-10-24T16:24:17","date_gmt":"2022-09-26T08:24:17","guid":{"rendered":"https:\/\/www.zhgdled.com\/product\/explorer-series-solar-street-light"},"modified":"2023-01-30T15:22:56","modified_gmt":"2023-01-30T07:22:56","slug":"luz-de-rua-solar-da-serie-explorer","status":"publish","type":"product","link":"https:\/\/www.zhgdled.com\/pt-br\/luz-de-rua-solar-da-serie-explorer.html","title":{"rendered":"ILUMINA\u00c7\u00c3O SOLAR S\u00c9RIE EXPLORER"},"content":{"rendered":"<h2>TRAGA LUZ PARA SUAS \u00c1REAS FORA DA REDE, INSTALE E V\u00c1, SEM NECESSIDADE DE FIA\u00c7\u00c3O<\/h2>\n<ul>\n<li>Alta efici\u00eancia luminosa &gt;180lm\/w para maximizar o desempenho da bateria.<\/li>\n<li>Controlador de carregamento PWM para m\u00e1xima efici\u00eancia de carregamento. Controle inteligente em c\u00edrculos de carga e descarga (mais de 2000 vezes).<\/li>\n<li>Funciona perfeitamente por 2-3 dias chuvosos no modo inteligente.<\/li>\n<li>Caixa de alum\u00ednio fundido ZHL para estabilidade e excelente dissipa\u00e7\u00e3o de calor.<\/li>\n<\/ul>\n<h2>APPLICATION<\/h2>\n<ul>\n<li>Estrada<\/li>\n<li>Centros comerciais<\/li>\n<li>Ind\u00fastrias, escrit\u00f3rios e campus escolar<\/li>\n<li>Parques, caminhos pedonais, ciclovias<\/li>\n<li>\u00c1reas suburbanas<\/li>\n<\/ul>\n<h2>SPECIFICATIONS<\/h2>\n<table>\n<tbody>\n<tr>\n<td width=\"284\">Pot\u00eancia (W)<\/td>\n<td width=\"284\">20w\/30w<\/td>\n<\/tr>\n<tr>\n<td width=\"284\">CCT<\/td>\n<td width=\"284\">5700K<\/td>\n<\/tr>\n<tr>\n<td width=\"284\">CRI<\/td>\n<td width=\"284\">Ra70<\/td>\n<\/tr>\n<tr>\n<td width=\"284\">Efici\u00eancia (lm\/w)<\/td>\n<td width=\"284\">180<\/td>\n<\/tr>\n<tr>\n<td width=\"284\">Fluxo Luminoso (lm)<\/td>\n<td width=\"284\">3600\/5400<\/td>\n<\/tr>\n<tr>\n<td width=\"284\">Regul\u00e1vel<\/td>\n<td width=\"284\">Sim<\/td>\n<\/tr>\n<tr>\n<td width=\"284\">Localiza\u00e7\u00e3o da bateria<\/td>\n<td width=\"284\">Constru\u00eddas em<\/td>\n<\/tr>\n<tr>\n<td width=\"284\">c\u00edrculos de bateria<\/td>\n<td width=\"284\">2000 vezes<\/td>\n<\/tr>\n<tr>\n<td width=\"284\">Tipo de Bateria<\/td>\n<td width=\"284\">LiFePO4<\/td>\n<\/tr>\n<tr>\n<td width=\"284\">controlador de carregamento<\/td>\n<td width=\"284\">PWM<\/td>\n<\/tr>\n<tr>\n<td width=\"284\">Painel solar<\/td>\n<td width=\"284\">Monocristalino<\/td>\n<\/tr>\n<tr>\n<td width=\"284\">Modo de trabalho<\/td>\n<td width=\"284\">Microondas, controle de tempo, controle remoto<\/td>\n<\/tr>\n<tr>\n<td width=\"284\">Faixa de temperatura ambiente<\/td>\n<td width=\"284\">-10\u2103-+45\u2103<\/td>\n<\/tr>\n<\/tbody>\n<\/table>\n","protected":false},"excerpt":{"rendered":"<p>Alta efici\u00eancia luminosa &gt;180lm\/w para maximizar o desempenho da bateria. Controlador de carregamento PWM para m\u00e1xima efici\u00eancia de carregamento. Controle inteligente em c\u00edrculos de carga e descarga (mais de 2000 vezes). Funciona perfeitamente por 2-3 dias chuvosos no modo inteligente. Caixa de alum\u00ednio fundido ZHL para estabilidade e excelente dissipa\u00e7\u00e3o de calor.<\/p>\n<p><a href=\"https:\/\/www.zhgdled.com\/download\/explorer-series-solar-street-lights\">Click here<\/a> to baixar cat\u00e1logo<\/p>\n<ul>\n<li>Pot\u00eancia: 20w\/30w<\/li>\n<li>5700K<\/li>\n<li>180lm\/w<\/li>\n<li>Bateria LiFePO4, &gt;2000 c\u00edrculos de carga<\/li>\n<li>Microondas, controle de tempo, controle remoto<\/li>\n<\/ul>\n","protected":false},"featured_media":17240,"template":"","meta":[],"product_brand":[],"product_cat":[],"product_tag":[],"class_list":{"0":"post-18763","1":"product","2":"type-product","3":"status-publish","4":"has-post-thumbnail","7":"first","8":"instock","9":"shipping-taxable","10":"product-type-simple"},"yoast_head":"<!-- This site is optimized with the Yoast SEO plugin v27.4 - https:\/\/yoast.com\/product\/yoast-seo-wordpress\/ -->\n<title>ILUMINA\u00c7\u00c3O SOLAR S\u00c9RIE EXPLORERILUMINA\u00c7\u00c3O SOLAR S\u00c9RIE EXPLORER &#8211; ZHL ILUMINA\u00c7\u00c3O INDUSTRIAL<\/title>\n<meta name=\"description\" content=\"Alta efici\u00eancia luminosa &gt;180lm\/w para maximizar o desempenho da bateria. Controlador de carregamento PWM para m\u00e1xima efici\u00eancia de carregamento. Controle inteligente em c\u00edrculos de carga e descarga (mais de 2000 vezes). Funciona perfeitamente por 2-3 dias chuvosos no modo inteligente. Carca\u00e7a de alum\u00ednio fundido ZHL para estabilidade e excelente dissipa\u00e7\u00e3o de calor.\" \/>\n<meta name=\"robots\" content=\"index, follow, max-snippet:-1, max-image-preview:large, max-video-preview:-1\" \/>\n<link rel=\"canonical\" href=\"https:\/\/www.zhgdled.com\/pt-br\/luz-de-rua-solar-da-serie-explorer.html\" \/>\n<meta property=\"og:locale\" content=\"pt_BR\" \/>\n<meta property=\"og:type\" content=\"article\" \/>\n<meta property=\"og:title\" content=\"ILUMINA\u00c7\u00c3O SOLAR S\u00c9RIE EXPLORERILUMINA\u00c7\u00c3O SOLAR S\u00c9RIE EXPLORER &#8211; ZHL ILUMINA\u00c7\u00c3O INDUSTRIAL\" \/>\n<meta property=\"og:description\" content=\"Alta efici\u00eancia luminosa &gt;180lm\/w para maximizar o desempenho da bateria. Controlador de carregamento PWM para m\u00e1xima efici\u00eancia de carregamento. Controle inteligente em c\u00edrculos de carga e descarga (mais de 2000 vezes). Funciona perfeitamente por 2-3 dias chuvosos no modo inteligente. Carca\u00e7a de alum\u00ednio fundido ZHL para estabilidade e excelente dissipa\u00e7\u00e3o de calor.\" \/>\n<meta property=\"og:url\" content=\"https:\/\/www.zhgdled.com\/pt-br\/luz-de-rua-solar-da-serie-explorer.html\" \/>\n<meta property=\"og:site_name\" content=\"ZHL ILUMINA\u00c7\u00c3O INDUSTRIAL\" \/>\n<meta property=\"article:publisher\" content=\"https:\/\/www.facebook.com\/zhllightinggroup\" \/>\n<meta property=\"article:modified_time\" content=\"2023-01-30T07:22:56+00:00\" \/>\n<meta property=\"og:image\" content=\"https:\/\/www.zhgdled.com\/wp-content\/uploads\/2022\/09\/1664173366336.jpg\" \/>\n\t<meta property=\"og:image:width\" content=\"1721\" \/>\n\t<meta property=\"og:image:height\" content=\"1721\" \/>\n\t<meta property=\"og:image:type\" content=\"image\/jpeg\" \/>\n<meta name=\"twitter:card\" content=\"summary_large_image\" \/>\n<meta name=\"twitter:site\" content=\"@zhl_lighting\" \/>\n<meta name=\"twitter:label1\" content=\"Est. tempo de leitura\" \/>\n\t<meta name=\"twitter:data1\" content=\"1 minuto\" \/>\n<script type=\"application\/ld+json\" class=\"yoast-schema-graph\">{\"@context\":\"https:\\\/\\\/schema.org\",\"@graph\":[{\"@type\":\"WebPage\",\"@id\":\"https:\\\/\\\/www.zhgdled.com\\\/pt-br\\\/luz-de-rua-solar-da-serie-explorer.html\",\"url\":\"https:\\\/\\\/www.zhgdled.com\\\/pt-br\\\/luz-de-rua-solar-da-serie-explorer.html\",\"name\":\"ILUMINA\u00c7\u00c3O SOLAR S\u00c9RIE EXPLORERILUMINA\u00c7\u00c3O SOLAR S\u00c9RIE EXPLORER &#8211; ZHL ILUMINA\u00c7\u00c3O INDUSTRIAL\",\"isPartOf\":{\"@id\":\"https:\\\/\\\/www.zhgdled.com\\\/pt-br\\\/#website\"},\"primaryImageOfPage\":{\"@id\":\"https:\\\/\\\/www.zhgdled.com\\\/pt-br\\\/luz-de-rua-solar-da-serie-explorer.html#primaryimage\"},\"image\":{\"@id\":\"https:\\\/\\\/www.zhgdled.com\\\/pt-br\\\/luz-de-rua-solar-da-serie-explorer.html#primaryimage\"},\"thumbnailUrl\":\"https:\\\/\\\/www.zhgdled.com\\\/wp-content\\\/uploads\\\/2022\\\/09\\\/1664173366336.jpg\",\"datePublished\":\"2022-09-26T08:24:17+00:00\",\"dateModified\":\"2023-01-30T07:22:56+00:00\",\"description\":\"Alta efici\u00eancia luminosa >180lm\\\/w para maximizar o desempenho da bateria. Controlador de carregamento PWM para m\u00e1xima efici\u00eancia de carregamento. Controle inteligente em c\u00edrculos de carga e descarga (mais de 2000 vezes). Funciona perfeitamente por 2-3 dias chuvosos no modo inteligente. Carca\u00e7a de alum\u00ednio fundido ZHL para estabilidade e excelente dissipa\u00e7\u00e3o de calor.\",\"breadcrumb\":{\"@id\":\"https:\\\/\\\/www.zhgdled.com\\\/pt-br\\\/luz-de-rua-solar-da-serie-explorer.html#breadcrumb\"},\"inLanguage\":\"pt-BR\",\"potentialAction\":[{\"@type\":\"ReadAction\",\"target\":[\"https:\\\/\\\/www.zhgdled.com\\\/pt-br\\\/luz-de-rua-solar-da-serie-explorer.html\"]}]},{\"@type\":\"ImageObject\",\"inLanguage\":\"pt-BR\",\"@id\":\"https:\\\/\\\/www.zhgdled.com\\\/pt-br\\\/luz-de-rua-solar-da-serie-explorer.html#primaryimage\",\"url\":\"https:\\\/\\\/www.zhgdled.com\\\/wp-content\\\/uploads\\\/2022\\\/09\\\/1664173366336.jpg\",\"contentUrl\":\"https:\\\/\\\/www.zhgdled.com\\\/wp-content\\\/uploads\\\/2022\\\/09\\\/1664173366336.jpg\",\"width\":1721,\"height\":1721,\"caption\":\"Luz de rua solar da s\u00e9rie Explorer\"},{\"@type\":\"BreadcrumbList\",\"@id\":\"https:\\\/\\\/www.zhgdled.com\\\/pt-br\\\/luz-de-rua-solar-da-serie-explorer.html#breadcrumb\",\"itemListElement\":[{\"@type\":\"ListItem\",\"position\":1,\"name\":\"Home\",\"item\":\"https:\\\/\\\/www.zhgdled.com\\\/pt-br\"},{\"@type\":\"ListItem\",\"position\":2,\"name\":\"PRODUCTS\",\"item\":\"https:\\\/\\\/www.zhgdled.com\\\/zhl-products.html\"},{\"@type\":\"ListItem\",\"position\":3,\"name\":\"ILUMINA\u00c7\u00c3O SOLAR S\u00c9RIE EXPLORER\"}]},{\"@type\":\"WebSite\",\"@id\":\"https:\\\/\\\/www.zhgdled.com\\\/pt-br\\\/#website\",\"url\":\"https:\\\/\\\/www.zhgdled.com\\\/pt-br\\\/\",\"name\":\"ZHL ILUMINA\u00c7\u00c3O INDUSTRIAL\",\"description\":\"Top ranking industrial lighting manufacturer and exporter\",\"publisher\":{\"@id\":\"https:\\\/\\\/www.zhgdled.com\\\/pt-br\\\/#organization\"},\"potentialAction\":[{\"@type\":\"SearchAction\",\"target\":{\"@type\":\"EntryPoint\",\"urlTemplate\":\"https:\\\/\\\/www.zhgdled.com\\\/pt-br\\\/?s={search_term_string}\"},\"query-input\":{\"@type\":\"PropertyValueSpecification\",\"valueRequired\":true,\"valueName\":\"search_term_string\"}}],\"inLanguage\":\"pt-BR\"},{\"@type\":\"Organization\",\"@id\":\"https:\\\/\\\/www.zhgdled.com\\\/pt-br\\\/#organization\",\"name\":\"ZHL Lighting Group\",\"url\":\"https:\\\/\\\/www.zhgdled.com\\\/pt-br\\\/\",\"logo\":{\"@type\":\"ImageObject\",\"inLanguage\":\"pt-BR\",\"@id\":\"https:\\\/\\\/www.zhgdled.com\\\/pt-br\\\/#\\\/schema\\\/logo\\\/image\\\/\",\"url\":\"\",\"contentUrl\":\"\",\"caption\":\"ZHL Lighting Group\"},\"image\":{\"@id\":\"https:\\\/\\\/www.zhgdled.com\\\/pt-br\\\/#\\\/schema\\\/logo\\\/image\\\/\"},\"sameAs\":[\"https:\\\/\\\/www.facebook.com\\\/zhllightinggroup\",\"https:\\\/\\\/x.com\\\/zhl_lighting\"]}]}<\/script>\n<!-- \/ Yoast SEO plugin. -->","yoast_head_json":{"title":"ILUMINA\u00c7\u00c3O SOLAR S\u00c9RIE EXPLORERILUMINA\u00c7\u00c3O SOLAR S\u00c9RIE EXPLORER &#8211; ZHL ILUMINA\u00c7\u00c3O INDUSTRIAL","description":"Alta efici\u00eancia luminosa >180lm\/w para maximizar o desempenho da bateria. Controlador de carregamento PWM para m\u00e1xima efici\u00eancia de carregamento. Controle inteligente em c\u00edrculos de carga e descarga (mais de 2000 vezes). Funciona perfeitamente por 2-3 dias chuvosos no modo inteligente. Carca\u00e7a de alum\u00ednio fundido ZHL para estabilidade e excelente dissipa\u00e7\u00e3o de calor.","robots":{"index":"index","follow":"follow","max-snippet":"max-snippet:-1","max-image-preview":"max-image-preview:large","max-video-preview":"max-video-preview:-1"},"canonical":"https:\/\/www.zhgdled.com\/pt-br\/luz-de-rua-solar-da-serie-explorer.html","og_locale":"pt_BR","og_type":"article","og_title":"ILUMINA\u00c7\u00c3O SOLAR S\u00c9RIE EXPLORERILUMINA\u00c7\u00c3O SOLAR S\u00c9RIE EXPLORER &#8211; ZHL ILUMINA\u00c7\u00c3O INDUSTRIAL","og_description":"Alta efici\u00eancia luminosa >180lm\/w para maximizar o desempenho da bateria. Controlador de carregamento PWM para m\u00e1xima efici\u00eancia de carregamento. Controle inteligente em c\u00edrculos de carga e descarga (mais de 2000 vezes). Funciona perfeitamente por 2-3 dias chuvosos no modo inteligente. Carca\u00e7a de alum\u00ednio fundido ZHL para estabilidade e excelente dissipa\u00e7\u00e3o de calor.","og_url":"https:\/\/www.zhgdled.com\/pt-br\/luz-de-rua-solar-da-serie-explorer.html","og_site_name":"ZHL ILUMINA\u00c7\u00c3O INDUSTRIAL","article_publisher":"https:\/\/www.facebook.com\/zhllightinggroup","article_modified_time":"2023-01-30T07:22:56+00:00","og_image":[{"width":1721,"height":1721,"url":"https:\/\/www.zhgdled.com\/wp-content\/uploads\/2022\/09\/1664173366336.jpg","type":"image\/jpeg"}],"twitter_card":"summary_large_image","twitter_site":"@zhl_lighting","twitter_misc":{"Est. tempo de leitura":"1 minuto"},"schema":{"@context":"https:\/\/schema.org","@graph":[{"@type":"WebPage","@id":"https:\/\/www.zhgdled.com\/pt-br\/luz-de-rua-solar-da-serie-explorer.html","url":"https:\/\/www.zhgdled.com\/pt-br\/luz-de-rua-solar-da-serie-explorer.html","name":"ILUMINA\u00c7\u00c3O SOLAR S\u00c9RIE EXPLORERILUMINA\u00c7\u00c3O SOLAR S\u00c9RIE EXPLORER &#8211; ZHL ILUMINA\u00c7\u00c3O INDUSTRIAL","isPartOf":{"@id":"https:\/\/www.zhgdled.com\/pt-br\/#website"},"primaryImageOfPage":{"@id":"https:\/\/www.zhgdled.com\/pt-br\/luz-de-rua-solar-da-serie-explorer.html#primaryimage"},"image":{"@id":"https:\/\/www.zhgdled.com\/pt-br\/luz-de-rua-solar-da-serie-explorer.html#primaryimage"},"thumbnailUrl":"https:\/\/www.zhgdled.com\/wp-content\/uploads\/2022\/09\/1664173366336.jpg","datePublished":"2022-09-26T08:24:17+00:00","dateModified":"2023-01-30T07:22:56+00:00","description":"Alta efici\u00eancia luminosa >180lm\/w para maximizar o desempenho da bateria. Controlador de carregamento PWM para m\u00e1xima efici\u00eancia de carregamento. Controle inteligente em c\u00edrculos de carga e descarga (mais de 2000 vezes). Funciona perfeitamente por 2-3 dias chuvosos no modo inteligente. Carca\u00e7a de alum\u00ednio fundido ZHL para estabilidade e excelente dissipa\u00e7\u00e3o de calor.","breadcrumb":{"@id":"https:\/\/www.zhgdled.com\/pt-br\/luz-de-rua-solar-da-serie-explorer.html#breadcrumb"},"inLanguage":"pt-BR","potentialAction":[{"@type":"ReadAction","target":["https:\/\/www.zhgdled.com\/pt-br\/luz-de-rua-solar-da-serie-explorer.html"]}]},{"@type":"ImageObject","inLanguage":"pt-BR","@id":"https:\/\/www.zhgdled.com\/pt-br\/luz-de-rua-solar-da-serie-explorer.html#primaryimage","url":"https:\/\/www.zhgdled.com\/wp-content\/uploads\/2022\/09\/1664173366336.jpg","contentUrl":"https:\/\/www.zhgdled.com\/wp-content\/uploads\/2022\/09\/1664173366336.jpg","width":1721,"height":1721,"caption":"Luz de rua solar da s\u00e9rie Explorer"},{"@type":"BreadcrumbList","@id":"https:\/\/www.zhgdled.com\/pt-br\/luz-de-rua-solar-da-serie-explorer.html#breadcrumb","itemListElement":[{"@type":"ListItem","position":1,"name":"Home","item":"https:\/\/www.zhgdled.com\/pt-br"},{"@type":"ListItem","position":2,"name":"PRODUCTS","item":"https:\/\/www.zhgdled.com\/zhl-products.html"},{"@type":"ListItem","position":3,"name":"ILUMINA\u00c7\u00c3O SOLAR S\u00c9RIE EXPLORER"}]},{"@type":"WebSite","@id":"https:\/\/www.zhgdled.com\/pt-br\/#website","url":"https:\/\/www.zhgdled.com\/pt-br\/","name":"ZHL ILUMINA\u00c7\u00c3O INDUSTRIAL","description":"Top ranking industrial lighting manufacturer and exporter","publisher":{"@id":"https:\/\/www.zhgdled.com\/pt-br\/#organization"},"potentialAction":[{"@type":"SearchAction","target":{"@type":"EntryPoint","urlTemplate":"https:\/\/www.zhgdled.com\/pt-br\/?s={search_term_string}"},"query-input":{"@type":"PropertyValueSpecification","valueRequired":true,"valueName":"search_term_string"}}],"inLanguage":"pt-BR"},{"@type":"Organization","@id":"https:\/\/www.zhgdled.com\/pt-br\/#organization","name":"ZHL Lighting Group","url":"https:\/\/www.zhgdled.com\/pt-br\/","logo":{"@type":"ImageObject","inLanguage":"pt-BR","@id":"https:\/\/www.zhgdled.com\/pt-br\/#\/schema\/logo\/image\/","url":"","contentUrl":"","caption":"ZHL Lighting Group"},"image":{"@id":"https:\/\/www.zhgdled.com\/pt-br\/#\/schema\/logo\/image\/"},"sameAs":["https:\/\/www.facebook.com\/zhllightinggroup","https:\/\/x.com\/zhl_lighting"]}]}},"_links":{"self":[{"href":"https:\/\/www.zhgdled.com\/pt-br\/wp-json\/wp\/v2\/product\/18763","targetHints":{"allow":["GET"]}}],"collection":[{"href":"https:\/\/www.zhgdled.com\/pt-br\/wp-json\/wp\/v2\/product"}],"about":[{"href":"https:\/\/www.zhgdled.com\/pt-br\/wp-json\/wp\/v2\/types\/product"}],"wp:featuredmedia":[{"embeddable":true,"href":"https:\/\/www.zhgdled.com\/pt-br\/wp-json\/wp\/v2\/media\/17240"}],"wp:attachment":[{"href":"https:\/\/www.zhgdled.com\/pt-br\/wp-json\/wp\/v2\/media?parent=18763"}],"wp:term":[{"taxonomy":"product_brand","embeddable":true,"href":"https:\/\/www.zhgdled.com\/pt-br\/wp-json\/wp\/v2\/product_brand?post=18763"},{"taxonomy":"product_cat","embeddable":true,"href":"https:\/\/www.zhgdled.com\/pt-br\/wp-json\/wp\/v2\/product_cat?post=18763"},{"taxonomy":"product_tag","embeddable":true,"href":"https:\/\/www.zhgdled.com\/pt-br\/wp-json\/wp\/v2\/product_tag?post=18763"}],"curies":[{"name":"wp","href":"https:\/\/api.w.org\/{rel}","templated":true}]}}