{"id":18769,"date":"2023-11-01T11:35:29","date_gmt":"2022-08-29T03:35:29","guid":{"rendered":"https:\/\/www.zhgdled.com\/product\/led-linear-high-bay-light"},"modified":"2023-12-26T15:07:36","modified_gmt":"2023-12-26T07:07:36","slug":"led-linear-high-bay-light","status":"publish","type":"product","link":"https:\/\/www.zhgdled.com\/pt-br\/led-linear-high-bay-light.html","title":{"rendered":"LUZ LED LINEAR ALTA BAY"},"content":{"rendered":"<h2>PROJETADO PARA A MAIORIA DAS APLICA\u00c7\u00d5ES COMERCIAIS E INDUSTRIAIS<\/h2>\n<p>*Esta luz linear de alto brilho tem a maioria dos recursos de ilumina\u00e7\u00e3o LED: ligar\/desligar instant\u00e2neo, grande \u00e2ngulo de feixe e longa vida \u00fatil.<br \/>\n*Compat\u00edvel com sensores PIR ou microondas (opcional). Dist\u00e2ncia m\u00e1xima do sensor: 15m.<br \/>\n* IP65 \u00e0 prova d&#8217;\u00e1gua, padr\u00f5es IK08, se encaixa perfeitamente em locais complexos e severos.<br \/>\n*Sensor de microondas (opcional) torna este equipamento mais inteligente e ecol\u00f3gico.<\/p>\n<h2>ESPECIFICA\u00c7\u00d5ES<\/h2>\n<table style=\"border-collapse: collapse; width: 260.27pt;\" border=\"0\" width=\"347\" cellspacing=\"0\" cellpadding=\"0\">\n<tbody>\n<tr style=\"height: 16.50pt;\">\n<td class=\"et2\" style=\"height: 16.50pt; width: 158.25pt;\" width=\"211\" height=\"22\"><a href=\"https:\/\/www.zhgdled.com\/download\/catalogue-of-linear-high-bay-light\"><img decoding=\"async\" class=\"alignnone alignleft\" src=\"https:\/\/www.zhgdled.com\/wp-content\/uploads\/2022\/07\/zhl_download-logo.png\" alt=\"\" width=\"29\" height=\"29\" \/><\/a><\/td>\n<td class=\"et2\" style=\"width: 102.35pt;\" width=\"136\"><a href=\"https:\/\/www.zhgdled.com\/download\/catalogue-of-linear-high-bay-light\">Download catalog<\/a><\/td>\n<\/tr>\n<\/tbody>\n<\/table>\n<table width=\"649\">\n<tbody>\n<tr>\n<td><strong>Poder<\/strong><\/td>\n<td><strong>70W 100W 150W 200W\u00a0<\/strong><\/td>\n<\/tr>\n<tr>\n<td><strong>LED<\/strong><\/td>\n<td><strong>SMD 140PCS(70W\/100W)\/280PCS (150W\/200W)<\/strong><\/td>\n<\/tr>\n<tr>\n<td><strong>Temperatura de cor (CCT)<\/strong><\/td>\n<td><strong>2700-6500K<\/strong><\/td>\n<\/tr>\n<tr>\n<td><strong>Efici\u00eancia Luminosa (lm\/w)<\/strong><\/td>\n<td><strong>150lm\/w +-10%<\/strong><\/td>\n<\/tr>\n<tr>\n<td><strong>Tens\u00e3o de entrada (V)<\/strong><\/td>\n<td width=\"463\"><strong>100-240VAC\/50-60Hz<\/strong><\/td>\n<\/tr>\n<tr>\n<td><strong>PF<\/strong><\/td>\n<td><strong>&gt;0.9<\/strong><\/td>\n<\/tr>\n<tr>\n<td><strong>CRI (Ra&gt;)<\/strong><\/td>\n<td><strong>80<\/strong><\/td>\n<\/tr>\n<tr>\n<td><strong>\u00c2ngulo do Feixe (\u00b0)<\/strong><\/td>\n<td><strong>60\u00b0\/90\u00b0*120\u00b0<\/strong><\/td>\n<\/tr>\n<tr>\n<td><strong>Classe IP<\/strong><\/td>\n<td><strong>IP65<\/strong><\/td>\n<\/tr>\n<tr>\n<td><strong>Material<\/strong><\/td>\n<td><strong>Corpo de alum\u00ednio + tampa de vidro temperado<\/strong><\/td>\n<\/tr>\n<tr>\n<td><strong>Temperatura de trabalho (\u2103)<\/strong><\/td>\n<td><strong>-20-50<\/strong><\/td>\n<\/tr>\n<tr>\n<td><strong>Garantia (Ano)<\/strong><\/td>\n<td><strong>5 anos<\/strong><\/td>\n<\/tr>\n<tr>\n<td><strong>Certifica\u00e7\u00e3o<\/strong><\/td>\n<td><strong>CE,ERP<\/strong><\/td>\n<\/tr>\n<tr>\n<td><strong>Driver<\/strong><\/td>\n<td><strong>Driver regul\u00e1vel MOSO<\/strong><\/td>\n<\/tr>\n<\/tbody>\n<\/table>\n<p>&nbsp;<\/p>\n<p><img decoding=\"async\" class=\"alignnone size-full wp-image-17207\" src=\"https:\/\/www.zhgdled.com\/wp-content\/uploads\/2022\/08\/1-1.png\" alt=\"\" width=\"750\" height=\"1302\" srcset=\"https:\/\/www.zhgdled.com\/wp-content\/uploads\/2022\/08\/1-1.png 750w, https:\/\/www.zhgdled.com\/wp-content\/uploads\/2022\/08\/1-1-173x300.png 173w, https:\/\/www.zhgdled.com\/wp-content\/uploads\/2022\/08\/1-1-590x1024.png 590w, https:\/\/www.zhgdled.com\/wp-content\/uploads\/2022\/08\/1-1-600x1042.png 600w, https:\/\/www.zhgdled.com\/wp-content\/uploads\/2022\/08\/1-1-150x260.png 150w\" sizes=\"(max-width: 750px) 100vw, 750px\" \/><img decoding=\"async\" class=\"alignnone size-full wp-image-17208\" src=\"https:\/\/www.zhgdled.com\/wp-content\/uploads\/2022\/08\/2-1.png\" alt=\"\" width=\"750\" height=\"570\" srcset=\"https:\/\/www.zhgdled.com\/wp-content\/uploads\/2022\/08\/2-1.png 750w, https:\/\/www.zhgdled.com\/wp-content\/uploads\/2022\/08\/2-1-300x228.png 300w, https:\/\/www.zhgdled.com\/wp-content\/uploads\/2022\/08\/2-1-600x456.png 600w, https:\/\/www.zhgdled.com\/wp-content\/uploads\/2022\/08\/2-1-150x114.png 150w\" sizes=\"(max-width: 750px) 100vw, 750px\" \/><\/p>\n","protected":false},"excerpt":{"rendered":"<p>ZHL Linear High Bay Light Series \u00e9 um dispositivo de ilumina\u00e7\u00e3o profissional que \u00e9 moldado integralmente em liga de alum\u00ednio, layout de resfriamento uniforme projetado. A efici\u00eancia de 150 lm\/w \u00e9 uma solu\u00e7\u00e3o l\u00edder da ind\u00fastria para usu\u00e1rios comerciais, enquanto sua pot\u00eancia ficou em torno de 70 w e 200 w. Se voc\u00ea est\u00e1 procurando uma lumin\u00e1ria brilhante, mas que economiza energia em suas aplica\u00e7\u00f5es comerciais, esta lumin\u00e1ria linear alta \u00e9 a certa!<\/p>\n<ul>\n<li><strong>Pot\u00eancia: 70W 100W 150W 200W<\/strong><\/li>\n<li><strong>Chips de LED: SMD 140PCS (70W\/100W)\/280PCS (150W\/200W)<\/strong><\/li>\n<li><strong>Temperatura de cor (CCT)2700-6500K<\/strong><\/li>\n<li><strong>Efici\u00eancia luminosa (lm\/w)150lm\/w +-10%<\/strong><\/li>\n<li><strong>Tens\u00e3o de entrada (V) 100-240VAC\/50-60Hz<\/strong><\/li>\n<li><strong>PF<\/strong><strong>&gt;0.9<\/strong><\/li>\n<li><strong>CRI (Ra&gt;)<\/strong><strong>80<\/strong><\/li>\n<li><strong>\u00c2ngulo do Feixe(\u00b0)60\u00b0\/90\u00b0*120\u00b0<\/strong><\/li>\n<li><strong>Garantia (ano): garantia do fabricante 5 anos<\/strong><\/li>\n<li><strong>DriverMOSO driver regul\u00e1vel<\/strong><\/li>\n<\/ul>\n","protected":false},"featured_media":17203,"template":"","meta":[],"product_brand":[],"product_cat":[646],"product_tag":[516],"class_list":{"0":"post-18769","1":"product","2":"type-product","3":"status-publish","4":"has-post-thumbnail","6":"product_cat-high-bay","7":"product_tag-linear-high-bay-light-pt-br","9":"first","10":"instock","11":"shipping-taxable","12":"product-type-simple"},"yoast_head":"<!-- This site is optimized with the Yoast SEO plugin v27.4 - https:\/\/yoast.com\/product\/yoast-seo-wordpress\/ -->\n<title>luz de alta ba\u00eda linearLUZ LED LINEAR ALTA BAY &#8211; ZHL ILUMINA\u00c7\u00c3O INDUSTRIAL<\/title>\n<meta name=\"description\" content=\"ZHL Linear High Bay Light Series \u00e9 um dispositivo de ilumina\u00e7\u00e3o profissional que \u00e9 moldado integralmente em liga de alum\u00ednio, layout de resfriamento uniforme projetado. A efici\u00eancia de 150 lm\/w \u00e9 uma solu\u00e7\u00e3o l\u00edder da ind\u00fastria para usu\u00e1rios comerciais, enquanto sua pot\u00eancia ficou em torno de 70 w e 200 w. Se voc\u00ea est\u00e1 procurando uma lumin\u00e1ria brilhante, mas que economiza energia em suas aplica\u00e7\u00f5es comerciais, esta lumin\u00e1ria linear alta \u00e9 a certa!\" \/>\n<meta name=\"robots\" content=\"index, follow, max-snippet:-1, max-image-preview:large, max-video-preview:-1\" \/>\n<link rel=\"canonical\" href=\"https:\/\/www.zhgdled.com\/pt-br\/led-linear-high-bay-light.html\" \/>\n<meta property=\"og:locale\" content=\"pt_BR\" \/>\n<meta property=\"og:type\" content=\"article\" \/>\n<meta property=\"og:title\" content=\"luz de alta ba\u00eda linearLUZ LED LINEAR ALTA BAY &#8211; ZHL ILUMINA\u00c7\u00c3O INDUSTRIAL\" \/>\n<meta property=\"og:description\" content=\"ZHL Linear High Bay Light Series \u00e9 um dispositivo de ilumina\u00e7\u00e3o profissional que \u00e9 moldado integralmente em liga de alum\u00ednio, layout de resfriamento uniforme projetado. A efici\u00eancia de 150 lm\/w \u00e9 uma solu\u00e7\u00e3o l\u00edder da ind\u00fastria para usu\u00e1rios comerciais, enquanto sua pot\u00eancia ficou em torno de 70 w e 200 w. Se voc\u00ea est\u00e1 procurando uma lumin\u00e1ria brilhante, mas que economiza energia em suas aplica\u00e7\u00f5es comerciais, esta lumin\u00e1ria linear alta \u00e9 a certa!\" \/>\n<meta property=\"og:url\" content=\"https:\/\/www.zhgdled.com\/pt-br\/led-linear-high-bay-light.html\" \/>\n<meta property=\"og:site_name\" content=\"ZHL ILUMINA\u00c7\u00c3O INDUSTRIAL\" \/>\n<meta property=\"article:publisher\" content=\"https:\/\/www.facebook.com\/zhllightinggroup\" \/>\n<meta property=\"article:modified_time\" content=\"2023-12-26T07:07:36+00:00\" \/>\n<meta property=\"og:image\" content=\"https:\/\/www.zhgdled.com\/wp-content\/uploads\/2022\/08\/0-100W.png\" \/>\n\t<meta property=\"og:image:width\" content=\"1600\" \/>\n\t<meta property=\"og:image:height\" content=\"1600\" \/>\n\t<meta property=\"og:image:type\" content=\"image\/png\" \/>\n<meta name=\"twitter:card\" content=\"summary_large_image\" \/>\n<meta name=\"twitter:site\" content=\"@zhl_lighting\" \/>\n<meta name=\"twitter:label1\" content=\"Est. tempo de leitura\" \/>\n\t<meta name=\"twitter:data1\" content=\"2 minutos\" \/>\n<script type=\"application\/ld+json\" class=\"yoast-schema-graph\">{\"@context\":\"https:\\\/\\\/schema.org\",\"@graph\":[{\"@type\":\"WebPage\",\"@id\":\"https:\\\/\\\/www.zhgdled.com\\\/pt-br\\\/led-linear-high-bay-light.html\",\"url\":\"https:\\\/\\\/www.zhgdled.com\\\/pt-br\\\/led-linear-high-bay-light.html\",\"name\":\"luz de alta ba\u00eda linearLUZ LED LINEAR ALTA BAY &#8211; ZHL ILUMINA\u00c7\u00c3O INDUSTRIAL\",\"isPartOf\":{\"@id\":\"https:\\\/\\\/www.zhgdled.com\\\/pt-br\\\/#website\"},\"primaryImageOfPage\":{\"@id\":\"https:\\\/\\\/www.zhgdled.com\\\/pt-br\\\/led-linear-high-bay-light.html#primaryimage\"},\"image\":{\"@id\":\"https:\\\/\\\/www.zhgdled.com\\\/pt-br\\\/led-linear-high-bay-light.html#primaryimage\"},\"thumbnailUrl\":\"https:\\\/\\\/www.zhgdled.com\\\/wp-content\\\/uploads\\\/2022\\\/08\\\/0-100W.png\",\"datePublished\":\"2022-08-29T03:35:29+00:00\",\"dateModified\":\"2023-12-26T07:07:36+00:00\",\"description\":\"ZHL Linear High Bay Light Series \u00e9 um dispositivo de ilumina\u00e7\u00e3o profissional que \u00e9 moldado integralmente em liga de alum\u00ednio, layout de resfriamento uniforme projetado. A efici\u00eancia de 150 lm\\\/w \u00e9 uma solu\u00e7\u00e3o l\u00edder da ind\u00fastria para usu\u00e1rios comerciais, enquanto sua pot\u00eancia ficou em torno de 70 w e 200 w. Se voc\u00ea est\u00e1 procurando uma lumin\u00e1ria brilhante, mas que economiza energia em suas aplica\u00e7\u00f5es comerciais, esta lumin\u00e1ria linear alta \u00e9 a certa!\",\"breadcrumb\":{\"@id\":\"https:\\\/\\\/www.zhgdled.com\\\/pt-br\\\/led-linear-high-bay-light.html#breadcrumb\"},\"inLanguage\":\"pt-BR\",\"potentialAction\":[{\"@type\":\"ReadAction\",\"target\":[\"https:\\\/\\\/www.zhgdled.com\\\/pt-br\\\/led-linear-high-bay-light.html\"]}]},{\"@type\":\"ImageObject\",\"inLanguage\":\"pt-BR\",\"@id\":\"https:\\\/\\\/www.zhgdled.com\\\/pt-br\\\/led-linear-high-bay-light.html#primaryimage\",\"url\":\"https:\\\/\\\/www.zhgdled.com\\\/wp-content\\\/uploads\\\/2022\\\/08\\\/0-100W.png\",\"contentUrl\":\"https:\\\/\\\/www.zhgdled.com\\\/wp-content\\\/uploads\\\/2022\\\/08\\\/0-100W.png\",\"width\":1600,\"height\":1600,\"caption\":\"Luz de ba\u00eda alta linear\"},{\"@type\":\"BreadcrumbList\",\"@id\":\"https:\\\/\\\/www.zhgdled.com\\\/pt-br\\\/led-linear-high-bay-light.html#breadcrumb\",\"itemListElement\":[{\"@type\":\"ListItem\",\"position\":1,\"name\":\"Home\",\"item\":\"https:\\\/\\\/www.zhgdled.com\\\/pt-br\"},{\"@type\":\"ListItem\",\"position\":2,\"name\":\"PRODUCTS\",\"item\":\"https:\\\/\\\/www.zhgdled.com\\\/zhl-products.html\"},{\"@type\":\"ListItem\",\"position\":3,\"name\":\"LUZ LED LINEAR ALTA BAY\"}]},{\"@type\":\"WebSite\",\"@id\":\"https:\\\/\\\/www.zhgdled.com\\\/pt-br\\\/#website\",\"url\":\"https:\\\/\\\/www.zhgdled.com\\\/pt-br\\\/\",\"name\":\"ZHL ILUMINA\u00c7\u00c3O INDUSTRIAL\",\"description\":\"Top ranking industrial lighting manufacturer and exporter\",\"publisher\":{\"@id\":\"https:\\\/\\\/www.zhgdled.com\\\/pt-br\\\/#organization\"},\"potentialAction\":[{\"@type\":\"SearchAction\",\"target\":{\"@type\":\"EntryPoint\",\"urlTemplate\":\"https:\\\/\\\/www.zhgdled.com\\\/pt-br\\\/?s={search_term_string}\"},\"query-input\":{\"@type\":\"PropertyValueSpecification\",\"valueRequired\":true,\"valueName\":\"search_term_string\"}}],\"inLanguage\":\"pt-BR\"},{\"@type\":\"Organization\",\"@id\":\"https:\\\/\\\/www.zhgdled.com\\\/pt-br\\\/#organization\",\"name\":\"ZHL Lighting Group\",\"url\":\"https:\\\/\\\/www.zhgdled.com\\\/pt-br\\\/\",\"logo\":{\"@type\":\"ImageObject\",\"inLanguage\":\"pt-BR\",\"@id\":\"https:\\\/\\\/www.zhgdled.com\\\/pt-br\\\/#\\\/schema\\\/logo\\\/image\\\/\",\"url\":\"\",\"contentUrl\":\"\",\"caption\":\"ZHL Lighting Group\"},\"image\":{\"@id\":\"https:\\\/\\\/www.zhgdled.com\\\/pt-br\\\/#\\\/schema\\\/logo\\\/image\\\/\"},\"sameAs\":[\"https:\\\/\\\/www.facebook.com\\\/zhllightinggroup\",\"https:\\\/\\\/x.com\\\/zhl_lighting\"]}]}<\/script>\n<!-- \/ Yoast SEO plugin. -->","yoast_head_json":{"title":"luz de alta ba\u00eda linearLUZ LED LINEAR ALTA BAY &#8211; ZHL ILUMINA\u00c7\u00c3O INDUSTRIAL","description":"ZHL Linear High Bay Light Series \u00e9 um dispositivo de ilumina\u00e7\u00e3o profissional que \u00e9 moldado integralmente em liga de alum\u00ednio, layout de resfriamento uniforme projetado. A efici\u00eancia de 150 lm\/w \u00e9 uma solu\u00e7\u00e3o l\u00edder da ind\u00fastria para usu\u00e1rios comerciais, enquanto sua pot\u00eancia ficou em torno de 70 w e 200 w. Se voc\u00ea est\u00e1 procurando uma lumin\u00e1ria brilhante, mas que economiza energia em suas aplica\u00e7\u00f5es comerciais, esta lumin\u00e1ria linear alta \u00e9 a certa!","robots":{"index":"index","follow":"follow","max-snippet":"max-snippet:-1","max-image-preview":"max-image-preview:large","max-video-preview":"max-video-preview:-1"},"canonical":"https:\/\/www.zhgdled.com\/pt-br\/led-linear-high-bay-light.html","og_locale":"pt_BR","og_type":"article","og_title":"luz de alta ba\u00eda linearLUZ LED LINEAR ALTA BAY &#8211; ZHL ILUMINA\u00c7\u00c3O INDUSTRIAL","og_description":"ZHL Linear High Bay Light Series \u00e9 um dispositivo de ilumina\u00e7\u00e3o profissional que \u00e9 moldado integralmente em liga de alum\u00ednio, layout de resfriamento uniforme projetado. A efici\u00eancia de 150 lm\/w \u00e9 uma solu\u00e7\u00e3o l\u00edder da ind\u00fastria para usu\u00e1rios comerciais, enquanto sua pot\u00eancia ficou em torno de 70 w e 200 w. Se voc\u00ea est\u00e1 procurando uma lumin\u00e1ria brilhante, mas que economiza energia em suas aplica\u00e7\u00f5es comerciais, esta lumin\u00e1ria linear alta \u00e9 a certa!","og_url":"https:\/\/www.zhgdled.com\/pt-br\/led-linear-high-bay-light.html","og_site_name":"ZHL ILUMINA\u00c7\u00c3O INDUSTRIAL","article_publisher":"https:\/\/www.facebook.com\/zhllightinggroup","article_modified_time":"2023-12-26T07:07:36+00:00","og_image":[{"width":1600,"height":1600,"url":"https:\/\/www.zhgdled.com\/wp-content\/uploads\/2022\/08\/0-100W.png","type":"image\/png"}],"twitter_card":"summary_large_image","twitter_site":"@zhl_lighting","twitter_misc":{"Est. tempo de leitura":"2 minutos"},"schema":{"@context":"https:\/\/schema.org","@graph":[{"@type":"WebPage","@id":"https:\/\/www.zhgdled.com\/pt-br\/led-linear-high-bay-light.html","url":"https:\/\/www.zhgdled.com\/pt-br\/led-linear-high-bay-light.html","name":"luz de alta ba\u00eda linearLUZ LED LINEAR ALTA BAY &#8211; ZHL ILUMINA\u00c7\u00c3O INDUSTRIAL","isPartOf":{"@id":"https:\/\/www.zhgdled.com\/pt-br\/#website"},"primaryImageOfPage":{"@id":"https:\/\/www.zhgdled.com\/pt-br\/led-linear-high-bay-light.html#primaryimage"},"image":{"@id":"https:\/\/www.zhgdled.com\/pt-br\/led-linear-high-bay-light.html#primaryimage"},"thumbnailUrl":"https:\/\/www.zhgdled.com\/wp-content\/uploads\/2022\/08\/0-100W.png","datePublished":"2022-08-29T03:35:29+00:00","dateModified":"2023-12-26T07:07:36+00:00","description":"ZHL Linear High Bay Light Series \u00e9 um dispositivo de ilumina\u00e7\u00e3o profissional que \u00e9 moldado integralmente em liga de alum\u00ednio, layout de resfriamento uniforme projetado. A efici\u00eancia de 150 lm\/w \u00e9 uma solu\u00e7\u00e3o l\u00edder da ind\u00fastria para usu\u00e1rios comerciais, enquanto sua pot\u00eancia ficou em torno de 70 w e 200 w. Se voc\u00ea est\u00e1 procurando uma lumin\u00e1ria brilhante, mas que economiza energia em suas aplica\u00e7\u00f5es comerciais, esta lumin\u00e1ria linear alta \u00e9 a certa!","breadcrumb":{"@id":"https:\/\/www.zhgdled.com\/pt-br\/led-linear-high-bay-light.html#breadcrumb"},"inLanguage":"pt-BR","potentialAction":[{"@type":"ReadAction","target":["https:\/\/www.zhgdled.com\/pt-br\/led-linear-high-bay-light.html"]}]},{"@type":"ImageObject","inLanguage":"pt-BR","@id":"https:\/\/www.zhgdled.com\/pt-br\/led-linear-high-bay-light.html#primaryimage","url":"https:\/\/www.zhgdled.com\/wp-content\/uploads\/2022\/08\/0-100W.png","contentUrl":"https:\/\/www.zhgdled.com\/wp-content\/uploads\/2022\/08\/0-100W.png","width":1600,"height":1600,"caption":"Luz de ba\u00eda alta linear"},{"@type":"BreadcrumbList","@id":"https:\/\/www.zhgdled.com\/pt-br\/led-linear-high-bay-light.html#breadcrumb","itemListElement":[{"@type":"ListItem","position":1,"name":"Home","item":"https:\/\/www.zhgdled.com\/pt-br"},{"@type":"ListItem","position":2,"name":"PRODUCTS","item":"https:\/\/www.zhgdled.com\/zhl-products.html"},{"@type":"ListItem","position":3,"name":"LUZ LED LINEAR ALTA BAY"}]},{"@type":"WebSite","@id":"https:\/\/www.zhgdled.com\/pt-br\/#website","url":"https:\/\/www.zhgdled.com\/pt-br\/","name":"ZHL ILUMINA\u00c7\u00c3O INDUSTRIAL","description":"Top ranking industrial lighting manufacturer and exporter","publisher":{"@id":"https:\/\/www.zhgdled.com\/pt-br\/#organization"},"potentialAction":[{"@type":"SearchAction","target":{"@type":"EntryPoint","urlTemplate":"https:\/\/www.zhgdled.com\/pt-br\/?s={search_term_string}"},"query-input":{"@type":"PropertyValueSpecification","valueRequired":true,"valueName":"search_term_string"}}],"inLanguage":"pt-BR"},{"@type":"Organization","@id":"https:\/\/www.zhgdled.com\/pt-br\/#organization","name":"ZHL Lighting Group","url":"https:\/\/www.zhgdled.com\/pt-br\/","logo":{"@type":"ImageObject","inLanguage":"pt-BR","@id":"https:\/\/www.zhgdled.com\/pt-br\/#\/schema\/logo\/image\/","url":"","contentUrl":"","caption":"ZHL Lighting Group"},"image":{"@id":"https:\/\/www.zhgdled.com\/pt-br\/#\/schema\/logo\/image\/"},"sameAs":["https:\/\/www.facebook.com\/zhllightinggroup","https:\/\/x.com\/zhl_lighting"]}]}},"_links":{"self":[{"href":"https:\/\/www.zhgdled.com\/pt-br\/wp-json\/wp\/v2\/product\/18769","targetHints":{"allow":["GET"]}}],"collection":[{"href":"https:\/\/www.zhgdled.com\/pt-br\/wp-json\/wp\/v2\/product"}],"about":[{"href":"https:\/\/www.zhgdled.com\/pt-br\/wp-json\/wp\/v2\/types\/product"}],"wp:featuredmedia":[{"embeddable":true,"href":"https:\/\/www.zhgdled.com\/pt-br\/wp-json\/wp\/v2\/media\/17203"}],"wp:attachment":[{"href":"https:\/\/www.zhgdled.com\/pt-br\/wp-json\/wp\/v2\/media?parent=18769"}],"wp:term":[{"taxonomy":"product_brand","embeddable":true,"href":"https:\/\/www.zhgdled.com\/pt-br\/wp-json\/wp\/v2\/product_brand?post=18769"},{"taxonomy":"product_cat","embeddable":true,"href":"https:\/\/www.zhgdled.com\/pt-br\/wp-json\/wp\/v2\/product_cat?post=18769"},{"taxonomy":"product_tag","embeddable":true,"href":"https:\/\/www.zhgdled.com\/pt-br\/wp-json\/wp\/v2\/product_tag?post=18769"}],"curies":[{"name":"wp","href":"https:\/\/api.w.org\/{rel}","templated":true}]}}