{"id":18771,"date":"2022-08-10T14:01:36","date_gmt":"2022-08-10T06:01:36","guid":{"rendered":"https:\/\/www.zhgdled.com\/product\/max-series-solar-flood-light"},"modified":"2023-12-26T14:51:11","modified_gmt":"2023-12-26T06:51:11","slug":"max-serie-solar-floodlight","status":"publish","type":"product","link":"https:\/\/www.zhgdled.com\/pt-br\/max-serie-solar-floodlight.html","title":{"rendered":"ILUMINADOR SOLAR LED S\u00c9RIE MAX"},"content":{"rendered":"<h2>DESIGN DE CORPO DIVIDIDO, BAIXO CONSUMO DE ENERGIA, M\u00c1XIMO \u00c2NGULO DE FEIXE PARA DIFERENTES OCASI\u00d5ES<\/h2>\n<ul>\n<li>Ajuste multi\u00e2ngulo, adequado para instala\u00e7\u00e3o em muitas ocasi\u00f5es<\/li>\n<li>18650 Bateria de L\u00edtio, 3.7V\/2AH<\/li>\n<li>Dispon\u00edvel para os requisitos de instala\u00e7\u00e3o de diferentes latitudes<\/li>\n<li>Design imperme\u00e1vel profissional<\/li>\n<li>Configure o sensor PIR sens\u00edvel e est\u00e1vel<\/li>\n<\/ul>\n<h2><\/h2>\n<h2>ESPECIFICA\u00c7\u00c3O<\/h2>\n<table style=\"border-collapse: collapse; width: 260.27pt;\" border=\"0\" width=\"347\" cellspacing=\"0\" cellpadding=\"0\">\n<tbody>\n<tr style=\"height: 16.50pt;\">\n<td class=\"et2\" style=\"height: 16.50pt; width: 16pt;\" width=\"211\" height=\"22\"><img decoding=\"async\" class=\"alignnone wp-image-17482\" src=\"https:\/\/www.zhgdled.com\/wp-content\/uploads\/2022\/07\/zhl_download-logo.png\" alt=\"\" width=\"31\" height=\"31\" srcset=\"https:\/\/www.zhgdled.com\/wp-content\/uploads\/2022\/07\/zhl_download-logo.png 368w, https:\/\/www.zhgdled.com\/wp-content\/uploads\/2022\/07\/zhl_download-logo-300x300.png 300w, https:\/\/www.zhgdled.com\/wp-content\/uploads\/2022\/07\/zhl_download-logo-150x150.png 150w\" sizes=\"(max-width: 31px) 100vw, 31px\" \/><\/td>\n<td class=\"et2\" style=\"width: 102.35pt;\" width=\"136\"><a href=\"https:\/\/www.zhgdled.com\/download\/catalogue-of-max-series-solar-flood-light\">Download Catalog<\/a><\/td>\n<\/tr>\n<\/tbody>\n<\/table>\n<table>\n<tbody>\n<tr>\n<td width=\"207\"><strong>Poder<\/strong><\/td>\n<td width=\"381\"><strong><b>3W<\/b><\/strong><\/td>\n<\/tr>\n<tr>\n<td width=\"207\"><strong>Temperatura de cor (CCT)<\/strong><\/td>\n<td width=\"381\"><strong>3000K\/4000K\/6500K<\/strong><\/td>\n<\/tr>\n<tr>\n<td width=\"207\"><strong>Efici\u00eancia Luminosa (lm\/w)<\/strong><\/td>\n<td width=\"381\"><strong>125Lm\/W<\/strong><\/td>\n<\/tr>\n<tr>\n<td width=\"207\"><strong>Tens\u00e3o de entrada (V)<\/strong><\/td>\n<td width=\"381\"><strong>DC3.7V<\/strong><\/td>\n<\/tr>\n<tr>\n<td width=\"207\"><strong>PF<\/strong><\/td>\n<td width=\"381\"><strong>&gt;0.9<\/strong><\/td>\n<\/tr>\n<tr>\n<td width=\"207\"><strong>CRI (Ra)<\/strong><\/td>\n<td width=\"381\"><strong>&gt;80<\/strong><\/td>\n<\/tr>\n<tr>\n<td width=\"207\"><strong>\u00c2ngulo do Feixe (\u00b0)<\/strong><\/td>\n<td width=\"381\"><strong>120<\/strong><\/td>\n<\/tr>\n<tr>\n<td width=\"207\"><strong>Classe IP<\/strong><\/td>\n<td width=\"381\"><strong>IP<\/strong><strong>44<\/strong><\/td>\n<\/tr>\n<tr>\n<td width=\"207\"><strong>Material<\/strong><\/td>\n<td width=\"381\"><strong>Corpo de alum\u00ednio + tampa de PC<\/strong><\/td>\n<\/tr>\n<tr>\n<td width=\"207\"><strong>Temperatura de trabalho (\u2103)<\/strong><\/td>\n<td width=\"381\"><strong>-20-<\/strong><strong>+<\/strong><strong>50<\/strong><\/td>\n<\/tr>\n<tr>\n<td width=\"207\"><strong>m\u00e1x. Dist\u00e2ncia iluminada:<\/strong><\/td>\n<td width=\"381\"><strong>8M<\/strong><\/td>\n<\/tr>\n<tr>\n<td width=\"207\"><strong>Certifica\u00e7\u00e3o<\/strong><\/td>\n<td width=\"381\"><strong>ETL, DLC, FCC, CB<\/strong><\/td>\n<\/tr>\n<\/tbody>\n<\/table>\n<p>&nbsp;<\/p>\n<p><img decoding=\"async\" class=\"alignnone size-full wp-image-17296\" src=\"https:\/\/www.zhgdled.com\/wp-content\/uploads\/2022\/08\/20221018134433.jpg\" alt=\"\" width=\"897\" height=\"1156\" srcset=\"https:\/\/www.zhgdled.com\/wp-content\/uploads\/2022\/08\/20221018134433.jpg 897w, https:\/\/www.zhgdled.com\/wp-content\/uploads\/2022\/08\/20221018134433-233x300.jpg 233w, https:\/\/www.zhgdled.com\/wp-content\/uploads\/2022\/08\/20221018134433-795x1024.jpg 795w, https:\/\/www.zhgdled.com\/wp-content\/uploads\/2022\/08\/20221018134433-768x990.jpg 768w, https:\/\/www.zhgdled.com\/wp-content\/uploads\/2022\/08\/20221018134433-600x773.jpg 600w, https:\/\/www.zhgdled.com\/wp-content\/uploads\/2022\/08\/20221018134433-150x193.jpg 150w\" sizes=\"(max-width: 897px) 100vw, 897px\" \/><\/p>\n","protected":false},"excerpt":{"rendered":"<p>O holofote solar LED da s\u00e9rie Max \u00e9 um design de corpo dividido, lumin\u00e1ria externa de baixo consumo de energia. Possui \u00e2ngulo de feixe m\u00e1ximo para diferentes ocasi\u00f5es. Aplicar para casa. locais comerciais e industriais, como gateways, estacionamentos, decora\u00e7\u00e3o de paredes, escolas, shopping centers, etc.<\/p>\n<p>&nbsp;<\/p>\n<ul>\n<li>3 watts<\/li>\n<li>Temperatura de cor: 3000K\/4000K\/6500K<\/li>\n<li>Efici\u00eancia: 125lm\/w<\/li>\n<li>Entrada: fonte de alimenta\u00e7\u00e3o solar DC3.7V<\/li>\n<li>PF: &gt;0.9<\/li>\n<li>CRI: &gt;80<\/li>\n<li>\u00c2ngulo de feixe: 120 graus<\/li>\n<li>Material: corpo de alum\u00ednio, tampa do PC<\/li>\n<\/ul>\n","protected":false},"featured_media":17187,"template":"","meta":[],"product_brand":[],"product_cat":[644],"product_tag":[506],"class_list":{"0":"post-18771","1":"product","2":"type-product","3":"status-publish","4":"has-post-thumbnail","6":"product_cat-holofotes-solares","7":"product_tag-solar-flood-light-pt-br","9":"first","10":"instock","11":"shipping-taxable","12":"product-type-simple"},"yoast_head":"<!-- This site is optimized with the Yoast SEO plugin v27.5 - https:\/\/yoast.com\/product\/yoast-seo-wordpress\/ -->\n<title>holofote solar LEDILUMINADOR SOLAR LED S\u00c9RIE MAX &#8211; ZHL ILUMINA\u00c7\u00c3O INDUSTRIAL<\/title>\n<meta name=\"description\" content=\"O holofote solar LED da s\u00e9rie Max \u00e9 um design de corpo dividido, lumin\u00e1ria externa de baixo consumo de energia. Possui \u00e2ngulo de feixe m\u00e1ximo para diferentes ocasi\u00f5es.\" \/>\n<meta name=\"robots\" content=\"index, follow, max-snippet:-1, max-image-preview:large, max-video-preview:-1\" \/>\n<link rel=\"canonical\" href=\"https:\/\/www.zhgdled.com\/pt-br\/max-serie-solar-floodlight.html\" \/>\n<meta property=\"og:locale\" content=\"pt_BR\" \/>\n<meta property=\"og:type\" content=\"article\" \/>\n<meta property=\"og:title\" content=\"holofote solar LEDILUMINADOR SOLAR LED S\u00c9RIE MAX &#8211; ZHL ILUMINA\u00c7\u00c3O INDUSTRIAL\" \/>\n<meta property=\"og:description\" content=\"O holofote solar LED da s\u00e9rie Max \u00e9 um design de corpo dividido, lumin\u00e1ria externa de baixo consumo de energia. Possui \u00e2ngulo de feixe m\u00e1ximo para diferentes ocasi\u00f5es.\" \/>\n<meta property=\"og:url\" content=\"https:\/\/www.zhgdled.com\/pt-br\/max-serie-solar-floodlight.html\" \/>\n<meta property=\"og:site_name\" content=\"ZHL ILUMINA\u00c7\u00c3O INDUSTRIAL\" \/>\n<meta property=\"article:publisher\" content=\"https:\/\/www.facebook.com\/zhllightinggroup\" \/>\n<meta property=\"article:modified_time\" content=\"2023-12-26T06:51:11+00:00\" \/>\n<meta property=\"og:image\" content=\"https:\/\/www.zhgdled.com\/wp-content\/uploads\/2022\/08\/0.png\" \/>\n\t<meta property=\"og:image:width\" content=\"1600\" \/>\n\t<meta property=\"og:image:height\" content=\"1600\" \/>\n\t<meta property=\"og:image:type\" content=\"image\/png\" \/>\n<meta name=\"twitter:card\" content=\"summary_large_image\" \/>\n<meta name=\"twitter:site\" content=\"@zhl_lighting\" \/>\n<meta name=\"twitter:label1\" content=\"Est. tempo de leitura\" \/>\n\t<meta name=\"twitter:data1\" content=\"2 minutos\" \/>\n<script type=\"application\/ld+json\" class=\"yoast-schema-graph\">{\"@context\":\"https:\\\/\\\/schema.org\",\"@graph\":[{\"@type\":\"WebPage\",\"@id\":\"https:\\\/\\\/www.zhgdled.com\\\/pt-br\\\/max-serie-solar-floodlight.html\",\"url\":\"https:\\\/\\\/www.zhgdled.com\\\/pt-br\\\/max-serie-solar-floodlight.html\",\"name\":\"holofote solar LEDILUMINADOR SOLAR LED S\u00c9RIE MAX &#8211; ZHL ILUMINA\u00c7\u00c3O INDUSTRIAL\",\"isPartOf\":{\"@id\":\"https:\\\/\\\/www.zhgdled.com\\\/pt-br\\\/#website\"},\"primaryImageOfPage\":{\"@id\":\"https:\\\/\\\/www.zhgdled.com\\\/pt-br\\\/max-serie-solar-floodlight.html#primaryimage\"},\"image\":{\"@id\":\"https:\\\/\\\/www.zhgdled.com\\\/pt-br\\\/max-serie-solar-floodlight.html#primaryimage\"},\"thumbnailUrl\":\"https:\\\/\\\/www.zhgdled.com\\\/wp-content\\\/uploads\\\/2022\\\/08\\\/0.png\",\"datePublished\":\"2022-08-10T06:01:36+00:00\",\"dateModified\":\"2023-12-26T06:51:11+00:00\",\"description\":\"O holofote solar LED da s\u00e9rie Max \u00e9 um design de corpo dividido, lumin\u00e1ria externa de baixo consumo de energia. Possui \u00e2ngulo de feixe m\u00e1ximo para diferentes ocasi\u00f5es.\",\"breadcrumb\":{\"@id\":\"https:\\\/\\\/www.zhgdled.com\\\/pt-br\\\/max-serie-solar-floodlight.html#breadcrumb\"},\"inLanguage\":\"pt-BR\",\"potentialAction\":[{\"@type\":\"ReadAction\",\"target\":[\"https:\\\/\\\/www.zhgdled.com\\\/pt-br\\\/max-serie-solar-floodlight.html\"]}]},{\"@type\":\"ImageObject\",\"inLanguage\":\"pt-BR\",\"@id\":\"https:\\\/\\\/www.zhgdled.com\\\/pt-br\\\/max-serie-solar-floodlight.html#primaryimage\",\"url\":\"https:\\\/\\\/www.zhgdled.com\\\/wp-content\\\/uploads\\\/2022\\\/08\\\/0.png\",\"contentUrl\":\"https:\\\/\\\/www.zhgdled.com\\\/wp-content\\\/uploads\\\/2022\\\/08\\\/0.png\",\"width\":1600,\"height\":1600,\"caption\":\"luz de inunda\u00e7\u00e3o solar da s\u00e9rie max\"},{\"@type\":\"BreadcrumbList\",\"@id\":\"https:\\\/\\\/www.zhgdled.com\\\/pt-br\\\/max-serie-solar-floodlight.html#breadcrumb\",\"itemListElement\":[{\"@type\":\"ListItem\",\"position\":1,\"name\":\"Home\",\"item\":\"https:\\\/\\\/www.zhgdled.com\\\/pt-br\"},{\"@type\":\"ListItem\",\"position\":2,\"name\":\"PRODUCTS\",\"item\":\"https:\\\/\\\/www.zhgdled.com\\\/zhl-products.html\"},{\"@type\":\"ListItem\",\"position\":3,\"name\":\"ILUMINADOR SOLAR LED S\u00c9RIE MAX\"}]},{\"@type\":\"WebSite\",\"@id\":\"https:\\\/\\\/www.zhgdled.com\\\/pt-br\\\/#website\",\"url\":\"https:\\\/\\\/www.zhgdled.com\\\/pt-br\\\/\",\"name\":\"ZHL ILUMINA\u00c7\u00c3O INDUSTRIAL\",\"description\":\"Top ranking industrial lighting manufacturer and exporter\",\"publisher\":{\"@id\":\"https:\\\/\\\/www.zhgdled.com\\\/pt-br\\\/#organization\"},\"potentialAction\":[{\"@type\":\"SearchAction\",\"target\":{\"@type\":\"EntryPoint\",\"urlTemplate\":\"https:\\\/\\\/www.zhgdled.com\\\/pt-br\\\/?s={search_term_string}\"},\"query-input\":{\"@type\":\"PropertyValueSpecification\",\"valueRequired\":true,\"valueName\":\"search_term_string\"}}],\"inLanguage\":\"pt-BR\"},{\"@type\":\"Organization\",\"@id\":\"https:\\\/\\\/www.zhgdled.com\\\/pt-br\\\/#organization\",\"name\":\"ZHL Lighting Group\",\"url\":\"https:\\\/\\\/www.zhgdled.com\\\/pt-br\\\/\",\"logo\":{\"@type\":\"ImageObject\",\"inLanguage\":\"pt-BR\",\"@id\":\"https:\\\/\\\/www.zhgdled.com\\\/pt-br\\\/#\\\/schema\\\/logo\\\/image\\\/\",\"url\":\"\",\"contentUrl\":\"\",\"caption\":\"ZHL Lighting Group\"},\"image\":{\"@id\":\"https:\\\/\\\/www.zhgdled.com\\\/pt-br\\\/#\\\/schema\\\/logo\\\/image\\\/\"},\"sameAs\":[\"https:\\\/\\\/www.facebook.com\\\/zhllightinggroup\",\"https:\\\/\\\/x.com\\\/zhl_lighting\"]}]}<\/script>\n<!-- \/ Yoast SEO plugin. -->","yoast_head_json":{"title":"holofote solar LEDILUMINADOR SOLAR LED S\u00c9RIE MAX &#8211; ZHL ILUMINA\u00c7\u00c3O INDUSTRIAL","description":"O holofote solar LED da s\u00e9rie Max \u00e9 um design de corpo dividido, lumin\u00e1ria externa de baixo consumo de energia. Possui \u00e2ngulo de feixe m\u00e1ximo para diferentes ocasi\u00f5es.","robots":{"index":"index","follow":"follow","max-snippet":"max-snippet:-1","max-image-preview":"max-image-preview:large","max-video-preview":"max-video-preview:-1"},"canonical":"https:\/\/www.zhgdled.com\/pt-br\/max-serie-solar-floodlight.html","og_locale":"pt_BR","og_type":"article","og_title":"holofote solar LEDILUMINADOR SOLAR LED S\u00c9RIE MAX &#8211; ZHL ILUMINA\u00c7\u00c3O INDUSTRIAL","og_description":"O holofote solar LED da s\u00e9rie Max \u00e9 um design de corpo dividido, lumin\u00e1ria externa de baixo consumo de energia. Possui \u00e2ngulo de feixe m\u00e1ximo para diferentes ocasi\u00f5es.","og_url":"https:\/\/www.zhgdled.com\/pt-br\/max-serie-solar-floodlight.html","og_site_name":"ZHL ILUMINA\u00c7\u00c3O INDUSTRIAL","article_publisher":"https:\/\/www.facebook.com\/zhllightinggroup","article_modified_time":"2023-12-26T06:51:11+00:00","og_image":[{"width":1600,"height":1600,"url":"https:\/\/www.zhgdled.com\/wp-content\/uploads\/2022\/08\/0.png","type":"image\/png"}],"twitter_card":"summary_large_image","twitter_site":"@zhl_lighting","twitter_misc":{"Est. tempo de leitura":"2 minutos"},"schema":{"@context":"https:\/\/schema.org","@graph":[{"@type":"WebPage","@id":"https:\/\/www.zhgdled.com\/pt-br\/max-serie-solar-floodlight.html","url":"https:\/\/www.zhgdled.com\/pt-br\/max-serie-solar-floodlight.html","name":"holofote solar LEDILUMINADOR SOLAR LED S\u00c9RIE MAX &#8211; ZHL ILUMINA\u00c7\u00c3O INDUSTRIAL","isPartOf":{"@id":"https:\/\/www.zhgdled.com\/pt-br\/#website"},"primaryImageOfPage":{"@id":"https:\/\/www.zhgdled.com\/pt-br\/max-serie-solar-floodlight.html#primaryimage"},"image":{"@id":"https:\/\/www.zhgdled.com\/pt-br\/max-serie-solar-floodlight.html#primaryimage"},"thumbnailUrl":"https:\/\/www.zhgdled.com\/wp-content\/uploads\/2022\/08\/0.png","datePublished":"2022-08-10T06:01:36+00:00","dateModified":"2023-12-26T06:51:11+00:00","description":"O holofote solar LED da s\u00e9rie Max \u00e9 um design de corpo dividido, lumin\u00e1ria externa de baixo consumo de energia. Possui \u00e2ngulo de feixe m\u00e1ximo para diferentes ocasi\u00f5es.","breadcrumb":{"@id":"https:\/\/www.zhgdled.com\/pt-br\/max-serie-solar-floodlight.html#breadcrumb"},"inLanguage":"pt-BR","potentialAction":[{"@type":"ReadAction","target":["https:\/\/www.zhgdled.com\/pt-br\/max-serie-solar-floodlight.html"]}]},{"@type":"ImageObject","inLanguage":"pt-BR","@id":"https:\/\/www.zhgdled.com\/pt-br\/max-serie-solar-floodlight.html#primaryimage","url":"https:\/\/www.zhgdled.com\/wp-content\/uploads\/2022\/08\/0.png","contentUrl":"https:\/\/www.zhgdled.com\/wp-content\/uploads\/2022\/08\/0.png","width":1600,"height":1600,"caption":"luz de inunda\u00e7\u00e3o solar da s\u00e9rie max"},{"@type":"BreadcrumbList","@id":"https:\/\/www.zhgdled.com\/pt-br\/max-serie-solar-floodlight.html#breadcrumb","itemListElement":[{"@type":"ListItem","position":1,"name":"Home","item":"https:\/\/www.zhgdled.com\/pt-br"},{"@type":"ListItem","position":2,"name":"PRODUCTS","item":"https:\/\/www.zhgdled.com\/zhl-products.html"},{"@type":"ListItem","position":3,"name":"ILUMINADOR SOLAR LED S\u00c9RIE MAX"}]},{"@type":"WebSite","@id":"https:\/\/www.zhgdled.com\/pt-br\/#website","url":"https:\/\/www.zhgdled.com\/pt-br\/","name":"ZHL ILUMINA\u00c7\u00c3O INDUSTRIAL","description":"Top ranking industrial lighting manufacturer and exporter","publisher":{"@id":"https:\/\/www.zhgdled.com\/pt-br\/#organization"},"potentialAction":[{"@type":"SearchAction","target":{"@type":"EntryPoint","urlTemplate":"https:\/\/www.zhgdled.com\/pt-br\/?s={search_term_string}"},"query-input":{"@type":"PropertyValueSpecification","valueRequired":true,"valueName":"search_term_string"}}],"inLanguage":"pt-BR"},{"@type":"Organization","@id":"https:\/\/www.zhgdled.com\/pt-br\/#organization","name":"ZHL Lighting Group","url":"https:\/\/www.zhgdled.com\/pt-br\/","logo":{"@type":"ImageObject","inLanguage":"pt-BR","@id":"https:\/\/www.zhgdled.com\/pt-br\/#\/schema\/logo\/image\/","url":"","contentUrl":"","caption":"ZHL Lighting Group"},"image":{"@id":"https:\/\/www.zhgdled.com\/pt-br\/#\/schema\/logo\/image\/"},"sameAs":["https:\/\/www.facebook.com\/zhllightinggroup","https:\/\/x.com\/zhl_lighting"]}]}},"_links":{"self":[{"href":"https:\/\/www.zhgdled.com\/pt-br\/wp-json\/wp\/v2\/product\/18771","targetHints":{"allow":["GET"]}}],"collection":[{"href":"https:\/\/www.zhgdled.com\/pt-br\/wp-json\/wp\/v2\/product"}],"about":[{"href":"https:\/\/www.zhgdled.com\/pt-br\/wp-json\/wp\/v2\/types\/product"}],"wp:featuredmedia":[{"embeddable":true,"href":"https:\/\/www.zhgdled.com\/pt-br\/wp-json\/wp\/v2\/media\/17187"}],"wp:attachment":[{"href":"https:\/\/www.zhgdled.com\/pt-br\/wp-json\/wp\/v2\/media?parent=18771"}],"wp:term":[{"taxonomy":"product_brand","embeddable":true,"href":"https:\/\/www.zhgdled.com\/pt-br\/wp-json\/wp\/v2\/product_brand?post=18771"},{"taxonomy":"product_cat","embeddable":true,"href":"https:\/\/www.zhgdled.com\/pt-br\/wp-json\/wp\/v2\/product_cat?post=18771"},{"taxonomy":"product_tag","embeddable":true,"href":"https:\/\/www.zhgdled.com\/pt-br\/wp-json\/wp\/v2\/product_tag?post=18771"}],"curies":[{"name":"wp","href":"https:\/\/api.w.org\/{rel}","templated":true}]}}