{"id":18778,"date":"2022-07-20T10:53:24","date_gmt":"2022-07-20T02:53:24","guid":{"rendered":"https:\/\/www.zhgdled.com\/product\/hi-ufo-high-bay-light-with-dip-switch"},"modified":"2023-12-26T15:07:43","modified_gmt":"2023-12-26T07:07:43","slug":"hi-ufo-high-bay-light-com-dip-switch","status":"publish","type":"product","link":"https:\/\/www.zhgdled.com\/pt-br\/hi-ufo-high-bay-light-com-dip-switch.html","title":{"rendered":"Hi-UFO Series LED High Bay Light com DIP Switch (controle de pot\u00eancia)"},"content":{"rendered":"<p>Recursos<\/p>\n<ul>\n<li>Pot\u00eancia ajust\u00e1vel por interruptores DIP. Ajuda a economizar energia.<\/li>\n<li>100W pode ser ajustado para 100W, 80W, 50W.<\/li>\n<li>150W pode ser ajustado para 150W, 120W, 80W.<\/li>\n<li>200W pode ser ajustado para 200W, 150W, 100W.<\/li>\n<li>Sistema plug &amp; play inteligente sem fia\u00e7\u00e3o, sensor embutido.<\/li>\n<li>Baixo brilho, UGR &lt;27.<\/li>\n<li>Design de carca\u00e7a de baixo perfil dur\u00e1vel e compacto.<\/li>\n<li>Alta efici\u00eancia at\u00e9 160 lm\/W.<\/li>\n<li>IP65 para <a href=\"https:\/\/www.zhgdled.com\/product-category\/led-high-bay-light.html\">aplica\u00e7\u00f5es internas e externas<\/a>.<\/li>\n<li>5 anos de garantia.<\/li>\n<\/ul>\n<p><img decoding=\"async\" class=\"alignnone size-full wp-image-17064\" src=\"https:\/\/www.zhgdled.com\/wp-content\/uploads\/2022\/07\/20220720104227.png\" alt=\"\" width=\"1384\" height=\"873\" srcset=\"https:\/\/www.zhgdled.com\/wp-content\/uploads\/2022\/07\/20220720104227.png 1384w, https:\/\/www.zhgdled.com\/wp-content\/uploads\/2022\/07\/20220720104227-300x189.png 300w, https:\/\/www.zhgdled.com\/wp-content\/uploads\/2022\/07\/20220720104227-1024x646.png 1024w, https:\/\/www.zhgdled.com\/wp-content\/uploads\/2022\/07\/20220720104227-768x484.png 768w, https:\/\/www.zhgdled.com\/wp-content\/uploads\/2022\/07\/20220720104227-600x378.png 600w, https:\/\/www.zhgdled.com\/wp-content\/uploads\/2022\/07\/20220720104227-150x95.png 150w\" sizes=\"(max-width: 1384px) 100vw, 1384px\" \/><img decoding=\"async\" class=\"alignnone size-full wp-image-17065\" src=\"https:\/\/www.zhgdled.com\/wp-content\/uploads\/2022\/07\/20220720104256.png\" alt=\"\" width=\"1369\" height=\"720\" srcset=\"https:\/\/www.zhgdled.com\/wp-content\/uploads\/2022\/07\/20220720104256.png 1369w, https:\/\/www.zhgdled.com\/wp-content\/uploads\/2022\/07\/20220720104256-300x158.png 300w, https:\/\/www.zhgdled.com\/wp-content\/uploads\/2022\/07\/20220720104256-1024x539.png 1024w, https:\/\/www.zhgdled.com\/wp-content\/uploads\/2022\/07\/20220720104256-768x404.png 768w, https:\/\/www.zhgdled.com\/wp-content\/uploads\/2022\/07\/20220720104256-600x316.png 600w, https:\/\/www.zhgdled.com\/wp-content\/uploads\/2022\/07\/20220720104256-150x79.png 150w\" sizes=\"(max-width: 1369px) 100vw, 1369px\" \/><img decoding=\"async\" class=\"alignnone size-full wp-image-17066\" src=\"https:\/\/www.zhgdled.com\/wp-content\/uploads\/2022\/07\/20220720104333.png\" alt=\"\" width=\"1378\" height=\"1153\" srcset=\"https:\/\/www.zhgdled.com\/wp-content\/uploads\/2022\/07\/20220720104333.png 1378w, https:\/\/www.zhgdled.com\/wp-content\/uploads\/2022\/07\/20220720104333-300x251.png 300w, https:\/\/www.zhgdled.com\/wp-content\/uploads\/2022\/07\/20220720104333-1024x857.png 1024w, https:\/\/www.zhgdled.com\/wp-content\/uploads\/2022\/07\/20220720104333-768x643.png 768w, https:\/\/www.zhgdled.com\/wp-content\/uploads\/2022\/07\/20220720104333-600x502.png 600w, https:\/\/www.zhgdled.com\/wp-content\/uploads\/2022\/07\/20220720104333-150x126.png 150w\" sizes=\"(max-width: 1378px) 100vw, 1378px\" \/><\/p>\n","protected":false},"excerpt":{"rendered":"<p>&nbsp;<\/p>\n<ul>\n<li>Pot\u00eancia ajust\u00e1vel por interruptores DIP. Ajuda a economizar energia.<\/li>\n<li>100W pode ser ajustado para 100W, 80W, 50W.<\/li>\n<li>150W pode ser ajustado para 150W, 120W, 80W.<\/li>\n<li>200W pode ser ajustado para 200W, 150W, 100W.<\/li>\n<li>Sistema plug &amp; play inteligente sem fia\u00e7\u00e3o, sensor embutido.<\/li>\n<li>Baixo brilho, UGR &lt;27.<\/li>\n<li>Design de carca\u00e7a de baixo perfil dur\u00e1vel e compacto.<\/li>\n<li>Alta efici\u00eancia at\u00e9 160 lm\/W.<\/li>\n<li>IP65 para aplica\u00e7\u00f5es internas e externas.<\/li>\n<li>5 anos de garantia.<\/li>\n<\/ul>\n","protected":false},"featured_media":17109,"template":"","meta":[],"product_brand":[],"product_cat":[646],"product_tag":[647],"class_list":{"0":"post-18778","1":"product","2":"type-product","3":"status-publish","4":"has-post-thumbnail","6":"product_cat-high-bay","7":"product_tag-iluminacao-de-armazem","9":"first","10":"instock","11":"shipping-taxable","12":"product-type-simple"},"yoast_head":"<!-- This site is optimized with the Yoast SEO plugin v27.4 - https:\/\/yoast.com\/product\/yoast-seo-wordpress\/ -->\n<title>UFO HIGH BAY LIGHT COM DIP SWITCHHi-UFO Series LED High Bay Light com DIP Switch (controle de pot\u00eancia) &#8211; ZHL ILUMINA\u00c7\u00c3O INDUSTRIAL<\/title>\n<meta name=\"description\" content=\"A luz de alta baia da s\u00e9rie Hi-UFO com interruptor DIP pode ser ajust\u00e1vel por interruptores DIP. Ajuda a economizar energia. Sistema plug &amp; play inteligente sem fia\u00e7\u00e3o, sensor embutido.\" \/>\n<meta name=\"robots\" content=\"index, follow, max-snippet:-1, max-image-preview:large, max-video-preview:-1\" \/>\n<link rel=\"canonical\" href=\"https:\/\/www.zhgdled.com\/pt-br\/hi-ufo-high-bay-light-com-dip-switch.html\" \/>\n<meta property=\"og:locale\" content=\"pt_BR\" \/>\n<meta property=\"og:type\" content=\"article\" \/>\n<meta property=\"og:title\" content=\"UFO HIGH BAY LIGHT COM DIP SWITCHHi-UFO Series LED High Bay Light com DIP Switch (controle de pot\u00eancia) &#8211; ZHL ILUMINA\u00c7\u00c3O INDUSTRIAL\" \/>\n<meta property=\"og:description\" content=\"A luz de alta baia da s\u00e9rie Hi-UFO com interruptor DIP pode ser ajust\u00e1vel por interruptores DIP. Ajuda a economizar energia. Sistema plug &amp; play inteligente sem fia\u00e7\u00e3o, sensor embutido.\" \/>\n<meta property=\"og:url\" content=\"https:\/\/www.zhgdled.com\/pt-br\/hi-ufo-high-bay-light-com-dip-switch.html\" \/>\n<meta property=\"og:site_name\" content=\"ZHL ILUMINA\u00c7\u00c3O INDUSTRIAL\" \/>\n<meta property=\"article:publisher\" content=\"https:\/\/www.facebook.com\/zhllightinggroup\" \/>\n<meta property=\"article:modified_time\" content=\"2023-12-26T07:07:43+00:00\" \/>\n<meta property=\"og:image\" content=\"https:\/\/www.zhgdled.com\/wp-content\/uploads\/2022\/07\/1-1.png\" \/>\n\t<meta property=\"og:image:width\" content=\"1600\" \/>\n\t<meta property=\"og:image:height\" content=\"1600\" \/>\n\t<meta property=\"og:image:type\" content=\"image\/png\" \/>\n<meta name=\"twitter:card\" content=\"summary_large_image\" \/>\n<meta name=\"twitter:site\" content=\"@zhl_lighting\" \/>\n<meta name=\"twitter:label1\" content=\"Est. tempo de leitura\" \/>\n\t<meta name=\"twitter:data1\" content=\"1 minuto\" \/>\n<script type=\"application\/ld+json\" class=\"yoast-schema-graph\">{\"@context\":\"https:\\\/\\\/schema.org\",\"@graph\":[{\"@type\":\"WebPage\",\"@id\":\"https:\\\/\\\/www.zhgdled.com\\\/pt-br\\\/hi-ufo-high-bay-light-com-dip-switch.html\",\"url\":\"https:\\\/\\\/www.zhgdled.com\\\/pt-br\\\/hi-ufo-high-bay-light-com-dip-switch.html\",\"name\":\"UFO HIGH BAY LIGHT COM DIP SWITCHHi-UFO Series LED High Bay Light com DIP Switch (controle de pot\u00eancia) &#8211; ZHL ILUMINA\u00c7\u00c3O INDUSTRIAL\",\"isPartOf\":{\"@id\":\"https:\\\/\\\/www.zhgdled.com\\\/pt-br\\\/#website\"},\"primaryImageOfPage\":{\"@id\":\"https:\\\/\\\/www.zhgdled.com\\\/pt-br\\\/hi-ufo-high-bay-light-com-dip-switch.html#primaryimage\"},\"image\":{\"@id\":\"https:\\\/\\\/www.zhgdled.com\\\/pt-br\\\/hi-ufo-high-bay-light-com-dip-switch.html#primaryimage\"},\"thumbnailUrl\":\"https:\\\/\\\/www.zhgdled.com\\\/wp-content\\\/uploads\\\/2022\\\/07\\\/1-1.png\",\"datePublished\":\"2022-07-20T02:53:24+00:00\",\"dateModified\":\"2023-12-26T07:07:43+00:00\",\"description\":\"A luz de alta baia da s\u00e9rie Hi-UFO com interruptor DIP pode ser ajust\u00e1vel por interruptores DIP. Ajuda a economizar energia. Sistema plug & play inteligente sem fia\u00e7\u00e3o, sensor embutido.\",\"breadcrumb\":{\"@id\":\"https:\\\/\\\/www.zhgdled.com\\\/pt-br\\\/hi-ufo-high-bay-light-com-dip-switch.html#breadcrumb\"},\"inLanguage\":\"pt-BR\",\"potentialAction\":[{\"@type\":\"ReadAction\",\"target\":[\"https:\\\/\\\/www.zhgdled.com\\\/pt-br\\\/hi-ufo-high-bay-light-com-dip-switch.html\"]}]},{\"@type\":\"ImageObject\",\"inLanguage\":\"pt-BR\",\"@id\":\"https:\\\/\\\/www.zhgdled.com\\\/pt-br\\\/hi-ufo-high-bay-light-com-dip-switch.html#primaryimage\",\"url\":\"https:\\\/\\\/www.zhgdled.com\\\/wp-content\\\/uploads\\\/2022\\\/07\\\/1-1.png\",\"contentUrl\":\"https:\\\/\\\/www.zhgdled.com\\\/wp-content\\\/uploads\\\/2022\\\/07\\\/1-1.png\",\"width\":1600,\"height\":1600,\"caption\":\"Lumin\u00e1ria alta da s\u00e9rie Hi-UFO com interruptor DIP\"},{\"@type\":\"BreadcrumbList\",\"@id\":\"https:\\\/\\\/www.zhgdled.com\\\/pt-br\\\/hi-ufo-high-bay-light-com-dip-switch.html#breadcrumb\",\"itemListElement\":[{\"@type\":\"ListItem\",\"position\":1,\"name\":\"Home\",\"item\":\"https:\\\/\\\/www.zhgdled.com\\\/pt-br\"},{\"@type\":\"ListItem\",\"position\":2,\"name\":\"PRODUCTS\",\"item\":\"https:\\\/\\\/www.zhgdled.com\\\/zhl-products.html\"},{\"@type\":\"ListItem\",\"position\":3,\"name\":\"Hi-UFO Series LED High Bay Light com DIP Switch (controle de pot\u00eancia)\"}]},{\"@type\":\"WebSite\",\"@id\":\"https:\\\/\\\/www.zhgdled.com\\\/pt-br\\\/#website\",\"url\":\"https:\\\/\\\/www.zhgdled.com\\\/pt-br\\\/\",\"name\":\"ZHL ILUMINA\u00c7\u00c3O INDUSTRIAL\",\"description\":\"Top ranking industrial lighting manufacturer and exporter\",\"publisher\":{\"@id\":\"https:\\\/\\\/www.zhgdled.com\\\/pt-br\\\/#organization\"},\"potentialAction\":[{\"@type\":\"SearchAction\",\"target\":{\"@type\":\"EntryPoint\",\"urlTemplate\":\"https:\\\/\\\/www.zhgdled.com\\\/pt-br\\\/?s={search_term_string}\"},\"query-input\":{\"@type\":\"PropertyValueSpecification\",\"valueRequired\":true,\"valueName\":\"search_term_string\"}}],\"inLanguage\":\"pt-BR\"},{\"@type\":\"Organization\",\"@id\":\"https:\\\/\\\/www.zhgdled.com\\\/pt-br\\\/#organization\",\"name\":\"ZHL Lighting Group\",\"url\":\"https:\\\/\\\/www.zhgdled.com\\\/pt-br\\\/\",\"logo\":{\"@type\":\"ImageObject\",\"inLanguage\":\"pt-BR\",\"@id\":\"https:\\\/\\\/www.zhgdled.com\\\/pt-br\\\/#\\\/schema\\\/logo\\\/image\\\/\",\"url\":\"\",\"contentUrl\":\"\",\"caption\":\"ZHL Lighting Group\"},\"image\":{\"@id\":\"https:\\\/\\\/www.zhgdled.com\\\/pt-br\\\/#\\\/schema\\\/logo\\\/image\\\/\"},\"sameAs\":[\"https:\\\/\\\/www.facebook.com\\\/zhllightinggroup\",\"https:\\\/\\\/x.com\\\/zhl_lighting\"]}]}<\/script>\n<!-- \/ Yoast SEO plugin. -->","yoast_head_json":{"title":"UFO HIGH BAY LIGHT COM DIP SWITCHHi-UFO Series LED High Bay Light com DIP Switch (controle de pot\u00eancia) &#8211; ZHL ILUMINA\u00c7\u00c3O INDUSTRIAL","description":"A luz de alta baia da s\u00e9rie Hi-UFO com interruptor DIP pode ser ajust\u00e1vel por interruptores DIP. Ajuda a economizar energia. Sistema plug & play inteligente sem fia\u00e7\u00e3o, sensor embutido.","robots":{"index":"index","follow":"follow","max-snippet":"max-snippet:-1","max-image-preview":"max-image-preview:large","max-video-preview":"max-video-preview:-1"},"canonical":"https:\/\/www.zhgdled.com\/pt-br\/hi-ufo-high-bay-light-com-dip-switch.html","og_locale":"pt_BR","og_type":"article","og_title":"UFO HIGH BAY LIGHT COM DIP SWITCHHi-UFO Series LED High Bay Light com DIP Switch (controle de pot\u00eancia) &#8211; ZHL ILUMINA\u00c7\u00c3O INDUSTRIAL","og_description":"A luz de alta baia da s\u00e9rie Hi-UFO com interruptor DIP pode ser ajust\u00e1vel por interruptores DIP. Ajuda a economizar energia. Sistema plug & play inteligente sem fia\u00e7\u00e3o, sensor embutido.","og_url":"https:\/\/www.zhgdled.com\/pt-br\/hi-ufo-high-bay-light-com-dip-switch.html","og_site_name":"ZHL ILUMINA\u00c7\u00c3O INDUSTRIAL","article_publisher":"https:\/\/www.facebook.com\/zhllightinggroup","article_modified_time":"2023-12-26T07:07:43+00:00","og_image":[{"width":1600,"height":1600,"url":"https:\/\/www.zhgdled.com\/wp-content\/uploads\/2022\/07\/1-1.png","type":"image\/png"}],"twitter_card":"summary_large_image","twitter_site":"@zhl_lighting","twitter_misc":{"Est. tempo de leitura":"1 minuto"},"schema":{"@context":"https:\/\/schema.org","@graph":[{"@type":"WebPage","@id":"https:\/\/www.zhgdled.com\/pt-br\/hi-ufo-high-bay-light-com-dip-switch.html","url":"https:\/\/www.zhgdled.com\/pt-br\/hi-ufo-high-bay-light-com-dip-switch.html","name":"UFO HIGH BAY LIGHT COM DIP SWITCHHi-UFO Series LED High Bay Light com DIP Switch (controle de pot\u00eancia) &#8211; ZHL ILUMINA\u00c7\u00c3O INDUSTRIAL","isPartOf":{"@id":"https:\/\/www.zhgdled.com\/pt-br\/#website"},"primaryImageOfPage":{"@id":"https:\/\/www.zhgdled.com\/pt-br\/hi-ufo-high-bay-light-com-dip-switch.html#primaryimage"},"image":{"@id":"https:\/\/www.zhgdled.com\/pt-br\/hi-ufo-high-bay-light-com-dip-switch.html#primaryimage"},"thumbnailUrl":"https:\/\/www.zhgdled.com\/wp-content\/uploads\/2022\/07\/1-1.png","datePublished":"2022-07-20T02:53:24+00:00","dateModified":"2023-12-26T07:07:43+00:00","description":"A luz de alta baia da s\u00e9rie Hi-UFO com interruptor DIP pode ser ajust\u00e1vel por interruptores DIP. Ajuda a economizar energia. Sistema plug & play inteligente sem fia\u00e7\u00e3o, sensor embutido.","breadcrumb":{"@id":"https:\/\/www.zhgdled.com\/pt-br\/hi-ufo-high-bay-light-com-dip-switch.html#breadcrumb"},"inLanguage":"pt-BR","potentialAction":[{"@type":"ReadAction","target":["https:\/\/www.zhgdled.com\/pt-br\/hi-ufo-high-bay-light-com-dip-switch.html"]}]},{"@type":"ImageObject","inLanguage":"pt-BR","@id":"https:\/\/www.zhgdled.com\/pt-br\/hi-ufo-high-bay-light-com-dip-switch.html#primaryimage","url":"https:\/\/www.zhgdled.com\/wp-content\/uploads\/2022\/07\/1-1.png","contentUrl":"https:\/\/www.zhgdled.com\/wp-content\/uploads\/2022\/07\/1-1.png","width":1600,"height":1600,"caption":"Lumin\u00e1ria alta da s\u00e9rie Hi-UFO com interruptor DIP"},{"@type":"BreadcrumbList","@id":"https:\/\/www.zhgdled.com\/pt-br\/hi-ufo-high-bay-light-com-dip-switch.html#breadcrumb","itemListElement":[{"@type":"ListItem","position":1,"name":"Home","item":"https:\/\/www.zhgdled.com\/pt-br"},{"@type":"ListItem","position":2,"name":"PRODUCTS","item":"https:\/\/www.zhgdled.com\/zhl-products.html"},{"@type":"ListItem","position":3,"name":"Hi-UFO Series LED High Bay Light com DIP Switch (controle de pot\u00eancia)"}]},{"@type":"WebSite","@id":"https:\/\/www.zhgdled.com\/pt-br\/#website","url":"https:\/\/www.zhgdled.com\/pt-br\/","name":"ZHL ILUMINA\u00c7\u00c3O INDUSTRIAL","description":"Top ranking industrial lighting manufacturer and exporter","publisher":{"@id":"https:\/\/www.zhgdled.com\/pt-br\/#organization"},"potentialAction":[{"@type":"SearchAction","target":{"@type":"EntryPoint","urlTemplate":"https:\/\/www.zhgdled.com\/pt-br\/?s={search_term_string}"},"query-input":{"@type":"PropertyValueSpecification","valueRequired":true,"valueName":"search_term_string"}}],"inLanguage":"pt-BR"},{"@type":"Organization","@id":"https:\/\/www.zhgdled.com\/pt-br\/#organization","name":"ZHL Lighting Group","url":"https:\/\/www.zhgdled.com\/pt-br\/","logo":{"@type":"ImageObject","inLanguage":"pt-BR","@id":"https:\/\/www.zhgdled.com\/pt-br\/#\/schema\/logo\/image\/","url":"","contentUrl":"","caption":"ZHL Lighting Group"},"image":{"@id":"https:\/\/www.zhgdled.com\/pt-br\/#\/schema\/logo\/image\/"},"sameAs":["https:\/\/www.facebook.com\/zhllightinggroup","https:\/\/x.com\/zhl_lighting"]}]}},"_links":{"self":[{"href":"https:\/\/www.zhgdled.com\/pt-br\/wp-json\/wp\/v2\/product\/18778","targetHints":{"allow":["GET"]}}],"collection":[{"href":"https:\/\/www.zhgdled.com\/pt-br\/wp-json\/wp\/v2\/product"}],"about":[{"href":"https:\/\/www.zhgdled.com\/pt-br\/wp-json\/wp\/v2\/types\/product"}],"wp:featuredmedia":[{"embeddable":true,"href":"https:\/\/www.zhgdled.com\/pt-br\/wp-json\/wp\/v2\/media\/17109"}],"wp:attachment":[{"href":"https:\/\/www.zhgdled.com\/pt-br\/wp-json\/wp\/v2\/media?parent=18778"}],"wp:term":[{"taxonomy":"product_brand","embeddable":true,"href":"https:\/\/www.zhgdled.com\/pt-br\/wp-json\/wp\/v2\/product_brand?post=18778"},{"taxonomy":"product_cat","embeddable":true,"href":"https:\/\/www.zhgdled.com\/pt-br\/wp-json\/wp\/v2\/product_cat?post=18778"},{"taxonomy":"product_tag","embeddable":true,"href":"https:\/\/www.zhgdled.com\/pt-br\/wp-json\/wp\/v2\/product_tag?post=18778"}],"curies":[{"name":"wp","href":"https:\/\/api.w.org\/{rel}","templated":true}]}}