{"id":18781,"date":"2022-07-14T09:10:20","date_gmt":"2022-07-14T01:10:20","guid":{"rendered":"https:\/\/www.zhgdled.com\/product\/led-work-lights-with-plug-floodlight"},"modified":"2023-12-26T14:38:01","modified_gmt":"2023-12-26T06:38:01","slug":"holofotes-luzes-de-trabalho-com-plugue","status":"publish","type":"product","link":"https:\/\/www.zhgdled.com\/pt-br\/holofotes-luzes-de-trabalho-com-plugue.html","title":{"rendered":"Luzes de trabalho LED com holofote plugue"},"content":{"rendered":"<ul>\n<li>Chips de alta qualidade, que podem produzir brilho de at\u00e9 5500LM, os LEDs de longa dura\u00e7\u00e3o nunca precisar\u00e3o ser substitu\u00eddos. Filme reflexivo de alta qualidade e \u00e2ngulo de feixe de at\u00e9 120 graus fornecem luz mais brilhante. Equivale a uma l\u00e2mpada hal\u00f3gena de 500W e economiza mais de 85% na conta de luz.<\/li>\n<li>O design de v\u00e1rias ranhuras na parte traseira da luz de inunda\u00e7\u00e3o aumenta a \u00e1rea de contato com o ar e acelera a dissipa\u00e7\u00e3o de calor, o que fornece grande dissipa\u00e7\u00e3o de calor para prolongar a vida \u00fatil desta luz de trabalho LED para 50.000 horas.<\/li>\n<li>Com o suporte, voc\u00ea pode colocar o holofote led no ch\u00e3o ou pendur\u00e1-lo com a al\u00e7a. Conecte diretamente na energia e ligue, a luz ficar\u00e1 sempre acesa. Qualquer d\u00favida entre em contato conosco, resolveremos em 24H.<\/li>\n<\/ul>\n","protected":false},"excerpt":{"rendered":"<p>Escurecimento: N\u00c3O<br \/>\nMateriais: Alum\u00ednio<br \/>\nImperme\u00e1vel: IP66<br \/>\nPot\u00eancia: 50W (equivalente a 500W)<br \/>\nTens\u00e3o: AC110-240V<br \/>\nTemperatura de cor: Branco (6500K)<br \/>\nL\u00famen: 5500LM<br \/>\n\u00c2ngulo de ilumina\u00e7\u00e3o: 120\u00b0<br \/>\nCabo: Cabo de 5M\/16,4FT<\/p>\n","protected":false},"featured_media":17129,"template":"","meta":[],"product_brand":[],"product_cat":[643],"product_tag":[517],"class_list":{"0":"post-18781","1":"product","2":"type-product","3":"status-publish","4":"has-post-thumbnail","6":"product_cat-luzes-de-trabalho","7":"product_tag-work-light-pt-br","9":"first","10":"instock","11":"shipping-taxable","12":"product-type-simple"},"yoast_head":"<!-- This site is optimized with the Yoast SEO plugin v27.4 - https:\/\/yoast.com\/product\/yoast-seo-wordpress\/ -->\n<title>Fornecedor de luz de trabalho LEDLuzes de trabalho LED com holofote plugue &#8211; ZHL ILUMINA\u00c7\u00c3O INDUSTRIAL<\/title>\n<meta name=\"description\" content=\"Chips de alta qualidade, que podem produzir brilho de at\u00e9 5500LM, os LEDs de longa dura\u00e7\u00e3o nunca precisar\u00e3o ser substitu\u00eddos. Filme reflexivo de alta qualidade e \u00e2ngulo de feixe de at\u00e9 120 graus fornecem luz mais brilhante. Equivalente a uma l\u00e2mpada hal\u00f3gena de 500 W e ajuda a economizar mais de 85% na conta de eletricidade. O design de v\u00e1rias ranhuras na parte de tr\u00e1s da luz de inunda\u00e7\u00e3o aumenta a \u00e1rea de contato com o ar e acelera a dissipa\u00e7\u00e3o de calor, o que proporciona grande dissipa\u00e7\u00e3o de calor para prolongar a vida \u00fatil desta luz de trabalho LED a 50.000 horas.\" \/>\n<meta name=\"robots\" content=\"index, follow, max-snippet:-1, max-image-preview:large, max-video-preview:-1\" \/>\n<link rel=\"canonical\" href=\"https:\/\/www.zhgdled.com\/pt-br\/holofotes-luzes-de-trabalho-com-plugue.html\" \/>\n<meta property=\"og:locale\" content=\"pt_BR\" \/>\n<meta property=\"og:type\" content=\"article\" \/>\n<meta property=\"og:title\" content=\"Fornecedor de luz de trabalho LEDLuzes de trabalho LED com holofote plugue &#8211; ZHL ILUMINA\u00c7\u00c3O INDUSTRIAL\" \/>\n<meta property=\"og:description\" content=\"Chips de alta qualidade, que podem produzir brilho de at\u00e9 5500LM, os LEDs de longa dura\u00e7\u00e3o nunca precisar\u00e3o ser substitu\u00eddos. Filme reflexivo de alta qualidade e \u00e2ngulo de feixe de at\u00e9 120 graus fornecem luz mais brilhante. Equivalente a uma l\u00e2mpada hal\u00f3gena de 500 W e ajuda a economizar mais de 85% na conta de eletricidade. O design de v\u00e1rias ranhuras na parte de tr\u00e1s da luz de inunda\u00e7\u00e3o aumenta a \u00e1rea de contato com o ar e acelera a dissipa\u00e7\u00e3o de calor, o que proporciona grande dissipa\u00e7\u00e3o de calor para prolongar a vida \u00fatil desta luz de trabalho LED a 50.000 horas.\" \/>\n<meta property=\"og:url\" content=\"https:\/\/www.zhgdled.com\/pt-br\/holofotes-luzes-de-trabalho-com-plugue.html\" \/>\n<meta property=\"og:site_name\" content=\"ZHL ILUMINA\u00c7\u00c3O INDUSTRIAL\" \/>\n<meta property=\"article:publisher\" content=\"https:\/\/www.facebook.com\/zhllightinggroup\" \/>\n<meta property=\"article:modified_time\" content=\"2023-12-26T06:38:01+00:00\" \/>\n<meta property=\"og:image\" content=\"https:\/\/www.zhgdled.com\/wp-content\/uploads\/2022\/07\/9.png\" \/>\n\t<meta property=\"og:image:width\" content=\"1600\" \/>\n\t<meta property=\"og:image:height\" content=\"1600\" \/>\n\t<meta property=\"og:image:type\" content=\"image\/png\" \/>\n<meta name=\"twitter:card\" content=\"summary_large_image\" \/>\n<meta name=\"twitter:site\" content=\"@zhl_lighting\" \/>\n<meta name=\"twitter:label1\" content=\"Est. tempo de leitura\" \/>\n\t<meta name=\"twitter:data1\" content=\"1 minuto\" \/>\n<script type=\"application\/ld+json\" class=\"yoast-schema-graph\">{\"@context\":\"https:\\\/\\\/schema.org\",\"@graph\":[{\"@type\":\"WebPage\",\"@id\":\"https:\\\/\\\/www.zhgdled.com\\\/pt-br\\\/holofotes-luzes-de-trabalho-com-plugue.html\",\"url\":\"https:\\\/\\\/www.zhgdled.com\\\/pt-br\\\/holofotes-luzes-de-trabalho-com-plugue.html\",\"name\":\"Fornecedor de luz de trabalho LEDLuzes de trabalho LED com holofote plugue &#8211; ZHL ILUMINA\u00c7\u00c3O INDUSTRIAL\",\"isPartOf\":{\"@id\":\"https:\\\/\\\/www.zhgdled.com\\\/pt-br\\\/#website\"},\"primaryImageOfPage\":{\"@id\":\"https:\\\/\\\/www.zhgdled.com\\\/pt-br\\\/holofotes-luzes-de-trabalho-com-plugue.html#primaryimage\"},\"image\":{\"@id\":\"https:\\\/\\\/www.zhgdled.com\\\/pt-br\\\/holofotes-luzes-de-trabalho-com-plugue.html#primaryimage\"},\"thumbnailUrl\":\"https:\\\/\\\/www.zhgdled.com\\\/wp-content\\\/uploads\\\/2022\\\/07\\\/9.png\",\"datePublished\":\"2022-07-14T01:10:20+00:00\",\"dateModified\":\"2023-12-26T06:38:01+00:00\",\"description\":\"Chips de alta qualidade, que podem produzir brilho de at\u00e9 5500LM, os LEDs de longa dura\u00e7\u00e3o nunca precisar\u00e3o ser substitu\u00eddos. Filme reflexivo de alta qualidade e \u00e2ngulo de feixe de at\u00e9 120 graus fornecem luz mais brilhante. Equivalente a uma l\u00e2mpada hal\u00f3gena de 500 W e ajuda a economizar mais de 85% na conta de eletricidade. O design de v\u00e1rias ranhuras na parte de tr\u00e1s da luz de inunda\u00e7\u00e3o aumenta a \u00e1rea de contato com o ar e acelera a dissipa\u00e7\u00e3o de calor, o que proporciona grande dissipa\u00e7\u00e3o de calor para prolongar a vida \u00fatil desta luz de trabalho LED a 50.000 horas.\",\"breadcrumb\":{\"@id\":\"https:\\\/\\\/www.zhgdled.com\\\/pt-br\\\/holofotes-luzes-de-trabalho-com-plugue.html#breadcrumb\"},\"inLanguage\":\"pt-BR\",\"potentialAction\":[{\"@type\":\"ReadAction\",\"target\":[\"https:\\\/\\\/www.zhgdled.com\\\/pt-br\\\/holofotes-luzes-de-trabalho-com-plugue.html\"]}]},{\"@type\":\"ImageObject\",\"inLanguage\":\"pt-BR\",\"@id\":\"https:\\\/\\\/www.zhgdled.com\\\/pt-br\\\/holofotes-luzes-de-trabalho-com-plugue.html#primaryimage\",\"url\":\"https:\\\/\\\/www.zhgdled.com\\\/wp-content\\\/uploads\\\/2022\\\/07\\\/9.png\",\"contentUrl\":\"https:\\\/\\\/www.zhgdled.com\\\/wp-content\\\/uploads\\\/2022\\\/07\\\/9.png\",\"width\":1600,\"height\":1600,\"caption\":\"luz de trabalho LED\"},{\"@type\":\"BreadcrumbList\",\"@id\":\"https:\\\/\\\/www.zhgdled.com\\\/pt-br\\\/holofotes-luzes-de-trabalho-com-plugue.html#breadcrumb\",\"itemListElement\":[{\"@type\":\"ListItem\",\"position\":1,\"name\":\"Home\",\"item\":\"https:\\\/\\\/www.zhgdled.com\\\/pt-br\"},{\"@type\":\"ListItem\",\"position\":2,\"name\":\"PRODUCTS\",\"item\":\"https:\\\/\\\/www.zhgdled.com\\\/zhl-products.html\"},{\"@type\":\"ListItem\",\"position\":3,\"name\":\"Luzes de trabalho LED com holofote plugue\"}]},{\"@type\":\"WebSite\",\"@id\":\"https:\\\/\\\/www.zhgdled.com\\\/pt-br\\\/#website\",\"url\":\"https:\\\/\\\/www.zhgdled.com\\\/pt-br\\\/\",\"name\":\"ZHL ILUMINA\u00c7\u00c3O INDUSTRIAL\",\"description\":\"Top ranking industrial lighting manufacturer and exporter\",\"publisher\":{\"@id\":\"https:\\\/\\\/www.zhgdled.com\\\/pt-br\\\/#organization\"},\"potentialAction\":[{\"@type\":\"SearchAction\",\"target\":{\"@type\":\"EntryPoint\",\"urlTemplate\":\"https:\\\/\\\/www.zhgdled.com\\\/pt-br\\\/?s={search_term_string}\"},\"query-input\":{\"@type\":\"PropertyValueSpecification\",\"valueRequired\":true,\"valueName\":\"search_term_string\"}}],\"inLanguage\":\"pt-BR\"},{\"@type\":\"Organization\",\"@id\":\"https:\\\/\\\/www.zhgdled.com\\\/pt-br\\\/#organization\",\"name\":\"ZHL Lighting Group\",\"url\":\"https:\\\/\\\/www.zhgdled.com\\\/pt-br\\\/\",\"logo\":{\"@type\":\"ImageObject\",\"inLanguage\":\"pt-BR\",\"@id\":\"https:\\\/\\\/www.zhgdled.com\\\/pt-br\\\/#\\\/schema\\\/logo\\\/image\\\/\",\"url\":\"\",\"contentUrl\":\"\",\"caption\":\"ZHL Lighting Group\"},\"image\":{\"@id\":\"https:\\\/\\\/www.zhgdled.com\\\/pt-br\\\/#\\\/schema\\\/logo\\\/image\\\/\"},\"sameAs\":[\"https:\\\/\\\/www.facebook.com\\\/zhllightinggroup\",\"https:\\\/\\\/x.com\\\/zhl_lighting\"]}]}<\/script>\n<!-- \/ Yoast SEO plugin. -->","yoast_head_json":{"title":"Fornecedor de luz de trabalho LEDLuzes de trabalho LED com holofote plugue &#8211; ZHL ILUMINA\u00c7\u00c3O INDUSTRIAL","description":"Chips de alta qualidade, que podem produzir brilho de at\u00e9 5500LM, os LEDs de longa dura\u00e7\u00e3o nunca precisar\u00e3o ser substitu\u00eddos. Filme reflexivo de alta qualidade e \u00e2ngulo de feixe de at\u00e9 120 graus fornecem luz mais brilhante. Equivalente a uma l\u00e2mpada hal\u00f3gena de 500 W e ajuda a economizar mais de 85% na conta de eletricidade. O design de v\u00e1rias ranhuras na parte de tr\u00e1s da luz de inunda\u00e7\u00e3o aumenta a \u00e1rea de contato com o ar e acelera a dissipa\u00e7\u00e3o de calor, o que proporciona grande dissipa\u00e7\u00e3o de calor para prolongar a vida \u00fatil desta luz de trabalho LED a 50.000 horas.","robots":{"index":"index","follow":"follow","max-snippet":"max-snippet:-1","max-image-preview":"max-image-preview:large","max-video-preview":"max-video-preview:-1"},"canonical":"https:\/\/www.zhgdled.com\/pt-br\/holofotes-luzes-de-trabalho-com-plugue.html","og_locale":"pt_BR","og_type":"article","og_title":"Fornecedor de luz de trabalho LEDLuzes de trabalho LED com holofote plugue &#8211; ZHL ILUMINA\u00c7\u00c3O INDUSTRIAL","og_description":"Chips de alta qualidade, que podem produzir brilho de at\u00e9 5500LM, os LEDs de longa dura\u00e7\u00e3o nunca precisar\u00e3o ser substitu\u00eddos. Filme reflexivo de alta qualidade e \u00e2ngulo de feixe de at\u00e9 120 graus fornecem luz mais brilhante. Equivalente a uma l\u00e2mpada hal\u00f3gena de 500 W e ajuda a economizar mais de 85% na conta de eletricidade. O design de v\u00e1rias ranhuras na parte de tr\u00e1s da luz de inunda\u00e7\u00e3o aumenta a \u00e1rea de contato com o ar e acelera a dissipa\u00e7\u00e3o de calor, o que proporciona grande dissipa\u00e7\u00e3o de calor para prolongar a vida \u00fatil desta luz de trabalho LED a 50.000 horas.","og_url":"https:\/\/www.zhgdled.com\/pt-br\/holofotes-luzes-de-trabalho-com-plugue.html","og_site_name":"ZHL ILUMINA\u00c7\u00c3O INDUSTRIAL","article_publisher":"https:\/\/www.facebook.com\/zhllightinggroup","article_modified_time":"2023-12-26T06:38:01+00:00","og_image":[{"width":1600,"height":1600,"url":"https:\/\/www.zhgdled.com\/wp-content\/uploads\/2022\/07\/9.png","type":"image\/png"}],"twitter_card":"summary_large_image","twitter_site":"@zhl_lighting","twitter_misc":{"Est. tempo de leitura":"1 minuto"},"schema":{"@context":"https:\/\/schema.org","@graph":[{"@type":"WebPage","@id":"https:\/\/www.zhgdled.com\/pt-br\/holofotes-luzes-de-trabalho-com-plugue.html","url":"https:\/\/www.zhgdled.com\/pt-br\/holofotes-luzes-de-trabalho-com-plugue.html","name":"Fornecedor de luz de trabalho LEDLuzes de trabalho LED com holofote plugue &#8211; ZHL ILUMINA\u00c7\u00c3O INDUSTRIAL","isPartOf":{"@id":"https:\/\/www.zhgdled.com\/pt-br\/#website"},"primaryImageOfPage":{"@id":"https:\/\/www.zhgdled.com\/pt-br\/holofotes-luzes-de-trabalho-com-plugue.html#primaryimage"},"image":{"@id":"https:\/\/www.zhgdled.com\/pt-br\/holofotes-luzes-de-trabalho-com-plugue.html#primaryimage"},"thumbnailUrl":"https:\/\/www.zhgdled.com\/wp-content\/uploads\/2022\/07\/9.png","datePublished":"2022-07-14T01:10:20+00:00","dateModified":"2023-12-26T06:38:01+00:00","description":"Chips de alta qualidade, que podem produzir brilho de at\u00e9 5500LM, os LEDs de longa dura\u00e7\u00e3o nunca precisar\u00e3o ser substitu\u00eddos. Filme reflexivo de alta qualidade e \u00e2ngulo de feixe de at\u00e9 120 graus fornecem luz mais brilhante. Equivalente a uma l\u00e2mpada hal\u00f3gena de 500 W e ajuda a economizar mais de 85% na conta de eletricidade. O design de v\u00e1rias ranhuras na parte de tr\u00e1s da luz de inunda\u00e7\u00e3o aumenta a \u00e1rea de contato com o ar e acelera a dissipa\u00e7\u00e3o de calor, o que proporciona grande dissipa\u00e7\u00e3o de calor para prolongar a vida \u00fatil desta luz de trabalho LED a 50.000 horas.","breadcrumb":{"@id":"https:\/\/www.zhgdled.com\/pt-br\/holofotes-luzes-de-trabalho-com-plugue.html#breadcrumb"},"inLanguage":"pt-BR","potentialAction":[{"@type":"ReadAction","target":["https:\/\/www.zhgdled.com\/pt-br\/holofotes-luzes-de-trabalho-com-plugue.html"]}]},{"@type":"ImageObject","inLanguage":"pt-BR","@id":"https:\/\/www.zhgdled.com\/pt-br\/holofotes-luzes-de-trabalho-com-plugue.html#primaryimage","url":"https:\/\/www.zhgdled.com\/wp-content\/uploads\/2022\/07\/9.png","contentUrl":"https:\/\/www.zhgdled.com\/wp-content\/uploads\/2022\/07\/9.png","width":1600,"height":1600,"caption":"luz de trabalho LED"},{"@type":"BreadcrumbList","@id":"https:\/\/www.zhgdled.com\/pt-br\/holofotes-luzes-de-trabalho-com-plugue.html#breadcrumb","itemListElement":[{"@type":"ListItem","position":1,"name":"Home","item":"https:\/\/www.zhgdled.com\/pt-br"},{"@type":"ListItem","position":2,"name":"PRODUCTS","item":"https:\/\/www.zhgdled.com\/zhl-products.html"},{"@type":"ListItem","position":3,"name":"Luzes de trabalho LED com holofote plugue"}]},{"@type":"WebSite","@id":"https:\/\/www.zhgdled.com\/pt-br\/#website","url":"https:\/\/www.zhgdled.com\/pt-br\/","name":"ZHL ILUMINA\u00c7\u00c3O INDUSTRIAL","description":"Top ranking industrial lighting manufacturer and exporter","publisher":{"@id":"https:\/\/www.zhgdled.com\/pt-br\/#organization"},"potentialAction":[{"@type":"SearchAction","target":{"@type":"EntryPoint","urlTemplate":"https:\/\/www.zhgdled.com\/pt-br\/?s={search_term_string}"},"query-input":{"@type":"PropertyValueSpecification","valueRequired":true,"valueName":"search_term_string"}}],"inLanguage":"pt-BR"},{"@type":"Organization","@id":"https:\/\/www.zhgdled.com\/pt-br\/#organization","name":"ZHL Lighting Group","url":"https:\/\/www.zhgdled.com\/pt-br\/","logo":{"@type":"ImageObject","inLanguage":"pt-BR","@id":"https:\/\/www.zhgdled.com\/pt-br\/#\/schema\/logo\/image\/","url":"","contentUrl":"","caption":"ZHL Lighting Group"},"image":{"@id":"https:\/\/www.zhgdled.com\/pt-br\/#\/schema\/logo\/image\/"},"sameAs":["https:\/\/www.facebook.com\/zhllightinggroup","https:\/\/x.com\/zhl_lighting"]}]}},"_links":{"self":[{"href":"https:\/\/www.zhgdled.com\/pt-br\/wp-json\/wp\/v2\/product\/18781","targetHints":{"allow":["GET"]}}],"collection":[{"href":"https:\/\/www.zhgdled.com\/pt-br\/wp-json\/wp\/v2\/product"}],"about":[{"href":"https:\/\/www.zhgdled.com\/pt-br\/wp-json\/wp\/v2\/types\/product"}],"wp:featuredmedia":[{"embeddable":true,"href":"https:\/\/www.zhgdled.com\/pt-br\/wp-json\/wp\/v2\/media\/17129"}],"wp:attachment":[{"href":"https:\/\/www.zhgdled.com\/pt-br\/wp-json\/wp\/v2\/media?parent=18781"}],"wp:term":[{"taxonomy":"product_brand","embeddable":true,"href":"https:\/\/www.zhgdled.com\/pt-br\/wp-json\/wp\/v2\/product_brand?post=18781"},{"taxonomy":"product_cat","embeddable":true,"href":"https:\/\/www.zhgdled.com\/pt-br\/wp-json\/wp\/v2\/product_cat?post=18781"},{"taxonomy":"product_tag","embeddable":true,"href":"https:\/\/www.zhgdled.com\/pt-br\/wp-json\/wp\/v2\/product_tag?post=18781"}],"curies":[{"name":"wp","href":"https:\/\/api.w.org\/{rel}","templated":true}]}}