{"id":18783,"date":"2022-06-20T16:56:58","date_gmt":"2022-06-20T08:56:58","guid":{"rendered":"https:\/\/www.zhgdled.com\/product\/rechargeable-led-work-light"},"modified":"2023-12-26T14:38:04","modified_gmt":"2023-12-26T06:38:04","slug":"luz-de-trabalho-led-recarregavel","status":"publish","type":"product","link":"https:\/\/www.zhgdled.com\/pt-br\/luz-de-trabalho-led-recarregavel.html","title":{"rendered":"Luz de trabalho LED recarreg\u00e1vel port\u00e1til"},"content":{"rendered":"<div class=\"J_module\">\n<div class=\"icbu-pc-detailManyImage magic-1\" data-module-name=\"icbu-pc-detailManyImage\">\n<div class=\"magic-4\">Bateria recarreg\u00e1vel de grande capacidade &#8211; A luz de trabalho led constru\u00edda em baterias de l\u00edtio recarreg\u00e1veis de 8pcs, capacidade de bateria super grande pode fornecer um longo tempo de ilumina\u00e7\u00e3o sem conectar \u00e0 rede el\u00e9trica.<\/div>\n<\/div>\n<\/div>\n<div>\u2022Poder\uff1a30W\/ 50W<br \/>\n\u2022 Efici\u00eancia de luz: 80Lm\/W\u00b110%<br \/>\n\u2022Fonte de luz: SMD<br \/>\n\u2022Ra:&gt;80\uff0c<\/div>\n<div>\u2022Voltagem: AC220V-240V<br \/>\n\u2022CCT:2700-6500K<br \/>\n\u2022Material: corpo de alum\u00ednio + PC<br \/>\n\u2022Classifica\u00e7\u00e3o \u00e0 prova d&#8217;\u00e1gua: IP54<br \/>\n\u2022A dureza do vidro atinge IK07<br \/>\n\u2022Certifica\u00e7\u00e3o: CE, ERP<br \/>\n\u2022Vida \u00fatil: 30.000 horas<br \/>\n\u2022Interruptor ON\/OFF individual de borracha<br \/>\n\u2022Garantia: 2 anos<br \/>\n\u20222M VDE H05RN-F 3*1,0M\u33a1Arame de borracha<br \/>\n\u2022A al\u00e7a traseira pode ser ajust\u00e1vel em 180\u00b0<br \/>\nAplicar a f\u00e1brica, oficina, armaz\u00e9m, carro<br \/>\nrepara\u00e7\u00e3o e festa ao ar livre<\/div>\n","protected":false},"excerpt":{"rendered":"<p>Luz de trabalho LED recarreg\u00e1vel para oficinas, est\u00fadios, resid\u00eancias e locais de trabalho.<\/p>\n<p>&nbsp;<\/p>\n<p>Pot\u00eancia: 30W\/ 50W<br \/>\n\u2022 Efici\u00eancia de luz: 80Lm\/W\u00b110%<br \/>\n\u2022Fonte de luz: SMD<br \/>\n\u2022Ra:&gt;80\uff0c<\/p>\n<p>\u2022Voltagem: AC220V-240V<\/p>\n<p>\u2022CCT:2700-6500K<br \/>\n\u2022Material: corpo de alum\u00ednio + PC<br \/>\n\u2022Classifica\u00e7\u00e3o \u00e0 prova d&#8217;\u00e1gua: IP54<br \/>\n\u2022A dureza do vidro atinge IK07<br \/>\n\u2022Certifica\u00e7\u00e3o: CE, ERP<br \/>\n\u2022Vida \u00fatil: 30.000 horas<\/p>\n","protected":false},"featured_media":17130,"template":"","meta":[],"product_brand":[],"product_cat":[643],"product_tag":[],"class_list":{"0":"post-18783","1":"product","2":"type-product","3":"status-publish","4":"has-post-thumbnail","6":"product_cat-luzes-de-trabalho","8":"first","9":"instock","10":"shipping-taxable","11":"product-type-simple"},"yoast_head":"<!-- This site is optimized with the Yoast SEO plugin v27.4 - https:\/\/yoast.com\/product\/yoast-seo-wordpress\/ -->\n<title>Luz de trabalho LED recarreg\u00e1velLuz de trabalho LED recarreg\u00e1vel port\u00e1til &#8211; ZHL ILUMINA\u00c7\u00c3O INDUSTRIAL<\/title>\n<meta name=\"description\" content=\"Luz de trabalho LED recarreg\u00e1vel para oficinas, est\u00fadios, resid\u00eancias e locais de trabalho.\" \/>\n<meta name=\"robots\" content=\"index, follow, max-snippet:-1, max-image-preview:large, max-video-preview:-1\" \/>\n<link rel=\"canonical\" href=\"https:\/\/www.zhgdled.com\/pt-br\/luz-de-trabalho-led-recarregavel.html\" \/>\n<meta property=\"og:locale\" content=\"pt_BR\" \/>\n<meta property=\"og:type\" content=\"article\" \/>\n<meta property=\"og:title\" content=\"Luz de trabalho LED recarreg\u00e1velLuz de trabalho LED recarreg\u00e1vel port\u00e1til &#8211; ZHL ILUMINA\u00c7\u00c3O INDUSTRIAL\" \/>\n<meta property=\"og:description\" content=\"Luz de trabalho LED recarreg\u00e1vel para oficinas, est\u00fadios, resid\u00eancias e locais de trabalho.\" \/>\n<meta property=\"og:url\" content=\"https:\/\/www.zhgdled.com\/pt-br\/luz-de-trabalho-led-recarregavel.html\" \/>\n<meta property=\"og:site_name\" content=\"ZHL ILUMINA\u00c7\u00c3O INDUSTRIAL\" \/>\n<meta property=\"article:publisher\" content=\"https:\/\/www.facebook.com\/zhllightinggroup\" \/>\n<meta property=\"article:modified_time\" content=\"2023-12-26T06:38:04+00:00\" \/>\n<meta property=\"og:image\" content=\"https:\/\/www.zhgdled.com\/wp-content\/uploads\/2022\/06\/10.png\" \/>\n\t<meta property=\"og:image:width\" content=\"1600\" \/>\n\t<meta property=\"og:image:height\" content=\"1600\" \/>\n\t<meta property=\"og:image:type\" content=\"image\/png\" \/>\n<meta name=\"twitter:card\" content=\"summary_large_image\" \/>\n<meta name=\"twitter:site\" content=\"@zhl_lighting\" \/>\n<meta name=\"twitter:label1\" content=\"Est. tempo de leitura\" \/>\n\t<meta name=\"twitter:data1\" content=\"1 minuto\" \/>\n<script type=\"application\/ld+json\" class=\"yoast-schema-graph\">{\"@context\":\"https:\\\/\\\/schema.org\",\"@graph\":[{\"@type\":\"WebPage\",\"@id\":\"https:\\\/\\\/www.zhgdled.com\\\/pt-br\\\/luz-de-trabalho-led-recarregavel.html\",\"url\":\"https:\\\/\\\/www.zhgdled.com\\\/pt-br\\\/luz-de-trabalho-led-recarregavel.html\",\"name\":\"Luz de trabalho LED recarreg\u00e1velLuz de trabalho LED recarreg\u00e1vel port\u00e1til &#8211; ZHL ILUMINA\u00c7\u00c3O INDUSTRIAL\",\"isPartOf\":{\"@id\":\"https:\\\/\\\/www.zhgdled.com\\\/pt-br\\\/#website\"},\"primaryImageOfPage\":{\"@id\":\"https:\\\/\\\/www.zhgdled.com\\\/pt-br\\\/luz-de-trabalho-led-recarregavel.html#primaryimage\"},\"image\":{\"@id\":\"https:\\\/\\\/www.zhgdled.com\\\/pt-br\\\/luz-de-trabalho-led-recarregavel.html#primaryimage\"},\"thumbnailUrl\":\"https:\\\/\\\/www.zhgdled.com\\\/wp-content\\\/uploads\\\/2022\\\/06\\\/10.png\",\"datePublished\":\"2022-06-20T08:56:58+00:00\",\"dateModified\":\"2023-12-26T06:38:04+00:00\",\"description\":\"Luz de trabalho LED recarreg\u00e1vel para oficinas, est\u00fadios, resid\u00eancias e locais de trabalho.\",\"breadcrumb\":{\"@id\":\"https:\\\/\\\/www.zhgdled.com\\\/pt-br\\\/luz-de-trabalho-led-recarregavel.html#breadcrumb\"},\"inLanguage\":\"pt-BR\",\"potentialAction\":[{\"@type\":\"ReadAction\",\"target\":[\"https:\\\/\\\/www.zhgdled.com\\\/pt-br\\\/luz-de-trabalho-led-recarregavel.html\"]}]},{\"@type\":\"ImageObject\",\"inLanguage\":\"pt-BR\",\"@id\":\"https:\\\/\\\/www.zhgdled.com\\\/pt-br\\\/luz-de-trabalho-led-recarregavel.html#primaryimage\",\"url\":\"https:\\\/\\\/www.zhgdled.com\\\/wp-content\\\/uploads\\\/2022\\\/06\\\/10.png\",\"contentUrl\":\"https:\\\/\\\/www.zhgdled.com\\\/wp-content\\\/uploads\\\/2022\\\/06\\\/10.png\",\"width\":1600,\"height\":1600,\"caption\":\"Luz de trabalho LED recarreg\u00e1vel\"},{\"@type\":\"BreadcrumbList\",\"@id\":\"https:\\\/\\\/www.zhgdled.com\\\/pt-br\\\/luz-de-trabalho-led-recarregavel.html#breadcrumb\",\"itemListElement\":[{\"@type\":\"ListItem\",\"position\":1,\"name\":\"Home\",\"item\":\"https:\\\/\\\/www.zhgdled.com\\\/pt-br\"},{\"@type\":\"ListItem\",\"position\":2,\"name\":\"PRODUCTS\",\"item\":\"https:\\\/\\\/www.zhgdled.com\\\/zhl-products.html\"},{\"@type\":\"ListItem\",\"position\":3,\"name\":\"Luz de trabalho LED recarreg\u00e1vel port\u00e1til\"}]},{\"@type\":\"WebSite\",\"@id\":\"https:\\\/\\\/www.zhgdled.com\\\/pt-br\\\/#website\",\"url\":\"https:\\\/\\\/www.zhgdled.com\\\/pt-br\\\/\",\"name\":\"ZHL ILUMINA\u00c7\u00c3O INDUSTRIAL\",\"description\":\"Top ranking industrial lighting manufacturer and exporter\",\"publisher\":{\"@id\":\"https:\\\/\\\/www.zhgdled.com\\\/pt-br\\\/#organization\"},\"potentialAction\":[{\"@type\":\"SearchAction\",\"target\":{\"@type\":\"EntryPoint\",\"urlTemplate\":\"https:\\\/\\\/www.zhgdled.com\\\/pt-br\\\/?s={search_term_string}\"},\"query-input\":{\"@type\":\"PropertyValueSpecification\",\"valueRequired\":true,\"valueName\":\"search_term_string\"}}],\"inLanguage\":\"pt-BR\"},{\"@type\":\"Organization\",\"@id\":\"https:\\\/\\\/www.zhgdled.com\\\/pt-br\\\/#organization\",\"name\":\"ZHL Lighting Group\",\"url\":\"https:\\\/\\\/www.zhgdled.com\\\/pt-br\\\/\",\"logo\":{\"@type\":\"ImageObject\",\"inLanguage\":\"pt-BR\",\"@id\":\"https:\\\/\\\/www.zhgdled.com\\\/pt-br\\\/#\\\/schema\\\/logo\\\/image\\\/\",\"url\":\"\",\"contentUrl\":\"\",\"caption\":\"ZHL Lighting Group\"},\"image\":{\"@id\":\"https:\\\/\\\/www.zhgdled.com\\\/pt-br\\\/#\\\/schema\\\/logo\\\/image\\\/\"},\"sameAs\":[\"https:\\\/\\\/www.facebook.com\\\/zhllightinggroup\",\"https:\\\/\\\/x.com\\\/zhl_lighting\"]}]}<\/script>\n<!-- \/ Yoast SEO plugin. -->","yoast_head_json":{"title":"Luz de trabalho LED recarreg\u00e1velLuz de trabalho LED recarreg\u00e1vel port\u00e1til &#8211; ZHL ILUMINA\u00c7\u00c3O INDUSTRIAL","description":"Luz de trabalho LED recarreg\u00e1vel para oficinas, est\u00fadios, resid\u00eancias e locais de trabalho.","robots":{"index":"index","follow":"follow","max-snippet":"max-snippet:-1","max-image-preview":"max-image-preview:large","max-video-preview":"max-video-preview:-1"},"canonical":"https:\/\/www.zhgdled.com\/pt-br\/luz-de-trabalho-led-recarregavel.html","og_locale":"pt_BR","og_type":"article","og_title":"Luz de trabalho LED recarreg\u00e1velLuz de trabalho LED recarreg\u00e1vel port\u00e1til &#8211; ZHL ILUMINA\u00c7\u00c3O INDUSTRIAL","og_description":"Luz de trabalho LED recarreg\u00e1vel para oficinas, est\u00fadios, resid\u00eancias e locais de trabalho.","og_url":"https:\/\/www.zhgdled.com\/pt-br\/luz-de-trabalho-led-recarregavel.html","og_site_name":"ZHL ILUMINA\u00c7\u00c3O INDUSTRIAL","article_publisher":"https:\/\/www.facebook.com\/zhllightinggroup","article_modified_time":"2023-12-26T06:38:04+00:00","og_image":[{"width":1600,"height":1600,"url":"https:\/\/www.zhgdled.com\/wp-content\/uploads\/2022\/06\/10.png","type":"image\/png"}],"twitter_card":"summary_large_image","twitter_site":"@zhl_lighting","twitter_misc":{"Est. tempo de leitura":"1 minuto"},"schema":{"@context":"https:\/\/schema.org","@graph":[{"@type":"WebPage","@id":"https:\/\/www.zhgdled.com\/pt-br\/luz-de-trabalho-led-recarregavel.html","url":"https:\/\/www.zhgdled.com\/pt-br\/luz-de-trabalho-led-recarregavel.html","name":"Luz de trabalho LED recarreg\u00e1velLuz de trabalho LED recarreg\u00e1vel port\u00e1til &#8211; ZHL ILUMINA\u00c7\u00c3O INDUSTRIAL","isPartOf":{"@id":"https:\/\/www.zhgdled.com\/pt-br\/#website"},"primaryImageOfPage":{"@id":"https:\/\/www.zhgdled.com\/pt-br\/luz-de-trabalho-led-recarregavel.html#primaryimage"},"image":{"@id":"https:\/\/www.zhgdled.com\/pt-br\/luz-de-trabalho-led-recarregavel.html#primaryimage"},"thumbnailUrl":"https:\/\/www.zhgdled.com\/wp-content\/uploads\/2022\/06\/10.png","datePublished":"2022-06-20T08:56:58+00:00","dateModified":"2023-12-26T06:38:04+00:00","description":"Luz de trabalho LED recarreg\u00e1vel para oficinas, est\u00fadios, resid\u00eancias e locais de trabalho.","breadcrumb":{"@id":"https:\/\/www.zhgdled.com\/pt-br\/luz-de-trabalho-led-recarregavel.html#breadcrumb"},"inLanguage":"pt-BR","potentialAction":[{"@type":"ReadAction","target":["https:\/\/www.zhgdled.com\/pt-br\/luz-de-trabalho-led-recarregavel.html"]}]},{"@type":"ImageObject","inLanguage":"pt-BR","@id":"https:\/\/www.zhgdled.com\/pt-br\/luz-de-trabalho-led-recarregavel.html#primaryimage","url":"https:\/\/www.zhgdled.com\/wp-content\/uploads\/2022\/06\/10.png","contentUrl":"https:\/\/www.zhgdled.com\/wp-content\/uploads\/2022\/06\/10.png","width":1600,"height":1600,"caption":"Luz de trabalho LED recarreg\u00e1vel"},{"@type":"BreadcrumbList","@id":"https:\/\/www.zhgdled.com\/pt-br\/luz-de-trabalho-led-recarregavel.html#breadcrumb","itemListElement":[{"@type":"ListItem","position":1,"name":"Home","item":"https:\/\/www.zhgdled.com\/pt-br"},{"@type":"ListItem","position":2,"name":"PRODUCTS","item":"https:\/\/www.zhgdled.com\/zhl-products.html"},{"@type":"ListItem","position":3,"name":"Luz de trabalho LED recarreg\u00e1vel port\u00e1til"}]},{"@type":"WebSite","@id":"https:\/\/www.zhgdled.com\/pt-br\/#website","url":"https:\/\/www.zhgdled.com\/pt-br\/","name":"ZHL ILUMINA\u00c7\u00c3O INDUSTRIAL","description":"Top ranking industrial lighting manufacturer and exporter","publisher":{"@id":"https:\/\/www.zhgdled.com\/pt-br\/#organization"},"potentialAction":[{"@type":"SearchAction","target":{"@type":"EntryPoint","urlTemplate":"https:\/\/www.zhgdled.com\/pt-br\/?s={search_term_string}"},"query-input":{"@type":"PropertyValueSpecification","valueRequired":true,"valueName":"search_term_string"}}],"inLanguage":"pt-BR"},{"@type":"Organization","@id":"https:\/\/www.zhgdled.com\/pt-br\/#organization","name":"ZHL Lighting Group","url":"https:\/\/www.zhgdled.com\/pt-br\/","logo":{"@type":"ImageObject","inLanguage":"pt-BR","@id":"https:\/\/www.zhgdled.com\/pt-br\/#\/schema\/logo\/image\/","url":"","contentUrl":"","caption":"ZHL Lighting Group"},"image":{"@id":"https:\/\/www.zhgdled.com\/pt-br\/#\/schema\/logo\/image\/"},"sameAs":["https:\/\/www.facebook.com\/zhllightinggroup","https:\/\/x.com\/zhl_lighting"]}]}},"_links":{"self":[{"href":"https:\/\/www.zhgdled.com\/pt-br\/wp-json\/wp\/v2\/product\/18783","targetHints":{"allow":["GET"]}}],"collection":[{"href":"https:\/\/www.zhgdled.com\/pt-br\/wp-json\/wp\/v2\/product"}],"about":[{"href":"https:\/\/www.zhgdled.com\/pt-br\/wp-json\/wp\/v2\/types\/product"}],"wp:featuredmedia":[{"embeddable":true,"href":"https:\/\/www.zhgdled.com\/pt-br\/wp-json\/wp\/v2\/media\/17130"}],"wp:attachment":[{"href":"https:\/\/www.zhgdled.com\/pt-br\/wp-json\/wp\/v2\/media?parent=18783"}],"wp:term":[{"taxonomy":"product_brand","embeddable":true,"href":"https:\/\/www.zhgdled.com\/pt-br\/wp-json\/wp\/v2\/product_brand?post=18783"},{"taxonomy":"product_cat","embeddable":true,"href":"https:\/\/www.zhgdled.com\/pt-br\/wp-json\/wp\/v2\/product_cat?post=18783"},{"taxonomy":"product_tag","embeddable":true,"href":"https:\/\/www.zhgdled.com\/pt-br\/wp-json\/wp\/v2\/product_tag?post=18783"}],"curies":[{"name":"wp","href":"https:\/\/api.w.org\/{rel}","templated":true}]}}