{"id":18785,"date":"2022-04-18T15:25:37","date_gmt":"2022-04-18T07:25:37","guid":{"rendered":"https:\/\/www.zhgdled.com\/product\/led-wallpack-light"},"modified":"2023-12-26T15:01:06","modified_gmt":"2023-12-26T07:01:06","slug":"led-wall-pack-light","status":"publish","type":"product","link":"https:\/\/www.zhgdled.com\/pt-br\/led-wallpack-light.html","title":{"rendered":"Pacote de luz LED para parede"},"content":{"rendered":"<p>Este pacote de luz de parede foi projetado com tecnologia de fotoc\u00e9lula de luz externa do crep\u00fasculo ao amanhecer, ajudando empresas comerciais e propriet\u00e1rios residenciais a economizar at\u00e9 75% em suas contas de energia, em compara\u00e7\u00e3o com as l\u00e2mpadas de iodetos met\u00e1licos.<\/p>\n<p><\/p>\n<p>A luz de seguran\u00e7a externa comercial \u00e9 projetada com tecnologia de fotoc\u00e9lula, tornando esta lumin\u00e1ria uma luz externa do crep\u00fasculo ao amanhecer. O sensor fotoc\u00e9lula liga automaticamente ao p\u00f4r do sol e desliga ao nascer do sol.<\/p>\n<p><\/p>\n<p>Constru\u00eddo com alum\u00ednio fundido com acabamento em bronze de revestimento de n\u00edvel comercial, uma lente de vidro temperado resistente a impactos e LEDs livres de manuten\u00e7\u00e3o, o pacote de ilumina\u00e7\u00e3o de parede comercial garante alto desempenho por mais de 50.000 horas de uso<\/p>\n<p><\/p>\n<p><img decoding=\"async\" class=\"alignnone size-full wp-image-16981\" src=\"https:\/\/www.zhgdled.com\/wp-content\/uploads\/2022\/04\/wall-1.png\" alt=\"\" width=\"979\" height=\"648\" data-mce-src=\"https:\/\/www.zhgdled.com\/wp-content\/uploads\/2022\/04\/wall-1.png\" srcset=\"https:\/\/www.zhgdled.com\/wp-content\/uploads\/2022\/04\/wall-1.png 979w, https:\/\/www.zhgdled.com\/wp-content\/uploads\/2022\/04\/wall-1-300x199.png 300w, https:\/\/www.zhgdled.com\/wp-content\/uploads\/2022\/04\/wall-1-768x508.png 768w, https:\/\/www.zhgdled.com\/wp-content\/uploads\/2022\/04\/wall-1-600x397.png 600w, https:\/\/www.zhgdled.com\/wp-content\/uploads\/2022\/04\/wall-1-150x99.png 150w\" sizes=\"(max-width: 979px) 100vw, 979px\" \/><img decoding=\"async\" class=\"alignnone size-full wp-image-16982\" src=\"https:\/\/www.zhgdled.com\/wp-content\/uploads\/2022\/04\/wall-2.png\" alt=\"\" width=\"1019\" height=\"594\" data-mce-src=\"https:\/\/www.zhgdled.com\/wp-content\/uploads\/2022\/04\/wall-2.png\" srcset=\"https:\/\/www.zhgdled.com\/wp-content\/uploads\/2022\/04\/wall-2.png 1019w, https:\/\/www.zhgdled.com\/wp-content\/uploads\/2022\/04\/wall-2-300x175.png 300w, https:\/\/www.zhgdled.com\/wp-content\/uploads\/2022\/04\/wall-2-768x448.png 768w, https:\/\/www.zhgdled.com\/wp-content\/uploads\/2022\/04\/wall-2-600x350.png 600w, https:\/\/www.zhgdled.com\/wp-content\/uploads\/2022\/04\/wall-2-150x87.png 150w\" sizes=\"(max-width: 1019px) 100vw, 1019px\" \/><\/p>\n","protected":false},"excerpt":{"rendered":"<p>Este pacote de luz de parede foi projetado com tecnologia de fotoc\u00e9lula de luz externa do crep\u00fasculo ao amanhecer, ajudando empresas comerciais e propriet\u00e1rios residenciais a economizar at\u00e9 75% em suas contas de energia, em compara\u00e7\u00e3o com as l\u00e2mpadas de iodetos met\u00e1licos.<\/p>\n","protected":false},"featured_media":17132,"template":"","meta":[],"product_brand":[],"product_cat":[645],"product_tag":[],"class_list":{"0":"post-18785","1":"product","2":"type-product","3":"status-publish","4":"has-post-thumbnail","6":"product_cat-refletor-led","8":"first","9":"instock","10":"shipping-taxable","11":"product-type-simple"},"yoast_head":"<!-- This site is optimized with the Yoast SEO plugin v27.4 - https:\/\/yoast.com\/product\/yoast-seo-wordpress\/ -->\n<title>Pacote de luz LED para parede &#8211; ZHL ILUMINA\u00c7\u00c3O INDUSTRIAL<\/title>\n<meta name=\"description\" content=\"Luz LED ZHL Wall Pack - 30W-150W adequada para paredes exteriores, corredores, garagens, p\u00e1tios de port\u00f5es.\" \/>\n<meta name=\"robots\" content=\"index, follow, max-snippet:-1, max-image-preview:large, max-video-preview:-1\" \/>\n<link rel=\"canonical\" href=\"https:\/\/www.zhgdled.com\/pt-br\/led-wallpack-light.html\" \/>\n<meta property=\"og:locale\" content=\"pt_BR\" \/>\n<meta property=\"og:type\" content=\"article\" \/>\n<meta property=\"og:title\" content=\"Pacote de luz LED para parede &#8211; ZHL ILUMINA\u00c7\u00c3O INDUSTRIAL\" \/>\n<meta property=\"og:description\" content=\"Luz LED ZHL Wall Pack - 30W-150W adequada para paredes exteriores, corredores, garagens, p\u00e1tios de port\u00f5es.\" \/>\n<meta property=\"og:url\" content=\"https:\/\/www.zhgdled.com\/pt-br\/led-wallpack-light.html\" \/>\n<meta property=\"og:site_name\" content=\"ZHL ILUMINA\u00c7\u00c3O INDUSTRIAL\" \/>\n<meta property=\"article:publisher\" content=\"https:\/\/www.facebook.com\/zhllightinggroup\" \/>\n<meta property=\"article:modified_time\" content=\"2023-12-26T07:01:06+00:00\" \/>\n<meta property=\"og:image\" content=\"https:\/\/www.zhgdled.com\/wp-content\/uploads\/2022\/04\/11-1.png\" \/>\n\t<meta property=\"og:image:width\" content=\"1600\" \/>\n\t<meta property=\"og:image:height\" content=\"1600\" \/>\n\t<meta property=\"og:image:type\" content=\"image\/png\" \/>\n<meta name=\"twitter:card\" content=\"summary_large_image\" \/>\n<meta name=\"twitter:site\" content=\"@zhl_lighting\" \/>\n<meta name=\"twitter:label1\" content=\"Est. tempo de leitura\" \/>\n\t<meta name=\"twitter:data1\" content=\"1 minuto\" \/>\n<script type=\"application\/ld+json\" class=\"yoast-schema-graph\">{\"@context\":\"https:\\\/\\\/schema.org\",\"@graph\":[{\"@type\":\"WebPage\",\"@id\":\"https:\\\/\\\/www.zhgdled.com\\\/pt-br\\\/led-wallpack-light.html\",\"url\":\"https:\\\/\\\/www.zhgdled.com\\\/pt-br\\\/led-wallpack-light.html\",\"name\":\"Pacote de luz LED para parede &#8211; ZHL ILUMINA\u00c7\u00c3O INDUSTRIAL\",\"isPartOf\":{\"@id\":\"https:\\\/\\\/www.zhgdled.com\\\/pt-br\\\/#website\"},\"primaryImageOfPage\":{\"@id\":\"https:\\\/\\\/www.zhgdled.com\\\/pt-br\\\/led-wallpack-light.html#primaryimage\"},\"image\":{\"@id\":\"https:\\\/\\\/www.zhgdled.com\\\/pt-br\\\/led-wallpack-light.html#primaryimage\"},\"thumbnailUrl\":\"https:\\\/\\\/www.zhgdled.com\\\/wp-content\\\/uploads\\\/2022\\\/04\\\/11-1.png\",\"datePublished\":\"2022-04-18T07:25:37+00:00\",\"dateModified\":\"2023-12-26T07:01:06+00:00\",\"description\":\"Luz LED ZHL Wall Pack - 30W-150W adequada para paredes exteriores, corredores, garagens, p\u00e1tios de port\u00f5es.\",\"breadcrumb\":{\"@id\":\"https:\\\/\\\/www.zhgdled.com\\\/pt-br\\\/led-wallpack-light.html#breadcrumb\"},\"inLanguage\":\"pt-BR\",\"potentialAction\":[{\"@type\":\"ReadAction\",\"target\":[\"https:\\\/\\\/www.zhgdled.com\\\/pt-br\\\/led-wallpack-light.html\"]}]},{\"@type\":\"ImageObject\",\"inLanguage\":\"pt-BR\",\"@id\":\"https:\\\/\\\/www.zhgdled.com\\\/pt-br\\\/led-wallpack-light.html#primaryimage\",\"url\":\"https:\\\/\\\/www.zhgdled.com\\\/wp-content\\\/uploads\\\/2022\\\/04\\\/11-1.png\",\"contentUrl\":\"https:\\\/\\\/www.zhgdled.com\\\/wp-content\\\/uploads\\\/2022\\\/04\\\/11-1.png\",\"width\":1600,\"height\":1600,\"caption\":\"pacote de luz de parede LED\"},{\"@type\":\"BreadcrumbList\",\"@id\":\"https:\\\/\\\/www.zhgdled.com\\\/pt-br\\\/led-wallpack-light.html#breadcrumb\",\"itemListElement\":[{\"@type\":\"ListItem\",\"position\":1,\"name\":\"Home\",\"item\":\"https:\\\/\\\/www.zhgdled.com\\\/pt-br\"},{\"@type\":\"ListItem\",\"position\":2,\"name\":\"PRODUCTS\",\"item\":\"https:\\\/\\\/www.zhgdled.com\\\/zhl-products.html\"},{\"@type\":\"ListItem\",\"position\":3,\"name\":\"Pacote de luz LED para parede\"}]},{\"@type\":\"WebSite\",\"@id\":\"https:\\\/\\\/www.zhgdled.com\\\/pt-br\\\/#website\",\"url\":\"https:\\\/\\\/www.zhgdled.com\\\/pt-br\\\/\",\"name\":\"ZHL ILUMINA\u00c7\u00c3O INDUSTRIAL\",\"description\":\"Top ranking industrial lighting manufacturer and exporter\",\"publisher\":{\"@id\":\"https:\\\/\\\/www.zhgdled.com\\\/pt-br\\\/#organization\"},\"potentialAction\":[{\"@type\":\"SearchAction\",\"target\":{\"@type\":\"EntryPoint\",\"urlTemplate\":\"https:\\\/\\\/www.zhgdled.com\\\/pt-br\\\/?s={search_term_string}\"},\"query-input\":{\"@type\":\"PropertyValueSpecification\",\"valueRequired\":true,\"valueName\":\"search_term_string\"}}],\"inLanguage\":\"pt-BR\"},{\"@type\":\"Organization\",\"@id\":\"https:\\\/\\\/www.zhgdled.com\\\/pt-br\\\/#organization\",\"name\":\"ZHL Lighting Group\",\"url\":\"https:\\\/\\\/www.zhgdled.com\\\/pt-br\\\/\",\"logo\":{\"@type\":\"ImageObject\",\"inLanguage\":\"pt-BR\",\"@id\":\"https:\\\/\\\/www.zhgdled.com\\\/pt-br\\\/#\\\/schema\\\/logo\\\/image\\\/\",\"url\":\"\",\"contentUrl\":\"\",\"caption\":\"ZHL Lighting Group\"},\"image\":{\"@id\":\"https:\\\/\\\/www.zhgdled.com\\\/pt-br\\\/#\\\/schema\\\/logo\\\/image\\\/\"},\"sameAs\":[\"https:\\\/\\\/www.facebook.com\\\/zhllightinggroup\",\"https:\\\/\\\/x.com\\\/zhl_lighting\"]}]}<\/script>\n<!-- \/ Yoast SEO plugin. -->","yoast_head_json":{"title":"Pacote de luz LED para parede &#8211; ZHL ILUMINA\u00c7\u00c3O INDUSTRIAL","description":"Luz LED ZHL Wall Pack - 30W-150W adequada para paredes exteriores, corredores, garagens, p\u00e1tios de port\u00f5es.","robots":{"index":"index","follow":"follow","max-snippet":"max-snippet:-1","max-image-preview":"max-image-preview:large","max-video-preview":"max-video-preview:-1"},"canonical":"https:\/\/www.zhgdled.com\/pt-br\/led-wallpack-light.html","og_locale":"pt_BR","og_type":"article","og_title":"Pacote de luz LED para parede &#8211; ZHL ILUMINA\u00c7\u00c3O INDUSTRIAL","og_description":"Luz LED ZHL Wall Pack - 30W-150W adequada para paredes exteriores, corredores, garagens, p\u00e1tios de port\u00f5es.","og_url":"https:\/\/www.zhgdled.com\/pt-br\/led-wallpack-light.html","og_site_name":"ZHL ILUMINA\u00c7\u00c3O INDUSTRIAL","article_publisher":"https:\/\/www.facebook.com\/zhllightinggroup","article_modified_time":"2023-12-26T07:01:06+00:00","og_image":[{"width":1600,"height":1600,"url":"https:\/\/www.zhgdled.com\/wp-content\/uploads\/2022\/04\/11-1.png","type":"image\/png"}],"twitter_card":"summary_large_image","twitter_site":"@zhl_lighting","twitter_misc":{"Est. tempo de leitura":"1 minuto"},"schema":{"@context":"https:\/\/schema.org","@graph":[{"@type":"WebPage","@id":"https:\/\/www.zhgdled.com\/pt-br\/led-wallpack-light.html","url":"https:\/\/www.zhgdled.com\/pt-br\/led-wallpack-light.html","name":"Pacote de luz LED para parede &#8211; ZHL ILUMINA\u00c7\u00c3O INDUSTRIAL","isPartOf":{"@id":"https:\/\/www.zhgdled.com\/pt-br\/#website"},"primaryImageOfPage":{"@id":"https:\/\/www.zhgdled.com\/pt-br\/led-wallpack-light.html#primaryimage"},"image":{"@id":"https:\/\/www.zhgdled.com\/pt-br\/led-wallpack-light.html#primaryimage"},"thumbnailUrl":"https:\/\/www.zhgdled.com\/wp-content\/uploads\/2022\/04\/11-1.png","datePublished":"2022-04-18T07:25:37+00:00","dateModified":"2023-12-26T07:01:06+00:00","description":"Luz LED ZHL Wall Pack - 30W-150W adequada para paredes exteriores, corredores, garagens, p\u00e1tios de port\u00f5es.","breadcrumb":{"@id":"https:\/\/www.zhgdled.com\/pt-br\/led-wallpack-light.html#breadcrumb"},"inLanguage":"pt-BR","potentialAction":[{"@type":"ReadAction","target":["https:\/\/www.zhgdled.com\/pt-br\/led-wallpack-light.html"]}]},{"@type":"ImageObject","inLanguage":"pt-BR","@id":"https:\/\/www.zhgdled.com\/pt-br\/led-wallpack-light.html#primaryimage","url":"https:\/\/www.zhgdled.com\/wp-content\/uploads\/2022\/04\/11-1.png","contentUrl":"https:\/\/www.zhgdled.com\/wp-content\/uploads\/2022\/04\/11-1.png","width":1600,"height":1600,"caption":"pacote de luz de parede LED"},{"@type":"BreadcrumbList","@id":"https:\/\/www.zhgdled.com\/pt-br\/led-wallpack-light.html#breadcrumb","itemListElement":[{"@type":"ListItem","position":1,"name":"Home","item":"https:\/\/www.zhgdled.com\/pt-br"},{"@type":"ListItem","position":2,"name":"PRODUCTS","item":"https:\/\/www.zhgdled.com\/zhl-products.html"},{"@type":"ListItem","position":3,"name":"Pacote de luz LED para parede"}]},{"@type":"WebSite","@id":"https:\/\/www.zhgdled.com\/pt-br\/#website","url":"https:\/\/www.zhgdled.com\/pt-br\/","name":"ZHL ILUMINA\u00c7\u00c3O INDUSTRIAL","description":"Top ranking industrial lighting manufacturer and exporter","publisher":{"@id":"https:\/\/www.zhgdled.com\/pt-br\/#organization"},"potentialAction":[{"@type":"SearchAction","target":{"@type":"EntryPoint","urlTemplate":"https:\/\/www.zhgdled.com\/pt-br\/?s={search_term_string}"},"query-input":{"@type":"PropertyValueSpecification","valueRequired":true,"valueName":"search_term_string"}}],"inLanguage":"pt-BR"},{"@type":"Organization","@id":"https:\/\/www.zhgdled.com\/pt-br\/#organization","name":"ZHL Lighting Group","url":"https:\/\/www.zhgdled.com\/pt-br\/","logo":{"@type":"ImageObject","inLanguage":"pt-BR","@id":"https:\/\/www.zhgdled.com\/pt-br\/#\/schema\/logo\/image\/","url":"","contentUrl":"","caption":"ZHL Lighting Group"},"image":{"@id":"https:\/\/www.zhgdled.com\/pt-br\/#\/schema\/logo\/image\/"},"sameAs":["https:\/\/www.facebook.com\/zhllightinggroup","https:\/\/x.com\/zhl_lighting"]}]}},"_links":{"self":[{"href":"https:\/\/www.zhgdled.com\/pt-br\/wp-json\/wp\/v2\/product\/18785","targetHints":{"allow":["GET"]}}],"collection":[{"href":"https:\/\/www.zhgdled.com\/pt-br\/wp-json\/wp\/v2\/product"}],"about":[{"href":"https:\/\/www.zhgdled.com\/pt-br\/wp-json\/wp\/v2\/types\/product"}],"wp:featuredmedia":[{"embeddable":true,"href":"https:\/\/www.zhgdled.com\/pt-br\/wp-json\/wp\/v2\/media\/17132"}],"wp:attachment":[{"href":"https:\/\/www.zhgdled.com\/pt-br\/wp-json\/wp\/v2\/media?parent=18785"}],"wp:term":[{"taxonomy":"product_brand","embeddable":true,"href":"https:\/\/www.zhgdled.com\/pt-br\/wp-json\/wp\/v2\/product_brand?post=18785"},{"taxonomy":"product_cat","embeddable":true,"href":"https:\/\/www.zhgdled.com\/pt-br\/wp-json\/wp\/v2\/product_cat?post=18785"},{"taxonomy":"product_tag","embeddable":true,"href":"https:\/\/www.zhgdled.com\/pt-br\/wp-json\/wp\/v2\/product_tag?post=18785"}],"curies":[{"name":"wp","href":"https:\/\/api.w.org\/{rel}","templated":true}]}}