{"id":18786,"date":"2022-04-18T14:20:15","date_gmt":"2022-04-18T06:20:15","guid":{"rendered":"https:\/\/www.zhgdled.com\/product\/greenhouse-foldable-led-grow-light-480-1000w"},"modified":"2023-06-13T11:05:57","modified_gmt":"2023-06-13T03:05:57","slug":"estufa-dobravel-led-grow-light-480-1000w","status":"publish","type":"product","link":"https:\/\/www.zhgdled.com\/pt-br\/estufa-dobravel-led-grow-light-480-1000w.html","title":{"rendered":"S\u00c9RIE OCTOPUS L\u00e2mpada de LED dobr\u00e1vel para estufa 480 W &#8211; 1000 W"},"content":{"rendered":"<h2 id=\"title\" class=\"a-size-large a-spacing-none\">Fold-6 480W &#8211; 1000W Luzes LED para cultivo de plantas de espectro total para plantas de interior<\/h2>\n<ul class=\"a-unordered-list a-vertical a-spacing-mini\">\n<li>M\u00e1ximo de \u00b5mol por watt \u2014 Uma alta efici\u00eancia de 2,7 umol\/j e consumo de energia real de 720 W contribui para opera\u00e7\u00f5es de cultivo eficientes que ajudam voc\u00ea a otimizar o crescimento da planta com efic\u00e1cia, melhora a qualidade dos rendimentos e reduz os custos operacionais. PPFD mais alto que 1385 \u00b5mol\/s a 12\u201d de dist\u00e2ncia e 1056 \u00b5mol\/s a 24\u201d.<\/li>\n<li>Espectro otimizado &#8211; esta planta led Fold-6 Octopus Series cresce com luzes de espectro completo que promove a fotoss\u00edntese em todos os est\u00e1gios de crescimento, especialmente na flora\u00e7\u00e3o, desde o corte \/ semeadura, vegetativo e flora\u00e7\u00e3o. Crescer luzes para plantas de interior Fold-6 replica o espectro da luz solar natural e produz um comprimento de onda amplo, consistente e significativo na faixa de 400 a 700 nm que pode crescer durante todo o ciclo de vida da planta. Ajuda as suas plantas a crescerem mais saud\u00e1veis e a produzirem melhores colheitas.<\/li>\n<li>Menos calor \u2014 LEDs geram muito menos calor do que HPS e outras l\u00e2mpadas HID, tornando-as perfeitas para horticultura. O dissipador de calor de alum\u00ednio junto com 8 barras resfriadas passivas largas, que podem dissipar melhor o calor para permanecer frio e reduzir o calor ambiente em seu espa\u00e7o crescente para prolongar a vida \u00fatil da luz.<\/li>\n<\/ul>\n<h2>ESPECIFICA\u00c7\u00c3O<\/h2>\n<p><img decoding=\"async\" class=\"alignnone wp-image-17482\" src=\"https:\/\/www.zhgdled.com\/wp-content\/uploads\/2022\/07\/zhl_download-logo.png\" alt=\"\" width=\"26\" height=\"26\" srcset=\"https:\/\/www.zhgdled.com\/wp-content\/uploads\/2022\/07\/zhl_download-logo.png 368w, https:\/\/www.zhgdled.com\/wp-content\/uploads\/2022\/07\/zhl_download-logo-300x300.png 300w, https:\/\/www.zhgdled.com\/wp-content\/uploads\/2022\/07\/zhl_download-logo-150x150.png 150w\" sizes=\"(max-width: 26px) 100vw, 26px\" \/>\u00a0 <a href=\"https:\/\/www.zhgdled.com\/download\/octopus-series-led-grow-light\">Dowbload Specs<\/a><\/p>\n<table>\n<tbody>\n<tr>\n<td width=\"98\">Modelo<\/td>\n<td width=\"96\">ZHL-GROW-480W<\/td>\n<td width=\"93\">ZHL-GROW-600W<\/td>\n<td width=\"93\">ZHL-GROW-640W<\/td>\n<td width=\"94\">ZHL-GROW-800W<\/td>\n<td width=\"91\">ZHL-GROW-1000W<\/td>\n<\/tr>\n<tr>\n<td width=\"98\">Poder<\/td>\n<td width=\"96\">480W<\/td>\n<td width=\"93\">600W<\/td>\n<td width=\"93\">640W<\/td>\n<td width=\"94\">800W<\/td>\n<td width=\"91\">1000W<\/td>\n<\/tr>\n<tr>\n<td width=\"98\">Fonte de luz 3030<\/td>\n<td width=\"96\">White\/Osram 660nm<\/td>\n<td width=\"93\">White\/Osram 660nm<\/td>\n<td width=\"93\">White\/Osram 660nm<\/td>\n<td width=\"94\">White\/Osram 660nm<\/td>\n<td width=\"91\">White\/Osram 660nm<\/td>\n<\/tr>\n<tr>\n<td width=\"98\">Tens\u00e3o de entrada<\/td>\n<td width=\"96\">100-277V 50\/60Hz<\/td>\n<td width=\"93\">100-277V 50\/60Hz<\/td>\n<td width=\"93\">100-277V 50\/60Hz<\/td>\n<td width=\"94\">100-277V 50\/60Hz<\/td>\n<td width=\"91\">100-277V 50\/60Hz<\/td>\n<\/tr>\n<tr>\n<td width=\"98\">Efici\u00eancia<\/td>\n<td width=\"96\">2.7umol\/s\/w<\/td>\n<td width=\"93\">2.7umol\/s\/w<\/td>\n<td width=\"93\">2.7umol\/s\/w<\/td>\n<td width=\"94\">2.7umol\/s\/w<\/td>\n<td width=\"91\">2.7umol\/s\/w<\/td>\n<\/tr>\n<tr>\n<td width=\"98\">Fator de pot\u00eancia<\/td>\n<td width=\"96\">&gt;0.95<\/td>\n<td width=\"93\">&gt;0.95<\/td>\n<td width=\"93\">&gt;0.95<\/td>\n<td width=\"94\">&gt;0.95<\/td>\n<td width=\"91\">&gt;0.95<\/td>\n<\/tr>\n<tr>\n<td width=\"98\">PPF<\/td>\n<td width=\"96\">1296umol\/s<\/td>\n<td width=\"93\">1620umol\/s<\/td>\n<td width=\"93\">1725umol\/s<\/td>\n<td width=\"94\">2160umol\/s<\/td>\n<td width=\"91\">2700umol\/s<\/td>\n<\/tr>\n<tr>\n<td width=\"98\">Distribui\u00e7\u00e3o de luz<\/td>\n<td width=\"96\">120\u00b0<\/td>\n<td width=\"93\">120\u00b0<\/td>\n<td width=\"93\">120\u00b0<\/td>\n<td width=\"94\">120\u00b0<\/td>\n<td width=\"91\">120\u00b0<\/td>\n<\/tr>\n<tr>\n<td width=\"98\">Temperatura de trabalho<\/td>\n<td width=\"96\">-20\u2103~40\u2103<\/td>\n<td width=\"93\">-20\u2103~40\u2103<\/td>\n<td width=\"93\">-20\u2103~40\u2103<\/td>\n<td width=\"94\">-20\u2103~40\u2103<\/td>\n<td width=\"91\">-20\u2103~40\u2103<\/td>\n<\/tr>\n<tr>\n<td width=\"98\">Classe IP<\/td>\n<td width=\"96\">IP65<\/td>\n<td width=\"93\">IP65<\/td>\n<td width=\"93\">IP65<\/td>\n<td width=\"94\">IP65<\/td>\n<td width=\"91\">IP65<\/td>\n<\/tr>\n<tr>\n<td width=\"98\">Sa\u00edda de L\u00famen<\/td>\n<td width=\"96\">85440Lm<\/td>\n<td width=\"93\">108000Lm<\/td>\n<td width=\"93\">115200Lm<\/td>\n<td width=\"94\">144000Lm<\/td>\n<td width=\"91\">180000Lm<\/td>\n<\/tr>\n<tr>\n<td width=\"98\">Quantidade de LEDs<\/td>\n<td width=\"96\">1680<\/td>\n<td width=\"93\">2520<\/td>\n<td width=\"93\">2520<\/td>\n<td width=\"94\">3360<\/td>\n<td width=\"91\">4480<\/td>\n<\/tr>\n<tr>\n<td width=\"98\">Quantidade de m\u00f3dulos de LED<\/td>\n<td width=\"96\">4PCS<\/td>\n<td width=\"93\">6PCS<\/td>\n<td width=\"93\">6PCS<\/td>\n<td width=\"94\">8PCS<\/td>\n<td width=\"91\">8PCS<\/td>\n<\/tr>\n<tr>\n<td width=\"98\">Tamanho do produto<\/td>\n<td width=\"96\">1040*515*107.5mm<\/td>\n<td width=\"93\">1040*719*107.5mm<\/td>\n<td width=\"93\">1040*719*107.5mm<\/td>\n<td width=\"94\">1040*918*107.5mm<\/td>\n<td width=\"91\">1040*918*107.5mm<\/td>\n<\/tr>\n<tr>\n<td width=\"98\">Peso do Produto<\/td>\n<td width=\"96\">11.5kg<\/td>\n<td width=\"93\">14.5kg<\/td>\n<td width=\"93\">14.5kg<\/td>\n<td width=\"94\">16kg<\/td>\n<td width=\"91\">17.2kg<\/td>\n<\/tr>\n<tr>\n<td width=\"98\">Vida \u00fatil<\/td>\n<td width=\"96\">&gt;50000h<\/td>\n<td width=\"93\">&gt;50000h<\/td>\n<td width=\"93\">&gt;50000h<\/td>\n<td width=\"94\">&gt;50000h<\/td>\n<td width=\"91\">&gt;50000h<\/td>\n<\/tr>\n<tr>\n<td width=\"98\">garantia<\/td>\n<td width=\"96\">5 Years<\/td>\n<td width=\"93\">5 Years<\/td>\n<td width=\"93\">5 Years<\/td>\n<td width=\"94\">5 Years<\/td>\n<td width=\"91\">5 Years<\/td>\n<\/tr>\n<tr>\n<td width=\"98\">Certifica\u00e7\u00e3o<\/td>\n<td width=\"96\">CE\/ETL\/DLC<\/td>\n<td width=\"93\">CE\/ETL\/DLC<\/td>\n<td width=\"93\">CE\/ETL\/DLC<\/td>\n<td width=\"94\">CE\/ETL\/DLC<\/td>\n<td width=\"91\">CE\/ETL\/DLC<\/td>\n<\/tr>\n<\/tbody>\n<\/table>\n<p>&nbsp;<\/p>\n<p><img decoding=\"async\" class=\"alignnone size-full wp-image-16977\" src=\"https:\/\/www.zhgdled.com\/wp-content\/uploads\/2022\/04\/grow-light-3.png\" alt=\"\" width=\"892\" height=\"754\" srcset=\"https:\/\/www.zhgdled.com\/wp-content\/uploads\/2022\/04\/grow-light-3.png 892w, https:\/\/www.zhgdled.com\/wp-content\/uploads\/2022\/04\/grow-light-3-300x254.png 300w, https:\/\/www.zhgdled.com\/wp-content\/uploads\/2022\/04\/grow-light-3-768x649.png 768w, https:\/\/www.zhgdled.com\/wp-content\/uploads\/2022\/04\/grow-light-3-600x507.png 600w, https:\/\/www.zhgdled.com\/wp-content\/uploads\/2022\/04\/grow-light-3-150x127.png 150w\" sizes=\"(max-width: 892px) 100vw, 892px\" \/><\/p>\n<p><img decoding=\"async\" class=\"alignnone size-full wp-image-17167\" src=\"https:\/\/www.zhgdled.com\/wp-content\/uploads\/2022\/04\/ZHL-GROW-LIGHT-2.jpg\" alt=\"led grow light\" width=\"987\" height=\"718\" srcset=\"https:\/\/www.zhgdled.com\/wp-content\/uploads\/2022\/04\/ZHL-GROW-LIGHT-2.jpg 987w, https:\/\/www.zhgdled.com\/wp-content\/uploads\/2022\/04\/ZHL-GROW-LIGHT-2-300x218.jpg 300w, https:\/\/www.zhgdled.com\/wp-content\/uploads\/2022\/04\/ZHL-GROW-LIGHT-2-768x559.jpg 768w, https:\/\/www.zhgdled.com\/wp-content\/uploads\/2022\/04\/ZHL-GROW-LIGHT-2-600x436.jpg 600w, https:\/\/www.zhgdled.com\/wp-content\/uploads\/2022\/04\/ZHL-GROW-LIGHT-2-150x109.jpg 150w\" sizes=\"(max-width: 987px) 100vw, 987px\" \/><\/p>\n","protected":false},"excerpt":{"rendered":"<p><span class=\"a-list-item\">Este Fold-6 Octopus Series led cresce luzes de espectro completo promove a fotoss\u00edntese em todos os est\u00e1gios de crescimento, especialmente a flora\u00e7\u00e3o, desde o corte \/ semeadura, vegetativo e flora\u00e7\u00e3o. O dissipador de calor de alum\u00ednio junto com 8 barras resfriadas passivas largas, que podem desaparecer melhor o calor para permanecer fresco e reduzir o calor ambiente em seu espa\u00e7o crescente para prolongar a vida \u00fatil da luz.<\/span><\/p>\n<ul>\n<li>480W \/ 600W \/ 640W \/ 800W \/ 1000W<\/li>\n<li>Osram 660nm LEDs<\/li>\n<li>200V-277V AC, 50\/60Hz<\/li>\n<li>2.7umol\/s\/w<\/li>\n<li>PF&gt;0.95<\/li>\n<li>Distribui\u00e7\u00e3o de luz 120\u00b0<\/li>\n<li>IP65<\/li>\n<\/ul>\n","protected":false},"featured_media":17168,"template":"","meta":[],"product_brand":[],"product_cat":[518],"product_tag":[519],"class_list":{"0":"post-18786","1":"product","2":"type-product","3":"status-publish","4":"has-post-thumbnail","6":"product_cat-grow-light-pt-br","7":"product_tag-grow-light-pt-br","9":"first","10":"instock","11":"shipping-taxable","12":"product-type-simple"},"yoast_head":"<!-- This site is optimized with the Yoast SEO plugin v27.4 - https:\/\/yoast.com\/product\/yoast-seo-wordpress\/ -->\n<title>Luz de cultivo de plantas LEDS\u00c9RIE OCTOPUS L\u00e2mpada de LED dobr\u00e1vel para estufa 480 W - 1000 W &#8211; ZHL ILUMINA\u00c7\u00c3O INDUSTRIAL<\/title>\n<meta name=\"description\" content=\"Esta planta Fold-6 Octopus Series led cresce luz de espectro completo promove a fotoss\u00edntese em todos os est\u00e1gios de crescimento, especialmente a flora\u00e7\u00e3o, desde o corte \/ semeadura, vegetativo e flora\u00e7\u00e3o. O dissipador de calor de alum\u00ednio junto com 8 barras resfriadas passivas largas, que podem dissipar melhor o calor para permanecer frio e reduzir o calor ambiente em seu espa\u00e7o crescente para prolongar a vida \u00fatil da luz.\" \/>\n<meta name=\"robots\" content=\"index, follow, max-snippet:-1, max-image-preview:large, max-video-preview:-1\" \/>\n<link rel=\"canonical\" href=\"https:\/\/www.zhgdled.com\/pt-br\/estufa-dobravel-led-grow-light-480-1000w.html\" \/>\n<meta property=\"og:locale\" content=\"pt_BR\" \/>\n<meta property=\"og:type\" content=\"article\" \/>\n<meta property=\"og:title\" content=\"Luz de cultivo de plantas LEDS\u00c9RIE OCTOPUS L\u00e2mpada de LED dobr\u00e1vel para estufa 480 W - 1000 W &#8211; ZHL ILUMINA\u00c7\u00c3O INDUSTRIAL\" \/>\n<meta property=\"og:description\" content=\"Esta planta Fold-6 Octopus Series led cresce luz de espectro completo promove a fotoss\u00edntese em todos os est\u00e1gios de crescimento, especialmente a flora\u00e7\u00e3o, desde o corte \/ semeadura, vegetativo e flora\u00e7\u00e3o. O dissipador de calor de alum\u00ednio junto com 8 barras resfriadas passivas largas, que podem dissipar melhor o calor para permanecer frio e reduzir o calor ambiente em seu espa\u00e7o crescente para prolongar a vida \u00fatil da luz.\" \/>\n<meta property=\"og:url\" content=\"https:\/\/www.zhgdled.com\/pt-br\/estufa-dobravel-led-grow-light-480-1000w.html\" \/>\n<meta property=\"og:site_name\" content=\"ZHL ILUMINA\u00c7\u00c3O INDUSTRIAL\" \/>\n<meta property=\"article:publisher\" content=\"https:\/\/www.facebook.com\/zhllightinggroup\" \/>\n<meta property=\"article:modified_time\" content=\"2023-06-13T03:05:57+00:00\" \/>\n<meta property=\"og:image\" content=\"https:\/\/www.zhgdled.com\/wp-content\/uploads\/2022\/04\/ZHL-GROW-LIGHT-13.jpg\" \/>\n\t<meta property=\"og:image:width\" content=\"1600\" \/>\n\t<meta property=\"og:image:height\" content=\"1600\" \/>\n\t<meta property=\"og:image:type\" content=\"image\/jpeg\" \/>\n<meta name=\"twitter:card\" content=\"summary_large_image\" \/>\n<meta name=\"twitter:site\" content=\"@zhl_lighting\" \/>\n<meta name=\"twitter:label1\" content=\"Est. tempo de leitura\" \/>\n\t<meta name=\"twitter:data1\" content=\"3 minutos\" \/>\n<script type=\"application\/ld+json\" class=\"yoast-schema-graph\">{\"@context\":\"https:\\\/\\\/schema.org\",\"@graph\":[{\"@type\":\"WebPage\",\"@id\":\"https:\\\/\\\/www.zhgdled.com\\\/pt-br\\\/estufa-dobravel-led-grow-light-480-1000w.html\",\"url\":\"https:\\\/\\\/www.zhgdled.com\\\/pt-br\\\/estufa-dobravel-led-grow-light-480-1000w.html\",\"name\":\"Luz de cultivo de plantas LEDS\u00c9RIE OCTOPUS L\u00e2mpada de LED dobr\u00e1vel para estufa 480 W - 1000 W &#8211; ZHL ILUMINA\u00c7\u00c3O INDUSTRIAL\",\"isPartOf\":{\"@id\":\"https:\\\/\\\/www.zhgdled.com\\\/pt-br\\\/#website\"},\"primaryImageOfPage\":{\"@id\":\"https:\\\/\\\/www.zhgdled.com\\\/pt-br\\\/estufa-dobravel-led-grow-light-480-1000w.html#primaryimage\"},\"image\":{\"@id\":\"https:\\\/\\\/www.zhgdled.com\\\/pt-br\\\/estufa-dobravel-led-grow-light-480-1000w.html#primaryimage\"},\"thumbnailUrl\":\"https:\\\/\\\/www.zhgdled.com\\\/wp-content\\\/uploads\\\/2022\\\/04\\\/ZHL-GROW-LIGHT-13.jpg\",\"datePublished\":\"2022-04-18T06:20:15+00:00\",\"dateModified\":\"2023-06-13T03:05:57+00:00\",\"description\":\"Esta planta Fold-6 Octopus Series led cresce luz de espectro completo promove a fotoss\u00edntese em todos os est\u00e1gios de crescimento, especialmente a flora\u00e7\u00e3o, desde o corte \\\/ semeadura, vegetativo e flora\u00e7\u00e3o. O dissipador de calor de alum\u00ednio junto com 8 barras resfriadas passivas largas, que podem dissipar melhor o calor para permanecer frio e reduzir o calor ambiente em seu espa\u00e7o crescente para prolongar a vida \u00fatil da luz.\",\"breadcrumb\":{\"@id\":\"https:\\\/\\\/www.zhgdled.com\\\/pt-br\\\/estufa-dobravel-led-grow-light-480-1000w.html#breadcrumb\"},\"inLanguage\":\"pt-BR\",\"potentialAction\":[{\"@type\":\"ReadAction\",\"target\":[\"https:\\\/\\\/www.zhgdled.com\\\/pt-br\\\/estufa-dobravel-led-grow-light-480-1000w.html\"]}]},{\"@type\":\"ImageObject\",\"inLanguage\":\"pt-BR\",\"@id\":\"https:\\\/\\\/www.zhgdled.com\\\/pt-br\\\/estufa-dobravel-led-grow-light-480-1000w.html#primaryimage\",\"url\":\"https:\\\/\\\/www.zhgdled.com\\\/wp-content\\\/uploads\\\/2022\\\/04\\\/ZHL-GROW-LIGHT-13.jpg\",\"contentUrl\":\"https:\\\/\\\/www.zhgdled.com\\\/wp-content\\\/uploads\\\/2022\\\/04\\\/ZHL-GROW-LIGHT-13.jpg\",\"width\":1600,\"height\":1600,\"caption\":\"CRESCIMENTO DE LUZ\"},{\"@type\":\"BreadcrumbList\",\"@id\":\"https:\\\/\\\/www.zhgdled.com\\\/pt-br\\\/estufa-dobravel-led-grow-light-480-1000w.html#breadcrumb\",\"itemListElement\":[{\"@type\":\"ListItem\",\"position\":1,\"name\":\"Home\",\"item\":\"https:\\\/\\\/www.zhgdled.com\\\/pt-br\"},{\"@type\":\"ListItem\",\"position\":2,\"name\":\"PRODUCTS\",\"item\":\"https:\\\/\\\/www.zhgdled.com\\\/zhl-products.html\"},{\"@type\":\"ListItem\",\"position\":3,\"name\":\"S\u00c9RIE OCTOPUS L\u00e2mpada de LED dobr\u00e1vel para estufa 480 W &#8211; 1000 W\"}]},{\"@type\":\"WebSite\",\"@id\":\"https:\\\/\\\/www.zhgdled.com\\\/pt-br\\\/#website\",\"url\":\"https:\\\/\\\/www.zhgdled.com\\\/pt-br\\\/\",\"name\":\"ZHL ILUMINA\u00c7\u00c3O INDUSTRIAL\",\"description\":\"Top ranking industrial lighting manufacturer and exporter\",\"publisher\":{\"@id\":\"https:\\\/\\\/www.zhgdled.com\\\/pt-br\\\/#organization\"},\"potentialAction\":[{\"@type\":\"SearchAction\",\"target\":{\"@type\":\"EntryPoint\",\"urlTemplate\":\"https:\\\/\\\/www.zhgdled.com\\\/pt-br\\\/?s={search_term_string}\"},\"query-input\":{\"@type\":\"PropertyValueSpecification\",\"valueRequired\":true,\"valueName\":\"search_term_string\"}}],\"inLanguage\":\"pt-BR\"},{\"@type\":\"Organization\",\"@id\":\"https:\\\/\\\/www.zhgdled.com\\\/pt-br\\\/#organization\",\"name\":\"ZHL Lighting Group\",\"url\":\"https:\\\/\\\/www.zhgdled.com\\\/pt-br\\\/\",\"logo\":{\"@type\":\"ImageObject\",\"inLanguage\":\"pt-BR\",\"@id\":\"https:\\\/\\\/www.zhgdled.com\\\/pt-br\\\/#\\\/schema\\\/logo\\\/image\\\/\",\"url\":\"\",\"contentUrl\":\"\",\"caption\":\"ZHL Lighting Group\"},\"image\":{\"@id\":\"https:\\\/\\\/www.zhgdled.com\\\/pt-br\\\/#\\\/schema\\\/logo\\\/image\\\/\"},\"sameAs\":[\"https:\\\/\\\/www.facebook.com\\\/zhllightinggroup\",\"https:\\\/\\\/x.com\\\/zhl_lighting\"]}]}<\/script>\n<!-- \/ Yoast SEO plugin. -->","yoast_head_json":{"title":"Luz de cultivo de plantas LEDS\u00c9RIE OCTOPUS L\u00e2mpada de LED dobr\u00e1vel para estufa 480 W - 1000 W &#8211; ZHL ILUMINA\u00c7\u00c3O INDUSTRIAL","description":"Esta planta Fold-6 Octopus Series led cresce luz de espectro completo promove a fotoss\u00edntese em todos os est\u00e1gios de crescimento, especialmente a flora\u00e7\u00e3o, desde o corte \/ semeadura, vegetativo e flora\u00e7\u00e3o. O dissipador de calor de alum\u00ednio junto com 8 barras resfriadas passivas largas, que podem dissipar melhor o calor para permanecer frio e reduzir o calor ambiente em seu espa\u00e7o crescente para prolongar a vida \u00fatil da luz.","robots":{"index":"index","follow":"follow","max-snippet":"max-snippet:-1","max-image-preview":"max-image-preview:large","max-video-preview":"max-video-preview:-1"},"canonical":"https:\/\/www.zhgdled.com\/pt-br\/estufa-dobravel-led-grow-light-480-1000w.html","og_locale":"pt_BR","og_type":"article","og_title":"Luz de cultivo de plantas LEDS\u00c9RIE OCTOPUS L\u00e2mpada de LED dobr\u00e1vel para estufa 480 W - 1000 W &#8211; ZHL ILUMINA\u00c7\u00c3O INDUSTRIAL","og_description":"Esta planta Fold-6 Octopus Series led cresce luz de espectro completo promove a fotoss\u00edntese em todos os est\u00e1gios de crescimento, especialmente a flora\u00e7\u00e3o, desde o corte \/ semeadura, vegetativo e flora\u00e7\u00e3o. O dissipador de calor de alum\u00ednio junto com 8 barras resfriadas passivas largas, que podem dissipar melhor o calor para permanecer frio e reduzir o calor ambiente em seu espa\u00e7o crescente para prolongar a vida \u00fatil da luz.","og_url":"https:\/\/www.zhgdled.com\/pt-br\/estufa-dobravel-led-grow-light-480-1000w.html","og_site_name":"ZHL ILUMINA\u00c7\u00c3O INDUSTRIAL","article_publisher":"https:\/\/www.facebook.com\/zhllightinggroup","article_modified_time":"2023-06-13T03:05:57+00:00","og_image":[{"width":1600,"height":1600,"url":"https:\/\/www.zhgdled.com\/wp-content\/uploads\/2022\/04\/ZHL-GROW-LIGHT-13.jpg","type":"image\/jpeg"}],"twitter_card":"summary_large_image","twitter_site":"@zhl_lighting","twitter_misc":{"Est. tempo de leitura":"3 minutos"},"schema":{"@context":"https:\/\/schema.org","@graph":[{"@type":"WebPage","@id":"https:\/\/www.zhgdled.com\/pt-br\/estufa-dobravel-led-grow-light-480-1000w.html","url":"https:\/\/www.zhgdled.com\/pt-br\/estufa-dobravel-led-grow-light-480-1000w.html","name":"Luz de cultivo de plantas LEDS\u00c9RIE OCTOPUS L\u00e2mpada de LED dobr\u00e1vel para estufa 480 W - 1000 W &#8211; ZHL ILUMINA\u00c7\u00c3O INDUSTRIAL","isPartOf":{"@id":"https:\/\/www.zhgdled.com\/pt-br\/#website"},"primaryImageOfPage":{"@id":"https:\/\/www.zhgdled.com\/pt-br\/estufa-dobravel-led-grow-light-480-1000w.html#primaryimage"},"image":{"@id":"https:\/\/www.zhgdled.com\/pt-br\/estufa-dobravel-led-grow-light-480-1000w.html#primaryimage"},"thumbnailUrl":"https:\/\/www.zhgdled.com\/wp-content\/uploads\/2022\/04\/ZHL-GROW-LIGHT-13.jpg","datePublished":"2022-04-18T06:20:15+00:00","dateModified":"2023-06-13T03:05:57+00:00","description":"Esta planta Fold-6 Octopus Series led cresce luz de espectro completo promove a fotoss\u00edntese em todos os est\u00e1gios de crescimento, especialmente a flora\u00e7\u00e3o, desde o corte \/ semeadura, vegetativo e flora\u00e7\u00e3o. O dissipador de calor de alum\u00ednio junto com 8 barras resfriadas passivas largas, que podem dissipar melhor o calor para permanecer frio e reduzir o calor ambiente em seu espa\u00e7o crescente para prolongar a vida \u00fatil da luz.","breadcrumb":{"@id":"https:\/\/www.zhgdled.com\/pt-br\/estufa-dobravel-led-grow-light-480-1000w.html#breadcrumb"},"inLanguage":"pt-BR","potentialAction":[{"@type":"ReadAction","target":["https:\/\/www.zhgdled.com\/pt-br\/estufa-dobravel-led-grow-light-480-1000w.html"]}]},{"@type":"ImageObject","inLanguage":"pt-BR","@id":"https:\/\/www.zhgdled.com\/pt-br\/estufa-dobravel-led-grow-light-480-1000w.html#primaryimage","url":"https:\/\/www.zhgdled.com\/wp-content\/uploads\/2022\/04\/ZHL-GROW-LIGHT-13.jpg","contentUrl":"https:\/\/www.zhgdled.com\/wp-content\/uploads\/2022\/04\/ZHL-GROW-LIGHT-13.jpg","width":1600,"height":1600,"caption":"CRESCIMENTO DE LUZ"},{"@type":"BreadcrumbList","@id":"https:\/\/www.zhgdled.com\/pt-br\/estufa-dobravel-led-grow-light-480-1000w.html#breadcrumb","itemListElement":[{"@type":"ListItem","position":1,"name":"Home","item":"https:\/\/www.zhgdled.com\/pt-br"},{"@type":"ListItem","position":2,"name":"PRODUCTS","item":"https:\/\/www.zhgdled.com\/zhl-products.html"},{"@type":"ListItem","position":3,"name":"S\u00c9RIE OCTOPUS L\u00e2mpada de LED dobr\u00e1vel para estufa 480 W &#8211; 1000 W"}]},{"@type":"WebSite","@id":"https:\/\/www.zhgdled.com\/pt-br\/#website","url":"https:\/\/www.zhgdled.com\/pt-br\/","name":"ZHL ILUMINA\u00c7\u00c3O INDUSTRIAL","description":"Top ranking industrial lighting manufacturer and exporter","publisher":{"@id":"https:\/\/www.zhgdled.com\/pt-br\/#organization"},"potentialAction":[{"@type":"SearchAction","target":{"@type":"EntryPoint","urlTemplate":"https:\/\/www.zhgdled.com\/pt-br\/?s={search_term_string}"},"query-input":{"@type":"PropertyValueSpecification","valueRequired":true,"valueName":"search_term_string"}}],"inLanguage":"pt-BR"},{"@type":"Organization","@id":"https:\/\/www.zhgdled.com\/pt-br\/#organization","name":"ZHL Lighting Group","url":"https:\/\/www.zhgdled.com\/pt-br\/","logo":{"@type":"ImageObject","inLanguage":"pt-BR","@id":"https:\/\/www.zhgdled.com\/pt-br\/#\/schema\/logo\/image\/","url":"","contentUrl":"","caption":"ZHL Lighting Group"},"image":{"@id":"https:\/\/www.zhgdled.com\/pt-br\/#\/schema\/logo\/image\/"},"sameAs":["https:\/\/www.facebook.com\/zhllightinggroup","https:\/\/x.com\/zhl_lighting"]}]}},"_links":{"self":[{"href":"https:\/\/www.zhgdled.com\/pt-br\/wp-json\/wp\/v2\/product\/18786","targetHints":{"allow":["GET"]}}],"collection":[{"href":"https:\/\/www.zhgdled.com\/pt-br\/wp-json\/wp\/v2\/product"}],"about":[{"href":"https:\/\/www.zhgdled.com\/pt-br\/wp-json\/wp\/v2\/types\/product"}],"wp:featuredmedia":[{"embeddable":true,"href":"https:\/\/www.zhgdled.com\/pt-br\/wp-json\/wp\/v2\/media\/17168"}],"wp:attachment":[{"href":"https:\/\/www.zhgdled.com\/pt-br\/wp-json\/wp\/v2\/media?parent=18786"}],"wp:term":[{"taxonomy":"product_brand","embeddable":true,"href":"https:\/\/www.zhgdled.com\/pt-br\/wp-json\/wp\/v2\/product_brand?post=18786"},{"taxonomy":"product_cat","embeddable":true,"href":"https:\/\/www.zhgdled.com\/pt-br\/wp-json\/wp\/v2\/product_cat?post=18786"},{"taxonomy":"product_tag","embeddable":true,"href":"https:\/\/www.zhgdled.com\/pt-br\/wp-json\/wp\/v2\/product_tag?post=18786"}],"curies":[{"name":"wp","href":"https:\/\/api.w.org\/{rel}","templated":true}]}}