{"id":18788,"date":"2023-12-18T11:57:45","date_gmt":"2022-04-18T03:57:45","guid":{"rendered":"https:\/\/www.zhgdled.com\/product\/led-floodlight-shoebox-area-light"},"modified":"2023-12-26T15:00:59","modified_gmt":"2023-12-26T07:00:59","slug":"holofote-led-caixa-de-sapatos-area-luz","status":"publish","type":"product","link":"https:\/\/www.zhgdled.com\/pt-br\/holofote-led-caixa-de-sapatos-area-luz.html","title":{"rendered":"Holofote LED para caixa de sapatos 100W-400W"},"content":{"rendered":"<p>Na Am\u00e9rica do Norte, a luz de inunda\u00e7\u00e3o de caixa de sapato 100w &#8211; 400w tornou-se mais popular na comunidade de engenheiros e empreiteiros. A lumin\u00e1ria I&amp;C de design moderno, por\u00e9m tradicional, possui carca\u00e7a de alum\u00ednio fundido de 2 pe\u00e7as com lente de vidro temperado, tornando-a lumin\u00e1rias externas mais dur\u00e1veis.<\/p>\n<p><img decoding=\"async\" class=\"alignnone size-full wp-image-16973\" src=\"https:\/\/www.zhgdled.com\/wp-content\/uploads\/2022\/04\/Shoebox-1.png\" alt=\"\" width=\"1000\" height=\"500\" srcset=\"https:\/\/www.zhgdled.com\/wp-content\/uploads\/2022\/04\/Shoebox-1.png 1000w, https:\/\/www.zhgdled.com\/wp-content\/uploads\/2022\/04\/Shoebox-1-300x150.png 300w, https:\/\/www.zhgdled.com\/wp-content\/uploads\/2022\/04\/Shoebox-1-768x384.png 768w, https:\/\/www.zhgdled.com\/wp-content\/uploads\/2022\/04\/Shoebox-1-600x300.png 600w, https:\/\/www.zhgdled.com\/wp-content\/uploads\/2022\/04\/Shoebox-1-150x75.png 150w\" sizes=\"(max-width: 1000px) 100vw, 1000px\" \/><\/p>\n<p><img decoding=\"async\" class=\"alignnone size-full wp-image-16974\" src=\"https:\/\/www.zhgdled.com\/wp-content\/uploads\/2022\/04\/Shoebox-2.png\" alt=\"\" width=\"1000\" height=\"455\" srcset=\"https:\/\/www.zhgdled.com\/wp-content\/uploads\/2022\/04\/Shoebox-2.png 1000w, https:\/\/www.zhgdled.com\/wp-content\/uploads\/2022\/04\/Shoebox-2-300x137.png 300w, https:\/\/www.zhgdled.com\/wp-content\/uploads\/2022\/04\/Shoebox-2-768x349.png 768w, https:\/\/www.zhgdled.com\/wp-content\/uploads\/2022\/04\/Shoebox-2-600x273.png 600w, https:\/\/www.zhgdled.com\/wp-content\/uploads\/2022\/04\/Shoebox-2-150x68.png 150w\" sizes=\"(max-width: 1000px) 100vw, 1000px\" \/><\/p>\n","protected":false},"excerpt":{"rendered":"<p>Na Am\u00e9rica do Norte, os holofotes da s\u00e9rie caixa de sapatos se tornaram mais populares na comunidade de engenheiros e empreiteiros. A lumin\u00e1ria I&amp;C de design moderno, por\u00e9m tradicional, possui carca\u00e7a de alum\u00ednio fundido de 2 pe\u00e7as com lente de vidro temperado, tornando-a lumin\u00e1rias externas mais dur\u00e1veis.<\/p>\n<ul>\n<li>Voltagem: 100-277V 50\/60Hz<\/li>\n<li>CCT: 3000K\/4000K\/5000K<\/li>\n<li>Pot\u00eancia: 100W\/150W\/205W\/240W\/290W\/330W\/400W<\/li>\n<li>Vida \u00fatil: 50.000 horas<\/li>\n<li>Efici\u00eancia luminosa: 100lm\/w &#8211; 145lm\/w<\/li>\n<li>RA&gt;80, PF&gt;0.9<\/li>\n<li>0-10V dim<\/li>\n<li>Fotoc\u00e9lula do amanhecer ao anoitecer (sensor de micro-ondas opcional)<\/li>\n<li>Funciona de forma dur\u00e1vel em locais \u00famidos.<\/li>\n<\/ul>\n","protected":false},"featured_media":17136,"template":"","meta":[],"product_brand":[],"product_cat":[645],"product_tag":[],"class_list":{"0":"post-18788","1":"product","2":"type-product","3":"status-publish","4":"has-post-thumbnail","6":"product_cat-refletor-led","8":"first","9":"instock","10":"shipping-taxable","11":"product-type-simple"},"yoast_head":"<!-- This site is optimized with the Yoast SEO plugin v27.4 - https:\/\/yoast.com\/product\/yoast-seo-wordpress\/ -->\n<title>holofote caixa de sapatos 100w-400wHolofote LED para caixa de sapatos 100W-400W &#8211; ZHL ILUMINA\u00c7\u00c3O INDUSTRIAL<\/title>\n<meta name=\"description\" content=\"Na Am\u00e9rica do Norte, a luz de inunda\u00e7\u00e3o de caixa de sapato 100w - 400w tornou-se mais popular na comunidade de engenheiros e empreiteiros. A lumin\u00e1ria I&amp;C de design moderno, por\u00e9m tradicional, possui carca\u00e7a de alum\u00ednio fundido de 2 pe\u00e7as com lente de vidro temperado, tornando-a lumin\u00e1rias externas mais dur\u00e1veis.\" \/>\n<meta name=\"robots\" content=\"index, follow, max-snippet:-1, max-image-preview:large, max-video-preview:-1\" \/>\n<link rel=\"canonical\" href=\"https:\/\/www.zhgdled.com\/pt-br\/holofote-led-caixa-de-sapatos-area-luz.html\" \/>\n<meta property=\"og:locale\" content=\"pt_BR\" \/>\n<meta property=\"og:type\" content=\"article\" \/>\n<meta property=\"og:title\" content=\"holofote caixa de sapatos 100w-400wHolofote LED para caixa de sapatos 100W-400W &#8211; ZHL ILUMINA\u00c7\u00c3O INDUSTRIAL\" \/>\n<meta property=\"og:description\" content=\"Na Am\u00e9rica do Norte, a luz de inunda\u00e7\u00e3o de caixa de sapato 100w - 400w tornou-se mais popular na comunidade de engenheiros e empreiteiros. A lumin\u00e1ria I&amp;C de design moderno, por\u00e9m tradicional, possui carca\u00e7a de alum\u00ednio fundido de 2 pe\u00e7as com lente de vidro temperado, tornando-a lumin\u00e1rias externas mais dur\u00e1veis.\" \/>\n<meta property=\"og:url\" content=\"https:\/\/www.zhgdled.com\/pt-br\/holofote-led-caixa-de-sapatos-area-luz.html\" \/>\n<meta property=\"og:site_name\" content=\"ZHL ILUMINA\u00c7\u00c3O INDUSTRIAL\" \/>\n<meta property=\"article:publisher\" content=\"https:\/\/www.facebook.com\/zhllightinggroup\" \/>\n<meta property=\"article:modified_time\" content=\"2023-12-26T07:00:59+00:00\" \/>\n<meta property=\"og:image\" content=\"https:\/\/www.zhgdled.com\/wp-content\/uploads\/2022\/04\/14.png\" \/>\n\t<meta property=\"og:image:width\" content=\"1600\" \/>\n\t<meta property=\"og:image:height\" content=\"1600\" \/>\n\t<meta property=\"og:image:type\" content=\"image\/png\" \/>\n<meta name=\"twitter:card\" content=\"summary_large_image\" \/>\n<meta name=\"twitter:site\" content=\"@zhl_lighting\" \/>\n<meta name=\"twitter:label1\" content=\"Est. tempo de leitura\" \/>\n\t<meta name=\"twitter:data1\" content=\"1 minuto\" \/>\n<script type=\"application\/ld+json\" class=\"yoast-schema-graph\">{\"@context\":\"https:\\\/\\\/schema.org\",\"@graph\":[{\"@type\":\"WebPage\",\"@id\":\"https:\\\/\\\/www.zhgdled.com\\\/pt-br\\\/holofote-led-caixa-de-sapatos-area-luz.html\",\"url\":\"https:\\\/\\\/www.zhgdled.com\\\/pt-br\\\/holofote-led-caixa-de-sapatos-area-luz.html\",\"name\":\"holofote caixa de sapatos 100w-400wHolofote LED para caixa de sapatos 100W-400W &#8211; ZHL ILUMINA\u00c7\u00c3O INDUSTRIAL\",\"isPartOf\":{\"@id\":\"https:\\\/\\\/www.zhgdled.com\\\/pt-br\\\/#website\"},\"primaryImageOfPage\":{\"@id\":\"https:\\\/\\\/www.zhgdled.com\\\/pt-br\\\/holofote-led-caixa-de-sapatos-area-luz.html#primaryimage\"},\"image\":{\"@id\":\"https:\\\/\\\/www.zhgdled.com\\\/pt-br\\\/holofote-led-caixa-de-sapatos-area-luz.html#primaryimage\"},\"thumbnailUrl\":\"https:\\\/\\\/www.zhgdled.com\\\/wp-content\\\/uploads\\\/2022\\\/04\\\/14.png\",\"datePublished\":\"2022-04-18T03:57:45+00:00\",\"dateModified\":\"2023-12-26T07:00:59+00:00\",\"description\":\"Na Am\u00e9rica do Norte, a luz de inunda\u00e7\u00e3o de caixa de sapato 100w - 400w tornou-se mais popular na comunidade de engenheiros e empreiteiros. A lumin\u00e1ria I&C de design moderno, por\u00e9m tradicional, possui carca\u00e7a de alum\u00ednio fundido de 2 pe\u00e7as com lente de vidro temperado, tornando-a lumin\u00e1rias externas mais dur\u00e1veis.\",\"breadcrumb\":{\"@id\":\"https:\\\/\\\/www.zhgdled.com\\\/pt-br\\\/holofote-led-caixa-de-sapatos-area-luz.html#breadcrumb\"},\"inLanguage\":\"pt-BR\",\"potentialAction\":[{\"@type\":\"ReadAction\",\"target\":[\"https:\\\/\\\/www.zhgdled.com\\\/pt-br\\\/holofote-led-caixa-de-sapatos-area-luz.html\"]}]},{\"@type\":\"ImageObject\",\"inLanguage\":\"pt-BR\",\"@id\":\"https:\\\/\\\/www.zhgdled.com\\\/pt-br\\\/holofote-led-caixa-de-sapatos-area-luz.html#primaryimage\",\"url\":\"https:\\\/\\\/www.zhgdled.com\\\/wp-content\\\/uploads\\\/2022\\\/04\\\/14.png\",\"contentUrl\":\"https:\\\/\\\/www.zhgdled.com\\\/wp-content\\\/uploads\\\/2022\\\/04\\\/14.png\",\"width\":1600,\"height\":1600,\"caption\":\"Holofote LED para caixa de sapatos\"},{\"@type\":\"BreadcrumbList\",\"@id\":\"https:\\\/\\\/www.zhgdled.com\\\/pt-br\\\/holofote-led-caixa-de-sapatos-area-luz.html#breadcrumb\",\"itemListElement\":[{\"@type\":\"ListItem\",\"position\":1,\"name\":\"Home\",\"item\":\"https:\\\/\\\/www.zhgdled.com\\\/pt-br\"},{\"@type\":\"ListItem\",\"position\":2,\"name\":\"PRODUCTS\",\"item\":\"https:\\\/\\\/www.zhgdled.com\\\/zhl-products.html\"},{\"@type\":\"ListItem\",\"position\":3,\"name\":\"Holofote LED para caixa de sapatos 100W-400W\"}]},{\"@type\":\"WebSite\",\"@id\":\"https:\\\/\\\/www.zhgdled.com\\\/pt-br\\\/#website\",\"url\":\"https:\\\/\\\/www.zhgdled.com\\\/pt-br\\\/\",\"name\":\"ZHL ILUMINA\u00c7\u00c3O INDUSTRIAL\",\"description\":\"Top ranking industrial lighting manufacturer and exporter\",\"publisher\":{\"@id\":\"https:\\\/\\\/www.zhgdled.com\\\/pt-br\\\/#organization\"},\"potentialAction\":[{\"@type\":\"SearchAction\",\"target\":{\"@type\":\"EntryPoint\",\"urlTemplate\":\"https:\\\/\\\/www.zhgdled.com\\\/pt-br\\\/?s={search_term_string}\"},\"query-input\":{\"@type\":\"PropertyValueSpecification\",\"valueRequired\":true,\"valueName\":\"search_term_string\"}}],\"inLanguage\":\"pt-BR\"},{\"@type\":\"Organization\",\"@id\":\"https:\\\/\\\/www.zhgdled.com\\\/pt-br\\\/#organization\",\"name\":\"ZHL Lighting Group\",\"url\":\"https:\\\/\\\/www.zhgdled.com\\\/pt-br\\\/\",\"logo\":{\"@type\":\"ImageObject\",\"inLanguage\":\"pt-BR\",\"@id\":\"https:\\\/\\\/www.zhgdled.com\\\/pt-br\\\/#\\\/schema\\\/logo\\\/image\\\/\",\"url\":\"\",\"contentUrl\":\"\",\"caption\":\"ZHL Lighting Group\"},\"image\":{\"@id\":\"https:\\\/\\\/www.zhgdled.com\\\/pt-br\\\/#\\\/schema\\\/logo\\\/image\\\/\"},\"sameAs\":[\"https:\\\/\\\/www.facebook.com\\\/zhllightinggroup\",\"https:\\\/\\\/x.com\\\/zhl_lighting\"]}]}<\/script>\n<!-- \/ Yoast SEO plugin. -->","yoast_head_json":{"title":"holofote caixa de sapatos 100w-400wHolofote LED para caixa de sapatos 100W-400W &#8211; ZHL ILUMINA\u00c7\u00c3O INDUSTRIAL","description":"Na Am\u00e9rica do Norte, a luz de inunda\u00e7\u00e3o de caixa de sapato 100w - 400w tornou-se mais popular na comunidade de engenheiros e empreiteiros. A lumin\u00e1ria I&C de design moderno, por\u00e9m tradicional, possui carca\u00e7a de alum\u00ednio fundido de 2 pe\u00e7as com lente de vidro temperado, tornando-a lumin\u00e1rias externas mais dur\u00e1veis.","robots":{"index":"index","follow":"follow","max-snippet":"max-snippet:-1","max-image-preview":"max-image-preview:large","max-video-preview":"max-video-preview:-1"},"canonical":"https:\/\/www.zhgdled.com\/pt-br\/holofote-led-caixa-de-sapatos-area-luz.html","og_locale":"pt_BR","og_type":"article","og_title":"holofote caixa de sapatos 100w-400wHolofote LED para caixa de sapatos 100W-400W &#8211; ZHL ILUMINA\u00c7\u00c3O INDUSTRIAL","og_description":"Na Am\u00e9rica do Norte, a luz de inunda\u00e7\u00e3o de caixa de sapato 100w - 400w tornou-se mais popular na comunidade de engenheiros e empreiteiros. A lumin\u00e1ria I&C de design moderno, por\u00e9m tradicional, possui carca\u00e7a de alum\u00ednio fundido de 2 pe\u00e7as com lente de vidro temperado, tornando-a lumin\u00e1rias externas mais dur\u00e1veis.","og_url":"https:\/\/www.zhgdled.com\/pt-br\/holofote-led-caixa-de-sapatos-area-luz.html","og_site_name":"ZHL ILUMINA\u00c7\u00c3O INDUSTRIAL","article_publisher":"https:\/\/www.facebook.com\/zhllightinggroup","article_modified_time":"2023-12-26T07:00:59+00:00","og_image":[{"width":1600,"height":1600,"url":"https:\/\/www.zhgdled.com\/wp-content\/uploads\/2022\/04\/14.png","type":"image\/png"}],"twitter_card":"summary_large_image","twitter_site":"@zhl_lighting","twitter_misc":{"Est. tempo de leitura":"1 minuto"},"schema":{"@context":"https:\/\/schema.org","@graph":[{"@type":"WebPage","@id":"https:\/\/www.zhgdled.com\/pt-br\/holofote-led-caixa-de-sapatos-area-luz.html","url":"https:\/\/www.zhgdled.com\/pt-br\/holofote-led-caixa-de-sapatos-area-luz.html","name":"holofote caixa de sapatos 100w-400wHolofote LED para caixa de sapatos 100W-400W &#8211; ZHL ILUMINA\u00c7\u00c3O INDUSTRIAL","isPartOf":{"@id":"https:\/\/www.zhgdled.com\/pt-br\/#website"},"primaryImageOfPage":{"@id":"https:\/\/www.zhgdled.com\/pt-br\/holofote-led-caixa-de-sapatos-area-luz.html#primaryimage"},"image":{"@id":"https:\/\/www.zhgdled.com\/pt-br\/holofote-led-caixa-de-sapatos-area-luz.html#primaryimage"},"thumbnailUrl":"https:\/\/www.zhgdled.com\/wp-content\/uploads\/2022\/04\/14.png","datePublished":"2022-04-18T03:57:45+00:00","dateModified":"2023-12-26T07:00:59+00:00","description":"Na Am\u00e9rica do Norte, a luz de inunda\u00e7\u00e3o de caixa de sapato 100w - 400w tornou-se mais popular na comunidade de engenheiros e empreiteiros. A lumin\u00e1ria I&C de design moderno, por\u00e9m tradicional, possui carca\u00e7a de alum\u00ednio fundido de 2 pe\u00e7as com lente de vidro temperado, tornando-a lumin\u00e1rias externas mais dur\u00e1veis.","breadcrumb":{"@id":"https:\/\/www.zhgdled.com\/pt-br\/holofote-led-caixa-de-sapatos-area-luz.html#breadcrumb"},"inLanguage":"pt-BR","potentialAction":[{"@type":"ReadAction","target":["https:\/\/www.zhgdled.com\/pt-br\/holofote-led-caixa-de-sapatos-area-luz.html"]}]},{"@type":"ImageObject","inLanguage":"pt-BR","@id":"https:\/\/www.zhgdled.com\/pt-br\/holofote-led-caixa-de-sapatos-area-luz.html#primaryimage","url":"https:\/\/www.zhgdled.com\/wp-content\/uploads\/2022\/04\/14.png","contentUrl":"https:\/\/www.zhgdled.com\/wp-content\/uploads\/2022\/04\/14.png","width":1600,"height":1600,"caption":"Holofote LED para caixa de sapatos"},{"@type":"BreadcrumbList","@id":"https:\/\/www.zhgdled.com\/pt-br\/holofote-led-caixa-de-sapatos-area-luz.html#breadcrumb","itemListElement":[{"@type":"ListItem","position":1,"name":"Home","item":"https:\/\/www.zhgdled.com\/pt-br"},{"@type":"ListItem","position":2,"name":"PRODUCTS","item":"https:\/\/www.zhgdled.com\/zhl-products.html"},{"@type":"ListItem","position":3,"name":"Holofote LED para caixa de sapatos 100W-400W"}]},{"@type":"WebSite","@id":"https:\/\/www.zhgdled.com\/pt-br\/#website","url":"https:\/\/www.zhgdled.com\/pt-br\/","name":"ZHL ILUMINA\u00c7\u00c3O INDUSTRIAL","description":"Top ranking industrial lighting manufacturer and exporter","publisher":{"@id":"https:\/\/www.zhgdled.com\/pt-br\/#organization"},"potentialAction":[{"@type":"SearchAction","target":{"@type":"EntryPoint","urlTemplate":"https:\/\/www.zhgdled.com\/pt-br\/?s={search_term_string}"},"query-input":{"@type":"PropertyValueSpecification","valueRequired":true,"valueName":"search_term_string"}}],"inLanguage":"pt-BR"},{"@type":"Organization","@id":"https:\/\/www.zhgdled.com\/pt-br\/#organization","name":"ZHL Lighting Group","url":"https:\/\/www.zhgdled.com\/pt-br\/","logo":{"@type":"ImageObject","inLanguage":"pt-BR","@id":"https:\/\/www.zhgdled.com\/pt-br\/#\/schema\/logo\/image\/","url":"","contentUrl":"","caption":"ZHL Lighting Group"},"image":{"@id":"https:\/\/www.zhgdled.com\/pt-br\/#\/schema\/logo\/image\/"},"sameAs":["https:\/\/www.facebook.com\/zhllightinggroup","https:\/\/x.com\/zhl_lighting"]}]}},"_links":{"self":[{"href":"https:\/\/www.zhgdled.com\/pt-br\/wp-json\/wp\/v2\/product\/18788","targetHints":{"allow":["GET"]}}],"collection":[{"href":"https:\/\/www.zhgdled.com\/pt-br\/wp-json\/wp\/v2\/product"}],"about":[{"href":"https:\/\/www.zhgdled.com\/pt-br\/wp-json\/wp\/v2\/types\/product"}],"wp:featuredmedia":[{"embeddable":true,"href":"https:\/\/www.zhgdled.com\/pt-br\/wp-json\/wp\/v2\/media\/17136"}],"wp:attachment":[{"href":"https:\/\/www.zhgdled.com\/pt-br\/wp-json\/wp\/v2\/media?parent=18788"}],"wp:term":[{"taxonomy":"product_brand","embeddable":true,"href":"https:\/\/www.zhgdled.com\/pt-br\/wp-json\/wp\/v2\/product_brand?post=18788"},{"taxonomy":"product_cat","embeddable":true,"href":"https:\/\/www.zhgdled.com\/pt-br\/wp-json\/wp\/v2\/product_cat?post=18788"},{"taxonomy":"product_tag","embeddable":true,"href":"https:\/\/www.zhgdled.com\/pt-br\/wp-json\/wp\/v2\/product_tag?post=18788"}],"curies":[{"name":"wp","href":"https:\/\/api.w.org\/{rel}","templated":true}]}}