{"id":18789,"date":"2022-04-18T11:47:10","date_gmt":"2022-04-18T03:47:10","guid":{"rendered":"https:\/\/www.zhgdled.com\/product\/led-flood-light-dlc-etl-certificated"},"modified":"2023-12-26T15:01:07","modified_gmt":"2023-12-26T07:01:07","slug":"led-flood-light-dlc-etl-certificado","status":"publish","type":"product","link":"https:\/\/www.zhgdled.com\/pt-br\/led-flood-light-dlc-etl-certificado.html","title":{"rendered":"Holofote LED com certifica\u00e7\u00e3o DLC ETL"},"content":{"rendered":"<h2>LUMIN\u00c1RIAS INDUSTRIAIS E COMERCIAIS PROFISSIONAIS<\/h2>\n<ul>\n<li>Design est\u00e9tico, combinando tradi\u00e7\u00e3o e modernidade.<\/li>\n<li>Carca\u00e7a em liga de alum\u00ednio fundido de duas partes com acabamento em pintura a p\u00f3 e lente de vidro temperado, dispon\u00edvel nas cores bronze e cinza. Acabamento formulado com alta durabilidade e cor est\u00e1vel.<\/li>\n<li>R\u00e1pida dissipa\u00e7\u00e3o de calor, resist\u00eancia a altas temperaturas, f\u00e1cil desmontagem e montagem.<\/li>\n<li>Design preciso da lente \u00f3ptica, vidro temperado ou lente PC com alta transmit\u00e2ncia de luz, efeito de luz uniforme, forte resist\u00eancia \u00e0 corros\u00e3o.<\/li>\n<li>Formas de montagem: montagem de junta robusta\/bra\u00e7o girat\u00f3rio ajust\u00e1vel\/suporte em U, aplic\u00e1vel \u00e0 substitui\u00e7\u00e3o externa de luzes tradicionais, como paredes externas de f\u00e1bricas, pra\u00e7as, jardins, p\u00e1tios, t\u00faneis, estacionamentos, etc.<\/li>\n<li>Certificado DLC ETL<\/li>\n<\/ul>\n<p>&nbsp;<\/p>\n<h2>ESPECIFICA\u00c7\u00d5ES<\/h2>\n<table>\n<tbody>\n<tr>\n<td width=\"207\"><strong>Poder<\/strong><\/td>\n<td width=\"381\"><strong><b>15W\/25W\/30W, 50W\/80W, 100W\/150W,205W\/240W\/290W\/320W\/400W<\/b><\/strong><\/td>\n<\/tr>\n<tr>\n<td width=\"207\"><strong>Temperatura de cor (CCT)<\/strong><\/td>\n<td width=\"381\"><strong>3000K\/4000K\/5000K<\/strong><\/td>\n<\/tr>\n<tr>\n<td width=\"207\"><strong>Efici\u00eancia Luminosa (lm\/w)<\/strong><\/td>\n<td width=\"381\"><strong>100Lm\/W, to 145Lm\/W<\/strong><\/td>\n<\/tr>\n<tr>\n<td width=\"207\"><strong>Tens\u00e3o de entrada (V)<\/strong><\/td>\n<td width=\"381\"><strong>AC120-277V 50\/60Hz.<\/strong><\/td>\n<\/tr>\n<tr>\n<td width=\"207\"><strong>PF<\/strong><\/td>\n<td width=\"381\"><strong>&gt;0.9<\/strong><\/td>\n<\/tr>\n<tr>\n<td width=\"207\"><strong>CRI (Ra)<\/strong><\/td>\n<td width=\"381\"><strong>&gt;80<\/strong><\/td>\n<\/tr>\n<tr>\n<td width=\"207\"><strong>\u00c2ngulo do Feixe (\u00b0)<\/strong><\/td>\n<td width=\"381\"><strong>60\/90\/<\/strong><strong>120<\/strong><\/td>\n<\/tr>\n<tr>\n<td width=\"207\"><strong>Classe IP<\/strong><\/td>\n<td width=\"381\"><strong>IP65<\/strong><\/td>\n<\/tr>\n<tr>\n<td width=\"207\"><strong>Material<\/strong><\/td>\n<td width=\"381\"><strong>Corpo de alum\u00ednio + tampa de PC<\/strong><\/td>\n<\/tr>\n<tr>\n<td width=\"207\"><strong>Temperatura de trabalho (\u2103)<\/strong><\/td>\n<td width=\"381\"><strong>-20-<\/strong><strong>+<\/strong><strong>50<\/strong><\/td>\n<\/tr>\n<tr>\n<td width=\"207\"><strong>Garantia (Ano)<\/strong><\/td>\n<td width=\"381\"><strong>5 anos<\/strong><\/td>\n<\/tr>\n<tr>\n<td width=\"207\"><strong>Certifica\u00e7\u00e3o<\/strong><\/td>\n<td width=\"381\"><strong>ETL, DLC, FCC, CB<\/strong><\/td>\n<\/tr>\n<\/tbody>\n<\/table>\n<p><img decoding=\"async\" class=\"alignnone size-full wp-image-16967\" src=\"https:\/\/www.zhgdled.com\/wp-content\/uploads\/2022\/04\/flood-1.png\" alt=\"\" width=\"900\" height=\"546\" srcset=\"https:\/\/www.zhgdled.com\/wp-content\/uploads\/2022\/04\/flood-1.png 900w, https:\/\/www.zhgdled.com\/wp-content\/uploads\/2022\/04\/flood-1-300x182.png 300w, https:\/\/www.zhgdled.com\/wp-content\/uploads\/2022\/04\/flood-1-768x466.png 768w, https:\/\/www.zhgdled.com\/wp-content\/uploads\/2022\/04\/flood-1-600x364.png 600w, https:\/\/www.zhgdled.com\/wp-content\/uploads\/2022\/04\/flood-1-150x91.png 150w\" sizes=\"(max-width: 900px) 100vw, 900px\" \/><\/p>\n<p><img decoding=\"async\" class=\"alignnone size-full wp-image-16968\" src=\"https:\/\/www.zhgdled.com\/wp-content\/uploads\/2022\/04\/flood-2.png\" alt=\"\" width=\"900\" height=\"511\" srcset=\"https:\/\/www.zhgdled.com\/wp-content\/uploads\/2022\/04\/flood-2.png 900w, https:\/\/www.zhgdled.com\/wp-content\/uploads\/2022\/04\/flood-2-300x170.png 300w, https:\/\/www.zhgdled.com\/wp-content\/uploads\/2022\/04\/flood-2-768x436.png 768w, https:\/\/www.zhgdled.com\/wp-content\/uploads\/2022\/04\/flood-2-600x341.png 600w, https:\/\/www.zhgdled.com\/wp-content\/uploads\/2022\/04\/flood-2-150x85.png 150w\" sizes=\"(max-width: 900px) 100vw, 900px\" \/><\/p>\n","protected":false},"excerpt":{"rendered":"<table>\n<tbody>\n<tr>\n<td width=\"207\"><strong>Poder<\/strong><\/td>\n<td width=\"381\"><strong><b>15W\/25W\/30W, 50W\/80W, 100W\/150W,205W\/240W\/290W\/320W\/400W<\/b><\/strong><\/td>\n<\/tr>\n<tr>\n<td width=\"207\"><strong>Temperatura de cor (CCT)<\/strong><\/td>\n<td width=\"381\"><strong>3000K\/4000K\/5000K<\/strong><\/td>\n<\/tr>\n<tr>\n<td width=\"207\"><strong>Efici\u00eancia Luminosa (lm\/w)<\/strong><\/td>\n<td width=\"381\"><strong>100Lm\/W, to 145Lm\/W<\/strong><\/td>\n<\/tr>\n<tr>\n<td width=\"207\"><strong>Tens\u00e3o de entrada (V)<\/strong><\/td>\n<td width=\"381\"><strong>AC120-277V 50\/60Hz.<\/strong><\/td>\n<\/tr>\n<tr>\n<td width=\"207\"><strong>PF<\/strong><\/td>\n<td width=\"381\"><strong>&gt;0.9<\/strong><\/td>\n<\/tr>\n<tr>\n<td width=\"207\"><strong>CRI (Ra)<\/strong><\/td>\n<td width=\"381\"><strong>&gt;80<\/strong><\/td>\n<\/tr>\n<tr>\n<td width=\"207\"><strong>\u00c2ngulo do Feixe (\u00b0)<\/strong><\/td>\n<td width=\"381\"><strong>60\/90\/<\/strong><strong>120<\/strong><\/td>\n<\/tr>\n<tr>\n<td width=\"207\"><strong>Classe IP<\/strong><\/td>\n<td width=\"381\"><strong>IP65<\/strong><\/td>\n<\/tr>\n<tr>\n<td width=\"207\"><strong>Material<\/strong><\/td>\n<td width=\"381\"><strong>Corpo de alum\u00ednio + tampa de PC<\/strong><\/td>\n<\/tr>\n<tr>\n<td width=\"207\"><strong>Temperatura de trabalho (\u2103)<\/strong><\/td>\n<td width=\"381\"><strong>-20-<\/strong><strong>+<\/strong><strong>50<\/strong><\/td>\n<\/tr>\n<tr>\n<td width=\"207\"><strong>Garantia (Ano)<\/strong><\/td>\n<td width=\"381\"><strong>5 anos<\/strong><\/td>\n<\/tr>\n<tr>\n<td width=\"207\"><strong>Certifica\u00e7\u00e3o<\/strong><\/td>\n<td width=\"381\"><strong>ETL, DLC, FCC, CB<\/strong><\/td>\n<\/tr>\n<\/tbody>\n<\/table>\n","protected":false},"featured_media":17137,"template":"","meta":[],"product_brand":[],"product_cat":[645],"product_tag":[],"class_list":{"0":"post-18789","1":"product","2":"type-product","3":"status-publish","4":"has-post-thumbnail","6":"product_cat-refletor-led","8":"first","9":"instock","10":"shipping-taxable","11":"product-type-simple"},"yoast_head":"<!-- This site is optimized with the Yoast SEO plugin v27.4 - https:\/\/yoast.com\/product\/yoast-seo-wordpress\/ -->\n<title>Holofote com certifica\u00e7\u00e3o DLC ETLHolofote LED com certifica\u00e7\u00e3o DLC ETL &#8211; ZHL ILUMINA\u00c7\u00c3O INDUSTRIAL<\/title>\n<meta name=\"description\" content=\"Holofote LED com certifica\u00e7\u00e3o ZHL ETL DLC para aplica\u00e7\u00f5es industriais e comerciais na Am\u00e9rica do Norte.\" \/>\n<meta name=\"robots\" content=\"index, follow, max-snippet:-1, max-image-preview:large, max-video-preview:-1\" \/>\n<link rel=\"canonical\" href=\"https:\/\/www.zhgdled.com\/pt-br\/led-flood-light-dlc-etl-certificado.html\" \/>\n<meta property=\"og:locale\" content=\"pt_BR\" \/>\n<meta property=\"og:type\" content=\"article\" \/>\n<meta property=\"og:title\" content=\"Holofote com certifica\u00e7\u00e3o DLC ETLHolofote LED com certifica\u00e7\u00e3o DLC ETL &#8211; ZHL ILUMINA\u00c7\u00c3O INDUSTRIAL\" \/>\n<meta property=\"og:description\" content=\"Holofote LED com certifica\u00e7\u00e3o ZHL ETL DLC para aplica\u00e7\u00f5es industriais e comerciais na Am\u00e9rica do Norte.\" \/>\n<meta property=\"og:url\" content=\"https:\/\/www.zhgdled.com\/pt-br\/led-flood-light-dlc-etl-certificado.html\" \/>\n<meta property=\"og:site_name\" content=\"ZHL ILUMINA\u00c7\u00c3O INDUSTRIAL\" \/>\n<meta property=\"article:publisher\" content=\"https:\/\/www.facebook.com\/zhllightinggroup\" \/>\n<meta property=\"article:modified_time\" content=\"2023-12-26T07:01:07+00:00\" \/>\n<meta property=\"og:image\" content=\"https:\/\/www.zhgdled.com\/wp-content\/uploads\/2022\/04\/15.png\" \/>\n\t<meta property=\"og:image:width\" content=\"1600\" \/>\n\t<meta property=\"og:image:height\" content=\"1600\" \/>\n\t<meta property=\"og:image:type\" content=\"image\/png\" \/>\n<meta name=\"twitter:card\" content=\"summary_large_image\" \/>\n<meta name=\"twitter:site\" content=\"@zhl_lighting\" \/>\n<meta name=\"twitter:label1\" content=\"Est. tempo de leitura\" \/>\n\t<meta name=\"twitter:data1\" content=\"2 minutos\" \/>\n<script type=\"application\/ld+json\" class=\"yoast-schema-graph\">{\"@context\":\"https:\\\/\\\/schema.org\",\"@graph\":[{\"@type\":\"WebPage\",\"@id\":\"https:\\\/\\\/www.zhgdled.com\\\/pt-br\\\/led-flood-light-dlc-etl-certificado.html\",\"url\":\"https:\\\/\\\/www.zhgdled.com\\\/pt-br\\\/led-flood-light-dlc-etl-certificado.html\",\"name\":\"Holofote com certifica\u00e7\u00e3o DLC ETLHolofote LED com certifica\u00e7\u00e3o DLC ETL &#8211; ZHL ILUMINA\u00c7\u00c3O INDUSTRIAL\",\"isPartOf\":{\"@id\":\"https:\\\/\\\/www.zhgdled.com\\\/pt-br\\\/#website\"},\"primaryImageOfPage\":{\"@id\":\"https:\\\/\\\/www.zhgdled.com\\\/pt-br\\\/led-flood-light-dlc-etl-certificado.html#primaryimage\"},\"image\":{\"@id\":\"https:\\\/\\\/www.zhgdled.com\\\/pt-br\\\/led-flood-light-dlc-etl-certificado.html#primaryimage\"},\"thumbnailUrl\":\"https:\\\/\\\/www.zhgdled.com\\\/wp-content\\\/uploads\\\/2022\\\/04\\\/15.png\",\"datePublished\":\"2022-04-18T03:47:10+00:00\",\"dateModified\":\"2023-12-26T07:01:07+00:00\",\"description\":\"Holofote LED com certifica\u00e7\u00e3o ZHL ETL DLC para aplica\u00e7\u00f5es industriais e comerciais na Am\u00e9rica do Norte.\",\"breadcrumb\":{\"@id\":\"https:\\\/\\\/www.zhgdled.com\\\/pt-br\\\/led-flood-light-dlc-etl-certificado.html#breadcrumb\"},\"inLanguage\":\"pt-BR\",\"potentialAction\":[{\"@type\":\"ReadAction\",\"target\":[\"https:\\\/\\\/www.zhgdled.com\\\/pt-br\\\/led-flood-light-dlc-etl-certificado.html\"]}]},{\"@type\":\"ImageObject\",\"inLanguage\":\"pt-BR\",\"@id\":\"https:\\\/\\\/www.zhgdled.com\\\/pt-br\\\/led-flood-light-dlc-etl-certificado.html#primaryimage\",\"url\":\"https:\\\/\\\/www.zhgdled.com\\\/wp-content\\\/uploads\\\/2022\\\/04\\\/15.png\",\"contentUrl\":\"https:\\\/\\\/www.zhgdled.com\\\/wp-content\\\/uploads\\\/2022\\\/04\\\/15.png\",\"width\":1600,\"height\":1600,\"caption\":\"Holofote LED com certifica\u00e7\u00e3o ETL DLC\"},{\"@type\":\"BreadcrumbList\",\"@id\":\"https:\\\/\\\/www.zhgdled.com\\\/pt-br\\\/led-flood-light-dlc-etl-certificado.html#breadcrumb\",\"itemListElement\":[{\"@type\":\"ListItem\",\"position\":1,\"name\":\"Home\",\"item\":\"https:\\\/\\\/www.zhgdled.com\\\/pt-br\"},{\"@type\":\"ListItem\",\"position\":2,\"name\":\"PRODUCTS\",\"item\":\"https:\\\/\\\/www.zhgdled.com\\\/zhl-products.html\"},{\"@type\":\"ListItem\",\"position\":3,\"name\":\"Holofote LED com certifica\u00e7\u00e3o DLC ETL\"}]},{\"@type\":\"WebSite\",\"@id\":\"https:\\\/\\\/www.zhgdled.com\\\/pt-br\\\/#website\",\"url\":\"https:\\\/\\\/www.zhgdled.com\\\/pt-br\\\/\",\"name\":\"ZHL ILUMINA\u00c7\u00c3O INDUSTRIAL\",\"description\":\"Top ranking industrial lighting manufacturer and exporter\",\"publisher\":{\"@id\":\"https:\\\/\\\/www.zhgdled.com\\\/pt-br\\\/#organization\"},\"potentialAction\":[{\"@type\":\"SearchAction\",\"target\":{\"@type\":\"EntryPoint\",\"urlTemplate\":\"https:\\\/\\\/www.zhgdled.com\\\/pt-br\\\/?s={search_term_string}\"},\"query-input\":{\"@type\":\"PropertyValueSpecification\",\"valueRequired\":true,\"valueName\":\"search_term_string\"}}],\"inLanguage\":\"pt-BR\"},{\"@type\":\"Organization\",\"@id\":\"https:\\\/\\\/www.zhgdled.com\\\/pt-br\\\/#organization\",\"name\":\"ZHL Lighting Group\",\"url\":\"https:\\\/\\\/www.zhgdled.com\\\/pt-br\\\/\",\"logo\":{\"@type\":\"ImageObject\",\"inLanguage\":\"pt-BR\",\"@id\":\"https:\\\/\\\/www.zhgdled.com\\\/pt-br\\\/#\\\/schema\\\/logo\\\/image\\\/\",\"url\":\"\",\"contentUrl\":\"\",\"caption\":\"ZHL Lighting Group\"},\"image\":{\"@id\":\"https:\\\/\\\/www.zhgdled.com\\\/pt-br\\\/#\\\/schema\\\/logo\\\/image\\\/\"},\"sameAs\":[\"https:\\\/\\\/www.facebook.com\\\/zhllightinggroup\",\"https:\\\/\\\/x.com\\\/zhl_lighting\"]}]}<\/script>\n<!-- \/ Yoast SEO plugin. -->","yoast_head_json":{"title":"Holofote com certifica\u00e7\u00e3o DLC ETLHolofote LED com certifica\u00e7\u00e3o DLC ETL &#8211; ZHL ILUMINA\u00c7\u00c3O INDUSTRIAL","description":"Holofote LED com certifica\u00e7\u00e3o ZHL ETL DLC para aplica\u00e7\u00f5es industriais e comerciais na Am\u00e9rica do Norte.","robots":{"index":"index","follow":"follow","max-snippet":"max-snippet:-1","max-image-preview":"max-image-preview:large","max-video-preview":"max-video-preview:-1"},"canonical":"https:\/\/www.zhgdled.com\/pt-br\/led-flood-light-dlc-etl-certificado.html","og_locale":"pt_BR","og_type":"article","og_title":"Holofote com certifica\u00e7\u00e3o DLC ETLHolofote LED com certifica\u00e7\u00e3o DLC ETL &#8211; ZHL ILUMINA\u00c7\u00c3O INDUSTRIAL","og_description":"Holofote LED com certifica\u00e7\u00e3o ZHL ETL DLC para aplica\u00e7\u00f5es industriais e comerciais na Am\u00e9rica do Norte.","og_url":"https:\/\/www.zhgdled.com\/pt-br\/led-flood-light-dlc-etl-certificado.html","og_site_name":"ZHL ILUMINA\u00c7\u00c3O INDUSTRIAL","article_publisher":"https:\/\/www.facebook.com\/zhllightinggroup","article_modified_time":"2023-12-26T07:01:07+00:00","og_image":[{"width":1600,"height":1600,"url":"https:\/\/www.zhgdled.com\/wp-content\/uploads\/2022\/04\/15.png","type":"image\/png"}],"twitter_card":"summary_large_image","twitter_site":"@zhl_lighting","twitter_misc":{"Est. tempo de leitura":"2 minutos"},"schema":{"@context":"https:\/\/schema.org","@graph":[{"@type":"WebPage","@id":"https:\/\/www.zhgdled.com\/pt-br\/led-flood-light-dlc-etl-certificado.html","url":"https:\/\/www.zhgdled.com\/pt-br\/led-flood-light-dlc-etl-certificado.html","name":"Holofote com certifica\u00e7\u00e3o DLC ETLHolofote LED com certifica\u00e7\u00e3o DLC ETL &#8211; ZHL ILUMINA\u00c7\u00c3O INDUSTRIAL","isPartOf":{"@id":"https:\/\/www.zhgdled.com\/pt-br\/#website"},"primaryImageOfPage":{"@id":"https:\/\/www.zhgdled.com\/pt-br\/led-flood-light-dlc-etl-certificado.html#primaryimage"},"image":{"@id":"https:\/\/www.zhgdled.com\/pt-br\/led-flood-light-dlc-etl-certificado.html#primaryimage"},"thumbnailUrl":"https:\/\/www.zhgdled.com\/wp-content\/uploads\/2022\/04\/15.png","datePublished":"2022-04-18T03:47:10+00:00","dateModified":"2023-12-26T07:01:07+00:00","description":"Holofote LED com certifica\u00e7\u00e3o ZHL ETL DLC para aplica\u00e7\u00f5es industriais e comerciais na Am\u00e9rica do Norte.","breadcrumb":{"@id":"https:\/\/www.zhgdled.com\/pt-br\/led-flood-light-dlc-etl-certificado.html#breadcrumb"},"inLanguage":"pt-BR","potentialAction":[{"@type":"ReadAction","target":["https:\/\/www.zhgdled.com\/pt-br\/led-flood-light-dlc-etl-certificado.html"]}]},{"@type":"ImageObject","inLanguage":"pt-BR","@id":"https:\/\/www.zhgdled.com\/pt-br\/led-flood-light-dlc-etl-certificado.html#primaryimage","url":"https:\/\/www.zhgdled.com\/wp-content\/uploads\/2022\/04\/15.png","contentUrl":"https:\/\/www.zhgdled.com\/wp-content\/uploads\/2022\/04\/15.png","width":1600,"height":1600,"caption":"Holofote LED com certifica\u00e7\u00e3o ETL DLC"},{"@type":"BreadcrumbList","@id":"https:\/\/www.zhgdled.com\/pt-br\/led-flood-light-dlc-etl-certificado.html#breadcrumb","itemListElement":[{"@type":"ListItem","position":1,"name":"Home","item":"https:\/\/www.zhgdled.com\/pt-br"},{"@type":"ListItem","position":2,"name":"PRODUCTS","item":"https:\/\/www.zhgdled.com\/zhl-products.html"},{"@type":"ListItem","position":3,"name":"Holofote LED com certifica\u00e7\u00e3o DLC ETL"}]},{"@type":"WebSite","@id":"https:\/\/www.zhgdled.com\/pt-br\/#website","url":"https:\/\/www.zhgdled.com\/pt-br\/","name":"ZHL ILUMINA\u00c7\u00c3O INDUSTRIAL","description":"Top ranking industrial lighting manufacturer and exporter","publisher":{"@id":"https:\/\/www.zhgdled.com\/pt-br\/#organization"},"potentialAction":[{"@type":"SearchAction","target":{"@type":"EntryPoint","urlTemplate":"https:\/\/www.zhgdled.com\/pt-br\/?s={search_term_string}"},"query-input":{"@type":"PropertyValueSpecification","valueRequired":true,"valueName":"search_term_string"}}],"inLanguage":"pt-BR"},{"@type":"Organization","@id":"https:\/\/www.zhgdled.com\/pt-br\/#organization","name":"ZHL Lighting Group","url":"https:\/\/www.zhgdled.com\/pt-br\/","logo":{"@type":"ImageObject","inLanguage":"pt-BR","@id":"https:\/\/www.zhgdled.com\/pt-br\/#\/schema\/logo\/image\/","url":"","contentUrl":"","caption":"ZHL Lighting Group"},"image":{"@id":"https:\/\/www.zhgdled.com\/pt-br\/#\/schema\/logo\/image\/"},"sameAs":["https:\/\/www.facebook.com\/zhllightinggroup","https:\/\/x.com\/zhl_lighting"]}]}},"_links":{"self":[{"href":"https:\/\/www.zhgdled.com\/pt-br\/wp-json\/wp\/v2\/product\/18789","targetHints":{"allow":["GET"]}}],"collection":[{"href":"https:\/\/www.zhgdled.com\/pt-br\/wp-json\/wp\/v2\/product"}],"about":[{"href":"https:\/\/www.zhgdled.com\/pt-br\/wp-json\/wp\/v2\/types\/product"}],"wp:featuredmedia":[{"embeddable":true,"href":"https:\/\/www.zhgdled.com\/pt-br\/wp-json\/wp\/v2\/media\/17137"}],"wp:attachment":[{"href":"https:\/\/www.zhgdled.com\/pt-br\/wp-json\/wp\/v2\/media?parent=18789"}],"wp:term":[{"taxonomy":"product_brand","embeddable":true,"href":"https:\/\/www.zhgdled.com\/pt-br\/wp-json\/wp\/v2\/product_brand?post=18789"},{"taxonomy":"product_cat","embeddable":true,"href":"https:\/\/www.zhgdled.com\/pt-br\/wp-json\/wp\/v2\/product_cat?post=18789"},{"taxonomy":"product_tag","embeddable":true,"href":"https:\/\/www.zhgdled.com\/pt-br\/wp-json\/wp\/v2\/product_tag?post=18789"}],"curies":[{"name":"wp","href":"https:\/\/api.w.org\/{rel}","templated":true}]}}