{"id":18797,"date":"2023-12-22T19:46:12","date_gmt":"2021-10-26T11:46:12","guid":{"rendered":"https:\/\/www.zhgdled.com\/product\/star-rgb-series"},"modified":"2023-12-26T15:01:10","modified_gmt":"2023-12-26T07:01:10","slug":"star-rgb-series","status":"publish","type":"product","link":"https:\/\/www.zhgdled.com\/pt-br\/star-rgb-series.html","title":{"rendered":"PROJETO RGB S\u00c9RIE STAR"},"content":{"rendered":"<h2>FA\u00c7A COMBINA\u00c7\u00d5ES DE CORES COM O PROJETOR LED RGB S\u00c9RIE STAR<\/h2>\n<p>O FloodLight LED RGB Star Series permite alternar a cor da luz combinando as cores Vermelho, Verde e Azul, o que d\u00e1 uma ampla gama de cores.<\/p>\n<p>Isso inclui um controle remoto que permite ao usu\u00e1rio controlar tanto a cor quanto a intensidade da luz que os Flood Lights pretendem emitir. Al\u00e9m disso, possuem sequ\u00eancias de cores programadas.<\/p>\n<p>Os holofotes LED RGB da s\u00e9rie Star tamb\u00e9m possuem todos os recursos dos holofotes LED externos comuns, ou seja, prote\u00e7\u00e3o IP65, constru\u00e7\u00e3o em alum\u00ednio, etc. , o que se traduz em economia no consumo de energia.<\/p>\n<h2>ESPECIFICA\u00c7\u00d5ES<\/h2>\n<table width=\"583\">\n<tbody>\n<tr>\n<td width=\"257\"><strong>Detalhes r\u00e1pidos<\/strong><\/td>\n<td width=\"326\"><\/td>\n<\/tr>\n<tr>\n<td><strong>Poder<\/strong><\/td>\n<td><strong>10W 20W 30W 50W<\/strong><\/td>\n<\/tr>\n<tr>\n<td><strong>LED<\/strong><\/td>\n<td><strong>SMD 2835<\/strong><\/td>\n<\/tr>\n<tr>\n<td><strong>Temperatura de cor (CCT)<\/strong><\/td>\n<td><strong>RGB<\/strong><\/td>\n<\/tr>\n<tr>\n<td><strong>Efici\u00eancia Luminosa (lm\/w)<\/strong><\/td>\n<td><strong>80lm\/w<\/strong><\/td>\n<\/tr>\n<tr>\n<td><strong>Tens\u00e3o de entrada (V)<\/strong><\/td>\n<td><strong>AC100-240V\/AC220-240V<\/strong><\/td>\n<\/tr>\n<tr>\n<td><strong>PF<\/strong><\/td>\n<td><strong>&gt;0.9<\/strong><\/td>\n<\/tr>\n<tr>\n<td><strong>CRI (Ra&gt;)<\/strong><\/td>\n<td><strong>80<\/strong><\/td>\n<\/tr>\n<tr>\n<td><strong>\u00c2ngulo do Feixe (\u00b0)<\/strong><\/td>\n<td><strong>120<\/strong><\/td>\n<\/tr>\n<tr>\n<td><strong>Classe IP<\/strong><\/td>\n<td><strong>IP65<\/strong><\/td>\n<\/tr>\n<tr>\n<td><strong>Material<\/strong><\/td>\n<td><strong>Corpo de alum\u00ednio + tampa de vidro temperado<\/strong><\/td>\n<\/tr>\n<tr>\n<td><strong>Temperatura de trabalho (\u2103)<\/strong><\/td>\n<td><strong>-20-50<\/strong><\/td>\n<\/tr>\n<tr>\n<td><strong>Garantia (Ano)<\/strong><\/td>\n<td><strong>2 anos\/3 anos<\/strong><\/td>\n<\/tr>\n<tr>\n<td><strong>Certifica\u00e7\u00e3o<\/strong><\/td>\n<td><strong>CE,ERP,RoHS<\/strong><\/td>\n<\/tr>\n<tr>\n<td><strong>Driver<\/strong><\/td>\n<td><strong>\u00a0DOB\u00a0<\/strong><\/td>\n<\/tr>\n<\/tbody>\n<\/table>\n","protected":false},"excerpt":{"rendered":"<table width=\"583\">\n<tbody>\n<tr>\n<td width=\"257\"><\/td>\n<td width=\"326\"><\/td>\n<\/tr>\n<tr>\n<td>Poder<\/td>\n<td><strong>10W 20W 30W 50W<\/strong><\/td>\n<\/tr>\n<tr>\n<td><strong>LED<\/strong><\/td>\n<td><strong>SMD 2835<\/strong><\/td>\n<\/tr>\n<tr>\n<td><strong>Temperatura de cor (CCT)<\/strong><\/td>\n<td><strong>RGB<\/strong><\/td>\n<\/tr>\n<tr>\n<td><strong>Efici\u00eancia Luminosa (lm\/w)<\/strong><\/td>\n<td><strong>80lm\/w<\/strong><\/td>\n<\/tr>\n<tr>\n<td><strong>Tens\u00e3o de entrada (V)<\/strong><\/td>\n<td><strong>AC100-240V\/AC220-240V<\/strong><\/td>\n<\/tr>\n<tr>\n<td><strong>PF<\/strong><\/td>\n<td><strong>&gt;0.9<\/strong><\/td>\n<\/tr>\n<tr>\n<td><strong>CRI (Ra&gt;)<\/strong><\/td>\n<td><strong>80<\/strong><\/td>\n<\/tr>\n<tr>\n<td><strong>\u00c2ngulo do Feixe (\u00b0)<\/strong><\/td>\n<td><strong>120<\/strong><\/td>\n<\/tr>\n<tr>\n<td><strong>Classe IP<\/strong><\/td>\n<td><strong>IP65<\/strong><\/td>\n<\/tr>\n<tr>\n<td><strong>Material<\/strong><\/td>\n<td><strong>Corpo de alum\u00ednio + tampa de vidro temperado<\/strong><\/td>\n<\/tr>\n<tr>\n<td><strong>Temperatura de trabalho (\u2103)<\/strong><\/td>\n<td><strong>-20-50<\/strong><\/td>\n<\/tr>\n<tr>\n<td><strong>Garantia (Ano)<\/strong><\/td>\n<td><strong>2 anos\/3 anos<\/strong><\/td>\n<\/tr>\n<tr>\n<td><strong>Certifica\u00e7\u00e3o<\/strong><\/td>\n<td><strong>CE,ERP,RoHS<\/strong><\/td>\n<\/tr>\n<tr>\n<td><strong>Driver<\/strong><\/td>\n<td><strong>\u00a0DOB\u00a0<\/strong><\/td>\n<\/tr>\n<\/tbody>\n<\/table>\n","protected":false},"featured_media":19754,"template":"","meta":[],"product_brand":[],"product_cat":[645],"product_tag":[],"class_list":{"0":"post-18797","1":"product","2":"type-product","3":"status-publish","4":"has-post-thumbnail","6":"product_cat-refletor-led","8":"first","9":"instock","10":"shipping-taxable","11":"product-type-simple"},"yoast_head":"<!-- This site is optimized with the Yoast SEO plugin v27.4 - https:\/\/yoast.com\/product\/yoast-seo-wordpress\/ -->\n<title>refletor led rgbPROJETO RGB S\u00c9RIE STAR &#8211; ZHL ILUMINA\u00c7\u00c3O INDUSTRIAL<\/title>\n<meta name=\"description\" content=\"O Holofote LED RGB Star Series permite alternar a cor da luz combinando as cores Vermelho, Verde e Azul, o que d\u00e1 uma ampla gama de cores.\" \/>\n<meta name=\"robots\" content=\"index, follow, max-snippet:-1, max-image-preview:large, max-video-preview:-1\" \/>\n<link rel=\"canonical\" href=\"https:\/\/www.zhgdled.com\/pt-br\/star-rgb-series.html\" \/>\n<meta property=\"og:locale\" content=\"pt_BR\" \/>\n<meta property=\"og:type\" content=\"article\" \/>\n<meta property=\"og:title\" content=\"refletor led rgbPROJETO RGB S\u00c9RIE STAR &#8211; ZHL ILUMINA\u00c7\u00c3O INDUSTRIAL\" \/>\n<meta property=\"og:description\" content=\"O Holofote LED RGB Star Series permite alternar a cor da luz combinando as cores Vermelho, Verde e Azul, o que d\u00e1 uma ampla gama de cores.\" \/>\n<meta property=\"og:url\" content=\"https:\/\/www.zhgdled.com\/pt-br\/star-rgb-series.html\" \/>\n<meta property=\"og:site_name\" content=\"ZHL ILUMINA\u00c7\u00c3O INDUSTRIAL\" \/>\n<meta property=\"article:publisher\" content=\"https:\/\/www.facebook.com\/zhllightinggroup\" \/>\n<meta property=\"article:modified_time\" content=\"2023-12-26T07:01:10+00:00\" \/>\n<meta property=\"og:image\" content=\"https:\/\/www.zhgdled.com\/wp-content\/uploads\/2021\/10\/STAR-SERIES-FLOODLIGHT-RGB.png\" \/>\n\t<meta property=\"og:image:width\" content=\"1600\" \/>\n\t<meta property=\"og:image:height\" content=\"1600\" \/>\n\t<meta property=\"og:image:type\" content=\"image\/png\" \/>\n<meta name=\"twitter:card\" content=\"summary_large_image\" \/>\n<meta name=\"twitter:site\" content=\"@zhl_lighting\" \/>\n<meta name=\"twitter:label1\" content=\"Est. tempo de leitura\" \/>\n\t<meta name=\"twitter:data1\" content=\"1 minuto\" \/>\n<script type=\"application\/ld+json\" class=\"yoast-schema-graph\">{\"@context\":\"https:\\\/\\\/schema.org\",\"@graph\":[{\"@type\":\"WebPage\",\"@id\":\"https:\\\/\\\/www.zhgdled.com\\\/pt-br\\\/star-rgb-series.html\",\"url\":\"https:\\\/\\\/www.zhgdled.com\\\/pt-br\\\/star-rgb-series.html\",\"name\":\"refletor led rgbPROJETO RGB S\u00c9RIE STAR &#8211; ZHL ILUMINA\u00c7\u00c3O INDUSTRIAL\",\"isPartOf\":{\"@id\":\"https:\\\/\\\/www.zhgdled.com\\\/pt-br\\\/#website\"},\"primaryImageOfPage\":{\"@id\":\"https:\\\/\\\/www.zhgdled.com\\\/pt-br\\\/star-rgb-series.html#primaryimage\"},\"image\":{\"@id\":\"https:\\\/\\\/www.zhgdled.com\\\/pt-br\\\/star-rgb-series.html#primaryimage\"},\"thumbnailUrl\":\"https:\\\/\\\/www.zhgdled.com\\\/wp-content\\\/uploads\\\/2021\\\/10\\\/STAR-SERIES-FLOODLIGHT-RGB.png\",\"datePublished\":\"2021-10-26T11:46:12+00:00\",\"dateModified\":\"2023-12-26T07:01:10+00:00\",\"description\":\"O Holofote LED RGB Star Series permite alternar a cor da luz combinando as cores Vermelho, Verde e Azul, o que d\u00e1 uma ampla gama de cores.\",\"breadcrumb\":{\"@id\":\"https:\\\/\\\/www.zhgdled.com\\\/pt-br\\\/star-rgb-series.html#breadcrumb\"},\"inLanguage\":\"pt-BR\",\"potentialAction\":[{\"@type\":\"ReadAction\",\"target\":[\"https:\\\/\\\/www.zhgdled.com\\\/pt-br\\\/star-rgb-series.html\"]}]},{\"@type\":\"ImageObject\",\"inLanguage\":\"pt-BR\",\"@id\":\"https:\\\/\\\/www.zhgdled.com\\\/pt-br\\\/star-rgb-series.html#primaryimage\",\"url\":\"https:\\\/\\\/www.zhgdled.com\\\/wp-content\\\/uploads\\\/2021\\\/10\\\/STAR-SERIES-FLOODLIGHT-RGB.png\",\"contentUrl\":\"https:\\\/\\\/www.zhgdled.com\\\/wp-content\\\/uploads\\\/2021\\\/10\\\/STAR-SERIES-FLOODLIGHT-RGB.png\",\"width\":1600,\"height\":1600,\"caption\":\"RGB floodlight\"},{\"@type\":\"BreadcrumbList\",\"@id\":\"https:\\\/\\\/www.zhgdled.com\\\/pt-br\\\/star-rgb-series.html#breadcrumb\",\"itemListElement\":[{\"@type\":\"ListItem\",\"position\":1,\"name\":\"Home\",\"item\":\"https:\\\/\\\/www.zhgdled.com\\\/pt-br\"},{\"@type\":\"ListItem\",\"position\":2,\"name\":\"PRODUCTS\",\"item\":\"https:\\\/\\\/www.zhgdled.com\\\/zhl-products.html\"},{\"@type\":\"ListItem\",\"position\":3,\"name\":\"PROJETO RGB S\u00c9RIE STAR\"}]},{\"@type\":\"WebSite\",\"@id\":\"https:\\\/\\\/www.zhgdled.com\\\/pt-br\\\/#website\",\"url\":\"https:\\\/\\\/www.zhgdled.com\\\/pt-br\\\/\",\"name\":\"ZHL ILUMINA\u00c7\u00c3O INDUSTRIAL\",\"description\":\"Top ranking industrial lighting manufacturer and exporter\",\"publisher\":{\"@id\":\"https:\\\/\\\/www.zhgdled.com\\\/pt-br\\\/#organization\"},\"potentialAction\":[{\"@type\":\"SearchAction\",\"target\":{\"@type\":\"EntryPoint\",\"urlTemplate\":\"https:\\\/\\\/www.zhgdled.com\\\/pt-br\\\/?s={search_term_string}\"},\"query-input\":{\"@type\":\"PropertyValueSpecification\",\"valueRequired\":true,\"valueName\":\"search_term_string\"}}],\"inLanguage\":\"pt-BR\"},{\"@type\":\"Organization\",\"@id\":\"https:\\\/\\\/www.zhgdled.com\\\/pt-br\\\/#organization\",\"name\":\"ZHL Lighting Group\",\"url\":\"https:\\\/\\\/www.zhgdled.com\\\/pt-br\\\/\",\"logo\":{\"@type\":\"ImageObject\",\"inLanguage\":\"pt-BR\",\"@id\":\"https:\\\/\\\/www.zhgdled.com\\\/pt-br\\\/#\\\/schema\\\/logo\\\/image\\\/\",\"url\":\"\",\"contentUrl\":\"\",\"caption\":\"ZHL Lighting Group\"},\"image\":{\"@id\":\"https:\\\/\\\/www.zhgdled.com\\\/pt-br\\\/#\\\/schema\\\/logo\\\/image\\\/\"},\"sameAs\":[\"https:\\\/\\\/www.facebook.com\\\/zhllightinggroup\",\"https:\\\/\\\/x.com\\\/zhl_lighting\"]}]}<\/script>\n<!-- \/ Yoast SEO plugin. -->","yoast_head_json":{"title":"refletor led rgbPROJETO RGB S\u00c9RIE STAR &#8211; ZHL ILUMINA\u00c7\u00c3O INDUSTRIAL","description":"O Holofote LED RGB Star Series permite alternar a cor da luz combinando as cores Vermelho, Verde e Azul, o que d\u00e1 uma ampla gama de cores.","robots":{"index":"index","follow":"follow","max-snippet":"max-snippet:-1","max-image-preview":"max-image-preview:large","max-video-preview":"max-video-preview:-1"},"canonical":"https:\/\/www.zhgdled.com\/pt-br\/star-rgb-series.html","og_locale":"pt_BR","og_type":"article","og_title":"refletor led rgbPROJETO RGB S\u00c9RIE STAR &#8211; ZHL ILUMINA\u00c7\u00c3O INDUSTRIAL","og_description":"O Holofote LED RGB Star Series permite alternar a cor da luz combinando as cores Vermelho, Verde e Azul, o que d\u00e1 uma ampla gama de cores.","og_url":"https:\/\/www.zhgdled.com\/pt-br\/star-rgb-series.html","og_site_name":"ZHL ILUMINA\u00c7\u00c3O INDUSTRIAL","article_publisher":"https:\/\/www.facebook.com\/zhllightinggroup","article_modified_time":"2023-12-26T07:01:10+00:00","og_image":[{"width":1600,"height":1600,"url":"https:\/\/www.zhgdled.com\/wp-content\/uploads\/2021\/10\/STAR-SERIES-FLOODLIGHT-RGB.png","type":"image\/png"}],"twitter_card":"summary_large_image","twitter_site":"@zhl_lighting","twitter_misc":{"Est. tempo de leitura":"1 minuto"},"schema":{"@context":"https:\/\/schema.org","@graph":[{"@type":"WebPage","@id":"https:\/\/www.zhgdled.com\/pt-br\/star-rgb-series.html","url":"https:\/\/www.zhgdled.com\/pt-br\/star-rgb-series.html","name":"refletor led rgbPROJETO RGB S\u00c9RIE STAR &#8211; ZHL ILUMINA\u00c7\u00c3O INDUSTRIAL","isPartOf":{"@id":"https:\/\/www.zhgdled.com\/pt-br\/#website"},"primaryImageOfPage":{"@id":"https:\/\/www.zhgdled.com\/pt-br\/star-rgb-series.html#primaryimage"},"image":{"@id":"https:\/\/www.zhgdled.com\/pt-br\/star-rgb-series.html#primaryimage"},"thumbnailUrl":"https:\/\/www.zhgdled.com\/wp-content\/uploads\/2021\/10\/STAR-SERIES-FLOODLIGHT-RGB.png","datePublished":"2021-10-26T11:46:12+00:00","dateModified":"2023-12-26T07:01:10+00:00","description":"O Holofote LED RGB Star Series permite alternar a cor da luz combinando as cores Vermelho, Verde e Azul, o que d\u00e1 uma ampla gama de cores.","breadcrumb":{"@id":"https:\/\/www.zhgdled.com\/pt-br\/star-rgb-series.html#breadcrumb"},"inLanguage":"pt-BR","potentialAction":[{"@type":"ReadAction","target":["https:\/\/www.zhgdled.com\/pt-br\/star-rgb-series.html"]}]},{"@type":"ImageObject","inLanguage":"pt-BR","@id":"https:\/\/www.zhgdled.com\/pt-br\/star-rgb-series.html#primaryimage","url":"https:\/\/www.zhgdled.com\/wp-content\/uploads\/2021\/10\/STAR-SERIES-FLOODLIGHT-RGB.png","contentUrl":"https:\/\/www.zhgdled.com\/wp-content\/uploads\/2021\/10\/STAR-SERIES-FLOODLIGHT-RGB.png","width":1600,"height":1600,"caption":"RGB floodlight"},{"@type":"BreadcrumbList","@id":"https:\/\/www.zhgdled.com\/pt-br\/star-rgb-series.html#breadcrumb","itemListElement":[{"@type":"ListItem","position":1,"name":"Home","item":"https:\/\/www.zhgdled.com\/pt-br"},{"@type":"ListItem","position":2,"name":"PRODUCTS","item":"https:\/\/www.zhgdled.com\/zhl-products.html"},{"@type":"ListItem","position":3,"name":"PROJETO RGB S\u00c9RIE STAR"}]},{"@type":"WebSite","@id":"https:\/\/www.zhgdled.com\/pt-br\/#website","url":"https:\/\/www.zhgdled.com\/pt-br\/","name":"ZHL ILUMINA\u00c7\u00c3O INDUSTRIAL","description":"Top ranking industrial lighting manufacturer and exporter","publisher":{"@id":"https:\/\/www.zhgdled.com\/pt-br\/#organization"},"potentialAction":[{"@type":"SearchAction","target":{"@type":"EntryPoint","urlTemplate":"https:\/\/www.zhgdled.com\/pt-br\/?s={search_term_string}"},"query-input":{"@type":"PropertyValueSpecification","valueRequired":true,"valueName":"search_term_string"}}],"inLanguage":"pt-BR"},{"@type":"Organization","@id":"https:\/\/www.zhgdled.com\/pt-br\/#organization","name":"ZHL Lighting Group","url":"https:\/\/www.zhgdled.com\/pt-br\/","logo":{"@type":"ImageObject","inLanguage":"pt-BR","@id":"https:\/\/www.zhgdled.com\/pt-br\/#\/schema\/logo\/image\/","url":"","contentUrl":"","caption":"ZHL Lighting Group"},"image":{"@id":"https:\/\/www.zhgdled.com\/pt-br\/#\/schema\/logo\/image\/"},"sameAs":["https:\/\/www.facebook.com\/zhllightinggroup","https:\/\/x.com\/zhl_lighting"]}]}},"_links":{"self":[{"href":"https:\/\/www.zhgdled.com\/pt-br\/wp-json\/wp\/v2\/product\/18797","targetHints":{"allow":["GET"]}}],"collection":[{"href":"https:\/\/www.zhgdled.com\/pt-br\/wp-json\/wp\/v2\/product"}],"about":[{"href":"https:\/\/www.zhgdled.com\/pt-br\/wp-json\/wp\/v2\/types\/product"}],"wp:featuredmedia":[{"embeddable":true,"href":"https:\/\/www.zhgdled.com\/pt-br\/wp-json\/wp\/v2\/media\/19754"}],"wp:attachment":[{"href":"https:\/\/www.zhgdled.com\/pt-br\/wp-json\/wp\/v2\/media?parent=18797"}],"wp:term":[{"taxonomy":"product_brand","embeddable":true,"href":"https:\/\/www.zhgdled.com\/pt-br\/wp-json\/wp\/v2\/product_brand?post=18797"},{"taxonomy":"product_cat","embeddable":true,"href":"https:\/\/www.zhgdled.com\/pt-br\/wp-json\/wp\/v2\/product_cat?post=18797"},{"taxonomy":"product_tag","embeddable":true,"href":"https:\/\/www.zhgdled.com\/pt-br\/wp-json\/wp\/v2\/product_tag?post=18797"}],"curies":[{"name":"wp","href":"https:\/\/api.w.org\/{rel}","templated":true}]}}