{"id":18799,"date":"2023-12-22T20:02:05","date_gmt":"2021-10-26T12:02:05","guid":{"rendered":"https:\/\/www.zhgdled.com\/product\/star-series-with-tuya-wifi"},"modified":"2023-12-26T15:01:11","modified_gmt":"2023-12-26T07:01:11","slug":"star-series-com-tuya-wifi","status":"publish","type":"product","link":"https:\/\/www.zhgdled.com\/pt-br\/star-series-com-tuya-wifi.html","title":{"rendered":"PROJETOR INTELIGENTE S\u00c9RIE STAR com TUYA WIFI"},"content":{"rendered":"<h2>DEIXE O HARDWARE FICAR INTELIGENTE COM O FLOODLIGHT INTELIGENTE!<\/h2>\n<p>O holofote inteligente TUYA WIFI da S\u00c9RIE ESTRELA \u00e9 um produto da combina\u00e7\u00e3o org\u00e2nica de hardware e software. Agora, com a atualiza\u00e7\u00e3o do m\u00f3dulo TUYA, os holofotes da s\u00e9rie STAR podem facilmente obter gerenciamento centralizado em larga escala de seu equipamento da s\u00e9rie STAR instalado por dispositivos m\u00f3veis ou software de PC.<\/p>\n<p>Nesse meio tempo, depois de herdar o m\u00f3dulo WIFI, os propriet\u00e1rios agora podem incorporar seus equipamentos de ilumina\u00e7\u00e3o ao sistema dom\u00e9stico inteligente. Realize o gerenciamento inteligente do sistema de ilumina\u00e7\u00e3o.<\/p>\n<h2>ESPECIFICA\u00c7\u00c3O<\/h2>\n<table width=\"655\">\n<tbody>\n<tr>\n<td width=\"222\"><\/td>\n<td width=\"433\"><\/td>\n<\/tr>\n<tr>\n<td>Poder<\/td>\n<td>10W 20W 30W 50W<\/td>\n<\/tr>\n<tr>\n<td>LED<\/td>\n<td>SMD 2835<\/td>\n<\/tr>\n<tr>\n<td>Temperatura de cor (CCT)<\/td>\n<td>RGBW\/CCT<\/td>\n<\/tr>\n<tr>\n<td>Efici\u00eancia Luminosa (lm\/w)<\/td>\n<td>80lm\/w<\/td>\n<\/tr>\n<tr>\n<td>Tens\u00e3o de entrada (V)<\/td>\n<td>AC100-240V\/AC220-240V\/AC200-260V<\/td>\n<\/tr>\n<tr>\n<td>PF<\/td>\n<td>&gt;0.9<\/td>\n<\/tr>\n<tr>\n<td>CRI (Ra&gt;)<\/td>\n<td>80<\/td>\n<\/tr>\n<tr>\n<td>\u00c2ngulo do Feixe (\u00b0)<\/td>\n<td>120<\/td>\n<\/tr>\n<tr>\n<td>Classe IP<\/td>\n<td>IP65<\/td>\n<\/tr>\n<tr>\n<td>Material<\/td>\n<td>Corpo de alum\u00ednio + tampa de vidro temperado<\/td>\n<\/tr>\n<tr>\n<td>Temperatura de trabalho (\u2103)<\/td>\n<td>-20-50<\/td>\n<\/tr>\n<tr>\n<td>Garantia (Ano)<\/td>\n<td>2 anos<\/td>\n<\/tr>\n<tr>\n<td>Certifica\u00e7\u00e3o<\/td>\n<td>CE,ERP,RoHS<\/td>\n<\/tr>\n<tr>\n<td>Driver<\/td>\n<td>\u00a0DOB<\/td>\n<\/tr>\n<\/tbody>\n<\/table>\n","protected":false},"excerpt":{"rendered":"<p>O holofote inteligente TUYA WIFI da S\u00c9RIE ESTRELA \u00e9 um produto da combina\u00e7\u00e3o org\u00e2nica de hardware e software. Agora, com a atualiza\u00e7\u00e3o do m\u00f3dulo TUYA, os holofotes da s\u00e9rie STAR podem facilmente obter gerenciamento centralizado em larga escala de seu equipamento da s\u00e9rie STAR instalado por dispositivos m\u00f3veis ou software de PC.<\/p>\n<ul>\n<li>10W \/ 20W \/ 30W \/ 50W<\/li>\n<li>SMD2835<\/li>\n<li>RGBW \/ CCT ajust\u00e1vel<\/li>\n<li>80 lm\/w<\/li>\n<li>AC 100V-240V 50\/60Hz<\/li>\n<li>IP65<\/li>\n<li>CE CB ERP RoHS<\/li>\n<\/ul>\n","protected":false},"featured_media":19784,"template":"","meta":[],"product_brand":[],"product_cat":[645],"product_tag":[],"class_list":{"0":"post-18799","1":"product","2":"type-product","3":"status-publish","4":"has-post-thumbnail","6":"product_cat-refletor-led","8":"first","9":"instock","10":"shipping-taxable","11":"product-type-simple"},"yoast_head":"<!-- This site is optimized with the Yoast SEO plugin v27.4 - https:\/\/yoast.com\/product\/yoast-seo-wordpress\/ -->\n<title>Holofote inteligente com TUYA WIFI &#8211; ZHL ILUMINA\u00c7\u00c3O INDUSTRIAL<\/title>\n<meta name=\"description\" content=\"O holofote inteligente TUYA WIFI da S\u00c9RIE ESTRELA \u00e9 um produto da combina\u00e7\u00e3o org\u00e2nica de hardware e software. Agora, com a atualiza\u00e7\u00e3o do m\u00f3dulo TUYA, os holofotes da s\u00e9rie STAR podem facilmente obter gerenciamento centralizado em larga escala de seu equipamento da s\u00e9rie STAR instalado por dispositivos m\u00f3veis ou software de PC.\" \/>\n<meta name=\"robots\" content=\"index, follow, max-snippet:-1, max-image-preview:large, max-video-preview:-1\" \/>\n<link rel=\"canonical\" href=\"https:\/\/www.zhgdled.com\/pt-br\/star-series-com-tuya-wifi.html\" \/>\n<meta property=\"og:locale\" content=\"pt_BR\" \/>\n<meta property=\"og:type\" content=\"article\" \/>\n<meta property=\"og:title\" content=\"Holofote inteligente com TUYA WIFI &#8211; ZHL ILUMINA\u00c7\u00c3O INDUSTRIAL\" \/>\n<meta property=\"og:description\" content=\"O holofote inteligente TUYA WIFI da S\u00c9RIE ESTRELA \u00e9 um produto da combina\u00e7\u00e3o org\u00e2nica de hardware e software. Agora, com a atualiza\u00e7\u00e3o do m\u00f3dulo TUYA, os holofotes da s\u00e9rie STAR podem facilmente obter gerenciamento centralizado em larga escala de seu equipamento da s\u00e9rie STAR instalado por dispositivos m\u00f3veis ou software de PC.\" \/>\n<meta property=\"og:url\" content=\"https:\/\/www.zhgdled.com\/pt-br\/star-series-com-tuya-wifi.html\" \/>\n<meta property=\"og:site_name\" content=\"ZHL ILUMINA\u00c7\u00c3O INDUSTRIAL\" \/>\n<meta property=\"article:publisher\" content=\"https:\/\/www.facebook.com\/zhllightinggroup\" \/>\n<meta property=\"article:modified_time\" content=\"2023-12-26T07:01:11+00:00\" \/>\n<meta property=\"og:image\" content=\"https:\/\/www.zhgdled.com\/wp-content\/uploads\/2021\/10\/14.png\" \/>\n\t<meta property=\"og:image:width\" content=\"1600\" \/>\n\t<meta property=\"og:image:height\" content=\"1600\" \/>\n\t<meta property=\"og:image:type\" content=\"image\/png\" \/>\n<meta name=\"twitter:card\" content=\"summary_large_image\" \/>\n<meta name=\"twitter:site\" content=\"@zhl_lighting\" \/>\n<meta name=\"twitter:label1\" content=\"Est. tempo de leitura\" \/>\n\t<meta name=\"twitter:data1\" content=\"1 minuto\" \/>\n<script type=\"application\/ld+json\" class=\"yoast-schema-graph\">{\"@context\":\"https:\\\/\\\/schema.org\",\"@graph\":[{\"@type\":\"WebPage\",\"@id\":\"https:\\\/\\\/www.zhgdled.com\\\/pt-br\\\/star-series-com-tuya-wifi.html\",\"url\":\"https:\\\/\\\/www.zhgdled.com\\\/pt-br\\\/star-series-com-tuya-wifi.html\",\"name\":\"Holofote inteligente com TUYA WIFI &#8211; ZHL ILUMINA\u00c7\u00c3O INDUSTRIAL\",\"isPartOf\":{\"@id\":\"https:\\\/\\\/www.zhgdled.com\\\/pt-br\\\/#website\"},\"primaryImageOfPage\":{\"@id\":\"https:\\\/\\\/www.zhgdled.com\\\/pt-br\\\/star-series-com-tuya-wifi.html#primaryimage\"},\"image\":{\"@id\":\"https:\\\/\\\/www.zhgdled.com\\\/pt-br\\\/star-series-com-tuya-wifi.html#primaryimage\"},\"thumbnailUrl\":\"https:\\\/\\\/www.zhgdled.com\\\/wp-content\\\/uploads\\\/2021\\\/10\\\/14.png\",\"datePublished\":\"2021-10-26T12:02:05+00:00\",\"dateModified\":\"2023-12-26T07:01:11+00:00\",\"description\":\"O holofote inteligente TUYA WIFI da S\u00c9RIE ESTRELA \u00e9 um produto da combina\u00e7\u00e3o org\u00e2nica de hardware e software. Agora, com a atualiza\u00e7\u00e3o do m\u00f3dulo TUYA, os holofotes da s\u00e9rie STAR podem facilmente obter gerenciamento centralizado em larga escala de seu equipamento da s\u00e9rie STAR instalado por dispositivos m\u00f3veis ou software de PC.\",\"breadcrumb\":{\"@id\":\"https:\\\/\\\/www.zhgdled.com\\\/pt-br\\\/star-series-com-tuya-wifi.html#breadcrumb\"},\"inLanguage\":\"pt-BR\",\"potentialAction\":[{\"@type\":\"ReadAction\",\"target\":[\"https:\\\/\\\/www.zhgdled.com\\\/pt-br\\\/star-series-com-tuya-wifi.html\"]}]},{\"@type\":\"ImageObject\",\"inLanguage\":\"pt-BR\",\"@id\":\"https:\\\/\\\/www.zhgdled.com\\\/pt-br\\\/star-series-com-tuya-wifi.html#primaryimage\",\"url\":\"https:\\\/\\\/www.zhgdled.com\\\/wp-content\\\/uploads\\\/2021\\\/10\\\/14.png\",\"contentUrl\":\"https:\\\/\\\/www.zhgdled.com\\\/wp-content\\\/uploads\\\/2021\\\/10\\\/14.png\",\"width\":1600,\"height\":1600,\"caption\":\"tuya wifi floodlight\"},{\"@type\":\"BreadcrumbList\",\"@id\":\"https:\\\/\\\/www.zhgdled.com\\\/pt-br\\\/star-series-com-tuya-wifi.html#breadcrumb\",\"itemListElement\":[{\"@type\":\"ListItem\",\"position\":1,\"name\":\"Home\",\"item\":\"https:\\\/\\\/www.zhgdled.com\\\/pt-br\"},{\"@type\":\"ListItem\",\"position\":2,\"name\":\"PRODUCTS\",\"item\":\"https:\\\/\\\/www.zhgdled.com\\\/zhl-products.html\"},{\"@type\":\"ListItem\",\"position\":3,\"name\":\"PROJETOR INTELIGENTE S\u00c9RIE STAR com TUYA WIFI\"}]},{\"@type\":\"WebSite\",\"@id\":\"https:\\\/\\\/www.zhgdled.com\\\/pt-br\\\/#website\",\"url\":\"https:\\\/\\\/www.zhgdled.com\\\/pt-br\\\/\",\"name\":\"ZHL ILUMINA\u00c7\u00c3O INDUSTRIAL\",\"description\":\"Top ranking industrial lighting manufacturer and exporter\",\"publisher\":{\"@id\":\"https:\\\/\\\/www.zhgdled.com\\\/pt-br\\\/#organization\"},\"potentialAction\":[{\"@type\":\"SearchAction\",\"target\":{\"@type\":\"EntryPoint\",\"urlTemplate\":\"https:\\\/\\\/www.zhgdled.com\\\/pt-br\\\/?s={search_term_string}\"},\"query-input\":{\"@type\":\"PropertyValueSpecification\",\"valueRequired\":true,\"valueName\":\"search_term_string\"}}],\"inLanguage\":\"pt-BR\"},{\"@type\":\"Organization\",\"@id\":\"https:\\\/\\\/www.zhgdled.com\\\/pt-br\\\/#organization\",\"name\":\"ZHL Lighting Group\",\"url\":\"https:\\\/\\\/www.zhgdled.com\\\/pt-br\\\/\",\"logo\":{\"@type\":\"ImageObject\",\"inLanguage\":\"pt-BR\",\"@id\":\"https:\\\/\\\/www.zhgdled.com\\\/pt-br\\\/#\\\/schema\\\/logo\\\/image\\\/\",\"url\":\"\",\"contentUrl\":\"\",\"caption\":\"ZHL Lighting Group\"},\"image\":{\"@id\":\"https:\\\/\\\/www.zhgdled.com\\\/pt-br\\\/#\\\/schema\\\/logo\\\/image\\\/\"},\"sameAs\":[\"https:\\\/\\\/www.facebook.com\\\/zhllightinggroup\",\"https:\\\/\\\/x.com\\\/zhl_lighting\"]}]}<\/script>\n<!-- \/ Yoast SEO plugin. -->","yoast_head_json":{"title":"Holofote inteligente com TUYA WIFI &#8211; ZHL ILUMINA\u00c7\u00c3O INDUSTRIAL","description":"O holofote inteligente TUYA WIFI da S\u00c9RIE ESTRELA \u00e9 um produto da combina\u00e7\u00e3o org\u00e2nica de hardware e software. Agora, com a atualiza\u00e7\u00e3o do m\u00f3dulo TUYA, os holofotes da s\u00e9rie STAR podem facilmente obter gerenciamento centralizado em larga escala de seu equipamento da s\u00e9rie STAR instalado por dispositivos m\u00f3veis ou software de PC.","robots":{"index":"index","follow":"follow","max-snippet":"max-snippet:-1","max-image-preview":"max-image-preview:large","max-video-preview":"max-video-preview:-1"},"canonical":"https:\/\/www.zhgdled.com\/pt-br\/star-series-com-tuya-wifi.html","og_locale":"pt_BR","og_type":"article","og_title":"Holofote inteligente com TUYA WIFI &#8211; ZHL ILUMINA\u00c7\u00c3O INDUSTRIAL","og_description":"O holofote inteligente TUYA WIFI da S\u00c9RIE ESTRELA \u00e9 um produto da combina\u00e7\u00e3o org\u00e2nica de hardware e software. Agora, com a atualiza\u00e7\u00e3o do m\u00f3dulo TUYA, os holofotes da s\u00e9rie STAR podem facilmente obter gerenciamento centralizado em larga escala de seu equipamento da s\u00e9rie STAR instalado por dispositivos m\u00f3veis ou software de PC.","og_url":"https:\/\/www.zhgdled.com\/pt-br\/star-series-com-tuya-wifi.html","og_site_name":"ZHL ILUMINA\u00c7\u00c3O INDUSTRIAL","article_publisher":"https:\/\/www.facebook.com\/zhllightinggroup","article_modified_time":"2023-12-26T07:01:11+00:00","og_image":[{"width":1600,"height":1600,"url":"https:\/\/www.zhgdled.com\/wp-content\/uploads\/2021\/10\/14.png","type":"image\/png"}],"twitter_card":"summary_large_image","twitter_site":"@zhl_lighting","twitter_misc":{"Est. tempo de leitura":"1 minuto"},"schema":{"@context":"https:\/\/schema.org","@graph":[{"@type":"WebPage","@id":"https:\/\/www.zhgdled.com\/pt-br\/star-series-com-tuya-wifi.html","url":"https:\/\/www.zhgdled.com\/pt-br\/star-series-com-tuya-wifi.html","name":"Holofote inteligente com TUYA WIFI &#8211; ZHL ILUMINA\u00c7\u00c3O INDUSTRIAL","isPartOf":{"@id":"https:\/\/www.zhgdled.com\/pt-br\/#website"},"primaryImageOfPage":{"@id":"https:\/\/www.zhgdled.com\/pt-br\/star-series-com-tuya-wifi.html#primaryimage"},"image":{"@id":"https:\/\/www.zhgdled.com\/pt-br\/star-series-com-tuya-wifi.html#primaryimage"},"thumbnailUrl":"https:\/\/www.zhgdled.com\/wp-content\/uploads\/2021\/10\/14.png","datePublished":"2021-10-26T12:02:05+00:00","dateModified":"2023-12-26T07:01:11+00:00","description":"O holofote inteligente TUYA WIFI da S\u00c9RIE ESTRELA \u00e9 um produto da combina\u00e7\u00e3o org\u00e2nica de hardware e software. Agora, com a atualiza\u00e7\u00e3o do m\u00f3dulo TUYA, os holofotes da s\u00e9rie STAR podem facilmente obter gerenciamento centralizado em larga escala de seu equipamento da s\u00e9rie STAR instalado por dispositivos m\u00f3veis ou software de PC.","breadcrumb":{"@id":"https:\/\/www.zhgdled.com\/pt-br\/star-series-com-tuya-wifi.html#breadcrumb"},"inLanguage":"pt-BR","potentialAction":[{"@type":"ReadAction","target":["https:\/\/www.zhgdled.com\/pt-br\/star-series-com-tuya-wifi.html"]}]},{"@type":"ImageObject","inLanguage":"pt-BR","@id":"https:\/\/www.zhgdled.com\/pt-br\/star-series-com-tuya-wifi.html#primaryimage","url":"https:\/\/www.zhgdled.com\/wp-content\/uploads\/2021\/10\/14.png","contentUrl":"https:\/\/www.zhgdled.com\/wp-content\/uploads\/2021\/10\/14.png","width":1600,"height":1600,"caption":"tuya wifi floodlight"},{"@type":"BreadcrumbList","@id":"https:\/\/www.zhgdled.com\/pt-br\/star-series-com-tuya-wifi.html#breadcrumb","itemListElement":[{"@type":"ListItem","position":1,"name":"Home","item":"https:\/\/www.zhgdled.com\/pt-br"},{"@type":"ListItem","position":2,"name":"PRODUCTS","item":"https:\/\/www.zhgdled.com\/zhl-products.html"},{"@type":"ListItem","position":3,"name":"PROJETOR INTELIGENTE S\u00c9RIE STAR com TUYA WIFI"}]},{"@type":"WebSite","@id":"https:\/\/www.zhgdled.com\/pt-br\/#website","url":"https:\/\/www.zhgdled.com\/pt-br\/","name":"ZHL ILUMINA\u00c7\u00c3O INDUSTRIAL","description":"Top ranking industrial lighting manufacturer and exporter","publisher":{"@id":"https:\/\/www.zhgdled.com\/pt-br\/#organization"},"potentialAction":[{"@type":"SearchAction","target":{"@type":"EntryPoint","urlTemplate":"https:\/\/www.zhgdled.com\/pt-br\/?s={search_term_string}"},"query-input":{"@type":"PropertyValueSpecification","valueRequired":true,"valueName":"search_term_string"}}],"inLanguage":"pt-BR"},{"@type":"Organization","@id":"https:\/\/www.zhgdled.com\/pt-br\/#organization","name":"ZHL Lighting Group","url":"https:\/\/www.zhgdled.com\/pt-br\/","logo":{"@type":"ImageObject","inLanguage":"pt-BR","@id":"https:\/\/www.zhgdled.com\/pt-br\/#\/schema\/logo\/image\/","url":"","contentUrl":"","caption":"ZHL Lighting Group"},"image":{"@id":"https:\/\/www.zhgdled.com\/pt-br\/#\/schema\/logo\/image\/"},"sameAs":["https:\/\/www.facebook.com\/zhllightinggroup","https:\/\/x.com\/zhl_lighting"]}]}},"_links":{"self":[{"href":"https:\/\/www.zhgdled.com\/pt-br\/wp-json\/wp\/v2\/product\/18799","targetHints":{"allow":["GET"]}}],"collection":[{"href":"https:\/\/www.zhgdled.com\/pt-br\/wp-json\/wp\/v2\/product"}],"about":[{"href":"https:\/\/www.zhgdled.com\/pt-br\/wp-json\/wp\/v2\/types\/product"}],"wp:featuredmedia":[{"embeddable":true,"href":"https:\/\/www.zhgdled.com\/pt-br\/wp-json\/wp\/v2\/media\/19784"}],"wp:attachment":[{"href":"https:\/\/www.zhgdled.com\/pt-br\/wp-json\/wp\/v2\/media?parent=18799"}],"wp:term":[{"taxonomy":"product_brand","embeddable":true,"href":"https:\/\/www.zhgdled.com\/pt-br\/wp-json\/wp\/v2\/product_brand?post=18799"},{"taxonomy":"product_cat","embeddable":true,"href":"https:\/\/www.zhgdled.com\/pt-br\/wp-json\/wp\/v2\/product_cat?post=18799"},{"taxonomy":"product_tag","embeddable":true,"href":"https:\/\/www.zhgdled.com\/pt-br\/wp-json\/wp\/v2\/product_tag?post=18799"}],"curies":[{"name":"wp","href":"https:\/\/api.w.org\/{rel}","templated":true}]}}