{"id":18810,"date":"2023-05-25T10:02:05","date_gmt":"2021-10-27T02:02:05","guid":{"rendered":"https:\/\/www.zhgdled.com\/product\/300w-1000w-galaxy-series-flooglight"},"modified":"2023-12-26T15:01:18","modified_gmt":"2023-12-26T07:01:18","slug":"holofote-da-serie-300w-1000w-galaxy","status":"publish","type":"product","link":"https:\/\/www.zhgdled.com\/pt-br\/holofote-da-serie-300w-1000w-galaxy.html","title":{"rendered":"Holofote modular s\u00e9rie Galaxy 300W-1000W"},"content":{"rendered":"<h2>\u00c2NGULO DE PROPAGA\u00c7\u00c3O DE FEIXE LARGO DE ALTA wattagem<\/h2>\n<p>A luz de inunda\u00e7\u00e3o modular da s\u00e9rie GALAXY \u00e9 uma luz de alta intensidade que possui um feixe amplo e alta pot\u00eancia. Ele apresenta uma faixa de propaga\u00e7\u00e3o do feixe de qualquer lugar entre 60 graus e 120 graus e \u00e9 apropriado para aplica\u00e7\u00f5es externas. Se a sua aplica\u00e7\u00e3o precisa de um alto fluxo luminoso, lumin\u00e1ria de ampla \u00e1rea de ilumina\u00e7\u00e3o, a s\u00e9rie Galaxy \u00e9 a certa. Al\u00e9m disso, o holofote da s\u00e9rie Galaxy tem um design modular que permite adicionar ou remover placas de luz de acordo com as necessidades instant\u00e2neas.<\/p>\n<blockquote><p><a href=\"https:\/\/www.zhgdled.com\/download\/catalogue-of-galaxy-series-modular-flood-light\">Precisa de um cat\u00e1logo?Click here<\/a><\/p><\/blockquote>\n<h2>ESPECIFICA\u00c7\u00c3O<\/h2>\n<table width=\"649\">\n<tbody>\n<tr>\n<td width=\"186\"><\/td>\n<td width=\"463\"><\/td>\n<\/tr>\n<tr>\n<td><strong>Poder<\/strong><\/td>\n<td><strong>300W 400W 500W 600W 800W 1000W\u00a0<\/strong><\/td>\n<\/tr>\n<tr>\n<td><strong>LED<\/strong><\/td>\n<td><strong>Philips \/Tiandian\/Samsung 3030<\/strong><\/td>\n<\/tr>\n<tr>\n<td><strong>Temperatura de cor (CCT)<\/strong><\/td>\n<td><strong>2700-6500K<\/strong><\/td>\n<\/tr>\n<tr>\n<td><strong>Efici\u00eancia Luminosa (lm\/w)<\/strong><\/td>\n<td><strong>120lm\/w &#8211; 130lm\/w<\/strong><\/td>\n<\/tr>\n<tr>\n<td><strong>Tens\u00e3o de entrada (V)<\/strong><\/td>\n<td width=\"463\"><strong>AC100V-277V\/50-60Hz<\/strong><\/td>\n<\/tr>\n<tr>\n<td><strong>PF<\/strong><\/td>\n<td><strong>&gt;0.9<\/strong><\/td>\n<\/tr>\n<tr>\n<td><strong>CRI (Ra&gt;)<\/strong><\/td>\n<td><strong>80 \/ 70<\/strong><\/td>\n<\/tr>\n<tr>\n<td><strong>\u00c2ngulo do Feixe (\u00b0)<\/strong><\/td>\n<td><strong>30\u00b0\/60\u00b0\/90\u00b0\/45*80<\/strong><\/td>\n<\/tr>\n<tr>\n<td><strong>IP Nota<\/strong><\/td>\n<td><strong>IP65<\/strong><\/td>\n<\/tr>\n<tr>\n<td><strong>Material<\/strong><\/td>\n<td><strong>Corpo de alum\u00ednio + Lente PC<\/strong><\/td>\n<\/tr>\n<tr>\n<td><strong>Temperatura de trabalho (\u2103)<\/strong><\/td>\n<td><strong>-20-50<\/strong><\/td>\n<\/tr>\n<tr>\n<td><strong>Garantia (Ano)<\/strong><\/td>\n<td><strong>5 anos<\/strong><\/td>\n<\/tr>\n<tr>\n<td><strong>Certifica\u00e7\u00e3o<\/strong><\/td>\n<td><strong>CE,ERP,RoHS, vibra\u00e7\u00e3o, for\u00e7a do vento<\/strong><\/td>\n<\/tr>\n<tr>\n<td><strong>Driver<\/strong><\/td>\n<td><strong>Marca ZHL \/ Sosen \/ Meanwell<\/strong><\/td>\n<\/tr>\n<tr>\n<td><strong>Prote\u00e7\u00e3o contra surtos<\/strong><\/td>\n<td><strong>10KV<\/strong><\/td>\n<\/tr>\n<\/tbody>\n<\/table>\n<h2><\/h2>\n","protected":false},"excerpt":{"rendered":"<p>Apresentado pela ZHL Lighting &#8211; fabricante profissional de ilumina\u00e7\u00e3o externa, o holofote de design modular da s\u00e9rie Galaxy \u00e9 adequado para condi\u00e7\u00f5es externas severas, como campo de futebol, parques, pra\u00e7as, oficinas. Navios de LED Samsung integrados, acionados por energia Sosen (ou meanwells), a s\u00e9rie Galaxy liga\/desliga instantaneamente sem piscar.A efici\u00eancia de 130 lm\/w garante 60% de economia de energia em compara\u00e7\u00e3o com as tradicionais l\u00e2mpadas de s\u00f3dio ou de merc\u00fario.<\/p>\n<ul>\n<li>Dispon\u00edvel em 300W 400W 500W 600W 800W 1000W<\/li>\n<li>Philips \/Tiandian \/ Samsung 3030 navios de LED<\/li>\n<li>Dispon\u00edvel em 2700K &#8211; 6500K<\/li>\n<li>120lm\/w \/ 130lm\/w<\/li>\n<li>AC100V-277V \/ 50-60Hz<\/li>\n<li>CRI ra&gt;80<\/li>\n<li>CE,ERP,RoHS, vibra\u00e7\u00e3o, for\u00e7a do vento<\/li>\n<\/ul>\n","protected":false},"featured_media":17149,"template":"","meta":[],"product_brand":[],"product_cat":[645],"product_tag":[],"class_list":{"0":"post-18810","1":"product","2":"type-product","3":"status-publish","4":"has-post-thumbnail","6":"product_cat-refletor-led","8":"first","9":"instock","10":"shipping-taxable","11":"product-type-simple"},"yoast_head":"<!-- This site is optimized with the Yoast SEO plugin v27.4 - https:\/\/yoast.com\/product\/yoast-seo-wordpress\/ -->\n<title>holofote modularHolofote modular s\u00e9rie Galaxy 300W-1000W &#8211; ZHL ILUMINA\u00c7\u00c3O INDUSTRIAL<\/title>\n<meta name=\"description\" content=\"Apresentado pela ZHL Lighting - fabricante profissional de ilumina\u00e7\u00e3o externa, o holofote de design modular da s\u00e9rie Galaxy \u00e9 adequado para condi\u00e7\u00f5es externas severas, como campos de futebol, parques, pra\u00e7as, oficinas. Os LEDs Samsung integrados, acionados por drivers de energia Sosen (ou meanwell), ligam\/desligam a s\u00e9rie Galaxy instantaneamente sem piscar. A efici\u00eancia de 130lm\/w garante 60% de economia de energia em compara\u00e7\u00e3o com as tradicionais l\u00e2mpadas de s\u00f3dio ou l\u00e2mpadas de merc\u00fario.\" \/>\n<meta name=\"robots\" content=\"index, follow, max-snippet:-1, max-image-preview:large, max-video-preview:-1\" \/>\n<link rel=\"canonical\" href=\"https:\/\/www.zhgdled.com\/pt-br\/holofote-da-serie-300w-1000w-galaxy.html\" \/>\n<meta property=\"og:locale\" content=\"pt_BR\" \/>\n<meta property=\"og:type\" content=\"article\" \/>\n<meta property=\"og:title\" content=\"holofote modularHolofote modular s\u00e9rie Galaxy 300W-1000W &#8211; ZHL ILUMINA\u00c7\u00c3O INDUSTRIAL\" \/>\n<meta property=\"og:description\" content=\"Apresentado pela ZHL Lighting - fabricante profissional de ilumina\u00e7\u00e3o externa, o holofote de design modular da s\u00e9rie Galaxy \u00e9 adequado para condi\u00e7\u00f5es externas severas, como campos de futebol, parques, pra\u00e7as, oficinas. Os LEDs Samsung integrados, acionados por drivers de energia Sosen (ou meanwell), ligam\/desligam a s\u00e9rie Galaxy instantaneamente sem piscar. A efici\u00eancia de 130lm\/w garante 60% de economia de energia em compara\u00e7\u00e3o com as tradicionais l\u00e2mpadas de s\u00f3dio ou l\u00e2mpadas de merc\u00fario.\" \/>\n<meta property=\"og:url\" content=\"https:\/\/www.zhgdled.com\/pt-br\/holofote-da-serie-300w-1000w-galaxy.html\" \/>\n<meta property=\"og:site_name\" content=\"ZHL ILUMINA\u00c7\u00c3O INDUSTRIAL\" \/>\n<meta property=\"article:publisher\" content=\"https:\/\/www.facebook.com\/zhllightinggroup\" \/>\n<meta property=\"article:modified_time\" content=\"2023-12-26T07:01:18+00:00\" \/>\n<meta property=\"og:image\" content=\"https:\/\/www.zhgdled.com\/wp-content\/uploads\/2021\/10\/28-1024x1024.png\" \/>\n\t<meta property=\"og:image:width\" content=\"1024\" \/>\n\t<meta property=\"og:image:height\" content=\"1024\" \/>\n\t<meta property=\"og:image:type\" content=\"image\/png\" \/>\n<meta name=\"twitter:card\" content=\"summary_large_image\" \/>\n<meta name=\"twitter:site\" content=\"@zhl_lighting\" \/>\n<meta name=\"twitter:label1\" content=\"Est. tempo de leitura\" \/>\n\t<meta name=\"twitter:data1\" content=\"1 minuto\" \/>\n<script type=\"application\/ld+json\" class=\"yoast-schema-graph\">{\"@context\":\"https:\\\/\\\/schema.org\",\"@graph\":[{\"@type\":\"WebPage\",\"@id\":\"https:\\\/\\\/www.zhgdled.com\\\/pt-br\\\/holofote-da-serie-300w-1000w-galaxy.html\",\"url\":\"https:\\\/\\\/www.zhgdled.com\\\/pt-br\\\/holofote-da-serie-300w-1000w-galaxy.html\",\"name\":\"holofote modularHolofote modular s\u00e9rie Galaxy 300W-1000W &#8211; ZHL ILUMINA\u00c7\u00c3O INDUSTRIAL\",\"isPartOf\":{\"@id\":\"https:\\\/\\\/www.zhgdled.com\\\/pt-br\\\/#website\"},\"primaryImageOfPage\":{\"@id\":\"https:\\\/\\\/www.zhgdled.com\\\/pt-br\\\/holofote-da-serie-300w-1000w-galaxy.html#primaryimage\"},\"image\":{\"@id\":\"https:\\\/\\\/www.zhgdled.com\\\/pt-br\\\/holofote-da-serie-300w-1000w-galaxy.html#primaryimage\"},\"thumbnailUrl\":\"https:\\\/\\\/www.zhgdled.com\\\/wp-content\\\/uploads\\\/2021\\\/10\\\/28.png\",\"datePublished\":\"2021-10-27T02:02:05+00:00\",\"dateModified\":\"2023-12-26T07:01:18+00:00\",\"description\":\"Apresentado pela ZHL Lighting - fabricante profissional de ilumina\u00e7\u00e3o externa, o holofote de design modular da s\u00e9rie Galaxy \u00e9 adequado para condi\u00e7\u00f5es externas severas, como campos de futebol, parques, pra\u00e7as, oficinas. Os LEDs Samsung integrados, acionados por drivers de energia Sosen (ou meanwell), ligam\\\/desligam a s\u00e9rie Galaxy instantaneamente sem piscar. A efici\u00eancia de 130lm\\\/w garante 60% de economia de energia em compara\u00e7\u00e3o com as tradicionais l\u00e2mpadas de s\u00f3dio ou l\u00e2mpadas de merc\u00fario.\",\"breadcrumb\":{\"@id\":\"https:\\\/\\\/www.zhgdled.com\\\/pt-br\\\/holofote-da-serie-300w-1000w-galaxy.html#breadcrumb\"},\"inLanguage\":\"pt-BR\",\"potentialAction\":[{\"@type\":\"ReadAction\",\"target\":[\"https:\\\/\\\/www.zhgdled.com\\\/pt-br\\\/holofote-da-serie-300w-1000w-galaxy.html\"]}]},{\"@type\":\"ImageObject\",\"inLanguage\":\"pt-BR\",\"@id\":\"https:\\\/\\\/www.zhgdled.com\\\/pt-br\\\/holofote-da-serie-300w-1000w-galaxy.html#primaryimage\",\"url\":\"https:\\\/\\\/www.zhgdled.com\\\/wp-content\\\/uploads\\\/2021\\\/10\\\/28.png\",\"contentUrl\":\"https:\\\/\\\/www.zhgdled.com\\\/wp-content\\\/uploads\\\/2021\\\/10\\\/28.png\",\"width\":1600,\"height\":1600,\"caption\":\"holofote modular s\u00e9rie galaxy\"},{\"@type\":\"BreadcrumbList\",\"@id\":\"https:\\\/\\\/www.zhgdled.com\\\/pt-br\\\/holofote-da-serie-300w-1000w-galaxy.html#breadcrumb\",\"itemListElement\":[{\"@type\":\"ListItem\",\"position\":1,\"name\":\"Home\",\"item\":\"https:\\\/\\\/www.zhgdled.com\\\/pt-br\"},{\"@type\":\"ListItem\",\"position\":2,\"name\":\"PRODUCTS\",\"item\":\"https:\\\/\\\/www.zhgdled.com\\\/zhl-products.html\"},{\"@type\":\"ListItem\",\"position\":3,\"name\":\"Holofote modular s\u00e9rie Galaxy 300W-1000W\"}]},{\"@type\":\"WebSite\",\"@id\":\"https:\\\/\\\/www.zhgdled.com\\\/pt-br\\\/#website\",\"url\":\"https:\\\/\\\/www.zhgdled.com\\\/pt-br\\\/\",\"name\":\"ZHL ILUMINA\u00c7\u00c3O INDUSTRIAL\",\"description\":\"Top ranking industrial lighting manufacturer and exporter\",\"publisher\":{\"@id\":\"https:\\\/\\\/www.zhgdled.com\\\/pt-br\\\/#organization\"},\"potentialAction\":[{\"@type\":\"SearchAction\",\"target\":{\"@type\":\"EntryPoint\",\"urlTemplate\":\"https:\\\/\\\/www.zhgdled.com\\\/pt-br\\\/?s={search_term_string}\"},\"query-input\":{\"@type\":\"PropertyValueSpecification\",\"valueRequired\":true,\"valueName\":\"search_term_string\"}}],\"inLanguage\":\"pt-BR\"},{\"@type\":\"Organization\",\"@id\":\"https:\\\/\\\/www.zhgdled.com\\\/pt-br\\\/#organization\",\"name\":\"ZHL Lighting Group\",\"url\":\"https:\\\/\\\/www.zhgdled.com\\\/pt-br\\\/\",\"logo\":{\"@type\":\"ImageObject\",\"inLanguage\":\"pt-BR\",\"@id\":\"https:\\\/\\\/www.zhgdled.com\\\/pt-br\\\/#\\\/schema\\\/logo\\\/image\\\/\",\"url\":\"\",\"contentUrl\":\"\",\"caption\":\"ZHL Lighting Group\"},\"image\":{\"@id\":\"https:\\\/\\\/www.zhgdled.com\\\/pt-br\\\/#\\\/schema\\\/logo\\\/image\\\/\"},\"sameAs\":[\"https:\\\/\\\/www.facebook.com\\\/zhllightinggroup\",\"https:\\\/\\\/x.com\\\/zhl_lighting\"]}]}<\/script>\n<!-- \/ Yoast SEO plugin. -->","yoast_head_json":{"title":"holofote modularHolofote modular s\u00e9rie Galaxy 300W-1000W &#8211; ZHL ILUMINA\u00c7\u00c3O INDUSTRIAL","description":"Apresentado pela ZHL Lighting - fabricante profissional de ilumina\u00e7\u00e3o externa, o holofote de design modular da s\u00e9rie Galaxy \u00e9 adequado para condi\u00e7\u00f5es externas severas, como campos de futebol, parques, pra\u00e7as, oficinas. Os LEDs Samsung integrados, acionados por drivers de energia Sosen (ou meanwell), ligam\/desligam a s\u00e9rie Galaxy instantaneamente sem piscar. A efici\u00eancia de 130lm\/w garante 60% de economia de energia em compara\u00e7\u00e3o com as tradicionais l\u00e2mpadas de s\u00f3dio ou l\u00e2mpadas de merc\u00fario.","robots":{"index":"index","follow":"follow","max-snippet":"max-snippet:-1","max-image-preview":"max-image-preview:large","max-video-preview":"max-video-preview:-1"},"canonical":"https:\/\/www.zhgdled.com\/pt-br\/holofote-da-serie-300w-1000w-galaxy.html","og_locale":"pt_BR","og_type":"article","og_title":"holofote modularHolofote modular s\u00e9rie Galaxy 300W-1000W &#8211; ZHL ILUMINA\u00c7\u00c3O INDUSTRIAL","og_description":"Apresentado pela ZHL Lighting - fabricante profissional de ilumina\u00e7\u00e3o externa, o holofote de design modular da s\u00e9rie Galaxy \u00e9 adequado para condi\u00e7\u00f5es externas severas, como campos de futebol, parques, pra\u00e7as, oficinas. Os LEDs Samsung integrados, acionados por drivers de energia Sosen (ou meanwell), ligam\/desligam a s\u00e9rie Galaxy instantaneamente sem piscar. A efici\u00eancia de 130lm\/w garante 60% de economia de energia em compara\u00e7\u00e3o com as tradicionais l\u00e2mpadas de s\u00f3dio ou l\u00e2mpadas de merc\u00fario.","og_url":"https:\/\/www.zhgdled.com\/pt-br\/holofote-da-serie-300w-1000w-galaxy.html","og_site_name":"ZHL ILUMINA\u00c7\u00c3O INDUSTRIAL","article_publisher":"https:\/\/www.facebook.com\/zhllightinggroup","article_modified_time":"2023-12-26T07:01:18+00:00","og_image":[{"width":1024,"height":1024,"url":"https:\/\/www.zhgdled.com\/wp-content\/uploads\/2021\/10\/28-1024x1024.png","type":"image\/png"}],"twitter_card":"summary_large_image","twitter_site":"@zhl_lighting","twitter_misc":{"Est. tempo de leitura":"1 minuto"},"schema":{"@context":"https:\/\/schema.org","@graph":[{"@type":"WebPage","@id":"https:\/\/www.zhgdled.com\/pt-br\/holofote-da-serie-300w-1000w-galaxy.html","url":"https:\/\/www.zhgdled.com\/pt-br\/holofote-da-serie-300w-1000w-galaxy.html","name":"holofote modularHolofote modular s\u00e9rie Galaxy 300W-1000W &#8211; ZHL ILUMINA\u00c7\u00c3O INDUSTRIAL","isPartOf":{"@id":"https:\/\/www.zhgdled.com\/pt-br\/#website"},"primaryImageOfPage":{"@id":"https:\/\/www.zhgdled.com\/pt-br\/holofote-da-serie-300w-1000w-galaxy.html#primaryimage"},"image":{"@id":"https:\/\/www.zhgdled.com\/pt-br\/holofote-da-serie-300w-1000w-galaxy.html#primaryimage"},"thumbnailUrl":"https:\/\/www.zhgdled.com\/wp-content\/uploads\/2021\/10\/28.png","datePublished":"2021-10-27T02:02:05+00:00","dateModified":"2023-12-26T07:01:18+00:00","description":"Apresentado pela ZHL Lighting - fabricante profissional de ilumina\u00e7\u00e3o externa, o holofote de design modular da s\u00e9rie Galaxy \u00e9 adequado para condi\u00e7\u00f5es externas severas, como campos de futebol, parques, pra\u00e7as, oficinas. Os LEDs Samsung integrados, acionados por drivers de energia Sosen (ou meanwell), ligam\/desligam a s\u00e9rie Galaxy instantaneamente sem piscar. A efici\u00eancia de 130lm\/w garante 60% de economia de energia em compara\u00e7\u00e3o com as tradicionais l\u00e2mpadas de s\u00f3dio ou l\u00e2mpadas de merc\u00fario.","breadcrumb":{"@id":"https:\/\/www.zhgdled.com\/pt-br\/holofote-da-serie-300w-1000w-galaxy.html#breadcrumb"},"inLanguage":"pt-BR","potentialAction":[{"@type":"ReadAction","target":["https:\/\/www.zhgdled.com\/pt-br\/holofote-da-serie-300w-1000w-galaxy.html"]}]},{"@type":"ImageObject","inLanguage":"pt-BR","@id":"https:\/\/www.zhgdled.com\/pt-br\/holofote-da-serie-300w-1000w-galaxy.html#primaryimage","url":"https:\/\/www.zhgdled.com\/wp-content\/uploads\/2021\/10\/28.png","contentUrl":"https:\/\/www.zhgdled.com\/wp-content\/uploads\/2021\/10\/28.png","width":1600,"height":1600,"caption":"holofote modular s\u00e9rie galaxy"},{"@type":"BreadcrumbList","@id":"https:\/\/www.zhgdled.com\/pt-br\/holofote-da-serie-300w-1000w-galaxy.html#breadcrumb","itemListElement":[{"@type":"ListItem","position":1,"name":"Home","item":"https:\/\/www.zhgdled.com\/pt-br"},{"@type":"ListItem","position":2,"name":"PRODUCTS","item":"https:\/\/www.zhgdled.com\/zhl-products.html"},{"@type":"ListItem","position":3,"name":"Holofote modular s\u00e9rie Galaxy 300W-1000W"}]},{"@type":"WebSite","@id":"https:\/\/www.zhgdled.com\/pt-br\/#website","url":"https:\/\/www.zhgdled.com\/pt-br\/","name":"ZHL ILUMINA\u00c7\u00c3O INDUSTRIAL","description":"Top ranking industrial lighting manufacturer and exporter","publisher":{"@id":"https:\/\/www.zhgdled.com\/pt-br\/#organization"},"potentialAction":[{"@type":"SearchAction","target":{"@type":"EntryPoint","urlTemplate":"https:\/\/www.zhgdled.com\/pt-br\/?s={search_term_string}"},"query-input":{"@type":"PropertyValueSpecification","valueRequired":true,"valueName":"search_term_string"}}],"inLanguage":"pt-BR"},{"@type":"Organization","@id":"https:\/\/www.zhgdled.com\/pt-br\/#organization","name":"ZHL Lighting Group","url":"https:\/\/www.zhgdled.com\/pt-br\/","logo":{"@type":"ImageObject","inLanguage":"pt-BR","@id":"https:\/\/www.zhgdled.com\/pt-br\/#\/schema\/logo\/image\/","url":"","contentUrl":"","caption":"ZHL Lighting Group"},"image":{"@id":"https:\/\/www.zhgdled.com\/pt-br\/#\/schema\/logo\/image\/"},"sameAs":["https:\/\/www.facebook.com\/zhllightinggroup","https:\/\/x.com\/zhl_lighting"]}]}},"_links":{"self":[{"href":"https:\/\/www.zhgdled.com\/pt-br\/wp-json\/wp\/v2\/product\/18810","targetHints":{"allow":["GET"]}}],"collection":[{"href":"https:\/\/www.zhgdled.com\/pt-br\/wp-json\/wp\/v2\/product"}],"about":[{"href":"https:\/\/www.zhgdled.com\/pt-br\/wp-json\/wp\/v2\/types\/product"}],"wp:featuredmedia":[{"embeddable":true,"href":"https:\/\/www.zhgdled.com\/pt-br\/wp-json\/wp\/v2\/media\/17149"}],"wp:attachment":[{"href":"https:\/\/www.zhgdled.com\/pt-br\/wp-json\/wp\/v2\/media?parent=18810"}],"wp:term":[{"taxonomy":"product_brand","embeddable":true,"href":"https:\/\/www.zhgdled.com\/pt-br\/wp-json\/wp\/v2\/product_brand?post=18810"},{"taxonomy":"product_cat","embeddable":true,"href":"https:\/\/www.zhgdled.com\/pt-br\/wp-json\/wp\/v2\/product_cat?post=18810"},{"taxonomy":"product_tag","embeddable":true,"href":"https:\/\/www.zhgdled.com\/pt-br\/wp-json\/wp\/v2\/product_tag?post=18810"}],"curies":[{"name":"wp","href":"https:\/\/api.w.org\/{rel}","templated":true}]}}