{"id":21013,"date":"2023-08-01T14:16:40","date_gmt":"2023-08-01T06:16:40","guid":{"rendered":"https:\/\/www.zhgdled.com\/product\/eagle-series-led-street-lights"},"modified":"2023-12-26T15:18:55","modified_gmt":"2023-12-26T07:18:55","slug":"eagle-series-led-street-lights","status":"publish","type":"product","link":"https:\/\/www.zhgdled.com\/pt-br\/eagle-series-led-street-lights.html","title":{"rendered":"Ilumina\u00e7\u00e3o p\u00fablica LED S\u00c9RIE EAGLE"},"content":{"rendered":"<p>Recursos de luz de rua LED da s\u00e9rie Eagle:<\/p>\n<ul>\n<li>Design bi\u00f4nico, forma \u00fanica e estilo distinto;<\/li>\n<li>Com fun\u00e7\u00e3o de autolimpeza, a casca pode ser limpa com a ajuda do vento e da chuva.<\/li>\n<li>A cavidade da fonte de alimenta\u00e7\u00e3o e a cavidade da fonte de luz s\u00e3o seladas separadamente para aumentar o n\u00edvel de prote\u00e7\u00e3o de toda a l\u00e2mpada;<\/li>\n<li>Adote lente + design \u00f3ptico de vidro temperado de alta transmit\u00e2ncia, lente sem danos causados pela polui\u00e7\u00e3o, distribui\u00e7\u00e3o de luz e estabilidade de brilho; dissipa\u00e7\u00e3o de calor embutida e a combina\u00e7\u00e3o de forma perfeita;<\/li>\n<li>Prote\u00e7\u00e3o contra raios de 10KV, confiabilidade externa \u00e9 mais forte, consistente com a instala\u00e7\u00e3o de postes de luz de 40 ~ 60mm.<\/li>\n<li>Luxuoso e com pre\u00e7os competitivos, \u00e9 uma solu\u00e7\u00e3o econ\u00f4mica para empreiteiros e revendedores.<\/li>\n<\/ul>\n<blockquote><p><a href=\"https:\/\/www.zhgdled.com\/download\/eagle-series-led-street-lights\">Download catalog of EAGLE SERIES LED street light<\/a><\/p><\/blockquote>\n<h2>VEJA AS NORMAS DA IND\u00daSTRIA RE. LUZES SOLARES DE RUA<\/h2>\n<table width=\"720\">\n<tbody>\n<tr>\n<td width=\"284\">UL<\/td>\n<td width=\"284\"><a href=\"https:\/\/www.ul.com\/services\/roadway-lighting\">Importance of roadway lighting testing in the marketplace<\/a><b><\/b><\/td>\n<\/tr>\n<tr>\n<td width=\"284\">CE<\/td>\n<td width=\"284\"><a href=\"https:\/\/ec.europa.eu\/environment\/gpp\/pdf\/criteria\/street_lighting.pdf\">EU GPP Criteria for Street Lighting &amp; Traffic SignalsLVD Directive 2014\/35\/EU<\/a><\/td>\n<\/tr>\n<\/tbody>\n<\/table>\n<p><img decoding=\"async\" class=\"alignnone size-full wp-image-17593\" src=\"https:\/\/www.zhgdled.com\/wp-content\/uploads\/2021\/10\/20221031090902.jpg\" alt=\"\" width=\"1056\" height=\"477\" srcset=\"https:\/\/www.zhgdled.com\/wp-content\/uploads\/2021\/10\/20221031090902.jpg 1056w, https:\/\/www.zhgdled.com\/wp-content\/uploads\/2021\/10\/20221031090902-300x136.jpg 300w, https:\/\/www.zhgdled.com\/wp-content\/uploads\/2021\/10\/20221031090902-1024x463.jpg 1024w, https:\/\/www.zhgdled.com\/wp-content\/uploads\/2021\/10\/20221031090902-768x347.jpg 768w, https:\/\/www.zhgdled.com\/wp-content\/uploads\/2021\/10\/20221031090902-600x271.jpg 600w, https:\/\/www.zhgdled.com\/wp-content\/uploads\/2021\/10\/20221031090902-150x68.jpg 150w\" sizes=\"(max-width: 1056px) 100vw, 1056px\" \/><img decoding=\"async\" class=\"alignnone size-full wp-image-17583\" src=\"https:\/\/www.zhgdled.com\/wp-content\/uploads\/2021\/10\/20221031090940.jpg\" alt=\"\" width=\"1036\" height=\"763\" srcset=\"https:\/\/www.zhgdled.com\/wp-content\/uploads\/2021\/10\/20221031090940.jpg 1036w, https:\/\/www.zhgdled.com\/wp-content\/uploads\/2021\/10\/20221031090940-300x221.jpg 300w, https:\/\/www.zhgdled.com\/wp-content\/uploads\/2021\/10\/20221031090940-1024x754.jpg 1024w, https:\/\/www.zhgdled.com\/wp-content\/uploads\/2021\/10\/20221031090940-768x566.jpg 768w, https:\/\/www.zhgdled.com\/wp-content\/uploads\/2021\/10\/20221031090940-600x442.jpg 600w, https:\/\/www.zhgdled.com\/wp-content\/uploads\/2021\/10\/20221031090940-150x110.jpg 150w\" sizes=\"(max-width: 1036px) 100vw, 1036px\" \/><img decoding=\"async\" class=\"alignnone size-full wp-image-17573\" src=\"https:\/\/www.zhgdled.com\/wp-content\/uploads\/2021\/10\/20221031090957.jpg\" alt=\"\" width=\"962\" height=\"767\" srcset=\"https:\/\/www.zhgdled.com\/wp-content\/uploads\/2021\/10\/20221031090957.jpg 962w, https:\/\/www.zhgdled.com\/wp-content\/uploads\/2021\/10\/20221031090957-300x239.jpg 300w, https:\/\/www.zhgdled.com\/wp-content\/uploads\/2021\/10\/20221031090957-768x612.jpg 768w, https:\/\/www.zhgdled.com\/wp-content\/uploads\/2021\/10\/20221031090957-600x478.jpg 600w, https:\/\/www.zhgdled.com\/wp-content\/uploads\/2021\/10\/20221031090957-150x120.jpg 150w\" sizes=\"(max-width: 962px) 100vw, 962px\" \/><\/p>\n","protected":false},"excerpt":{"rendered":"<ul>\n<li>Design bi\u00f4nico, forma \u00fanica e estilo distinto;<\/li>\n<li>Com fun\u00e7\u00e3o de autolimpeza, a casca pode ser limpa com a ajuda do vento e da chuva.<\/li>\n<li>A cavidade da fonte de alimenta\u00e7\u00e3o e a cavidade da fonte de luz s\u00e3o seladas separadamente para aumentar o n\u00edvel de prote\u00e7\u00e3o de toda a l\u00e2mpada;<\/li>\n<li>Adote lente + design \u00f3ptico de vidro temperado de alta transmit\u00e2ncia, lente sem danos causados pela polui\u00e7\u00e3o, distribui\u00e7\u00e3o de luz e estabilidade de brilho; dissipa\u00e7\u00e3o de calor embutida e a combina\u00e7\u00e3o de forma perfeita;<\/li>\n<li>Prote\u00e7\u00e3o contra raios de 10KV, confiabilidade externa \u00e9 mais forte, consistente com a instala\u00e7\u00e3o de postes de luz de 40 ~ 60mm.<\/li>\n<li>Luxuoso e com pre\u00e7os competitivos, \u00e9 uma solu\u00e7\u00e3o econ\u00f4mica para empreiteiros e revendedores.<\/li>\n<li><\/li>\n<\/ul>\n","protected":false},"featured_media":17161,"template":"","meta":[],"product_brand":[],"product_cat":[648],"product_tag":[649],"class_list":{"0":"post-21013","1":"product","2":"type-product","3":"status-publish","4":"has-post-thumbnail","6":"product_cat-luzes-da-rua","7":"product_tag-luzes-da-rua","9":"first","10":"instock","11":"featured","12":"shipping-taxable","13":"product-type-simple"},"yoast_head":"<!-- This site is optimized with the Yoast SEO plugin v27.4 - https:\/\/yoast.com\/product\/yoast-seo-wordpress\/ -->\n<title>Ilumina\u00e7\u00e3o p\u00fablica LED S\u00c9RIE EAGLE &#8211; ZHL ILUMINA\u00c7\u00c3O INDUSTRIAL<\/title>\n<meta name=\"description\" content=\"A lumin\u00e1ria de rua LED Eagle Series apresenta design bi\u00f4nico, formato \u00fanico e estilo distinto; Com fun\u00e7\u00e3o de autolimpeza, a casca pode ser limpa com a ajuda do vento e da chuva. A cavidade da fonte de alimenta\u00e7\u00e3o e a cavidade da fonte de luz s\u00e3o seladas separadamente para aumentar o n\u00edvel de prote\u00e7\u00e3o de toda a l\u00e2mpada\" \/>\n<meta name=\"robots\" content=\"index, follow, max-snippet:-1, max-image-preview:large, max-video-preview:-1\" \/>\n<link rel=\"canonical\" href=\"https:\/\/www.zhgdled.com\/pt-br\/eagle-series-led-street-lights.html\" \/>\n<meta property=\"og:locale\" content=\"pt_BR\" \/>\n<meta property=\"og:type\" content=\"article\" \/>\n<meta property=\"og:title\" content=\"Ilumina\u00e7\u00e3o p\u00fablica LED S\u00c9RIE EAGLE &#8211; ZHL ILUMINA\u00c7\u00c3O INDUSTRIAL\" \/>\n<meta property=\"og:description\" content=\"A lumin\u00e1ria de rua LED Eagle Series apresenta design bi\u00f4nico, formato \u00fanico e estilo distinto; Com fun\u00e7\u00e3o de autolimpeza, a casca pode ser limpa com a ajuda do vento e da chuva. A cavidade da fonte de alimenta\u00e7\u00e3o e a cavidade da fonte de luz s\u00e3o seladas separadamente para aumentar o n\u00edvel de prote\u00e7\u00e3o de toda a l\u00e2mpada\" \/>\n<meta property=\"og:url\" content=\"https:\/\/www.zhgdled.com\/pt-br\/eagle-series-led-street-lights.html\" \/>\n<meta property=\"og:site_name\" content=\"ZHL ILUMINA\u00c7\u00c3O INDUSTRIAL\" \/>\n<meta property=\"article:publisher\" content=\"https:\/\/www.facebook.com\/zhllightinggroup\" \/>\n<meta property=\"article:modified_time\" content=\"2023-12-26T07:18:55+00:00\" \/>\n<meta property=\"og:image\" content=\"https:\/\/www.zhgdled.com\/wp-content\/uploads\/2021\/10\/35-1.png\" \/>\n\t<meta property=\"og:image:width\" content=\"1600\" \/>\n\t<meta property=\"og:image:height\" content=\"1600\" \/>\n\t<meta property=\"og:image:type\" content=\"image\/png\" \/>\n<meta name=\"twitter:card\" content=\"summary_large_image\" \/>\n<meta name=\"twitter:site\" content=\"@zhl_lighting\" \/>\n<meta name=\"twitter:label1\" content=\"Est. tempo de leitura\" \/>\n\t<meta name=\"twitter:data1\" content=\"2 minutos\" \/>\n<script type=\"application\/ld+json\" class=\"yoast-schema-graph\">{\"@context\":\"https:\\\/\\\/schema.org\",\"@graph\":[{\"@type\":\"WebPage\",\"@id\":\"https:\\\/\\\/www.zhgdled.com\\\/pt-br\\\/eagle-series-led-street-lights.html\",\"url\":\"https:\\\/\\\/www.zhgdled.com\\\/pt-br\\\/eagle-series-led-street-lights.html\",\"name\":\"Ilumina\u00e7\u00e3o p\u00fablica LED S\u00c9RIE EAGLE &#8211; ZHL ILUMINA\u00c7\u00c3O INDUSTRIAL\",\"isPartOf\":{\"@id\":\"https:\\\/\\\/www.zhgdled.com\\\/pt-br\\\/#website\"},\"primaryImageOfPage\":{\"@id\":\"https:\\\/\\\/www.zhgdled.com\\\/pt-br\\\/eagle-series-led-street-lights.html#primaryimage\"},\"image\":{\"@id\":\"https:\\\/\\\/www.zhgdled.com\\\/pt-br\\\/eagle-series-led-street-lights.html#primaryimage\"},\"thumbnailUrl\":\"https:\\\/\\\/www.zhgdled.com\\\/wp-content\\\/uploads\\\/2021\\\/10\\\/35-1.png\",\"datePublished\":\"2023-08-01T06:16:40+00:00\",\"dateModified\":\"2023-12-26T07:18:55+00:00\",\"description\":\"A lumin\u00e1ria de rua LED Eagle Series apresenta design bi\u00f4nico, formato \u00fanico e estilo distinto; Com fun\u00e7\u00e3o de autolimpeza, a casca pode ser limpa com a ajuda do vento e da chuva. A cavidade da fonte de alimenta\u00e7\u00e3o e a cavidade da fonte de luz s\u00e3o seladas separadamente para aumentar o n\u00edvel de prote\u00e7\u00e3o de toda a l\u00e2mpada\",\"breadcrumb\":{\"@id\":\"https:\\\/\\\/www.zhgdled.com\\\/pt-br\\\/eagle-series-led-street-lights.html#breadcrumb\"},\"inLanguage\":\"pt-BR\",\"potentialAction\":[{\"@type\":\"ReadAction\",\"target\":[\"https:\\\/\\\/www.zhgdled.com\\\/pt-br\\\/eagle-series-led-street-lights.html\"]}]},{\"@type\":\"ImageObject\",\"inLanguage\":\"pt-BR\",\"@id\":\"https:\\\/\\\/www.zhgdled.com\\\/pt-br\\\/eagle-series-led-street-lights.html#primaryimage\",\"url\":\"https:\\\/\\\/www.zhgdled.com\\\/wp-content\\\/uploads\\\/2021\\\/10\\\/35-1.png\",\"contentUrl\":\"https:\\\/\\\/www.zhgdled.com\\\/wp-content\\\/uploads\\\/2021\\\/10\\\/35-1.png\",\"width\":1600,\"height\":1600,\"caption\":\"Eagle Series LED street Light\"},{\"@type\":\"BreadcrumbList\",\"@id\":\"https:\\\/\\\/www.zhgdled.com\\\/pt-br\\\/eagle-series-led-street-lights.html#breadcrumb\",\"itemListElement\":[{\"@type\":\"ListItem\",\"position\":1,\"name\":\"Home\",\"item\":\"https:\\\/\\\/www.zhgdled.com\\\/pt-br\"},{\"@type\":\"ListItem\",\"position\":2,\"name\":\"PRODUCTS\",\"item\":\"https:\\\/\\\/www.zhgdled.com\\\/zhl-products.html\"},{\"@type\":\"ListItem\",\"position\":3,\"name\":\"Ilumina\u00e7\u00e3o p\u00fablica LED S\u00c9RIE EAGLE\"}]},{\"@type\":\"WebSite\",\"@id\":\"https:\\\/\\\/www.zhgdled.com\\\/pt-br\\\/#website\",\"url\":\"https:\\\/\\\/www.zhgdled.com\\\/pt-br\\\/\",\"name\":\"ZHL ILUMINA\u00c7\u00c3O INDUSTRIAL\",\"description\":\"Top ranking industrial lighting manufacturer and exporter\",\"publisher\":{\"@id\":\"https:\\\/\\\/www.zhgdled.com\\\/pt-br\\\/#organization\"},\"potentialAction\":[{\"@type\":\"SearchAction\",\"target\":{\"@type\":\"EntryPoint\",\"urlTemplate\":\"https:\\\/\\\/www.zhgdled.com\\\/pt-br\\\/?s={search_term_string}\"},\"query-input\":{\"@type\":\"PropertyValueSpecification\",\"valueRequired\":true,\"valueName\":\"search_term_string\"}}],\"inLanguage\":\"pt-BR\"},{\"@type\":\"Organization\",\"@id\":\"https:\\\/\\\/www.zhgdled.com\\\/pt-br\\\/#organization\",\"name\":\"ZHL Lighting Group\",\"url\":\"https:\\\/\\\/www.zhgdled.com\\\/pt-br\\\/\",\"logo\":{\"@type\":\"ImageObject\",\"inLanguage\":\"pt-BR\",\"@id\":\"https:\\\/\\\/www.zhgdled.com\\\/pt-br\\\/#\\\/schema\\\/logo\\\/image\\\/\",\"url\":\"\",\"contentUrl\":\"\",\"caption\":\"ZHL Lighting Group\"},\"image\":{\"@id\":\"https:\\\/\\\/www.zhgdled.com\\\/pt-br\\\/#\\\/schema\\\/logo\\\/image\\\/\"},\"sameAs\":[\"https:\\\/\\\/www.facebook.com\\\/zhllightinggroup\",\"https:\\\/\\\/x.com\\\/zhl_lighting\"]}]}<\/script>\n<!-- \/ Yoast SEO plugin. -->","yoast_head_json":{"title":"Ilumina\u00e7\u00e3o p\u00fablica LED S\u00c9RIE EAGLE &#8211; ZHL ILUMINA\u00c7\u00c3O INDUSTRIAL","description":"A lumin\u00e1ria de rua LED Eagle Series apresenta design bi\u00f4nico, formato \u00fanico e estilo distinto; Com fun\u00e7\u00e3o de autolimpeza, a casca pode ser limpa com a ajuda do vento e da chuva. A cavidade da fonte de alimenta\u00e7\u00e3o e a cavidade da fonte de luz s\u00e3o seladas separadamente para aumentar o n\u00edvel de prote\u00e7\u00e3o de toda a l\u00e2mpada","robots":{"index":"index","follow":"follow","max-snippet":"max-snippet:-1","max-image-preview":"max-image-preview:large","max-video-preview":"max-video-preview:-1"},"canonical":"https:\/\/www.zhgdled.com\/pt-br\/eagle-series-led-street-lights.html","og_locale":"pt_BR","og_type":"article","og_title":"Ilumina\u00e7\u00e3o p\u00fablica LED S\u00c9RIE EAGLE &#8211; ZHL ILUMINA\u00c7\u00c3O INDUSTRIAL","og_description":"A lumin\u00e1ria de rua LED Eagle Series apresenta design bi\u00f4nico, formato \u00fanico e estilo distinto; Com fun\u00e7\u00e3o de autolimpeza, a casca pode ser limpa com a ajuda do vento e da chuva. A cavidade da fonte de alimenta\u00e7\u00e3o e a cavidade da fonte de luz s\u00e3o seladas separadamente para aumentar o n\u00edvel de prote\u00e7\u00e3o de toda a l\u00e2mpada","og_url":"https:\/\/www.zhgdled.com\/pt-br\/eagle-series-led-street-lights.html","og_site_name":"ZHL ILUMINA\u00c7\u00c3O INDUSTRIAL","article_publisher":"https:\/\/www.facebook.com\/zhllightinggroup","article_modified_time":"2023-12-26T07:18:55+00:00","og_image":[{"width":1600,"height":1600,"url":"https:\/\/www.zhgdled.com\/wp-content\/uploads\/2021\/10\/35-1.png","type":"image\/png"}],"twitter_card":"summary_large_image","twitter_site":"@zhl_lighting","twitter_misc":{"Est. tempo de leitura":"2 minutos"},"schema":{"@context":"https:\/\/schema.org","@graph":[{"@type":"WebPage","@id":"https:\/\/www.zhgdled.com\/pt-br\/eagle-series-led-street-lights.html","url":"https:\/\/www.zhgdled.com\/pt-br\/eagle-series-led-street-lights.html","name":"Ilumina\u00e7\u00e3o p\u00fablica LED S\u00c9RIE EAGLE &#8211; ZHL ILUMINA\u00c7\u00c3O INDUSTRIAL","isPartOf":{"@id":"https:\/\/www.zhgdled.com\/pt-br\/#website"},"primaryImageOfPage":{"@id":"https:\/\/www.zhgdled.com\/pt-br\/eagle-series-led-street-lights.html#primaryimage"},"image":{"@id":"https:\/\/www.zhgdled.com\/pt-br\/eagle-series-led-street-lights.html#primaryimage"},"thumbnailUrl":"https:\/\/www.zhgdled.com\/wp-content\/uploads\/2021\/10\/35-1.png","datePublished":"2023-08-01T06:16:40+00:00","dateModified":"2023-12-26T07:18:55+00:00","description":"A lumin\u00e1ria de rua LED Eagle Series apresenta design bi\u00f4nico, formato \u00fanico e estilo distinto; Com fun\u00e7\u00e3o de autolimpeza, a casca pode ser limpa com a ajuda do vento e da chuva. A cavidade da fonte de alimenta\u00e7\u00e3o e a cavidade da fonte de luz s\u00e3o seladas separadamente para aumentar o n\u00edvel de prote\u00e7\u00e3o de toda a l\u00e2mpada","breadcrumb":{"@id":"https:\/\/www.zhgdled.com\/pt-br\/eagle-series-led-street-lights.html#breadcrumb"},"inLanguage":"pt-BR","potentialAction":[{"@type":"ReadAction","target":["https:\/\/www.zhgdled.com\/pt-br\/eagle-series-led-street-lights.html"]}]},{"@type":"ImageObject","inLanguage":"pt-BR","@id":"https:\/\/www.zhgdled.com\/pt-br\/eagle-series-led-street-lights.html#primaryimage","url":"https:\/\/www.zhgdled.com\/wp-content\/uploads\/2021\/10\/35-1.png","contentUrl":"https:\/\/www.zhgdled.com\/wp-content\/uploads\/2021\/10\/35-1.png","width":1600,"height":1600,"caption":"Eagle Series LED street Light"},{"@type":"BreadcrumbList","@id":"https:\/\/www.zhgdled.com\/pt-br\/eagle-series-led-street-lights.html#breadcrumb","itemListElement":[{"@type":"ListItem","position":1,"name":"Home","item":"https:\/\/www.zhgdled.com\/pt-br"},{"@type":"ListItem","position":2,"name":"PRODUCTS","item":"https:\/\/www.zhgdled.com\/zhl-products.html"},{"@type":"ListItem","position":3,"name":"Ilumina\u00e7\u00e3o p\u00fablica LED S\u00c9RIE EAGLE"}]},{"@type":"WebSite","@id":"https:\/\/www.zhgdled.com\/pt-br\/#website","url":"https:\/\/www.zhgdled.com\/pt-br\/","name":"ZHL ILUMINA\u00c7\u00c3O INDUSTRIAL","description":"Top ranking industrial lighting manufacturer and exporter","publisher":{"@id":"https:\/\/www.zhgdled.com\/pt-br\/#organization"},"potentialAction":[{"@type":"SearchAction","target":{"@type":"EntryPoint","urlTemplate":"https:\/\/www.zhgdled.com\/pt-br\/?s={search_term_string}"},"query-input":{"@type":"PropertyValueSpecification","valueRequired":true,"valueName":"search_term_string"}}],"inLanguage":"pt-BR"},{"@type":"Organization","@id":"https:\/\/www.zhgdled.com\/pt-br\/#organization","name":"ZHL Lighting Group","url":"https:\/\/www.zhgdled.com\/pt-br\/","logo":{"@type":"ImageObject","inLanguage":"pt-BR","@id":"https:\/\/www.zhgdled.com\/pt-br\/#\/schema\/logo\/image\/","url":"","contentUrl":"","caption":"ZHL Lighting Group"},"image":{"@id":"https:\/\/www.zhgdled.com\/pt-br\/#\/schema\/logo\/image\/"},"sameAs":["https:\/\/www.facebook.com\/zhllightinggroup","https:\/\/x.com\/zhl_lighting"]}]}},"_links":{"self":[{"href":"https:\/\/www.zhgdled.com\/pt-br\/wp-json\/wp\/v2\/product\/21013","targetHints":{"allow":["GET"]}}],"collection":[{"href":"https:\/\/www.zhgdled.com\/pt-br\/wp-json\/wp\/v2\/product"}],"about":[{"href":"https:\/\/www.zhgdled.com\/pt-br\/wp-json\/wp\/v2\/types\/product"}],"wp:featuredmedia":[{"embeddable":true,"href":"https:\/\/www.zhgdled.com\/pt-br\/wp-json\/wp\/v2\/media\/17161"}],"wp:attachment":[{"href":"https:\/\/www.zhgdled.com\/pt-br\/wp-json\/wp\/v2\/media?parent=21013"}],"wp:term":[{"taxonomy":"product_brand","embeddable":true,"href":"https:\/\/www.zhgdled.com\/pt-br\/wp-json\/wp\/v2\/product_brand?post=21013"},{"taxonomy":"product_cat","embeddable":true,"href":"https:\/\/www.zhgdled.com\/pt-br\/wp-json\/wp\/v2\/product_cat?post=21013"},{"taxonomy":"product_tag","embeddable":true,"href":"https:\/\/www.zhgdled.com\/pt-br\/wp-json\/wp\/v2\/product_tag?post=21013"}],"curies":[{"name":"wp","href":"https:\/\/api.w.org\/{rel}","templated":true}]}}