{"id":21238,"date":"2023-08-09T08:57:44","date_gmt":"2023-08-09T00:57:44","guid":{"rendered":"https:\/\/www.zhgdled.com\/product\/moon-series-industrial-led-high-bay-light"},"modified":"2023-12-26T15:07:38","modified_gmt":"2023-12-26T07:07:38","slug":"moon-series-industrial-led-high-bay-light","status":"publish","type":"product","link":"https:\/\/www.zhgdled.com\/pt-br\/moon-series-industrial-led-high-bay-light.html","title":{"rendered":"Lumin\u00e1ria de teto alto LED industrial da s\u00e9rie Moon"},"content":{"rendered":"<h2>LED UFO luz de teto alto \u2013 PROJETO PERSONALIZADO PARA USO INDUSTRIAL<\/h2>\n<ul>\n<li>A luz de alto brilho Moon Series UFO atinge excepcionalmente um alto CRI (&gt;80) para restaurar a cor real para lojas, salas de exposi\u00e7\u00f5es, arenas, salas de confer\u00eancias, etc.<\/li>\n<li>Em conformidade com IEC62471 \u2013 A S\u00e9rie Moon nunca gera UV, o que \u00e9 comum em fontes de luz HID tradicionais e fluorescentes. UV em objetos tradicionais de descolora\u00e7\u00e3o de leminare.<\/li>\n<li>O dissipador de calor e outros acess\u00f3rios s\u00e3o revestidos com p\u00f3, o que resulta em maior ades\u00e3o e resist\u00eancia \u00e0 corros\u00e3o em ambientes severos.<\/li>\n<li>Custo efetivo, livre de manuten\u00e7\u00e3o, mais de 50.000 horas de vida \u00fatil.<\/li>\n<\/ul>\n<h4>Especifica\u00e7\u00e3o de download:<\/h4>\n<p><a title=\"https:\/\/www.zhgdled.com\/download\/moon-series-high-bay-light\" href=\"https:\/\/www.zhgdled.com\/download\/moon-series-high-bay-light\">Moon Series UFO High Bay light<\/a><\/p>\n<p>&nbsp;<\/p>\n<h2>Especifica\u00e7\u00e3o<\/h2>\n<table width=\"825\">\n<tbody>\n<tr>\n<td width=\"182\">Pot\u00eancia<\/td>\n<td width=\"178\">100W<\/td>\n<td width=\"163\">150W<\/td>\n<td width=\"243\">200W<\/td>\n<\/tr>\n<tr>\n<td width=\"182\">Dimens\u00e3o<\/td>\n<td width=\"178\">\u03a6206mm * H119mm<\/td>\n<td width=\"163\">\u03a6250mm * H125mm<\/td>\n<td width=\"243\">\u03a6294mm * H141mm<\/td>\n<\/tr>\n<tr>\n<td width=\"182\">Lumen<\/td>\n<td width=\"178\">13500LM<\/td>\n<td width=\"163\">20250LM<\/td>\n<td width=\"243\">27000LM<\/td>\n<\/tr>\n<tr>\n<td width=\"182\">LED<\/td>\n<td colspan=\"3\" width=\"584\">SMD 2835<\/td>\n<\/tr>\n<tr>\n<td width=\"182\">Temperatura da cor CCT)<\/td>\n<td colspan=\"3\" width=\"584\">2700-6500K<\/td>\n<\/tr>\n<tr>\n<td width=\"182\">Efici\u00eancia Luminosa (lm\/w)<\/td>\n<td colspan=\"3\" width=\"584\">135Lm\/w<\/td>\n<\/tr>\n<tr>\n<td width=\"182\">Tens\u00e3o de entrada (V)<\/td>\n<td colspan=\"3\" width=\"584\">AC100-277V\/AC220-240V<\/td>\n<\/tr>\n<tr>\n<td width=\"182\">PF<\/td>\n<td colspan=\"3\" width=\"584\">&gt;0.95<\/td>\n<\/tr>\n<tr>\n<td width=\"182\">CRI (Ra)<\/td>\n<td colspan=\"3\" width=\"584\">&gt;80<\/td>\n<\/tr>\n<tr>\n<td width=\"182\">\u00c2ngulo de Feixe (\u00b0)<\/td>\n<td colspan=\"3\" width=\"584\">60\/90\/120<\/td>\n<\/tr>\n<tr>\n<td width=\"182\">Classe IP<\/td>\n<td colspan=\"3\" width=\"584\">IP65<\/td>\n<\/tr>\n<tr>\n<td width=\"182\">Material<\/td>\n<td colspan=\"3\" width=\"584\">Corpo de alum\u00ednio +\u00a0capa\u00a0do\u00a0PC<\/td>\n<\/tr>\n<tr>\n<td width=\"182\">Temperatura de trabalho (\u2103)<\/td>\n<td colspan=\"3\" width=\"584\">-20-+50<\/td>\n<\/tr>\n<tr>\n<td width=\"182\">Garantia (Ano)<\/td>\n<td colspan=\"3\" width=\"584\">2\/3\/5 Years<\/td>\n<\/tr>\n<tr>\n<td width=\"182\">Certifica\u00e7\u00e3o<\/td>\n<td colspan=\"3\" width=\"584\">CE,\u00a0ERP,\u00a0RoHS, UL, CB<\/td>\n<\/tr>\n<tr>\n<td width=\"182\">Equivalente HID<\/td>\n<td width=\"178\">250W<\/td>\n<td width=\"163\">400W<\/td>\n<td width=\"243\">450W<\/td>\n<\/tr>\n<\/tbody>\n<\/table>\n<p><img decoding=\"async\" class=\"size-full wp-image-21043\" src=\"https:\/\/www.zhgdled.com\/wp-content\/uploads\/2023\/08\/20230809084140.jpg\" alt=\"High bay specification\" width=\"747\" height=\"1032\" srcset=\"https:\/\/www.zhgdled.com\/wp-content\/uploads\/2023\/08\/20230809084140.jpg 747w, https:\/\/www.zhgdled.com\/wp-content\/uploads\/2023\/08\/20230809084140-217x300.jpg 217w, https:\/\/www.zhgdled.com\/wp-content\/uploads\/2023\/08\/20230809084140-741x1024.jpg 741w, https:\/\/www.zhgdled.com\/wp-content\/uploads\/2023\/08\/20230809084140-600x829.jpg 600w, https:\/\/www.zhgdled.com\/wp-content\/uploads\/2023\/08\/20230809084140-150x207.jpg 150w\" sizes=\"(max-width: 747px) 100vw, 747px\" \/><\/p>\n<div id=\"attachment_21053\" style=\"width: 784px\" class=\"wp-caption alignnone\"><img decoding=\"async\" aria-describedby=\"caption-attachment-21053\" class=\"size-full wp-image-21053\" src=\"https:\/\/www.zhgdled.com\/wp-content\/uploads\/2023\/08\/20230809084327.jpg\" alt=\"High bay specification 1\" width=\"774\" height=\"1053\" srcset=\"https:\/\/www.zhgdled.com\/wp-content\/uploads\/2023\/08\/20230809084327.jpg 774w, https:\/\/www.zhgdled.com\/wp-content\/uploads\/2023\/08\/20230809084327-221x300.jpg 221w, https:\/\/www.zhgdled.com\/wp-content\/uploads\/2023\/08\/20230809084327-753x1024.jpg 753w, https:\/\/www.zhgdled.com\/wp-content\/uploads\/2023\/08\/20230809084327-768x1045.jpg 768w, https:\/\/www.zhgdled.com\/wp-content\/uploads\/2023\/08\/20230809084327-600x816.jpg 600w, https:\/\/www.zhgdled.com\/wp-content\/uploads\/2023\/08\/20230809084327-150x204.jpg 150w\" sizes=\"(max-width: 774px) 100vw, 774px\" \/><p id=\"caption-attachment-21053\" class=\"wp-caption-text\">High bay specification 1<\/p><\/div>\n","protected":false},"excerpt":{"rendered":"<p>A luz de teto alto UFO da s\u00e9rie Moon atinge excepcionalmente um CRI alto (&gt;80) para restaurar a cor real para lojas, salas de exibi\u00e7\u00e3o, arenas, salas de confer\u00eancia, etc. fontes de luz fluorescente. UV em objetos tradicionais de descolora\u00e7\u00e3o de leminare.<\/p>\n<p>O dissipador de calor e outros acess\u00f3rios s\u00e3o revestidos com p\u00f3, o que resulta em maior ades\u00e3o e resist\u00eancia \u00e0 corros\u00e3o em ambientes severos.<\/p>\n<p>100 W \/ 150 W \/ 200 W<br \/>\n13.500lm &#8211; 27.000lm<br \/>\n2700K &#8211; 6500K<br \/>\nEfici\u00eancia: 135lm\/w<br \/>\nEntrada: AC100-277V\/AC220-240V<br \/>\nCE,\u00a0ERP,\u00a0RoHS, UL, CB<\/p>\n","protected":false},"featured_media":17158,"template":"","meta":[],"product_brand":[],"product_cat":[646],"product_tag":[647],"class_list":{"0":"post-21238","1":"product","2":"type-product","3":"status-publish","4":"has-post-thumbnail","6":"product_cat-high-bay","7":"product_tag-iluminacao-de-armazem","9":"first","10":"instock","11":"featured","12":"shipping-taxable","13":"product-type-simple"},"yoast_head":"<!-- This site is optimized with the Yoast SEO plugin v27.4 - https:\/\/yoast.com\/product\/yoast-seo-wordpress\/ -->\n<title>Lumin\u00e1ria de teto alto LED industrial da s\u00e9rie Moon &#8211; ZHL ILUMINA\u00c7\u00c3O INDUSTRIAL<\/title>\n<meta name=\"description\" content=\"A luz de teto alto UFO da s\u00e9rie Moon atinge excepcionalmente um CRI alto (&gt;80) para restaurar a cor real para lojas, salas de exibi\u00e7\u00e3o, arenas, salas de confer\u00eancia, etc. fontes de luz fluorescente. UV em objetos tradicionais de descolora\u00e7\u00e3o de leminare.\" \/>\n<meta name=\"robots\" content=\"index, follow, max-snippet:-1, max-image-preview:large, max-video-preview:-1\" \/>\n<link rel=\"canonical\" href=\"https:\/\/www.zhgdled.com\/pt-br\/moon-series-industrial-led-high-bay-light.html\" \/>\n<meta property=\"og:locale\" content=\"pt_BR\" \/>\n<meta property=\"og:type\" content=\"article\" \/>\n<meta property=\"og:title\" content=\"Lumin\u00e1ria de teto alto LED industrial da s\u00e9rie Moon &#8211; ZHL ILUMINA\u00c7\u00c3O INDUSTRIAL\" \/>\n<meta property=\"og:description\" content=\"A luz de teto alto UFO da s\u00e9rie Moon atinge excepcionalmente um CRI alto (&gt;80) para restaurar a cor real para lojas, salas de exibi\u00e7\u00e3o, arenas, salas de confer\u00eancia, etc. fontes de luz fluorescente. UV em objetos tradicionais de descolora\u00e7\u00e3o de leminare.\" \/>\n<meta property=\"og:url\" content=\"https:\/\/www.zhgdled.com\/pt-br\/moon-series-industrial-led-high-bay-light.html\" \/>\n<meta property=\"og:site_name\" content=\"ZHL ILUMINA\u00c7\u00c3O INDUSTRIAL\" \/>\n<meta property=\"article:publisher\" content=\"https:\/\/www.facebook.com\/zhllightinggroup\" \/>\n<meta property=\"article:modified_time\" content=\"2023-12-26T07:07:38+00:00\" \/>\n<meta property=\"og:image\" content=\"https:\/\/www.zhgdled.com\/wp-content\/uploads\/2021\/10\/33.png\" \/>\n\t<meta property=\"og:image:width\" content=\"1600\" \/>\n\t<meta property=\"og:image:height\" content=\"1600\" \/>\n\t<meta property=\"og:image:type\" content=\"image\/png\" \/>\n<meta name=\"twitter:card\" content=\"summary_large_image\" \/>\n<meta name=\"twitter:site\" content=\"@zhl_lighting\" \/>\n<meta name=\"twitter:label1\" content=\"Est. tempo de leitura\" \/>\n\t<meta name=\"twitter:data1\" content=\"2 minutos\" \/>\n<script type=\"application\/ld+json\" class=\"yoast-schema-graph\">{\"@context\":\"https:\\\/\\\/schema.org\",\"@graph\":[{\"@type\":\"WebPage\",\"@id\":\"https:\\\/\\\/www.zhgdled.com\\\/pt-br\\\/moon-series-industrial-led-high-bay-light.html\",\"url\":\"https:\\\/\\\/www.zhgdled.com\\\/pt-br\\\/moon-series-industrial-led-high-bay-light.html\",\"name\":\"Lumin\u00e1ria de teto alto LED industrial da s\u00e9rie Moon &#8211; ZHL ILUMINA\u00c7\u00c3O INDUSTRIAL\",\"isPartOf\":{\"@id\":\"https:\\\/\\\/www.zhgdled.com\\\/pt-br\\\/#website\"},\"primaryImageOfPage\":{\"@id\":\"https:\\\/\\\/www.zhgdled.com\\\/pt-br\\\/moon-series-industrial-led-high-bay-light.html#primaryimage\"},\"image\":{\"@id\":\"https:\\\/\\\/www.zhgdled.com\\\/pt-br\\\/moon-series-industrial-led-high-bay-light.html#primaryimage\"},\"thumbnailUrl\":\"https:\\\/\\\/www.zhgdled.com\\\/wp-content\\\/uploads\\\/2021\\\/10\\\/33.png\",\"datePublished\":\"2023-08-09T00:57:44+00:00\",\"dateModified\":\"2023-12-26T07:07:38+00:00\",\"description\":\"A luz de teto alto UFO da s\u00e9rie Moon atinge excepcionalmente um CRI alto (>80) para restaurar a cor real para lojas, salas de exibi\u00e7\u00e3o, arenas, salas de confer\u00eancia, etc. fontes de luz fluorescente. UV em objetos tradicionais de descolora\u00e7\u00e3o de leminare.\",\"breadcrumb\":{\"@id\":\"https:\\\/\\\/www.zhgdled.com\\\/pt-br\\\/moon-series-industrial-led-high-bay-light.html#breadcrumb\"},\"inLanguage\":\"pt-BR\",\"potentialAction\":[{\"@type\":\"ReadAction\",\"target\":[\"https:\\\/\\\/www.zhgdled.com\\\/pt-br\\\/moon-series-industrial-led-high-bay-light.html\"]}]},{\"@type\":\"ImageObject\",\"inLanguage\":\"pt-BR\",\"@id\":\"https:\\\/\\\/www.zhgdled.com\\\/pt-br\\\/moon-series-industrial-led-high-bay-light.html#primaryimage\",\"url\":\"https:\\\/\\\/www.zhgdled.com\\\/wp-content\\\/uploads\\\/2021\\\/10\\\/33.png\",\"contentUrl\":\"https:\\\/\\\/www.zhgdled.com\\\/wp-content\\\/uploads\\\/2021\\\/10\\\/33.png\",\"width\":1600,\"height\":1600,\"caption\":\"Moon Series High Bay light\"},{\"@type\":\"BreadcrumbList\",\"@id\":\"https:\\\/\\\/www.zhgdled.com\\\/pt-br\\\/moon-series-industrial-led-high-bay-light.html#breadcrumb\",\"itemListElement\":[{\"@type\":\"ListItem\",\"position\":1,\"name\":\"Home\",\"item\":\"https:\\\/\\\/www.zhgdled.com\\\/pt-br\"},{\"@type\":\"ListItem\",\"position\":2,\"name\":\"PRODUCTS\",\"item\":\"https:\\\/\\\/www.zhgdled.com\\\/zhl-products.html\"},{\"@type\":\"ListItem\",\"position\":3,\"name\":\"Lumin\u00e1ria de teto alto LED industrial da s\u00e9rie Moon\"}]},{\"@type\":\"WebSite\",\"@id\":\"https:\\\/\\\/www.zhgdled.com\\\/pt-br\\\/#website\",\"url\":\"https:\\\/\\\/www.zhgdled.com\\\/pt-br\\\/\",\"name\":\"ZHL ILUMINA\u00c7\u00c3O INDUSTRIAL\",\"description\":\"Top ranking industrial lighting manufacturer and exporter\",\"publisher\":{\"@id\":\"https:\\\/\\\/www.zhgdled.com\\\/pt-br\\\/#organization\"},\"potentialAction\":[{\"@type\":\"SearchAction\",\"target\":{\"@type\":\"EntryPoint\",\"urlTemplate\":\"https:\\\/\\\/www.zhgdled.com\\\/pt-br\\\/?s={search_term_string}\"},\"query-input\":{\"@type\":\"PropertyValueSpecification\",\"valueRequired\":true,\"valueName\":\"search_term_string\"}}],\"inLanguage\":\"pt-BR\"},{\"@type\":\"Organization\",\"@id\":\"https:\\\/\\\/www.zhgdled.com\\\/pt-br\\\/#organization\",\"name\":\"ZHL Lighting Group\",\"url\":\"https:\\\/\\\/www.zhgdled.com\\\/pt-br\\\/\",\"logo\":{\"@type\":\"ImageObject\",\"inLanguage\":\"pt-BR\",\"@id\":\"https:\\\/\\\/www.zhgdled.com\\\/pt-br\\\/#\\\/schema\\\/logo\\\/image\\\/\",\"url\":\"\",\"contentUrl\":\"\",\"caption\":\"ZHL Lighting Group\"},\"image\":{\"@id\":\"https:\\\/\\\/www.zhgdled.com\\\/pt-br\\\/#\\\/schema\\\/logo\\\/image\\\/\"},\"sameAs\":[\"https:\\\/\\\/www.facebook.com\\\/zhllightinggroup\",\"https:\\\/\\\/x.com\\\/zhl_lighting\"]}]}<\/script>\n<!-- \/ Yoast SEO plugin. -->","yoast_head_json":{"title":"Lumin\u00e1ria de teto alto LED industrial da s\u00e9rie Moon &#8211; ZHL ILUMINA\u00c7\u00c3O INDUSTRIAL","description":"A luz de teto alto UFO da s\u00e9rie Moon atinge excepcionalmente um CRI alto (>80) para restaurar a cor real para lojas, salas de exibi\u00e7\u00e3o, arenas, salas de confer\u00eancia, etc. fontes de luz fluorescente. UV em objetos tradicionais de descolora\u00e7\u00e3o de leminare.","robots":{"index":"index","follow":"follow","max-snippet":"max-snippet:-1","max-image-preview":"max-image-preview:large","max-video-preview":"max-video-preview:-1"},"canonical":"https:\/\/www.zhgdled.com\/pt-br\/moon-series-industrial-led-high-bay-light.html","og_locale":"pt_BR","og_type":"article","og_title":"Lumin\u00e1ria de teto alto LED industrial da s\u00e9rie Moon &#8211; ZHL ILUMINA\u00c7\u00c3O INDUSTRIAL","og_description":"A luz de teto alto UFO da s\u00e9rie Moon atinge excepcionalmente um CRI alto (>80) para restaurar a cor real para lojas, salas de exibi\u00e7\u00e3o, arenas, salas de confer\u00eancia, etc. fontes de luz fluorescente. UV em objetos tradicionais de descolora\u00e7\u00e3o de leminare.","og_url":"https:\/\/www.zhgdled.com\/pt-br\/moon-series-industrial-led-high-bay-light.html","og_site_name":"ZHL ILUMINA\u00c7\u00c3O INDUSTRIAL","article_publisher":"https:\/\/www.facebook.com\/zhllightinggroup","article_modified_time":"2023-12-26T07:07:38+00:00","og_image":[{"width":1600,"height":1600,"url":"https:\/\/www.zhgdled.com\/wp-content\/uploads\/2021\/10\/33.png","type":"image\/png"}],"twitter_card":"summary_large_image","twitter_site":"@zhl_lighting","twitter_misc":{"Est. tempo de leitura":"2 minutos"},"schema":{"@context":"https:\/\/schema.org","@graph":[{"@type":"WebPage","@id":"https:\/\/www.zhgdled.com\/pt-br\/moon-series-industrial-led-high-bay-light.html","url":"https:\/\/www.zhgdled.com\/pt-br\/moon-series-industrial-led-high-bay-light.html","name":"Lumin\u00e1ria de teto alto LED industrial da s\u00e9rie Moon &#8211; ZHL ILUMINA\u00c7\u00c3O INDUSTRIAL","isPartOf":{"@id":"https:\/\/www.zhgdled.com\/pt-br\/#website"},"primaryImageOfPage":{"@id":"https:\/\/www.zhgdled.com\/pt-br\/moon-series-industrial-led-high-bay-light.html#primaryimage"},"image":{"@id":"https:\/\/www.zhgdled.com\/pt-br\/moon-series-industrial-led-high-bay-light.html#primaryimage"},"thumbnailUrl":"https:\/\/www.zhgdled.com\/wp-content\/uploads\/2021\/10\/33.png","datePublished":"2023-08-09T00:57:44+00:00","dateModified":"2023-12-26T07:07:38+00:00","description":"A luz de teto alto UFO da s\u00e9rie Moon atinge excepcionalmente um CRI alto (>80) para restaurar a cor real para lojas, salas de exibi\u00e7\u00e3o, arenas, salas de confer\u00eancia, etc. fontes de luz fluorescente. UV em objetos tradicionais de descolora\u00e7\u00e3o de leminare.","breadcrumb":{"@id":"https:\/\/www.zhgdled.com\/pt-br\/moon-series-industrial-led-high-bay-light.html#breadcrumb"},"inLanguage":"pt-BR","potentialAction":[{"@type":"ReadAction","target":["https:\/\/www.zhgdled.com\/pt-br\/moon-series-industrial-led-high-bay-light.html"]}]},{"@type":"ImageObject","inLanguage":"pt-BR","@id":"https:\/\/www.zhgdled.com\/pt-br\/moon-series-industrial-led-high-bay-light.html#primaryimage","url":"https:\/\/www.zhgdled.com\/wp-content\/uploads\/2021\/10\/33.png","contentUrl":"https:\/\/www.zhgdled.com\/wp-content\/uploads\/2021\/10\/33.png","width":1600,"height":1600,"caption":"Moon Series High Bay light"},{"@type":"BreadcrumbList","@id":"https:\/\/www.zhgdled.com\/pt-br\/moon-series-industrial-led-high-bay-light.html#breadcrumb","itemListElement":[{"@type":"ListItem","position":1,"name":"Home","item":"https:\/\/www.zhgdled.com\/pt-br"},{"@type":"ListItem","position":2,"name":"PRODUCTS","item":"https:\/\/www.zhgdled.com\/zhl-products.html"},{"@type":"ListItem","position":3,"name":"Lumin\u00e1ria de teto alto LED industrial da s\u00e9rie Moon"}]},{"@type":"WebSite","@id":"https:\/\/www.zhgdled.com\/pt-br\/#website","url":"https:\/\/www.zhgdled.com\/pt-br\/","name":"ZHL ILUMINA\u00c7\u00c3O INDUSTRIAL","description":"Top ranking industrial lighting manufacturer and exporter","publisher":{"@id":"https:\/\/www.zhgdled.com\/pt-br\/#organization"},"potentialAction":[{"@type":"SearchAction","target":{"@type":"EntryPoint","urlTemplate":"https:\/\/www.zhgdled.com\/pt-br\/?s={search_term_string}"},"query-input":{"@type":"PropertyValueSpecification","valueRequired":true,"valueName":"search_term_string"}}],"inLanguage":"pt-BR"},{"@type":"Organization","@id":"https:\/\/www.zhgdled.com\/pt-br\/#organization","name":"ZHL Lighting Group","url":"https:\/\/www.zhgdled.com\/pt-br\/","logo":{"@type":"ImageObject","inLanguage":"pt-BR","@id":"https:\/\/www.zhgdled.com\/pt-br\/#\/schema\/logo\/image\/","url":"","contentUrl":"","caption":"ZHL Lighting Group"},"image":{"@id":"https:\/\/www.zhgdled.com\/pt-br\/#\/schema\/logo\/image\/"},"sameAs":["https:\/\/www.facebook.com\/zhllightinggroup","https:\/\/x.com\/zhl_lighting"]}]}},"_links":{"self":[{"href":"https:\/\/www.zhgdled.com\/pt-br\/wp-json\/wp\/v2\/product\/21238","targetHints":{"allow":["GET"]}}],"collection":[{"href":"https:\/\/www.zhgdled.com\/pt-br\/wp-json\/wp\/v2\/product"}],"about":[{"href":"https:\/\/www.zhgdled.com\/pt-br\/wp-json\/wp\/v2\/types\/product"}],"wp:featuredmedia":[{"embeddable":true,"href":"https:\/\/www.zhgdled.com\/pt-br\/wp-json\/wp\/v2\/media\/17158"}],"wp:attachment":[{"href":"https:\/\/www.zhgdled.com\/pt-br\/wp-json\/wp\/v2\/media?parent=21238"}],"wp:term":[{"taxonomy":"product_brand","embeddable":true,"href":"https:\/\/www.zhgdled.com\/pt-br\/wp-json\/wp\/v2\/product_brand?post=21238"},{"taxonomy":"product_cat","embeddable":true,"href":"https:\/\/www.zhgdled.com\/pt-br\/wp-json\/wp\/v2\/product_cat?post=21238"},{"taxonomy":"product_tag","embeddable":true,"href":"https:\/\/www.zhgdled.com\/pt-br\/wp-json\/wp\/v2\/product_tag?post=21238"}],"curies":[{"name":"wp","href":"https:\/\/api.w.org\/{rel}","templated":true}]}}