{"id":22409,"date":"2023-10-24T07:21:44","date_gmt":"2023-08-27T23:21:44","guid":{"rendered":"https:\/\/www.zhgdled.com\/product\/superb-series-solar-flood-light"},"modified":"2023-12-26T14:46:43","modified_gmt":"2023-12-26T06:46:43","slug":"superb-series-solar-flood-light","status":"publish","type":"product","link":"https:\/\/www.zhgdled.com\/pt-br\/holofote-solar-led-serie-apollo.html","title":{"rendered":"Holofote solar LED S\u00c9RIE APOLLO"},"content":{"rendered":"<h2><img decoding=\"async\" class=\"alignnone size-full wp-image-22363\" src=\"https:\/\/www.zhgdled.com\/wp-content\/uploads\/2023\/08\/20230829110548-1.jpg\" alt=\"\" width=\"1105\" height=\"511\" srcset=\"https:\/\/www.zhgdled.com\/wp-content\/uploads\/2023\/08\/20230829110548-1.jpg 1105w, https:\/\/www.zhgdled.com\/wp-content\/uploads\/2023\/08\/20230829110548-1-300x139.jpg 300w, https:\/\/www.zhgdled.com\/wp-content\/uploads\/2023\/08\/20230829110548-1-1024x474.jpg 1024w, https:\/\/www.zhgdled.com\/wp-content\/uploads\/2023\/08\/20230829110548-1-768x355.jpg 768w, https:\/\/www.zhgdled.com\/wp-content\/uploads\/2023\/08\/20230829110548-1-600x277.jpg 600w, https:\/\/www.zhgdled.com\/wp-content\/uploads\/2023\/08\/20230829110548-1-150x69.jpg 150w\" sizes=\"(max-width: 1105px) 100vw, 1105px\" \/><\/h2>\n<h2>PROJETOR SOLAR S\u00c9RIE APOLLO EXTERIOR RECURSOS DE ALTA EFICI\u00caNCIA LUMINOSA E EXIBI\u00c7\u00c3O DE STATUS DE CARGA<\/h2>\n<ul>\n<li class=\"a-spacing-mini\">Ilumina\u00e7\u00e3o super brilhante: A s\u00e9rie APOLLO apresenta um LED de alta qualidade de at\u00e9 300 W que oferece impressionantes 2.000 l\u00famens de luz branca diurna de 6.500k, iluminando uma \u00e1rea de mais de 250 metros quadrados, tornando-a ideal para grandes espa\u00e7os ao ar livre.<\/li>\n<li class=\"a-spacing-mini\">Econ\u00f4mico e ecol\u00f3gico: sem custo de eletricidade, este holofote solar \u00e9 totalmente alimentado pelo sol e fornece instala\u00e7\u00e3o sem fio, ajudando voc\u00ea a economizar custos de energia e ao mesmo tempo reduzir sua pegada de carbono.<\/li>\n<li class=\"a-spacing-mini\">eito de liga de alum\u00ednio e vidro temperado, o holofote solar da s\u00e9rie APOLLO para exterior \u00e9 dur\u00e1vel para uso. Os holofotes solares externos s\u00e3o equipados com pain\u00e9is solares fotovoltaicos de 5V 12watts, 256 contas de LED com lentes \u00f3pticas e luzes brancas de 6500K podem iluminar a grande \u00e1rea aberta. Um controle remoto est\u00e1 inclu\u00eddo para controlar o brilho e ligar\/desligar.<\/li>\n<\/ul>\n<h2>O holofote solar universal de alta pot\u00eancia de n\u00edvel comercial oferece ilumina\u00e7\u00e3o brilhante e confi\u00e1vel de longa dura\u00e7\u00e3o e \u00e9 ideal para manter ilumina\u00e7\u00e3o casual ou de emerg\u00eancia em torno de instala\u00e7\u00f5es residenciais e comerciais.<\/h2>\n<ul>\n<li>A aplica\u00e7\u00e3o residencial inclui casa, garagem, jardim, varandas, p\u00e1tios, varandas e corredores laterais e de quintal, entrada de autom\u00f3veis, escadas, entrada, caminho, cerca, etc.<\/li>\n<li>A aplica\u00e7\u00e3o comercial n\u00e3o se limita a instala\u00e7\u00f5es industriais e comerciais, incluindo armaz\u00e9ns, estacionamentos, caf\u00e9s, hot\u00e9is, minas de carv\u00e3o e min\u00e9rio de ferro, campos agr\u00edcolas, locais de constru\u00e7\u00e3o e edif\u00edcios, obras rodovi\u00e1rias, etc.<\/li>\n<li>Aplic\u00e1vel para iluminar \u00e1reas p\u00fablicas, incluindo parques, estacionamentos, estradas, ruas, caminhos, parques infantis, etc.<\/li>\n<\/ul>\n<h2>Principais caracter\u00edsticas<\/h2>\n<p>1. V\u00e1rios \u00e2ngulos de feixe dispon\u00edveis: 30\u00b0\/60\u00b0\/90\u00b0\/120\u00b0\/ 60\u00b0*145\u00b0 (T2-M)<br \/>\n2. Componentes principais rapidamente substitu\u00edveis: Bateria, PCBA, Lente<br \/>\n3. Controle de luz + controle de tempo + fun\u00e7\u00e3o autom\u00e1tica de economia de energia<br \/>\n4. O display pode mostrar a taxa de carregamento em tempo real<br \/>\n5. 13 horas de ilumina\u00e7\u00e3o cont\u00ednua, 1-2 dias chuvosos<br \/>\n6. Dissipador de calor de fundi\u00e7\u00e3o robusto, lente + vidro temperado de dupla camada anti-UV e design \u00e0 prova d&#8217;\u00e1gua.<\/p>\n<blockquote><p>&nbsp;<\/p><\/blockquote>\n<h2>ESPECIFICA\u00c7\u00c3O<\/h2>\n<table width=\"768\">\n<tbody>\n<tr>\n<td width=\"164\">Pot\u00eancia<\/td>\n<td width=\"214\">50W 100W 200W 300W<\/td>\n<td width=\"145\"><\/td>\n<\/tr>\n<tr>\n<td width=\"164\">Fluxo luminoso<\/td>\n<td width=\"214\">600lm, 960lm, 1560lm, 2040lm<\/td>\n<td width=\"145\"><\/td>\n<\/tr>\n<tr>\n<td width=\"164\">Chips LED<\/td>\n<td colspan=\"2\" width=\"360\">Osram 2835<\/td>\n<\/tr>\n<tr>\n<td width=\"164\">Temperatura de cor (CCT)<\/td>\n<td colspan=\"2\" width=\"360\">2700-3200K 4000-4500K 6000-7000K<\/td>\n<\/tr>\n<tr>\n<td width=\"164\">IRC<\/td>\n<td colspan=\"2\" width=\"360\">\u226580<\/td>\n<\/tr>\n<tr>\n<td width=\"164\">\u00c1rea de Ilumina\u00e7\u00e3o<\/td>\n<td colspan=\"2\" width=\"360\">30\u33a1-250\u33a1<\/td>\n<\/tr>\n<tr>\n<td width=\"164\">Painel solar<\/td>\n<td colspan=\"2\" width=\"360\">Polysilicon 6V\/6W-80W<\/td>\n<\/tr>\n<tr>\n<td width=\"164\">Bateria<\/td>\n<td colspan=\"2\" width=\"360\">32700 Lithium iron phosphate battery 5AH-25AH\/3.7V<\/td>\n<\/tr>\n<\/tbody>\n<\/table>\n<p><a href=\"https:\/\/solartown.com\/learning\/solar-lights-and-garden\/usage-tips-for-outdoor-solar-lights\/\" target=\"_blank\" rel=\"nofollow noopener\">Usage tips for outdoor solar lights &gt;&gt;<\/a><\/p>\n<p>&nbsp;<\/p>\n<p><img decoding=\"async\" class=\"alignnone size-full wp-image-22318\" src=\"https:\/\/www.zhgdled.com\/wp-content\/uploads\/2023\/08\/20230829110352.png\" alt=\"\" width=\"1305\" height=\"247\" srcset=\"https:\/\/www.zhgdled.com\/wp-content\/uploads\/2023\/08\/20230829110352.png 1305w, https:\/\/www.zhgdled.com\/wp-content\/uploads\/2023\/08\/20230829110352-300x57.png 300w, https:\/\/www.zhgdled.com\/wp-content\/uploads\/2023\/08\/20230829110352-1024x194.png 1024w, https:\/\/www.zhgdled.com\/wp-content\/uploads\/2023\/08\/20230829110352-768x145.png 768w, https:\/\/www.zhgdled.com\/wp-content\/uploads\/2023\/08\/20230829110352-600x114.png 600w, https:\/\/www.zhgdled.com\/wp-content\/uploads\/2023\/08\/20230829110352-150x28.png 150w\" sizes=\"(max-width: 1305px) 100vw, 1305px\" \/><\/p>\n","protected":false},"excerpt":{"rendered":"<p>A s\u00e9rie APOLLO apresenta um LED de alta qualidade de at\u00e9 300 W que fornece impressionantes 2.000 l\u00famens de luz branca diurna de 6.500k, iluminando uma \u00e1rea de mais de 250 metros quadrados, tornando-a ideal para grandes espa\u00e7os ao ar livre. Econ\u00f4mico e ecol\u00f3gico: sem custo de eletricidade, este holofote solar \u00e9 totalmente alimentado pelo sol e fornece instala\u00e7\u00e3o sem fio, ajudando voc\u00ea a economizar custos de energia e ao mesmo tempo reduzir sua pegada de carbono. Feito de liga de alum\u00ednio e vidro temperado, o holofote solar da s\u00e9rie APOLLO para exterior \u00e9 dur\u00e1vel para uso. Os holofotes solares externos s\u00e3o equipados com pain\u00e9is solares fotovoltaicos de 5 V 12 watts, 256 contas de LED com lente \u00f3ptica e luzes brancas de 6.500 K podem iluminar a \u00e1rea em at\u00e9 3.600 l\u00famens.<\/p>\n<p>&nbsp;<\/p>\n<p>50W\/100W\/200W\/300W<br \/>\n600lm &#8211; 2040lm<br \/>\nOsram 2835<br \/>\nCCT: 2700-3200K 4000-4500K 6000-7000K<br \/>\n\u00c1rea de ilumina\u00e7\u00e3o: 30\u33a1-250\u33a1<\/p>\n","protected":false},"featured_media":24256,"template":"","meta":[],"product_brand":[],"product_cat":[644],"product_tag":[497],"class_list":{"0":"post-22409","1":"product","2":"type-product","3":"status-publish","4":"has-post-thumbnail","6":"product_cat-holofotes-solares","7":"product_tag-led-solar-flood-light-pt-br","9":"first","10":"instock","11":"featured","12":"shipping-taxable","13":"product-type-simple"},"yoast_head":"<!-- This site is optimized with the Yoast SEO plugin v27.4 - https:\/\/yoast.com\/product\/yoast-seo-wordpress\/ -->\n<title>SOLAR FLOOD LIGHT OUTDOOR &#8211; ZHL ILUMINA\u00c7\u00c3O INDUSTRIAL<\/title>\n<meta name=\"description\" content=\"O holofote solar para exterior da s\u00e9rie APOLLO apresenta um LED de alta qualidade de at\u00e9 300 W que fornece impressionantes 3600 lumens de luz branca diurna de 6500k, iluminando uma \u00e1rea de mais de 250 metros quadrados, tornando-o ideal para grandes espa\u00e7os ao ar livre.\" \/>\n<meta name=\"robots\" content=\"index, follow, max-snippet:-1, max-image-preview:large, max-video-preview:-1\" \/>\n<link rel=\"canonical\" href=\"https:\/\/www.zhgdled.com\/pt-br\/holofote-solar-led-serie-apollo.html\" \/>\n<meta property=\"og:locale\" content=\"pt_BR\" \/>\n<meta property=\"og:type\" content=\"article\" \/>\n<meta property=\"og:title\" content=\"SOLAR FLOOD LIGHT OUTDOOR &#8211; ZHL ILUMINA\u00c7\u00c3O INDUSTRIAL\" \/>\n<meta property=\"og:description\" content=\"O holofote solar para exterior da s\u00e9rie APOLLO apresenta um LED de alta qualidade de at\u00e9 300 W que fornece impressionantes 3600 lumens de luz branca diurna de 6500k, iluminando uma \u00e1rea de mais de 250 metros quadrados, tornando-o ideal para grandes espa\u00e7os ao ar livre.\" \/>\n<meta property=\"og:url\" content=\"https:\/\/www.zhgdled.com\/pt-br\/holofote-solar-led-serie-apollo.html\" \/>\n<meta property=\"og:site_name\" content=\"ZHL ILUMINA\u00c7\u00c3O INDUSTRIAL\" \/>\n<meta property=\"article:publisher\" content=\"https:\/\/www.facebook.com\/zhllightinggroup\" \/>\n<meta property=\"article:modified_time\" content=\"2023-12-26T06:46:43+00:00\" \/>\n<meta property=\"og:image\" content=\"https:\/\/www.zhgdled.com\/wp-content\/uploads\/2023\/08\/20230829092856_1.jpg\" \/>\n\t<meta property=\"og:image:width\" content=\"1600\" \/>\n\t<meta property=\"og:image:height\" content=\"1600\" \/>\n\t<meta property=\"og:image:type\" content=\"image\/jpeg\" \/>\n<meta name=\"twitter:card\" content=\"summary_large_image\" \/>\n<meta name=\"twitter:site\" content=\"@zhl_lighting\" \/>\n<meta name=\"twitter:label1\" content=\"Est. tempo de leitura\" \/>\n\t<meta name=\"twitter:data1\" content=\"3 minutos\" \/>\n<script type=\"application\/ld+json\" class=\"yoast-schema-graph\">{\"@context\":\"https:\\\/\\\/schema.org\",\"@graph\":[{\"@type\":\"WebPage\",\"@id\":\"https:\\\/\\\/www.zhgdled.com\\\/pt-br\\\/holofote-solar-led-serie-apollo.html\",\"url\":\"https:\\\/\\\/www.zhgdled.com\\\/pt-br\\\/holofote-solar-led-serie-apollo.html\",\"name\":\"SOLAR FLOOD LIGHT OUTDOOR &#8211; ZHL ILUMINA\u00c7\u00c3O INDUSTRIAL\",\"isPartOf\":{\"@id\":\"https:\\\/\\\/www.zhgdled.com\\\/pt-br\\\/#website\"},\"primaryImageOfPage\":{\"@id\":\"https:\\\/\\\/www.zhgdled.com\\\/pt-br\\\/holofote-solar-led-serie-apollo.html#primaryimage\"},\"image\":{\"@id\":\"https:\\\/\\\/www.zhgdled.com\\\/pt-br\\\/holofote-solar-led-serie-apollo.html#primaryimage\"},\"thumbnailUrl\":\"https:\\\/\\\/www.zhgdled.com\\\/wp-content\\\/uploads\\\/2023\\\/10\\\/01.jpg\",\"datePublished\":\"2023-08-27T23:21:44+00:00\",\"dateModified\":\"2023-12-26T06:46:43+00:00\",\"description\":\"O holofote solar para exterior da s\u00e9rie APOLLO apresenta um LED de alta qualidade de at\u00e9 300 W que fornece impressionantes 3600 lumens de luz branca diurna de 6500k, iluminando uma \u00e1rea de mais de 250 metros quadrados, tornando-o ideal para grandes espa\u00e7os ao ar livre.\",\"breadcrumb\":{\"@id\":\"https:\\\/\\\/www.zhgdled.com\\\/pt-br\\\/holofote-solar-led-serie-apollo.html#breadcrumb\"},\"inLanguage\":\"pt-BR\",\"potentialAction\":[{\"@type\":\"ReadAction\",\"target\":[\"https:\\\/\\\/www.zhgdled.com\\\/pt-br\\\/holofote-solar-led-serie-apollo.html\"]}]},{\"@type\":\"ImageObject\",\"inLanguage\":\"pt-BR\",\"@id\":\"https:\\\/\\\/www.zhgdled.com\\\/pt-br\\\/holofote-solar-led-serie-apollo.html#primaryimage\",\"url\":\"https:\\\/\\\/www.zhgdled.com\\\/wp-content\\\/uploads\\\/2023\\\/10\\\/01.jpg\",\"contentUrl\":\"https:\\\/\\\/www.zhgdled.com\\\/wp-content\\\/uploads\\\/2023\\\/10\\\/01.jpg\",\"width\":1600,\"height\":1600,\"caption\":\"solar floodlight\"},{\"@type\":\"BreadcrumbList\",\"@id\":\"https:\\\/\\\/www.zhgdled.com\\\/pt-br\\\/holofote-solar-led-serie-apollo.html#breadcrumb\",\"itemListElement\":[{\"@type\":\"ListItem\",\"position\":1,\"name\":\"Home\",\"item\":\"https:\\\/\\\/www.zhgdled.com\\\/pt-br\"},{\"@type\":\"ListItem\",\"position\":2,\"name\":\"PRODUCTS\",\"item\":\"https:\\\/\\\/www.zhgdled.com\\\/zhl-products.html\"},{\"@type\":\"ListItem\",\"position\":3,\"name\":\"Holofote solar LED S\u00c9RIE APOLLO\"}]},{\"@type\":\"WebSite\",\"@id\":\"https:\\\/\\\/www.zhgdled.com\\\/pt-br\\\/#website\",\"url\":\"https:\\\/\\\/www.zhgdled.com\\\/pt-br\\\/\",\"name\":\"ZHL ILUMINA\u00c7\u00c3O INDUSTRIAL\",\"description\":\"Top ranking industrial lighting manufacturer and exporter\",\"publisher\":{\"@id\":\"https:\\\/\\\/www.zhgdled.com\\\/pt-br\\\/#organization\"},\"potentialAction\":[{\"@type\":\"SearchAction\",\"target\":{\"@type\":\"EntryPoint\",\"urlTemplate\":\"https:\\\/\\\/www.zhgdled.com\\\/pt-br\\\/?s={search_term_string}\"},\"query-input\":{\"@type\":\"PropertyValueSpecification\",\"valueRequired\":true,\"valueName\":\"search_term_string\"}}],\"inLanguage\":\"pt-BR\"},{\"@type\":\"Organization\",\"@id\":\"https:\\\/\\\/www.zhgdled.com\\\/pt-br\\\/#organization\",\"name\":\"ZHL Lighting Group\",\"url\":\"https:\\\/\\\/www.zhgdled.com\\\/pt-br\\\/\",\"logo\":{\"@type\":\"ImageObject\",\"inLanguage\":\"pt-BR\",\"@id\":\"https:\\\/\\\/www.zhgdled.com\\\/pt-br\\\/#\\\/schema\\\/logo\\\/image\\\/\",\"url\":\"\",\"contentUrl\":\"\",\"caption\":\"ZHL Lighting Group\"},\"image\":{\"@id\":\"https:\\\/\\\/www.zhgdled.com\\\/pt-br\\\/#\\\/schema\\\/logo\\\/image\\\/\"},\"sameAs\":[\"https:\\\/\\\/www.facebook.com\\\/zhllightinggroup\",\"https:\\\/\\\/x.com\\\/zhl_lighting\"]}]}<\/script>\n<!-- \/ Yoast SEO plugin. -->","yoast_head_json":{"title":"SOLAR FLOOD LIGHT OUTDOOR &#8211; ZHL ILUMINA\u00c7\u00c3O INDUSTRIAL","description":"O holofote solar para exterior da s\u00e9rie APOLLO apresenta um LED de alta qualidade de at\u00e9 300 W que fornece impressionantes 3600 lumens de luz branca diurna de 6500k, iluminando uma \u00e1rea de mais de 250 metros quadrados, tornando-o ideal para grandes espa\u00e7os ao ar livre.","robots":{"index":"index","follow":"follow","max-snippet":"max-snippet:-1","max-image-preview":"max-image-preview:large","max-video-preview":"max-video-preview:-1"},"canonical":"https:\/\/www.zhgdled.com\/pt-br\/holofote-solar-led-serie-apollo.html","og_locale":"pt_BR","og_type":"article","og_title":"SOLAR FLOOD LIGHT OUTDOOR &#8211; ZHL ILUMINA\u00c7\u00c3O INDUSTRIAL","og_description":"O holofote solar para exterior da s\u00e9rie APOLLO apresenta um LED de alta qualidade de at\u00e9 300 W que fornece impressionantes 3600 lumens de luz branca diurna de 6500k, iluminando uma \u00e1rea de mais de 250 metros quadrados, tornando-o ideal para grandes espa\u00e7os ao ar livre.","og_url":"https:\/\/www.zhgdled.com\/pt-br\/holofote-solar-led-serie-apollo.html","og_site_name":"ZHL ILUMINA\u00c7\u00c3O INDUSTRIAL","article_publisher":"https:\/\/www.facebook.com\/zhllightinggroup","article_modified_time":"2023-12-26T06:46:43+00:00","og_image":[{"width":1600,"height":1600,"url":"https:\/\/www.zhgdled.com\/wp-content\/uploads\/2023\/08\/20230829092856_1.jpg","type":"image\/jpeg"}],"twitter_card":"summary_large_image","twitter_site":"@zhl_lighting","twitter_misc":{"Est. tempo de leitura":"3 minutos"},"schema":{"@context":"https:\/\/schema.org","@graph":[{"@type":"WebPage","@id":"https:\/\/www.zhgdled.com\/pt-br\/holofote-solar-led-serie-apollo.html","url":"https:\/\/www.zhgdled.com\/pt-br\/holofote-solar-led-serie-apollo.html","name":"SOLAR FLOOD LIGHT OUTDOOR &#8211; ZHL ILUMINA\u00c7\u00c3O INDUSTRIAL","isPartOf":{"@id":"https:\/\/www.zhgdled.com\/pt-br\/#website"},"primaryImageOfPage":{"@id":"https:\/\/www.zhgdled.com\/pt-br\/holofote-solar-led-serie-apollo.html#primaryimage"},"image":{"@id":"https:\/\/www.zhgdled.com\/pt-br\/holofote-solar-led-serie-apollo.html#primaryimage"},"thumbnailUrl":"https:\/\/www.zhgdled.com\/wp-content\/uploads\/2023\/10\/01.jpg","datePublished":"2023-08-27T23:21:44+00:00","dateModified":"2023-12-26T06:46:43+00:00","description":"O holofote solar para exterior da s\u00e9rie APOLLO apresenta um LED de alta qualidade de at\u00e9 300 W que fornece impressionantes 3600 lumens de luz branca diurna de 6500k, iluminando uma \u00e1rea de mais de 250 metros quadrados, tornando-o ideal para grandes espa\u00e7os ao ar livre.","breadcrumb":{"@id":"https:\/\/www.zhgdled.com\/pt-br\/holofote-solar-led-serie-apollo.html#breadcrumb"},"inLanguage":"pt-BR","potentialAction":[{"@type":"ReadAction","target":["https:\/\/www.zhgdled.com\/pt-br\/holofote-solar-led-serie-apollo.html"]}]},{"@type":"ImageObject","inLanguage":"pt-BR","@id":"https:\/\/www.zhgdled.com\/pt-br\/holofote-solar-led-serie-apollo.html#primaryimage","url":"https:\/\/www.zhgdled.com\/wp-content\/uploads\/2023\/10\/01.jpg","contentUrl":"https:\/\/www.zhgdled.com\/wp-content\/uploads\/2023\/10\/01.jpg","width":1600,"height":1600,"caption":"solar floodlight"},{"@type":"BreadcrumbList","@id":"https:\/\/www.zhgdled.com\/pt-br\/holofote-solar-led-serie-apollo.html#breadcrumb","itemListElement":[{"@type":"ListItem","position":1,"name":"Home","item":"https:\/\/www.zhgdled.com\/pt-br"},{"@type":"ListItem","position":2,"name":"PRODUCTS","item":"https:\/\/www.zhgdled.com\/zhl-products.html"},{"@type":"ListItem","position":3,"name":"Holofote solar LED S\u00c9RIE APOLLO"}]},{"@type":"WebSite","@id":"https:\/\/www.zhgdled.com\/pt-br\/#website","url":"https:\/\/www.zhgdled.com\/pt-br\/","name":"ZHL ILUMINA\u00c7\u00c3O INDUSTRIAL","description":"Top ranking industrial lighting manufacturer and exporter","publisher":{"@id":"https:\/\/www.zhgdled.com\/pt-br\/#organization"},"potentialAction":[{"@type":"SearchAction","target":{"@type":"EntryPoint","urlTemplate":"https:\/\/www.zhgdled.com\/pt-br\/?s={search_term_string}"},"query-input":{"@type":"PropertyValueSpecification","valueRequired":true,"valueName":"search_term_string"}}],"inLanguage":"pt-BR"},{"@type":"Organization","@id":"https:\/\/www.zhgdled.com\/pt-br\/#organization","name":"ZHL Lighting Group","url":"https:\/\/www.zhgdled.com\/pt-br\/","logo":{"@type":"ImageObject","inLanguage":"pt-BR","@id":"https:\/\/www.zhgdled.com\/pt-br\/#\/schema\/logo\/image\/","url":"","contentUrl":"","caption":"ZHL Lighting Group"},"image":{"@id":"https:\/\/www.zhgdled.com\/pt-br\/#\/schema\/logo\/image\/"},"sameAs":["https:\/\/www.facebook.com\/zhllightinggroup","https:\/\/x.com\/zhl_lighting"]}]}},"_links":{"self":[{"href":"https:\/\/www.zhgdled.com\/pt-br\/wp-json\/wp\/v2\/product\/22409","targetHints":{"allow":["GET"]}}],"collection":[{"href":"https:\/\/www.zhgdled.com\/pt-br\/wp-json\/wp\/v2\/product"}],"about":[{"href":"https:\/\/www.zhgdled.com\/pt-br\/wp-json\/wp\/v2\/types\/product"}],"wp:featuredmedia":[{"embeddable":true,"href":"https:\/\/www.zhgdled.com\/pt-br\/wp-json\/wp\/v2\/media\/24256"}],"wp:attachment":[{"href":"https:\/\/www.zhgdled.com\/pt-br\/wp-json\/wp\/v2\/media?parent=22409"}],"wp:term":[{"taxonomy":"product_brand","embeddable":true,"href":"https:\/\/www.zhgdled.com\/pt-br\/wp-json\/wp\/v2\/product_brand?post=22409"},{"taxonomy":"product_cat","embeddable":true,"href":"https:\/\/www.zhgdled.com\/pt-br\/wp-json\/wp\/v2\/product_cat?post=22409"},{"taxonomy":"product_tag","embeddable":true,"href":"https:\/\/www.zhgdled.com\/pt-br\/wp-json\/wp\/v2\/product_tag?post=22409"}],"curies":[{"name":"wp","href":"https:\/\/api.w.org\/{rel}","templated":true}]}}