{"id":22692,"date":"2024-03-23T14:03:04","date_gmt":"2023-09-05T06:03:04","guid":{"rendered":"https:\/\/www.zhgdled.com\/product\/led-solar-garden-post-top-lights"},"modified":"2023-09-14T14:25:58","modified_gmt":"2023-09-14T06:25:58","slug":"led-solar-garden-post-top-lights","status":"publish","type":"product","link":"https:\/\/www.zhgdled.com\/pt-br\/led-solar-garden-post-top-lights.html","title":{"rendered":"Luzes LED solares superiores para postes de jardim"},"content":{"rendered":"<blockquote>\n<h2>D\u00ea um passo adiante na ilumina\u00e7\u00e3o solar externa com controle inteligente!<\/h2>\n<\/blockquote>\n<table style=\"border-collapse: collapse; width: 955px; height: 351px;\" border=\"0\" width=\"177\" cellspacing=\"0\" cellpadding=\"0\">\n<tbody>\n<tr style=\"height: 23.10pt;\">\n<td class=\"et4\" style=\"height: 23.10pt; width: 79.40pt;\" align=\"right\" width=\"105\" height=\"30\">\n<h2 style=\"text-align: left;\">Destaques<\/h2>\n<ul style=\"text-align: left;\">\n<li>Carca\u00e7a de alum\u00ednio fundido resistente \u00e0 corros\u00e3o<\/li>\n<li>Um novo painel solar de sil\u00edcio policristalino est\u00e1 embutido no corpo da l\u00e2mpada \u00e0 prova d&#8217;\u00e1gua.<\/li>\n<li>IRC de 80+<br \/>\nTemperatura de cor 2700K &#8211; 65000K<\/li>\n<li>UL e CUL listados para locais \u00famidos<\/li>\n<li>50-80% de economia de energia<\/li>\n<li>Garantia de 5 anos<\/li>\n<li>Sensores e controle remoto dispon\u00edveis.<\/li>\n<\/ul>\n<\/td>\n<td style=\"width: 54pt; text-align: left;\" align=\"right\" width=\"72\">\n<h2>Concha<\/h2>\n<ul>\n<li>Carca\u00e7a fundida para servi\u00e7o pesado com dissipador de calor integrado<\/li>\n<li>Resistente a UV, multicamadas, cor arquitet\u00f4nica, acabamento em p\u00f3 de bronze<\/li>\n<li>Fotoc\u00e9lula adapt\u00e1vel<\/li>\n<li>Parte superior remov\u00edvel para montagem em poste para f\u00e1cil acesso aos fios<\/li>\n<li>Lente de policarbonato UV moldada por inje\u00e7\u00e3o<\/li>\n<li>Slipfits em postes ou espigas de 2-3\/8&#8243;<\/li>\n<\/ul>\n<\/td>\n<\/tr>\n<\/tbody>\n<\/table>\n<div class=\"J_module\">\n<div class=\"grid__item one-third tab-one-half palm-one-whole\"><\/div>\n<\/div>\n<table style=\"height: 894px;\" width=\"949\">\n<tbody>\n<tr>\n<td width=\"284\">\n<h3>ESPECIFICA\u00c7\u00d5ES T\u00c9CNICAS<\/h3>\n<ul>\n<li id=\"ali-anchor-AliMagic-s5qei7\" class=\"magic-0\" data-section=\"AliMagic-s5qei7\" data-section-title=\"Product Description\" data-spm-anchor-id=\"a2700.details.0.i20.2d8a1a34X1y9Gb\">Certificado IP 66, CE ERC ETL CB.<\/li>\n<li class=\"magic-0\" data-section=\"AliMagic-s5qei7\" data-section-title=\"Product Description\" data-spm-anchor-id=\"a2700.details.0.i20.2d8a1a34X1y9Gb\">Pot\u00eancia: 20W<\/li>\n<li class=\"magic-0\" data-section=\"AliMagic-s5qei7\" data-section-title=\"Product Description\" data-spm-anchor-id=\"a2700.details.0.i20.2d8a1a34X1y9Gb\">Fonte de luz: SMD2835\/SMD3030<\/li>\n<li class=\"magic-0\" data-section=\"AliMagic-s5qei7\" data-section-title=\"Product Description\" data-spm-anchor-id=\"a2700.details.0.i20.2d8a1a34X1y9Gb\">Efici\u00eancia luminosa: 170Lm\/w<\/li>\n<li class=\"magic-0\" data-section=\"AliMagic-s5qei7\" data-section-title=\"Product Description\" data-spm-anchor-id=\"a2700.details.0.i20.2d8a1a34X1y9Gb\">\u00c2ngulo de feixe: 60\u00b0, 90\u00b0, 120\u00b0<\/li>\n<li class=\"magic-0\" data-section=\"AliMagic-s5qei7\" data-section-title=\"Product Description\" data-spm-anchor-id=\"a2700.details.0.i20.2d8a1a34X1y9Gb\">Vida \u00fatil: &gt;50000h<\/li>\n<li class=\"magic-0\" data-section=\"AliMagic-s5qei7\" data-section-title=\"Product Description\" data-spm-anchor-id=\"a2700.details.0.i20.2d8a1a34X1y9Gb\">Altura de instala\u00e7\u00e3o: 3-6m<\/li>\n<li class=\"magic-0\" data-section=\"AliMagic-s5qei7\" data-section-title=\"Product Description\" data-spm-anchor-id=\"a2700.details.0.i20.2d8a1a34X1y9Gb\">CCT: 3000-5000K<\/li>\n<li class=\"magic-0\" data-section=\"AliMagic-s5qei7\" data-section-title=\"Product Description\" data-spm-anchor-id=\"a2700.details.0.i20.2d8a1a34X1y9Gb\">Material: corpo de alum\u00ednio, lente de PC<\/li>\n<\/ul>\n<\/td>\n<td width=\"284\"><img decoding=\"async\" class=\" wp-image-20645\" src=\"https:\/\/www.zhgdled.com\/wp-content\/uploads\/2023\/06\/20230613134637.jpg\" alt=\"solar post top light 1\" width=\"529\" height=\"491\" srcset=\"https:\/\/www.zhgdled.com\/wp-content\/uploads\/2023\/06\/20230613134637.jpg 688w, https:\/\/www.zhgdled.com\/wp-content\/uploads\/2023\/06\/20230613134637-300x279.jpg 300w, https:\/\/www.zhgdled.com\/wp-content\/uploads\/2023\/06\/20230613134637-600x557.jpg 600w, https:\/\/www.zhgdled.com\/wp-content\/uploads\/2023\/06\/20230613134637-150x139.jpg 150w\" sizes=\"(max-width: 529px) 100vw, 529px\" \/><\/td>\n<\/tr>\n<tr>\n<td width=\"284\">\n<h3>CARACTER\u00cdSTICOS<\/h3>\n<ul>\n<li>V\u00e1rias formas, cl\u00e1ssicas e elegantes, instala\u00e7\u00e3o e manuten\u00e7\u00e3o convenientes;<\/li>\n<li>Estrutura razo\u00e1vel, baixo custo de opera\u00e7\u00e3o e manuten\u00e7\u00e3o.<\/li>\n<li>At\u00e9 170Lm\/w, atende sistema de controle inteligente, adequado para \u00e1reas residenciais, pontos tur\u00edsticos, parques, pra\u00e7as urbanas, jardins privados, p\u00e1tios, corredores e outros locais p\u00fablicos.<\/li>\n<\/ul>\n<\/td>\n<td width=\"284\"><img decoding=\"async\" class=\"alignnone size-full wp-image-20655\" src=\"https:\/\/www.zhgdled.com\/wp-content\/uploads\/2023\/06\/20230613135110.jpg\" alt=\"solar post top light 2\" width=\"715\" height=\"681\" srcset=\"https:\/\/www.zhgdled.com\/wp-content\/uploads\/2023\/06\/20230613135110.jpg 715w, https:\/\/www.zhgdled.com\/wp-content\/uploads\/2023\/06\/20230613135110-300x286.jpg 300w, https:\/\/www.zhgdled.com\/wp-content\/uploads\/2023\/06\/20230613135110-600x571.jpg 600w, https:\/\/www.zhgdled.com\/wp-content\/uploads\/2023\/06\/20230613135110-150x143.jpg 150w\" sizes=\"(max-width: 715px) 100vw, 715px\" \/><\/td>\n<\/tr>\n<\/tbody>\n<\/table>\n<h3>Download specs<\/h3>\n<p><a href=\"https:\/\/www.zhgdled.com\/download\/garden-post-top-light\">POST TOP LIGHT 2022\/10\/11<\/a><\/p>\n","protected":false},"excerpt":{"rendered":"<p>Certa vez, projetamos uma apar\u00eancia modernista simplificada na luz de jardim de primeira gera\u00e7\u00e3o, tornando-a um produto de ilumina\u00e7\u00e3o industrial altamente conceituado no mercado. Hoje, com base no TOP LIGHT, adicionamos dispositivos de energia reutiliz\u00e1veis e m\u00f3dulos inteligentes de IA para atender a padr\u00f5es mais elevados de efici\u00eancia energ\u00e9tica e requisitos inteligentes.<\/p>\n<ul>\n<li>Certificado IP 66, CE ERC ETL CB.<\/li>\n<li>Pot\u00eancia: 20W<\/li>\n<li>Fonte de luz: SMD2835\/SMD3030<\/li>\n<li>Efici\u00eancia luminosa: 170Lm\/w<\/li>\n<li>\u00c2ngulo de feixe: 60\u00b0, 90\u00b0, 120\u00b0<\/li>\n<li>Vida \u00fatil: &gt;50000h<\/li>\n<li>Altura de instala\u00e7\u00e3o: 3-6m<\/li>\n<li>CCT: 3000-5000K<\/li>\n<li>Material: corpo de alum\u00ednio, lente de PC<\/li>\n<\/ul>\n","protected":false},"featured_media":23925,"template":"","meta":[],"product_brand":[],"product_cat":[475],"product_tag":[],"class_list":{"0":"post-22692","1":"product","2":"type-product","3":"status-publish","4":"has-post-thumbnail","6":"product_cat-garden-lights-pt-br","8":"first","9":"instock","10":"featured","11":"shipping-taxable","12":"product-type-simple"},"yoast_head":"<!-- This site is optimized with the Yoast SEO plugin v27.4 - https:\/\/yoast.com\/product\/yoast-seo-wordpress\/ -->\n<title>Luzes LED solares superiores para postes de jardim &#8211; ZHL ILUMINA\u00c7\u00c3O INDUSTRIAL<\/title>\n<meta name=\"description\" content=\"A luz solar para jardim usa dispositivos de energia reutiliz\u00e1veis e m\u00f3dulos inteligentes de IA para atender a padr\u00f5es mais elevados de efici\u00eancia energ\u00e9tica e requisitos inteligentes. A solu\u00e7\u00e3o alimentada por energia solar torna esta luz verdadeiramente sem fio e inteligente.\" \/>\n<meta name=\"robots\" content=\"index, follow, max-snippet:-1, max-image-preview:large, max-video-preview:-1\" \/>\n<link rel=\"canonical\" href=\"https:\/\/www.zhgdled.com\/pt-br\/led-solar-garden-post-top-lights.html\" \/>\n<meta property=\"og:locale\" content=\"pt_BR\" \/>\n<meta property=\"og:type\" content=\"article\" \/>\n<meta property=\"og:title\" content=\"Luzes LED solares superiores para postes de jardim &#8211; ZHL ILUMINA\u00c7\u00c3O INDUSTRIAL\" \/>\n<meta property=\"og:description\" content=\"A luz solar para jardim usa dispositivos de energia reutiliz\u00e1veis e m\u00f3dulos inteligentes de IA para atender a padr\u00f5es mais elevados de efici\u00eancia energ\u00e9tica e requisitos inteligentes. A solu\u00e7\u00e3o alimentada por energia solar torna esta luz verdadeiramente sem fio e inteligente.\" \/>\n<meta property=\"og:url\" content=\"https:\/\/www.zhgdled.com\/pt-br\/led-solar-garden-post-top-lights.html\" \/>\n<meta property=\"og:site_name\" content=\"ZHL ILUMINA\u00c7\u00c3O INDUSTRIAL\" \/>\n<meta property=\"article:publisher\" content=\"https:\/\/www.facebook.com\/zhllightinggroup\" \/>\n<meta property=\"article:modified_time\" content=\"2023-09-14T06:25:58+00:00\" \/>\n<meta property=\"og:image\" content=\"https:\/\/www.zhgdled.com\/wp-content\/uploads\/2023\/09\/04.png\" \/>\n\t<meta property=\"og:image:width\" content=\"1600\" \/>\n\t<meta property=\"og:image:height\" content=\"1600\" \/>\n\t<meta property=\"og:image:type\" content=\"image\/png\" \/>\n<meta name=\"twitter:card\" content=\"summary_large_image\" \/>\n<meta name=\"twitter:site\" content=\"@zhl_lighting\" \/>\n<meta name=\"twitter:label1\" content=\"Est. tempo de leitura\" \/>\n\t<meta name=\"twitter:data1\" content=\"2 minutos\" \/>\n<script type=\"application\/ld+json\" class=\"yoast-schema-graph\">{\"@context\":\"https:\\\/\\\/schema.org\",\"@graph\":[{\"@type\":\"WebPage\",\"@id\":\"https:\\\/\\\/www.zhgdled.com\\\/pt-br\\\/led-solar-garden-post-top-lights.html\",\"url\":\"https:\\\/\\\/www.zhgdled.com\\\/pt-br\\\/led-solar-garden-post-top-lights.html\",\"name\":\"Luzes LED solares superiores para postes de jardim &#8211; ZHL ILUMINA\u00c7\u00c3O INDUSTRIAL\",\"isPartOf\":{\"@id\":\"https:\\\/\\\/www.zhgdled.com\\\/pt-br\\\/#website\"},\"primaryImageOfPage\":{\"@id\":\"https:\\\/\\\/www.zhgdled.com\\\/pt-br\\\/led-solar-garden-post-top-lights.html#primaryimage\"},\"image\":{\"@id\":\"https:\\\/\\\/www.zhgdled.com\\\/pt-br\\\/led-solar-garden-post-top-lights.html#primaryimage\"},\"thumbnailUrl\":\"https:\\\/\\\/www.zhgdled.com\\\/wp-content\\\/uploads\\\/2023\\\/09\\\/Luna-series-solar-garden-light-1.png\",\"datePublished\":\"2023-09-05T06:03:04+00:00\",\"dateModified\":\"2023-09-14T06:25:58+00:00\",\"description\":\"A luz solar para jardim usa dispositivos de energia reutiliz\u00e1veis e m\u00f3dulos inteligentes de IA para atender a padr\u00f5es mais elevados de efici\u00eancia energ\u00e9tica e requisitos inteligentes. A solu\u00e7\u00e3o alimentada por energia solar torna esta luz verdadeiramente sem fio e inteligente.\",\"breadcrumb\":{\"@id\":\"https:\\\/\\\/www.zhgdled.com\\\/pt-br\\\/led-solar-garden-post-top-lights.html#breadcrumb\"},\"inLanguage\":\"pt-BR\",\"potentialAction\":[{\"@type\":\"ReadAction\",\"target\":[\"https:\\\/\\\/www.zhgdled.com\\\/pt-br\\\/led-solar-garden-post-top-lights.html\"]}]},{\"@type\":\"ImageObject\",\"inLanguage\":\"pt-BR\",\"@id\":\"https:\\\/\\\/www.zhgdled.com\\\/pt-br\\\/led-solar-garden-post-top-lights.html#primaryimage\",\"url\":\"https:\\\/\\\/www.zhgdled.com\\\/wp-content\\\/uploads\\\/2023\\\/09\\\/Luna-series-solar-garden-light-1.png\",\"contentUrl\":\"https:\\\/\\\/www.zhgdled.com\\\/wp-content\\\/uploads\\\/2023\\\/09\\\/Luna-series-solar-garden-light-1.png\",\"width\":1500,\"height\":1500,\"caption\":\"Luna series solar garden light\"},{\"@type\":\"BreadcrumbList\",\"@id\":\"https:\\\/\\\/www.zhgdled.com\\\/pt-br\\\/led-solar-garden-post-top-lights.html#breadcrumb\",\"itemListElement\":[{\"@type\":\"ListItem\",\"position\":1,\"name\":\"Home\",\"item\":\"https:\\\/\\\/www.zhgdled.com\\\/pt-br\"},{\"@type\":\"ListItem\",\"position\":2,\"name\":\"PRODUCTS\",\"item\":\"https:\\\/\\\/www.zhgdled.com\\\/zhl-products.html\"},{\"@type\":\"ListItem\",\"position\":3,\"name\":\"Luzes LED solares superiores para postes de jardim\"}]},{\"@type\":\"WebSite\",\"@id\":\"https:\\\/\\\/www.zhgdled.com\\\/pt-br\\\/#website\",\"url\":\"https:\\\/\\\/www.zhgdled.com\\\/pt-br\\\/\",\"name\":\"ZHL ILUMINA\u00c7\u00c3O INDUSTRIAL\",\"description\":\"Top ranking industrial lighting manufacturer and exporter\",\"publisher\":{\"@id\":\"https:\\\/\\\/www.zhgdled.com\\\/pt-br\\\/#organization\"},\"potentialAction\":[{\"@type\":\"SearchAction\",\"target\":{\"@type\":\"EntryPoint\",\"urlTemplate\":\"https:\\\/\\\/www.zhgdled.com\\\/pt-br\\\/?s={search_term_string}\"},\"query-input\":{\"@type\":\"PropertyValueSpecification\",\"valueRequired\":true,\"valueName\":\"search_term_string\"}}],\"inLanguage\":\"pt-BR\"},{\"@type\":\"Organization\",\"@id\":\"https:\\\/\\\/www.zhgdled.com\\\/pt-br\\\/#organization\",\"name\":\"ZHL Lighting Group\",\"url\":\"https:\\\/\\\/www.zhgdled.com\\\/pt-br\\\/\",\"logo\":{\"@type\":\"ImageObject\",\"inLanguage\":\"pt-BR\",\"@id\":\"https:\\\/\\\/www.zhgdled.com\\\/pt-br\\\/#\\\/schema\\\/logo\\\/image\\\/\",\"url\":\"\",\"contentUrl\":\"\",\"caption\":\"ZHL Lighting Group\"},\"image\":{\"@id\":\"https:\\\/\\\/www.zhgdled.com\\\/pt-br\\\/#\\\/schema\\\/logo\\\/image\\\/\"},\"sameAs\":[\"https:\\\/\\\/www.facebook.com\\\/zhllightinggroup\",\"https:\\\/\\\/x.com\\\/zhl_lighting\"]}]}<\/script>\n<!-- \/ Yoast SEO plugin. -->","yoast_head_json":{"title":"Luzes LED solares superiores para postes de jardim &#8211; ZHL ILUMINA\u00c7\u00c3O INDUSTRIAL","description":"A luz solar para jardim usa dispositivos de energia reutiliz\u00e1veis e m\u00f3dulos inteligentes de IA para atender a padr\u00f5es mais elevados de efici\u00eancia energ\u00e9tica e requisitos inteligentes. A solu\u00e7\u00e3o alimentada por energia solar torna esta luz verdadeiramente sem fio e inteligente.","robots":{"index":"index","follow":"follow","max-snippet":"max-snippet:-1","max-image-preview":"max-image-preview:large","max-video-preview":"max-video-preview:-1"},"canonical":"https:\/\/www.zhgdled.com\/pt-br\/led-solar-garden-post-top-lights.html","og_locale":"pt_BR","og_type":"article","og_title":"Luzes LED solares superiores para postes de jardim &#8211; ZHL ILUMINA\u00c7\u00c3O INDUSTRIAL","og_description":"A luz solar para jardim usa dispositivos de energia reutiliz\u00e1veis e m\u00f3dulos inteligentes de IA para atender a padr\u00f5es mais elevados de efici\u00eancia energ\u00e9tica e requisitos inteligentes. A solu\u00e7\u00e3o alimentada por energia solar torna esta luz verdadeiramente sem fio e inteligente.","og_url":"https:\/\/www.zhgdled.com\/pt-br\/led-solar-garden-post-top-lights.html","og_site_name":"ZHL ILUMINA\u00c7\u00c3O INDUSTRIAL","article_publisher":"https:\/\/www.facebook.com\/zhllightinggroup","article_modified_time":"2023-09-14T06:25:58+00:00","og_image":[{"width":1600,"height":1600,"url":"https:\/\/www.zhgdled.com\/wp-content\/uploads\/2023\/09\/04.png","type":"image\/png"}],"twitter_card":"summary_large_image","twitter_site":"@zhl_lighting","twitter_misc":{"Est. tempo de leitura":"2 minutos"},"schema":{"@context":"https:\/\/schema.org","@graph":[{"@type":"WebPage","@id":"https:\/\/www.zhgdled.com\/pt-br\/led-solar-garden-post-top-lights.html","url":"https:\/\/www.zhgdled.com\/pt-br\/led-solar-garden-post-top-lights.html","name":"Luzes LED solares superiores para postes de jardim &#8211; ZHL ILUMINA\u00c7\u00c3O INDUSTRIAL","isPartOf":{"@id":"https:\/\/www.zhgdled.com\/pt-br\/#website"},"primaryImageOfPage":{"@id":"https:\/\/www.zhgdled.com\/pt-br\/led-solar-garden-post-top-lights.html#primaryimage"},"image":{"@id":"https:\/\/www.zhgdled.com\/pt-br\/led-solar-garden-post-top-lights.html#primaryimage"},"thumbnailUrl":"https:\/\/www.zhgdled.com\/wp-content\/uploads\/2023\/09\/Luna-series-solar-garden-light-1.png","datePublished":"2023-09-05T06:03:04+00:00","dateModified":"2023-09-14T06:25:58+00:00","description":"A luz solar para jardim usa dispositivos de energia reutiliz\u00e1veis e m\u00f3dulos inteligentes de IA para atender a padr\u00f5es mais elevados de efici\u00eancia energ\u00e9tica e requisitos inteligentes. A solu\u00e7\u00e3o alimentada por energia solar torna esta luz verdadeiramente sem fio e inteligente.","breadcrumb":{"@id":"https:\/\/www.zhgdled.com\/pt-br\/led-solar-garden-post-top-lights.html#breadcrumb"},"inLanguage":"pt-BR","potentialAction":[{"@type":"ReadAction","target":["https:\/\/www.zhgdled.com\/pt-br\/led-solar-garden-post-top-lights.html"]}]},{"@type":"ImageObject","inLanguage":"pt-BR","@id":"https:\/\/www.zhgdled.com\/pt-br\/led-solar-garden-post-top-lights.html#primaryimage","url":"https:\/\/www.zhgdled.com\/wp-content\/uploads\/2023\/09\/Luna-series-solar-garden-light-1.png","contentUrl":"https:\/\/www.zhgdled.com\/wp-content\/uploads\/2023\/09\/Luna-series-solar-garden-light-1.png","width":1500,"height":1500,"caption":"Luna series solar garden light"},{"@type":"BreadcrumbList","@id":"https:\/\/www.zhgdled.com\/pt-br\/led-solar-garden-post-top-lights.html#breadcrumb","itemListElement":[{"@type":"ListItem","position":1,"name":"Home","item":"https:\/\/www.zhgdled.com\/pt-br"},{"@type":"ListItem","position":2,"name":"PRODUCTS","item":"https:\/\/www.zhgdled.com\/zhl-products.html"},{"@type":"ListItem","position":3,"name":"Luzes LED solares superiores para postes de jardim"}]},{"@type":"WebSite","@id":"https:\/\/www.zhgdled.com\/pt-br\/#website","url":"https:\/\/www.zhgdled.com\/pt-br\/","name":"ZHL ILUMINA\u00c7\u00c3O INDUSTRIAL","description":"Top ranking industrial lighting manufacturer and exporter","publisher":{"@id":"https:\/\/www.zhgdled.com\/pt-br\/#organization"},"potentialAction":[{"@type":"SearchAction","target":{"@type":"EntryPoint","urlTemplate":"https:\/\/www.zhgdled.com\/pt-br\/?s={search_term_string}"},"query-input":{"@type":"PropertyValueSpecification","valueRequired":true,"valueName":"search_term_string"}}],"inLanguage":"pt-BR"},{"@type":"Organization","@id":"https:\/\/www.zhgdled.com\/pt-br\/#organization","name":"ZHL Lighting Group","url":"https:\/\/www.zhgdled.com\/pt-br\/","logo":{"@type":"ImageObject","inLanguage":"pt-BR","@id":"https:\/\/www.zhgdled.com\/pt-br\/#\/schema\/logo\/image\/","url":"","contentUrl":"","caption":"ZHL Lighting Group"},"image":{"@id":"https:\/\/www.zhgdled.com\/pt-br\/#\/schema\/logo\/image\/"},"sameAs":["https:\/\/www.facebook.com\/zhllightinggroup","https:\/\/x.com\/zhl_lighting"]}]}},"_links":{"self":[{"href":"https:\/\/www.zhgdled.com\/pt-br\/wp-json\/wp\/v2\/product\/22692","targetHints":{"allow":["GET"]}}],"collection":[{"href":"https:\/\/www.zhgdled.com\/pt-br\/wp-json\/wp\/v2\/product"}],"about":[{"href":"https:\/\/www.zhgdled.com\/pt-br\/wp-json\/wp\/v2\/types\/product"}],"wp:featuredmedia":[{"embeddable":true,"href":"https:\/\/www.zhgdled.com\/pt-br\/wp-json\/wp\/v2\/media\/23925"}],"wp:attachment":[{"href":"https:\/\/www.zhgdled.com\/pt-br\/wp-json\/wp\/v2\/media?parent=22692"}],"wp:term":[{"taxonomy":"product_brand","embeddable":true,"href":"https:\/\/www.zhgdled.com\/pt-br\/wp-json\/wp\/v2\/product_brand?post=22692"},{"taxonomy":"product_cat","embeddable":true,"href":"https:\/\/www.zhgdled.com\/pt-br\/wp-json\/wp\/v2\/product_cat?post=22692"},{"taxonomy":"product_tag","embeddable":true,"href":"https:\/\/www.zhgdled.com\/pt-br\/wp-json\/wp\/v2\/product_tag?post=22692"}],"curies":[{"name":"wp","href":"https:\/\/api.w.org\/{rel}","templated":true}]}}