{"id":12495,"date":"2022-04-18T11:47:10","date_gmt":"2022-04-18T03:47:10","guid":{"rendered":"https:\/\/www.zhgdled.com\/product\/led-flood-light-dlc-etl-certificated"},"modified":"2023-12-28T11:42:59","modified_gmt":"2023-12-28T03:42:59","slug":"led-sel-isik-dlc-etl-sertifikali","status":"publish","type":"product","link":"https:\/\/www.zhgdled.com\/tr\/led-sel-isik-dlc-etl-sertifikali.html","title":{"rendered":"LED Flood light DLC ETL sertifikal\u0131"},"content":{"rendered":"<p><img decoding=\"async\" class=\"alignnone size-full wp-image-11920\" src=\"https:\/\/www.zhgdled.com\/wp-content\/uploads\/2022\/04\/flood-1.png\" alt=\"\" width=\"900\" height=\"546\" srcset=\"https:\/\/www.zhgdled.com\/wp-content\/uploads\/2022\/04\/flood-1.png 900w, https:\/\/www.zhgdled.com\/wp-content\/uploads\/2022\/04\/flood-1-300x182.png 300w, https:\/\/www.zhgdled.com\/wp-content\/uploads\/2022\/04\/flood-1-768x466.png 768w, https:\/\/www.zhgdled.com\/wp-content\/uploads\/2022\/04\/flood-1-600x364.png 600w, https:\/\/www.zhgdled.com\/wp-content\/uploads\/2022\/04\/flood-1-150x91.png 150w\" sizes=\"(max-width: 900px) 100vw, 900px\" \/><\/p>\n<p><img decoding=\"async\" class=\"alignnone size-full wp-image-11924\" src=\"https:\/\/www.zhgdled.com\/wp-content\/uploads\/2022\/04\/flood-2.png\" alt=\"\" width=\"900\" height=\"511\" srcset=\"https:\/\/www.zhgdled.com\/wp-content\/uploads\/2022\/04\/flood-2.png 900w, https:\/\/www.zhgdled.com\/wp-content\/uploads\/2022\/04\/flood-2-300x170.png 300w, https:\/\/www.zhgdled.com\/wp-content\/uploads\/2022\/04\/flood-2-768x436.png 768w, https:\/\/www.zhgdled.com\/wp-content\/uploads\/2022\/04\/flood-2-600x341.png 600w, https:\/\/www.zhgdled.com\/wp-content\/uploads\/2022\/04\/flood-2-150x85.png 150w\" sizes=\"(max-width: 900px) 100vw, 900px\" \/><\/p>\n","protected":false},"excerpt":{"rendered":"","protected":false},"featured_media":13438,"template":"","meta":[],"product_brand":[],"product_cat":[666],"product_tag":[],"class_list":{"0":"post-12495","1":"product","2":"type-product","3":"status-publish","4":"has-post-thumbnail","6":"product_cat-led-projektorler","8":"first","9":"instock","10":"shipping-taxable","11":"product-type-simple"},"yoast_head":"<!-- This site is optimized with the Yoast SEO plugin v27.4 - https:\/\/yoast.com\/product\/yoast-seo-wordpress\/ -->\n<title>LED Flood light DLC ETL sertifikal\u0131 &#8211; ZHL I\u015f\u0131k Grubu<\/title>\n<meta name=\"robots\" content=\"index, follow, max-snippet:-1, max-image-preview:large, max-video-preview:-1\" \/>\n<link rel=\"canonical\" href=\"https:\/\/www.zhgdled.com\/tr\/led-sel-isik-dlc-etl-sertifikali.html\" \/>\n<meta property=\"og:locale\" content=\"tr_TR\" \/>\n<meta property=\"og:type\" content=\"article\" \/>\n<meta property=\"og:title\" content=\"LED Flood light DLC ETL sertifikal\u0131 &#8211; ZHL I\u015f\u0131k Grubu\" \/>\n<meta property=\"og:url\" content=\"https:\/\/www.zhgdled.com\/tr\/led-sel-isik-dlc-etl-sertifikali.html\" \/>\n<meta property=\"og:site_name\" content=\"ZHL I\u015f\u0131k Grubu\" \/>\n<meta property=\"article:publisher\" content=\"https:\/\/www.facebook.com\/zhllightinggroup\" \/>\n<meta property=\"article:modified_time\" content=\"2023-12-28T03:42:59+00:00\" \/>\n<meta property=\"og:image\" content=\"https:\/\/www.zhgdled.com\/wp-content\/uploads\/2022\/04\/15.png\" \/>\n\t<meta property=\"og:image:width\" content=\"1600\" \/>\n\t<meta property=\"og:image:height\" content=\"1600\" \/>\n\t<meta property=\"og:image:type\" content=\"image\/png\" \/>\n<meta name=\"twitter:card\" content=\"summary_large_image\" \/>\n<meta name=\"twitter:site\" content=\"@zhl_lighting\" \/>\n<script type=\"application\/ld+json\" class=\"yoast-schema-graph\">{\"@context\":\"https:\\\/\\\/schema.org\",\"@graph\":[{\"@type\":\"WebPage\",\"@id\":\"https:\\\/\\\/www.zhgdled.com\\\/tr\\\/led-sel-isik-dlc-etl-sertifikali.html\",\"url\":\"https:\\\/\\\/www.zhgdled.com\\\/tr\\\/led-sel-isik-dlc-etl-sertifikali.html\",\"name\":\"LED Flood light DLC ETL sertifikal\u0131 &#8211; ZHL I\u015f\u0131k Grubu\",\"isPartOf\":{\"@id\":\"https:\\\/\\\/www.zhgdled.com\\\/tr\\\/#website\"},\"primaryImageOfPage\":{\"@id\":\"https:\\\/\\\/www.zhgdled.com\\\/tr\\\/led-sel-isik-dlc-etl-sertifikali.html#primaryimage\"},\"image\":{\"@id\":\"https:\\\/\\\/www.zhgdled.com\\\/tr\\\/led-sel-isik-dlc-etl-sertifikali.html#primaryimage\"},\"thumbnailUrl\":\"https:\\\/\\\/www.zhgdled.com\\\/wp-content\\\/uploads\\\/2022\\\/04\\\/15.png\",\"datePublished\":\"2022-04-18T03:47:10+00:00\",\"dateModified\":\"2023-12-28T03:42:59+00:00\",\"breadcrumb\":{\"@id\":\"https:\\\/\\\/www.zhgdled.com\\\/tr\\\/led-sel-isik-dlc-etl-sertifikali.html#breadcrumb\"},\"inLanguage\":\"tr\",\"potentialAction\":[{\"@type\":\"ReadAction\",\"target\":[\"https:\\\/\\\/www.zhgdled.com\\\/tr\\\/led-sel-isik-dlc-etl-sertifikali.html\"]}]},{\"@type\":\"ImageObject\",\"inLanguage\":\"tr\",\"@id\":\"https:\\\/\\\/www.zhgdled.com\\\/tr\\\/led-sel-isik-dlc-etl-sertifikali.html#primaryimage\",\"url\":\"https:\\\/\\\/www.zhgdled.com\\\/wp-content\\\/uploads\\\/2022\\\/04\\\/15.png\",\"contentUrl\":\"https:\\\/\\\/www.zhgdled.com\\\/wp-content\\\/uploads\\\/2022\\\/04\\\/15.png\",\"width\":1600,\"height\":1600,\"caption\":\"ETL DLC Certified LED Flood Light\"},{\"@type\":\"BreadcrumbList\",\"@id\":\"https:\\\/\\\/www.zhgdled.com\\\/tr\\\/led-sel-isik-dlc-etl-sertifikali.html#breadcrumb\",\"itemListElement\":[{\"@type\":\"ListItem\",\"position\":1,\"name\":\"Home\",\"item\":\"https:\\\/\\\/www.zhgdled.com\\\/tr\"},{\"@type\":\"ListItem\",\"position\":2,\"name\":\"PRODUCTS\",\"item\":\"https:\\\/\\\/www.zhgdled.com\\\/zhl-products.html\"},{\"@type\":\"ListItem\",\"position\":3,\"name\":\"LED Flood light DLC ETL sertifikal\u0131\"}]},{\"@type\":\"WebSite\",\"@id\":\"https:\\\/\\\/www.zhgdled.com\\\/tr\\\/#website\",\"url\":\"https:\\\/\\\/www.zhgdled.com\\\/tr\\\/\",\"name\":\"ZHL I\u015f\u0131k Grubu\",\"description\":\"Top ranking industrial lighting manufacturer and exporter\",\"publisher\":{\"@id\":\"https:\\\/\\\/www.zhgdled.com\\\/tr\\\/#organization\"},\"potentialAction\":[{\"@type\":\"SearchAction\",\"target\":{\"@type\":\"EntryPoint\",\"urlTemplate\":\"https:\\\/\\\/www.zhgdled.com\\\/tr\\\/?s={search_term_string}\"},\"query-input\":{\"@type\":\"PropertyValueSpecification\",\"valueRequired\":true,\"valueName\":\"search_term_string\"}}],\"inLanguage\":\"tr\"},{\"@type\":\"Organization\",\"@id\":\"https:\\\/\\\/www.zhgdled.com\\\/tr\\\/#organization\",\"name\":\"ZHL Lighting Group\",\"url\":\"https:\\\/\\\/www.zhgdled.com\\\/tr\\\/\",\"logo\":{\"@type\":\"ImageObject\",\"inLanguage\":\"tr\",\"@id\":\"https:\\\/\\\/www.zhgdled.com\\\/tr\\\/#\\\/schema\\\/logo\\\/image\\\/\",\"url\":\"\",\"contentUrl\":\"\",\"caption\":\"ZHL Lighting Group\"},\"image\":{\"@id\":\"https:\\\/\\\/www.zhgdled.com\\\/tr\\\/#\\\/schema\\\/logo\\\/image\\\/\"},\"sameAs\":[\"https:\\\/\\\/www.facebook.com\\\/zhllightinggroup\",\"https:\\\/\\\/x.com\\\/zhl_lighting\"]}]}<\/script>\n<!-- \/ Yoast SEO plugin. -->","yoast_head_json":{"title":"LED Flood light DLC ETL sertifikal\u0131 &#8211; ZHL I\u015f\u0131k Grubu","robots":{"index":"index","follow":"follow","max-snippet":"max-snippet:-1","max-image-preview":"max-image-preview:large","max-video-preview":"max-video-preview:-1"},"canonical":"https:\/\/www.zhgdled.com\/tr\/led-sel-isik-dlc-etl-sertifikali.html","og_locale":"tr_TR","og_type":"article","og_title":"LED Flood light DLC ETL sertifikal\u0131 &#8211; ZHL I\u015f\u0131k Grubu","og_url":"https:\/\/www.zhgdled.com\/tr\/led-sel-isik-dlc-etl-sertifikali.html","og_site_name":"ZHL I\u015f\u0131k Grubu","article_publisher":"https:\/\/www.facebook.com\/zhllightinggroup","article_modified_time":"2023-12-28T03:42:59+00:00","og_image":[{"width":1600,"height":1600,"url":"https:\/\/www.zhgdled.com\/wp-content\/uploads\/2022\/04\/15.png","type":"image\/png"}],"twitter_card":"summary_large_image","twitter_site":"@zhl_lighting","schema":{"@context":"https:\/\/schema.org","@graph":[{"@type":"WebPage","@id":"https:\/\/www.zhgdled.com\/tr\/led-sel-isik-dlc-etl-sertifikali.html","url":"https:\/\/www.zhgdled.com\/tr\/led-sel-isik-dlc-etl-sertifikali.html","name":"LED Flood light DLC ETL sertifikal\u0131 &#8211; ZHL I\u015f\u0131k Grubu","isPartOf":{"@id":"https:\/\/www.zhgdled.com\/tr\/#website"},"primaryImageOfPage":{"@id":"https:\/\/www.zhgdled.com\/tr\/led-sel-isik-dlc-etl-sertifikali.html#primaryimage"},"image":{"@id":"https:\/\/www.zhgdled.com\/tr\/led-sel-isik-dlc-etl-sertifikali.html#primaryimage"},"thumbnailUrl":"https:\/\/www.zhgdled.com\/wp-content\/uploads\/2022\/04\/15.png","datePublished":"2022-04-18T03:47:10+00:00","dateModified":"2023-12-28T03:42:59+00:00","breadcrumb":{"@id":"https:\/\/www.zhgdled.com\/tr\/led-sel-isik-dlc-etl-sertifikali.html#breadcrumb"},"inLanguage":"tr","potentialAction":[{"@type":"ReadAction","target":["https:\/\/www.zhgdled.com\/tr\/led-sel-isik-dlc-etl-sertifikali.html"]}]},{"@type":"ImageObject","inLanguage":"tr","@id":"https:\/\/www.zhgdled.com\/tr\/led-sel-isik-dlc-etl-sertifikali.html#primaryimage","url":"https:\/\/www.zhgdled.com\/wp-content\/uploads\/2022\/04\/15.png","contentUrl":"https:\/\/www.zhgdled.com\/wp-content\/uploads\/2022\/04\/15.png","width":1600,"height":1600,"caption":"ETL DLC Certified LED Flood Light"},{"@type":"BreadcrumbList","@id":"https:\/\/www.zhgdled.com\/tr\/led-sel-isik-dlc-etl-sertifikali.html#breadcrumb","itemListElement":[{"@type":"ListItem","position":1,"name":"Home","item":"https:\/\/www.zhgdled.com\/tr"},{"@type":"ListItem","position":2,"name":"PRODUCTS","item":"https:\/\/www.zhgdled.com\/zhl-products.html"},{"@type":"ListItem","position":3,"name":"LED Flood light DLC ETL sertifikal\u0131"}]},{"@type":"WebSite","@id":"https:\/\/www.zhgdled.com\/tr\/#website","url":"https:\/\/www.zhgdled.com\/tr\/","name":"ZHL I\u015f\u0131k Grubu","description":"Top ranking industrial lighting manufacturer and exporter","publisher":{"@id":"https:\/\/www.zhgdled.com\/tr\/#organization"},"potentialAction":[{"@type":"SearchAction","target":{"@type":"EntryPoint","urlTemplate":"https:\/\/www.zhgdled.com\/tr\/?s={search_term_string}"},"query-input":{"@type":"PropertyValueSpecification","valueRequired":true,"valueName":"search_term_string"}}],"inLanguage":"tr"},{"@type":"Organization","@id":"https:\/\/www.zhgdled.com\/tr\/#organization","name":"ZHL Lighting Group","url":"https:\/\/www.zhgdled.com\/tr\/","logo":{"@type":"ImageObject","inLanguage":"tr","@id":"https:\/\/www.zhgdled.com\/tr\/#\/schema\/logo\/image\/","url":"","contentUrl":"","caption":"ZHL Lighting Group"},"image":{"@id":"https:\/\/www.zhgdled.com\/tr\/#\/schema\/logo\/image\/"},"sameAs":["https:\/\/www.facebook.com\/zhllightinggroup","https:\/\/x.com\/zhl_lighting"]}]}},"_links":{"self":[{"href":"https:\/\/www.zhgdled.com\/tr\/wp-json\/wp\/v2\/product\/12495","targetHints":{"allow":["GET"]}}],"collection":[{"href":"https:\/\/www.zhgdled.com\/tr\/wp-json\/wp\/v2\/product"}],"about":[{"href":"https:\/\/www.zhgdled.com\/tr\/wp-json\/wp\/v2\/types\/product"}],"wp:featuredmedia":[{"embeddable":true,"href":"https:\/\/www.zhgdled.com\/tr\/wp-json\/wp\/v2\/media\/13438"}],"wp:attachment":[{"href":"https:\/\/www.zhgdled.com\/tr\/wp-json\/wp\/v2\/media?parent=12495"}],"wp:term":[{"taxonomy":"product_brand","embeddable":true,"href":"https:\/\/www.zhgdled.com\/tr\/wp-json\/wp\/v2\/product_brand?post=12495"},{"taxonomy":"product_cat","embeddable":true,"href":"https:\/\/www.zhgdled.com\/tr\/wp-json\/wp\/v2\/product_cat?post=12495"},{"taxonomy":"product_tag","embeddable":true,"href":"https:\/\/www.zhgdled.com\/tr\/wp-json\/wp\/v2\/product_tag?post=12495"}],"curies":[{"name":"wp","href":"https:\/\/api.w.org\/{rel}","templated":true}]}}