{"id":12526,"date":"2023-08-07T11:36:49","date_gmt":"2023-05-16T03:36:49","guid":{"rendered":"https:\/\/www.zhgdled.com\/product\/zhl-o-series-led-high-bay-light"},"modified":"2023-12-28T09:57:03","modified_gmt":"2023-12-28T01:57:03","slug":"zhl-o-series-led-high-bay-light","status":"publish","type":"product","link":"https:\/\/www.zhgdled.com\/tr\/o-serisi-led-yuksek-tavan-isigi.html","title":{"rendered":"ZHL O Serisi LED Y\u00fcksek Tavan I\u015f\u0131\u011f\u0131"},"content":{"rendered":"<h2>End\u00fcstri lideri ayd\u0131nlatma ile tan\u0131\u015f\u0131n<\/h2>\n<p>&nbsp;<\/p>\n<p>O Serisi UFO LED Y\u00fcksek Tavan I\u015f\u0131\u011f\u0131, sertifikal\u0131 Samsung 2835 yongalar\u0131 ve MOSO Yard\u0131mc\u0131 kayna\u011f\u0131 sayesinde ilk kez ayn\u0131 watt alt\u0131nda sekt\u00f6r lideri 200LM\/W \u00f6zelli\u011fine sahiptir.<\/p>\n<p>O Serisi LED y\u00fcksek tavan lambas\u0131, end\u00fcstri lideri ayd\u0131nlatma sa\u011flar! Ticari s\u0131n\u0131f uyumlulu\u011fu ve watt ba\u015f\u0131na 200 l\u00fcmene kadar, kolayca sekt\u00f6rdeki en y\u00fcksek performansl\u0131 \u0131\u015f\u0131klardan biri haline gelir. T\u00fcm bunlar\u0131n yan\u0131 s\u0131ra, bu \u0131\u015f\u0131\u011f\u0131n %20&#8217;ye kadar yukar\u0131 \u0131\u015f\u0131k sa\u011flamak i\u00e7in bir reflekt\u00f6r kapa\u011f\u0131 (ekstra sat\u0131n alma) se\u00e7ene\u011fi vard\u0131r!<\/p>\n<p>Bu harika CE sertifikal\u0131 y\u00fcksek tavan lambas\u0131, IP65 s\u0131n\u0131f\u0131 su ge\u00e7irmez ve toz ge\u00e7irmez bir tasar\u0131ma sahiptir. Ticari s\u0131n\u0131f, dayan\u0131kl\u0131 \u00f6zellikleri onu piyasadaki en sa\u011flam ve \u00e7ok y\u00f6nl\u00fc \u0131\u015f\u0131k yapar. Bu \u00fcr\u00fcn\u00fcn d\u0131\u015f hava ko\u015fullar\u0131ndan zarar g\u00f6rmesinden asla endi\u015fe etmeyin! Saf al\u00fcminyum so\u011fuk d\u00f6vme muhafaza, bile\u015fen \u00f6mr\u00fcn\u00fc uzatmak ve hasar g\u00f6rmesini \u00f6nlemek i\u00e7in m\u00fckemmel termal transfer sa\u011flar. \u00c7al\u0131\u015fma s\u0131cakl\u0131\u011f\u0131 -20\u2103 \u2013 +50\u2103&#8217;dir.<\/p>\n<blockquote><p>Need a catalogue?\u00a0<a href=\"https:\/\/www.zhgdled.com\/download\/o-series-high-bay-light\">Click here<\/a><\/p>\n<p>Download specification?\u00a0<a href=\"https:\/\/www.zhgdled.com\/download\/o-series-led-high-bay-light\">Click here<\/a><\/p><\/blockquote>\n<p>&nbsp;<\/p>\n<h2>\u015eartname<\/h2>\n<table width=\"649\">\n<tbody>\n<tr>\n<td>g\u00fc\u00e7<\/td>\n<td>100W 150W 200W<\/td>\n<\/tr>\n<tr>\n<td>LED<\/td>\n<td>Samsung 2835<\/td>\n<\/tr>\n<tr>\n<td>Renk S\u0131cakl\u0131\u011f\u0131 (CCT)<\/td>\n<td>2700-6500K<\/td>\n<\/tr>\n<tr>\n<td>I\u015f\u0131k Verimi (lm\/w)<\/td>\n<td>200lm\/w +-10%<\/td>\n<\/tr>\n<tr>\n<td>Giri\u015f Voltaj\u0131 (V)<\/td>\n<td width=\"463\">100-240VAC\/50-60Hz<\/td>\n<\/tr>\n<tr>\n<td>PF<\/td>\n<td>&gt;0.9<\/td>\n<\/tr>\n<tr>\n<td>CRI (Ra&gt;)<\/td>\n<td>80<\/td>\n<\/tr>\n<tr>\n<td>I\u015f\u0131n A\u00e7\u0131s\u0131 (\u00b0)<\/td>\n<td>60\u00b0\/90\u00b0*120\u00b0<\/td>\n<\/tr>\n<tr>\n<td>IP Derecesi<\/td>\n<td>IP65<\/td>\n<\/tr>\n<tr>\n<td>Malzeme<\/td>\n<td>Al\u00fcminyum G\u00f6vde + Temperli Cam Kapak<\/td>\n<\/tr>\n<tr>\n<td>\u00c7al\u0131\u015fma S\u0131cakl\u0131\u011f\u0131 (\u2103)<\/td>\n<td>-20-50<\/td>\n<\/tr>\n<tr>\n<td>Garanti (Y\u0131l)<\/td>\n<td>5 y\u0131l<\/td>\n<\/tr>\n<tr>\n<td>Sertifikasyon<\/td>\n<td>CE,ERP<\/td>\n<\/tr>\n<tr>\n<td>Driver<\/td>\n<td>MOSO K\u0131s\u0131labilir s\u00fcr\u00fcc\u00fc ( 0-10V K\u0131s\u0131labilir + 12V Yard\u0131mc\u0131 kaynak<\/td>\n<\/tr>\n<\/tbody>\n<\/table>\n","protected":false},"excerpt":{"rendered":"<p>ZHL O serisi LED y\u00fcksek tavan lambas\u0131, 3 farkl\u0131 montaj se\u00e7ene\u011fine sahip, sa\u011flam, k\u0131s\u0131labilir, y\u00fcksek tavanl\u0131 bir ayd\u0131nlatma armat\u00fcr\u00fcd\u00fcr: tencere kancas\u0131, zincir veya sert direk. IP65 s\u0131n\u0131f\u0131 sayesinde i\u00e7 ve d\u0131\u015f mekanlarda kullan\u0131labilir ve en zorlu ortamlar i\u00e7in \u00fcretilmi\u015ftir. 200 lm\/W&#8217;lik y\u00fcksek verimlilik ve etkili bir \u00e7al\u0131\u015ft\u0131rma maliyeti.<\/p>\n<ul>\n<li>100W 150W 200W<\/li>\n<li>Samsung 2835<\/li>\n<li>I\u015f\u0131k verimlili\u011fi: 160lm\/w, 200lm\/w iste\u011fe ba\u011fl\u0131<\/li>\n<li>AC100-240V, 50\/60Hz<\/li>\n<li>CRI &gt;80, PF&gt;0,9<\/li>\n<li>Al\u00fcminyum, temperli cam<\/li>\n<\/ul>\n","protected":false},"featured_media":13184,"template":"","meta":[],"product_brand":[],"product_cat":[667],"product_tag":[413],"class_list":{"0":"post-12526","1":"product","2":"type-product","3":"status-publish","4":"has-post-thumbnail","6":"product_cat-yuksek-koy-isik","7":"product_tag-high-bay-light-tr","9":"first","10":"instock","11":"featured","12":"shipping-taxable","13":"product-type-simple"},"yoast_head":"<!-- This site is optimized with the Yoast SEO plugin v27.4 - https:\/\/yoast.com\/product\/yoast-seo-wordpress\/ -->\n<title>ZHL O Serisi LED Y\u00fcksek Tavan I\u015f\u0131\u011f\u0131 &#8211; ZHL I\u015f\u0131k Grubu<\/title>\n<meta name=\"description\" content=\"O Serisi UFO LED Y\u00fcksek Tavan I\u015f\u0131\u011f\u0131, sertifikal\u0131 Samsung 2835 yongalar\u0131 ve MOSO Yard\u0131mc\u0131 kayna\u011f\u0131 sayesinde ilk kez ayn\u0131 watt alt\u0131nda sekt\u00f6r lideri 200LM\/W \u00f6zelli\u011fine sahiptir.\" \/>\n<meta name=\"robots\" content=\"index, follow, max-snippet:-1, max-image-preview:large, max-video-preview:-1\" \/>\n<link rel=\"canonical\" href=\"https:\/\/www.zhgdled.com\/tr\/o-serisi-led-yuksek-tavan-isigi.html\" \/>\n<meta property=\"og:locale\" content=\"tr_TR\" \/>\n<meta property=\"og:type\" content=\"article\" \/>\n<meta property=\"og:title\" content=\"ZHL O Serisi LED Y\u00fcksek Tavan I\u015f\u0131\u011f\u0131 &#8211; ZHL I\u015f\u0131k Grubu\" \/>\n<meta property=\"og:description\" content=\"O Serisi UFO LED Y\u00fcksek Tavan I\u015f\u0131\u011f\u0131, sertifikal\u0131 Samsung 2835 yongalar\u0131 ve MOSO Yard\u0131mc\u0131 kayna\u011f\u0131 sayesinde ilk kez ayn\u0131 watt alt\u0131nda sekt\u00f6r lideri 200LM\/W \u00f6zelli\u011fine sahiptir.\" \/>\n<meta property=\"og:url\" content=\"https:\/\/www.zhgdled.com\/tr\/o-serisi-led-yuksek-tavan-isigi.html\" \/>\n<meta property=\"og:site_name\" content=\"ZHL I\u015f\u0131k Grubu\" \/>\n<meta property=\"article:publisher\" content=\"https:\/\/www.facebook.com\/zhllightinggroup\" \/>\n<meta property=\"article:modified_time\" content=\"2023-12-28T01:57:03+00:00\" \/>\n<meta property=\"og:image\" content=\"https:\/\/www.zhgdled.com\/wp-content\/uploads\/2022\/07\/2.png\" \/>\n\t<meta property=\"og:image:width\" content=\"1600\" \/>\n\t<meta property=\"og:image:height\" content=\"1600\" \/>\n\t<meta property=\"og:image:type\" content=\"image\/png\" \/>\n<meta name=\"twitter:card\" content=\"summary_large_image\" \/>\n<meta name=\"twitter:site\" content=\"@zhl_lighting\" \/>\n<meta name=\"twitter:label1\" content=\"Tahmini okuma s\u00fcresi\" \/>\n\t<meta name=\"twitter:data1\" content=\"2 dakika\" \/>\n<script type=\"application\/ld+json\" class=\"yoast-schema-graph\">{\"@context\":\"https:\\\/\\\/schema.org\",\"@graph\":[{\"@type\":\"WebPage\",\"@id\":\"https:\\\/\\\/www.zhgdled.com\\\/tr\\\/o-serisi-led-yuksek-tavan-isigi.html\",\"url\":\"https:\\\/\\\/www.zhgdled.com\\\/tr\\\/o-serisi-led-yuksek-tavan-isigi.html\",\"name\":\"ZHL O Serisi LED Y\u00fcksek Tavan I\u015f\u0131\u011f\u0131 &#8211; ZHL I\u015f\u0131k Grubu\",\"isPartOf\":{\"@id\":\"https:\\\/\\\/www.zhgdled.com\\\/tr\\\/#website\"},\"primaryImageOfPage\":{\"@id\":\"https:\\\/\\\/www.zhgdled.com\\\/tr\\\/o-serisi-led-yuksek-tavan-isigi.html#primaryimage\"},\"image\":{\"@id\":\"https:\\\/\\\/www.zhgdled.com\\\/tr\\\/o-serisi-led-yuksek-tavan-isigi.html#primaryimage\"},\"thumbnailUrl\":\"https:\\\/\\\/www.zhgdled.com\\\/wp-content\\\/uploads\\\/2022\\\/07\\\/2.png\",\"datePublished\":\"2023-05-16T03:36:49+00:00\",\"dateModified\":\"2023-12-28T01:57:03+00:00\",\"description\":\"O Serisi UFO LED Y\u00fcksek Tavan I\u015f\u0131\u011f\u0131, sertifikal\u0131 Samsung 2835 yongalar\u0131 ve MOSO Yard\u0131mc\u0131 kayna\u011f\u0131 sayesinde ilk kez ayn\u0131 watt alt\u0131nda sekt\u00f6r lideri 200LM\\\/W \u00f6zelli\u011fine sahiptir.\",\"breadcrumb\":{\"@id\":\"https:\\\/\\\/www.zhgdled.com\\\/tr\\\/o-serisi-led-yuksek-tavan-isigi.html#breadcrumb\"},\"inLanguage\":\"tr\",\"potentialAction\":[{\"@type\":\"ReadAction\",\"target\":[\"https:\\\/\\\/www.zhgdled.com\\\/tr\\\/o-serisi-led-yuksek-tavan-isigi.html\"]}]},{\"@type\":\"ImageObject\",\"inLanguage\":\"tr\",\"@id\":\"https:\\\/\\\/www.zhgdled.com\\\/tr\\\/o-serisi-led-yuksek-tavan-isigi.html#primaryimage\",\"url\":\"https:\\\/\\\/www.zhgdled.com\\\/wp-content\\\/uploads\\\/2022\\\/07\\\/2.png\",\"contentUrl\":\"https:\\\/\\\/www.zhgdled.com\\\/wp-content\\\/uploads\\\/2022\\\/07\\\/2.png\",\"width\":1600,\"height\":1600,\"caption\":\"Lumi\u00e8re LED haute baie\"},{\"@type\":\"BreadcrumbList\",\"@id\":\"https:\\\/\\\/www.zhgdled.com\\\/tr\\\/o-serisi-led-yuksek-tavan-isigi.html#breadcrumb\",\"itemListElement\":[{\"@type\":\"ListItem\",\"position\":1,\"name\":\"Home\",\"item\":\"https:\\\/\\\/www.zhgdled.com\\\/tr\"},{\"@type\":\"ListItem\",\"position\":2,\"name\":\"PRODUCTS\",\"item\":\"https:\\\/\\\/www.zhgdled.com\\\/zhl-products.html\"},{\"@type\":\"ListItem\",\"position\":3,\"name\":\"ZHL O Serisi LED Y\u00fcksek Tavan I\u015f\u0131\u011f\u0131\"}]},{\"@type\":\"WebSite\",\"@id\":\"https:\\\/\\\/www.zhgdled.com\\\/tr\\\/#website\",\"url\":\"https:\\\/\\\/www.zhgdled.com\\\/tr\\\/\",\"name\":\"ZHL I\u015f\u0131k Grubu\",\"description\":\"Top ranking industrial lighting manufacturer and exporter\",\"publisher\":{\"@id\":\"https:\\\/\\\/www.zhgdled.com\\\/tr\\\/#organization\"},\"potentialAction\":[{\"@type\":\"SearchAction\",\"target\":{\"@type\":\"EntryPoint\",\"urlTemplate\":\"https:\\\/\\\/www.zhgdled.com\\\/tr\\\/?s={search_term_string}\"},\"query-input\":{\"@type\":\"PropertyValueSpecification\",\"valueRequired\":true,\"valueName\":\"search_term_string\"}}],\"inLanguage\":\"tr\"},{\"@type\":\"Organization\",\"@id\":\"https:\\\/\\\/www.zhgdled.com\\\/tr\\\/#organization\",\"name\":\"ZHL Lighting Group\",\"url\":\"https:\\\/\\\/www.zhgdled.com\\\/tr\\\/\",\"logo\":{\"@type\":\"ImageObject\",\"inLanguage\":\"tr\",\"@id\":\"https:\\\/\\\/www.zhgdled.com\\\/tr\\\/#\\\/schema\\\/logo\\\/image\\\/\",\"url\":\"\",\"contentUrl\":\"\",\"caption\":\"ZHL Lighting Group\"},\"image\":{\"@id\":\"https:\\\/\\\/www.zhgdled.com\\\/tr\\\/#\\\/schema\\\/logo\\\/image\\\/\"},\"sameAs\":[\"https:\\\/\\\/www.facebook.com\\\/zhllightinggroup\",\"https:\\\/\\\/x.com\\\/zhl_lighting\"]}]}<\/script>\n<!-- \/ Yoast SEO plugin. -->","yoast_head_json":{"title":"ZHL O Serisi LED Y\u00fcksek Tavan I\u015f\u0131\u011f\u0131 &#8211; ZHL I\u015f\u0131k Grubu","description":"O Serisi UFO LED Y\u00fcksek Tavan I\u015f\u0131\u011f\u0131, sertifikal\u0131 Samsung 2835 yongalar\u0131 ve MOSO Yard\u0131mc\u0131 kayna\u011f\u0131 sayesinde ilk kez ayn\u0131 watt alt\u0131nda sekt\u00f6r lideri 200LM\/W \u00f6zelli\u011fine sahiptir.","robots":{"index":"index","follow":"follow","max-snippet":"max-snippet:-1","max-image-preview":"max-image-preview:large","max-video-preview":"max-video-preview:-1"},"canonical":"https:\/\/www.zhgdled.com\/tr\/o-serisi-led-yuksek-tavan-isigi.html","og_locale":"tr_TR","og_type":"article","og_title":"ZHL O Serisi LED Y\u00fcksek Tavan I\u015f\u0131\u011f\u0131 &#8211; ZHL I\u015f\u0131k Grubu","og_description":"O Serisi UFO LED Y\u00fcksek Tavan I\u015f\u0131\u011f\u0131, sertifikal\u0131 Samsung 2835 yongalar\u0131 ve MOSO Yard\u0131mc\u0131 kayna\u011f\u0131 sayesinde ilk kez ayn\u0131 watt alt\u0131nda sekt\u00f6r lideri 200LM\/W \u00f6zelli\u011fine sahiptir.","og_url":"https:\/\/www.zhgdled.com\/tr\/o-serisi-led-yuksek-tavan-isigi.html","og_site_name":"ZHL I\u015f\u0131k Grubu","article_publisher":"https:\/\/www.facebook.com\/zhllightinggroup","article_modified_time":"2023-12-28T01:57:03+00:00","og_image":[{"width":1600,"height":1600,"url":"https:\/\/www.zhgdled.com\/wp-content\/uploads\/2022\/07\/2.png","type":"image\/png"}],"twitter_card":"summary_large_image","twitter_site":"@zhl_lighting","twitter_misc":{"Tahmini okuma s\u00fcresi":"2 dakika"},"schema":{"@context":"https:\/\/schema.org","@graph":[{"@type":"WebPage","@id":"https:\/\/www.zhgdled.com\/tr\/o-serisi-led-yuksek-tavan-isigi.html","url":"https:\/\/www.zhgdled.com\/tr\/o-serisi-led-yuksek-tavan-isigi.html","name":"ZHL O Serisi LED Y\u00fcksek Tavan I\u015f\u0131\u011f\u0131 &#8211; ZHL I\u015f\u0131k Grubu","isPartOf":{"@id":"https:\/\/www.zhgdled.com\/tr\/#website"},"primaryImageOfPage":{"@id":"https:\/\/www.zhgdled.com\/tr\/o-serisi-led-yuksek-tavan-isigi.html#primaryimage"},"image":{"@id":"https:\/\/www.zhgdled.com\/tr\/o-serisi-led-yuksek-tavan-isigi.html#primaryimage"},"thumbnailUrl":"https:\/\/www.zhgdled.com\/wp-content\/uploads\/2022\/07\/2.png","datePublished":"2023-05-16T03:36:49+00:00","dateModified":"2023-12-28T01:57:03+00:00","description":"O Serisi UFO LED Y\u00fcksek Tavan I\u015f\u0131\u011f\u0131, sertifikal\u0131 Samsung 2835 yongalar\u0131 ve MOSO Yard\u0131mc\u0131 kayna\u011f\u0131 sayesinde ilk kez ayn\u0131 watt alt\u0131nda sekt\u00f6r lideri 200LM\/W \u00f6zelli\u011fine sahiptir.","breadcrumb":{"@id":"https:\/\/www.zhgdled.com\/tr\/o-serisi-led-yuksek-tavan-isigi.html#breadcrumb"},"inLanguage":"tr","potentialAction":[{"@type":"ReadAction","target":["https:\/\/www.zhgdled.com\/tr\/o-serisi-led-yuksek-tavan-isigi.html"]}]},{"@type":"ImageObject","inLanguage":"tr","@id":"https:\/\/www.zhgdled.com\/tr\/o-serisi-led-yuksek-tavan-isigi.html#primaryimage","url":"https:\/\/www.zhgdled.com\/wp-content\/uploads\/2022\/07\/2.png","contentUrl":"https:\/\/www.zhgdled.com\/wp-content\/uploads\/2022\/07\/2.png","width":1600,"height":1600,"caption":"Lumi\u00e8re LED haute baie"},{"@type":"BreadcrumbList","@id":"https:\/\/www.zhgdled.com\/tr\/o-serisi-led-yuksek-tavan-isigi.html#breadcrumb","itemListElement":[{"@type":"ListItem","position":1,"name":"Home","item":"https:\/\/www.zhgdled.com\/tr"},{"@type":"ListItem","position":2,"name":"PRODUCTS","item":"https:\/\/www.zhgdled.com\/zhl-products.html"},{"@type":"ListItem","position":3,"name":"ZHL O Serisi LED Y\u00fcksek Tavan I\u015f\u0131\u011f\u0131"}]},{"@type":"WebSite","@id":"https:\/\/www.zhgdled.com\/tr\/#website","url":"https:\/\/www.zhgdled.com\/tr\/","name":"ZHL I\u015f\u0131k Grubu","description":"Top ranking industrial lighting manufacturer and exporter","publisher":{"@id":"https:\/\/www.zhgdled.com\/tr\/#organization"},"potentialAction":[{"@type":"SearchAction","target":{"@type":"EntryPoint","urlTemplate":"https:\/\/www.zhgdled.com\/tr\/?s={search_term_string}"},"query-input":{"@type":"PropertyValueSpecification","valueRequired":true,"valueName":"search_term_string"}}],"inLanguage":"tr"},{"@type":"Organization","@id":"https:\/\/www.zhgdled.com\/tr\/#organization","name":"ZHL Lighting Group","url":"https:\/\/www.zhgdled.com\/tr\/","logo":{"@type":"ImageObject","inLanguage":"tr","@id":"https:\/\/www.zhgdled.com\/tr\/#\/schema\/logo\/image\/","url":"","contentUrl":"","caption":"ZHL Lighting Group"},"image":{"@id":"https:\/\/www.zhgdled.com\/tr\/#\/schema\/logo\/image\/"},"sameAs":["https:\/\/www.facebook.com\/zhllightinggroup","https:\/\/x.com\/zhl_lighting"]}]}},"_links":{"self":[{"href":"https:\/\/www.zhgdled.com\/tr\/wp-json\/wp\/v2\/product\/12526","targetHints":{"allow":["GET"]}}],"collection":[{"href":"https:\/\/www.zhgdled.com\/tr\/wp-json\/wp\/v2\/product"}],"about":[{"href":"https:\/\/www.zhgdled.com\/tr\/wp-json\/wp\/v2\/types\/product"}],"wp:featuredmedia":[{"embeddable":true,"href":"https:\/\/www.zhgdled.com\/tr\/wp-json\/wp\/v2\/media\/13184"}],"wp:attachment":[{"href":"https:\/\/www.zhgdled.com\/tr\/wp-json\/wp\/v2\/media?parent=12526"}],"wp:term":[{"taxonomy":"product_brand","embeddable":true,"href":"https:\/\/www.zhgdled.com\/tr\/wp-json\/wp\/v2\/product_brand?post=12526"},{"taxonomy":"product_cat","embeddable":true,"href":"https:\/\/www.zhgdled.com\/tr\/wp-json\/wp\/v2\/product_cat?post=12526"},{"taxonomy":"product_tag","embeddable":true,"href":"https:\/\/www.zhgdled.com\/tr\/wp-json\/wp\/v2\/product_tag?post=12526"}],"curies":[{"name":"wp","href":"https:\/\/api.w.org\/{rel}","templated":true}]}}