{"id":12528,"date":"2023-10-24T15:02:14","date_gmt":"2023-07-21T07:02:14","guid":{"rendered":"https:\/\/www.zhgdled.com\/product\/hi-ufo-series-led-high-bay-light"},"modified":"2023-12-28T09:56:59","modified_gmt":"2023-12-28T01:56:59","slug":"hi-ufo-serisi-led-yuksek-tavan-isigi","status":"publish","type":"product","link":"https:\/\/www.zhgdled.com\/tr\/200lm-w-hi-ufo-serisi-led-yuksek-tavan-isigi.html","title":{"rendered":"Hi-UFO Serisi LED Y\u00fcksek Tavan I\u015f\u0131k 200LM\/W"},"content":{"rendered":"<p>Hi-UFO Serisi, Avrupa ve Amerika \u00fclkelerinin esteti\u011fine uygun, a\u011f\u0131r tasar\u0131ma sahip y\u00fcksek tavan ayd\u0131nlatma armat\u00fcr\u00fcd\u00fcr. G\u00f6r\u00fcn\u00fcm tasar\u0131m\u0131, ak\u0131\u015fkanlar mekani\u011fi prensibini benimsemi\u015f, y\u00fcksek \u0131s\u0131l verim ve g\u00fczel g\u00f6r\u00fcn\u00fcme sahiptir.<\/p>\n<p>ZHL, sekt\u00f6rdeki daha geni\u015f ihtiya\u00e7lar\u0131 kar\u015f\u0131layan en yeni Hi-UFO serisi ile \u0131\u015f\u0131k verimlili\u011fini 200lm\/w&#8217;ye y\u00fckseltti!<\/p>\n<p>Boru montaj\u0131, kald\u0131rma, di\u015fli ba\u011flant\u0131lar ve k\u00f6\u015febentler gibi \u00e7e\u015fitli uygun kurulum y\u00f6ntemleri mevcuttur. Yeterli mukavemet ve iyi patlama \u00f6nleme performans\u0131 ile y\u00fcksek yo\u011funluklu al\u00fcminyumdan entegre kal\u0131p d\u00f6k\u00fcm. Y\u00fcksek \u0131\u015f\u0131k ge\u00e7irgenli\u011fi, cam sertli\u011fi IK07\/08&#8217;e ula\u015f\u0131r, yap\u0131\u015ft\u0131r\u0131c\u0131 ile \u00e7ift koruma ve toka ile sabitlenmi\u015ftir. Daha kullan\u0131c\u0131 dostu ve daha iyi enerji tasarrufu sa\u011flayan ak\u0131ll\u0131 mikrodalga sens\u00f6r\u00fc arac\u0131l\u0131\u011f\u0131yla karartma i\u015flevi mevcuttur. Parlama \u00f6nleyici i\u015flevli iste\u011fe ba\u011fl\u0131 mat g\u00fcm\u00fc\u015f y\u00fcksek safl\u0131kta al\u00fcminyum reflekt\u00f6r, basit g\u00f6r\u00fcn\u00fcm, g\u00fc\u00e7l\u00fc ve g\u00fcvenilir yap\u0131.<\/p>\n<p>L\u00fcks ve rekabet\u00e7i fiyatland\u0131rma, y\u00fcksek \u00fcretim hacimlerine ula\u015fman\u0131n alt\u0131nda yatan fakt\u00f6rlerdir.<\/p>\n<p><img decoding=\"async\" class=\"alignnone size-full wp-image-12470\" src=\"https:\/\/www.zhgdled.com\/wp-content\/uploads\/2022\/06\/20220716085323HUFO.png\" alt=\"\" width=\"1384\" height=\"1843\" srcset=\"https:\/\/www.zhgdled.com\/wp-content\/uploads\/2022\/06\/20220716085323HUFO.png 1384w, https:\/\/www.zhgdled.com\/wp-content\/uploads\/2022\/06\/20220716085323HUFO-225x300.png 225w, https:\/\/www.zhgdled.com\/wp-content\/uploads\/2022\/06\/20220716085323HUFO-769x1024.png 769w, https:\/\/www.zhgdled.com\/wp-content\/uploads\/2022\/06\/20220716085323HUFO-768x1023.png 768w, https:\/\/www.zhgdled.com\/wp-content\/uploads\/2022\/06\/20220716085323HUFO-1153x1536.png 1153w, https:\/\/www.zhgdled.com\/wp-content\/uploads\/2022\/06\/20220716085323HUFO-600x799.png 600w, https:\/\/www.zhgdled.com\/wp-content\/uploads\/2022\/06\/20220716085323HUFO-150x200.png 150w\" sizes=\"(max-width: 1384px) 100vw, 1384px\" \/><\/p>\n","protected":false},"excerpt":{"rendered":"<p>Hi-UFO Serisi, Avrupa ve Amerika \u00fclkelerinin esteti\u011fine uygun, a\u011f\u0131r tasar\u0131ma sahip y\u00fcksek tavanl\u0131 ayd\u0131nlatma armat\u00fcr\u00fcd\u00fcr. G\u00f6r\u00fcn\u00fcm tasar\u0131m\u0131, y\u00fcksek termal verimlilik ve g\u00fczel g\u00f6r\u00fcn\u00fcm ile ak\u0131\u015fkanlar mekani\u011fi ilkesini benimser.<\/p>\n<p>ZHL, sekt\u00f6rdeki daha geni\u015f ihtiya\u00e7lar\u0131 kar\u015f\u0131layan en son Hi-UFO serisi ile \u0131\u015f\u0131k verimlili\u011fini 200 lm\/w&#8217;ye y\u00fckseltti! Ve Hi-UFO serisi, Mart 2023&#8217;teki g\u00fcncellemesinden sonra ilk kez ayn\u0131 g\u00fc\u00e7 t\u00fcketimine ula\u015f\u0131rken daha parlak \u0131\u015f\u0131k ve daha uzun kullan\u0131m \u00f6mr\u00fc sa\u011fl\u0131yor.<\/p>\n<p>G\u00fc\u00e7: 100W 150W 200W<br \/>\nLED: Samsung 2835<br \/>\nRenk S\u0131cakl\u0131\u011f\u0131(CCT): 2700-6500K<br \/>\nI\u015f\u0131k Verimi (lm\/w): 200lm\/w +-10%<br \/>\nGiri\u015f Voltaj\u0131(V): AC100-240V\/50-60Hz<br \/>\nPF: &gt;0,9<br \/>\nCRI (Ra&gt;): 80<br \/>\nI\u015f\u0131n A\u00e7\u0131s\u0131(\u00b0): 60\u00b0\/90\u00b0*120\u00b0<br \/>\nIP S\u0131n\u0131f\u0131: IP65<br \/>\nSertifikasyon: CE,ERP<\/p>\n","protected":false},"featured_media":13248,"template":"","meta":[],"product_brand":[],"product_cat":[667],"product_tag":[415],"class_list":{"0":"post-12528","1":"product","2":"type-product","3":"status-publish","4":"has-post-thumbnail","6":"product_cat-yuksek-koy-isik","7":"product_tag-highbay-light-tr","9":"first","10":"instock","11":"featured","12":"shipping-taxable","13":"product-type-simple"},"yoast_head":"<!-- This site is optimized with the Yoast SEO plugin v27.4 - https:\/\/yoast.com\/product\/yoast-seo-wordpress\/ -->\n<title>UFO y\u00fcksek tavan lambas\u0131Hi-UFO Serisi LED Y\u00fcksek Tavan I\u015f\u0131k 200LM\/W &#8211; ZHL I\u015f\u0131k Grubu<\/title>\n<meta name=\"description\" content=\"Hi-UFO Serisi, Avrupa ve Amerika \u00fclkelerinin esteti\u011fine uygun, a\u011f\u0131r tasar\u0131ma sahip y\u00fcksek tavan ayd\u0131nlatma armat\u00fcr\u00fcd\u00fcr. G\u00f6r\u00fcn\u00fcm tasar\u0131m\u0131, ak\u0131\u015fkanlar mekani\u011fi prensibini benimsemi\u015f, y\u00fcksek \u0131s\u0131l verim ve g\u00fczel g\u00f6r\u00fcn\u00fcme sahiptir.\" \/>\n<meta name=\"robots\" content=\"index, follow, max-snippet:-1, max-image-preview:large, max-video-preview:-1\" \/>\n<link rel=\"canonical\" href=\"https:\/\/www.zhgdled.com\/tr\/200lm-w-hi-ufo-serisi-led-yuksek-tavan-isigi.html\" \/>\n<meta property=\"og:locale\" content=\"tr_TR\" \/>\n<meta property=\"og:type\" content=\"article\" \/>\n<meta property=\"og:title\" content=\"UFO y\u00fcksek tavan lambas\u0131Hi-UFO Serisi LED Y\u00fcksek Tavan I\u015f\u0131k 200LM\/W &#8211; ZHL I\u015f\u0131k Grubu\" \/>\n<meta property=\"og:description\" content=\"Hi-UFO Serisi, Avrupa ve Amerika \u00fclkelerinin esteti\u011fine uygun, a\u011f\u0131r tasar\u0131ma sahip y\u00fcksek tavan ayd\u0131nlatma armat\u00fcr\u00fcd\u00fcr. G\u00f6r\u00fcn\u00fcm tasar\u0131m\u0131, ak\u0131\u015fkanlar mekani\u011fi prensibini benimsemi\u015f, y\u00fcksek \u0131s\u0131l verim ve g\u00fczel g\u00f6r\u00fcn\u00fcme sahiptir.\" \/>\n<meta property=\"og:url\" content=\"https:\/\/www.zhgdled.com\/tr\/200lm-w-hi-ufo-serisi-led-yuksek-tavan-isigi.html\" \/>\n<meta property=\"og:site_name\" content=\"ZHL I\u015f\u0131k Grubu\" \/>\n<meta property=\"article:publisher\" content=\"https:\/\/www.facebook.com\/zhllightinggroup\" \/>\n<meta property=\"article:modified_time\" content=\"2023-12-28T01:56:59+00:00\" \/>\n<meta property=\"og:image\" content=\"https:\/\/www.zhgdled.com\/wp-content\/uploads\/2022\/06\/4-4.png\" \/>\n\t<meta property=\"og:image:width\" content=\"1600\" \/>\n\t<meta property=\"og:image:height\" content=\"1600\" \/>\n\t<meta property=\"og:image:type\" content=\"image\/png\" \/>\n<meta name=\"twitter:card\" content=\"summary_large_image\" \/>\n<meta name=\"twitter:site\" content=\"@zhl_lighting\" \/>\n<meta name=\"twitter:label1\" content=\"Tahmini okuma s\u00fcresi\" \/>\n\t<meta name=\"twitter:data1\" content=\"1 dakika\" \/>\n<script type=\"application\/ld+json\" class=\"yoast-schema-graph\">{\"@context\":\"https:\\\/\\\/schema.org\",\"@graph\":[{\"@type\":\"WebPage\",\"@id\":\"https:\\\/\\\/www.zhgdled.com\\\/tr\\\/200lm-w-hi-ufo-serisi-led-yuksek-tavan-isigi.html\",\"url\":\"https:\\\/\\\/www.zhgdled.com\\\/tr\\\/200lm-w-hi-ufo-serisi-led-yuksek-tavan-isigi.html\",\"name\":\"UFO y\u00fcksek tavan lambas\u0131Hi-UFO Serisi LED Y\u00fcksek Tavan I\u015f\u0131k 200LM\\\/W &#8211; ZHL I\u015f\u0131k Grubu\",\"isPartOf\":{\"@id\":\"https:\\\/\\\/www.zhgdled.com\\\/tr\\\/#website\"},\"primaryImageOfPage\":{\"@id\":\"https:\\\/\\\/www.zhgdled.com\\\/tr\\\/200lm-w-hi-ufo-serisi-led-yuksek-tavan-isigi.html#primaryimage\"},\"image\":{\"@id\":\"https:\\\/\\\/www.zhgdled.com\\\/tr\\\/200lm-w-hi-ufo-serisi-led-yuksek-tavan-isigi.html#primaryimage\"},\"thumbnailUrl\":\"https:\\\/\\\/www.zhgdled.com\\\/wp-content\\\/uploads\\\/2022\\\/06\\\/4-4.png\",\"datePublished\":\"2023-07-21T07:02:14+00:00\",\"dateModified\":\"2023-12-28T01:56:59+00:00\",\"description\":\"Hi-UFO Serisi, Avrupa ve Amerika \u00fclkelerinin esteti\u011fine uygun, a\u011f\u0131r tasar\u0131ma sahip y\u00fcksek tavan ayd\u0131nlatma armat\u00fcr\u00fcd\u00fcr. G\u00f6r\u00fcn\u00fcm tasar\u0131m\u0131, ak\u0131\u015fkanlar mekani\u011fi prensibini benimsemi\u015f, y\u00fcksek \u0131s\u0131l verim ve g\u00fczel g\u00f6r\u00fcn\u00fcme sahiptir.\",\"breadcrumb\":{\"@id\":\"https:\\\/\\\/www.zhgdled.com\\\/tr\\\/200lm-w-hi-ufo-serisi-led-yuksek-tavan-isigi.html#breadcrumb\"},\"inLanguage\":\"tr\",\"potentialAction\":[{\"@type\":\"ReadAction\",\"target\":[\"https:\\\/\\\/www.zhgdled.com\\\/tr\\\/200lm-w-hi-ufo-serisi-led-yuksek-tavan-isigi.html\"]}]},{\"@type\":\"ImageObject\",\"inLanguage\":\"tr\",\"@id\":\"https:\\\/\\\/www.zhgdled.com\\\/tr\\\/200lm-w-hi-ufo-serisi-led-yuksek-tavan-isigi.html#primaryimage\",\"url\":\"https:\\\/\\\/www.zhgdled.com\\\/wp-content\\\/uploads\\\/2022\\\/06\\\/4-4.png\",\"contentUrl\":\"https:\\\/\\\/www.zhgdled.com\\\/wp-content\\\/uploads\\\/2022\\\/06\\\/4-4.png\",\"width\":1600,\"height\":1600,\"caption\":\"hi-ufo serisi y\u00fcksek tavan lambas\u0131\"},{\"@type\":\"BreadcrumbList\",\"@id\":\"https:\\\/\\\/www.zhgdled.com\\\/tr\\\/200lm-w-hi-ufo-serisi-led-yuksek-tavan-isigi.html#breadcrumb\",\"itemListElement\":[{\"@type\":\"ListItem\",\"position\":1,\"name\":\"Home\",\"item\":\"https:\\\/\\\/www.zhgdled.com\\\/tr\"},{\"@type\":\"ListItem\",\"position\":2,\"name\":\"PRODUCTS\",\"item\":\"https:\\\/\\\/www.zhgdled.com\\\/zhl-products.html\"},{\"@type\":\"ListItem\",\"position\":3,\"name\":\"Hi-UFO Serisi LED Y\u00fcksek Tavan I\u015f\u0131k 200LM\\\/W\"}]},{\"@type\":\"WebSite\",\"@id\":\"https:\\\/\\\/www.zhgdled.com\\\/tr\\\/#website\",\"url\":\"https:\\\/\\\/www.zhgdled.com\\\/tr\\\/\",\"name\":\"ZHL I\u015f\u0131k Grubu\",\"description\":\"Top ranking industrial lighting manufacturer and exporter\",\"publisher\":{\"@id\":\"https:\\\/\\\/www.zhgdled.com\\\/tr\\\/#organization\"},\"potentialAction\":[{\"@type\":\"SearchAction\",\"target\":{\"@type\":\"EntryPoint\",\"urlTemplate\":\"https:\\\/\\\/www.zhgdled.com\\\/tr\\\/?s={search_term_string}\"},\"query-input\":{\"@type\":\"PropertyValueSpecification\",\"valueRequired\":true,\"valueName\":\"search_term_string\"}}],\"inLanguage\":\"tr\"},{\"@type\":\"Organization\",\"@id\":\"https:\\\/\\\/www.zhgdled.com\\\/tr\\\/#organization\",\"name\":\"ZHL Lighting Group\",\"url\":\"https:\\\/\\\/www.zhgdled.com\\\/tr\\\/\",\"logo\":{\"@type\":\"ImageObject\",\"inLanguage\":\"tr\",\"@id\":\"https:\\\/\\\/www.zhgdled.com\\\/tr\\\/#\\\/schema\\\/logo\\\/image\\\/\",\"url\":\"\",\"contentUrl\":\"\",\"caption\":\"ZHL Lighting Group\"},\"image\":{\"@id\":\"https:\\\/\\\/www.zhgdled.com\\\/tr\\\/#\\\/schema\\\/logo\\\/image\\\/\"},\"sameAs\":[\"https:\\\/\\\/www.facebook.com\\\/zhllightinggroup\",\"https:\\\/\\\/x.com\\\/zhl_lighting\"]}]}<\/script>\n<!-- \/ Yoast SEO plugin. -->","yoast_head_json":{"title":"UFO y\u00fcksek tavan lambas\u0131Hi-UFO Serisi LED Y\u00fcksek Tavan I\u015f\u0131k 200LM\/W &#8211; ZHL I\u015f\u0131k Grubu","description":"Hi-UFO Serisi, Avrupa ve Amerika \u00fclkelerinin esteti\u011fine uygun, a\u011f\u0131r tasar\u0131ma sahip y\u00fcksek tavan ayd\u0131nlatma armat\u00fcr\u00fcd\u00fcr. G\u00f6r\u00fcn\u00fcm tasar\u0131m\u0131, ak\u0131\u015fkanlar mekani\u011fi prensibini benimsemi\u015f, y\u00fcksek \u0131s\u0131l verim ve g\u00fczel g\u00f6r\u00fcn\u00fcme sahiptir.","robots":{"index":"index","follow":"follow","max-snippet":"max-snippet:-1","max-image-preview":"max-image-preview:large","max-video-preview":"max-video-preview:-1"},"canonical":"https:\/\/www.zhgdled.com\/tr\/200lm-w-hi-ufo-serisi-led-yuksek-tavan-isigi.html","og_locale":"tr_TR","og_type":"article","og_title":"UFO y\u00fcksek tavan lambas\u0131Hi-UFO Serisi LED Y\u00fcksek Tavan I\u015f\u0131k 200LM\/W &#8211; ZHL I\u015f\u0131k Grubu","og_description":"Hi-UFO Serisi, Avrupa ve Amerika \u00fclkelerinin esteti\u011fine uygun, a\u011f\u0131r tasar\u0131ma sahip y\u00fcksek tavan ayd\u0131nlatma armat\u00fcr\u00fcd\u00fcr. G\u00f6r\u00fcn\u00fcm tasar\u0131m\u0131, ak\u0131\u015fkanlar mekani\u011fi prensibini benimsemi\u015f, y\u00fcksek \u0131s\u0131l verim ve g\u00fczel g\u00f6r\u00fcn\u00fcme sahiptir.","og_url":"https:\/\/www.zhgdled.com\/tr\/200lm-w-hi-ufo-serisi-led-yuksek-tavan-isigi.html","og_site_name":"ZHL I\u015f\u0131k Grubu","article_publisher":"https:\/\/www.facebook.com\/zhllightinggroup","article_modified_time":"2023-12-28T01:56:59+00:00","og_image":[{"width":1600,"height":1600,"url":"https:\/\/www.zhgdled.com\/wp-content\/uploads\/2022\/06\/4-4.png","type":"image\/png"}],"twitter_card":"summary_large_image","twitter_site":"@zhl_lighting","twitter_misc":{"Tahmini okuma s\u00fcresi":"1 dakika"},"schema":{"@context":"https:\/\/schema.org","@graph":[{"@type":"WebPage","@id":"https:\/\/www.zhgdled.com\/tr\/200lm-w-hi-ufo-serisi-led-yuksek-tavan-isigi.html","url":"https:\/\/www.zhgdled.com\/tr\/200lm-w-hi-ufo-serisi-led-yuksek-tavan-isigi.html","name":"UFO y\u00fcksek tavan lambas\u0131Hi-UFO Serisi LED Y\u00fcksek Tavan I\u015f\u0131k 200LM\/W &#8211; ZHL I\u015f\u0131k Grubu","isPartOf":{"@id":"https:\/\/www.zhgdled.com\/tr\/#website"},"primaryImageOfPage":{"@id":"https:\/\/www.zhgdled.com\/tr\/200lm-w-hi-ufo-serisi-led-yuksek-tavan-isigi.html#primaryimage"},"image":{"@id":"https:\/\/www.zhgdled.com\/tr\/200lm-w-hi-ufo-serisi-led-yuksek-tavan-isigi.html#primaryimage"},"thumbnailUrl":"https:\/\/www.zhgdled.com\/wp-content\/uploads\/2022\/06\/4-4.png","datePublished":"2023-07-21T07:02:14+00:00","dateModified":"2023-12-28T01:56:59+00:00","description":"Hi-UFO Serisi, Avrupa ve Amerika \u00fclkelerinin esteti\u011fine uygun, a\u011f\u0131r tasar\u0131ma sahip y\u00fcksek tavan ayd\u0131nlatma armat\u00fcr\u00fcd\u00fcr. G\u00f6r\u00fcn\u00fcm tasar\u0131m\u0131, ak\u0131\u015fkanlar mekani\u011fi prensibini benimsemi\u015f, y\u00fcksek \u0131s\u0131l verim ve g\u00fczel g\u00f6r\u00fcn\u00fcme sahiptir.","breadcrumb":{"@id":"https:\/\/www.zhgdled.com\/tr\/200lm-w-hi-ufo-serisi-led-yuksek-tavan-isigi.html#breadcrumb"},"inLanguage":"tr","potentialAction":[{"@type":"ReadAction","target":["https:\/\/www.zhgdled.com\/tr\/200lm-w-hi-ufo-serisi-led-yuksek-tavan-isigi.html"]}]},{"@type":"ImageObject","inLanguage":"tr","@id":"https:\/\/www.zhgdled.com\/tr\/200lm-w-hi-ufo-serisi-led-yuksek-tavan-isigi.html#primaryimage","url":"https:\/\/www.zhgdled.com\/wp-content\/uploads\/2022\/06\/4-4.png","contentUrl":"https:\/\/www.zhgdled.com\/wp-content\/uploads\/2022\/06\/4-4.png","width":1600,"height":1600,"caption":"hi-ufo serisi y\u00fcksek tavan lambas\u0131"},{"@type":"BreadcrumbList","@id":"https:\/\/www.zhgdled.com\/tr\/200lm-w-hi-ufo-serisi-led-yuksek-tavan-isigi.html#breadcrumb","itemListElement":[{"@type":"ListItem","position":1,"name":"Home","item":"https:\/\/www.zhgdled.com\/tr"},{"@type":"ListItem","position":2,"name":"PRODUCTS","item":"https:\/\/www.zhgdled.com\/zhl-products.html"},{"@type":"ListItem","position":3,"name":"Hi-UFO Serisi LED Y\u00fcksek Tavan I\u015f\u0131k 200LM\/W"}]},{"@type":"WebSite","@id":"https:\/\/www.zhgdled.com\/tr\/#website","url":"https:\/\/www.zhgdled.com\/tr\/","name":"ZHL I\u015f\u0131k Grubu","description":"Top ranking industrial lighting manufacturer and exporter","publisher":{"@id":"https:\/\/www.zhgdled.com\/tr\/#organization"},"potentialAction":[{"@type":"SearchAction","target":{"@type":"EntryPoint","urlTemplate":"https:\/\/www.zhgdled.com\/tr\/?s={search_term_string}"},"query-input":{"@type":"PropertyValueSpecification","valueRequired":true,"valueName":"search_term_string"}}],"inLanguage":"tr"},{"@type":"Organization","@id":"https:\/\/www.zhgdled.com\/tr\/#organization","name":"ZHL Lighting Group","url":"https:\/\/www.zhgdled.com\/tr\/","logo":{"@type":"ImageObject","inLanguage":"tr","@id":"https:\/\/www.zhgdled.com\/tr\/#\/schema\/logo\/image\/","url":"","contentUrl":"","caption":"ZHL Lighting Group"},"image":{"@id":"https:\/\/www.zhgdled.com\/tr\/#\/schema\/logo\/image\/"},"sameAs":["https:\/\/www.facebook.com\/zhllightinggroup","https:\/\/x.com\/zhl_lighting"]}]}},"_links":{"self":[{"href":"https:\/\/www.zhgdled.com\/tr\/wp-json\/wp\/v2\/product\/12528","targetHints":{"allow":["GET"]}}],"collection":[{"href":"https:\/\/www.zhgdled.com\/tr\/wp-json\/wp\/v2\/product"}],"about":[{"href":"https:\/\/www.zhgdled.com\/tr\/wp-json\/wp\/v2\/types\/product"}],"wp:featuredmedia":[{"embeddable":true,"href":"https:\/\/www.zhgdled.com\/tr\/wp-json\/wp\/v2\/media\/13248"}],"wp:attachment":[{"href":"https:\/\/www.zhgdled.com\/tr\/wp-json\/wp\/v2\/media?parent=12528"}],"wp:term":[{"taxonomy":"product_brand","embeddable":true,"href":"https:\/\/www.zhgdled.com\/tr\/wp-json\/wp\/v2\/product_brand?post=12528"},{"taxonomy":"product_cat","embeddable":true,"href":"https:\/\/www.zhgdled.com\/tr\/wp-json\/wp\/v2\/product_cat?post=12528"},{"taxonomy":"product_tag","embeddable":true,"href":"https:\/\/www.zhgdled.com\/tr\/wp-json\/wp\/v2\/product_tag?post=12528"}],"curies":[{"name":"wp","href":"https:\/\/api.w.org\/{rel}","templated":true}]}}