{"id":12570,"date":"2023-05-25T10:02:05","date_gmt":"2021-10-27T02:02:05","guid":{"rendered":"https:\/\/www.zhgdled.com\/product\/300w-1000w-galaxy-series-flooglight"},"modified":"2023-12-28T11:43:20","modified_gmt":"2023-12-28T03:43:20","slug":"300w-1000w-galaxy-series-flooglight","status":"publish","type":"product","link":"https:\/\/www.zhgdled.com\/tr\/300w-1000w-galaxy-serisi-projektor.html","title":{"rendered":"300W-1000W Galaxy Serisi Projekt\u00f6r"},"content":{"rendered":"<h2>Y\u00dcKSEK WATTLI GEN\u0130\u015e I\u015eIN YAYILMA A\u00c7ISI<\/h2>\n<p>GALAXY Serisi mod\u00fcler projekt\u00f6r, geni\u015f bir huzmeye ve y\u00fcksek voltaja sahip y\u00fcksek yo\u011funluklu bir \u0131\u015f\u0131kt\u0131r. 60 derece ile 120 derece aras\u0131nda herhangi bir \u0131\u015f\u0131n yay\u0131lma aral\u0131\u011f\u0131na sahiptir ve d\u0131\u015f mekan uygulamalar\u0131 i\u00e7in uygundur. Uygulaman\u0131z y\u00fcksek \u0131\u015f\u0131k ak\u0131s\u0131na sahip, geni\u015f ayd\u0131nlatma alanl\u0131 bir ayd\u0131nlatma armat\u00fcr\u00fcne ihtiya\u00e7 duyuyorsa Galaxy Serisi tam size g\u00f6re. Ayr\u0131ca, Galaxy serisi projekt\u00f6r, anl\u0131k ihtiya\u00e7lara g\u00f6re \u0131\u015f\u0131k panolar\u0131 eklemenize veya \u00e7\u0131karman\u0131za olanak tan\u0131yan mod\u00fcler bir tasar\u0131ma sahiptir.<\/p>\n<blockquote><p>Bir katalo\u011fa m\u0131 ihtiyac\u0131n\u0131z var? <a href=\"https:\/\/www.zhgdled.com\/download\/catalogue-of-galaxy-series-modular-flood-light\">Buraya t\u0131klay\u0131n.<\/a><\/p><\/blockquote>\n<h2>\u015eartname<\/h2>\n<table width=\"649\">\n<tbody>\n<tr>\n<td width=\"186\">H\u0131zl\u0131 Ayr\u0131nt\u0131lar<\/td>\n<td width=\"463\"><\/td>\n<\/tr>\n<tr>\n<td>G\u00fc\u00e7<\/td>\n<td>300W 400W 500W 600W 800W 1000W<\/td>\n<\/tr>\n<tr>\n<td>LED<\/td>\n<td>Philips \/Tiandian\/Samsung3030<\/td>\n<\/tr>\n<tr>\n<td>Renk S\u0131cakl\u0131\u011f\u0131(CCT)<\/td>\n<td>2700-6500K<\/td>\n<\/tr>\n<tr>\n<td>I\u015f\u0131k Verimlili\u011fi(lm\/w)<\/td>\n<td>120lm\/w &#8211; 130lm\/w<\/td>\n<\/tr>\n<tr>\n<td>Giri\u015f Voltaj\u0131(V)<\/td>\n<td width=\"463\">AC100V-277V\/50-60Hz<\/td>\n<\/tr>\n<tr>\n<td>PF<\/td>\n<td>&gt;0.9<\/td>\n<\/tr>\n<tr>\n<td>CRI (Ra&gt;)<\/td>\n<td>80 \/ 70<\/td>\n<\/tr>\n<tr>\n<td>I\u015f\u0131n A\u00e7\u0131s\u0131(\u00b0)<\/td>\n<td>30\u00b0\/60\u00b0\/90\u00b0\/45*80<\/td>\n<\/tr>\n<tr>\n<td>IP S\u0131n\u0131f\u0131<\/td>\n<td>IP65<\/td>\n<\/tr>\n<tr>\n<td>Malzeme<\/td>\n<td>Al\u00fcminyum G\u00f6vde +\u00a0 PC Lens<\/td>\n<\/tr>\n<tr>\n<td>\u00c7al\u0131\u015fma S\u0131cakl\u0131\u011f\u0131(\u2103)<\/td>\n<td>-20-50<\/td>\n<\/tr>\n<tr>\n<td>Garanti(Y\u0131l)<\/td>\n<td>5 Years<\/td>\n<\/tr>\n<tr>\n<td>Belgelendirme<\/td>\n<td>CE,ERP,RoHS, Vibration, Wind Force<\/td>\n<\/tr>\n<tr>\n<td>S\u00fcr\u00fcc\u00fc<\/td>\n<td>ZHL Markas\u0131 \/ Sosen \/ Meanwell<\/td>\n<\/tr>\n<tr>\n<td>A\u015f\u0131r\u0131 Gerilim Korumas\u0131<\/td>\n<td>10KV<\/td>\n<\/tr>\n<\/tbody>\n<\/table>\n","protected":false},"excerpt":{"rendered":"<p>Profesyonel d\u0131\u015f mekan ayd\u0131nlatma \u00fcreticisi ZHL Lighting taraf\u0131ndan sunulan Galaxy Serisi mod\u00fcler tasar\u0131ml\u0131 projekt\u00f6r, futbol sahas\u0131, parklar, meydanlar, at\u00f6lyeler gibi zorlu d\u0131\u015f mekan ko\u015fullar\u0131 i\u00e7in uygundur. Sosen (veya meanwell) g\u00fc\u00e7 s\u00fcr\u00fcc\u00fcleri taraf\u0131ndan \u00e7al\u0131\u015ft\u0131r\u0131lan yerle\u015fik Samsung LED gemileri, Galaxy Serisi titreme olmadan an\u0131nda a\u00e7\u0131l\u0131r\/kapan\u0131r. 130 lm\/w verimlilik, geleneksel sodyum lambalara veya c\u0131val\u0131 lambalara k\u0131yasla %60 enerji tasarrufunu garanti eder.<\/p>\n<p>300W 400W 500W 600W 800W 1000W olarak mevcuttur<br \/>\nPhilips \/Tiandian \/ Samsung 3030 LED gemileri<br \/>\n2700K &#8211; 6500K olarak mevcuttur<br \/>\n120 lm\/a \/ 130 lm\/a<br \/>\nAC100V-277V \/ 50-60Hz<br \/>\nCRI ra&gt;80<br \/>\nCE, ERP, RoHS, Titre\u015fim, R\u00fczgar Kuvveti<\/p>\n","protected":false},"featured_media":13551,"template":"","meta":[],"product_brand":[],"product_cat":[666],"product_tag":[],"class_list":{"0":"post-12570","1":"product","2":"type-product","3":"status-publish","4":"has-post-thumbnail","6":"product_cat-led-projektorler","8":"first","9":"instock","10":"shipping-taxable","11":"product-type-simple"},"yoast_head":"<!-- This site is optimized with the Yoast SEO plugin v27.4 - https:\/\/yoast.com\/product\/yoast-seo-wordpress\/ -->\n<title>300W-1000W Galaxy Serisi Projekt\u00f6r &#8211; ZHL I\u015f\u0131k Grubu<\/title>\n<meta name=\"description\" content=\"GALAXY Serisi mod\u00fcler projekt\u00f6r, geni\u015f bir huzmeye ve y\u00fcksek voltaja sahip y\u00fcksek yo\u011funluklu bir \u0131\u015f\u0131kt\u0131r.\" \/>\n<meta name=\"robots\" content=\"index, follow, max-snippet:-1, max-image-preview:large, max-video-preview:-1\" \/>\n<link rel=\"canonical\" href=\"https:\/\/www.zhgdled.com\/tr\/300w-1000w-galaxy-serisi-projektor.html\" \/>\n<meta property=\"og:locale\" content=\"tr_TR\" \/>\n<meta property=\"og:type\" content=\"article\" \/>\n<meta property=\"og:title\" content=\"300W-1000W Galaxy Serisi Projekt\u00f6r &#8211; ZHL I\u015f\u0131k Grubu\" \/>\n<meta property=\"og:description\" content=\"GALAXY Serisi mod\u00fcler projekt\u00f6r, geni\u015f bir huzmeye ve y\u00fcksek voltaja sahip y\u00fcksek yo\u011funluklu bir \u0131\u015f\u0131kt\u0131r.\" \/>\n<meta property=\"og:url\" content=\"https:\/\/www.zhgdled.com\/tr\/300w-1000w-galaxy-serisi-projektor.html\" \/>\n<meta property=\"og:site_name\" content=\"ZHL I\u015f\u0131k Grubu\" \/>\n<meta property=\"article:publisher\" content=\"https:\/\/www.facebook.com\/zhllightinggroup\" \/>\n<meta property=\"article:modified_time\" content=\"2023-12-28T03:43:20+00:00\" \/>\n<meta property=\"og:image\" content=\"https:\/\/www.zhgdled.com\/wp-content\/uploads\/2021\/10\/28-1024x1024.png\" \/>\n\t<meta property=\"og:image:width\" content=\"1024\" \/>\n\t<meta property=\"og:image:height\" content=\"1024\" \/>\n\t<meta property=\"og:image:type\" content=\"image\/png\" \/>\n<meta name=\"twitter:card\" content=\"summary_large_image\" \/>\n<meta name=\"twitter:site\" content=\"@zhl_lighting\" \/>\n<meta name=\"twitter:label1\" content=\"Tahmini okuma s\u00fcresi\" \/>\n\t<meta name=\"twitter:data1\" content=\"1 dakika\" \/>\n<script type=\"application\/ld+json\" class=\"yoast-schema-graph\">{\"@context\":\"https:\\\/\\\/schema.org\",\"@graph\":[{\"@type\":\"WebPage\",\"@id\":\"https:\\\/\\\/www.zhgdled.com\\\/tr\\\/300w-1000w-galaxy-serisi-projektor.html\",\"url\":\"https:\\\/\\\/www.zhgdled.com\\\/tr\\\/300w-1000w-galaxy-serisi-projektor.html\",\"name\":\"300W-1000W Galaxy Serisi Projekt\u00f6r &#8211; ZHL I\u015f\u0131k Grubu\",\"isPartOf\":{\"@id\":\"https:\\\/\\\/www.zhgdled.com\\\/tr\\\/#website\"},\"primaryImageOfPage\":{\"@id\":\"https:\\\/\\\/www.zhgdled.com\\\/tr\\\/300w-1000w-galaxy-serisi-projektor.html#primaryimage\"},\"image\":{\"@id\":\"https:\\\/\\\/www.zhgdled.com\\\/tr\\\/300w-1000w-galaxy-serisi-projektor.html#primaryimage\"},\"thumbnailUrl\":\"https:\\\/\\\/www.zhgdled.com\\\/wp-content\\\/uploads\\\/2021\\\/10\\\/28.png\",\"datePublished\":\"2021-10-27T02:02:05+00:00\",\"dateModified\":\"2023-12-28T03:43:20+00:00\",\"description\":\"GALAXY Serisi mod\u00fcler projekt\u00f6r, geni\u015f bir huzmeye ve y\u00fcksek voltaja sahip y\u00fcksek yo\u011funluklu bir \u0131\u015f\u0131kt\u0131r.\",\"breadcrumb\":{\"@id\":\"https:\\\/\\\/www.zhgdled.com\\\/tr\\\/300w-1000w-galaxy-serisi-projektor.html#breadcrumb\"},\"inLanguage\":\"tr\",\"potentialAction\":[{\"@type\":\"ReadAction\",\"target\":[\"https:\\\/\\\/www.zhgdled.com\\\/tr\\\/300w-1000w-galaxy-serisi-projektor.html\"]}]},{\"@type\":\"ImageObject\",\"inLanguage\":\"tr\",\"@id\":\"https:\\\/\\\/www.zhgdled.com\\\/tr\\\/300w-1000w-galaxy-serisi-projektor.html#primaryimage\",\"url\":\"https:\\\/\\\/www.zhgdled.com\\\/wp-content\\\/uploads\\\/2021\\\/10\\\/28.png\",\"contentUrl\":\"https:\\\/\\\/www.zhgdled.com\\\/wp-content\\\/uploads\\\/2021\\\/10\\\/28.png\",\"width\":1600,\"height\":1600,\"caption\":\"galaxu series modular flood light\"},{\"@type\":\"BreadcrumbList\",\"@id\":\"https:\\\/\\\/www.zhgdled.com\\\/tr\\\/300w-1000w-galaxy-serisi-projektor.html#breadcrumb\",\"itemListElement\":[{\"@type\":\"ListItem\",\"position\":1,\"name\":\"Home\",\"item\":\"https:\\\/\\\/www.zhgdled.com\\\/tr\"},{\"@type\":\"ListItem\",\"position\":2,\"name\":\"PRODUCTS\",\"item\":\"https:\\\/\\\/www.zhgdled.com\\\/zhl-products.html\"},{\"@type\":\"ListItem\",\"position\":3,\"name\":\"300W-1000W Galaxy Serisi Projekt\u00f6r\"}]},{\"@type\":\"WebSite\",\"@id\":\"https:\\\/\\\/www.zhgdled.com\\\/tr\\\/#website\",\"url\":\"https:\\\/\\\/www.zhgdled.com\\\/tr\\\/\",\"name\":\"ZHL I\u015f\u0131k Grubu\",\"description\":\"Top ranking industrial lighting manufacturer and exporter\",\"publisher\":{\"@id\":\"https:\\\/\\\/www.zhgdled.com\\\/tr\\\/#organization\"},\"potentialAction\":[{\"@type\":\"SearchAction\",\"target\":{\"@type\":\"EntryPoint\",\"urlTemplate\":\"https:\\\/\\\/www.zhgdled.com\\\/tr\\\/?s={search_term_string}\"},\"query-input\":{\"@type\":\"PropertyValueSpecification\",\"valueRequired\":true,\"valueName\":\"search_term_string\"}}],\"inLanguage\":\"tr\"},{\"@type\":\"Organization\",\"@id\":\"https:\\\/\\\/www.zhgdled.com\\\/tr\\\/#organization\",\"name\":\"ZHL Lighting Group\",\"url\":\"https:\\\/\\\/www.zhgdled.com\\\/tr\\\/\",\"logo\":{\"@type\":\"ImageObject\",\"inLanguage\":\"tr\",\"@id\":\"https:\\\/\\\/www.zhgdled.com\\\/tr\\\/#\\\/schema\\\/logo\\\/image\\\/\",\"url\":\"\",\"contentUrl\":\"\",\"caption\":\"ZHL Lighting Group\"},\"image\":{\"@id\":\"https:\\\/\\\/www.zhgdled.com\\\/tr\\\/#\\\/schema\\\/logo\\\/image\\\/\"},\"sameAs\":[\"https:\\\/\\\/www.facebook.com\\\/zhllightinggroup\",\"https:\\\/\\\/x.com\\\/zhl_lighting\"]}]}<\/script>\n<!-- \/ Yoast SEO plugin. -->","yoast_head_json":{"title":"300W-1000W Galaxy Serisi Projekt\u00f6r &#8211; ZHL I\u015f\u0131k Grubu","description":"GALAXY Serisi mod\u00fcler projekt\u00f6r, geni\u015f bir huzmeye ve y\u00fcksek voltaja sahip y\u00fcksek yo\u011funluklu bir \u0131\u015f\u0131kt\u0131r.","robots":{"index":"index","follow":"follow","max-snippet":"max-snippet:-1","max-image-preview":"max-image-preview:large","max-video-preview":"max-video-preview:-1"},"canonical":"https:\/\/www.zhgdled.com\/tr\/300w-1000w-galaxy-serisi-projektor.html","og_locale":"tr_TR","og_type":"article","og_title":"300W-1000W Galaxy Serisi Projekt\u00f6r &#8211; ZHL I\u015f\u0131k Grubu","og_description":"GALAXY Serisi mod\u00fcler projekt\u00f6r, geni\u015f bir huzmeye ve y\u00fcksek voltaja sahip y\u00fcksek yo\u011funluklu bir \u0131\u015f\u0131kt\u0131r.","og_url":"https:\/\/www.zhgdled.com\/tr\/300w-1000w-galaxy-serisi-projektor.html","og_site_name":"ZHL I\u015f\u0131k Grubu","article_publisher":"https:\/\/www.facebook.com\/zhllightinggroup","article_modified_time":"2023-12-28T03:43:20+00:00","og_image":[{"width":1024,"height":1024,"url":"https:\/\/www.zhgdled.com\/wp-content\/uploads\/2021\/10\/28-1024x1024.png","type":"image\/png"}],"twitter_card":"summary_large_image","twitter_site":"@zhl_lighting","twitter_misc":{"Tahmini okuma s\u00fcresi":"1 dakika"},"schema":{"@context":"https:\/\/schema.org","@graph":[{"@type":"WebPage","@id":"https:\/\/www.zhgdled.com\/tr\/300w-1000w-galaxy-serisi-projektor.html","url":"https:\/\/www.zhgdled.com\/tr\/300w-1000w-galaxy-serisi-projektor.html","name":"300W-1000W Galaxy Serisi Projekt\u00f6r &#8211; ZHL I\u015f\u0131k Grubu","isPartOf":{"@id":"https:\/\/www.zhgdled.com\/tr\/#website"},"primaryImageOfPage":{"@id":"https:\/\/www.zhgdled.com\/tr\/300w-1000w-galaxy-serisi-projektor.html#primaryimage"},"image":{"@id":"https:\/\/www.zhgdled.com\/tr\/300w-1000w-galaxy-serisi-projektor.html#primaryimage"},"thumbnailUrl":"https:\/\/www.zhgdled.com\/wp-content\/uploads\/2021\/10\/28.png","datePublished":"2021-10-27T02:02:05+00:00","dateModified":"2023-12-28T03:43:20+00:00","description":"GALAXY Serisi mod\u00fcler projekt\u00f6r, geni\u015f bir huzmeye ve y\u00fcksek voltaja sahip y\u00fcksek yo\u011funluklu bir \u0131\u015f\u0131kt\u0131r.","breadcrumb":{"@id":"https:\/\/www.zhgdled.com\/tr\/300w-1000w-galaxy-serisi-projektor.html#breadcrumb"},"inLanguage":"tr","potentialAction":[{"@type":"ReadAction","target":["https:\/\/www.zhgdled.com\/tr\/300w-1000w-galaxy-serisi-projektor.html"]}]},{"@type":"ImageObject","inLanguage":"tr","@id":"https:\/\/www.zhgdled.com\/tr\/300w-1000w-galaxy-serisi-projektor.html#primaryimage","url":"https:\/\/www.zhgdled.com\/wp-content\/uploads\/2021\/10\/28.png","contentUrl":"https:\/\/www.zhgdled.com\/wp-content\/uploads\/2021\/10\/28.png","width":1600,"height":1600,"caption":"galaxu series modular flood light"},{"@type":"BreadcrumbList","@id":"https:\/\/www.zhgdled.com\/tr\/300w-1000w-galaxy-serisi-projektor.html#breadcrumb","itemListElement":[{"@type":"ListItem","position":1,"name":"Home","item":"https:\/\/www.zhgdled.com\/tr"},{"@type":"ListItem","position":2,"name":"PRODUCTS","item":"https:\/\/www.zhgdled.com\/zhl-products.html"},{"@type":"ListItem","position":3,"name":"300W-1000W Galaxy Serisi Projekt\u00f6r"}]},{"@type":"WebSite","@id":"https:\/\/www.zhgdled.com\/tr\/#website","url":"https:\/\/www.zhgdled.com\/tr\/","name":"ZHL I\u015f\u0131k Grubu","description":"Top ranking industrial lighting manufacturer and exporter","publisher":{"@id":"https:\/\/www.zhgdled.com\/tr\/#organization"},"potentialAction":[{"@type":"SearchAction","target":{"@type":"EntryPoint","urlTemplate":"https:\/\/www.zhgdled.com\/tr\/?s={search_term_string}"},"query-input":{"@type":"PropertyValueSpecification","valueRequired":true,"valueName":"search_term_string"}}],"inLanguage":"tr"},{"@type":"Organization","@id":"https:\/\/www.zhgdled.com\/tr\/#organization","name":"ZHL Lighting Group","url":"https:\/\/www.zhgdled.com\/tr\/","logo":{"@type":"ImageObject","inLanguage":"tr","@id":"https:\/\/www.zhgdled.com\/tr\/#\/schema\/logo\/image\/","url":"","contentUrl":"","caption":"ZHL Lighting Group"},"image":{"@id":"https:\/\/www.zhgdled.com\/tr\/#\/schema\/logo\/image\/"},"sameAs":["https:\/\/www.facebook.com\/zhllightinggroup","https:\/\/x.com\/zhl_lighting"]}]}},"_links":{"self":[{"href":"https:\/\/www.zhgdled.com\/tr\/wp-json\/wp\/v2\/product\/12570","targetHints":{"allow":["GET"]}}],"collection":[{"href":"https:\/\/www.zhgdled.com\/tr\/wp-json\/wp\/v2\/product"}],"about":[{"href":"https:\/\/www.zhgdled.com\/tr\/wp-json\/wp\/v2\/types\/product"}],"wp:featuredmedia":[{"embeddable":true,"href":"https:\/\/www.zhgdled.com\/tr\/wp-json\/wp\/v2\/media\/13551"}],"wp:attachment":[{"href":"https:\/\/www.zhgdled.com\/tr\/wp-json\/wp\/v2\/media?parent=12570"}],"wp:term":[{"taxonomy":"product_brand","embeddable":true,"href":"https:\/\/www.zhgdled.com\/tr\/wp-json\/wp\/v2\/product_brand?post=12570"},{"taxonomy":"product_cat","embeddable":true,"href":"https:\/\/www.zhgdled.com\/tr\/wp-json\/wp\/v2\/product_cat?post=12570"},{"taxonomy":"product_tag","embeddable":true,"href":"https:\/\/www.zhgdled.com\/tr\/wp-json\/wp\/v2\/product_tag?post=12570"}],"curies":[{"name":"wp","href":"https:\/\/api.w.org\/{rel}","templated":true}]}}