{"id":12707,"date":"2022-07-20T10:53:24","date_gmt":"2022-07-20T02:53:24","guid":{"rendered":"https:\/\/www.zhgdled.com\/product\/hi-ufo-high-bay-light-with-dip-switch"},"modified":"2023-12-28T09:57:04","modified_gmt":"2023-12-28T01:57:04","slug":"hi-ufo-high-bay-light-with-dip-switch","status":"publish","type":"product","link":"https:\/\/www.zhgdled.com\/tr\/hi-ufo-high-bay-light-with-dip-switch.html","title":{"rendered":"DIP Anahtarl\u0131 Hi-UFO Serisi LED Y\u00fcksek Bay I\u015f\u0131\u011f\u0131 (Watt kontrol\u00fc)"},"content":{"rendered":"<p>\u00d6zellikler<\/p>\n<ul>\n<li>DIP anahtarlar\u0131 ile ayarlanabilir g\u00fc\u00e7. Enerji tasarrufuna yard\u0131mc\u0131 olur.<\/li>\n<li>100W, 100W, 80W, 50W olarak ayarlanabilir.<\/li>\n<li>150W, 150W, 120W, 80W olarak ayarlanabilir.<\/li>\n<li>200W, 200W, 150W, 100W olarak ayarlanabilir.<\/li>\n<li>Kablolama gerektirmeyen ak\u0131ll\u0131 tak ve \u00e7al\u0131\u015ft\u0131r sistemi, dahili sens\u00f6r.<\/li>\n<li>D\u00fc\u015f\u00fck parlama, UGR&lt;27.<\/li>\n<li>Dayan\u0131kl\u0131 ve kompakt, d\u00fc\u015f\u00fck profilli g\u00f6vde tasar\u0131m\u0131.<\/li>\n<li>160 lm\/W&#8217;ye kadar y\u00fcksek verimlilik.<\/li>\n<li>\u0130\u00e7 ve d\u0131\u015f mekan uygulamalar\u0131 i\u00e7in IP65.<\/li>\n<li>5 y\u0131l garanti.<\/li>\n<\/ul>\n<p><img decoding=\"async\" class=\"alignnone size-full wp-image-12672\" src=\"https:\/\/www.zhgdled.com\/wp-content\/uploads\/2022\/07\/20220720104227.png\" alt=\"\" width=\"1384\" height=\"873\" srcset=\"https:\/\/www.zhgdled.com\/wp-content\/uploads\/2022\/07\/20220720104227.png 1384w, https:\/\/www.zhgdled.com\/wp-content\/uploads\/2022\/07\/20220720104227-300x189.png 300w, https:\/\/www.zhgdled.com\/wp-content\/uploads\/2022\/07\/20220720104227-1024x646.png 1024w, https:\/\/www.zhgdled.com\/wp-content\/uploads\/2022\/07\/20220720104227-768x484.png 768w, https:\/\/www.zhgdled.com\/wp-content\/uploads\/2022\/07\/20220720104227-600x378.png 600w, https:\/\/www.zhgdled.com\/wp-content\/uploads\/2022\/07\/20220720104227-150x95.png 150w\" sizes=\"(max-width: 1384px) 100vw, 1384px\" \/><img decoding=\"async\" class=\"alignnone size-full wp-image-12681\" src=\"https:\/\/www.zhgdled.com\/wp-content\/uploads\/2022\/07\/20220720104256.png\" alt=\"\" width=\"1369\" height=\"720\" srcset=\"https:\/\/www.zhgdled.com\/wp-content\/uploads\/2022\/07\/20220720104256.png 1369w, https:\/\/www.zhgdled.com\/wp-content\/uploads\/2022\/07\/20220720104256-300x158.png 300w, https:\/\/www.zhgdled.com\/wp-content\/uploads\/2022\/07\/20220720104256-1024x539.png 1024w, https:\/\/www.zhgdled.com\/wp-content\/uploads\/2022\/07\/20220720104256-768x404.png 768w, https:\/\/www.zhgdled.com\/wp-content\/uploads\/2022\/07\/20220720104256-600x316.png 600w, https:\/\/www.zhgdled.com\/wp-content\/uploads\/2022\/07\/20220720104256-150x79.png 150w\" sizes=\"(max-width: 1369px) 100vw, 1369px\" \/><img decoding=\"async\" class=\"alignnone size-full wp-image-12690\" src=\"https:\/\/www.zhgdled.com\/wp-content\/uploads\/2022\/07\/20220720104333.png\" alt=\"\" width=\"1378\" height=\"1153\" srcset=\"https:\/\/www.zhgdled.com\/wp-content\/uploads\/2022\/07\/20220720104333.png 1378w, https:\/\/www.zhgdled.com\/wp-content\/uploads\/2022\/07\/20220720104333-300x251.png 300w, https:\/\/www.zhgdled.com\/wp-content\/uploads\/2022\/07\/20220720104333-1024x857.png 1024w, https:\/\/www.zhgdled.com\/wp-content\/uploads\/2022\/07\/20220720104333-768x643.png 768w, https:\/\/www.zhgdled.com\/wp-content\/uploads\/2022\/07\/20220720104333-600x502.png 600w, https:\/\/www.zhgdled.com\/wp-content\/uploads\/2022\/07\/20220720104333-150x126.png 150w\" sizes=\"(max-width: 1378px) 100vw, 1378px\" \/><\/p>\n","protected":false},"excerpt":{"rendered":"<ul>\n<li>DIP anahtarlar\u0131 ile ayarlanabilir g\u00fc\u00e7. Enerji tasarrufuna yard\u0131mc\u0131 olur.<\/li>\n<li>100W, 100W, 80W, 50W olarak ayarlanabilir.<\/li>\n<li>150W, 150W, 120W, 80W olarak ayarlanabilir.<\/li>\n<li>200W, 200W, 150W, 100W olarak ayarlanabilir.<\/li>\n<li>Kablolama gerektirmeyen ak\u0131ll\u0131 tak ve \u00e7al\u0131\u015ft\u0131r sistemi, dahili sens\u00f6r.<\/li>\n<li>D\u00fc\u015f\u00fck parlama, UGR&lt;27.<\/li>\n<li>Dayan\u0131kl\u0131 ve kompakt, d\u00fc\u015f\u00fck profilli g\u00f6vde tasar\u0131m\u0131.<\/li>\n<li>160 lm\/W&#8217;ye kadar y\u00fcksek verimlilik.<\/li>\n<li>\u0130\u00e7 ve d\u0131\u015f mekan uygulamalar\u0131 i\u00e7in IP65.<\/li>\n<li>5 y\u0131l garanti.<\/li>\n<\/ul>\n","protected":false},"featured_media":13174,"template":"","meta":[],"product_brand":[],"product_cat":[667],"product_tag":[],"class_list":{"0":"post-12707","1":"product","2":"type-product","3":"status-publish","4":"has-post-thumbnail","6":"product_cat-yuksek-koy-isik","8":"first","9":"instock","10":"shipping-taxable","11":"product-type-simple"},"yoast_head":"<!-- This site is optimized with the Yoast SEO plugin v27.4 - https:\/\/yoast.com\/product\/yoast-seo-wordpress\/ -->\n<title>DIP Anahtarl\u0131 Hi-UFO Serisi LED Y\u00fcksek Bay I\u015f\u0131\u011f\u0131 (Watt kontrol\u00fc) &#8211; ZHL I\u015f\u0131k Grubu<\/title>\n<meta name=\"description\" content=\"DIP anahtarlar\u0131 ile ayarlanabilir g\u00fc\u00e7. Enerji tasarrufuna yard\u0131mc\u0131 olur.100W, 100W, 80W, 50W olarak ayarlanabilir.150W, 150W, 120W, 80W olarak ayarlanabilir.200W, 200W, 150W, 100W olarak ayarlanabilir.Kablolama gerektirmeyen ak\u0131ll\u0131 tak ve \u00e7al\u0131\u015ft\u0131r sistemi, dahili sens\u00f6r.D\u00fc\u015f\u00fck parlama, UGR&lt;27.Dayan\u0131kl\u0131 ve kompakt, d\u00fc\u015f\u00fck profilli g\u00f6vde tasar\u0131m\u0131.160 lm\/W&#039;ye kadar y\u00fcksek verimlilik.\u0130\u00e7 ve d\u0131\u015f mekan uygulamalar\u0131 i\u00e7in IP65.5 y\u0131l garanti.\" \/>\n<meta name=\"robots\" content=\"index, follow, max-snippet:-1, max-image-preview:large, max-video-preview:-1\" \/>\n<link rel=\"canonical\" href=\"https:\/\/www.zhgdled.com\/tr\/hi-ufo-high-bay-light-with-dip-switch.html\" \/>\n<meta property=\"og:locale\" content=\"tr_TR\" \/>\n<meta property=\"og:type\" content=\"article\" \/>\n<meta property=\"og:title\" content=\"DIP Anahtarl\u0131 Hi-UFO Serisi LED Y\u00fcksek Bay I\u015f\u0131\u011f\u0131 (Watt kontrol\u00fc) &#8211; ZHL I\u015f\u0131k Grubu\" \/>\n<meta property=\"og:description\" content=\"DIP anahtarlar\u0131 ile ayarlanabilir g\u00fc\u00e7. Enerji tasarrufuna yard\u0131mc\u0131 olur.100W, 100W, 80W, 50W olarak ayarlanabilir.150W, 150W, 120W, 80W olarak ayarlanabilir.200W, 200W, 150W, 100W olarak ayarlanabilir.Kablolama gerektirmeyen ak\u0131ll\u0131 tak ve \u00e7al\u0131\u015ft\u0131r sistemi, dahili sens\u00f6r.D\u00fc\u015f\u00fck parlama, UGR&lt;27.Dayan\u0131kl\u0131 ve kompakt, d\u00fc\u015f\u00fck profilli g\u00f6vde tasar\u0131m\u0131.160 lm\/W&#039;ye kadar y\u00fcksek verimlilik.\u0130\u00e7 ve d\u0131\u015f mekan uygulamalar\u0131 i\u00e7in IP65.5 y\u0131l garanti.\" \/>\n<meta property=\"og:url\" content=\"https:\/\/www.zhgdled.com\/tr\/hi-ufo-high-bay-light-with-dip-switch.html\" \/>\n<meta property=\"og:site_name\" content=\"ZHL I\u015f\u0131k Grubu\" \/>\n<meta property=\"article:publisher\" content=\"https:\/\/www.facebook.com\/zhllightinggroup\" \/>\n<meta property=\"article:modified_time\" content=\"2023-12-28T01:57:04+00:00\" \/>\n<meta property=\"og:image\" content=\"https:\/\/www.zhgdled.com\/wp-content\/uploads\/2022\/07\/1-1.png\" \/>\n\t<meta property=\"og:image:width\" content=\"1600\" \/>\n\t<meta property=\"og:image:height\" content=\"1600\" \/>\n\t<meta property=\"og:image:type\" content=\"image\/png\" \/>\n<meta name=\"twitter:card\" content=\"summary_large_image\" \/>\n<meta name=\"twitter:site\" content=\"@zhl_lighting\" \/>\n<meta name=\"twitter:label1\" content=\"Tahmini okuma s\u00fcresi\" \/>\n\t<meta name=\"twitter:data1\" content=\"1 dakika\" \/>\n<script type=\"application\/ld+json\" class=\"yoast-schema-graph\">{\"@context\":\"https:\\\/\\\/schema.org\",\"@graph\":[{\"@type\":\"WebPage\",\"@id\":\"https:\\\/\\\/www.zhgdled.com\\\/tr\\\/hi-ufo-high-bay-light-with-dip-switch.html\",\"url\":\"https:\\\/\\\/www.zhgdled.com\\\/tr\\\/hi-ufo-high-bay-light-with-dip-switch.html\",\"name\":\"DIP Anahtarl\u0131 Hi-UFO Serisi LED Y\u00fcksek Bay I\u015f\u0131\u011f\u0131 (Watt kontrol\u00fc) &#8211; ZHL I\u015f\u0131k Grubu\",\"isPartOf\":{\"@id\":\"https:\\\/\\\/www.zhgdled.com\\\/tr\\\/#website\"},\"primaryImageOfPage\":{\"@id\":\"https:\\\/\\\/www.zhgdled.com\\\/tr\\\/hi-ufo-high-bay-light-with-dip-switch.html#primaryimage\"},\"image\":{\"@id\":\"https:\\\/\\\/www.zhgdled.com\\\/tr\\\/hi-ufo-high-bay-light-with-dip-switch.html#primaryimage\"},\"thumbnailUrl\":\"https:\\\/\\\/www.zhgdled.com\\\/wp-content\\\/uploads\\\/2022\\\/07\\\/1-1.png\",\"datePublished\":\"2022-07-20T02:53:24+00:00\",\"dateModified\":\"2023-12-28T01:57:04+00:00\",\"description\":\"DIP anahtarlar\u0131 ile ayarlanabilir g\u00fc\u00e7. Enerji tasarrufuna yard\u0131mc\u0131 olur.100W, 100W, 80W, 50W olarak ayarlanabilir.150W, 150W, 120W, 80W olarak ayarlanabilir.200W, 200W, 150W, 100W olarak ayarlanabilir.Kablolama gerektirmeyen ak\u0131ll\u0131 tak ve \u00e7al\u0131\u015ft\u0131r sistemi, dahili sens\u00f6r.D\u00fc\u015f\u00fck parlama, UGR&lt;27.Dayan\u0131kl\u0131 ve kompakt, d\u00fc\u015f\u00fck profilli g\u00f6vde tasar\u0131m\u0131.160 lm\\\/W&#039;ye kadar y\u00fcksek verimlilik.\u0130\u00e7 ve d\u0131\u015f mekan uygulamalar\u0131 i\u00e7in IP65.5 y\u0131l garanti.\",\"breadcrumb\":{\"@id\":\"https:\\\/\\\/www.zhgdled.com\\\/tr\\\/hi-ufo-high-bay-light-with-dip-switch.html#breadcrumb\"},\"inLanguage\":\"tr\",\"potentialAction\":[{\"@type\":\"ReadAction\",\"target\":[\"https:\\\/\\\/www.zhgdled.com\\\/tr\\\/hi-ufo-high-bay-light-with-dip-switch.html\"]}]},{\"@type\":\"ImageObject\",\"inLanguage\":\"tr\",\"@id\":\"https:\\\/\\\/www.zhgdled.com\\\/tr\\\/hi-ufo-high-bay-light-with-dip-switch.html#primaryimage\",\"url\":\"https:\\\/\\\/www.zhgdled.com\\\/wp-content\\\/uploads\\\/2022\\\/07\\\/1-1.png\",\"contentUrl\":\"https:\\\/\\\/www.zhgdled.com\\\/wp-content\\\/uploads\\\/2022\\\/07\\\/1-1.png\",\"width\":1600,\"height\":1600,\"caption\":\"Lumin\u00e1ria alta da s\u00e9rie Hi-UFO com interruptor DIP\"},{\"@type\":\"BreadcrumbList\",\"@id\":\"https:\\\/\\\/www.zhgdled.com\\\/tr\\\/hi-ufo-high-bay-light-with-dip-switch.html#breadcrumb\",\"itemListElement\":[{\"@type\":\"ListItem\",\"position\":1,\"name\":\"Home\",\"item\":\"https:\\\/\\\/www.zhgdled.com\\\/tr\"},{\"@type\":\"ListItem\",\"position\":2,\"name\":\"PRODUCTS\",\"item\":\"https:\\\/\\\/www.zhgdled.com\\\/zhl-products.html\"},{\"@type\":\"ListItem\",\"position\":3,\"name\":\"DIP Anahtarl\u0131 Hi-UFO Serisi LED Y\u00fcksek Bay I\u015f\u0131\u011f\u0131 (Watt kontrol\u00fc)\"}]},{\"@type\":\"WebSite\",\"@id\":\"https:\\\/\\\/www.zhgdled.com\\\/tr\\\/#website\",\"url\":\"https:\\\/\\\/www.zhgdled.com\\\/tr\\\/\",\"name\":\"ZHL I\u015f\u0131k Grubu\",\"description\":\"Top ranking industrial lighting manufacturer and exporter\",\"publisher\":{\"@id\":\"https:\\\/\\\/www.zhgdled.com\\\/tr\\\/#organization\"},\"potentialAction\":[{\"@type\":\"SearchAction\",\"target\":{\"@type\":\"EntryPoint\",\"urlTemplate\":\"https:\\\/\\\/www.zhgdled.com\\\/tr\\\/?s={search_term_string}\"},\"query-input\":{\"@type\":\"PropertyValueSpecification\",\"valueRequired\":true,\"valueName\":\"search_term_string\"}}],\"inLanguage\":\"tr\"},{\"@type\":\"Organization\",\"@id\":\"https:\\\/\\\/www.zhgdled.com\\\/tr\\\/#organization\",\"name\":\"ZHL Lighting Group\",\"url\":\"https:\\\/\\\/www.zhgdled.com\\\/tr\\\/\",\"logo\":{\"@type\":\"ImageObject\",\"inLanguage\":\"tr\",\"@id\":\"https:\\\/\\\/www.zhgdled.com\\\/tr\\\/#\\\/schema\\\/logo\\\/image\\\/\",\"url\":\"\",\"contentUrl\":\"\",\"caption\":\"ZHL Lighting Group\"},\"image\":{\"@id\":\"https:\\\/\\\/www.zhgdled.com\\\/tr\\\/#\\\/schema\\\/logo\\\/image\\\/\"},\"sameAs\":[\"https:\\\/\\\/www.facebook.com\\\/zhllightinggroup\",\"https:\\\/\\\/x.com\\\/zhl_lighting\"]}]}<\/script>\n<!-- \/ Yoast SEO plugin. -->","yoast_head_json":{"title":"DIP Anahtarl\u0131 Hi-UFO Serisi LED Y\u00fcksek Bay I\u015f\u0131\u011f\u0131 (Watt kontrol\u00fc) &#8211; ZHL I\u015f\u0131k Grubu","description":"DIP anahtarlar\u0131 ile ayarlanabilir g\u00fc\u00e7. Enerji tasarrufuna yard\u0131mc\u0131 olur.100W, 100W, 80W, 50W olarak ayarlanabilir.150W, 150W, 120W, 80W olarak ayarlanabilir.200W, 200W, 150W, 100W olarak ayarlanabilir.Kablolama gerektirmeyen ak\u0131ll\u0131 tak ve \u00e7al\u0131\u015ft\u0131r sistemi, dahili sens\u00f6r.D\u00fc\u015f\u00fck parlama, UGR&lt;27.Dayan\u0131kl\u0131 ve kompakt, d\u00fc\u015f\u00fck profilli g\u00f6vde tasar\u0131m\u0131.160 lm\/W&#039;ye kadar y\u00fcksek verimlilik.\u0130\u00e7 ve d\u0131\u015f mekan uygulamalar\u0131 i\u00e7in IP65.5 y\u0131l garanti.","robots":{"index":"index","follow":"follow","max-snippet":"max-snippet:-1","max-image-preview":"max-image-preview:large","max-video-preview":"max-video-preview:-1"},"canonical":"https:\/\/www.zhgdled.com\/tr\/hi-ufo-high-bay-light-with-dip-switch.html","og_locale":"tr_TR","og_type":"article","og_title":"DIP Anahtarl\u0131 Hi-UFO Serisi LED Y\u00fcksek Bay I\u015f\u0131\u011f\u0131 (Watt kontrol\u00fc) &#8211; ZHL I\u015f\u0131k Grubu","og_description":"DIP anahtarlar\u0131 ile ayarlanabilir g\u00fc\u00e7. Enerji tasarrufuna yard\u0131mc\u0131 olur.100W, 100W, 80W, 50W olarak ayarlanabilir.150W, 150W, 120W, 80W olarak ayarlanabilir.200W, 200W, 150W, 100W olarak ayarlanabilir.Kablolama gerektirmeyen ak\u0131ll\u0131 tak ve \u00e7al\u0131\u015ft\u0131r sistemi, dahili sens\u00f6r.D\u00fc\u015f\u00fck parlama, UGR&lt;27.Dayan\u0131kl\u0131 ve kompakt, d\u00fc\u015f\u00fck profilli g\u00f6vde tasar\u0131m\u0131.160 lm\/W&#039;ye kadar y\u00fcksek verimlilik.\u0130\u00e7 ve d\u0131\u015f mekan uygulamalar\u0131 i\u00e7in IP65.5 y\u0131l garanti.","og_url":"https:\/\/www.zhgdled.com\/tr\/hi-ufo-high-bay-light-with-dip-switch.html","og_site_name":"ZHL I\u015f\u0131k Grubu","article_publisher":"https:\/\/www.facebook.com\/zhllightinggroup","article_modified_time":"2023-12-28T01:57:04+00:00","og_image":[{"width":1600,"height":1600,"url":"https:\/\/www.zhgdled.com\/wp-content\/uploads\/2022\/07\/1-1.png","type":"image\/png"}],"twitter_card":"summary_large_image","twitter_site":"@zhl_lighting","twitter_misc":{"Tahmini okuma s\u00fcresi":"1 dakika"},"schema":{"@context":"https:\/\/schema.org","@graph":[{"@type":"WebPage","@id":"https:\/\/www.zhgdled.com\/tr\/hi-ufo-high-bay-light-with-dip-switch.html","url":"https:\/\/www.zhgdled.com\/tr\/hi-ufo-high-bay-light-with-dip-switch.html","name":"DIP Anahtarl\u0131 Hi-UFO Serisi LED Y\u00fcksek Bay I\u015f\u0131\u011f\u0131 (Watt kontrol\u00fc) &#8211; ZHL I\u015f\u0131k Grubu","isPartOf":{"@id":"https:\/\/www.zhgdled.com\/tr\/#website"},"primaryImageOfPage":{"@id":"https:\/\/www.zhgdled.com\/tr\/hi-ufo-high-bay-light-with-dip-switch.html#primaryimage"},"image":{"@id":"https:\/\/www.zhgdled.com\/tr\/hi-ufo-high-bay-light-with-dip-switch.html#primaryimage"},"thumbnailUrl":"https:\/\/www.zhgdled.com\/wp-content\/uploads\/2022\/07\/1-1.png","datePublished":"2022-07-20T02:53:24+00:00","dateModified":"2023-12-28T01:57:04+00:00","description":"DIP anahtarlar\u0131 ile ayarlanabilir g\u00fc\u00e7. Enerji tasarrufuna yard\u0131mc\u0131 olur.100W, 100W, 80W, 50W olarak ayarlanabilir.150W, 150W, 120W, 80W olarak ayarlanabilir.200W, 200W, 150W, 100W olarak ayarlanabilir.Kablolama gerektirmeyen ak\u0131ll\u0131 tak ve \u00e7al\u0131\u015ft\u0131r sistemi, dahili sens\u00f6r.D\u00fc\u015f\u00fck parlama, UGR&lt;27.Dayan\u0131kl\u0131 ve kompakt, d\u00fc\u015f\u00fck profilli g\u00f6vde tasar\u0131m\u0131.160 lm\/W&#039;ye kadar y\u00fcksek verimlilik.\u0130\u00e7 ve d\u0131\u015f mekan uygulamalar\u0131 i\u00e7in IP65.5 y\u0131l garanti.","breadcrumb":{"@id":"https:\/\/www.zhgdled.com\/tr\/hi-ufo-high-bay-light-with-dip-switch.html#breadcrumb"},"inLanguage":"tr","potentialAction":[{"@type":"ReadAction","target":["https:\/\/www.zhgdled.com\/tr\/hi-ufo-high-bay-light-with-dip-switch.html"]}]},{"@type":"ImageObject","inLanguage":"tr","@id":"https:\/\/www.zhgdled.com\/tr\/hi-ufo-high-bay-light-with-dip-switch.html#primaryimage","url":"https:\/\/www.zhgdled.com\/wp-content\/uploads\/2022\/07\/1-1.png","contentUrl":"https:\/\/www.zhgdled.com\/wp-content\/uploads\/2022\/07\/1-1.png","width":1600,"height":1600,"caption":"Lumin\u00e1ria alta da s\u00e9rie Hi-UFO com interruptor DIP"},{"@type":"BreadcrumbList","@id":"https:\/\/www.zhgdled.com\/tr\/hi-ufo-high-bay-light-with-dip-switch.html#breadcrumb","itemListElement":[{"@type":"ListItem","position":1,"name":"Home","item":"https:\/\/www.zhgdled.com\/tr"},{"@type":"ListItem","position":2,"name":"PRODUCTS","item":"https:\/\/www.zhgdled.com\/zhl-products.html"},{"@type":"ListItem","position":3,"name":"DIP Anahtarl\u0131 Hi-UFO Serisi LED Y\u00fcksek Bay I\u015f\u0131\u011f\u0131 (Watt kontrol\u00fc)"}]},{"@type":"WebSite","@id":"https:\/\/www.zhgdled.com\/tr\/#website","url":"https:\/\/www.zhgdled.com\/tr\/","name":"ZHL I\u015f\u0131k Grubu","description":"Top ranking industrial lighting manufacturer and exporter","publisher":{"@id":"https:\/\/www.zhgdled.com\/tr\/#organization"},"potentialAction":[{"@type":"SearchAction","target":{"@type":"EntryPoint","urlTemplate":"https:\/\/www.zhgdled.com\/tr\/?s={search_term_string}"},"query-input":{"@type":"PropertyValueSpecification","valueRequired":true,"valueName":"search_term_string"}}],"inLanguage":"tr"},{"@type":"Organization","@id":"https:\/\/www.zhgdled.com\/tr\/#organization","name":"ZHL Lighting Group","url":"https:\/\/www.zhgdled.com\/tr\/","logo":{"@type":"ImageObject","inLanguage":"tr","@id":"https:\/\/www.zhgdled.com\/tr\/#\/schema\/logo\/image\/","url":"","contentUrl":"","caption":"ZHL Lighting Group"},"image":{"@id":"https:\/\/www.zhgdled.com\/tr\/#\/schema\/logo\/image\/"},"sameAs":["https:\/\/www.facebook.com\/zhllightinggroup","https:\/\/x.com\/zhl_lighting"]}]}},"_links":{"self":[{"href":"https:\/\/www.zhgdled.com\/tr\/wp-json\/wp\/v2\/product\/12707","targetHints":{"allow":["GET"]}}],"collection":[{"href":"https:\/\/www.zhgdled.com\/tr\/wp-json\/wp\/v2\/product"}],"about":[{"href":"https:\/\/www.zhgdled.com\/tr\/wp-json\/wp\/v2\/types\/product"}],"wp:featuredmedia":[{"embeddable":true,"href":"https:\/\/www.zhgdled.com\/tr\/wp-json\/wp\/v2\/media\/13174"}],"wp:attachment":[{"href":"https:\/\/www.zhgdled.com\/tr\/wp-json\/wp\/v2\/media?parent=12707"}],"wp:term":[{"taxonomy":"product_brand","embeddable":true,"href":"https:\/\/www.zhgdled.com\/tr\/wp-json\/wp\/v2\/product_brand?post=12707"},{"taxonomy":"product_cat","embeddable":true,"href":"https:\/\/www.zhgdled.com\/tr\/wp-json\/wp\/v2\/product_cat?post=12707"},{"taxonomy":"product_tag","embeddable":true,"href":"https:\/\/www.zhgdled.com\/tr\/wp-json\/wp\/v2\/product_tag?post=12707"}],"curies":[{"name":"wp","href":"https:\/\/api.w.org\/{rel}","templated":true}]}}