{"id":14201,"date":"2023-11-01T11:35:29","date_gmt":"2022-08-29T03:35:29","guid":{"rendered":"https:\/\/www.zhgdled.com\/product\/led-linear-high-bay-light"},"modified":"2023-12-28T09:56:58","modified_gmt":"2023-12-28T01:56:58","slug":"led-linear-high-bay-light","status":"publish","type":"product","link":"https:\/\/www.zhgdled.com\/tr\/led-linear-high-bay-light.html","title":{"rendered":"LED Lineer Y\u00fcksek Bay I\u015f\u0131k"},"content":{"rendered":"<h2>EN T\u0130CAR\u0130 VE END\u00dcSTR\u0130YEL UYGULAMALAR \u0130\u00c7\u0130N TASARLANDI<\/h2>\n<ul>\n<li>Bu lineer y\u00fcksek b\u00f6lme \u0131\u015f\u0131\u011f\u0131, LED ayd\u0131nlatman\u0131n \u00e7o\u011fu \u00f6zelli\u011fine sahiptir: an\u0131nda a\u00e7ma\/kapama, geni\u015f fasulye a\u00e7\u0131s\u0131 ve uzun kullan\u0131m \u00f6mr\u00fc.<\/li>\n<li>PIR veya mikrodalga sens\u00f6rleri ile uyumludur (opsiyonel). Maksimum sens\u00f6r mesafesi: 15m.<\/li>\n<li>IP65 su ge\u00e7irmez, IK08 standartlar\u0131, karma\u015f\u0131k ve zorlu yerlere m\u00fckemmel uyum sa\u011flar.<\/li>\n<li>Mikrodalga sens\u00f6r\u00fc (iste\u011fe ba\u011fl\u0131), bu armat\u00fcr\u00fc daha ak\u0131ll\u0131 ve \u00e7evre dostu hale getirir.<\/li>\n<\/ul>\n<h2>\u00d6ZELL\u0130KLER<\/h2>\n<table width=\"649\">\n<tbody>\n<tr>\n<td><strong>vat miktar\u0131<\/strong><\/td>\n<td><strong>70W 100W 150W 200W\u00a0<\/strong><\/td>\n<\/tr>\n<tr>\n<td><strong>LED<\/strong><\/td>\n<td><strong>SMD 140PCS(70W\/100W)\/280PCS (150W\/200W)<\/strong><\/td>\n<\/tr>\n<tr>\n<td><strong>Renk s\u0131cakl\u0131\u011f\u0131(CCT)<\/strong><\/td>\n<td><strong>2700-6500K<\/strong><\/td>\n<\/tr>\n<tr>\n<td><strong>I\u015f\u0131k verimi(lm\/w)<\/strong><\/td>\n<td><strong>150lm\/w +-10%<\/strong><\/td>\n<\/tr>\n<tr>\n<td><strong>Giri\u015f gerilimi(V)<\/strong><\/td>\n<td width=\"463\"><strong>100-240VAC\/50-60Hz<\/strong><\/td>\n<\/tr>\n<tr>\n<td><strong>PF<\/strong><\/td>\n<td><strong>&gt;0.9<\/strong><\/td>\n<\/tr>\n<tr>\n<td><strong>CRI (Ra&gt;)<\/strong><\/td>\n<td><strong>80<\/strong><\/td>\n<\/tr>\n<tr>\n<td><strong>I\u015f\u0131n a\u00e7\u0131s\u0131(\u00b0)<\/strong><\/td>\n<td><strong>60\u00b0\/90\u00b0*120\u00b0<\/strong><\/td>\n<\/tr>\n<tr>\n<td><strong>IP Derecesi<\/strong><\/td>\n<td><strong>IP65<\/strong><\/td>\n<\/tr>\n<tr>\n<td><strong>Malzeme<\/strong><\/td>\n<td><strong>Al\u00fcminyum G\u00f6vde + Temperli Cam Kapak<\/strong><\/td>\n<\/tr>\n<tr>\n<td><strong>\u00c7al\u0131\u015fma s\u0131cakl\u0131\u011f\u0131(\u2103)<\/strong><\/td>\n<td><strong>-20-50<\/strong><\/td>\n<\/tr>\n<tr>\n<td><strong>Garanti (Y\u0131l)<\/strong><\/td>\n<td><strong>5 y\u0131l<\/strong><\/td>\n<\/tr>\n<tr>\n<td><strong>Sertifika<\/strong><\/td>\n<td><strong>CE,ERP<\/strong><\/td>\n<\/tr>\n<tr>\n<td><strong>Driver<\/strong><\/td>\n<td><strong>MOSO Dimmable driver<\/strong><\/td>\n<\/tr>\n<\/tbody>\n<\/table>\n<p>&nbsp;<\/p>\n<p><img decoding=\"async\" class=\"alignnone size-full wp-image-14191\" src=\"https:\/\/www.zhgdled.com\/wp-content\/uploads\/2022\/08\/1-1.png\" alt=\"\" width=\"750\" height=\"1302\" srcset=\"https:\/\/www.zhgdled.com\/wp-content\/uploads\/2022\/08\/1-1.png 750w, https:\/\/www.zhgdled.com\/wp-content\/uploads\/2022\/08\/1-1-173x300.png 173w, https:\/\/www.zhgdled.com\/wp-content\/uploads\/2022\/08\/1-1-590x1024.png 590w, https:\/\/www.zhgdled.com\/wp-content\/uploads\/2022\/08\/1-1-600x1042.png 600w, https:\/\/www.zhgdled.com\/wp-content\/uploads\/2022\/08\/1-1-150x260.png 150w\" sizes=\"(max-width: 750px) 100vw, 750px\" \/><img decoding=\"async\" class=\"alignnone size-full wp-image-14200\" src=\"https:\/\/www.zhgdled.com\/wp-content\/uploads\/2022\/08\/2-1.png\" alt=\"\" width=\"750\" height=\"570\" srcset=\"https:\/\/www.zhgdled.com\/wp-content\/uploads\/2022\/08\/2-1.png 750w, https:\/\/www.zhgdled.com\/wp-content\/uploads\/2022\/08\/2-1-300x228.png 300w, https:\/\/www.zhgdled.com\/wp-content\/uploads\/2022\/08\/2-1-600x456.png 600w, https:\/\/www.zhgdled.com\/wp-content\/uploads\/2022\/08\/2-1-150x114.png 150w\" sizes=\"(max-width: 750px) 100vw, 750px\" \/><\/p>\n","protected":false},"excerpt":{"rendered":"<table style=\"color: #333333; font-size: 16px;\" width=\"649\">\n<tbody>\n<tr>\n<td><strong>vat miktar\u0131<\/strong><\/td>\n<td><strong>70W 100W 150W 200W\u00a0<\/strong><\/td>\n<\/tr>\n<tr>\n<td><strong>LED<\/strong><\/td>\n<td><strong>SMD 140PCS(70W\/100W)\/280PCS (150W\/200W)<\/strong><\/td>\n<\/tr>\n<tr>\n<td><strong>Renk s\u0131cakl\u0131\u011f\u0131(CCT)<\/strong><\/td>\n<td><strong>2700-6500K<\/strong><\/td>\n<\/tr>\n<tr>\n<td><strong>I\u015f\u0131k verimi(lm\/w)<\/strong><\/td>\n<td><strong>150lm\/w +-10%<\/strong><\/td>\n<\/tr>\n<tr>\n<td><strong>Giri\u015f gerilimi(V)<\/strong><\/td>\n<td width=\"463\"><strong>100-240VAC\/50-60Hz<\/strong><\/td>\n<\/tr>\n<tr>\n<td><strong>PF<\/strong><\/td>\n<td><strong>&gt;0.9<\/strong><\/td>\n<\/tr>\n<tr>\n<td><strong>CRI (Ra&gt;)<\/strong><\/td>\n<td><strong>80<\/strong><\/td>\n<\/tr>\n<tr>\n<td><strong>I\u015f\u0131n a\u00e7\u0131s\u0131(\u00b0)<\/strong><\/td>\n<td><strong>60\u00b0\/90\u00b0*120\u00b0<\/strong><\/td>\n<\/tr>\n<tr>\n<td><strong>IP Derecesi<\/strong><\/td>\n<td><strong>IP65<\/strong><\/td>\n<\/tr>\n<tr>\n<td><strong>Malzeme<\/strong><\/td>\n<td><strong>Al\u00fcminyum G\u00f6vde + Temperli Cam Kapak<\/strong><\/td>\n<\/tr>\n<tr>\n<td><strong>\u00c7al\u0131\u015fma s\u0131cakl\u0131\u011f\u0131(\u2103)<\/strong><\/td>\n<td><strong>-20-50<\/strong><\/td>\n<\/tr>\n<tr>\n<td><strong>Garanti (Y\u0131l)<\/strong><\/td>\n<td><strong>5 y\u0131l<\/strong><\/td>\n<\/tr>\n<tr>\n<td><strong>Sertifika<\/strong><\/td>\n<td><strong>CE,ERP<\/strong><\/td>\n<\/tr>\n<tr>\n<td><strong>Driver<\/strong><\/td>\n<td><strong>MOSO Dimmable driver<\/strong><\/td>\n<\/tr>\n<\/tbody>\n<\/table>\n<p>&nbsp;<\/p>\n","protected":false},"featured_media":14155,"template":"","meta":[],"product_brand":[],"product_cat":[667],"product_tag":[462],"class_list":{"0":"post-14201","1":"product","2":"type-product","3":"status-publish","4":"has-post-thumbnail","6":"product_cat-yuksek-koy-isik","7":"product_tag-linear-high-bay-light-tr","9":"first","10":"instock","11":"shipping-taxable","12":"product-type-simple"},"yoast_head":"<!-- This site is optimized with the Yoast SEO plugin v27.4 - https:\/\/yoast.com\/product\/yoast-seo-wordpress\/ -->\n<title>LED Lineer Y\u00fcksek Bay I\u015f\u0131k &#8211; ZHL I\u015f\u0131k Grubu<\/title>\n<meta name=\"description\" content=\"This linear high bay light has most features of LED lighting: instant on\/off, large bean angle and long lifespan.Compatible with PIR or microwave sensors (optional).\u00a0 Maximum sensor distance: 15m.IP65 waterproof, IK08 standards, perfectly fits complex and severe places.Microwave sensor (optional) makes this fixture more smarter and eco-friendly.\" \/>\n<meta name=\"robots\" content=\"index, follow, max-snippet:-1, max-image-preview:large, max-video-preview:-1\" \/>\n<link rel=\"canonical\" href=\"https:\/\/www.zhgdled.com\/tr\/led-linear-high-bay-light.html\" \/>\n<meta property=\"og:locale\" content=\"tr_TR\" \/>\n<meta property=\"og:type\" content=\"article\" \/>\n<meta property=\"og:title\" content=\"LED Lineer Y\u00fcksek Bay I\u015f\u0131k &#8211; ZHL I\u015f\u0131k Grubu\" \/>\n<meta property=\"og:description\" content=\"This linear high bay light has most features of LED lighting: instant on\/off, large bean angle and long lifespan.Compatible with PIR or microwave sensors (optional).\u00a0 Maximum sensor distance: 15m.IP65 waterproof, IK08 standards, perfectly fits complex and severe places.Microwave sensor (optional) makes this fixture more smarter and eco-friendly.\" \/>\n<meta property=\"og:url\" content=\"https:\/\/www.zhgdled.com\/tr\/led-linear-high-bay-light.html\" \/>\n<meta property=\"og:site_name\" content=\"ZHL I\u015f\u0131k Grubu\" \/>\n<meta property=\"article:publisher\" content=\"https:\/\/www.facebook.com\/zhllightinggroup\" \/>\n<meta property=\"article:modified_time\" content=\"2023-12-28T01:56:58+00:00\" \/>\n<meta property=\"og:image\" content=\"https:\/\/www.zhgdled.com\/wp-content\/uploads\/2022\/08\/0-100W.png\" \/>\n\t<meta property=\"og:image:width\" content=\"1600\" \/>\n\t<meta property=\"og:image:height\" content=\"1600\" \/>\n\t<meta property=\"og:image:type\" content=\"image\/png\" \/>\n<meta name=\"twitter:card\" content=\"summary_large_image\" \/>\n<meta name=\"twitter:site\" content=\"@zhl_lighting\" \/>\n<meta name=\"twitter:label1\" content=\"Tahmini okuma s\u00fcresi\" \/>\n\t<meta name=\"twitter:data1\" content=\"2 dakika\" \/>\n<script type=\"application\/ld+json\" class=\"yoast-schema-graph\">{\"@context\":\"https:\\\/\\\/schema.org\",\"@graph\":[{\"@type\":\"WebPage\",\"@id\":\"https:\\\/\\\/www.zhgdled.com\\\/tr\\\/led-linear-high-bay-light.html\",\"url\":\"https:\\\/\\\/www.zhgdled.com\\\/tr\\\/led-linear-high-bay-light.html\",\"name\":\"LED Lineer Y\u00fcksek Bay I\u015f\u0131k &#8211; ZHL I\u015f\u0131k Grubu\",\"isPartOf\":{\"@id\":\"https:\\\/\\\/www.zhgdled.com\\\/tr\\\/#website\"},\"primaryImageOfPage\":{\"@id\":\"https:\\\/\\\/www.zhgdled.com\\\/tr\\\/led-linear-high-bay-light.html#primaryimage\"},\"image\":{\"@id\":\"https:\\\/\\\/www.zhgdled.com\\\/tr\\\/led-linear-high-bay-light.html#primaryimage\"},\"thumbnailUrl\":\"https:\\\/\\\/www.zhgdled.com\\\/wp-content\\\/uploads\\\/2022\\\/08\\\/0-100W.png\",\"datePublished\":\"2022-08-29T03:35:29+00:00\",\"dateModified\":\"2023-12-28T01:56:58+00:00\",\"description\":\"This linear high bay light has most features of LED lighting: instant on\\\/off, large bean angle and long lifespan.Compatible with PIR or microwave sensors (optional).\u00a0 Maximum sensor distance: 15m.IP65 waterproof, IK08 standards, perfectly fits complex and severe places.Microwave sensor (optional) makes this fixture more smarter and eco-friendly.\",\"breadcrumb\":{\"@id\":\"https:\\\/\\\/www.zhgdled.com\\\/tr\\\/led-linear-high-bay-light.html#breadcrumb\"},\"inLanguage\":\"tr\",\"potentialAction\":[{\"@type\":\"ReadAction\",\"target\":[\"https:\\\/\\\/www.zhgdled.com\\\/tr\\\/led-linear-high-bay-light.html\"]}]},{\"@type\":\"ImageObject\",\"inLanguage\":\"tr\",\"@id\":\"https:\\\/\\\/www.zhgdled.com\\\/tr\\\/led-linear-high-bay-light.html#primaryimage\",\"url\":\"https:\\\/\\\/www.zhgdled.com\\\/wp-content\\\/uploads\\\/2022\\\/08\\\/0-100W.png\",\"contentUrl\":\"https:\\\/\\\/www.zhgdled.com\\\/wp-content\\\/uploads\\\/2022\\\/08\\\/0-100W.png\",\"width\":1600,\"height\":1600,\"caption\":\"Linear high bay light\"},{\"@type\":\"BreadcrumbList\",\"@id\":\"https:\\\/\\\/www.zhgdled.com\\\/tr\\\/led-linear-high-bay-light.html#breadcrumb\",\"itemListElement\":[{\"@type\":\"ListItem\",\"position\":1,\"name\":\"Home\",\"item\":\"https:\\\/\\\/www.zhgdled.com\\\/tr\"},{\"@type\":\"ListItem\",\"position\":2,\"name\":\"PRODUCTS\",\"item\":\"https:\\\/\\\/www.zhgdled.com\\\/zhl-products.html\"},{\"@type\":\"ListItem\",\"position\":3,\"name\":\"LED Lineer Y\u00fcksek Bay I\u015f\u0131k\"}]},{\"@type\":\"WebSite\",\"@id\":\"https:\\\/\\\/www.zhgdled.com\\\/tr\\\/#website\",\"url\":\"https:\\\/\\\/www.zhgdled.com\\\/tr\\\/\",\"name\":\"ZHL I\u015f\u0131k Grubu\",\"description\":\"Top ranking industrial lighting manufacturer and exporter\",\"publisher\":{\"@id\":\"https:\\\/\\\/www.zhgdled.com\\\/tr\\\/#organization\"},\"potentialAction\":[{\"@type\":\"SearchAction\",\"target\":{\"@type\":\"EntryPoint\",\"urlTemplate\":\"https:\\\/\\\/www.zhgdled.com\\\/tr\\\/?s={search_term_string}\"},\"query-input\":{\"@type\":\"PropertyValueSpecification\",\"valueRequired\":true,\"valueName\":\"search_term_string\"}}],\"inLanguage\":\"tr\"},{\"@type\":\"Organization\",\"@id\":\"https:\\\/\\\/www.zhgdled.com\\\/tr\\\/#organization\",\"name\":\"ZHL Lighting Group\",\"url\":\"https:\\\/\\\/www.zhgdled.com\\\/tr\\\/\",\"logo\":{\"@type\":\"ImageObject\",\"inLanguage\":\"tr\",\"@id\":\"https:\\\/\\\/www.zhgdled.com\\\/tr\\\/#\\\/schema\\\/logo\\\/image\\\/\",\"url\":\"\",\"contentUrl\":\"\",\"caption\":\"ZHL Lighting Group\"},\"image\":{\"@id\":\"https:\\\/\\\/www.zhgdled.com\\\/tr\\\/#\\\/schema\\\/logo\\\/image\\\/\"},\"sameAs\":[\"https:\\\/\\\/www.facebook.com\\\/zhllightinggroup\",\"https:\\\/\\\/x.com\\\/zhl_lighting\"]}]}<\/script>\n<!-- \/ Yoast SEO plugin. -->","yoast_head_json":{"title":"LED Lineer Y\u00fcksek Bay I\u015f\u0131k &#8211; ZHL I\u015f\u0131k Grubu","description":"This linear high bay light has most features of LED lighting: instant on\/off, large bean angle and long lifespan.Compatible with PIR or microwave sensors (optional).\u00a0 Maximum sensor distance: 15m.IP65 waterproof, IK08 standards, perfectly fits complex and severe places.Microwave sensor (optional) makes this fixture more smarter and eco-friendly.","robots":{"index":"index","follow":"follow","max-snippet":"max-snippet:-1","max-image-preview":"max-image-preview:large","max-video-preview":"max-video-preview:-1"},"canonical":"https:\/\/www.zhgdled.com\/tr\/led-linear-high-bay-light.html","og_locale":"tr_TR","og_type":"article","og_title":"LED Lineer Y\u00fcksek Bay I\u015f\u0131k &#8211; ZHL I\u015f\u0131k Grubu","og_description":"This linear high bay light has most features of LED lighting: instant on\/off, large bean angle and long lifespan.Compatible with PIR or microwave sensors (optional).\u00a0 Maximum sensor distance: 15m.IP65 waterproof, IK08 standards, perfectly fits complex and severe places.Microwave sensor (optional) makes this fixture more smarter and eco-friendly.","og_url":"https:\/\/www.zhgdled.com\/tr\/led-linear-high-bay-light.html","og_site_name":"ZHL I\u015f\u0131k Grubu","article_publisher":"https:\/\/www.facebook.com\/zhllightinggroup","article_modified_time":"2023-12-28T01:56:58+00:00","og_image":[{"width":1600,"height":1600,"url":"https:\/\/www.zhgdled.com\/wp-content\/uploads\/2022\/08\/0-100W.png","type":"image\/png"}],"twitter_card":"summary_large_image","twitter_site":"@zhl_lighting","twitter_misc":{"Tahmini okuma s\u00fcresi":"2 dakika"},"schema":{"@context":"https:\/\/schema.org","@graph":[{"@type":"WebPage","@id":"https:\/\/www.zhgdled.com\/tr\/led-linear-high-bay-light.html","url":"https:\/\/www.zhgdled.com\/tr\/led-linear-high-bay-light.html","name":"LED Lineer Y\u00fcksek Bay I\u015f\u0131k &#8211; ZHL I\u015f\u0131k Grubu","isPartOf":{"@id":"https:\/\/www.zhgdled.com\/tr\/#website"},"primaryImageOfPage":{"@id":"https:\/\/www.zhgdled.com\/tr\/led-linear-high-bay-light.html#primaryimage"},"image":{"@id":"https:\/\/www.zhgdled.com\/tr\/led-linear-high-bay-light.html#primaryimage"},"thumbnailUrl":"https:\/\/www.zhgdled.com\/wp-content\/uploads\/2022\/08\/0-100W.png","datePublished":"2022-08-29T03:35:29+00:00","dateModified":"2023-12-28T01:56:58+00:00","description":"This linear high bay light has most features of LED lighting: instant on\/off, large bean angle and long lifespan.Compatible with PIR or microwave sensors (optional).\u00a0 Maximum sensor distance: 15m.IP65 waterproof, IK08 standards, perfectly fits complex and severe places.Microwave sensor (optional) makes this fixture more smarter and eco-friendly.","breadcrumb":{"@id":"https:\/\/www.zhgdled.com\/tr\/led-linear-high-bay-light.html#breadcrumb"},"inLanguage":"tr","potentialAction":[{"@type":"ReadAction","target":["https:\/\/www.zhgdled.com\/tr\/led-linear-high-bay-light.html"]}]},{"@type":"ImageObject","inLanguage":"tr","@id":"https:\/\/www.zhgdled.com\/tr\/led-linear-high-bay-light.html#primaryimage","url":"https:\/\/www.zhgdled.com\/wp-content\/uploads\/2022\/08\/0-100W.png","contentUrl":"https:\/\/www.zhgdled.com\/wp-content\/uploads\/2022\/08\/0-100W.png","width":1600,"height":1600,"caption":"Linear high bay light"},{"@type":"BreadcrumbList","@id":"https:\/\/www.zhgdled.com\/tr\/led-linear-high-bay-light.html#breadcrumb","itemListElement":[{"@type":"ListItem","position":1,"name":"Home","item":"https:\/\/www.zhgdled.com\/tr"},{"@type":"ListItem","position":2,"name":"PRODUCTS","item":"https:\/\/www.zhgdled.com\/zhl-products.html"},{"@type":"ListItem","position":3,"name":"LED Lineer Y\u00fcksek Bay I\u015f\u0131k"}]},{"@type":"WebSite","@id":"https:\/\/www.zhgdled.com\/tr\/#website","url":"https:\/\/www.zhgdled.com\/tr\/","name":"ZHL I\u015f\u0131k Grubu","description":"Top ranking industrial lighting manufacturer and exporter","publisher":{"@id":"https:\/\/www.zhgdled.com\/tr\/#organization"},"potentialAction":[{"@type":"SearchAction","target":{"@type":"EntryPoint","urlTemplate":"https:\/\/www.zhgdled.com\/tr\/?s={search_term_string}"},"query-input":{"@type":"PropertyValueSpecification","valueRequired":true,"valueName":"search_term_string"}}],"inLanguage":"tr"},{"@type":"Organization","@id":"https:\/\/www.zhgdled.com\/tr\/#organization","name":"ZHL Lighting Group","url":"https:\/\/www.zhgdled.com\/tr\/","logo":{"@type":"ImageObject","inLanguage":"tr","@id":"https:\/\/www.zhgdled.com\/tr\/#\/schema\/logo\/image\/","url":"","contentUrl":"","caption":"ZHL Lighting Group"},"image":{"@id":"https:\/\/www.zhgdled.com\/tr\/#\/schema\/logo\/image\/"},"sameAs":["https:\/\/www.facebook.com\/zhllightinggroup","https:\/\/x.com\/zhl_lighting"]}]}},"_links":{"self":[{"href":"https:\/\/www.zhgdled.com\/tr\/wp-json\/wp\/v2\/product\/14201","targetHints":{"allow":["GET"]}}],"collection":[{"href":"https:\/\/www.zhgdled.com\/tr\/wp-json\/wp\/v2\/product"}],"about":[{"href":"https:\/\/www.zhgdled.com\/tr\/wp-json\/wp\/v2\/types\/product"}],"wp:featuredmedia":[{"embeddable":true,"href":"https:\/\/www.zhgdled.com\/tr\/wp-json\/wp\/v2\/media\/14155"}],"wp:attachment":[{"href":"https:\/\/www.zhgdled.com\/tr\/wp-json\/wp\/v2\/media?parent=14201"}],"wp:term":[{"taxonomy":"product_brand","embeddable":true,"href":"https:\/\/www.zhgdled.com\/tr\/wp-json\/wp\/v2\/product_brand?post=14201"},{"taxonomy":"product_cat","embeddable":true,"href":"https:\/\/www.zhgdled.com\/tr\/wp-json\/wp\/v2\/product_cat?post=14201"},{"taxonomy":"product_tag","embeddable":true,"href":"https:\/\/www.zhgdled.com\/tr\/wp-json\/wp\/v2\/product_tag?post=14201"}],"curies":[{"name":"wp","href":"https:\/\/api.w.org\/{rel}","templated":true}]}}