{"id":17400,"date":"2023-06-13T01:56:54","date_gmt":"2021-10-14T05:56:54","guid":{"rendered":"https:\/\/www.zhgdled.com\/product\/post-top-light"},"modified":"2022-10-24T13:53:37","modified_gmt":"2022-10-24T05:53:37","slug":"post-top-light","status":"publish","type":"product","link":"https:\/\/www.zhgdled.com\/tr\/post-top-light.html","title":{"rendered":"Bah\u00e7e ve Koridor Direk \u00dcst I\u015f\u0131k"},"content":{"rendered":"<div class=\"J_module\">\n<h2>Geleneksel fener stilinin g\u00fcncellenmi\u015f hali!<\/h2>\n<table style=\"border-collapse: collapse; width: 955px; height: 351px;\" border=\"0\" width=\"177\" cellspacing=\"0\" cellpadding=\"0\">\n<tbody>\n<tr style=\"height: 23.10pt;\">\n<td class=\"et4\" style=\"height: 23.10pt; width: 79.40pt;\" align=\"right\" width=\"105\" height=\"30\">\n<h2 style=\"text-align: left;\">\u00d6ne \u00c7\u0131kanlar<\/h2>\n<ul>\n<li style=\"text-align: left;\">Korozyona dayan\u0131kl\u0131 a\u011f\u0131r hizmet tipi d\u00f6k\u00fcm al\u00fcminyum g\u00f6vde<\/li>\n<li style=\"text-align: left;\">3 G titre\u015fim testini ge\u00e7in<\/li>\n<li style=\"text-align: left;\">80+ CRI<\/li>\n<li style=\"text-align: left;\">2700K &#8211; 65000K renk s\u0131cakl\u0131\u011f\u0131<\/li>\n<li style=\"text-align: left;\">Islak Yerler i\u00e7in UL ve CUL Listelenmi\u015ftir<\/li>\n<li style=\"text-align: left;\">%50-80 enerji tasarrufu<\/li>\n<li style=\"text-align: left;\">5 Y\u0131l Garanti<\/li>\n<li style=\"text-align: left;\">\u00d6zelle\u015ftirmeler ve se\u00e7enekler istek \u00fczerine mevcuttur<\/li>\n<\/ul>\n<\/td>\n<td style=\"width: 54pt; text-align: left;\" align=\"right\" width=\"72\">\n<h2>Muhafazas\u0131<\/h2>\n<ul>\n<li>Entegre \u0131s\u0131 emicili a\u011f\u0131r hizmet tipi d\u00f6k\u00fcm g\u00f6vde<\/li>\n<li>UV \u0131\u015f\u0131nlar\u0131na dayan\u0131kl\u0131, \u00e7ok katmanl\u0131, mimari renk, bronz toz boya kaplama<\/li>\n<li>Fotosel uyarlanabilir<\/li>\n<li>Kolay kablo eri\u015fimi i\u00e7in \u00e7\u0131kar\u0131labilir direk montajl\u0131 \u00fcst<\/li>\n<li>Enjeksiyonla kal\u0131planm\u0131\u015f UV polikarbonat lens<\/li>\n<li>Slipfits 2-3\/8&#8243; direk \u00fcstleri veya z\u0131vanalar<\/li>\n<\/ul>\n<\/td>\n<\/tr>\n<\/tbody>\n<\/table>\n<div class=\"J_module\">\n<div class=\"grid__item one-third tab-one-half palm-one-whole\"><\/div>\n<\/div>\n<table width=\"580\">\n<tbody>\n<tr>\n<td width=\"284\">\n<h3>TEKN\u0130K \u00d6ZELL\u0130KLER<\/h3>\n<ul>\n<li id=\"ali-anchor-AliMagic-s5qei7\" class=\"magic-0\" data-section=\"AliMagic-s5qei7\" data-section-title=\"Product Description\" data-spm-anchor-id=\"a2700.details.0.i20.2d8a1a34X1y9Gb\">IP 65, CE ERC ETL CB sertifikal\u0131.<\/li>\n<li class=\"magic-0\" data-section=\"AliMagic-s5qei7\" data-section-title=\"Product Description\" data-spm-anchor-id=\"a2700.details.0.i20.2d8a1a34X1y9Gb\">G\u00fc\u00e7: 30W 50w 80w 100w<\/li>\n<li class=\"magic-0\" data-section=\"AliMagic-s5qei7\" data-section-title=\"Product Description\" data-spm-anchor-id=\"a2700.details.0.i20.2d8a1a34X1y9Gb\">Voltaj: 100v-277v AC 50\/60Hz<\/li>\n<li class=\"magic-0\" data-section=\"AliMagic-s5qei7\" data-section-title=\"Product Description\" data-spm-anchor-id=\"a2700.details.0.i20.2d8a1a34X1y9Gb\">I\u015f\u0131k verimlili\u011fi: 130Lm\/w<\/li>\n<li class=\"magic-0\" data-section=\"AliMagic-s5qei7\" data-section-title=\"Product Description\" data-spm-anchor-id=\"a2700.details.0.i20.2d8a1a34X1y9Gb\">I\u015f\u0131n a\u00e7\u0131s\u0131: 60\u00b0, 90\u00b0, 120\u00b0<\/li>\n<li class=\"magic-0\" data-section=\"AliMagic-s5qei7\" data-section-title=\"Product Description\" data-spm-anchor-id=\"a2700.details.0.i20.2d8a1a34X1y9Gb\">\u00d6mr\u00fc: &gt;50000h<\/li>\n<li class=\"magic-0\" data-section=\"AliMagic-s5qei7\" data-section-title=\"Product Description\" data-spm-anchor-id=\"a2700.details.0.i20.2d8a1a34X1y9Gb\">Kurulum y\u00fcksekli\u011fi: 3-6m<\/li>\n<li class=\"magic-0\" data-section=\"AliMagic-s5qei7\" data-section-title=\"Product Description\" data-spm-anchor-id=\"a2700.details.0.i20.2d8a1a34X1y9Gb\">G\u00fc\u00e7 fakt\u00f6r\u00fc: &gt;0.9<\/li>\n<\/ul>\n<\/td>\n<td width=\"284\"><img decoding=\"async\" class=\"alignnone size-full wp-image-14695\" src=\"https:\/\/www.zhgdled.com\/wp-content\/uploads\/2021\/10\/post_top_light11.jpg\" alt=\"\" width=\"622\" height=\"560\" srcset=\"https:\/\/www.zhgdled.com\/wp-content\/uploads\/2021\/10\/post_top_light11.jpg 622w, https:\/\/www.zhgdled.com\/wp-content\/uploads\/2021\/10\/post_top_light11-300x270.jpg 300w, https:\/\/www.zhgdled.com\/wp-content\/uploads\/2021\/10\/post_top_light11-600x540.jpg 600w, https:\/\/www.zhgdled.com\/wp-content\/uploads\/2021\/10\/post_top_light11-150x135.jpg 150w\" sizes=\"(max-width: 622px) 100vw, 622px\" \/><\/td>\n<\/tr>\n<tr>\n<td width=\"284\">\n<h3>\u00d6ZELL\u0130KLER\u0130<\/h3>\n<ul>\n<li>\u00c7e\u015fitli formlar, klasik ve zarif, uygun kurulum ve bak\u0131m;<\/li>\n<li>Makul yap\u0131, d\u00fc\u015f\u00fck i\u015fletme ve bak\u0131m maliyeti.<\/li>\n<li>130Lm\/w&#8217;ye kadar, ak\u0131ll\u0131 kontrol sistemine uygun, konut alanlar\u0131, do\u011fal spot, parklar, kentsel meydanlar, \u00f6zel bah\u00e7eler, avlu, koridorlar ve di\u011fer halka a\u00e7\u0131k yerler i\u00e7in uygundur.<\/li>\n<\/ul>\n<\/td>\n<td width=\"284\"><img decoding=\"async\" class=\"alignnone size-full wp-image-14704\" src=\"https:\/\/www.zhgdled.com\/wp-content\/uploads\/2021\/10\/20221011154725.jpg\" alt=\"\" width=\"680\" height=\"371\" srcset=\"https:\/\/www.zhgdled.com\/wp-content\/uploads\/2021\/10\/20221011154725.jpg 680w, https:\/\/www.zhgdled.com\/wp-content\/uploads\/2021\/10\/20221011154725-300x164.jpg 300w, https:\/\/www.zhgdled.com\/wp-content\/uploads\/2021\/10\/20221011154725-600x327.jpg 600w, https:\/\/www.zhgdled.com\/wp-content\/uploads\/2021\/10\/20221011154725-150x82.jpg 150w\" sizes=\"(max-width: 680px) 100vw, 680px\" \/><\/td>\n<\/tr>\n<\/tbody>\n<\/table>\n<h2>D\u0131\u015f ayd\u0131nlatman\u0131n end\u00fcstri standard\u0131n\u0131 g\u00f6r\u00fcnt\u00fcleyin<\/h2>\n<table width=\"580\">\n<tbody>\n<tr>\n<td width=\"284\">UL<\/td>\n<td width=\"284\"><a href=\"https:\/\/www.ul.com\/industries\/products-and-components\/lighting\"><strong><b>UL Solutions\u2019 lighting services<\/b><\/strong><\/a><\/td>\n<\/tr>\n<tr>\n<td width=\"284\">CE<\/td>\n<td width=\"284\"><a href=\"https:\/\/eur-lex.europa.eu\/legal-content\/EN\/TXT\/PDF\/?uri=CELEX:32014L0035&amp;from=HU\"><strong><b>LVD Directive 2014\/35\/EU<\/b><\/strong><\/a><\/td>\n<\/tr>\n<\/tbody>\n<\/table>\n<h3>\u00f6zellikleri indir<\/h3>\n<p><a href=\"https:\/\/www.zhgdled.com\/download\/garden-post-top-light\">POST TOP LIGHT 2022\/10\/11<\/a><\/p>\n<\/div>\n","protected":false},"excerpt":{"rendered":"<p>ZHL Direk \u00dcst I\u015f\u0131k, \u00e7ok y\u00f6nl\u00fc peyzaj ve ya\u015fam alan\u0131 tasar\u0131m\u0131na izin veren modern, ola\u011fan\u00fcst\u00fc bir ev d\u0131\u015f ayd\u0131nlatma armat\u00fcr\u00fcd\u00fcr. Bir bah\u00e7eyi, giri\u015f yollar\u0131n\u0131 veya yollar\u0131 veya di\u011fer d\u0131\u015f mekan ayd\u0131nlatma fikirlerinizi ayd\u0131nlatman\u0131n harika bir yoludur.<\/p>\n<ul>\n<li>IP 65, CE ERC ETL CB sertifikal\u0131.<\/li>\n<li>G\u00fc\u00e7: 50w 80w 100w<\/li>\n<li>Voltaj: 100v-270v AC 50\/60Hz<\/li>\n<li>I\u015f\u0131k verimlili\u011fi: 130Lm\/w<\/li>\n<li>I\u015f\u0131n a\u00e7\u0131s\u0131: 60\u00b0, 90\u00b0, 120\u00b0<\/li>\n<li>\u00d6mr\u00fc: &gt;50000h<\/li>\n<li>Kurulum y\u00fcksekli\u011fi: 3-6m<\/li>\n<li>G\u00fc\u00e7 fakt\u00f6r\u00fc: &gt;0.9<\/li>\n<\/ul>\n","protected":false},"featured_media":13648,"template":"","meta":[],"product_brand":[],"product_cat":[486],"product_tag":[487],"class_list":{"0":"post-17400","1":"product","2":"type-product","3":"status-publish","4":"has-post-thumbnail","6":"product_cat-garden-lights-tr","7":"product_tag-garden-light-tr","9":"first","10":"instock","11":"shipping-taxable","12":"product-type-simple"},"yoast_head":"<!-- This site is optimized with the Yoast SEO plugin v27.4 - https:\/\/yoast.com\/product\/yoast-seo-wordpress\/ -->\n<title>Bah\u00e7e ve Koridor Direk \u00dcst I\u015f\u0131k &#8211; ZHL I\u015f\u0131k Grubu<\/title>\n<meta name=\"description\" content=\"ZHL Direk \u00dcst I\u015f\u0131k, \u00e7ok y\u00f6nl\u00fc peyzaj ve ya\u015fam alan\u0131 tasar\u0131m\u0131na izin veren modern, ola\u011fan\u00fcst\u00fc bir ev d\u0131\u015f ayd\u0131nlatma armat\u00fcr\u00fcd\u00fcr. Bir bah\u00e7eyi, giri\u015f yollar\u0131n\u0131 veya yollar\u0131 veya di\u011fer d\u0131\u015f mekan ayd\u0131nlatma fikirlerinizi ayd\u0131nlatman\u0131n harika bir yoludur.\" \/>\n<meta name=\"robots\" content=\"index, follow, max-snippet:-1, max-image-preview:large, max-video-preview:-1\" \/>\n<link rel=\"canonical\" href=\"https:\/\/www.zhgdled.com\/tr\/post-top-light.html\" \/>\n<meta property=\"og:locale\" content=\"tr_TR\" \/>\n<meta property=\"og:type\" content=\"article\" \/>\n<meta property=\"og:title\" content=\"Bah\u00e7e ve Koridor Direk \u00dcst I\u015f\u0131k &#8211; ZHL I\u015f\u0131k Grubu\" \/>\n<meta property=\"og:description\" content=\"ZHL Direk \u00dcst I\u015f\u0131k, \u00e7ok y\u00f6nl\u00fc peyzaj ve ya\u015fam alan\u0131 tasar\u0131m\u0131na izin veren modern, ola\u011fan\u00fcst\u00fc bir ev d\u0131\u015f ayd\u0131nlatma armat\u00fcr\u00fcd\u00fcr. Bir bah\u00e7eyi, giri\u015f yollar\u0131n\u0131 veya yollar\u0131 veya di\u011fer d\u0131\u015f mekan ayd\u0131nlatma fikirlerinizi ayd\u0131nlatman\u0131n harika bir yoludur.\" \/>\n<meta property=\"og:url\" content=\"https:\/\/www.zhgdled.com\/tr\/post-top-light.html\" \/>\n<meta property=\"og:site_name\" content=\"ZHL I\u015f\u0131k Grubu\" \/>\n<meta property=\"article:publisher\" content=\"https:\/\/www.facebook.com\/zhllightinggroup\" \/>\n<meta property=\"article:modified_time\" content=\"2022-10-24T05:53:37+00:00\" \/>\n<meta property=\"og:image\" content=\"https:\/\/www.zhgdled.com\/wp-content\/uploads\/2021\/10\/34.png\" \/>\n\t<meta property=\"og:image:width\" content=\"1600\" \/>\n\t<meta property=\"og:image:height\" content=\"1600\" \/>\n\t<meta property=\"og:image:type\" content=\"image\/png\" \/>\n<meta name=\"twitter:card\" content=\"summary_large_image\" \/>\n<meta name=\"twitter:site\" content=\"@zhl_lighting\" \/>\n<meta name=\"twitter:label1\" content=\"Tahmini okuma s\u00fcresi\" \/>\n\t<meta name=\"twitter:data1\" content=\"2 dakika\" \/>\n<script type=\"application\/ld+json\" class=\"yoast-schema-graph\">{\"@context\":\"https:\\\/\\\/schema.org\",\"@graph\":[{\"@type\":\"WebPage\",\"@id\":\"https:\\\/\\\/www.zhgdled.com\\\/tr\\\/post-top-light.html\",\"url\":\"https:\\\/\\\/www.zhgdled.com\\\/tr\\\/post-top-light.html\",\"name\":\"Bah\u00e7e ve Koridor Direk \u00dcst I\u015f\u0131k &#8211; ZHL I\u015f\u0131k Grubu\",\"isPartOf\":{\"@id\":\"https:\\\/\\\/www.zhgdled.com\\\/tr\\\/#website\"},\"primaryImageOfPage\":{\"@id\":\"https:\\\/\\\/www.zhgdled.com\\\/tr\\\/post-top-light.html#primaryimage\"},\"image\":{\"@id\":\"https:\\\/\\\/www.zhgdled.com\\\/tr\\\/post-top-light.html#primaryimage\"},\"thumbnailUrl\":\"https:\\\/\\\/www.zhgdled.com\\\/wp-content\\\/uploads\\\/2021\\\/10\\\/34.png\",\"datePublished\":\"2021-10-14T05:56:54+00:00\",\"dateModified\":\"2022-10-24T05:53:37+00:00\",\"description\":\"ZHL Direk \u00dcst I\u015f\u0131k, \u00e7ok y\u00f6nl\u00fc peyzaj ve ya\u015fam alan\u0131 tasar\u0131m\u0131na izin veren modern, ola\u011fan\u00fcst\u00fc bir ev d\u0131\u015f ayd\u0131nlatma armat\u00fcr\u00fcd\u00fcr. Bir bah\u00e7eyi, giri\u015f yollar\u0131n\u0131 veya yollar\u0131 veya di\u011fer d\u0131\u015f mekan ayd\u0131nlatma fikirlerinizi ayd\u0131nlatman\u0131n harika bir yoludur.\",\"breadcrumb\":{\"@id\":\"https:\\\/\\\/www.zhgdled.com\\\/tr\\\/post-top-light.html#breadcrumb\"},\"inLanguage\":\"tr\",\"potentialAction\":[{\"@type\":\"ReadAction\",\"target\":[\"https:\\\/\\\/www.zhgdled.com\\\/tr\\\/post-top-light.html\"]}]},{\"@type\":\"ImageObject\",\"inLanguage\":\"tr\",\"@id\":\"https:\\\/\\\/www.zhgdled.com\\\/tr\\\/post-top-light.html#primaryimage\",\"url\":\"https:\\\/\\\/www.zhgdled.com\\\/wp-content\\\/uploads\\\/2021\\\/10\\\/34.png\",\"contentUrl\":\"https:\\\/\\\/www.zhgdled.com\\\/wp-content\\\/uploads\\\/2021\\\/10\\\/34.png\",\"width\":1600,\"height\":1600,\"caption\":\"garden post top light\"},{\"@type\":\"BreadcrumbList\",\"@id\":\"https:\\\/\\\/www.zhgdled.com\\\/tr\\\/post-top-light.html#breadcrumb\",\"itemListElement\":[{\"@type\":\"ListItem\",\"position\":1,\"name\":\"Home\",\"item\":\"https:\\\/\\\/www.zhgdled.com\\\/tr\"},{\"@type\":\"ListItem\",\"position\":2,\"name\":\"PRODUCTS\",\"item\":\"https:\\\/\\\/www.zhgdled.com\\\/zhl-products.html\"},{\"@type\":\"ListItem\",\"position\":3,\"name\":\"Bah\u00e7e ve Koridor Direk \u00dcst I\u015f\u0131k\"}]},{\"@type\":\"WebSite\",\"@id\":\"https:\\\/\\\/www.zhgdled.com\\\/tr\\\/#website\",\"url\":\"https:\\\/\\\/www.zhgdled.com\\\/tr\\\/\",\"name\":\"ZHL I\u015f\u0131k Grubu\",\"description\":\"Top ranking industrial lighting manufacturer and exporter\",\"publisher\":{\"@id\":\"https:\\\/\\\/www.zhgdled.com\\\/tr\\\/#organization\"},\"potentialAction\":[{\"@type\":\"SearchAction\",\"target\":{\"@type\":\"EntryPoint\",\"urlTemplate\":\"https:\\\/\\\/www.zhgdled.com\\\/tr\\\/?s={search_term_string}\"},\"query-input\":{\"@type\":\"PropertyValueSpecification\",\"valueRequired\":true,\"valueName\":\"search_term_string\"}}],\"inLanguage\":\"tr\"},{\"@type\":\"Organization\",\"@id\":\"https:\\\/\\\/www.zhgdled.com\\\/tr\\\/#organization\",\"name\":\"ZHL Lighting Group\",\"url\":\"https:\\\/\\\/www.zhgdled.com\\\/tr\\\/\",\"logo\":{\"@type\":\"ImageObject\",\"inLanguage\":\"tr\",\"@id\":\"https:\\\/\\\/www.zhgdled.com\\\/tr\\\/#\\\/schema\\\/logo\\\/image\\\/\",\"url\":\"\",\"contentUrl\":\"\",\"caption\":\"ZHL Lighting Group\"},\"image\":{\"@id\":\"https:\\\/\\\/www.zhgdled.com\\\/tr\\\/#\\\/schema\\\/logo\\\/image\\\/\"},\"sameAs\":[\"https:\\\/\\\/www.facebook.com\\\/zhllightinggroup\",\"https:\\\/\\\/x.com\\\/zhl_lighting\"]}]}<\/script>\n<!-- \/ Yoast SEO plugin. -->","yoast_head_json":{"title":"Bah\u00e7e ve Koridor Direk \u00dcst I\u015f\u0131k &#8211; ZHL I\u015f\u0131k Grubu","description":"ZHL Direk \u00dcst I\u015f\u0131k, \u00e7ok y\u00f6nl\u00fc peyzaj ve ya\u015fam alan\u0131 tasar\u0131m\u0131na izin veren modern, ola\u011fan\u00fcst\u00fc bir ev d\u0131\u015f ayd\u0131nlatma armat\u00fcr\u00fcd\u00fcr. Bir bah\u00e7eyi, giri\u015f yollar\u0131n\u0131 veya yollar\u0131 veya di\u011fer d\u0131\u015f mekan ayd\u0131nlatma fikirlerinizi ayd\u0131nlatman\u0131n harika bir yoludur.","robots":{"index":"index","follow":"follow","max-snippet":"max-snippet:-1","max-image-preview":"max-image-preview:large","max-video-preview":"max-video-preview:-1"},"canonical":"https:\/\/www.zhgdled.com\/tr\/post-top-light.html","og_locale":"tr_TR","og_type":"article","og_title":"Bah\u00e7e ve Koridor Direk \u00dcst I\u015f\u0131k &#8211; ZHL I\u015f\u0131k Grubu","og_description":"ZHL Direk \u00dcst I\u015f\u0131k, \u00e7ok y\u00f6nl\u00fc peyzaj ve ya\u015fam alan\u0131 tasar\u0131m\u0131na izin veren modern, ola\u011fan\u00fcst\u00fc bir ev d\u0131\u015f ayd\u0131nlatma armat\u00fcr\u00fcd\u00fcr. Bir bah\u00e7eyi, giri\u015f yollar\u0131n\u0131 veya yollar\u0131 veya di\u011fer d\u0131\u015f mekan ayd\u0131nlatma fikirlerinizi ayd\u0131nlatman\u0131n harika bir yoludur.","og_url":"https:\/\/www.zhgdled.com\/tr\/post-top-light.html","og_site_name":"ZHL I\u015f\u0131k Grubu","article_publisher":"https:\/\/www.facebook.com\/zhllightinggroup","article_modified_time":"2022-10-24T05:53:37+00:00","og_image":[{"width":1600,"height":1600,"url":"https:\/\/www.zhgdled.com\/wp-content\/uploads\/2021\/10\/34.png","type":"image\/png"}],"twitter_card":"summary_large_image","twitter_site":"@zhl_lighting","twitter_misc":{"Tahmini okuma s\u00fcresi":"2 dakika"},"schema":{"@context":"https:\/\/schema.org","@graph":[{"@type":"WebPage","@id":"https:\/\/www.zhgdled.com\/tr\/post-top-light.html","url":"https:\/\/www.zhgdled.com\/tr\/post-top-light.html","name":"Bah\u00e7e ve Koridor Direk \u00dcst I\u015f\u0131k &#8211; ZHL I\u015f\u0131k Grubu","isPartOf":{"@id":"https:\/\/www.zhgdled.com\/tr\/#website"},"primaryImageOfPage":{"@id":"https:\/\/www.zhgdled.com\/tr\/post-top-light.html#primaryimage"},"image":{"@id":"https:\/\/www.zhgdled.com\/tr\/post-top-light.html#primaryimage"},"thumbnailUrl":"https:\/\/www.zhgdled.com\/wp-content\/uploads\/2021\/10\/34.png","datePublished":"2021-10-14T05:56:54+00:00","dateModified":"2022-10-24T05:53:37+00:00","description":"ZHL Direk \u00dcst I\u015f\u0131k, \u00e7ok y\u00f6nl\u00fc peyzaj ve ya\u015fam alan\u0131 tasar\u0131m\u0131na izin veren modern, ola\u011fan\u00fcst\u00fc bir ev d\u0131\u015f ayd\u0131nlatma armat\u00fcr\u00fcd\u00fcr. Bir bah\u00e7eyi, giri\u015f yollar\u0131n\u0131 veya yollar\u0131 veya di\u011fer d\u0131\u015f mekan ayd\u0131nlatma fikirlerinizi ayd\u0131nlatman\u0131n harika bir yoludur.","breadcrumb":{"@id":"https:\/\/www.zhgdled.com\/tr\/post-top-light.html#breadcrumb"},"inLanguage":"tr","potentialAction":[{"@type":"ReadAction","target":["https:\/\/www.zhgdled.com\/tr\/post-top-light.html"]}]},{"@type":"ImageObject","inLanguage":"tr","@id":"https:\/\/www.zhgdled.com\/tr\/post-top-light.html#primaryimage","url":"https:\/\/www.zhgdled.com\/wp-content\/uploads\/2021\/10\/34.png","contentUrl":"https:\/\/www.zhgdled.com\/wp-content\/uploads\/2021\/10\/34.png","width":1600,"height":1600,"caption":"garden post top light"},{"@type":"BreadcrumbList","@id":"https:\/\/www.zhgdled.com\/tr\/post-top-light.html#breadcrumb","itemListElement":[{"@type":"ListItem","position":1,"name":"Home","item":"https:\/\/www.zhgdled.com\/tr"},{"@type":"ListItem","position":2,"name":"PRODUCTS","item":"https:\/\/www.zhgdled.com\/zhl-products.html"},{"@type":"ListItem","position":3,"name":"Bah\u00e7e ve Koridor Direk \u00dcst I\u015f\u0131k"}]},{"@type":"WebSite","@id":"https:\/\/www.zhgdled.com\/tr\/#website","url":"https:\/\/www.zhgdled.com\/tr\/","name":"ZHL I\u015f\u0131k Grubu","description":"Top ranking industrial lighting manufacturer and exporter","publisher":{"@id":"https:\/\/www.zhgdled.com\/tr\/#organization"},"potentialAction":[{"@type":"SearchAction","target":{"@type":"EntryPoint","urlTemplate":"https:\/\/www.zhgdled.com\/tr\/?s={search_term_string}"},"query-input":{"@type":"PropertyValueSpecification","valueRequired":true,"valueName":"search_term_string"}}],"inLanguage":"tr"},{"@type":"Organization","@id":"https:\/\/www.zhgdled.com\/tr\/#organization","name":"ZHL Lighting Group","url":"https:\/\/www.zhgdled.com\/tr\/","logo":{"@type":"ImageObject","inLanguage":"tr","@id":"https:\/\/www.zhgdled.com\/tr\/#\/schema\/logo\/image\/","url":"","contentUrl":"","caption":"ZHL Lighting Group"},"image":{"@id":"https:\/\/www.zhgdled.com\/tr\/#\/schema\/logo\/image\/"},"sameAs":["https:\/\/www.facebook.com\/zhllightinggroup","https:\/\/x.com\/zhl_lighting"]}]}},"_links":{"self":[{"href":"https:\/\/www.zhgdled.com\/tr\/wp-json\/wp\/v2\/product\/17400","targetHints":{"allow":["GET"]}}],"collection":[{"href":"https:\/\/www.zhgdled.com\/tr\/wp-json\/wp\/v2\/product"}],"about":[{"href":"https:\/\/www.zhgdled.com\/tr\/wp-json\/wp\/v2\/types\/product"}],"wp:featuredmedia":[{"embeddable":true,"href":"https:\/\/www.zhgdled.com\/tr\/wp-json\/wp\/v2\/media\/13648"}],"wp:attachment":[{"href":"https:\/\/www.zhgdled.com\/tr\/wp-json\/wp\/v2\/media?parent=17400"}],"wp:term":[{"taxonomy":"product_brand","embeddable":true,"href":"https:\/\/www.zhgdled.com\/tr\/wp-json\/wp\/v2\/product_brand?post=17400"},{"taxonomy":"product_cat","embeddable":true,"href":"https:\/\/www.zhgdled.com\/tr\/wp-json\/wp\/v2\/product_cat?post=17400"},{"taxonomy":"product_tag","embeddable":true,"href":"https:\/\/www.zhgdled.com\/tr\/wp-json\/wp\/v2\/product_tag?post=17400"}],"curies":[{"name":"wp","href":"https:\/\/api.w.org\/{rel}","templated":true}]}}