{"id":17420,"date":"2023-06-12T14:16:18","date_gmt":"2022-10-13T06:16:18","guid":{"rendered":"https:\/\/www.zhgdled.com\/product\/cob-rechargeable-work-light-10w"},"modified":"2023-12-28T09:14:42","modified_gmt":"2023-12-28T01:14:42","slug":"cob-rechargeable-work-light-10w","status":"publish","type":"product","link":"https:\/\/www.zhgdled.com\/tr\/cob-rechargeable-work-light-10w.html","title":{"rendered":"COB \u015eARJLI \u00c7ALI\u015eMA LAMBASI 10W"},"content":{"rendered":"<h2>\u0130\u00e7 ve d\u0131\u015f mekan kullan\u0131m\u0131 i\u00e7in<\/h2>\n<p>T\u00fcm uygulamalarda, alacakaranl\u0131kta ve karanl\u0131kta daha h\u0131zl\u0131, daha hassas ve \u00fcretken \u00e7al\u0131\u015fabilmek i\u00e7in profesyonel ve konforlu \u0131\u015f\u0131k ko\u015fullar\u0131 hayati \u00f6nem ta\u015f\u0131r. ZHL&#8217;nin eksiksiz \u00e7al\u0131\u015fma farlar\u0131, g\u00fcvenilir \u00fcretim prosed\u00fcrleri sayesinde bunu halleder. ZHL, g\u00fcvenilir bir marka \u00fcr\u00fcn\u00fcn\u00fcn g\u00fcvenli\u011fini sunar. ZHL, t\u00fcm alanlarda en y\u00fcksek kaliteye \u00f6nem verdi\u011fimiz i\u00e7in t\u00fcm \u00f6nde gelen uluslararas\u0131 ayd\u0131nlatma \u00fcreticileri i\u00e7in k\u00fcresel bir OEM olarak kurulmu\u015ftur. \u00d6rne\u011fin, t\u00fcm \u00e7al\u0131\u015fma farlar\u0131 geli\u015ftirme ve \u00fcretim a\u015famas\u0131nda a\u015f\u0131r\u0131 stres testlerine tabi tutulur. Kalite testlerimiz hakk\u0131nda daha fazla bilgiyi &#8220;Vaka&#8221; ve &#8220;Ara\u015ft\u0131rma&#8221; sayfalar\u0131nda bulabilirsiniz.<\/p>\n<p>LED teknolojisi, geleneksel halojen ve xenon lambalardan \u00e7ok daha talepkard\u0131r. Bu nedenle kalite farkl\u0131l\u0131klar\u0131 bu cihazlarda \u00f6zellikle belirgindir. ZHL, y\u0131llard\u0131r LED \u0131\u015f\u0131klar pazar\u0131nda kendini adam\u0131\u015ft\u0131r.<\/p>\n<blockquote><p>Katalo\u011fa m\u0131 ihtiyac\u0131n\u0131z var? <a href=\"https:\/\/www.zhgdled.com\/download\/cob-rechargeable-work-light\">Download catalogue of work light<\/a> &#8211; <a href=\"https:\/\/www.zhgdled.com\/download\/2022-zhl-product-catalogue\">Download catalogue for all ZHL Products<\/a><\/p><\/blockquote>\n<h2><\/h2>\n<h2>\u015eARTNAME<\/h2>\n<table style=\"border-collapse: collapse; width: 370.52pt;\" border=\"0\" width=\"494\" cellspacing=\"0\" cellpadding=\"0\">\n<tbody>\n<tr style=\"height: 16.50pt;\">\n<td class=\"et2\" style=\"height: 16.50pt; width: 120.75pt;\" width=\"161\" height=\"22\">Power:<\/td>\n<td class=\"et2\" style=\"width: 249.75pt;\" width=\"333\">10W<\/td>\n<\/tr>\n<tr style=\"height: 16.50pt;\">\n<td class=\"et2\" style=\"height: 16.50pt;\" height=\"22\">Light source:<\/td>\n<td class=\"et2\">COB<\/td>\n<\/tr>\n<tr style=\"height: 16.50pt;\">\n<td class=\"et2\" style=\"height: 16.50pt;\" height=\"22\">Luminous flux:<\/td>\n<td class=\"et2\">1000lm<\/td>\n<\/tr>\n<tr style=\"height: 16.50pt;\">\n<td class=\"et2\" style=\"height: 16.50pt;\" height=\"22\">CRI<\/td>\n<td class=\"et2\">&gt;80<\/td>\n<\/tr>\n<tr style=\"height: 16.50pt;\">\n<td class=\"et2\" style=\"height: 16.50pt;\" height=\"22\">Power Factor<\/td>\n<td class=\"et2\">&gt;0.9<\/td>\n<\/tr>\n<tr style=\"height: 16.50pt;\">\n<td class=\"et2\" style=\"height: 16.50pt;\" height=\"22\">Beam angle:<\/td>\n<td class=\"et2\">110\u00b0<\/td>\n<\/tr>\n<tr style=\"height: 16.50pt;\">\n<td class=\"et2\" style=\"height: 16.50pt;\" height=\"22\">Voltage:<\/td>\n<td class=\"et2\">4.5V DC<\/td>\n<\/tr>\n<tr style=\"height: 16.50pt;\">\n<td class=\"et2\" style=\"height: 16.50pt;\" height=\"22\">CCT:<\/td>\n<td class=\"et2\">2700K-3200K \/ 4000K-4500K \/ 6000K-6500K<\/td>\n<\/tr>\n<tr style=\"height: 16.50pt;\">\n<td class=\"et2\" style=\"height: 16.50pt;\" height=\"22\">Waterproof rating:<\/td>\n<td class=\"et2\">IP54<\/td>\n<\/tr>\n<tr style=\"height: 16.50pt;\">\n<td class=\"et2\" style=\"height: 16.50pt;\" height=\"22\">Life span:<\/td>\n<td class=\"et2\">30,000 hours<\/td>\n<\/tr>\n<tr style=\"height: 16.50pt;\">\n<td class=\"et2\" style=\"height: 16.50pt;\" height=\"22\">Material:<\/td>\n<td class=\"et2\">Aluminum, Nylonpower<\/td>\n<\/tr>\n<tr style=\"height: 16.50pt;\">\n<td class=\"et2\" style=\"height: 16.50pt;\" height=\"22\">Light mode:<\/td>\n<td class=\"et2\">100% brightness \/ 50% brightness \/ Off<\/td>\n<\/tr>\n<tr style=\"height: 16.50pt;\">\n<td class=\"et2\" style=\"height: 16.50pt;\" height=\"22\">Charging time:<\/td>\n<td class=\"et2\">3 hours.<\/td>\n<\/tr>\n<tr style=\"height: 16.50pt;\">\n<td class=\"et2\" style=\"height: 16.50pt;\" height=\"22\">Discharging time:<\/td>\n<td class=\"et2\">4 hours<\/td>\n<\/tr>\n<tr style=\"height: 16.50pt;\">\n<td class=\"et2\" style=\"height: 16.50pt;\" height=\"22\">Battery capacity:<\/td>\n<td class=\"et2\">4.4AH \/ 3.7V<\/td>\n<\/tr>\n<tr style=\"height: 16.50pt;\">\n<td class=\"et2\" style=\"height: 16.50pt;\" height=\"22\">Warranty:<\/td>\n<td class=\"et2\">2 years<\/td>\n<\/tr>\n<\/tbody>\n<\/table>\n<p>&nbsp;<\/p>\n<p><img decoding=\"async\" class=\"size-full wp-image-17419\" src=\"https:\/\/www.zhgdled.com\/wp-content\/uploads\/2022\/10\/20221026093308.jpg\" alt=\"COB rechargeable work light\" width=\"1279\" height=\"850\" srcset=\"https:\/\/www.zhgdled.com\/wp-content\/uploads\/2022\/10\/20221026093308.jpg 1279w, https:\/\/www.zhgdled.com\/wp-content\/uploads\/2022\/10\/20221026093308-300x199.jpg 300w, https:\/\/www.zhgdled.com\/wp-content\/uploads\/2022\/10\/20221026093308-1024x681.jpg 1024w, https:\/\/www.zhgdled.com\/wp-content\/uploads\/2022\/10\/20221026093308-768x510.jpg 768w, https:\/\/www.zhgdled.com\/wp-content\/uploads\/2022\/10\/20221026093308-600x399.jpg 600w, https:\/\/www.zhgdled.com\/wp-content\/uploads\/2022\/10\/20221026093308-150x100.jpg 150w\" sizes=\"(max-width: 1279px) 100vw, 1279px\" \/><\/p>\n","protected":false},"excerpt":{"rendered":"<p>ZHL&#8217;nin tam kapsaml\u0131 \u00e7al\u0131\u015fma lambalar\u0131, g\u00fcvenilir \u00fcretim prosed\u00fcrleri sayesinde alacakaranl\u0131kta ve karanl\u0131kta daha h\u0131zl\u0131, daha hassas ve \u00fcretken \u00e7al\u0131\u015fabilmenize yard\u0131mc\u0131 olur.<\/p>\n<ul>\n<li>G\u00fc\u00e7: 10W<\/li>\n<li>I\u015f\u0131k kayna\u011f\u0131: COB<\/li>\n<li>I\u015f\u0131k ak\u0131s\u0131: 1000lm<\/li>\n<li>Ra&gt;80, PF&gt;0.9<\/li>\n<li>I\u015f\u0131n a\u00e7\u0131s\u0131: 110\u00b0<\/li>\n<li>Gerilim: 4.5V DC<\/li>\n<li>\u015eNT: 2700K-3200K \/ 4000K-4500K \/ 6000K-6500K<\/li>\n<\/ul>\n","protected":false},"featured_media":14926,"template":"","meta":[],"product_brand":[],"product_cat":[663],"product_tag":[],"class_list":{"0":"post-17420","1":"product","2":"type-product","3":"status-publish","4":"has-post-thumbnail","6":"product_cat-calisma-lambalari","8":"first","9":"instock","10":"shipping-taxable","11":"product-type-simple"},"yoast_head":"<!-- This site is optimized with the Yoast SEO plugin v27.4 - https:\/\/yoast.com\/product\/yoast-seo-wordpress\/ -->\n<title>COB \u015eARJLI \u00c7ALI\u015eMA LAMBASI 10W &#8211; ZHL I\u015f\u0131k Grubu<\/title>\n<meta name=\"description\" content=\"ZHL&#039;nin tam kapsaml\u0131 \u00e7al\u0131\u015fma lambalar\u0131, g\u00fcvenilir \u00fcretim prosed\u00fcrleri sayesinde alacakaranl\u0131kta ve karanl\u0131kta daha h\u0131zl\u0131, daha hassas ve \u00fcretken \u00e7al\u0131\u015fabilmenize yard\u0131mc\u0131 olur.\" \/>\n<meta name=\"robots\" content=\"index, follow, max-snippet:-1, max-image-preview:large, max-video-preview:-1\" \/>\n<link rel=\"canonical\" href=\"https:\/\/www.zhgdled.com\/tr\/cob-rechargeable-work-light-10w.html\" \/>\n<meta property=\"og:locale\" content=\"tr_TR\" \/>\n<meta property=\"og:type\" content=\"article\" \/>\n<meta property=\"og:title\" content=\"COB \u015eARJLI \u00c7ALI\u015eMA LAMBASI 10W &#8211; ZHL I\u015f\u0131k Grubu\" \/>\n<meta property=\"og:description\" content=\"ZHL&#039;nin tam kapsaml\u0131 \u00e7al\u0131\u015fma lambalar\u0131, g\u00fcvenilir \u00fcretim prosed\u00fcrleri sayesinde alacakaranl\u0131kta ve karanl\u0131kta daha h\u0131zl\u0131, daha hassas ve \u00fcretken \u00e7al\u0131\u015fabilmenize yard\u0131mc\u0131 olur.\" \/>\n<meta property=\"og:url\" content=\"https:\/\/www.zhgdled.com\/tr\/cob-rechargeable-work-light-10w.html\" \/>\n<meta property=\"og:site_name\" content=\"ZHL I\u015f\u0131k Grubu\" \/>\n<meta property=\"article:publisher\" content=\"https:\/\/www.facebook.com\/zhllightinggroup\" \/>\n<meta property=\"article:modified_time\" content=\"2023-12-28T01:14:42+00:00\" \/>\n<meta property=\"og:image\" content=\"https:\/\/www.zhgdled.com\/wp-content\/uploads\/2022\/10\/COB_RECHARGEABLE_WORK_LIGHT.png\" \/>\n\t<meta property=\"og:image:width\" content=\"1600\" \/>\n\t<meta property=\"og:image:height\" content=\"1600\" \/>\n\t<meta property=\"og:image:type\" content=\"image\/png\" \/>\n<meta name=\"twitter:card\" content=\"summary_large_image\" \/>\n<meta name=\"twitter:site\" content=\"@zhl_lighting\" \/>\n<meta name=\"twitter:label1\" content=\"Tahmini okuma s\u00fcresi\" \/>\n\t<meta name=\"twitter:data1\" content=\"2 dakika\" \/>\n<script type=\"application\/ld+json\" class=\"yoast-schema-graph\">{\"@context\":\"https:\\\/\\\/schema.org\",\"@graph\":[{\"@type\":\"WebPage\",\"@id\":\"https:\\\/\\\/www.zhgdled.com\\\/tr\\\/cob-rechargeable-work-light-10w.html\",\"url\":\"https:\\\/\\\/www.zhgdled.com\\\/tr\\\/cob-rechargeable-work-light-10w.html\",\"name\":\"COB \u015eARJLI \u00c7ALI\u015eMA LAMBASI 10W &#8211; ZHL I\u015f\u0131k Grubu\",\"isPartOf\":{\"@id\":\"https:\\\/\\\/www.zhgdled.com\\\/tr\\\/#website\"},\"primaryImageOfPage\":{\"@id\":\"https:\\\/\\\/www.zhgdled.com\\\/tr\\\/cob-rechargeable-work-light-10w.html#primaryimage\"},\"image\":{\"@id\":\"https:\\\/\\\/www.zhgdled.com\\\/tr\\\/cob-rechargeable-work-light-10w.html#primaryimage\"},\"thumbnailUrl\":\"https:\\\/\\\/www.zhgdled.com\\\/wp-content\\\/uploads\\\/2022\\\/10\\\/COB_RECHARGEABLE_WORK_LIGHT.png\",\"datePublished\":\"2022-10-13T06:16:18+00:00\",\"dateModified\":\"2023-12-28T01:14:42+00:00\",\"description\":\"ZHL'nin tam kapsaml\u0131 \u00e7al\u0131\u015fma lambalar\u0131, g\u00fcvenilir \u00fcretim prosed\u00fcrleri sayesinde alacakaranl\u0131kta ve karanl\u0131kta daha h\u0131zl\u0131, daha hassas ve \u00fcretken \u00e7al\u0131\u015fabilmenize yard\u0131mc\u0131 olur.\",\"breadcrumb\":{\"@id\":\"https:\\\/\\\/www.zhgdled.com\\\/tr\\\/cob-rechargeable-work-light-10w.html#breadcrumb\"},\"inLanguage\":\"tr\",\"potentialAction\":[{\"@type\":\"ReadAction\",\"target\":[\"https:\\\/\\\/www.zhgdled.com\\\/tr\\\/cob-rechargeable-work-light-10w.html\"]}]},{\"@type\":\"ImageObject\",\"inLanguage\":\"tr\",\"@id\":\"https:\\\/\\\/www.zhgdled.com\\\/tr\\\/cob-rechargeable-work-light-10w.html#primaryimage\",\"url\":\"https:\\\/\\\/www.zhgdled.com\\\/wp-content\\\/uploads\\\/2022\\\/10\\\/COB_RECHARGEABLE_WORK_LIGHT.png\",\"contentUrl\":\"https:\\\/\\\/www.zhgdled.com\\\/wp-content\\\/uploads\\\/2022\\\/10\\\/COB_RECHARGEABLE_WORK_LIGHT.png\",\"width\":1600,\"height\":1600,\"caption\":\"LUZ DE TRABALHO RECARREG\u00c1VEL COB\"},{\"@type\":\"BreadcrumbList\",\"@id\":\"https:\\\/\\\/www.zhgdled.com\\\/tr\\\/cob-rechargeable-work-light-10w.html#breadcrumb\",\"itemListElement\":[{\"@type\":\"ListItem\",\"position\":1,\"name\":\"Home\",\"item\":\"https:\\\/\\\/www.zhgdled.com\\\/tr\"},{\"@type\":\"ListItem\",\"position\":2,\"name\":\"PRODUCTS\",\"item\":\"https:\\\/\\\/www.zhgdled.com\\\/zhl-products.html\"},{\"@type\":\"ListItem\",\"position\":3,\"name\":\"COB \u015eARJLI \u00c7ALI\u015eMA LAMBASI 10W\"}]},{\"@type\":\"WebSite\",\"@id\":\"https:\\\/\\\/www.zhgdled.com\\\/tr\\\/#website\",\"url\":\"https:\\\/\\\/www.zhgdled.com\\\/tr\\\/\",\"name\":\"ZHL I\u015f\u0131k Grubu\",\"description\":\"Top ranking industrial lighting manufacturer and exporter\",\"publisher\":{\"@id\":\"https:\\\/\\\/www.zhgdled.com\\\/tr\\\/#organization\"},\"potentialAction\":[{\"@type\":\"SearchAction\",\"target\":{\"@type\":\"EntryPoint\",\"urlTemplate\":\"https:\\\/\\\/www.zhgdled.com\\\/tr\\\/?s={search_term_string}\"},\"query-input\":{\"@type\":\"PropertyValueSpecification\",\"valueRequired\":true,\"valueName\":\"search_term_string\"}}],\"inLanguage\":\"tr\"},{\"@type\":\"Organization\",\"@id\":\"https:\\\/\\\/www.zhgdled.com\\\/tr\\\/#organization\",\"name\":\"ZHL Lighting Group\",\"url\":\"https:\\\/\\\/www.zhgdled.com\\\/tr\\\/\",\"logo\":{\"@type\":\"ImageObject\",\"inLanguage\":\"tr\",\"@id\":\"https:\\\/\\\/www.zhgdled.com\\\/tr\\\/#\\\/schema\\\/logo\\\/image\\\/\",\"url\":\"\",\"contentUrl\":\"\",\"caption\":\"ZHL Lighting Group\"},\"image\":{\"@id\":\"https:\\\/\\\/www.zhgdled.com\\\/tr\\\/#\\\/schema\\\/logo\\\/image\\\/\"},\"sameAs\":[\"https:\\\/\\\/www.facebook.com\\\/zhllightinggroup\",\"https:\\\/\\\/x.com\\\/zhl_lighting\"]}]}<\/script>\n<!-- \/ Yoast SEO plugin. -->","yoast_head_json":{"title":"COB \u015eARJLI \u00c7ALI\u015eMA LAMBASI 10W &#8211; ZHL I\u015f\u0131k Grubu","description":"ZHL'nin tam kapsaml\u0131 \u00e7al\u0131\u015fma lambalar\u0131, g\u00fcvenilir \u00fcretim prosed\u00fcrleri sayesinde alacakaranl\u0131kta ve karanl\u0131kta daha h\u0131zl\u0131, daha hassas ve \u00fcretken \u00e7al\u0131\u015fabilmenize yard\u0131mc\u0131 olur.","robots":{"index":"index","follow":"follow","max-snippet":"max-snippet:-1","max-image-preview":"max-image-preview:large","max-video-preview":"max-video-preview:-1"},"canonical":"https:\/\/www.zhgdled.com\/tr\/cob-rechargeable-work-light-10w.html","og_locale":"tr_TR","og_type":"article","og_title":"COB \u015eARJLI \u00c7ALI\u015eMA LAMBASI 10W &#8211; ZHL I\u015f\u0131k Grubu","og_description":"ZHL'nin tam kapsaml\u0131 \u00e7al\u0131\u015fma lambalar\u0131, g\u00fcvenilir \u00fcretim prosed\u00fcrleri sayesinde alacakaranl\u0131kta ve karanl\u0131kta daha h\u0131zl\u0131, daha hassas ve \u00fcretken \u00e7al\u0131\u015fabilmenize yard\u0131mc\u0131 olur.","og_url":"https:\/\/www.zhgdled.com\/tr\/cob-rechargeable-work-light-10w.html","og_site_name":"ZHL I\u015f\u0131k Grubu","article_publisher":"https:\/\/www.facebook.com\/zhllightinggroup","article_modified_time":"2023-12-28T01:14:42+00:00","og_image":[{"width":1600,"height":1600,"url":"https:\/\/www.zhgdled.com\/wp-content\/uploads\/2022\/10\/COB_RECHARGEABLE_WORK_LIGHT.png","type":"image\/png"}],"twitter_card":"summary_large_image","twitter_site":"@zhl_lighting","twitter_misc":{"Tahmini okuma s\u00fcresi":"2 dakika"},"schema":{"@context":"https:\/\/schema.org","@graph":[{"@type":"WebPage","@id":"https:\/\/www.zhgdled.com\/tr\/cob-rechargeable-work-light-10w.html","url":"https:\/\/www.zhgdled.com\/tr\/cob-rechargeable-work-light-10w.html","name":"COB \u015eARJLI \u00c7ALI\u015eMA LAMBASI 10W &#8211; ZHL I\u015f\u0131k Grubu","isPartOf":{"@id":"https:\/\/www.zhgdled.com\/tr\/#website"},"primaryImageOfPage":{"@id":"https:\/\/www.zhgdled.com\/tr\/cob-rechargeable-work-light-10w.html#primaryimage"},"image":{"@id":"https:\/\/www.zhgdled.com\/tr\/cob-rechargeable-work-light-10w.html#primaryimage"},"thumbnailUrl":"https:\/\/www.zhgdled.com\/wp-content\/uploads\/2022\/10\/COB_RECHARGEABLE_WORK_LIGHT.png","datePublished":"2022-10-13T06:16:18+00:00","dateModified":"2023-12-28T01:14:42+00:00","description":"ZHL'nin tam kapsaml\u0131 \u00e7al\u0131\u015fma lambalar\u0131, g\u00fcvenilir \u00fcretim prosed\u00fcrleri sayesinde alacakaranl\u0131kta ve karanl\u0131kta daha h\u0131zl\u0131, daha hassas ve \u00fcretken \u00e7al\u0131\u015fabilmenize yard\u0131mc\u0131 olur.","breadcrumb":{"@id":"https:\/\/www.zhgdled.com\/tr\/cob-rechargeable-work-light-10w.html#breadcrumb"},"inLanguage":"tr","potentialAction":[{"@type":"ReadAction","target":["https:\/\/www.zhgdled.com\/tr\/cob-rechargeable-work-light-10w.html"]}]},{"@type":"ImageObject","inLanguage":"tr","@id":"https:\/\/www.zhgdled.com\/tr\/cob-rechargeable-work-light-10w.html#primaryimage","url":"https:\/\/www.zhgdled.com\/wp-content\/uploads\/2022\/10\/COB_RECHARGEABLE_WORK_LIGHT.png","contentUrl":"https:\/\/www.zhgdled.com\/wp-content\/uploads\/2022\/10\/COB_RECHARGEABLE_WORK_LIGHT.png","width":1600,"height":1600,"caption":"LUZ DE TRABALHO RECARREG\u00c1VEL COB"},{"@type":"BreadcrumbList","@id":"https:\/\/www.zhgdled.com\/tr\/cob-rechargeable-work-light-10w.html#breadcrumb","itemListElement":[{"@type":"ListItem","position":1,"name":"Home","item":"https:\/\/www.zhgdled.com\/tr"},{"@type":"ListItem","position":2,"name":"PRODUCTS","item":"https:\/\/www.zhgdled.com\/zhl-products.html"},{"@type":"ListItem","position":3,"name":"COB \u015eARJLI \u00c7ALI\u015eMA LAMBASI 10W"}]},{"@type":"WebSite","@id":"https:\/\/www.zhgdled.com\/tr\/#website","url":"https:\/\/www.zhgdled.com\/tr\/","name":"ZHL I\u015f\u0131k Grubu","description":"Top ranking industrial lighting manufacturer and exporter","publisher":{"@id":"https:\/\/www.zhgdled.com\/tr\/#organization"},"potentialAction":[{"@type":"SearchAction","target":{"@type":"EntryPoint","urlTemplate":"https:\/\/www.zhgdled.com\/tr\/?s={search_term_string}"},"query-input":{"@type":"PropertyValueSpecification","valueRequired":true,"valueName":"search_term_string"}}],"inLanguage":"tr"},{"@type":"Organization","@id":"https:\/\/www.zhgdled.com\/tr\/#organization","name":"ZHL Lighting Group","url":"https:\/\/www.zhgdled.com\/tr\/","logo":{"@type":"ImageObject","inLanguage":"tr","@id":"https:\/\/www.zhgdled.com\/tr\/#\/schema\/logo\/image\/","url":"","contentUrl":"","caption":"ZHL Lighting Group"},"image":{"@id":"https:\/\/www.zhgdled.com\/tr\/#\/schema\/logo\/image\/"},"sameAs":["https:\/\/www.facebook.com\/zhllightinggroup","https:\/\/x.com\/zhl_lighting"]}]}},"_links":{"self":[{"href":"https:\/\/www.zhgdled.com\/tr\/wp-json\/wp\/v2\/product\/17420","targetHints":{"allow":["GET"]}}],"collection":[{"href":"https:\/\/www.zhgdled.com\/tr\/wp-json\/wp\/v2\/product"}],"about":[{"href":"https:\/\/www.zhgdled.com\/tr\/wp-json\/wp\/v2\/types\/product"}],"wp:featuredmedia":[{"embeddable":true,"href":"https:\/\/www.zhgdled.com\/tr\/wp-json\/wp\/v2\/media\/14926"}],"wp:attachment":[{"href":"https:\/\/www.zhgdled.com\/tr\/wp-json\/wp\/v2\/media?parent=17420"}],"wp:term":[{"taxonomy":"product_brand","embeddable":true,"href":"https:\/\/www.zhgdled.com\/tr\/wp-json\/wp\/v2\/product_brand?post=17420"},{"taxonomy":"product_cat","embeddable":true,"href":"https:\/\/www.zhgdled.com\/tr\/wp-json\/wp\/v2\/product_cat?post=17420"},{"taxonomy":"product_tag","embeddable":true,"href":"https:\/\/www.zhgdled.com\/tr\/wp-json\/wp\/v2\/product_tag?post=17420"}],"curies":[{"name":"wp","href":"https:\/\/api.w.org\/{rel}","templated":true}]}}