{"id":18284,"date":"2023-08-07T18:03:14","date_gmt":"2022-11-22T10:03:14","guid":{"rendered":"https:\/\/www.zhgdled.com\/product\/comte-series-high-bay-light-w-zhaga-base"},"modified":"2023-12-28T09:57:01","modified_gmt":"2023-12-28T01:57:01","slug":"comte-series-high-bay-light-w-zhaga-base","status":"publish","type":"product","link":"https:\/\/www.zhgdled.com\/tr\/comte-series-high-bay-light-w-zhaga-base.html","title":{"rendered":"SATURN SER\u0130S\u0130 ZHAGA TABANLI Y\u00fcksek Tavan I\u015f\u0131klar\u0131"},"content":{"rendered":"<h2>ZHAGA mod\u00fcl\u00fc sayesinde b\u00fcy\u00fck \u00f6l\u00e7ekli entegrasyon gereksinimlerini kar\u015f\u0131layabilen y\u00fcksek tavan lambalar\u0131<\/h2>\n<ul>\n<li>Bu Saturn Serisi y\u00fcksek b\u00f6lme, s\u00fcr\u00fcc\u00fc lavabosu tarz\u0131 tasar\u0131ma sahip, optik, mekanik ve elektriksel \u0131s\u0131 da\u011f\u0131l\u0131m\u0131n\u0131n etkisine m\u00fckemmel bir \u00e7\u00f6z\u00fcm sunan, daha istikrarl\u0131 performans ve uzun hizmet \u00f6mr\u00fc sa\u011flayan yeni bir tasar\u0131m \u00fcr\u00fcn\u00fcd\u00fcr.&nbsp;<\/li>\n<li>Cep telefonu uygulamas\u0131 arac\u0131l\u0131\u011f\u0131yla mikrodalga veya k\u0131z\u0131l\u00f6tesi alg\u0131lama ve uzaktan kumanday\u0131 ger\u00e7ekle\u015ftirebilen tak ve \u00e7al\u0131\u015ft\u0131r ak\u0131ll\u0131 alg\u0131lama mod\u00fcl\u00fc eklenir.&nbsp;<\/li>\n<li>S\u00fcr\u00fcc\u00fc yap\u0131s\u0131, MOSO, LIFUD, SOSEN, MEANWELL gibi \u00e7e\u015fitli markalar\u0131n S\u00fcr\u00fcc\u00fcleriyle uyumlu olabilen ayd\u0131nlatma par\u00e7alar\u0131ndan ayr\u0131 tasarlanm\u0131\u015ft\u0131r.&nbsp;<\/li>\n<li>Y\u00fcksek yo\u011funluklu al\u00fcminyum kanat tasar\u0131m\u0131n\u0131 benimser ve h\u0131zl\u0131 \u0131s\u0131 da\u011f\u0131l\u0131m\u0131, y\u00fcksek mukavemet ve iyi darbe direnci ile entegre d\u00f6k\u00fcmd\u00fcr.&nbsp;<\/li>\n<li>Zincir montaj\u0131, di\u015fli \u00e7ubuk montaj\u0131 ve duvar montaj\u0131 gibi iste\u011fe ba\u011fl\u0131 \u00e7oklu kurulum y\u00f6ntemleri.<\/li>\n<\/ul>\n<p>&nbsp;<\/p>\n<p><img decoding=\"async\" class=\"alignnone size-full wp-image-17777\" src=\"https:\/\/www.zhgdled.com\/wp-content\/uploads\/2022\/11\/20221122175854.jpg\" alt=\"\" width=\"697\" height=\"720\" srcset=\"https:\/\/www.zhgdled.com\/wp-content\/uploads\/2022\/11\/20221122175854.jpg 697w, https:\/\/www.zhgdled.com\/wp-content\/uploads\/2022\/11\/20221122175854-290x300.jpg 290w, https:\/\/www.zhgdled.com\/wp-content\/uploads\/2022\/11\/20221122175854-600x620.jpg 600w, https:\/\/www.zhgdled.com\/wp-content\/uploads\/2022\/11\/20221122175854-150x155.jpg 150w\" sizes=\"(max-width: 697px) 100vw, 697px\" \/><\/p>\n<p><img decoding=\"async\" class=\"alignnone size-full wp-image-18073\" src=\"https:\/\/www.zhgdled.com\/wp-content\/uploads\/2022\/11\/20221221174637.jpg\" alt=\"\" width=\"1302\" height=\"867\" srcset=\"https:\/\/www.zhgdled.com\/wp-content\/uploads\/2022\/11\/20221221174637.jpg 1302w, https:\/\/www.zhgdled.com\/wp-content\/uploads\/2022\/11\/20221221174637-300x200.jpg 300w, https:\/\/www.zhgdled.com\/wp-content\/uploads\/2022\/11\/20221221174637-1024x682.jpg 1024w, https:\/\/www.zhgdled.com\/wp-content\/uploads\/2022\/11\/20221221174637-768x511.jpg 768w, https:\/\/www.zhgdled.com\/wp-content\/uploads\/2022\/11\/20221221174637-600x400.jpg 600w, https:\/\/www.zhgdled.com\/wp-content\/uploads\/2022\/11\/20221221174637-150x100.jpg 150w\" sizes=\"(max-width: 1302px) 100vw, 1302px\" \/><img decoding=\"async\" class=\"alignnone size-full wp-image-18083\" src=\"https:\/\/www.zhgdled.com\/wp-content\/uploads\/2022\/11\/20221221174712.jpg\" alt=\"\" width=\"1304\" height=\"869\" srcset=\"https:\/\/www.zhgdled.com\/wp-content\/uploads\/2022\/11\/20221221174712.jpg 1304w, https:\/\/www.zhgdled.com\/wp-content\/uploads\/2022\/11\/20221221174712-300x200.jpg 300w, https:\/\/www.zhgdled.com\/wp-content\/uploads\/2022\/11\/20221221174712-1024x682.jpg 1024w, https:\/\/www.zhgdled.com\/wp-content\/uploads\/2022\/11\/20221221174712-768x512.jpg 768w, https:\/\/www.zhgdled.com\/wp-content\/uploads\/2022\/11\/20221221174712-600x400.jpg 600w, https:\/\/www.zhgdled.com\/wp-content\/uploads\/2022\/11\/20221221174712-150x100.jpg 150w\" sizes=\"(max-width: 1304px) 100vw, 1304px\" \/><img decoding=\"async\" class=\"alignnone size-full wp-image-18093\" src=\"https:\/\/www.zhgdled.com\/wp-content\/uploads\/2022\/11\/20221221174733.jpg\" alt=\"\" width=\"1305\" height=\"870\" srcset=\"https:\/\/www.zhgdled.com\/wp-content\/uploads\/2022\/11\/20221221174733.jpg 1305w, https:\/\/www.zhgdled.com\/wp-content\/uploads\/2022\/11\/20221221174733-300x200.jpg 300w, https:\/\/www.zhgdled.com\/wp-content\/uploads\/2022\/11\/20221221174733-1024x683.jpg 1024w, https:\/\/www.zhgdled.com\/wp-content\/uploads\/2022\/11\/20221221174733-768x512.jpg 768w, https:\/\/www.zhgdled.com\/wp-content\/uploads\/2022\/11\/20221221174733-600x400.jpg 600w, https:\/\/www.zhgdled.com\/wp-content\/uploads\/2022\/11\/20221221174733-150x100.jpg 150w\" sizes=\"(max-width: 1305px) 100vw, 1305px\" \/><img decoding=\"async\" class=\"alignnone size-full wp-image-18103\" src=\"https:\/\/www.zhgdled.com\/wp-content\/uploads\/2022\/11\/20221221174749.jpg\" alt=\"\" width=\"1305\" height=\"872\" srcset=\"https:\/\/www.zhgdled.com\/wp-content\/uploads\/2022\/11\/20221221174749.jpg 1305w, https:\/\/www.zhgdled.com\/wp-content\/uploads\/2022\/11\/20221221174749-300x200.jpg 300w, https:\/\/www.zhgdled.com\/wp-content\/uploads\/2022\/11\/20221221174749-1024x684.jpg 1024w, https:\/\/www.zhgdled.com\/wp-content\/uploads\/2022\/11\/20221221174749-768x513.jpg 768w, https:\/\/www.zhgdled.com\/wp-content\/uploads\/2022\/11\/20221221174749-600x401.jpg 600w, https:\/\/www.zhgdled.com\/wp-content\/uploads\/2022\/11\/20221221174749-150x100.jpg 150w\" sizes=\"(max-width: 1305px) 100vw, 1305px\" \/><\/p>\n","protected":false},"excerpt":{"rendered":"<p>Ultra ince tasar\u0131m, t\u00fcm lamban\u0131n y\u00fcksekli\u011fini azalt\u0131r ve paketleme maliyetlerinden ve nakliye \u00fccretlerinden tasarruf sa\u011flar. Y\u00fcksek tavan \u0131\u015f\u0131k verimlili\u011fine sahip LED ile, t\u00fcm lamba ayd\u0131nlatma verimlili\u011fi \u2265 160lm\/w&#8217;dir, bu da uzaydaki ayd\u0131nlatma kalitesini b\u00fcy\u00fck \u00f6l\u00e7\u00fcde art\u0131r\u0131r ve i\u015f verimlili\u011fini art\u0131r\u0131r.<\/p>\n","protected":false},"featured_media":17787,"template":"","meta":[],"product_brand":[],"product_cat":[667],"product_tag":[],"class_list":{"0":"post-18284","1":"product","2":"type-product","3":"status-publish","4":"has-post-thumbnail","6":"product_cat-yuksek-koy-isik","8":"first","9":"instock","10":"shipping-taxable","11":"product-type-simple"},"yoast_head":"<!-- This site is optimized with the Yoast SEO plugin v27.4 - https:\/\/yoast.com\/product\/yoast-seo-wordpress\/ -->\n<title>SATURN SER\u0130S\u0130 ZHAGA TABANLI Y\u00fcksek Tavan I\u015f\u0131klar\u0131 &#8211; ZHL I\u015f\u0131k Grubu<\/title>\n<meta name=\"description\" content=\"Ultra ince tasar\u0131m, t\u00fcm lamban\u0131n y\u00fcksekli\u011fini azalt\u0131r ve paketleme maliyetlerinden ve nakliye \u00fccretlerinden tasarruf sa\u011flar. Y\u00fcksek \u0131\u015f\u0131k verimlili\u011fine sahip LED ile, t\u00fcm lamba ayd\u0131nlatma verimlili\u011fi \u2265 160lm\/w&#039;dir, bu da uzaydaki ayd\u0131nlatma kalitesini b\u00fcy\u00fck \u00f6l\u00e7\u00fcde art\u0131r\u0131r ve i\u015f verimlili\u011fini art\u0131r\u0131r.\" \/>\n<meta name=\"robots\" content=\"index, follow, max-snippet:-1, max-image-preview:large, max-video-preview:-1\" \/>\n<link rel=\"canonical\" href=\"https:\/\/www.zhgdled.com\/tr\/comte-series-high-bay-light-w-zhaga-base.html\" \/>\n<meta property=\"og:locale\" content=\"tr_TR\" \/>\n<meta property=\"og:type\" content=\"article\" \/>\n<meta property=\"og:title\" content=\"SATURN SER\u0130S\u0130 ZHAGA TABANLI Y\u00fcksek Tavan I\u015f\u0131klar\u0131 &#8211; ZHL I\u015f\u0131k Grubu\" \/>\n<meta property=\"og:description\" content=\"Ultra ince tasar\u0131m, t\u00fcm lamban\u0131n y\u00fcksekli\u011fini azalt\u0131r ve paketleme maliyetlerinden ve nakliye \u00fccretlerinden tasarruf sa\u011flar. Y\u00fcksek \u0131\u015f\u0131k verimlili\u011fine sahip LED ile, t\u00fcm lamba ayd\u0131nlatma verimlili\u011fi \u2265 160lm\/w&#039;dir, bu da uzaydaki ayd\u0131nlatma kalitesini b\u00fcy\u00fck \u00f6l\u00e7\u00fcde art\u0131r\u0131r ve i\u015f verimlili\u011fini art\u0131r\u0131r.\" \/>\n<meta property=\"og:url\" content=\"https:\/\/www.zhgdled.com\/tr\/comte-series-high-bay-light-w-zhaga-base.html\" \/>\n<meta property=\"og:site_name\" content=\"ZHL I\u015f\u0131k Grubu\" \/>\n<meta property=\"article:publisher\" content=\"https:\/\/www.facebook.com\/zhllightinggroup\" \/>\n<meta property=\"article:modified_time\" content=\"2023-12-28T01:57:01+00:00\" \/>\n<meta property=\"og:image\" content=\"https:\/\/www.zhgdled.com\/wp-content\/uploads\/2022\/11\/COUNT-SERIES-HIGH-BAY.jpg\" \/>\n\t<meta property=\"og:image:width\" content=\"1600\" \/>\n\t<meta property=\"og:image:height\" content=\"1600\" \/>\n\t<meta property=\"og:image:type\" content=\"image\/jpeg\" \/>\n<meta name=\"twitter:card\" content=\"summary_large_image\" \/>\n<meta name=\"twitter:site\" content=\"@zhl_lighting\" \/>\n<meta name=\"twitter:label1\" content=\"Tahmini okuma s\u00fcresi\" \/>\n\t<meta name=\"twitter:data1\" content=\"2 dakika\" \/>\n<script type=\"application\/ld+json\" class=\"yoast-schema-graph\">{\"@context\":\"https:\\\/\\\/schema.org\",\"@graph\":[{\"@type\":\"WebPage\",\"@id\":\"https:\\\/\\\/www.zhgdled.com\\\/tr\\\/comte-series-high-bay-light-w-zhaga-base.html\",\"url\":\"https:\\\/\\\/www.zhgdled.com\\\/tr\\\/comte-series-high-bay-light-w-zhaga-base.html\",\"name\":\"SATURN SER\u0130S\u0130 ZHAGA TABANLI Y\u00fcksek Tavan I\u015f\u0131klar\u0131 &#8211; ZHL I\u015f\u0131k Grubu\",\"isPartOf\":{\"@id\":\"https:\\\/\\\/www.zhgdled.com\\\/tr\\\/#website\"},\"primaryImageOfPage\":{\"@id\":\"https:\\\/\\\/www.zhgdled.com\\\/tr\\\/comte-series-high-bay-light-w-zhaga-base.html#primaryimage\"},\"image\":{\"@id\":\"https:\\\/\\\/www.zhgdled.com\\\/tr\\\/comte-series-high-bay-light-w-zhaga-base.html#primaryimage\"},\"thumbnailUrl\":\"https:\\\/\\\/www.zhgdled.com\\\/wp-content\\\/uploads\\\/2022\\\/11\\\/COUNT-SERIES-HIGH-BAY.jpg\",\"datePublished\":\"2022-11-22T10:03:14+00:00\",\"dateModified\":\"2023-12-28T01:57:01+00:00\",\"description\":\"Ultra ince tasar\u0131m, t\u00fcm lamban\u0131n y\u00fcksekli\u011fini azalt\u0131r ve paketleme maliyetlerinden ve nakliye \u00fccretlerinden tasarruf sa\u011flar. Y\u00fcksek \u0131\u015f\u0131k verimlili\u011fine sahip LED ile, t\u00fcm lamba ayd\u0131nlatma verimlili\u011fi \u2265 160lm\\\/w'dir, bu da uzaydaki ayd\u0131nlatma kalitesini b\u00fcy\u00fck \u00f6l\u00e7\u00fcde art\u0131r\u0131r ve i\u015f verimlili\u011fini art\u0131r\u0131r.\",\"breadcrumb\":{\"@id\":\"https:\\\/\\\/www.zhgdled.com\\\/tr\\\/comte-series-high-bay-light-w-zhaga-base.html#breadcrumb\"},\"inLanguage\":\"tr\",\"potentialAction\":[{\"@type\":\"ReadAction\",\"target\":[\"https:\\\/\\\/www.zhgdled.com\\\/tr\\\/comte-series-high-bay-light-w-zhaga-base.html\"]}]},{\"@type\":\"ImageObject\",\"inLanguage\":\"tr\",\"@id\":\"https:\\\/\\\/www.zhgdled.com\\\/tr\\\/comte-series-high-bay-light-w-zhaga-base.html#primaryimage\",\"url\":\"https:\\\/\\\/www.zhgdled.com\\\/wp-content\\\/uploads\\\/2022\\\/11\\\/COUNT-SERIES-HIGH-BAY.jpg\",\"contentUrl\":\"https:\\\/\\\/www.zhgdled.com\\\/wp-content\\\/uploads\\\/2022\\\/11\\\/COUNT-SERIES-HIGH-BAY.jpg\",\"width\":1600,\"height\":1600,\"caption\":\"count series high bay light\"},{\"@type\":\"BreadcrumbList\",\"@id\":\"https:\\\/\\\/www.zhgdled.com\\\/tr\\\/comte-series-high-bay-light-w-zhaga-base.html#breadcrumb\",\"itemListElement\":[{\"@type\":\"ListItem\",\"position\":1,\"name\":\"Home\",\"item\":\"https:\\\/\\\/www.zhgdled.com\\\/tr\"},{\"@type\":\"ListItem\",\"position\":2,\"name\":\"PRODUCTS\",\"item\":\"https:\\\/\\\/www.zhgdled.com\\\/zhl-products.html\"},{\"@type\":\"ListItem\",\"position\":3,\"name\":\"SATURN SER\u0130S\u0130 ZHAGA TABANLI Y\u00fcksek Tavan I\u015f\u0131klar\u0131\"}]},{\"@type\":\"WebSite\",\"@id\":\"https:\\\/\\\/www.zhgdled.com\\\/tr\\\/#website\",\"url\":\"https:\\\/\\\/www.zhgdled.com\\\/tr\\\/\",\"name\":\"ZHL I\u015f\u0131k Grubu\",\"description\":\"Top ranking industrial lighting manufacturer and exporter\",\"publisher\":{\"@id\":\"https:\\\/\\\/www.zhgdled.com\\\/tr\\\/#organization\"},\"potentialAction\":[{\"@type\":\"SearchAction\",\"target\":{\"@type\":\"EntryPoint\",\"urlTemplate\":\"https:\\\/\\\/www.zhgdled.com\\\/tr\\\/?s={search_term_string}\"},\"query-input\":{\"@type\":\"PropertyValueSpecification\",\"valueRequired\":true,\"valueName\":\"search_term_string\"}}],\"inLanguage\":\"tr\"},{\"@type\":\"Organization\",\"@id\":\"https:\\\/\\\/www.zhgdled.com\\\/tr\\\/#organization\",\"name\":\"ZHL Lighting Group\",\"url\":\"https:\\\/\\\/www.zhgdled.com\\\/tr\\\/\",\"logo\":{\"@type\":\"ImageObject\",\"inLanguage\":\"tr\",\"@id\":\"https:\\\/\\\/www.zhgdled.com\\\/tr\\\/#\\\/schema\\\/logo\\\/image\\\/\",\"url\":\"\",\"contentUrl\":\"\",\"caption\":\"ZHL Lighting Group\"},\"image\":{\"@id\":\"https:\\\/\\\/www.zhgdled.com\\\/tr\\\/#\\\/schema\\\/logo\\\/image\\\/\"},\"sameAs\":[\"https:\\\/\\\/www.facebook.com\\\/zhllightinggroup\",\"https:\\\/\\\/x.com\\\/zhl_lighting\"]}]}<\/script>\n<!-- \/ Yoast SEO plugin. -->","yoast_head_json":{"title":"SATURN SER\u0130S\u0130 ZHAGA TABANLI Y\u00fcksek Tavan I\u015f\u0131klar\u0131 &#8211; ZHL I\u015f\u0131k Grubu","description":"Ultra ince tasar\u0131m, t\u00fcm lamban\u0131n y\u00fcksekli\u011fini azalt\u0131r ve paketleme maliyetlerinden ve nakliye \u00fccretlerinden tasarruf sa\u011flar. Y\u00fcksek \u0131\u015f\u0131k verimlili\u011fine sahip LED ile, t\u00fcm lamba ayd\u0131nlatma verimlili\u011fi \u2265 160lm\/w'dir, bu da uzaydaki ayd\u0131nlatma kalitesini b\u00fcy\u00fck \u00f6l\u00e7\u00fcde art\u0131r\u0131r ve i\u015f verimlili\u011fini art\u0131r\u0131r.","robots":{"index":"index","follow":"follow","max-snippet":"max-snippet:-1","max-image-preview":"max-image-preview:large","max-video-preview":"max-video-preview:-1"},"canonical":"https:\/\/www.zhgdled.com\/tr\/comte-series-high-bay-light-w-zhaga-base.html","og_locale":"tr_TR","og_type":"article","og_title":"SATURN SER\u0130S\u0130 ZHAGA TABANLI Y\u00fcksek Tavan I\u015f\u0131klar\u0131 &#8211; ZHL I\u015f\u0131k Grubu","og_description":"Ultra ince tasar\u0131m, t\u00fcm lamban\u0131n y\u00fcksekli\u011fini azalt\u0131r ve paketleme maliyetlerinden ve nakliye \u00fccretlerinden tasarruf sa\u011flar. Y\u00fcksek \u0131\u015f\u0131k verimlili\u011fine sahip LED ile, t\u00fcm lamba ayd\u0131nlatma verimlili\u011fi \u2265 160lm\/w'dir, bu da uzaydaki ayd\u0131nlatma kalitesini b\u00fcy\u00fck \u00f6l\u00e7\u00fcde art\u0131r\u0131r ve i\u015f verimlili\u011fini art\u0131r\u0131r.","og_url":"https:\/\/www.zhgdled.com\/tr\/comte-series-high-bay-light-w-zhaga-base.html","og_site_name":"ZHL I\u015f\u0131k Grubu","article_publisher":"https:\/\/www.facebook.com\/zhllightinggroup","article_modified_time":"2023-12-28T01:57:01+00:00","og_image":[{"width":1600,"height":1600,"url":"https:\/\/www.zhgdled.com\/wp-content\/uploads\/2022\/11\/COUNT-SERIES-HIGH-BAY.jpg","type":"image\/jpeg"}],"twitter_card":"summary_large_image","twitter_site":"@zhl_lighting","twitter_misc":{"Tahmini okuma s\u00fcresi":"2 dakika"},"schema":{"@context":"https:\/\/schema.org","@graph":[{"@type":"WebPage","@id":"https:\/\/www.zhgdled.com\/tr\/comte-series-high-bay-light-w-zhaga-base.html","url":"https:\/\/www.zhgdled.com\/tr\/comte-series-high-bay-light-w-zhaga-base.html","name":"SATURN SER\u0130S\u0130 ZHAGA TABANLI Y\u00fcksek Tavan I\u015f\u0131klar\u0131 &#8211; ZHL I\u015f\u0131k Grubu","isPartOf":{"@id":"https:\/\/www.zhgdled.com\/tr\/#website"},"primaryImageOfPage":{"@id":"https:\/\/www.zhgdled.com\/tr\/comte-series-high-bay-light-w-zhaga-base.html#primaryimage"},"image":{"@id":"https:\/\/www.zhgdled.com\/tr\/comte-series-high-bay-light-w-zhaga-base.html#primaryimage"},"thumbnailUrl":"https:\/\/www.zhgdled.com\/wp-content\/uploads\/2022\/11\/COUNT-SERIES-HIGH-BAY.jpg","datePublished":"2022-11-22T10:03:14+00:00","dateModified":"2023-12-28T01:57:01+00:00","description":"Ultra ince tasar\u0131m, t\u00fcm lamban\u0131n y\u00fcksekli\u011fini azalt\u0131r ve paketleme maliyetlerinden ve nakliye \u00fccretlerinden tasarruf sa\u011flar. Y\u00fcksek \u0131\u015f\u0131k verimlili\u011fine sahip LED ile, t\u00fcm lamba ayd\u0131nlatma verimlili\u011fi \u2265 160lm\/w'dir, bu da uzaydaki ayd\u0131nlatma kalitesini b\u00fcy\u00fck \u00f6l\u00e7\u00fcde art\u0131r\u0131r ve i\u015f verimlili\u011fini art\u0131r\u0131r.","breadcrumb":{"@id":"https:\/\/www.zhgdled.com\/tr\/comte-series-high-bay-light-w-zhaga-base.html#breadcrumb"},"inLanguage":"tr","potentialAction":[{"@type":"ReadAction","target":["https:\/\/www.zhgdled.com\/tr\/comte-series-high-bay-light-w-zhaga-base.html"]}]},{"@type":"ImageObject","inLanguage":"tr","@id":"https:\/\/www.zhgdled.com\/tr\/comte-series-high-bay-light-w-zhaga-base.html#primaryimage","url":"https:\/\/www.zhgdled.com\/wp-content\/uploads\/2022\/11\/COUNT-SERIES-HIGH-BAY.jpg","contentUrl":"https:\/\/www.zhgdled.com\/wp-content\/uploads\/2022\/11\/COUNT-SERIES-HIGH-BAY.jpg","width":1600,"height":1600,"caption":"count series high bay light"},{"@type":"BreadcrumbList","@id":"https:\/\/www.zhgdled.com\/tr\/comte-series-high-bay-light-w-zhaga-base.html#breadcrumb","itemListElement":[{"@type":"ListItem","position":1,"name":"Home","item":"https:\/\/www.zhgdled.com\/tr"},{"@type":"ListItem","position":2,"name":"PRODUCTS","item":"https:\/\/www.zhgdled.com\/zhl-products.html"},{"@type":"ListItem","position":3,"name":"SATURN SER\u0130S\u0130 ZHAGA TABANLI Y\u00fcksek Tavan I\u015f\u0131klar\u0131"}]},{"@type":"WebSite","@id":"https:\/\/www.zhgdled.com\/tr\/#website","url":"https:\/\/www.zhgdled.com\/tr\/","name":"ZHL I\u015f\u0131k Grubu","description":"Top ranking industrial lighting manufacturer and exporter","publisher":{"@id":"https:\/\/www.zhgdled.com\/tr\/#organization"},"potentialAction":[{"@type":"SearchAction","target":{"@type":"EntryPoint","urlTemplate":"https:\/\/www.zhgdled.com\/tr\/?s={search_term_string}"},"query-input":{"@type":"PropertyValueSpecification","valueRequired":true,"valueName":"search_term_string"}}],"inLanguage":"tr"},{"@type":"Organization","@id":"https:\/\/www.zhgdled.com\/tr\/#organization","name":"ZHL Lighting Group","url":"https:\/\/www.zhgdled.com\/tr\/","logo":{"@type":"ImageObject","inLanguage":"tr","@id":"https:\/\/www.zhgdled.com\/tr\/#\/schema\/logo\/image\/","url":"","contentUrl":"","caption":"ZHL Lighting Group"},"image":{"@id":"https:\/\/www.zhgdled.com\/tr\/#\/schema\/logo\/image\/"},"sameAs":["https:\/\/www.facebook.com\/zhllightinggroup","https:\/\/x.com\/zhl_lighting"]}]}},"_links":{"self":[{"href":"https:\/\/www.zhgdled.com\/tr\/wp-json\/wp\/v2\/product\/18284","targetHints":{"allow":["GET"]}}],"collection":[{"href":"https:\/\/www.zhgdled.com\/tr\/wp-json\/wp\/v2\/product"}],"about":[{"href":"https:\/\/www.zhgdled.com\/tr\/wp-json\/wp\/v2\/types\/product"}],"wp:featuredmedia":[{"embeddable":true,"href":"https:\/\/www.zhgdled.com\/tr\/wp-json\/wp\/v2\/media\/17787"}],"wp:attachment":[{"href":"https:\/\/www.zhgdled.com\/tr\/wp-json\/wp\/v2\/media?parent=18284"}],"wp:term":[{"taxonomy":"product_brand","embeddable":true,"href":"https:\/\/www.zhgdled.com\/tr\/wp-json\/wp\/v2\/product_brand?post=18284"},{"taxonomy":"product_cat","embeddable":true,"href":"https:\/\/www.zhgdled.com\/tr\/wp-json\/wp\/v2\/product_cat?post=18284"},{"taxonomy":"product_tag","embeddable":true,"href":"https:\/\/www.zhgdled.com\/tr\/wp-json\/wp\/v2\/product_tag?post=18284"}],"curies":[{"name":"wp","href":"https:\/\/api.w.org\/{rel}","templated":true}]}}