{"id":18313,"date":"2022-12-08T16:38:27","date_gmt":"2023-05-17T08:38:27","guid":{"rendered":"https:\/\/www.zhgdled.com\/product\/yoga-series-solar-led-wall-flood-light"},"modified":"2023-12-28T09:38:33","modified_gmt":"2023-12-28T01:38:33","slug":"yoga-serisi-solar-led-duvar-projektor","status":"publish","type":"product","link":"https:\/\/www.zhgdled.com\/tr\/yoga-serisi-solar-led-duvar-projektor.html","title":{"rendered":"YOGA SER\u0130S\u0130 SOLAR LED DUVAR PROJES\u0130"},"content":{"rendered":"<p>TAMAMEN G\u00dcNE\u015e ENERJ\u0130S\u0130YLE \u00c7ALI\u015eAN AKILLI LAMBALAR<\/p>\n<p>YOGA SER\u0130S\u0130 g\u00fcne\u015f duvar projekt\u00f6r\u00fc, ev sahipleri i\u00e7in hepsi bir arada monte edilmi\u015f g\u00fcne\u015f duvar lambalar\u0131d\u0131r. K\u0131s\u0131labilir ve PIR sens\u00f6r\u00fc, onu daha ak\u0131ll\u0131 yapan temel \u00f6zelliktir.<\/p>\n<p>&nbsp;<\/p>\n<p>\u015eARTNAME<\/p>\n<table style=\"border-collapse: collapse; width: 886.52pt;\" border=\"0\" width=\"1182\" cellspacing=\"0\" cellpadding=\"0\">\n<tbody>\n<tr style=\"height: 15.00pt;\">\n<td class=\"et2\" style=\"height: 15.00pt; width: 54.00pt;\" width=\"72\" height=\"20\">G\u00fc\u00e7 (W)<\/td>\n<td class=\"et2\" style=\"width: 54.00pt;\" width=\"72\">CCT<\/td>\n<td class=\"et2\" style=\"width: 54.00pt;\" width=\"72\">CRI<\/td>\n<td class=\"et2\" style=\"width: 109.50pt;\" width=\"146\">Verimlilik (lm\/w)<\/td>\n<td class=\"et2\" style=\"width: 114.00pt;\" width=\"152\">I\u015f\u0131k Ak\u0131s\u0131 (lm)<\/td>\n<td class=\"et2\" style=\"width: 105.00pt;\" width=\"140\">Pil Konumu<\/td>\n<td class=\"et2\" style=\"width: 54.00pt;\" width=\"72\">Garanti<\/td>\n<td class=\"et2\" style=\"width: 78.75pt;\" width=\"105\">Pil T\u00fcr\u00fc<\/td>\n<td class=\"et2\" style=\"width: 67.50pt;\" width=\"90\">Pano Tipi<\/td>\n<td class=\"et2\" style=\"width: 72.75pt;\" width=\"97\">\u00c7al\u0131\u015fma modu<\/td>\n<td class=\"et2\" style=\"width: 123.00pt;\" width=\"164\">Ortam s\u0131cakl\u0131\u011f\u0131<\/td>\n<\/tr>\n<tr style=\"height: 15.00pt;\">\n<td class=\"et2\" style=\"height: 15.00pt;\" height=\"20\">3W<\/td>\n<td class=\"et2\">5700K<\/td>\n<td class=\"et2\">&gt;80<\/td>\n<td class=\"et2\">130LM\/W<\/td>\n<td class=\"et2\">390LM<\/td>\n<td class=\"et2\">yerle\u015fik<\/td>\n<td class=\"et2\">2 y\u0131l<\/td>\n<td class=\"et2\">Lityum pil<\/td>\n<td class=\"et2\">\u00e7ok kristalli<\/td>\n<td class=\"et2\">PIR Hareket Sens\u00f6r\u00fc<\/td>\n<td class=\"et2\">-10\u2103-45\u2103<\/td>\n<\/tr>\n<tr style=\"height: 15.00pt;\">\n<td class=\"et2\" style=\"height: 15.00pt;\" height=\"20\">12W<\/td>\n<td class=\"et2\">5700K<\/td>\n<td class=\"et2\">&gt;80<\/td>\n<td class=\"et2\">130LM\/W<\/td>\n<td class=\"et2\">1560LM<\/td>\n<td class=\"et2\">yerle\u015fik<\/td>\n<td class=\"et2\">2 y\u0131l<\/td>\n<td class=\"et2\">Lityum pil<\/td>\n<td class=\"et2\">\u00e7ok kristalli<\/td>\n<td class=\"et2\">PIR Hareket Sens\u00f6r\u00fc<\/td>\n<td class=\"et2\">-10\u2103-45\u2103<\/td>\n<\/tr>\n<\/tbody>\n<\/table>\n","protected":false},"excerpt":{"rendered":"<p>YOGA SER\u0130S\u0130 g\u00fcne\u015f duvar projekt\u00f6r\u00fc, ev sahipleri i\u00e7in hepsi bir arada monte edilmi\u015f g\u00fcne\u015f duvar lambalar\u0131d\u0131r. K\u0131s\u0131labilir ve PIR sens\u00f6r\u00fc, onu daha ak\u0131ll\u0131 yapan temel \u00f6zelliktir.<\/p>\n","protected":false},"featured_media":17969,"template":"","meta":[],"product_brand":[],"product_cat":[665],"product_tag":[],"class_list":{"0":"post-18313","1":"product","2":"type-product","3":"status-publish","4":"has-post-thumbnail","6":"product_cat-gunes-sel-isiklari","8":"first","9":"instock","10":"featured","11":"shipping-taxable","12":"product-type-simple"},"yoast_head":"<!-- This site is optimized with the Yoast SEO plugin v27.4 - https:\/\/yoast.com\/product\/yoast-seo-wordpress\/ -->\n<title>Yoga Serisi G\u00fcne\u015f duvar lambas\u0131 &#8211; ZHL I\u015f\u0131k Grubu<\/title>\n<meta name=\"description\" content=\"YOGA SER\u0130S\u0130 g\u00fcne\u015f duvar projekt\u00f6r\u00fc, ev sahipleri i\u00e7in hepsi bir arada monte edilmi\u015f bir g\u00fcne\u015f duvar lambas\u0131d\u0131r. K\u0131s\u0131labilir ve PIR sens\u00f6r\u00fc, onu daha ak\u0131ll\u0131 yapan temel \u00f6zelliktir.\" \/>\n<meta name=\"robots\" content=\"index, follow, max-snippet:-1, max-image-preview:large, max-video-preview:-1\" \/>\n<link rel=\"canonical\" href=\"https:\/\/www.zhgdled.com\/tr\/yoga-serisi-solar-led-duvar-projektor.html\" \/>\n<meta property=\"og:locale\" content=\"tr_TR\" \/>\n<meta property=\"og:type\" content=\"article\" \/>\n<meta property=\"og:title\" content=\"Yoga Serisi G\u00fcne\u015f duvar lambas\u0131 &#8211; ZHL I\u015f\u0131k Grubu\" \/>\n<meta property=\"og:description\" content=\"YOGA SER\u0130S\u0130 g\u00fcne\u015f duvar projekt\u00f6r\u00fc, ev sahipleri i\u00e7in hepsi bir arada monte edilmi\u015f bir g\u00fcne\u015f duvar lambas\u0131d\u0131r. K\u0131s\u0131labilir ve PIR sens\u00f6r\u00fc, onu daha ak\u0131ll\u0131 yapan temel \u00f6zelliktir.\" \/>\n<meta property=\"og:url\" content=\"https:\/\/www.zhgdled.com\/tr\/yoga-serisi-solar-led-duvar-projektor.html\" \/>\n<meta property=\"og:site_name\" content=\"ZHL I\u015f\u0131k Grubu\" \/>\n<meta property=\"article:publisher\" content=\"https:\/\/www.facebook.com\/zhllightinggroup\" \/>\n<meta property=\"article:modified_time\" content=\"2023-12-28T01:38:33+00:00\" \/>\n<meta property=\"og:image\" content=\"https:\/\/www.zhgdled.com\/wp-content\/uploads\/2022\/12\/yoga-series-solar-wall-lamp.jpg\" \/>\n\t<meta property=\"og:image:width\" content=\"750\" \/>\n\t<meta property=\"og:image:height\" content=\"750\" \/>\n\t<meta property=\"og:image:type\" content=\"image\/jpeg\" \/>\n<meta name=\"twitter:card\" content=\"summary_large_image\" \/>\n<meta name=\"twitter:site\" content=\"@zhl_lighting\" \/>\n<meta name=\"twitter:label1\" content=\"Tahmini okuma s\u00fcresi\" \/>\n\t<meta name=\"twitter:data1\" content=\"1 dakika\" \/>\n<script type=\"application\/ld+json\" class=\"yoast-schema-graph\">{\"@context\":\"https:\\\/\\\/schema.org\",\"@graph\":[{\"@type\":\"WebPage\",\"@id\":\"https:\\\/\\\/www.zhgdled.com\\\/tr\\\/yoga-serisi-solar-led-duvar-projektor.html\",\"url\":\"https:\\\/\\\/www.zhgdled.com\\\/tr\\\/yoga-serisi-solar-led-duvar-projektor.html\",\"name\":\"Yoga Serisi G\u00fcne\u015f duvar lambas\u0131 &#8211; ZHL I\u015f\u0131k Grubu\",\"isPartOf\":{\"@id\":\"https:\\\/\\\/www.zhgdled.com\\\/tr\\\/#website\"},\"primaryImageOfPage\":{\"@id\":\"https:\\\/\\\/www.zhgdled.com\\\/tr\\\/yoga-serisi-solar-led-duvar-projektor.html#primaryimage\"},\"image\":{\"@id\":\"https:\\\/\\\/www.zhgdled.com\\\/tr\\\/yoga-serisi-solar-led-duvar-projektor.html#primaryimage\"},\"thumbnailUrl\":\"https:\\\/\\\/www.zhgdled.com\\\/wp-content\\\/uploads\\\/2022\\\/12\\\/yoga-series-solar-wall-lamp.jpg\",\"datePublished\":\"2023-05-17T08:38:27+00:00\",\"dateModified\":\"2023-12-28T01:38:33+00:00\",\"description\":\"YOGA SER\u0130S\u0130 g\u00fcne\u015f duvar projekt\u00f6r\u00fc, ev sahipleri i\u00e7in hepsi bir arada monte edilmi\u015f bir g\u00fcne\u015f duvar lambas\u0131d\u0131r. K\u0131s\u0131labilir ve PIR sens\u00f6r\u00fc, onu daha ak\u0131ll\u0131 yapan temel \u00f6zelliktir.\",\"breadcrumb\":{\"@id\":\"https:\\\/\\\/www.zhgdled.com\\\/tr\\\/yoga-serisi-solar-led-duvar-projektor.html#breadcrumb\"},\"inLanguage\":\"tr\",\"potentialAction\":[{\"@type\":\"ReadAction\",\"target\":[\"https:\\\/\\\/www.zhgdled.com\\\/tr\\\/yoga-serisi-solar-led-duvar-projektor.html\"]}]},{\"@type\":\"ImageObject\",\"inLanguage\":\"tr\",\"@id\":\"https:\\\/\\\/www.zhgdled.com\\\/tr\\\/yoga-serisi-solar-led-duvar-projektor.html#primaryimage\",\"url\":\"https:\\\/\\\/www.zhgdled.com\\\/wp-content\\\/uploads\\\/2022\\\/12\\\/yoga-series-solar-wall-lamp.jpg\",\"contentUrl\":\"https:\\\/\\\/www.zhgdled.com\\\/wp-content\\\/uploads\\\/2022\\\/12\\\/yoga-series-solar-wall-lamp.jpg\",\"width\":750,\"height\":750,\"caption\":\"Solar wall lamp\"},{\"@type\":\"BreadcrumbList\",\"@id\":\"https:\\\/\\\/www.zhgdled.com\\\/tr\\\/yoga-serisi-solar-led-duvar-projektor.html#breadcrumb\",\"itemListElement\":[{\"@type\":\"ListItem\",\"position\":1,\"name\":\"Home\",\"item\":\"https:\\\/\\\/www.zhgdled.com\\\/tr\"},{\"@type\":\"ListItem\",\"position\":2,\"name\":\"PRODUCTS\",\"item\":\"https:\\\/\\\/www.zhgdled.com\\\/zhl-products.html\"},{\"@type\":\"ListItem\",\"position\":3,\"name\":\"YOGA SER\u0130S\u0130 SOLAR LED DUVAR PROJES\u0130\"}]},{\"@type\":\"WebSite\",\"@id\":\"https:\\\/\\\/www.zhgdled.com\\\/tr\\\/#website\",\"url\":\"https:\\\/\\\/www.zhgdled.com\\\/tr\\\/\",\"name\":\"ZHL I\u015f\u0131k Grubu\",\"description\":\"Top ranking industrial lighting manufacturer and exporter\",\"publisher\":{\"@id\":\"https:\\\/\\\/www.zhgdled.com\\\/tr\\\/#organization\"},\"potentialAction\":[{\"@type\":\"SearchAction\",\"target\":{\"@type\":\"EntryPoint\",\"urlTemplate\":\"https:\\\/\\\/www.zhgdled.com\\\/tr\\\/?s={search_term_string}\"},\"query-input\":{\"@type\":\"PropertyValueSpecification\",\"valueRequired\":true,\"valueName\":\"search_term_string\"}}],\"inLanguage\":\"tr\"},{\"@type\":\"Organization\",\"@id\":\"https:\\\/\\\/www.zhgdled.com\\\/tr\\\/#organization\",\"name\":\"ZHL Lighting Group\",\"url\":\"https:\\\/\\\/www.zhgdled.com\\\/tr\\\/\",\"logo\":{\"@type\":\"ImageObject\",\"inLanguage\":\"tr\",\"@id\":\"https:\\\/\\\/www.zhgdled.com\\\/tr\\\/#\\\/schema\\\/logo\\\/image\\\/\",\"url\":\"\",\"contentUrl\":\"\",\"caption\":\"ZHL Lighting Group\"},\"image\":{\"@id\":\"https:\\\/\\\/www.zhgdled.com\\\/tr\\\/#\\\/schema\\\/logo\\\/image\\\/\"},\"sameAs\":[\"https:\\\/\\\/www.facebook.com\\\/zhllightinggroup\",\"https:\\\/\\\/x.com\\\/zhl_lighting\"]}]}<\/script>\n<!-- \/ Yoast SEO plugin. -->","yoast_head_json":{"title":"Yoga Serisi G\u00fcne\u015f duvar lambas\u0131 &#8211; ZHL I\u015f\u0131k Grubu","description":"YOGA SER\u0130S\u0130 g\u00fcne\u015f duvar projekt\u00f6r\u00fc, ev sahipleri i\u00e7in hepsi bir arada monte edilmi\u015f bir g\u00fcne\u015f duvar lambas\u0131d\u0131r. K\u0131s\u0131labilir ve PIR sens\u00f6r\u00fc, onu daha ak\u0131ll\u0131 yapan temel \u00f6zelliktir.","robots":{"index":"index","follow":"follow","max-snippet":"max-snippet:-1","max-image-preview":"max-image-preview:large","max-video-preview":"max-video-preview:-1"},"canonical":"https:\/\/www.zhgdled.com\/tr\/yoga-serisi-solar-led-duvar-projektor.html","og_locale":"tr_TR","og_type":"article","og_title":"Yoga Serisi G\u00fcne\u015f duvar lambas\u0131 &#8211; ZHL I\u015f\u0131k Grubu","og_description":"YOGA SER\u0130S\u0130 g\u00fcne\u015f duvar projekt\u00f6r\u00fc, ev sahipleri i\u00e7in hepsi bir arada monte edilmi\u015f bir g\u00fcne\u015f duvar lambas\u0131d\u0131r. K\u0131s\u0131labilir ve PIR sens\u00f6r\u00fc, onu daha ak\u0131ll\u0131 yapan temel \u00f6zelliktir.","og_url":"https:\/\/www.zhgdled.com\/tr\/yoga-serisi-solar-led-duvar-projektor.html","og_site_name":"ZHL I\u015f\u0131k Grubu","article_publisher":"https:\/\/www.facebook.com\/zhllightinggroup","article_modified_time":"2023-12-28T01:38:33+00:00","og_image":[{"width":750,"height":750,"url":"https:\/\/www.zhgdled.com\/wp-content\/uploads\/2022\/12\/yoga-series-solar-wall-lamp.jpg","type":"image\/jpeg"}],"twitter_card":"summary_large_image","twitter_site":"@zhl_lighting","twitter_misc":{"Tahmini okuma s\u00fcresi":"1 dakika"},"schema":{"@context":"https:\/\/schema.org","@graph":[{"@type":"WebPage","@id":"https:\/\/www.zhgdled.com\/tr\/yoga-serisi-solar-led-duvar-projektor.html","url":"https:\/\/www.zhgdled.com\/tr\/yoga-serisi-solar-led-duvar-projektor.html","name":"Yoga Serisi G\u00fcne\u015f duvar lambas\u0131 &#8211; ZHL I\u015f\u0131k Grubu","isPartOf":{"@id":"https:\/\/www.zhgdled.com\/tr\/#website"},"primaryImageOfPage":{"@id":"https:\/\/www.zhgdled.com\/tr\/yoga-serisi-solar-led-duvar-projektor.html#primaryimage"},"image":{"@id":"https:\/\/www.zhgdled.com\/tr\/yoga-serisi-solar-led-duvar-projektor.html#primaryimage"},"thumbnailUrl":"https:\/\/www.zhgdled.com\/wp-content\/uploads\/2022\/12\/yoga-series-solar-wall-lamp.jpg","datePublished":"2023-05-17T08:38:27+00:00","dateModified":"2023-12-28T01:38:33+00:00","description":"YOGA SER\u0130S\u0130 g\u00fcne\u015f duvar projekt\u00f6r\u00fc, ev sahipleri i\u00e7in hepsi bir arada monte edilmi\u015f bir g\u00fcne\u015f duvar lambas\u0131d\u0131r. K\u0131s\u0131labilir ve PIR sens\u00f6r\u00fc, onu daha ak\u0131ll\u0131 yapan temel \u00f6zelliktir.","breadcrumb":{"@id":"https:\/\/www.zhgdled.com\/tr\/yoga-serisi-solar-led-duvar-projektor.html#breadcrumb"},"inLanguage":"tr","potentialAction":[{"@type":"ReadAction","target":["https:\/\/www.zhgdled.com\/tr\/yoga-serisi-solar-led-duvar-projektor.html"]}]},{"@type":"ImageObject","inLanguage":"tr","@id":"https:\/\/www.zhgdled.com\/tr\/yoga-serisi-solar-led-duvar-projektor.html#primaryimage","url":"https:\/\/www.zhgdled.com\/wp-content\/uploads\/2022\/12\/yoga-series-solar-wall-lamp.jpg","contentUrl":"https:\/\/www.zhgdled.com\/wp-content\/uploads\/2022\/12\/yoga-series-solar-wall-lamp.jpg","width":750,"height":750,"caption":"Solar wall lamp"},{"@type":"BreadcrumbList","@id":"https:\/\/www.zhgdled.com\/tr\/yoga-serisi-solar-led-duvar-projektor.html#breadcrumb","itemListElement":[{"@type":"ListItem","position":1,"name":"Home","item":"https:\/\/www.zhgdled.com\/tr"},{"@type":"ListItem","position":2,"name":"PRODUCTS","item":"https:\/\/www.zhgdled.com\/zhl-products.html"},{"@type":"ListItem","position":3,"name":"YOGA SER\u0130S\u0130 SOLAR LED DUVAR PROJES\u0130"}]},{"@type":"WebSite","@id":"https:\/\/www.zhgdled.com\/tr\/#website","url":"https:\/\/www.zhgdled.com\/tr\/","name":"ZHL I\u015f\u0131k Grubu","description":"Top ranking industrial lighting manufacturer and exporter","publisher":{"@id":"https:\/\/www.zhgdled.com\/tr\/#organization"},"potentialAction":[{"@type":"SearchAction","target":{"@type":"EntryPoint","urlTemplate":"https:\/\/www.zhgdled.com\/tr\/?s={search_term_string}"},"query-input":{"@type":"PropertyValueSpecification","valueRequired":true,"valueName":"search_term_string"}}],"inLanguage":"tr"},{"@type":"Organization","@id":"https:\/\/www.zhgdled.com\/tr\/#organization","name":"ZHL Lighting Group","url":"https:\/\/www.zhgdled.com\/tr\/","logo":{"@type":"ImageObject","inLanguage":"tr","@id":"https:\/\/www.zhgdled.com\/tr\/#\/schema\/logo\/image\/","url":"","contentUrl":"","caption":"ZHL Lighting Group"},"image":{"@id":"https:\/\/www.zhgdled.com\/tr\/#\/schema\/logo\/image\/"},"sameAs":["https:\/\/www.facebook.com\/zhllightinggroup","https:\/\/x.com\/zhl_lighting"]}]}},"_links":{"self":[{"href":"https:\/\/www.zhgdled.com\/tr\/wp-json\/wp\/v2\/product\/18313","targetHints":{"allow":["GET"]}}],"collection":[{"href":"https:\/\/www.zhgdled.com\/tr\/wp-json\/wp\/v2\/product"}],"about":[{"href":"https:\/\/www.zhgdled.com\/tr\/wp-json\/wp\/v2\/types\/product"}],"wp:featuredmedia":[{"embeddable":true,"href":"https:\/\/www.zhgdled.com\/tr\/wp-json\/wp\/v2\/media\/17969"}],"wp:attachment":[{"href":"https:\/\/www.zhgdled.com\/tr\/wp-json\/wp\/v2\/media?parent=18313"}],"wp:term":[{"taxonomy":"product_brand","embeddable":true,"href":"https:\/\/www.zhgdled.com\/tr\/wp-json\/wp\/v2\/product_brand?post=18313"},{"taxonomy":"product_cat","embeddable":true,"href":"https:\/\/www.zhgdled.com\/tr\/wp-json\/wp\/v2\/product_cat?post=18313"},{"taxonomy":"product_tag","embeddable":true,"href":"https:\/\/www.zhgdled.com\/tr\/wp-json\/wp\/v2\/product_tag?post=18313"}],"curies":[{"name":"wp","href":"https:\/\/api.w.org\/{rel}","templated":true}]}}