{"id":18405,"date":"2023-10-25T08:09:09","date_gmt":"2022-09-08T09:09:09","guid":{"rendered":"https:\/\/www.zhgdled.com\/product\/14251"},"modified":"2023-12-28T10:13:59","modified_gmt":"2023-12-28T02:13:59","slug":"pro-serisi-solar-sokak-lambasi","status":"publish","type":"product","link":"https:\/\/www.zhgdled.com\/tr\/pro-serisi-led-akilli-sokak-lambasi.html","title":{"rendered":"PRO Serisi LED Ak\u0131ll\u0131 Sokak Lambas\u0131"},"content":{"rendered":"<h2>180LM\/W &amp; AKILLI KONTROL BU YEN\u0130 PRO SER\u0130S\u0130NDEK\u0130 TEMEL TASARIMDIR<\/h2>\n<p>PRO Serisi LED sokak lambalar\u0131, m\u00fckemmel l\u00fcmen \u00e7\u0131k\u0131\u015f\u0131, uzun s\u00fcreli kararl\u0131l\u0131k ve muhte\u015fem bir g\u00f6r\u00fc\u015f sa\u011flayan En Son ZHL Y\u00fcksek verimlili\u011fe sahip LED sokak lambas\u0131n\u0131 kullan\u0131r. PRO serisi sokak led \u0131\u015f\u0131\u011f\u0131, b\u00fcy\u00fck \u00f6l\u00e7ekli entegrasyon ve ak\u0131ll\u0131 sokak \u0131\u015f\u0131k sistemi kontrol\u00fc sa\u011flamak i\u00e7in fotoselli sens\u00f6r (NEMA, ZHAGA) ile birlikte gelir. T\u00fcm sokak ayd\u0131nlatma sistemi i\u00e7in 3 y\u0131l garanti verin.<\/p>\n<p>&nbsp;<\/p>\n<h2>\u00d6ZELL\u0130KLER<\/h2>\n<table border=\"0\" width=\"211\" cellspacing=\"0\" cellpadding=\"0\">\n<tbody>\n<tr>\n<td class=\"et2\" width=\"211\" height=\"22\"><img decoding=\"async\" class=\"alignnone wp-image-17488\" src=\"https:\/\/www.zhgdled.com\/wp-content\/uploads\/2022\/07\/zhl_download-logo.png\" sizes=\"(max-width: 26px) 100vw, 26px\" srcset=\"https:\/\/www.zhgdled.com\/wp-content\/uploads\/2022\/07\/zhl_download-logo.png 368w, https:\/\/www.zhgdled.com\/wp-content\/uploads\/2022\/07\/zhl_download-logo-300x300.png 300w, https:\/\/www.zhgdled.com\/wp-content\/uploads\/2022\/07\/zhl_download-logo-150x150.png 150w\" alt=\"\" width=\"26\" height=\"26\" \/><a href=\"https:\/\/www.zhgdled.com\/download\/pro-series-solar-street-light\">katalo\u011fu indir<\/a><\/td>\n<\/tr>\n<\/tbody>\n<\/table>\n<p>&nbsp;<\/p>\n<p><img decoding=\"async\" class=\"size-full wp-image-20807\" src=\"https:\/\/www.zhgdled.com\/wp-content\/uploads\/2022\/09\/20230629165017.jpg\" alt=\"Description of Pro series street light\" width=\"990\" height=\"1377\" srcset=\"https:\/\/www.zhgdled.com\/wp-content\/uploads\/2022\/09\/20230629165017.jpg 990w, https:\/\/www.zhgdled.com\/wp-content\/uploads\/2022\/09\/20230629165017-216x300.jpg 216w, https:\/\/www.zhgdled.com\/wp-content\/uploads\/2022\/09\/20230629165017-736x1024.jpg 736w, https:\/\/www.zhgdled.com\/wp-content\/uploads\/2022\/09\/20230629165017-768x1068.jpg 768w, https:\/\/www.zhgdled.com\/wp-content\/uploads\/2022\/09\/20230629165017-600x835.jpg 600w, https:\/\/www.zhgdled.com\/wp-content\/uploads\/2022\/09\/20230629165017-150x209.jpg 150w\" sizes=\"(max-width: 990px) 100vw, 990px\" \/><\/p>\n<p><img decoding=\"async\" class=\"size-full wp-image-20817\" src=\"https:\/\/www.zhgdled.com\/wp-content\/uploads\/2022\/09\/20230629165054.jpg\" alt=\"Description of Pro series street light\" width=\"989\" height=\"815\" srcset=\"https:\/\/www.zhgdled.com\/wp-content\/uploads\/2022\/09\/20230629165054.jpg 989w, https:\/\/www.zhgdled.com\/wp-content\/uploads\/2022\/09\/20230629165054-300x247.jpg 300w, https:\/\/www.zhgdled.com\/wp-content\/uploads\/2022\/09\/20230629165054-768x633.jpg 768w, https:\/\/www.zhgdled.com\/wp-content\/uploads\/2022\/09\/20230629165054-600x494.jpg 600w, https:\/\/www.zhgdled.com\/wp-content\/uploads\/2022\/09\/20230629165054-150x124.jpg 150w\" sizes=\"(max-width: 989px) 100vw, 989px\" \/><\/p>\n","protected":false},"excerpt":{"rendered":"<p>PRO Serisi LED sokak lambalar\u0131, m\u00fckemmel l\u00fcmen \u00e7\u0131k\u0131\u015f\u0131, uzun s\u00fcreli kararl\u0131l\u0131k ve muhte\u015fem bir g\u00f6r\u00fc\u015f sa\u011flayan En Son ZHL Y\u00fcksek verimlili\u011fe sahip LED sokak lambas\u0131n\u0131 kullan\u0131r. PRO serisi sokak led \u0131\u015f\u0131\u011f\u0131, b\u00fcy\u00fck \u00f6l\u00e7ekli entegrasyon ve ak\u0131ll\u0131 sokak \u0131\u015f\u0131k sistemi kontrol\u00fc sa\u011flamak i\u00e7in fotoselli sens\u00f6r (NEMA, ZHAGA) ile birlikte gelir. T\u00fcm sokak ayd\u0131nlatma sistemi i\u00e7in 3 y\u0131l garanti verin.<\/p>\n<p>G\u00fc\u00e7: 50W\/100W\/150W\/200W<br \/>\nMaks. \u0131\u015f\u0131k verimlili\u011fi: 185 lm\/w<br \/>\nIP66<br \/>\nA\u015f\u0131r\u0131 gerilim korumas\u0131: 10KV<br \/>\nSPD 7-Pinli NEMA taban\u0131<br \/>\nKarayolu s\u0131n\u0131f\u0131: Tip II \/ Tip III<\/p>\n","protected":false},"featured_media":20787,"template":"","meta":[],"product_brand":[],"product_cat":[668],"product_tag":[],"class_list":{"0":"post-18405","1":"product","2":"type-product","3":"status-publish","4":"has-post-thumbnail","6":"product_cat-sokak-isiklari","8":"first","9":"instock","10":"featured","11":"shipping-taxable","12":"product-type-simple"},"yoast_head":"<!-- This site is optimized with the Yoast SEO plugin v27.5 - https:\/\/yoast.com\/product\/yoast-seo-wordpress\/ -->\n<title>PRO Serisi LED Ak\u0131ll\u0131 Sokak Lambas\u0131 &#8211; ZHL I\u015f\u0131k Grubu<\/title>\n<meta name=\"description\" content=\"Sens\u00f6rl\u00fc PRO Serisi LED sokak lambalar\u0131, m\u00fckemmel l\u00fcmen \u00e7\u0131k\u0131\u015f\u0131, uzun s\u00fcreli kararl\u0131l\u0131k ve muhte\u015fem g\u00f6r\u00fc\u015f sa\u011flayan En Yeni ZHL Y\u00fcksek verimlili\u011fe sahip LED sokak lambas\u0131n\u0131 kullan\u0131r.\" \/>\n<meta name=\"robots\" content=\"index, follow, max-snippet:-1, max-image-preview:large, max-video-preview:-1\" \/>\n<link rel=\"canonical\" href=\"https:\/\/www.zhgdled.com\/tr\/pro-serisi-led-akilli-sokak-lambasi.html\" \/>\n<meta property=\"og:locale\" content=\"tr_TR\" \/>\n<meta property=\"og:type\" content=\"article\" \/>\n<meta property=\"og:title\" content=\"PRO Serisi LED Ak\u0131ll\u0131 Sokak Lambas\u0131 &#8211; ZHL I\u015f\u0131k Grubu\" \/>\n<meta property=\"og:description\" content=\"Sens\u00f6rl\u00fc PRO Serisi LED sokak lambalar\u0131, m\u00fckemmel l\u00fcmen \u00e7\u0131k\u0131\u015f\u0131, uzun s\u00fcreli kararl\u0131l\u0131k ve muhte\u015fem g\u00f6r\u00fc\u015f sa\u011flayan En Yeni ZHL Y\u00fcksek verimlili\u011fe sahip LED sokak lambas\u0131n\u0131 kullan\u0131r.\" \/>\n<meta property=\"og:url\" content=\"https:\/\/www.zhgdled.com\/tr\/pro-serisi-led-akilli-sokak-lambasi.html\" \/>\n<meta property=\"og:site_name\" content=\"ZHL I\u015f\u0131k Grubu\" \/>\n<meta property=\"article:publisher\" content=\"https:\/\/www.facebook.com\/zhllightinggroup\" \/>\n<meta property=\"article:modified_time\" content=\"2023-12-28T02:13:59+00:00\" \/>\n<meta property=\"og:image\" content=\"https:\/\/www.zhgdled.com\/wp-content\/uploads\/2022\/09\/pro-series-street-lights.jpg\" \/>\n\t<meta property=\"og:image:width\" content=\"1600\" \/>\n\t<meta property=\"og:image:height\" content=\"1600\" \/>\n\t<meta property=\"og:image:type\" content=\"image\/jpeg\" \/>\n<meta name=\"twitter:card\" content=\"summary_large_image\" \/>\n<meta name=\"twitter:site\" content=\"@zhl_lighting\" \/>\n<meta name=\"twitter:label1\" content=\"Tahmini okuma s\u00fcresi\" \/>\n\t<meta name=\"twitter:data1\" content=\"1 dakika\" \/>\n<script type=\"application\/ld+json\" class=\"yoast-schema-graph\">{\"@context\":\"https:\\\/\\\/schema.org\",\"@graph\":[{\"@type\":\"WebPage\",\"@id\":\"https:\\\/\\\/www.zhgdled.com\\\/tr\\\/pro-serisi-led-akilli-sokak-lambasi.html\",\"url\":\"https:\\\/\\\/www.zhgdled.com\\\/tr\\\/pro-serisi-led-akilli-sokak-lambasi.html\",\"name\":\"PRO Serisi LED Ak\u0131ll\u0131 Sokak Lambas\u0131 &#8211; ZHL I\u015f\u0131k Grubu\",\"isPartOf\":{\"@id\":\"https:\\\/\\\/www.zhgdled.com\\\/tr\\\/#website\"},\"primaryImageOfPage\":{\"@id\":\"https:\\\/\\\/www.zhgdled.com\\\/tr\\\/pro-serisi-led-akilli-sokak-lambasi.html#primaryimage\"},\"image\":{\"@id\":\"https:\\\/\\\/www.zhgdled.com\\\/tr\\\/pro-serisi-led-akilli-sokak-lambasi.html#primaryimage\"},\"thumbnailUrl\":\"https:\\\/\\\/www.zhgdled.com\\\/wp-content\\\/uploads\\\/2022\\\/09\\\/pro-series-street-lights.jpg\",\"datePublished\":\"2022-09-08T09:09:09+00:00\",\"dateModified\":\"2023-12-28T02:13:59+00:00\",\"description\":\"Sens\u00f6rl\u00fc PRO Serisi LED sokak lambalar\u0131, m\u00fckemmel l\u00fcmen \u00e7\u0131k\u0131\u015f\u0131, uzun s\u00fcreli kararl\u0131l\u0131k ve muhte\u015fem g\u00f6r\u00fc\u015f sa\u011flayan En Yeni ZHL Y\u00fcksek verimlili\u011fe sahip LED sokak lambas\u0131n\u0131 kullan\u0131r.\",\"breadcrumb\":{\"@id\":\"https:\\\/\\\/www.zhgdled.com\\\/tr\\\/pro-serisi-led-akilli-sokak-lambasi.html#breadcrumb\"},\"inLanguage\":\"tr\",\"potentialAction\":[{\"@type\":\"ReadAction\",\"target\":[\"https:\\\/\\\/www.zhgdled.com\\\/tr\\\/pro-serisi-led-akilli-sokak-lambasi.html\"]}]},{\"@type\":\"ImageObject\",\"inLanguage\":\"tr\",\"@id\":\"https:\\\/\\\/www.zhgdled.com\\\/tr\\\/pro-serisi-led-akilli-sokak-lambasi.html#primaryimage\",\"url\":\"https:\\\/\\\/www.zhgdled.com\\\/wp-content\\\/uploads\\\/2022\\\/09\\\/pro-series-street-lights.jpg\",\"contentUrl\":\"https:\\\/\\\/www.zhgdled.com\\\/wp-content\\\/uploads\\\/2022\\\/09\\\/pro-series-street-lights.jpg\",\"width\":1600,\"height\":1600,\"caption\":\"Pro series street lights\"},{\"@type\":\"BreadcrumbList\",\"@id\":\"https:\\\/\\\/www.zhgdled.com\\\/tr\\\/pro-serisi-led-akilli-sokak-lambasi.html#breadcrumb\",\"itemListElement\":[{\"@type\":\"ListItem\",\"position\":1,\"name\":\"Home\",\"item\":\"https:\\\/\\\/www.zhgdled.com\\\/tr\"},{\"@type\":\"ListItem\",\"position\":2,\"name\":\"PRODUCTS\",\"item\":\"https:\\\/\\\/www.zhgdled.com\\\/zhl-products.html\"},{\"@type\":\"ListItem\",\"position\":3,\"name\":\"PRO Serisi LED Ak\u0131ll\u0131 Sokak Lambas\u0131\"}]},{\"@type\":\"WebSite\",\"@id\":\"https:\\\/\\\/www.zhgdled.com\\\/tr\\\/#website\",\"url\":\"https:\\\/\\\/www.zhgdled.com\\\/tr\\\/\",\"name\":\"ZHL I\u015f\u0131k Grubu\",\"description\":\"Top ranking industrial lighting manufacturer and exporter\",\"publisher\":{\"@id\":\"https:\\\/\\\/www.zhgdled.com\\\/tr\\\/#organization\"},\"potentialAction\":[{\"@type\":\"SearchAction\",\"target\":{\"@type\":\"EntryPoint\",\"urlTemplate\":\"https:\\\/\\\/www.zhgdled.com\\\/tr\\\/?s={search_term_string}\"},\"query-input\":{\"@type\":\"PropertyValueSpecification\",\"valueRequired\":true,\"valueName\":\"search_term_string\"}}],\"inLanguage\":\"tr\"},{\"@type\":\"Organization\",\"@id\":\"https:\\\/\\\/www.zhgdled.com\\\/tr\\\/#organization\",\"name\":\"ZHL Lighting Group\",\"url\":\"https:\\\/\\\/www.zhgdled.com\\\/tr\\\/\",\"logo\":{\"@type\":\"ImageObject\",\"inLanguage\":\"tr\",\"@id\":\"https:\\\/\\\/www.zhgdled.com\\\/tr\\\/#\\\/schema\\\/logo\\\/image\\\/\",\"url\":\"\",\"contentUrl\":\"\",\"caption\":\"ZHL Lighting Group\"},\"image\":{\"@id\":\"https:\\\/\\\/www.zhgdled.com\\\/tr\\\/#\\\/schema\\\/logo\\\/image\\\/\"},\"sameAs\":[\"https:\\\/\\\/www.facebook.com\\\/zhllightinggroup\",\"https:\\\/\\\/x.com\\\/zhl_lighting\"]}]}<\/script>\n<!-- \/ Yoast SEO plugin. -->","yoast_head_json":{"title":"PRO Serisi LED Ak\u0131ll\u0131 Sokak Lambas\u0131 &#8211; ZHL I\u015f\u0131k Grubu","description":"Sens\u00f6rl\u00fc PRO Serisi LED sokak lambalar\u0131, m\u00fckemmel l\u00fcmen \u00e7\u0131k\u0131\u015f\u0131, uzun s\u00fcreli kararl\u0131l\u0131k ve muhte\u015fem g\u00f6r\u00fc\u015f sa\u011flayan En Yeni ZHL Y\u00fcksek verimlili\u011fe sahip LED sokak lambas\u0131n\u0131 kullan\u0131r.","robots":{"index":"index","follow":"follow","max-snippet":"max-snippet:-1","max-image-preview":"max-image-preview:large","max-video-preview":"max-video-preview:-1"},"canonical":"https:\/\/www.zhgdled.com\/tr\/pro-serisi-led-akilli-sokak-lambasi.html","og_locale":"tr_TR","og_type":"article","og_title":"PRO Serisi LED Ak\u0131ll\u0131 Sokak Lambas\u0131 &#8211; ZHL I\u015f\u0131k Grubu","og_description":"Sens\u00f6rl\u00fc PRO Serisi LED sokak lambalar\u0131, m\u00fckemmel l\u00fcmen \u00e7\u0131k\u0131\u015f\u0131, uzun s\u00fcreli kararl\u0131l\u0131k ve muhte\u015fem g\u00f6r\u00fc\u015f sa\u011flayan En Yeni ZHL Y\u00fcksek verimlili\u011fe sahip LED sokak lambas\u0131n\u0131 kullan\u0131r.","og_url":"https:\/\/www.zhgdled.com\/tr\/pro-serisi-led-akilli-sokak-lambasi.html","og_site_name":"ZHL I\u015f\u0131k Grubu","article_publisher":"https:\/\/www.facebook.com\/zhllightinggroup","article_modified_time":"2023-12-28T02:13:59+00:00","og_image":[{"width":1600,"height":1600,"url":"https:\/\/www.zhgdled.com\/wp-content\/uploads\/2022\/09\/pro-series-street-lights.jpg","type":"image\/jpeg"}],"twitter_card":"summary_large_image","twitter_site":"@zhl_lighting","twitter_misc":{"Tahmini okuma s\u00fcresi":"1 dakika"},"schema":{"@context":"https:\/\/schema.org","@graph":[{"@type":"WebPage","@id":"https:\/\/www.zhgdled.com\/tr\/pro-serisi-led-akilli-sokak-lambasi.html","url":"https:\/\/www.zhgdled.com\/tr\/pro-serisi-led-akilli-sokak-lambasi.html","name":"PRO Serisi LED Ak\u0131ll\u0131 Sokak Lambas\u0131 &#8211; ZHL I\u015f\u0131k Grubu","isPartOf":{"@id":"https:\/\/www.zhgdled.com\/tr\/#website"},"primaryImageOfPage":{"@id":"https:\/\/www.zhgdled.com\/tr\/pro-serisi-led-akilli-sokak-lambasi.html#primaryimage"},"image":{"@id":"https:\/\/www.zhgdled.com\/tr\/pro-serisi-led-akilli-sokak-lambasi.html#primaryimage"},"thumbnailUrl":"https:\/\/www.zhgdled.com\/wp-content\/uploads\/2022\/09\/pro-series-street-lights.jpg","datePublished":"2022-09-08T09:09:09+00:00","dateModified":"2023-12-28T02:13:59+00:00","description":"Sens\u00f6rl\u00fc PRO Serisi LED sokak lambalar\u0131, m\u00fckemmel l\u00fcmen \u00e7\u0131k\u0131\u015f\u0131, uzun s\u00fcreli kararl\u0131l\u0131k ve muhte\u015fem g\u00f6r\u00fc\u015f sa\u011flayan En Yeni ZHL Y\u00fcksek verimlili\u011fe sahip LED sokak lambas\u0131n\u0131 kullan\u0131r.","breadcrumb":{"@id":"https:\/\/www.zhgdled.com\/tr\/pro-serisi-led-akilli-sokak-lambasi.html#breadcrumb"},"inLanguage":"tr","potentialAction":[{"@type":"ReadAction","target":["https:\/\/www.zhgdled.com\/tr\/pro-serisi-led-akilli-sokak-lambasi.html"]}]},{"@type":"ImageObject","inLanguage":"tr","@id":"https:\/\/www.zhgdled.com\/tr\/pro-serisi-led-akilli-sokak-lambasi.html#primaryimage","url":"https:\/\/www.zhgdled.com\/wp-content\/uploads\/2022\/09\/pro-series-street-lights.jpg","contentUrl":"https:\/\/www.zhgdled.com\/wp-content\/uploads\/2022\/09\/pro-series-street-lights.jpg","width":1600,"height":1600,"caption":"Pro series street lights"},{"@type":"BreadcrumbList","@id":"https:\/\/www.zhgdled.com\/tr\/pro-serisi-led-akilli-sokak-lambasi.html#breadcrumb","itemListElement":[{"@type":"ListItem","position":1,"name":"Home","item":"https:\/\/www.zhgdled.com\/tr"},{"@type":"ListItem","position":2,"name":"PRODUCTS","item":"https:\/\/www.zhgdled.com\/zhl-products.html"},{"@type":"ListItem","position":3,"name":"PRO Serisi LED Ak\u0131ll\u0131 Sokak Lambas\u0131"}]},{"@type":"WebSite","@id":"https:\/\/www.zhgdled.com\/tr\/#website","url":"https:\/\/www.zhgdled.com\/tr\/","name":"ZHL I\u015f\u0131k Grubu","description":"Top ranking industrial lighting manufacturer and exporter","publisher":{"@id":"https:\/\/www.zhgdled.com\/tr\/#organization"},"potentialAction":[{"@type":"SearchAction","target":{"@type":"EntryPoint","urlTemplate":"https:\/\/www.zhgdled.com\/tr\/?s={search_term_string}"},"query-input":{"@type":"PropertyValueSpecification","valueRequired":true,"valueName":"search_term_string"}}],"inLanguage":"tr"},{"@type":"Organization","@id":"https:\/\/www.zhgdled.com\/tr\/#organization","name":"ZHL Lighting Group","url":"https:\/\/www.zhgdled.com\/tr\/","logo":{"@type":"ImageObject","inLanguage":"tr","@id":"https:\/\/www.zhgdled.com\/tr\/#\/schema\/logo\/image\/","url":"","contentUrl":"","caption":"ZHL Lighting Group"},"image":{"@id":"https:\/\/www.zhgdled.com\/tr\/#\/schema\/logo\/image\/"},"sameAs":["https:\/\/www.facebook.com\/zhllightinggroup","https:\/\/x.com\/zhl_lighting"]}]}},"_links":{"self":[{"href":"https:\/\/www.zhgdled.com\/tr\/wp-json\/wp\/v2\/product\/18405","targetHints":{"allow":["GET"]}}],"collection":[{"href":"https:\/\/www.zhgdled.com\/tr\/wp-json\/wp\/v2\/product"}],"about":[{"href":"https:\/\/www.zhgdled.com\/tr\/wp-json\/wp\/v2\/types\/product"}],"wp:featuredmedia":[{"embeddable":true,"href":"https:\/\/www.zhgdled.com\/tr\/wp-json\/wp\/v2\/media\/20787"}],"wp:attachment":[{"href":"https:\/\/www.zhgdled.com\/tr\/wp-json\/wp\/v2\/media?parent=18405"}],"wp:term":[{"taxonomy":"product_brand","embeddable":true,"href":"https:\/\/www.zhgdled.com\/tr\/wp-json\/wp\/v2\/product_brand?post=18405"},{"taxonomy":"product_cat","embeddable":true,"href":"https:\/\/www.zhgdled.com\/tr\/wp-json\/wp\/v2\/product_cat?post=18405"},{"taxonomy":"product_tag","embeddable":true,"href":"https:\/\/www.zhgdled.com\/tr\/wp-json\/wp\/v2\/product_tag?post=18405"}],"curies":[{"name":"wp","href":"https:\/\/api.w.org\/{rel}","templated":true}]}}