{"id":18418,"date":"2022-08-10T14:01:36","date_gmt":"2022-08-10T06:01:36","guid":{"rendered":"https:\/\/www.zhgdled.com\/product\/max-series-solar-flood-light"},"modified":"2023-12-28T09:38:35","modified_gmt":"2023-12-28T01:38:35","slug":"max-serisi-solar-sel-isik","status":"publish","type":"product","link":"https:\/\/www.zhgdled.com\/tr\/max-serisi-solar-sel-isik.html","title":{"rendered":"MAX SER\u0130S\u0130 LED G\u00dcNE\u015e I\u015eIKLI I\u015eIK"},"content":{"rendered":"<h2>AYRIK G\u00d6VDE TASARIMI, D\u00dc\u015e\u00dcK G\u00dc\u00c7 T\u00dcKET\u0130M\u0130, FARKLI DURUMLAR \u0130\u00c7\u0130N MAKS\u0130MUM I\u015eIN A\u00c7ISI<\/h2>\n<p>* \u00c7ok a\u00e7\u0131l\u0131 ayar, bir\u00e7ok durumda kurulum i\u00e7in uygundur<br \/>\n*18650 Lityum Pil, 3.7V\/2AH<br \/>\n*Farkl\u0131 enlemlerin kurulum gereksinimleri i\u00e7in mevcuttur<br \/>\n*Profesyonel su ge\u00e7irmez tasar\u0131m<br \/>\n* Hassas ve kararl\u0131 PIR sens\u00f6r\u00fcn\u00fc yap\u0131land\u0131r\u0131n<\/p>\n<h2><\/h2>\n<h2>\u015eARTNAME<\/h2>\n<table style=\"border-collapse: collapse; width: 260.27pt;\" border=\"0\" width=\"347\" cellspacing=\"0\" cellpadding=\"0\">\n<tbody>\n<tr style=\"height: 16.50pt;\">\n<td class=\"et2\" style=\"height: 16.50pt; width: 16pt;\" width=\"211\" height=\"22\"><img decoding=\"async\" class=\"alignnone wp-image-17482\" src=\"https:\/\/www.zhgdled.com\/wp-content\/uploads\/2022\/07\/zhl_download-logo.png\" alt=\"\" width=\"31\" height=\"31\" srcset=\"https:\/\/www.zhgdled.com\/wp-content\/uploads\/2022\/07\/zhl_download-logo.png 368w, https:\/\/www.zhgdled.com\/wp-content\/uploads\/2022\/07\/zhl_download-logo-300x300.png 300w, https:\/\/www.zhgdled.com\/wp-content\/uploads\/2022\/07\/zhl_download-logo-150x150.png 150w\" sizes=\"(max-width: 31px) 100vw, 31px\" \/><\/td>\n<td class=\"et2\" style=\"width: 102.35pt;\" width=\"136\"><a href=\"https:\/\/www.zhgdled.com\/download\/catalogue-of-max-series-solar-flood-light\">Katalo\u011fu \u0130ndir<\/a><\/td>\n<\/tr>\n<\/tbody>\n<\/table>\n<table>\n<tbody>\n<tr>\n<td width=\"207\"><strong>G\u00fc\u00e7<\/strong><\/td>\n<td width=\"381\"><strong><b>3W<\/b><\/strong><\/td>\n<\/tr>\n<tr>\n<td width=\"207\"><strong>Renk S\u0131cakl\u0131\u011f\u0131(CCT)<\/strong><\/td>\n<td width=\"381\"><strong>3000K\/4000K\/6500K<\/strong><\/td>\n<\/tr>\n<tr>\n<td width=\"207\"><strong>I\u015f\u0131k Verimi (lm\/w)<\/strong><\/td>\n<td width=\"381\"><strong>125Lm\/W<\/strong><\/td>\n<\/tr>\n<tr>\n<td width=\"207\"><strong>Giri\u015f Voltaj\u0131(V)<\/strong><\/td>\n<td width=\"381\"><strong>DC3.7V<\/strong><\/td>\n<\/tr>\n<tr>\n<td width=\"207\"><strong>PF<\/strong><\/td>\n<td width=\"381\"><strong>&gt;0.9<\/strong><\/td>\n<\/tr>\n<tr>\n<td width=\"207\"><strong>CRI (Ra)<\/strong><\/td>\n<td width=\"381\"><strong>&gt;80<\/strong><\/td>\n<\/tr>\n<tr>\n<td width=\"207\"><strong>I\u015f\u0131n A\u00e7\u0131s\u0131(\u00b0)<\/strong><\/td>\n<td width=\"381\"><strong>120<\/strong><\/td>\n<\/tr>\n<tr>\n<td width=\"207\"><strong>IP Derecesi<\/strong><\/td>\n<td width=\"381\"><strong>IP<\/strong><strong>44<\/strong><\/td>\n<\/tr>\n<tr>\n<td width=\"207\"><strong>Malzeme<\/strong><\/td>\n<td width=\"381\"><strong>Al\u00fcminyum G\u00f6vde + PC\u00a0Kapa\u011f\u0131<\/strong><\/td>\n<\/tr>\n<tr>\n<td width=\"207\"><strong>\u00c7al\u0131\u015fma S\u0131cakl\u0131\u011f\u0131(\u2103)<\/strong><\/td>\n<td width=\"381\"><strong>-20-<\/strong><strong>+<\/strong><strong>50<\/strong><\/td>\n<\/tr>\n<tr>\n<td width=\"207\"><strong>Maks. I\u015f\u0131kl\u0131 mesafe:<\/strong><\/td>\n<td width=\"381\"><strong>8M<\/strong><\/td>\n<\/tr>\n<tr>\n<td width=\"207\"><strong>Sertifikasyon<\/strong><\/td>\n<td width=\"381\"><strong>ETL, DLC, FCC, CB<\/strong><\/td>\n<\/tr>\n<\/tbody>\n<\/table>\n<p>&nbsp;<\/p>\n<p><img decoding=\"async\" class=\"alignnone size-full wp-image-15095\" src=\"https:\/\/www.zhgdled.com\/wp-content\/uploads\/2022\/08\/20221018134433.jpg\" alt=\"\" width=\"897\" height=\"1156\" srcset=\"https:\/\/www.zhgdled.com\/wp-content\/uploads\/2022\/08\/20221018134433.jpg 897w, https:\/\/www.zhgdled.com\/wp-content\/uploads\/2022\/08\/20221018134433-233x300.jpg 233w, https:\/\/www.zhgdled.com\/wp-content\/uploads\/2022\/08\/20221018134433-795x1024.jpg 795w, https:\/\/www.zhgdled.com\/wp-content\/uploads\/2022\/08\/20221018134433-768x990.jpg 768w, https:\/\/www.zhgdled.com\/wp-content\/uploads\/2022\/08\/20221018134433-600x773.jpg 600w, https:\/\/www.zhgdled.com\/wp-content\/uploads\/2022\/08\/20221018134433-150x193.jpg 150w\" sizes=\"(max-width: 897px) 100vw, 897px\" \/><\/p>\n","protected":false},"excerpt":{"rendered":"<p>Max Serisi LED g\u00fcne\u015f projekt\u00f6r, b\u00f6l\u00fcnm\u00fc\u015f g\u00f6vde tasar\u0131m\u0131, d\u00fc\u015f\u00fck g\u00fc\u00e7 t\u00fcketimi d\u0131\u015f ayd\u0131nlatma armat\u00fcr\u00fcd\u00fcr. Farkl\u0131 durumlar i\u00e7in maksimum \u0131\u015f\u0131n a\u00e7\u0131s\u0131na sahiptir. Eve ba\u015fvurun. ge\u00e7itler, otoparklar, duvar dekorlar\u0131, okullar, al\u0131\u015fveri\u015f merkezleri vb. ticari ve end\u00fcstriyel alanlar.<\/p>\n<p>&nbsp;<\/p>\n<ul>\n<li>3 watt<\/li>\n<li>Renk s\u0131cakl\u0131\u011f\u0131: 3000K\/4000K\/6500K<\/li>\n<li>Yeterlik: 125lm\/w<\/li>\n<li>Giri\u015f: DC3.7V g\u00fcne\u015f enerjisi kayna\u011f\u0131<\/li>\n<li>PF: &gt;0.9<\/li>\n<li>CRI: &gt;80<\/li>\n<li>I\u015f\u0131n a\u00e7\u0131s\u0131: 120 derece<\/li>\n<li>Malzeme: Al\u00fcminyum g\u00f6vde, PC kapa\u011f\u0131<\/li>\n<\/ul>\n","protected":false},"featured_media":13944,"template":"","meta":[],"product_brand":[],"product_cat":[665],"product_tag":[439],"class_list":{"0":"post-18418","1":"product","2":"type-product","3":"status-publish","4":"has-post-thumbnail","6":"product_cat-gunes-sel-isiklari","7":"product_tag-solar-flood-light-tr","9":"first","10":"instock","11":"shipping-taxable","12":"product-type-simple"},"yoast_head":"<!-- This site is optimized with the Yoast SEO plugin v27.4 - https:\/\/yoast.com\/product\/yoast-seo-wordpress\/ -->\n<title>MAX SER\u0130S\u0130 LED G\u00dcNE\u015e I\u015eIKLI I\u015eIK &#8211; ZHL I\u015f\u0131k Grubu<\/title>\n<meta name=\"description\" content=\"Max Serisi LED g\u00fcne\u015f projekt\u00f6r, b\u00f6l\u00fcnm\u00fc\u015f g\u00f6vde tasar\u0131m\u0131, d\u00fc\u015f\u00fck g\u00fc\u00e7 t\u00fcketimi d\u0131\u015f ayd\u0131nlatma armat\u00fcr\u00fcd\u00fcr. Farkl\u0131 durumlar i\u00e7in maksimum \u0131\u015f\u0131n a\u00e7\u0131s\u0131na sahiptir.\" \/>\n<meta name=\"robots\" content=\"index, follow, max-snippet:-1, max-image-preview:large, max-video-preview:-1\" \/>\n<link rel=\"canonical\" href=\"https:\/\/www.zhgdled.com\/tr\/max-serisi-solar-sel-isik.html\" \/>\n<meta property=\"og:locale\" content=\"tr_TR\" \/>\n<meta property=\"og:type\" content=\"article\" \/>\n<meta property=\"og:title\" content=\"MAX SER\u0130S\u0130 LED G\u00dcNE\u015e I\u015eIKLI I\u015eIK &#8211; ZHL I\u015f\u0131k Grubu\" \/>\n<meta property=\"og:description\" content=\"Max Serisi LED g\u00fcne\u015f projekt\u00f6r, b\u00f6l\u00fcnm\u00fc\u015f g\u00f6vde tasar\u0131m\u0131, d\u00fc\u015f\u00fck g\u00fc\u00e7 t\u00fcketimi d\u0131\u015f ayd\u0131nlatma armat\u00fcr\u00fcd\u00fcr. Farkl\u0131 durumlar i\u00e7in maksimum \u0131\u015f\u0131n a\u00e7\u0131s\u0131na sahiptir.\" \/>\n<meta property=\"og:url\" content=\"https:\/\/www.zhgdled.com\/tr\/max-serisi-solar-sel-isik.html\" \/>\n<meta property=\"og:site_name\" content=\"ZHL I\u015f\u0131k Grubu\" \/>\n<meta property=\"article:publisher\" content=\"https:\/\/www.facebook.com\/zhllightinggroup\" \/>\n<meta property=\"article:modified_time\" content=\"2023-12-28T01:38:35+00:00\" \/>\n<meta property=\"og:image\" content=\"https:\/\/www.zhgdled.com\/wp-content\/uploads\/2022\/08\/0.png\" \/>\n\t<meta property=\"og:image:width\" content=\"1600\" \/>\n\t<meta property=\"og:image:height\" content=\"1600\" \/>\n\t<meta property=\"og:image:type\" content=\"image\/png\" \/>\n<meta name=\"twitter:card\" content=\"summary_large_image\" \/>\n<meta name=\"twitter:site\" content=\"@zhl_lighting\" \/>\n<meta name=\"twitter:label1\" content=\"Tahmini okuma s\u00fcresi\" \/>\n\t<meta name=\"twitter:data1\" content=\"1 dakika\" \/>\n<script type=\"application\/ld+json\" class=\"yoast-schema-graph\">{\"@context\":\"https:\\\/\\\/schema.org\",\"@graph\":[{\"@type\":\"WebPage\",\"@id\":\"https:\\\/\\\/www.zhgdled.com\\\/tr\\\/max-serisi-solar-sel-isik.html\",\"url\":\"https:\\\/\\\/www.zhgdled.com\\\/tr\\\/max-serisi-solar-sel-isik.html\",\"name\":\"MAX SER\u0130S\u0130 LED G\u00dcNE\u015e I\u015eIKLI I\u015eIK &#8211; ZHL I\u015f\u0131k Grubu\",\"isPartOf\":{\"@id\":\"https:\\\/\\\/www.zhgdled.com\\\/tr\\\/#website\"},\"primaryImageOfPage\":{\"@id\":\"https:\\\/\\\/www.zhgdled.com\\\/tr\\\/max-serisi-solar-sel-isik.html#primaryimage\"},\"image\":{\"@id\":\"https:\\\/\\\/www.zhgdled.com\\\/tr\\\/max-serisi-solar-sel-isik.html#primaryimage\"},\"thumbnailUrl\":\"https:\\\/\\\/www.zhgdled.com\\\/wp-content\\\/uploads\\\/2022\\\/08\\\/0.png\",\"datePublished\":\"2022-08-10T06:01:36+00:00\",\"dateModified\":\"2023-12-28T01:38:35+00:00\",\"description\":\"Max Serisi LED g\u00fcne\u015f projekt\u00f6r, b\u00f6l\u00fcnm\u00fc\u015f g\u00f6vde tasar\u0131m\u0131, d\u00fc\u015f\u00fck g\u00fc\u00e7 t\u00fcketimi d\u0131\u015f ayd\u0131nlatma armat\u00fcr\u00fcd\u00fcr. Farkl\u0131 durumlar i\u00e7in maksimum \u0131\u015f\u0131n a\u00e7\u0131s\u0131na sahiptir.\",\"breadcrumb\":{\"@id\":\"https:\\\/\\\/www.zhgdled.com\\\/tr\\\/max-serisi-solar-sel-isik.html#breadcrumb\"},\"inLanguage\":\"tr\",\"potentialAction\":[{\"@type\":\"ReadAction\",\"target\":[\"https:\\\/\\\/www.zhgdled.com\\\/tr\\\/max-serisi-solar-sel-isik.html\"]}]},{\"@type\":\"ImageObject\",\"inLanguage\":\"tr\",\"@id\":\"https:\\\/\\\/www.zhgdled.com\\\/tr\\\/max-serisi-solar-sel-isik.html#primaryimage\",\"url\":\"https:\\\/\\\/www.zhgdled.com\\\/wp-content\\\/uploads\\\/2022\\\/08\\\/0.png\",\"contentUrl\":\"https:\\\/\\\/www.zhgdled.com\\\/wp-content\\\/uploads\\\/2022\\\/08\\\/0.png\",\"width\":1600,\"height\":1600,\"caption\":\"luz de inunda\u00e7\u00e3o solar da s\u00e9rie max\"},{\"@type\":\"BreadcrumbList\",\"@id\":\"https:\\\/\\\/www.zhgdled.com\\\/tr\\\/max-serisi-solar-sel-isik.html#breadcrumb\",\"itemListElement\":[{\"@type\":\"ListItem\",\"position\":1,\"name\":\"Home\",\"item\":\"https:\\\/\\\/www.zhgdled.com\\\/tr\"},{\"@type\":\"ListItem\",\"position\":2,\"name\":\"PRODUCTS\",\"item\":\"https:\\\/\\\/www.zhgdled.com\\\/zhl-products.html\"},{\"@type\":\"ListItem\",\"position\":3,\"name\":\"MAX SER\u0130S\u0130 LED G\u00dcNE\u015e I\u015eIKLI I\u015eIK\"}]},{\"@type\":\"WebSite\",\"@id\":\"https:\\\/\\\/www.zhgdled.com\\\/tr\\\/#website\",\"url\":\"https:\\\/\\\/www.zhgdled.com\\\/tr\\\/\",\"name\":\"ZHL I\u015f\u0131k Grubu\",\"description\":\"Top ranking industrial lighting manufacturer and exporter\",\"publisher\":{\"@id\":\"https:\\\/\\\/www.zhgdled.com\\\/tr\\\/#organization\"},\"potentialAction\":[{\"@type\":\"SearchAction\",\"target\":{\"@type\":\"EntryPoint\",\"urlTemplate\":\"https:\\\/\\\/www.zhgdled.com\\\/tr\\\/?s={search_term_string}\"},\"query-input\":{\"@type\":\"PropertyValueSpecification\",\"valueRequired\":true,\"valueName\":\"search_term_string\"}}],\"inLanguage\":\"tr\"},{\"@type\":\"Organization\",\"@id\":\"https:\\\/\\\/www.zhgdled.com\\\/tr\\\/#organization\",\"name\":\"ZHL Lighting Group\",\"url\":\"https:\\\/\\\/www.zhgdled.com\\\/tr\\\/\",\"logo\":{\"@type\":\"ImageObject\",\"inLanguage\":\"tr\",\"@id\":\"https:\\\/\\\/www.zhgdled.com\\\/tr\\\/#\\\/schema\\\/logo\\\/image\\\/\",\"url\":\"\",\"contentUrl\":\"\",\"caption\":\"ZHL Lighting Group\"},\"image\":{\"@id\":\"https:\\\/\\\/www.zhgdled.com\\\/tr\\\/#\\\/schema\\\/logo\\\/image\\\/\"},\"sameAs\":[\"https:\\\/\\\/www.facebook.com\\\/zhllightinggroup\",\"https:\\\/\\\/x.com\\\/zhl_lighting\"]}]}<\/script>\n<!-- \/ Yoast SEO plugin. -->","yoast_head_json":{"title":"MAX SER\u0130S\u0130 LED G\u00dcNE\u015e I\u015eIKLI I\u015eIK &#8211; ZHL I\u015f\u0131k Grubu","description":"Max Serisi LED g\u00fcne\u015f projekt\u00f6r, b\u00f6l\u00fcnm\u00fc\u015f g\u00f6vde tasar\u0131m\u0131, d\u00fc\u015f\u00fck g\u00fc\u00e7 t\u00fcketimi d\u0131\u015f ayd\u0131nlatma armat\u00fcr\u00fcd\u00fcr. Farkl\u0131 durumlar i\u00e7in maksimum \u0131\u015f\u0131n a\u00e7\u0131s\u0131na sahiptir.","robots":{"index":"index","follow":"follow","max-snippet":"max-snippet:-1","max-image-preview":"max-image-preview:large","max-video-preview":"max-video-preview:-1"},"canonical":"https:\/\/www.zhgdled.com\/tr\/max-serisi-solar-sel-isik.html","og_locale":"tr_TR","og_type":"article","og_title":"MAX SER\u0130S\u0130 LED G\u00dcNE\u015e I\u015eIKLI I\u015eIK &#8211; ZHL I\u015f\u0131k Grubu","og_description":"Max Serisi LED g\u00fcne\u015f projekt\u00f6r, b\u00f6l\u00fcnm\u00fc\u015f g\u00f6vde tasar\u0131m\u0131, d\u00fc\u015f\u00fck g\u00fc\u00e7 t\u00fcketimi d\u0131\u015f ayd\u0131nlatma armat\u00fcr\u00fcd\u00fcr. Farkl\u0131 durumlar i\u00e7in maksimum \u0131\u015f\u0131n a\u00e7\u0131s\u0131na sahiptir.","og_url":"https:\/\/www.zhgdled.com\/tr\/max-serisi-solar-sel-isik.html","og_site_name":"ZHL I\u015f\u0131k Grubu","article_publisher":"https:\/\/www.facebook.com\/zhllightinggroup","article_modified_time":"2023-12-28T01:38:35+00:00","og_image":[{"width":1600,"height":1600,"url":"https:\/\/www.zhgdled.com\/wp-content\/uploads\/2022\/08\/0.png","type":"image\/png"}],"twitter_card":"summary_large_image","twitter_site":"@zhl_lighting","twitter_misc":{"Tahmini okuma s\u00fcresi":"1 dakika"},"schema":{"@context":"https:\/\/schema.org","@graph":[{"@type":"WebPage","@id":"https:\/\/www.zhgdled.com\/tr\/max-serisi-solar-sel-isik.html","url":"https:\/\/www.zhgdled.com\/tr\/max-serisi-solar-sel-isik.html","name":"MAX SER\u0130S\u0130 LED G\u00dcNE\u015e I\u015eIKLI I\u015eIK &#8211; ZHL I\u015f\u0131k Grubu","isPartOf":{"@id":"https:\/\/www.zhgdled.com\/tr\/#website"},"primaryImageOfPage":{"@id":"https:\/\/www.zhgdled.com\/tr\/max-serisi-solar-sel-isik.html#primaryimage"},"image":{"@id":"https:\/\/www.zhgdled.com\/tr\/max-serisi-solar-sel-isik.html#primaryimage"},"thumbnailUrl":"https:\/\/www.zhgdled.com\/wp-content\/uploads\/2022\/08\/0.png","datePublished":"2022-08-10T06:01:36+00:00","dateModified":"2023-12-28T01:38:35+00:00","description":"Max Serisi LED g\u00fcne\u015f projekt\u00f6r, b\u00f6l\u00fcnm\u00fc\u015f g\u00f6vde tasar\u0131m\u0131, d\u00fc\u015f\u00fck g\u00fc\u00e7 t\u00fcketimi d\u0131\u015f ayd\u0131nlatma armat\u00fcr\u00fcd\u00fcr. Farkl\u0131 durumlar i\u00e7in maksimum \u0131\u015f\u0131n a\u00e7\u0131s\u0131na sahiptir.","breadcrumb":{"@id":"https:\/\/www.zhgdled.com\/tr\/max-serisi-solar-sel-isik.html#breadcrumb"},"inLanguage":"tr","potentialAction":[{"@type":"ReadAction","target":["https:\/\/www.zhgdled.com\/tr\/max-serisi-solar-sel-isik.html"]}]},{"@type":"ImageObject","inLanguage":"tr","@id":"https:\/\/www.zhgdled.com\/tr\/max-serisi-solar-sel-isik.html#primaryimage","url":"https:\/\/www.zhgdled.com\/wp-content\/uploads\/2022\/08\/0.png","contentUrl":"https:\/\/www.zhgdled.com\/wp-content\/uploads\/2022\/08\/0.png","width":1600,"height":1600,"caption":"luz de inunda\u00e7\u00e3o solar da s\u00e9rie max"},{"@type":"BreadcrumbList","@id":"https:\/\/www.zhgdled.com\/tr\/max-serisi-solar-sel-isik.html#breadcrumb","itemListElement":[{"@type":"ListItem","position":1,"name":"Home","item":"https:\/\/www.zhgdled.com\/tr"},{"@type":"ListItem","position":2,"name":"PRODUCTS","item":"https:\/\/www.zhgdled.com\/zhl-products.html"},{"@type":"ListItem","position":3,"name":"MAX SER\u0130S\u0130 LED G\u00dcNE\u015e I\u015eIKLI I\u015eIK"}]},{"@type":"WebSite","@id":"https:\/\/www.zhgdled.com\/tr\/#website","url":"https:\/\/www.zhgdled.com\/tr\/","name":"ZHL I\u015f\u0131k Grubu","description":"Top ranking industrial lighting manufacturer and exporter","publisher":{"@id":"https:\/\/www.zhgdled.com\/tr\/#organization"},"potentialAction":[{"@type":"SearchAction","target":{"@type":"EntryPoint","urlTemplate":"https:\/\/www.zhgdled.com\/tr\/?s={search_term_string}"},"query-input":{"@type":"PropertyValueSpecification","valueRequired":true,"valueName":"search_term_string"}}],"inLanguage":"tr"},{"@type":"Organization","@id":"https:\/\/www.zhgdled.com\/tr\/#organization","name":"ZHL Lighting Group","url":"https:\/\/www.zhgdled.com\/tr\/","logo":{"@type":"ImageObject","inLanguage":"tr","@id":"https:\/\/www.zhgdled.com\/tr\/#\/schema\/logo\/image\/","url":"","contentUrl":"","caption":"ZHL Lighting Group"},"image":{"@id":"https:\/\/www.zhgdled.com\/tr\/#\/schema\/logo\/image\/"},"sameAs":["https:\/\/www.facebook.com\/zhllightinggroup","https:\/\/x.com\/zhl_lighting"]}]}},"_links":{"self":[{"href":"https:\/\/www.zhgdled.com\/tr\/wp-json\/wp\/v2\/product\/18418","targetHints":{"allow":["GET"]}}],"collection":[{"href":"https:\/\/www.zhgdled.com\/tr\/wp-json\/wp\/v2\/product"}],"about":[{"href":"https:\/\/www.zhgdled.com\/tr\/wp-json\/wp\/v2\/types\/product"}],"wp:featuredmedia":[{"embeddable":true,"href":"https:\/\/www.zhgdled.com\/tr\/wp-json\/wp\/v2\/media\/13944"}],"wp:attachment":[{"href":"https:\/\/www.zhgdled.com\/tr\/wp-json\/wp\/v2\/media?parent=18418"}],"wp:term":[{"taxonomy":"product_brand","embeddable":true,"href":"https:\/\/www.zhgdled.com\/tr\/wp-json\/wp\/v2\/product_brand?post=18418"},{"taxonomy":"product_cat","embeddable":true,"href":"https:\/\/www.zhgdled.com\/tr\/wp-json\/wp\/v2\/product_cat?post=18418"},{"taxonomy":"product_tag","embeddable":true,"href":"https:\/\/www.zhgdled.com\/tr\/wp-json\/wp\/v2\/product_tag?post=18418"}],"curies":[{"name":"wp","href":"https:\/\/api.w.org\/{rel}","templated":true}]}}