{"id":18432,"date":"2022-04-18T15:25:37","date_gmt":"2022-04-18T07:25:37","guid":{"rendered":"https:\/\/www.zhgdled.com\/product\/led-wallpack-light"},"modified":"2023-12-28T11:42:57","modified_gmt":"2023-12-28T03:42:57","slug":"led-duvar-paketi-isik","status":"publish","type":"product","link":"https:\/\/www.zhgdled.com\/tr\/led-duvar-paketi-isik.html","title":{"rendered":"LED Duvar Paketi I\u015f\u0131\u011f\u0131"},"content":{"rendered":"<p>Bu duvar tipi \u0131\u015f\u0131k, alacakaranl\u0131ktan \u015fafa\u011fa kadar yerle\u015fik d\u0131\u015f mekan \u0131\u015f\u0131k fotosel teknolojisi ile tasarlanm\u0131\u015ft\u0131r ve ticari i\u015fletmelerin ve konut sahiplerinin metal halide lambalara k\u0131yasla enerji faturalar\u0131nda %75&#8217;e kadar tasarruf etmelerine yard\u0131mc\u0131 olur.<\/p>\n<p>&nbsp;<\/p>\n<p>Ticari d\u0131\u015f mekan g\u00fcvenlik lambas\u0131, fotosel teknolojisi ile tasarlanm\u0131\u015ft\u0131r ve bu armat\u00fcr\u00fc g\u00fcn bat\u0131m\u0131ndan \u015fafa\u011fa d\u0131\u015f mekan \u0131\u015f\u0131\u011f\u0131 haline getirir. Fotosel sens\u00f6r\u00fc g\u00fcn bat\u0131m\u0131nda otomatik olarak A\u00c7IK ve g\u00fcn do\u011fumunda KAPALI konuma ge\u00e7er.<\/p>\n<p>&nbsp;<\/p>\n<p>Hem ticari s\u0131n\u0131f g\u00fc\u00e7 kaplama bronz kaplamal\u0131 d\u00f6k\u00fcm al\u00fcminyum, darbeye dayan\u0131kl\u0131 temperli cam lens ve bak\u0131m gerektirmeyen LED&#8217;ler ile \u00fcretilen ticari duvar paketi ayd\u0131nlatmas\u0131, 50.000 saatin \u00fczerinde y\u00fcksek performans sa\u011flar<\/p>\n<p>&nbsp;<\/p>\n<p><img decoding=\"async\" class=\"alignnone size-full wp-image-11977\" src=\"https:\/\/www.zhgdled.com\/wp-content\/uploads\/2022\/04\/wall-1.png\" alt=\"\" width=\"979\" height=\"648\" srcset=\"https:\/\/www.zhgdled.com\/wp-content\/uploads\/2022\/04\/wall-1.png 979w, https:\/\/www.zhgdled.com\/wp-content\/uploads\/2022\/04\/wall-1-300x199.png 300w, https:\/\/www.zhgdled.com\/wp-content\/uploads\/2022\/04\/wall-1-768x508.png 768w, https:\/\/www.zhgdled.com\/wp-content\/uploads\/2022\/04\/wall-1-600x397.png 600w, https:\/\/www.zhgdled.com\/wp-content\/uploads\/2022\/04\/wall-1-150x99.png 150w\" sizes=\"(max-width: 979px) 100vw, 979px\" \/><img decoding=\"async\" class=\"alignnone size-full wp-image-11981\" src=\"https:\/\/www.zhgdled.com\/wp-content\/uploads\/2022\/04\/wall-2.png\" alt=\"\" width=\"1019\" height=\"594\" srcset=\"https:\/\/www.zhgdled.com\/wp-content\/uploads\/2022\/04\/wall-2.png 1019w, https:\/\/www.zhgdled.com\/wp-content\/uploads\/2022\/04\/wall-2-300x175.png 300w, https:\/\/www.zhgdled.com\/wp-content\/uploads\/2022\/04\/wall-2-768x448.png 768w, https:\/\/www.zhgdled.com\/wp-content\/uploads\/2022\/04\/wall-2-600x350.png 600w, https:\/\/www.zhgdled.com\/wp-content\/uploads\/2022\/04\/wall-2-150x87.png 150w\" sizes=\"(max-width: 1019px) 100vw, 1019px\" \/><\/p>\n","protected":false},"excerpt":{"rendered":"<p>Bu duvar tipi \u0131\u015f\u0131k, alacakaranl\u0131ktan \u015fafa\u011fa kadar yerle\u015fik d\u0131\u015f mekan \u0131\u015f\u0131k fotosel teknolojisi ile tasarlanm\u0131\u015ft\u0131r ve ticari i\u015fletmelerin ve konut sahiplerinin metal halide lambalara k\u0131yasla enerji faturalar\u0131nda %75&#8217;e kadar tasarruf etmelerine yard\u0131mc\u0131 olur.<\/p>\n","protected":false},"featured_media":13390,"template":"","meta":[],"product_brand":[],"product_cat":[666],"product_tag":[],"class_list":{"0":"post-18432","1":"product","2":"type-product","3":"status-publish","4":"has-post-thumbnail","6":"product_cat-led-projektorler","8":"first","9":"instock","10":"shipping-taxable","11":"product-type-simple"},"yoast_head":"<!-- This site is optimized with the Yoast SEO plugin v27.4 - https:\/\/yoast.com\/product\/yoast-seo-wordpress\/ -->\n<title>LED Duvar Paketi I\u015f\u0131\u011f\u0131 &#8211; ZHL I\u015f\u0131k Grubu<\/title>\n<meta name=\"description\" content=\"ZHL Wallpack LED \u0131\u015f\u0131k - 30W-150W d\u0131\u015f duvar, koridor, garajlar, giri\u015f avlusu i\u00e7in uygundur.\" \/>\n<meta name=\"robots\" content=\"index, follow, max-snippet:-1, max-image-preview:large, max-video-preview:-1\" \/>\n<link rel=\"canonical\" href=\"https:\/\/www.zhgdled.com\/tr\/led-duvar-paketi-isik.html\" \/>\n<meta property=\"og:locale\" content=\"tr_TR\" \/>\n<meta property=\"og:type\" content=\"article\" \/>\n<meta property=\"og:title\" content=\"LED Duvar Paketi I\u015f\u0131\u011f\u0131 &#8211; ZHL I\u015f\u0131k Grubu\" \/>\n<meta property=\"og:description\" content=\"ZHL Wallpack LED \u0131\u015f\u0131k - 30W-150W d\u0131\u015f duvar, koridor, garajlar, giri\u015f avlusu i\u00e7in uygundur.\" \/>\n<meta property=\"og:url\" content=\"https:\/\/www.zhgdled.com\/tr\/led-duvar-paketi-isik.html\" \/>\n<meta property=\"og:site_name\" content=\"ZHL I\u015f\u0131k Grubu\" \/>\n<meta property=\"article:publisher\" content=\"https:\/\/www.facebook.com\/zhllightinggroup\" \/>\n<meta property=\"article:modified_time\" content=\"2023-12-28T03:42:57+00:00\" \/>\n<meta property=\"og:image\" content=\"https:\/\/www.zhgdled.com\/wp-content\/uploads\/2022\/04\/11-1.png\" \/>\n\t<meta property=\"og:image:width\" content=\"1600\" \/>\n\t<meta property=\"og:image:height\" content=\"1600\" \/>\n\t<meta property=\"og:image:type\" content=\"image\/png\" \/>\n<meta name=\"twitter:card\" content=\"summary_large_image\" \/>\n<meta name=\"twitter:site\" content=\"@zhl_lighting\" \/>\n<meta name=\"twitter:label1\" content=\"Tahmini okuma s\u00fcresi\" \/>\n\t<meta name=\"twitter:data1\" content=\"1 dakika\" \/>\n<script type=\"application\/ld+json\" class=\"yoast-schema-graph\">{\"@context\":\"https:\\\/\\\/schema.org\",\"@graph\":[{\"@type\":\"WebPage\",\"@id\":\"https:\\\/\\\/www.zhgdled.com\\\/tr\\\/led-duvar-paketi-isik.html\",\"url\":\"https:\\\/\\\/www.zhgdled.com\\\/tr\\\/led-duvar-paketi-isik.html\",\"name\":\"LED Duvar Paketi I\u015f\u0131\u011f\u0131 &#8211; ZHL I\u015f\u0131k Grubu\",\"isPartOf\":{\"@id\":\"https:\\\/\\\/www.zhgdled.com\\\/tr\\\/#website\"},\"primaryImageOfPage\":{\"@id\":\"https:\\\/\\\/www.zhgdled.com\\\/tr\\\/led-duvar-paketi-isik.html#primaryimage\"},\"image\":{\"@id\":\"https:\\\/\\\/www.zhgdled.com\\\/tr\\\/led-duvar-paketi-isik.html#primaryimage\"},\"thumbnailUrl\":\"https:\\\/\\\/www.zhgdled.com\\\/wp-content\\\/uploads\\\/2022\\\/04\\\/11-1.png\",\"datePublished\":\"2022-04-18T07:25:37+00:00\",\"dateModified\":\"2023-12-28T03:42:57+00:00\",\"description\":\"ZHL Wallpack LED \u0131\u015f\u0131k - 30W-150W d\u0131\u015f duvar, koridor, garajlar, giri\u015f avlusu i\u00e7in uygundur.\",\"breadcrumb\":{\"@id\":\"https:\\\/\\\/www.zhgdled.com\\\/tr\\\/led-duvar-paketi-isik.html#breadcrumb\"},\"inLanguage\":\"tr\",\"potentialAction\":[{\"@type\":\"ReadAction\",\"target\":[\"https:\\\/\\\/www.zhgdled.com\\\/tr\\\/led-duvar-paketi-isik.html\"]}]},{\"@type\":\"ImageObject\",\"inLanguage\":\"tr\",\"@id\":\"https:\\\/\\\/www.zhgdled.com\\\/tr\\\/led-duvar-paketi-isik.html#primaryimage\",\"url\":\"https:\\\/\\\/www.zhgdled.com\\\/wp-content\\\/uploads\\\/2022\\\/04\\\/11-1.png\",\"contentUrl\":\"https:\\\/\\\/www.zhgdled.com\\\/wp-content\\\/uploads\\\/2022\\\/04\\\/11-1.png\",\"width\":1600,\"height\":1600,\"caption\":\"lumi\u00e8re de paquet de mur men\u00e9e\"},{\"@type\":\"BreadcrumbList\",\"@id\":\"https:\\\/\\\/www.zhgdled.com\\\/tr\\\/led-duvar-paketi-isik.html#breadcrumb\",\"itemListElement\":[{\"@type\":\"ListItem\",\"position\":1,\"name\":\"Home\",\"item\":\"https:\\\/\\\/www.zhgdled.com\\\/tr\"},{\"@type\":\"ListItem\",\"position\":2,\"name\":\"PRODUCTS\",\"item\":\"https:\\\/\\\/www.zhgdled.com\\\/zhl-products.html\"},{\"@type\":\"ListItem\",\"position\":3,\"name\":\"LED Duvar Paketi I\u015f\u0131\u011f\u0131\"}]},{\"@type\":\"WebSite\",\"@id\":\"https:\\\/\\\/www.zhgdled.com\\\/tr\\\/#website\",\"url\":\"https:\\\/\\\/www.zhgdled.com\\\/tr\\\/\",\"name\":\"ZHL I\u015f\u0131k Grubu\",\"description\":\"Top ranking industrial lighting manufacturer and exporter\",\"publisher\":{\"@id\":\"https:\\\/\\\/www.zhgdled.com\\\/tr\\\/#organization\"},\"potentialAction\":[{\"@type\":\"SearchAction\",\"target\":{\"@type\":\"EntryPoint\",\"urlTemplate\":\"https:\\\/\\\/www.zhgdled.com\\\/tr\\\/?s={search_term_string}\"},\"query-input\":{\"@type\":\"PropertyValueSpecification\",\"valueRequired\":true,\"valueName\":\"search_term_string\"}}],\"inLanguage\":\"tr\"},{\"@type\":\"Organization\",\"@id\":\"https:\\\/\\\/www.zhgdled.com\\\/tr\\\/#organization\",\"name\":\"ZHL Lighting Group\",\"url\":\"https:\\\/\\\/www.zhgdled.com\\\/tr\\\/\",\"logo\":{\"@type\":\"ImageObject\",\"inLanguage\":\"tr\",\"@id\":\"https:\\\/\\\/www.zhgdled.com\\\/tr\\\/#\\\/schema\\\/logo\\\/image\\\/\",\"url\":\"\",\"contentUrl\":\"\",\"caption\":\"ZHL Lighting Group\"},\"image\":{\"@id\":\"https:\\\/\\\/www.zhgdled.com\\\/tr\\\/#\\\/schema\\\/logo\\\/image\\\/\"},\"sameAs\":[\"https:\\\/\\\/www.facebook.com\\\/zhllightinggroup\",\"https:\\\/\\\/x.com\\\/zhl_lighting\"]}]}<\/script>\n<!-- \/ Yoast SEO plugin. -->","yoast_head_json":{"title":"LED Duvar Paketi I\u015f\u0131\u011f\u0131 &#8211; ZHL I\u015f\u0131k Grubu","description":"ZHL Wallpack LED \u0131\u015f\u0131k - 30W-150W d\u0131\u015f duvar, koridor, garajlar, giri\u015f avlusu i\u00e7in uygundur.","robots":{"index":"index","follow":"follow","max-snippet":"max-snippet:-1","max-image-preview":"max-image-preview:large","max-video-preview":"max-video-preview:-1"},"canonical":"https:\/\/www.zhgdled.com\/tr\/led-duvar-paketi-isik.html","og_locale":"tr_TR","og_type":"article","og_title":"LED Duvar Paketi I\u015f\u0131\u011f\u0131 &#8211; ZHL I\u015f\u0131k Grubu","og_description":"ZHL Wallpack LED \u0131\u015f\u0131k - 30W-150W d\u0131\u015f duvar, koridor, garajlar, giri\u015f avlusu i\u00e7in uygundur.","og_url":"https:\/\/www.zhgdled.com\/tr\/led-duvar-paketi-isik.html","og_site_name":"ZHL I\u015f\u0131k Grubu","article_publisher":"https:\/\/www.facebook.com\/zhllightinggroup","article_modified_time":"2023-12-28T03:42:57+00:00","og_image":[{"width":1600,"height":1600,"url":"https:\/\/www.zhgdled.com\/wp-content\/uploads\/2022\/04\/11-1.png","type":"image\/png"}],"twitter_card":"summary_large_image","twitter_site":"@zhl_lighting","twitter_misc":{"Tahmini okuma s\u00fcresi":"1 dakika"},"schema":{"@context":"https:\/\/schema.org","@graph":[{"@type":"WebPage","@id":"https:\/\/www.zhgdled.com\/tr\/led-duvar-paketi-isik.html","url":"https:\/\/www.zhgdled.com\/tr\/led-duvar-paketi-isik.html","name":"LED Duvar Paketi I\u015f\u0131\u011f\u0131 &#8211; ZHL I\u015f\u0131k Grubu","isPartOf":{"@id":"https:\/\/www.zhgdled.com\/tr\/#website"},"primaryImageOfPage":{"@id":"https:\/\/www.zhgdled.com\/tr\/led-duvar-paketi-isik.html#primaryimage"},"image":{"@id":"https:\/\/www.zhgdled.com\/tr\/led-duvar-paketi-isik.html#primaryimage"},"thumbnailUrl":"https:\/\/www.zhgdled.com\/wp-content\/uploads\/2022\/04\/11-1.png","datePublished":"2022-04-18T07:25:37+00:00","dateModified":"2023-12-28T03:42:57+00:00","description":"ZHL Wallpack LED \u0131\u015f\u0131k - 30W-150W d\u0131\u015f duvar, koridor, garajlar, giri\u015f avlusu i\u00e7in uygundur.","breadcrumb":{"@id":"https:\/\/www.zhgdled.com\/tr\/led-duvar-paketi-isik.html#breadcrumb"},"inLanguage":"tr","potentialAction":[{"@type":"ReadAction","target":["https:\/\/www.zhgdled.com\/tr\/led-duvar-paketi-isik.html"]}]},{"@type":"ImageObject","inLanguage":"tr","@id":"https:\/\/www.zhgdled.com\/tr\/led-duvar-paketi-isik.html#primaryimage","url":"https:\/\/www.zhgdled.com\/wp-content\/uploads\/2022\/04\/11-1.png","contentUrl":"https:\/\/www.zhgdled.com\/wp-content\/uploads\/2022\/04\/11-1.png","width":1600,"height":1600,"caption":"lumi\u00e8re de paquet de mur men\u00e9e"},{"@type":"BreadcrumbList","@id":"https:\/\/www.zhgdled.com\/tr\/led-duvar-paketi-isik.html#breadcrumb","itemListElement":[{"@type":"ListItem","position":1,"name":"Home","item":"https:\/\/www.zhgdled.com\/tr"},{"@type":"ListItem","position":2,"name":"PRODUCTS","item":"https:\/\/www.zhgdled.com\/zhl-products.html"},{"@type":"ListItem","position":3,"name":"LED Duvar Paketi I\u015f\u0131\u011f\u0131"}]},{"@type":"WebSite","@id":"https:\/\/www.zhgdled.com\/tr\/#website","url":"https:\/\/www.zhgdled.com\/tr\/","name":"ZHL I\u015f\u0131k Grubu","description":"Top ranking industrial lighting manufacturer and exporter","publisher":{"@id":"https:\/\/www.zhgdled.com\/tr\/#organization"},"potentialAction":[{"@type":"SearchAction","target":{"@type":"EntryPoint","urlTemplate":"https:\/\/www.zhgdled.com\/tr\/?s={search_term_string}"},"query-input":{"@type":"PropertyValueSpecification","valueRequired":true,"valueName":"search_term_string"}}],"inLanguage":"tr"},{"@type":"Organization","@id":"https:\/\/www.zhgdled.com\/tr\/#organization","name":"ZHL Lighting Group","url":"https:\/\/www.zhgdled.com\/tr\/","logo":{"@type":"ImageObject","inLanguage":"tr","@id":"https:\/\/www.zhgdled.com\/tr\/#\/schema\/logo\/image\/","url":"","contentUrl":"","caption":"ZHL Lighting Group"},"image":{"@id":"https:\/\/www.zhgdled.com\/tr\/#\/schema\/logo\/image\/"},"sameAs":["https:\/\/www.facebook.com\/zhllightinggroup","https:\/\/x.com\/zhl_lighting"]}]}},"_links":{"self":[{"href":"https:\/\/www.zhgdled.com\/tr\/wp-json\/wp\/v2\/product\/18432","targetHints":{"allow":["GET"]}}],"collection":[{"href":"https:\/\/www.zhgdled.com\/tr\/wp-json\/wp\/v2\/product"}],"about":[{"href":"https:\/\/www.zhgdled.com\/tr\/wp-json\/wp\/v2\/types\/product"}],"wp:featuredmedia":[{"embeddable":true,"href":"https:\/\/www.zhgdled.com\/tr\/wp-json\/wp\/v2\/media\/13390"}],"wp:attachment":[{"href":"https:\/\/www.zhgdled.com\/tr\/wp-json\/wp\/v2\/media?parent=18432"}],"wp:term":[{"taxonomy":"product_brand","embeddable":true,"href":"https:\/\/www.zhgdled.com\/tr\/wp-json\/wp\/v2\/product_brand?post=18432"},{"taxonomy":"product_cat","embeddable":true,"href":"https:\/\/www.zhgdled.com\/tr\/wp-json\/wp\/v2\/product_cat?post=18432"},{"taxonomy":"product_tag","embeddable":true,"href":"https:\/\/www.zhgdled.com\/tr\/wp-json\/wp\/v2\/product_tag?post=18432"}],"curies":[{"name":"wp","href":"https:\/\/api.w.org\/{rel}","templated":true}]}}