{"id":18454,"date":"2022-04-18T14:20:15","date_gmt":"2022-04-18T06:20:15","guid":{"rendered":"https:\/\/www.zhgdled.com\/product\/greenhouse-foldable-led-grow-light-480-1000w"},"modified":"2023-05-29T10:37:22","modified_gmt":"2023-05-29T02:37:22","slug":"sera-katlanabilir-led-grow-light-480-1000w","status":"publish","type":"product","link":"https:\/\/www.zhgdled.com\/tr\/sera-katlanabilir-led-grow-light-480-1000w.html","title":{"rendered":"AHTAPOT SER\u0130S\u0130 Sera Katlanabilir LED Grow Light 480W &#8211; 1000W"},"content":{"rendered":"<h2 id=\"title\" class=\"a-size-large a-spacing-none\">Fold-6 480W &#8211; 1000W Tam Spektrumlu LED Bitki Yeti\u015ftirme I\u015f\u0131klar\u0131, \u0130\u00e7 Mekan Bitkileri i\u00e7in<\/h2>\n<ul class=\"a-unordered-list a-vertical a-spacing-mini\">\n<li>Watt ba\u015f\u0131na maksimize edilmi\u015f \u00b5mol\u20142,7 umol\/j&#8217;lik y\u00fcksek verimlilik ve 720 W ger\u00e7ek g\u00fc\u00e7 t\u00fcketimi, bitki b\u00fcy\u00fcmesini etkili bir \u015fekilde optimize etmenize, verim kalitesini art\u0131rman\u0131za ve i\u015fletme maliyetlerini d\u00fc\u015f\u00fcrmenize yard\u0131mc\u0131 olan verimli b\u00fcy\u00fcme operasyonlar\u0131na katk\u0131da bulunur. 12\u201d mesafede 1385 \u00b5mol\/s ve 24\u201d mesafede 1056 \u00b5mol\/s olan daha y\u00fcksek PPFD.<\/li>\n<li>Optimize Edilmi\u015f Spektrum\u2014Bu Fold-6 Ahtapot Serisi led bitki yeti\u015ftirme lambalar\u0131 tam spektrum, \u00f6zellikle \u00e7i\u00e7eklenme, kesme\/tohumlama, vejetatif ve \u00e7i\u00e7eklenmeden b\u00fcy\u00fcmenin t\u00fcm a\u015famalar\u0131nda fotosentezi destekler. \u0130\u00e7 mekan bitkileri i\u00e7in yeti\u015ftirme lambalar\u0131 Fold-6, do\u011fal g\u00fcne\u015f \u0131\u015f\u0131\u011f\u0131n\u0131n spektrumunu kopyalar ve t\u00fcm bitki ya\u015fam d\u00f6ng\u00fcs\u00fc boyunca b\u00fcy\u00fcyebilen 400 ila 700 nm aral\u0131\u011f\u0131nda geni\u015f, tutarl\u0131 ve \u00f6nemli bir dalga boyu \u00fcretir. Bitkilerinizin daha sa\u011fl\u0131kl\u0131 b\u00fcy\u00fcmesine ve daha iyi hasat vermesine yard\u0131mc\u0131 olur.<\/li>\n<li>Daha az \u0131s\u0131 \u2014 LED&#8217;ler, HPS ve di\u011fer HID lambalardan \u00e7ok daha az \u0131s\u0131 \u00fcretir ve bu da onlar\u0131 bah\u00e7ecilik i\u00e7in m\u00fckemmel k\u0131lar. Geni\u015f 8 pasif so\u011futmal\u0131 \u00e7ubukla birlikte Al\u00fcminyum so\u011futucu, serin kalmak i\u00e7in \u0131s\u0131y\u0131 daha iyi ortadan kald\u0131rabilir ve yeti\u015ftirme alan\u0131n\u0131zdaki ortam \u0131s\u0131s\u0131n\u0131 uzatarak \u0131\u015f\u0131k \u00f6mr\u00fcn\u00fc uzatabilir.<\/li>\n<\/ul>\n<h2>\u015eARTNAME<\/h2>\n<p><img decoding=\"async\" class=\"alignnone wp-image-17482\" src=\"https:\/\/www.zhgdled.com\/wp-content\/uploads\/2022\/07\/zhl_download-logo.png\" alt=\"\" width=\"26\" height=\"26\" srcset=\"https:\/\/www.zhgdled.com\/wp-content\/uploads\/2022\/07\/zhl_download-logo.png 368w, https:\/\/www.zhgdled.com\/wp-content\/uploads\/2022\/07\/zhl_download-logo-300x300.png 300w, https:\/\/www.zhgdled.com\/wp-content\/uploads\/2022\/07\/zhl_download-logo-150x150.png 150w\" sizes=\"(max-width: 26px) 100vw, 26px\" \/> <a href=\"https:\/\/www.zhgdled.com\/download\/octopus-series-led-grow-light\">\u00d6zellikleri \u0130ndir<\/a><\/p>\n<table>\n<tbody>\n<tr>\n<td width=\"98\">modeli<\/td>\n<td width=\"96\">ZHL-GROW-480W<\/td>\n<td width=\"93\">ZHL-GROW-600W<\/td>\n<td width=\"93\">ZHL-GROW-640W<\/td>\n<td width=\"94\">ZHL-GROW-800W<\/td>\n<td width=\"91\">ZHL-GROW-1000W<\/td>\n<\/tr>\n<tr>\n<td width=\"98\">G\u00fc\u00e7<\/td>\n<td width=\"96\">480W<\/td>\n<td width=\"93\">600W<\/td>\n<td width=\"93\">640W<\/td>\n<td width=\"94\">800W<\/td>\n<td width=\"91\">1000W<\/td>\n<\/tr>\n<tr>\n<td width=\"98\">I\u015f\u0131k kayna\u011f\u0131 3030<\/td>\n<td width=\"96\">Beyaz\/Osram 660nm<\/td>\n<td width=\"93\">Beyaz\/Osram 660nm<\/td>\n<td width=\"93\">Beyaz\/Osram 660nm<\/td>\n<td width=\"94\">Beyaz\/Osram 660nm<\/td>\n<td width=\"91\">Beyaz\/Osram 660nm<\/td>\n<\/tr>\n<tr>\n<td width=\"98\">Giri\u015f gerilimi<\/td>\n<td width=\"96\">100-277V 50\/60Hz<\/td>\n<td width=\"93\">100-277V 50\/60Hz<\/td>\n<td width=\"93\">100-277V 50\/60Hz<\/td>\n<td width=\"94\">100-277V 50\/60Hz<\/td>\n<td width=\"91\">100-277V 50\/60Hz<\/td>\n<\/tr>\n<tr>\n<td width=\"98\">Yeterlik<\/td>\n<td width=\"96\">2.7umol\/s\/w<\/td>\n<td width=\"93\">2.7umol\/s\/w<\/td>\n<td width=\"93\">2.7umol\/s\/w<\/td>\n<td width=\"94\">2.7umol\/s\/w<\/td>\n<td width=\"91\">2.7umol\/s\/w<\/td>\n<\/tr>\n<tr>\n<td width=\"98\">G\u00fc\u00e7 fakt\u00f6r\u00fc<\/td>\n<td width=\"96\">&gt;0.95<\/td>\n<td width=\"93\">&gt;0.95<\/td>\n<td width=\"93\">&gt;0.95<\/td>\n<td width=\"94\">&gt;0.95<\/td>\n<td width=\"91\">&gt;0.95<\/td>\n<\/tr>\n<tr>\n<td width=\"98\">PPF<\/td>\n<td width=\"96\">1296umol\/s<\/td>\n<td width=\"93\">1620umol\/s<\/td>\n<td width=\"93\">1725umol\/s<\/td>\n<td width=\"94\">2160umol\/s<\/td>\n<td width=\"91\">2700umol\/s<\/td>\n<\/tr>\n<tr>\n<td width=\"98\">I\u015f\u0131k Da\u011f\u0131t\u0131m\u0131<\/td>\n<td width=\"96\">120\u00b0<\/td>\n<td width=\"93\">120\u00b0<\/td>\n<td width=\"93\">120\u00b0<\/td>\n<td width=\"94\">120\u00b0<\/td>\n<td width=\"91\">120\u00b0<\/td>\n<\/tr>\n<tr>\n<td width=\"98\">\u00c7al\u0131\u015fma S\u0131cakl\u0131\u011f\u0131.<\/td>\n<td width=\"96\">-20\u2103~40\u2103<\/td>\n<td width=\"93\">-20\u2103~40\u2103<\/td>\n<td width=\"93\">-20\u2103~40\u2103<\/td>\n<td width=\"94\">-20\u2103~40\u2103<\/td>\n<td width=\"91\">-20\u2103~40\u2103<\/td>\n<\/tr>\n<tr>\n<td width=\"98\">IP Derecesi<\/td>\n<td width=\"96\">IP65<\/td>\n<td width=\"93\">IP65<\/td>\n<td width=\"93\">IP65<\/td>\n<td width=\"94\">IP65<\/td>\n<td width=\"91\">IP65<\/td>\n<\/tr>\n<tr>\n<td width=\"98\">L\u00fcmen \u00c7\u0131k\u0131\u015f\u0131<\/td>\n<td width=\"96\">85440Lm<\/td>\n<td width=\"93\">108000Lm<\/td>\n<td width=\"93\">115200Lm<\/td>\n<td width=\"94\">144000Lm<\/td>\n<td width=\"91\">180000Lm<\/td>\n<\/tr>\n<tr>\n<td width=\"98\">LED Miktar\u0131<\/td>\n<td width=\"96\">1680<\/td>\n<td width=\"93\">2520<\/td>\n<td width=\"93\">2520<\/td>\n<td width=\"94\">3360<\/td>\n<td width=\"91\">4480<\/td>\n<\/tr>\n<tr>\n<td width=\"98\">LED Mod\u00fcl\u00fc Miktar\u0131<\/td>\n<td width=\"96\">4PCS<\/td>\n<td width=\"93\">6PCS<\/td>\n<td width=\"93\">6PCS<\/td>\n<td width=\"94\">8PCS<\/td>\n<td width=\"91\">8PCS<\/td>\n<\/tr>\n<tr>\n<td width=\"98\">\u00dcr\u00fcn boyutu<\/td>\n<td width=\"96\">1040*515*107.5mm<\/td>\n<td width=\"93\">1040*719*107.5mm<\/td>\n<td width=\"93\">1040*719*107.5mm<\/td>\n<td width=\"94\">1040*918*107.5mm<\/td>\n<td width=\"91\">1040*918*107.5mm<\/td>\n<\/tr>\n<tr>\n<td width=\"98\">\u00dcr\u00fcn a\u011f\u0131rl\u0131\u011f\u0131<\/td>\n<td width=\"96\">11.5kg<\/td>\n<td width=\"93\">14.5kg<\/td>\n<td width=\"93\">14.5kg<\/td>\n<td width=\"94\">16kg<\/td>\n<td width=\"91\">17.2kg<\/td>\n<\/tr>\n<tr>\n<td width=\"98\">\u00d6m\u00fcr<\/td>\n<td width=\"96\">&gt;50000h<\/td>\n<td width=\"93\">&gt;50000h<\/td>\n<td width=\"93\">&gt;50000h<\/td>\n<td width=\"94\">&gt;50000h<\/td>\n<td width=\"91\">&gt;50000h<\/td>\n<\/tr>\n<tr>\n<td width=\"98\">Garanti<\/td>\n<td width=\"96\">5 y\u0131l<\/td>\n<td width=\"93\">5 y\u0131l<\/td>\n<td width=\"93\">5 y\u0131l<\/td>\n<td width=\"94\">5 y\u0131l<\/td>\n<td width=\"91\">5 y\u0131l<\/td>\n<\/tr>\n<tr>\n<td width=\"98\">Sertifikasyon<\/td>\n<td width=\"96\">CE\/ETL\/DLC<\/td>\n<td width=\"93\">CE\/ETL\/DLC<\/td>\n<td width=\"93\">CE\/ETL\/DLC<\/td>\n<td width=\"94\">CE\/ETL\/DLC<\/td>\n<td width=\"91\">CE\/ETL\/DLC<\/td>\n<\/tr>\n<\/tbody>\n<\/table>\n<p>&nbsp;<\/p>\n<p><img decoding=\"async\" class=\"alignnone size-full wp-image-11961\" src=\"https:\/\/www.zhgdled.com\/wp-content\/uploads\/2022\/04\/grow-light-3.png\" alt=\"\" width=\"892\" height=\"754\" srcset=\"https:\/\/www.zhgdled.com\/wp-content\/uploads\/2022\/04\/grow-light-3.png 892w, https:\/\/www.zhgdled.com\/wp-content\/uploads\/2022\/04\/grow-light-3-300x254.png 300w, https:\/\/www.zhgdled.com\/wp-content\/uploads\/2022\/04\/grow-light-3-768x649.png 768w, https:\/\/www.zhgdled.com\/wp-content\/uploads\/2022\/04\/grow-light-3-600x507.png 600w, https:\/\/www.zhgdled.com\/wp-content\/uploads\/2022\/04\/grow-light-3-150x127.png 150w\" sizes=\"(max-width: 892px) 100vw, 892px\" \/><\/p>\n<p><img decoding=\"async\" class=\"alignnone size-full wp-image-13724\" src=\"https:\/\/www.zhgdled.com\/wp-content\/uploads\/2022\/04\/ZHL-GROW-LIGHT-2.jpg\" alt=\"led grow light\" width=\"987\" height=\"718\" srcset=\"https:\/\/www.zhgdled.com\/wp-content\/uploads\/2022\/04\/ZHL-GROW-LIGHT-2.jpg 987w, https:\/\/www.zhgdled.com\/wp-content\/uploads\/2022\/04\/ZHL-GROW-LIGHT-2-300x218.jpg 300w, https:\/\/www.zhgdled.com\/wp-content\/uploads\/2022\/04\/ZHL-GROW-LIGHT-2-768x559.jpg 768w, https:\/\/www.zhgdled.com\/wp-content\/uploads\/2022\/04\/ZHL-GROW-LIGHT-2-600x436.jpg 600w, https:\/\/www.zhgdled.com\/wp-content\/uploads\/2022\/04\/ZHL-GROW-LIGHT-2-150x109.jpg 150w\" sizes=\"(max-width: 987px) 100vw, 987px\" \/><\/p>\n","protected":false},"excerpt":{"rendered":"<p>Bu Fold-6 Ahtapot Serisi led bitki yeti\u015ftirme lambalar\u0131 tam spektrum, \u00f6zellikle \u00e7i\u00e7eklenme, kesme\/tohumlama, vejetatif ve \u00e7i\u00e7eklenmeden b\u00fcy\u00fcmenin t\u00fcm a\u015famalar\u0131nda fotosentezi destekler. Geni\u015f 8 pasif so\u011futmal\u0131 \u00e7ubukla birlikte Al\u00fcminyum so\u011futucu, serin kalmak i\u00e7in \u0131s\u0131y\u0131 daha iyi ortadan kald\u0131rabilir ve yeti\u015ftirme alan\u0131n\u0131zdaki ortam \u0131s\u0131s\u0131n\u0131 uzatarak \u0131\u015f\u0131k \u00f6mr\u00fcn\u00fc uzatabilir.<\/p>\n<p>*480W \/ 600W \/ 640W \/ 800W \/ 1000W<br \/>\n*Osram 660nm LED&#8217;ler<br \/>\n*200V-277V AC, 50\/60Hz<br \/>\n*2,7 umol\/sn\/a\u011f\u0131rl\u0131k<br \/>\n*PF&gt;0,95<br \/>\n*I\u015f\u0131k Da\u011f\u0131l\u0131m\u0131 120\u00b0<br \/>\n*IP65<\/p>\n","protected":false},"featured_media":13733,"template":"","meta":[],"product_brand":[],"product_cat":[510],"product_tag":[511],"class_list":{"0":"post-18454","1":"product","2":"type-product","3":"status-publish","4":"has-post-thumbnail","6":"product_cat-grow-light-tr","7":"product_tag-grow-light-tr","9":"first","10":"instock","11":"shipping-taxable","12":"product-type-simple"},"yoast_head":"<!-- This site is optimized with the Yoast SEO plugin v27.4 - https:\/\/yoast.com\/product\/yoast-seo-wordpress\/ -->\n<title>AHTAPOT SER\u0130S\u0130 Sera Katlanabilir LED Grow Light 480W - 1000W &#8211; ZHL I\u015f\u0131k Grubu<\/title>\n<meta name=\"description\" content=\"Bu Fold-6 Ahtapot Serisi led bitki yeti\u015ftirme \u0131\u015f\u0131\u011f\u0131 tam spektrum, \u00f6zellikle \u00e7i\u00e7ek a\u00e7ma, kesme\/tohumlama, vejetatif ve \u00e7i\u00e7eklenmeden b\u00fcy\u00fcmenin t\u00fcm a\u015famalar\u0131nda fotosentezi destekler. Geni\u015f 8 pasif so\u011futmal\u0131 \u00e7ubukla birlikte Al\u00fcminyum so\u011futucu, serin kalmak i\u00e7in \u0131s\u0131y\u0131 daha iyi ortadan kald\u0131rabilir ve yeti\u015ftirme alan\u0131n\u0131zdaki ortam \u0131s\u0131s\u0131n\u0131 uzatarak \u0131\u015f\u0131k \u00f6mr\u00fcn\u00fc uzatabilir.\" \/>\n<meta name=\"robots\" content=\"index, follow, max-snippet:-1, max-image-preview:large, max-video-preview:-1\" \/>\n<link rel=\"canonical\" href=\"https:\/\/www.zhgdled.com\/tr\/sera-katlanabilir-led-grow-light-480-1000w.html\" \/>\n<meta property=\"og:locale\" content=\"tr_TR\" \/>\n<meta property=\"og:type\" content=\"article\" \/>\n<meta property=\"og:title\" content=\"AHTAPOT SER\u0130S\u0130 Sera Katlanabilir LED Grow Light 480W - 1000W &#8211; ZHL I\u015f\u0131k Grubu\" \/>\n<meta property=\"og:description\" content=\"Bu Fold-6 Ahtapot Serisi led bitki yeti\u015ftirme \u0131\u015f\u0131\u011f\u0131 tam spektrum, \u00f6zellikle \u00e7i\u00e7ek a\u00e7ma, kesme\/tohumlama, vejetatif ve \u00e7i\u00e7eklenmeden b\u00fcy\u00fcmenin t\u00fcm a\u015famalar\u0131nda fotosentezi destekler. Geni\u015f 8 pasif so\u011futmal\u0131 \u00e7ubukla birlikte Al\u00fcminyum so\u011futucu, serin kalmak i\u00e7in \u0131s\u0131y\u0131 daha iyi ortadan kald\u0131rabilir ve yeti\u015ftirme alan\u0131n\u0131zdaki ortam \u0131s\u0131s\u0131n\u0131 uzatarak \u0131\u015f\u0131k \u00f6mr\u00fcn\u00fc uzatabilir.\" \/>\n<meta property=\"og:url\" content=\"https:\/\/www.zhgdled.com\/tr\/sera-katlanabilir-led-grow-light-480-1000w.html\" \/>\n<meta property=\"og:site_name\" content=\"ZHL I\u015f\u0131k Grubu\" \/>\n<meta property=\"article:publisher\" content=\"https:\/\/www.facebook.com\/zhllightinggroup\" \/>\n<meta property=\"article:modified_time\" content=\"2023-05-29T02:37:22+00:00\" \/>\n<meta property=\"og:image\" content=\"https:\/\/www.zhgdled.com\/wp-content\/uploads\/2022\/04\/ZHL-GROW-LIGHT-13.jpg\" \/>\n\t<meta property=\"og:image:width\" content=\"1600\" \/>\n\t<meta property=\"og:image:height\" content=\"1600\" \/>\n\t<meta property=\"og:image:type\" content=\"image\/jpeg\" \/>\n<meta name=\"twitter:card\" content=\"summary_large_image\" \/>\n<meta name=\"twitter:site\" content=\"@zhl_lighting\" \/>\n<meta name=\"twitter:label1\" content=\"Tahmini okuma s\u00fcresi\" \/>\n\t<meta name=\"twitter:data1\" content=\"3 dakika\" \/>\n<script type=\"application\/ld+json\" class=\"yoast-schema-graph\">{\"@context\":\"https:\\\/\\\/schema.org\",\"@graph\":[{\"@type\":\"WebPage\",\"@id\":\"https:\\\/\\\/www.zhgdled.com\\\/tr\\\/sera-katlanabilir-led-grow-light-480-1000w.html\",\"url\":\"https:\\\/\\\/www.zhgdled.com\\\/tr\\\/sera-katlanabilir-led-grow-light-480-1000w.html\",\"name\":\"AHTAPOT SER\u0130S\u0130 Sera Katlanabilir LED Grow Light 480W - 1000W &#8211; ZHL I\u015f\u0131k Grubu\",\"isPartOf\":{\"@id\":\"https:\\\/\\\/www.zhgdled.com\\\/tr\\\/#website\"},\"primaryImageOfPage\":{\"@id\":\"https:\\\/\\\/www.zhgdled.com\\\/tr\\\/sera-katlanabilir-led-grow-light-480-1000w.html#primaryimage\"},\"image\":{\"@id\":\"https:\\\/\\\/www.zhgdled.com\\\/tr\\\/sera-katlanabilir-led-grow-light-480-1000w.html#primaryimage\"},\"thumbnailUrl\":\"https:\\\/\\\/www.zhgdled.com\\\/wp-content\\\/uploads\\\/2022\\\/04\\\/ZHL-GROW-LIGHT-13.jpg\",\"datePublished\":\"2022-04-18T06:20:15+00:00\",\"dateModified\":\"2023-05-29T02:37:22+00:00\",\"description\":\"Bu Fold-6 Ahtapot Serisi led bitki yeti\u015ftirme \u0131\u015f\u0131\u011f\u0131 tam spektrum, \u00f6zellikle \u00e7i\u00e7ek a\u00e7ma, kesme\\\/tohumlama, vejetatif ve \u00e7i\u00e7eklenmeden b\u00fcy\u00fcmenin t\u00fcm a\u015famalar\u0131nda fotosentezi destekler. Geni\u015f 8 pasif so\u011futmal\u0131 \u00e7ubukla birlikte Al\u00fcminyum so\u011futucu, serin kalmak i\u00e7in \u0131s\u0131y\u0131 daha iyi ortadan kald\u0131rabilir ve yeti\u015ftirme alan\u0131n\u0131zdaki ortam \u0131s\u0131s\u0131n\u0131 uzatarak \u0131\u015f\u0131k \u00f6mr\u00fcn\u00fc uzatabilir.\",\"breadcrumb\":{\"@id\":\"https:\\\/\\\/www.zhgdled.com\\\/tr\\\/sera-katlanabilir-led-grow-light-480-1000w.html#breadcrumb\"},\"inLanguage\":\"tr\",\"potentialAction\":[{\"@type\":\"ReadAction\",\"target\":[\"https:\\\/\\\/www.zhgdled.com\\\/tr\\\/sera-katlanabilir-led-grow-light-480-1000w.html\"]}]},{\"@type\":\"ImageObject\",\"inLanguage\":\"tr\",\"@id\":\"https:\\\/\\\/www.zhgdled.com\\\/tr\\\/sera-katlanabilir-led-grow-light-480-1000w.html#primaryimage\",\"url\":\"https:\\\/\\\/www.zhgdled.com\\\/wp-content\\\/uploads\\\/2022\\\/04\\\/ZHL-GROW-LIGHT-13.jpg\",\"contentUrl\":\"https:\\\/\\\/www.zhgdled.com\\\/wp-content\\\/uploads\\\/2022\\\/04\\\/ZHL-GROW-LIGHT-13.jpg\",\"width\":1600,\"height\":1600,\"caption\":\"CRESCIMENTO DE LUZ\"},{\"@type\":\"BreadcrumbList\",\"@id\":\"https:\\\/\\\/www.zhgdled.com\\\/tr\\\/sera-katlanabilir-led-grow-light-480-1000w.html#breadcrumb\",\"itemListElement\":[{\"@type\":\"ListItem\",\"position\":1,\"name\":\"Home\",\"item\":\"https:\\\/\\\/www.zhgdled.com\\\/tr\"},{\"@type\":\"ListItem\",\"position\":2,\"name\":\"PRODUCTS\",\"item\":\"https:\\\/\\\/www.zhgdled.com\\\/zhl-products.html\"},{\"@type\":\"ListItem\",\"position\":3,\"name\":\"AHTAPOT SER\u0130S\u0130 Sera Katlanabilir LED Grow Light 480W &#8211; 1000W\"}]},{\"@type\":\"WebSite\",\"@id\":\"https:\\\/\\\/www.zhgdled.com\\\/tr\\\/#website\",\"url\":\"https:\\\/\\\/www.zhgdled.com\\\/tr\\\/\",\"name\":\"ZHL I\u015f\u0131k Grubu\",\"description\":\"Top ranking industrial lighting manufacturer and exporter\",\"publisher\":{\"@id\":\"https:\\\/\\\/www.zhgdled.com\\\/tr\\\/#organization\"},\"potentialAction\":[{\"@type\":\"SearchAction\",\"target\":{\"@type\":\"EntryPoint\",\"urlTemplate\":\"https:\\\/\\\/www.zhgdled.com\\\/tr\\\/?s={search_term_string}\"},\"query-input\":{\"@type\":\"PropertyValueSpecification\",\"valueRequired\":true,\"valueName\":\"search_term_string\"}}],\"inLanguage\":\"tr\"},{\"@type\":\"Organization\",\"@id\":\"https:\\\/\\\/www.zhgdled.com\\\/tr\\\/#organization\",\"name\":\"ZHL Lighting Group\",\"url\":\"https:\\\/\\\/www.zhgdled.com\\\/tr\\\/\",\"logo\":{\"@type\":\"ImageObject\",\"inLanguage\":\"tr\",\"@id\":\"https:\\\/\\\/www.zhgdled.com\\\/tr\\\/#\\\/schema\\\/logo\\\/image\\\/\",\"url\":\"\",\"contentUrl\":\"\",\"caption\":\"ZHL Lighting Group\"},\"image\":{\"@id\":\"https:\\\/\\\/www.zhgdled.com\\\/tr\\\/#\\\/schema\\\/logo\\\/image\\\/\"},\"sameAs\":[\"https:\\\/\\\/www.facebook.com\\\/zhllightinggroup\",\"https:\\\/\\\/x.com\\\/zhl_lighting\"]}]}<\/script>\n<!-- \/ Yoast SEO plugin. -->","yoast_head_json":{"title":"AHTAPOT SER\u0130S\u0130 Sera Katlanabilir LED Grow Light 480W - 1000W &#8211; ZHL I\u015f\u0131k Grubu","description":"Bu Fold-6 Ahtapot Serisi led bitki yeti\u015ftirme \u0131\u015f\u0131\u011f\u0131 tam spektrum, \u00f6zellikle \u00e7i\u00e7ek a\u00e7ma, kesme\/tohumlama, vejetatif ve \u00e7i\u00e7eklenmeden b\u00fcy\u00fcmenin t\u00fcm a\u015famalar\u0131nda fotosentezi destekler. Geni\u015f 8 pasif so\u011futmal\u0131 \u00e7ubukla birlikte Al\u00fcminyum so\u011futucu, serin kalmak i\u00e7in \u0131s\u0131y\u0131 daha iyi ortadan kald\u0131rabilir ve yeti\u015ftirme alan\u0131n\u0131zdaki ortam \u0131s\u0131s\u0131n\u0131 uzatarak \u0131\u015f\u0131k \u00f6mr\u00fcn\u00fc uzatabilir.","robots":{"index":"index","follow":"follow","max-snippet":"max-snippet:-1","max-image-preview":"max-image-preview:large","max-video-preview":"max-video-preview:-1"},"canonical":"https:\/\/www.zhgdled.com\/tr\/sera-katlanabilir-led-grow-light-480-1000w.html","og_locale":"tr_TR","og_type":"article","og_title":"AHTAPOT SER\u0130S\u0130 Sera Katlanabilir LED Grow Light 480W - 1000W &#8211; ZHL I\u015f\u0131k Grubu","og_description":"Bu Fold-6 Ahtapot Serisi led bitki yeti\u015ftirme \u0131\u015f\u0131\u011f\u0131 tam spektrum, \u00f6zellikle \u00e7i\u00e7ek a\u00e7ma, kesme\/tohumlama, vejetatif ve \u00e7i\u00e7eklenmeden b\u00fcy\u00fcmenin t\u00fcm a\u015famalar\u0131nda fotosentezi destekler. Geni\u015f 8 pasif so\u011futmal\u0131 \u00e7ubukla birlikte Al\u00fcminyum so\u011futucu, serin kalmak i\u00e7in \u0131s\u0131y\u0131 daha iyi ortadan kald\u0131rabilir ve yeti\u015ftirme alan\u0131n\u0131zdaki ortam \u0131s\u0131s\u0131n\u0131 uzatarak \u0131\u015f\u0131k \u00f6mr\u00fcn\u00fc uzatabilir.","og_url":"https:\/\/www.zhgdled.com\/tr\/sera-katlanabilir-led-grow-light-480-1000w.html","og_site_name":"ZHL I\u015f\u0131k Grubu","article_publisher":"https:\/\/www.facebook.com\/zhllightinggroup","article_modified_time":"2023-05-29T02:37:22+00:00","og_image":[{"width":1600,"height":1600,"url":"https:\/\/www.zhgdled.com\/wp-content\/uploads\/2022\/04\/ZHL-GROW-LIGHT-13.jpg","type":"image\/jpeg"}],"twitter_card":"summary_large_image","twitter_site":"@zhl_lighting","twitter_misc":{"Tahmini okuma s\u00fcresi":"3 dakika"},"schema":{"@context":"https:\/\/schema.org","@graph":[{"@type":"WebPage","@id":"https:\/\/www.zhgdled.com\/tr\/sera-katlanabilir-led-grow-light-480-1000w.html","url":"https:\/\/www.zhgdled.com\/tr\/sera-katlanabilir-led-grow-light-480-1000w.html","name":"AHTAPOT SER\u0130S\u0130 Sera Katlanabilir LED Grow Light 480W - 1000W &#8211; ZHL I\u015f\u0131k Grubu","isPartOf":{"@id":"https:\/\/www.zhgdled.com\/tr\/#website"},"primaryImageOfPage":{"@id":"https:\/\/www.zhgdled.com\/tr\/sera-katlanabilir-led-grow-light-480-1000w.html#primaryimage"},"image":{"@id":"https:\/\/www.zhgdled.com\/tr\/sera-katlanabilir-led-grow-light-480-1000w.html#primaryimage"},"thumbnailUrl":"https:\/\/www.zhgdled.com\/wp-content\/uploads\/2022\/04\/ZHL-GROW-LIGHT-13.jpg","datePublished":"2022-04-18T06:20:15+00:00","dateModified":"2023-05-29T02:37:22+00:00","description":"Bu Fold-6 Ahtapot Serisi led bitki yeti\u015ftirme \u0131\u015f\u0131\u011f\u0131 tam spektrum, \u00f6zellikle \u00e7i\u00e7ek a\u00e7ma, kesme\/tohumlama, vejetatif ve \u00e7i\u00e7eklenmeden b\u00fcy\u00fcmenin t\u00fcm a\u015famalar\u0131nda fotosentezi destekler. Geni\u015f 8 pasif so\u011futmal\u0131 \u00e7ubukla birlikte Al\u00fcminyum so\u011futucu, serin kalmak i\u00e7in \u0131s\u0131y\u0131 daha iyi ortadan kald\u0131rabilir ve yeti\u015ftirme alan\u0131n\u0131zdaki ortam \u0131s\u0131s\u0131n\u0131 uzatarak \u0131\u015f\u0131k \u00f6mr\u00fcn\u00fc uzatabilir.","breadcrumb":{"@id":"https:\/\/www.zhgdled.com\/tr\/sera-katlanabilir-led-grow-light-480-1000w.html#breadcrumb"},"inLanguage":"tr","potentialAction":[{"@type":"ReadAction","target":["https:\/\/www.zhgdled.com\/tr\/sera-katlanabilir-led-grow-light-480-1000w.html"]}]},{"@type":"ImageObject","inLanguage":"tr","@id":"https:\/\/www.zhgdled.com\/tr\/sera-katlanabilir-led-grow-light-480-1000w.html#primaryimage","url":"https:\/\/www.zhgdled.com\/wp-content\/uploads\/2022\/04\/ZHL-GROW-LIGHT-13.jpg","contentUrl":"https:\/\/www.zhgdled.com\/wp-content\/uploads\/2022\/04\/ZHL-GROW-LIGHT-13.jpg","width":1600,"height":1600,"caption":"CRESCIMENTO DE LUZ"},{"@type":"BreadcrumbList","@id":"https:\/\/www.zhgdled.com\/tr\/sera-katlanabilir-led-grow-light-480-1000w.html#breadcrumb","itemListElement":[{"@type":"ListItem","position":1,"name":"Home","item":"https:\/\/www.zhgdled.com\/tr"},{"@type":"ListItem","position":2,"name":"PRODUCTS","item":"https:\/\/www.zhgdled.com\/zhl-products.html"},{"@type":"ListItem","position":3,"name":"AHTAPOT SER\u0130S\u0130 Sera Katlanabilir LED Grow Light 480W &#8211; 1000W"}]},{"@type":"WebSite","@id":"https:\/\/www.zhgdled.com\/tr\/#website","url":"https:\/\/www.zhgdled.com\/tr\/","name":"ZHL I\u015f\u0131k Grubu","description":"Top ranking industrial lighting manufacturer and exporter","publisher":{"@id":"https:\/\/www.zhgdled.com\/tr\/#organization"},"potentialAction":[{"@type":"SearchAction","target":{"@type":"EntryPoint","urlTemplate":"https:\/\/www.zhgdled.com\/tr\/?s={search_term_string}"},"query-input":{"@type":"PropertyValueSpecification","valueRequired":true,"valueName":"search_term_string"}}],"inLanguage":"tr"},{"@type":"Organization","@id":"https:\/\/www.zhgdled.com\/tr\/#organization","name":"ZHL Lighting Group","url":"https:\/\/www.zhgdled.com\/tr\/","logo":{"@type":"ImageObject","inLanguage":"tr","@id":"https:\/\/www.zhgdled.com\/tr\/#\/schema\/logo\/image\/","url":"","contentUrl":"","caption":"ZHL Lighting Group"},"image":{"@id":"https:\/\/www.zhgdled.com\/tr\/#\/schema\/logo\/image\/"},"sameAs":["https:\/\/www.facebook.com\/zhllightinggroup","https:\/\/x.com\/zhl_lighting"]}]}},"_links":{"self":[{"href":"https:\/\/www.zhgdled.com\/tr\/wp-json\/wp\/v2\/product\/18454","targetHints":{"allow":["GET"]}}],"collection":[{"href":"https:\/\/www.zhgdled.com\/tr\/wp-json\/wp\/v2\/product"}],"about":[{"href":"https:\/\/www.zhgdled.com\/tr\/wp-json\/wp\/v2\/types\/product"}],"wp:featuredmedia":[{"embeddable":true,"href":"https:\/\/www.zhgdled.com\/tr\/wp-json\/wp\/v2\/media\/13733"}],"wp:attachment":[{"href":"https:\/\/www.zhgdled.com\/tr\/wp-json\/wp\/v2\/media?parent=18454"}],"wp:term":[{"taxonomy":"product_brand","embeddable":true,"href":"https:\/\/www.zhgdled.com\/tr\/wp-json\/wp\/v2\/product_brand?post=18454"},{"taxonomy":"product_cat","embeddable":true,"href":"https:\/\/www.zhgdled.com\/tr\/wp-json\/wp\/v2\/product_cat?post=18454"},{"taxonomy":"product_tag","embeddable":true,"href":"https:\/\/www.zhgdled.com\/tr\/wp-json\/wp\/v2\/product_tag?post=18454"}],"curies":[{"name":"wp","href":"https:\/\/api.w.org\/{rel}","templated":true}]}}