{"id":18552,"date":"2023-04-26T19:58:11","date_gmt":"2021-10-20T11:58:11","guid":{"rendered":"https:\/\/www.zhgdled.com\/product\/10w-300w-wise-series-floodlight"},"modified":"2023-12-28T11:43:07","modified_gmt":"2023-12-28T03:43:07","slug":"10w-300w-bilge-serisi-projektor","status":"publish","type":"product","link":"https:\/\/www.zhgdled.com\/tr\/10w-300w-bilge-serisi-projektor.html","title":{"rendered":"10W-300W LED PROJEKSYON &#8211; WISE SER\u0130S\u0130"},"content":{"rendered":"<h2>KONUT VE END\u00dcSTR\u0130YEL AYDINLATMA \u0130\u00c7\u0130N TAM FONKS\u0130YONEL ARMAT\u00dcR<\/h2>\n<ul>\n<li>Wise Serisi LED projekt\u00f6r, daha iyi bir \u0131s\u0131 da\u011f\u0131l\u0131m\u0131 sa\u011flamak i\u00e7in konvektif yeniden y\u00f6nlendirme nerv\u00fcr\u00fcne sahiptir.<\/li>\n<li>CRI&gt;80, bu daha fazla enerji tasarrufu sa\u011flarken \u00e7al\u0131\u015fma alan\u0131 i\u00e7in daha iyi ve daha do\u011fal bir \u0131\u015f\u0131k kayna\u011f\u0131d\u0131r (PF&gt;0,95)<\/li>\n<li>M\u00fchendisler, kullan\u0131c\u0131lar\u0131n ayd\u0131nlatma armat\u00fcr\u00fcne kontrol\u00f6rler veya sens\u00f6rler eklemesine izin veren arka taraftaki DIY terminal kutusunu ay\u0131rd\u0131.<\/li>\n<\/ul>\n<p>&nbsp;<\/p>\n<h2>\u015eARTNAME<\/h2>\n<blockquote><p><img decoding=\"async\" class=\"alignnone wp-image-17482\" src=\"https:\/\/www.zhgdled.com\/wp-content\/uploads\/2022\/07\/zhl_download-logo.png\" alt=\"\" width=\"24\" height=\"24\" srcset=\"https:\/\/www.zhgdled.com\/wp-content\/uploads\/2022\/07\/zhl_download-logo.png 368w, https:\/\/www.zhgdled.com\/wp-content\/uploads\/2022\/07\/zhl_download-logo-300x300.png 300w, https:\/\/www.zhgdled.com\/wp-content\/uploads\/2022\/07\/zhl_download-logo-150x150.png 150w\" sizes=\"(max-width: 24px) 100vw, 24px\" \/><a href=\"https:\/\/www.zhgdled.com\/download\/download-catalog-of-wise-series-led-flood-light\">\u00d6zellikleri \u0130ndir<\/a><\/p><\/blockquote>\n<table style=\"border-collapse: collapse; width: 486.77pt;\" border=\"0\" width=\"649\" cellspacing=\"0\" cellpadding=\"0\">\n<tbody>\n<tr style=\"height: 30.00pt;\">\n<td class=\"et2\" style=\"height: 30.00pt; width: 139.50pt;\" width=\"186\" height=\"40\"><\/td>\n<td style=\"width: 347.25pt;\" width=\"463\"><\/td>\n<\/tr>\n<tr style=\"height: 26.00pt;\">\n<td class=\"et3\" style=\"height: 26.00pt;\" height=\"34\"><strong>G\u00fc\u00e7<\/strong><\/td>\n<td class=\"et3\"><strong>10W 20W 30W 50W 100W 150W 200W 300W<\/strong><\/td>\n<\/tr>\n<tr style=\"height: 27.00pt;\">\n<td class=\"et3\" style=\"height: 27.00pt;\" height=\"36\"><strong>LED<\/strong><\/td>\n<td class=\"et3\"><strong>SMD 2835<\/strong><\/td>\n<\/tr>\n<tr style=\"height: 29.00pt;\">\n<td class=\"et3\" style=\"height: 29.00pt;\" height=\"38\"><strong>Renk S\u0131cakl\u0131\u011f\u0131(CCT)<\/strong><\/td>\n<td class=\"et3\"><strong>2700-6500K<\/strong><\/td>\n<\/tr>\n<tr style=\"height: 25.00pt;\">\n<td class=\"et3\" style=\"height: 25.00pt;\" height=\"33\"><strong>I\u015f\u0131k Verimi (lm\/w)<\/strong><\/td>\n<td class=\"et3\"><strong>90lm\/w<\/strong><\/td>\n<\/tr>\n<tr style=\"height: 27.00pt;\">\n<td class=\"et3\" style=\"height: 27.00pt;\" height=\"36\"><strong>Giri\u015f Voltaj\u0131(V)<\/strong><\/td>\n<td class=\"et3\"><strong>AC220-240V<\/strong><\/td>\n<\/tr>\n<tr style=\"height: 27.00pt;\">\n<td class=\"et3\" style=\"height: 27.00pt;\" height=\"36\"><strong>PF<\/strong><\/td>\n<td class=\"et3\"><strong>&gt;0.95.<\/strong><\/td>\n<\/tr>\n<tr style=\"height: 24.00pt;\">\n<td class=\"et3\" style=\"height: 24.00pt;\" height=\"32\"><strong>CRI (Ra&gt;)<\/strong><\/td>\n<td class=\"et4\"><strong>80<\/strong><\/td>\n<\/tr>\n<tr style=\"height: 24.00pt;\">\n<td class=\"et3\" style=\"height: 24.00pt;\" height=\"32\"><strong>I\u015f\u0131n A\u00e7\u0131s\u0131(\u00b0)<\/strong><\/td>\n<td class=\"et4\"><strong>120<\/strong><\/td>\n<\/tr>\n<tr style=\"height: 24.00pt;\">\n<td class=\"et3\" style=\"height: 24.00pt;\" height=\"32\"><strong>IP Derecesi<\/strong><\/td>\n<td class=\"et4\"><strong>IP65<\/strong><\/td>\n<\/tr>\n<tr style=\"height: 23.00pt;\">\n<td class=\"et3\" style=\"height: 23.00pt;\" height=\"30\"><strong>Malzeme<\/strong><\/td>\n<td class=\"et4\"><strong>Al\u00fcminyum G\u00f6vde + Temperli Cam Kapak<\/strong><\/td>\n<\/tr>\n<tr style=\"height: 21.00pt;\">\n<td class=\"et3\" style=\"height: 21.00pt;\" height=\"28\"><strong>\u00c7al\u0131\u015fma S\u0131cakl\u0131\u011f\u0131(\u2103)<\/strong><\/td>\n<td class=\"et4\"><strong>-20-50<\/strong><\/td>\n<\/tr>\n<tr style=\"height: 24.00pt;\">\n<td class=\"et3\" style=\"height: 24.00pt;\" height=\"32\"><strong>Garanti(Y\u0131l)<\/strong><\/td>\n<td class=\"et4\"><strong>2 y\u0131l<\/strong><\/td>\n<\/tr>\n<tr style=\"height: 20.00pt;\">\n<td class=\"et3\" style=\"height: 20.00pt;\" height=\"26\"><strong>Sertifikasyon<\/strong><\/td>\n<td class=\"et3\"><strong>CE,ERP, RoHS<\/strong><\/td>\n<\/tr>\n<tr style=\"height: 24.00pt;\">\n<td class=\"et3\" style=\"height: 24.00pt;\" height=\"32\"><strong>s\u00fcr\u00fcc\u00fc<\/strong><\/td>\n<td class=\"et3\"><strong>DOB<\/strong><\/td>\n<\/tr>\n<\/tbody>\n<\/table>\n","protected":false},"excerpt":{"rendered":"<p>Wise Serisi LED projekt\u00f6r, daha iyi bir \u0131s\u0131 da\u011f\u0131l\u0131m\u0131 sa\u011flamak i\u00e7in konvektif yeniden y\u00f6nlendirme nerv\u00fcr\u00fcne sahiptir. CRI&gt;80, bu daha fazla enerji tasarrufu sa\u011flarken \u00e7al\u0131\u015fma alan\u0131 i\u00e7in daha iyi ve daha do\u011fal bir \u0131\u015f\u0131k kayna\u011f\u0131d\u0131r (PF&gt;0,95). M\u00fchendisler, kullan\u0131c\u0131lar\u0131n ayd\u0131nlatma armat\u00fcr\u00fcne kontrol\u00f6rler veya sens\u00f6rler eklemesine izin veren arka taraftaki DIY terminal kutusunu ay\u0131rd\u0131.<\/p>\n<table border=\"0\" width=\"649\" cellspacing=\"0\" cellpadding=\"0\">\n<tbody>\n<tr>\n<td class=\"et3\" height=\"34\"><strong>G\u00fc\u00e7<\/strong><\/td>\n<td class=\"et3\"><strong>10W 20W 30W 50W 100W 150W 200W 300W<\/strong><\/td>\n<\/tr>\n<tr>\n<td class=\"et3\" height=\"36\"><strong>LED<\/strong><\/td>\n<td class=\"et3\"><strong>SMD 2835<\/strong><\/td>\n<\/tr>\n<tr>\n<td class=\"et3\" height=\"38\"><strong>Renk S\u0131cakl\u0131\u011f\u0131(CCT)<\/strong><\/td>\n<td class=\"et3\"><strong>2700-6500K<\/strong><\/td>\n<\/tr>\n<tr>\n<td class=\"et3\" height=\"33\"><strong>I\u015f\u0131k Verimi (lm\/w)<\/strong><\/td>\n<td class=\"et3\"><strong>90lm\/w<\/strong><\/td>\n<\/tr>\n<tr>\n<td class=\"et3\" height=\"36\"><strong>Giri\u015f Voltaj\u0131(V)<\/strong><\/td>\n<td class=\"et3\"><strong>AC220-240V<\/strong><\/td>\n<\/tr>\n<\/tbody>\n<\/table>\n","protected":false},"featured_media":22200,"template":"","meta":[],"product_brand":[],"product_cat":[666],"product_tag":[512],"class_list":{"0":"post-18552","1":"product","2":"type-product","3":"status-publish","4":"has-post-thumbnail","6":"product_cat-led-projektorler","7":"product_tag-led-flood-light-tr","9":"first","10":"instock","11":"shipping-taxable","12":"product-type-simple"},"yoast_head":"<!-- This site is optimized with the Yoast SEO plugin v27.4 - https:\/\/yoast.com\/product\/yoast-seo-wordpress\/ -->\n<title>Wise Serisi LED Projekt\u00f6r &#8211; ZHL I\u015f\u0131k Grubu<\/title>\n<meta name=\"description\" content=\"Wise Serisi LED projekt\u00f6r, daha iyi bir \u0131s\u0131 da\u011f\u0131l\u0131m\u0131 sa\u011flamak i\u00e7in konvektif yeniden y\u00f6nlendirme nerv\u00fcr\u00fcne sahiptir. Bu, daha fazla enerji tasarrufu sa\u011flarken \u015fantiye i\u00e7in daha iyi ve daha do\u011fal bir \u0131\u015f\u0131k kayna\u011f\u0131d\u0131r.\" \/>\n<meta name=\"robots\" content=\"index, follow, max-snippet:-1, max-image-preview:large, max-video-preview:-1\" \/>\n<link rel=\"canonical\" href=\"https:\/\/www.zhgdled.com\/tr\/10w-300w-bilge-serisi-projektor.html\" \/>\n<meta property=\"og:locale\" content=\"tr_TR\" \/>\n<meta property=\"og:type\" content=\"article\" \/>\n<meta property=\"og:title\" content=\"Wise Serisi LED Projekt\u00f6r &#8211; ZHL I\u015f\u0131k Grubu\" \/>\n<meta property=\"og:description\" content=\"Wise Serisi LED projekt\u00f6r, daha iyi bir \u0131s\u0131 da\u011f\u0131l\u0131m\u0131 sa\u011flamak i\u00e7in konvektif yeniden y\u00f6nlendirme nerv\u00fcr\u00fcne sahiptir. Bu, daha fazla enerji tasarrufu sa\u011flarken \u015fantiye i\u00e7in daha iyi ve daha do\u011fal bir \u0131\u015f\u0131k kayna\u011f\u0131d\u0131r.\" \/>\n<meta property=\"og:url\" content=\"https:\/\/www.zhgdled.com\/tr\/10w-300w-bilge-serisi-projektor.html\" \/>\n<meta property=\"og:site_name\" content=\"ZHL I\u015f\u0131k Grubu\" \/>\n<meta property=\"article:publisher\" content=\"https:\/\/www.facebook.com\/zhllightinggroup\" \/>\n<meta property=\"article:modified_time\" content=\"2023-12-28T03:43:07+00:00\" \/>\n<meta property=\"og:image\" content=\"https:\/\/www.zhgdled.com\/wp-content\/uploads\/2023\/04\/wise-series-200W.png\" \/>\n\t<meta property=\"og:image:width\" content=\"1600\" \/>\n\t<meta property=\"og:image:height\" content=\"1600\" \/>\n\t<meta property=\"og:image:type\" content=\"image\/png\" \/>\n<meta name=\"twitter:card\" content=\"summary_large_image\" \/>\n<meta name=\"twitter:site\" content=\"@zhl_lighting\" \/>\n<meta name=\"twitter:label1\" content=\"Tahmini okuma s\u00fcresi\" \/>\n\t<meta name=\"twitter:data1\" content=\"1 dakika\" \/>\n<script type=\"application\/ld+json\" class=\"yoast-schema-graph\">{\"@context\":\"https:\\\/\\\/schema.org\",\"@graph\":[{\"@type\":\"WebPage\",\"@id\":\"https:\\\/\\\/www.zhgdled.com\\\/tr\\\/10w-300w-bilge-serisi-projektor.html\",\"url\":\"https:\\\/\\\/www.zhgdled.com\\\/tr\\\/10w-300w-bilge-serisi-projektor.html\",\"name\":\"Wise Serisi LED Projekt\u00f6r &#8211; ZHL I\u015f\u0131k Grubu\",\"isPartOf\":{\"@id\":\"https:\\\/\\\/www.zhgdled.com\\\/tr\\\/#website\"},\"primaryImageOfPage\":{\"@id\":\"https:\\\/\\\/www.zhgdled.com\\\/tr\\\/10w-300w-bilge-serisi-projektor.html#primaryimage\"},\"image\":{\"@id\":\"https:\\\/\\\/www.zhgdled.com\\\/tr\\\/10w-300w-bilge-serisi-projektor.html#primaryimage\"},\"thumbnailUrl\":\"https:\\\/\\\/www.zhgdled.com\\\/wp-content\\\/uploads\\\/2023\\\/04\\\/wise-series-200W.png\",\"datePublished\":\"2021-10-20T11:58:11+00:00\",\"dateModified\":\"2023-12-28T03:43:07+00:00\",\"description\":\"Wise Serisi LED projekt\u00f6r, daha iyi bir \u0131s\u0131 da\u011f\u0131l\u0131m\u0131 sa\u011flamak i\u00e7in konvektif yeniden y\u00f6nlendirme nerv\u00fcr\u00fcne sahiptir. Bu, daha fazla enerji tasarrufu sa\u011flarken \u015fantiye i\u00e7in daha iyi ve daha do\u011fal bir \u0131\u015f\u0131k kayna\u011f\u0131d\u0131r.\",\"breadcrumb\":{\"@id\":\"https:\\\/\\\/www.zhgdled.com\\\/tr\\\/10w-300w-bilge-serisi-projektor.html#breadcrumb\"},\"inLanguage\":\"tr\",\"potentialAction\":[{\"@type\":\"ReadAction\",\"target\":[\"https:\\\/\\\/www.zhgdled.com\\\/tr\\\/10w-300w-bilge-serisi-projektor.html\"]}]},{\"@type\":\"ImageObject\",\"inLanguage\":\"tr\",\"@id\":\"https:\\\/\\\/www.zhgdled.com\\\/tr\\\/10w-300w-bilge-serisi-projektor.html#primaryimage\",\"url\":\"https:\\\/\\\/www.zhgdled.com\\\/wp-content\\\/uploads\\\/2023\\\/04\\\/wise-series-200W.png\",\"contentUrl\":\"https:\\\/\\\/www.zhgdled.com\\\/wp-content\\\/uploads\\\/2023\\\/04\\\/wise-series-200W.png\",\"width\":1600,\"height\":1600,\"caption\":\"wise series floodlights 200w\"},{\"@type\":\"BreadcrumbList\",\"@id\":\"https:\\\/\\\/www.zhgdled.com\\\/tr\\\/10w-300w-bilge-serisi-projektor.html#breadcrumb\",\"itemListElement\":[{\"@type\":\"ListItem\",\"position\":1,\"name\":\"Home\",\"item\":\"https:\\\/\\\/www.zhgdled.com\\\/tr\"},{\"@type\":\"ListItem\",\"position\":2,\"name\":\"PRODUCTS\",\"item\":\"https:\\\/\\\/www.zhgdled.com\\\/zhl-products.html\"},{\"@type\":\"ListItem\",\"position\":3,\"name\":\"10W-300W LED PROJEKSYON &#8211; WISE SER\u0130S\u0130\"}]},{\"@type\":\"WebSite\",\"@id\":\"https:\\\/\\\/www.zhgdled.com\\\/tr\\\/#website\",\"url\":\"https:\\\/\\\/www.zhgdled.com\\\/tr\\\/\",\"name\":\"ZHL I\u015f\u0131k Grubu\",\"description\":\"Top ranking industrial lighting manufacturer and exporter\",\"publisher\":{\"@id\":\"https:\\\/\\\/www.zhgdled.com\\\/tr\\\/#organization\"},\"potentialAction\":[{\"@type\":\"SearchAction\",\"target\":{\"@type\":\"EntryPoint\",\"urlTemplate\":\"https:\\\/\\\/www.zhgdled.com\\\/tr\\\/?s={search_term_string}\"},\"query-input\":{\"@type\":\"PropertyValueSpecification\",\"valueRequired\":true,\"valueName\":\"search_term_string\"}}],\"inLanguage\":\"tr\"},{\"@type\":\"Organization\",\"@id\":\"https:\\\/\\\/www.zhgdled.com\\\/tr\\\/#organization\",\"name\":\"ZHL Lighting Group\",\"url\":\"https:\\\/\\\/www.zhgdled.com\\\/tr\\\/\",\"logo\":{\"@type\":\"ImageObject\",\"inLanguage\":\"tr\",\"@id\":\"https:\\\/\\\/www.zhgdled.com\\\/tr\\\/#\\\/schema\\\/logo\\\/image\\\/\",\"url\":\"\",\"contentUrl\":\"\",\"caption\":\"ZHL Lighting Group\"},\"image\":{\"@id\":\"https:\\\/\\\/www.zhgdled.com\\\/tr\\\/#\\\/schema\\\/logo\\\/image\\\/\"},\"sameAs\":[\"https:\\\/\\\/www.facebook.com\\\/zhllightinggroup\",\"https:\\\/\\\/x.com\\\/zhl_lighting\"]}]}<\/script>\n<!-- \/ Yoast SEO plugin. -->","yoast_head_json":{"title":"Wise Serisi LED Projekt\u00f6r &#8211; ZHL I\u015f\u0131k Grubu","description":"Wise Serisi LED projekt\u00f6r, daha iyi bir \u0131s\u0131 da\u011f\u0131l\u0131m\u0131 sa\u011flamak i\u00e7in konvektif yeniden y\u00f6nlendirme nerv\u00fcr\u00fcne sahiptir. Bu, daha fazla enerji tasarrufu sa\u011flarken \u015fantiye i\u00e7in daha iyi ve daha do\u011fal bir \u0131\u015f\u0131k kayna\u011f\u0131d\u0131r.","robots":{"index":"index","follow":"follow","max-snippet":"max-snippet:-1","max-image-preview":"max-image-preview:large","max-video-preview":"max-video-preview:-1"},"canonical":"https:\/\/www.zhgdled.com\/tr\/10w-300w-bilge-serisi-projektor.html","og_locale":"tr_TR","og_type":"article","og_title":"Wise Serisi LED Projekt\u00f6r &#8211; ZHL I\u015f\u0131k Grubu","og_description":"Wise Serisi LED projekt\u00f6r, daha iyi bir \u0131s\u0131 da\u011f\u0131l\u0131m\u0131 sa\u011flamak i\u00e7in konvektif yeniden y\u00f6nlendirme nerv\u00fcr\u00fcne sahiptir. Bu, daha fazla enerji tasarrufu sa\u011flarken \u015fantiye i\u00e7in daha iyi ve daha do\u011fal bir \u0131\u015f\u0131k kayna\u011f\u0131d\u0131r.","og_url":"https:\/\/www.zhgdled.com\/tr\/10w-300w-bilge-serisi-projektor.html","og_site_name":"ZHL I\u015f\u0131k Grubu","article_publisher":"https:\/\/www.facebook.com\/zhllightinggroup","article_modified_time":"2023-12-28T03:43:07+00:00","og_image":[{"width":1600,"height":1600,"url":"https:\/\/www.zhgdled.com\/wp-content\/uploads\/2023\/04\/wise-series-200W.png","type":"image\/png"}],"twitter_card":"summary_large_image","twitter_site":"@zhl_lighting","twitter_misc":{"Tahmini okuma s\u00fcresi":"1 dakika"},"schema":{"@context":"https:\/\/schema.org","@graph":[{"@type":"WebPage","@id":"https:\/\/www.zhgdled.com\/tr\/10w-300w-bilge-serisi-projektor.html","url":"https:\/\/www.zhgdled.com\/tr\/10w-300w-bilge-serisi-projektor.html","name":"Wise Serisi LED Projekt\u00f6r &#8211; ZHL I\u015f\u0131k Grubu","isPartOf":{"@id":"https:\/\/www.zhgdled.com\/tr\/#website"},"primaryImageOfPage":{"@id":"https:\/\/www.zhgdled.com\/tr\/10w-300w-bilge-serisi-projektor.html#primaryimage"},"image":{"@id":"https:\/\/www.zhgdled.com\/tr\/10w-300w-bilge-serisi-projektor.html#primaryimage"},"thumbnailUrl":"https:\/\/www.zhgdled.com\/wp-content\/uploads\/2023\/04\/wise-series-200W.png","datePublished":"2021-10-20T11:58:11+00:00","dateModified":"2023-12-28T03:43:07+00:00","description":"Wise Serisi LED projekt\u00f6r, daha iyi bir \u0131s\u0131 da\u011f\u0131l\u0131m\u0131 sa\u011flamak i\u00e7in konvektif yeniden y\u00f6nlendirme nerv\u00fcr\u00fcne sahiptir. Bu, daha fazla enerji tasarrufu sa\u011flarken \u015fantiye i\u00e7in daha iyi ve daha do\u011fal bir \u0131\u015f\u0131k kayna\u011f\u0131d\u0131r.","breadcrumb":{"@id":"https:\/\/www.zhgdled.com\/tr\/10w-300w-bilge-serisi-projektor.html#breadcrumb"},"inLanguage":"tr","potentialAction":[{"@type":"ReadAction","target":["https:\/\/www.zhgdled.com\/tr\/10w-300w-bilge-serisi-projektor.html"]}]},{"@type":"ImageObject","inLanguage":"tr","@id":"https:\/\/www.zhgdled.com\/tr\/10w-300w-bilge-serisi-projektor.html#primaryimage","url":"https:\/\/www.zhgdled.com\/wp-content\/uploads\/2023\/04\/wise-series-200W.png","contentUrl":"https:\/\/www.zhgdled.com\/wp-content\/uploads\/2023\/04\/wise-series-200W.png","width":1600,"height":1600,"caption":"wise series floodlights 200w"},{"@type":"BreadcrumbList","@id":"https:\/\/www.zhgdled.com\/tr\/10w-300w-bilge-serisi-projektor.html#breadcrumb","itemListElement":[{"@type":"ListItem","position":1,"name":"Home","item":"https:\/\/www.zhgdled.com\/tr"},{"@type":"ListItem","position":2,"name":"PRODUCTS","item":"https:\/\/www.zhgdled.com\/zhl-products.html"},{"@type":"ListItem","position":3,"name":"10W-300W LED PROJEKSYON &#8211; WISE SER\u0130S\u0130"}]},{"@type":"WebSite","@id":"https:\/\/www.zhgdled.com\/tr\/#website","url":"https:\/\/www.zhgdled.com\/tr\/","name":"ZHL I\u015f\u0131k Grubu","description":"Top ranking industrial lighting manufacturer and exporter","publisher":{"@id":"https:\/\/www.zhgdled.com\/tr\/#organization"},"potentialAction":[{"@type":"SearchAction","target":{"@type":"EntryPoint","urlTemplate":"https:\/\/www.zhgdled.com\/tr\/?s={search_term_string}"},"query-input":{"@type":"PropertyValueSpecification","valueRequired":true,"valueName":"search_term_string"}}],"inLanguage":"tr"},{"@type":"Organization","@id":"https:\/\/www.zhgdled.com\/tr\/#organization","name":"ZHL Lighting Group","url":"https:\/\/www.zhgdled.com\/tr\/","logo":{"@type":"ImageObject","inLanguage":"tr","@id":"https:\/\/www.zhgdled.com\/tr\/#\/schema\/logo\/image\/","url":"","contentUrl":"","caption":"ZHL Lighting Group"},"image":{"@id":"https:\/\/www.zhgdled.com\/tr\/#\/schema\/logo\/image\/"},"sameAs":["https:\/\/www.facebook.com\/zhllightinggroup","https:\/\/x.com\/zhl_lighting"]}]}},"_links":{"self":[{"href":"https:\/\/www.zhgdled.com\/tr\/wp-json\/wp\/v2\/product\/18552","targetHints":{"allow":["GET"]}}],"collection":[{"href":"https:\/\/www.zhgdled.com\/tr\/wp-json\/wp\/v2\/product"}],"about":[{"href":"https:\/\/www.zhgdled.com\/tr\/wp-json\/wp\/v2\/types\/product"}],"wp:featuredmedia":[{"embeddable":true,"href":"https:\/\/www.zhgdled.com\/tr\/wp-json\/wp\/v2\/media\/22200"}],"wp:attachment":[{"href":"https:\/\/www.zhgdled.com\/tr\/wp-json\/wp\/v2\/media?parent=18552"}],"wp:term":[{"taxonomy":"product_brand","embeddable":true,"href":"https:\/\/www.zhgdled.com\/tr\/wp-json\/wp\/v2\/product_brand?post=18552"},{"taxonomy":"product_cat","embeddable":true,"href":"https:\/\/www.zhgdled.com\/tr\/wp-json\/wp\/v2\/product_cat?post=18552"},{"taxonomy":"product_tag","embeddable":true,"href":"https:\/\/www.zhgdled.com\/tr\/wp-json\/wp\/v2\/product_tag?post=18552"}],"curies":[{"name":"wp","href":"https:\/\/api.w.org\/{rel}","templated":true}]}}