{"id":18566,"date":"2023-09-05T20:28:32","date_gmt":"2021-10-26T12:28:32","guid":{"rendered":"https:\/\/www.zhgdled.com\/product\/10w-200w-z-plus-series-floodlight"},"modified":"2023-12-28T11:43:10","modified_gmt":"2023-12-28T03:43:10","slug":"10w-200w-z-plus-serisi-projektor","status":"publish","type":"product","link":"https:\/\/www.zhgdled.com\/tr\/10w-200w-z-plus-serisi-projektor.html","title":{"rendered":"10W-200W Z-PLUS SER\u0130S\u0130 PROJEKT\u00d6R"},"content":{"rendered":"<h2>KARARLI KAL\u0130TE \u0130LE KLAS\u0130K PROJE LAMBASI<\/h2>\n<p>2008&#8217;den bu yana ZHL, d\u00fcnya genelinde toplam 2 milyon Z-PLUS Serisi LED projekt\u00f6r seti sevk etti. M\u00fchendisler, Z-PLUS&#8217;u \u00fc\u00e7\u00fcnc\u00fc nesle g\u00fcncellemek ve yinelemek i\u00e7in \u00e7ok fazla enerji harcam\u0131\u015f olsalar da, klasik Z-PLUS serisi LED projekt\u00f6rler hala m\u00fchendislerin, in\u015faat\u00e7\u0131lar\u0131n ve perakendecilerin \u00e7o\u011funlu\u011fu i\u00e7in tercih edilen temiz ve ekonomik ayd\u0131nlatma \u00e7\u00f6z\u00fcm\u00fcd\u00fcr. Bunun nedeni ise bu armat\u00fcr\u00fcn istikrarl\u0131 performans\u0131, d\u00fc\u015f\u00fck \u0131\u015f\u0131k kirlili\u011fi ve d\u00fc\u015f\u00fck bak\u0131m maliyetleridir.<\/p>\n<p>&nbsp;<\/p>\n<h2>\u015eARTNAME<\/h2>\n<blockquote><p><img decoding=\"async\" class=\"alignnone wp-image-17482\" src=\"https:\/\/www.zhgdled.com\/wp-content\/uploads\/2022\/07\/zhl_download-logo.png\" alt=\"\" width=\"28\" height=\"28\" srcset=\"https:\/\/www.zhgdled.com\/wp-content\/uploads\/2022\/07\/zhl_download-logo.png 368w, https:\/\/www.zhgdled.com\/wp-content\/uploads\/2022\/07\/zhl_download-logo-300x300.png 300w, https:\/\/www.zhgdled.com\/wp-content\/uploads\/2022\/07\/zhl_download-logo-150x150.png 150w\" sizes=\"(max-width: 28px) 100vw, 28px\" \/> <a href=\"https:\/\/www.zhgdled.com\/download\/z-plus-series-3rd-gen-solar-flood-light\">Katalo\u011fu \u0130ndir<\/a><\/p><\/blockquote>\n<table style=\"border-collapse: collapse; width: 448.52pt;\" border=\"0\" width=\"598\" cellspacing=\"0\" cellpadding=\"0\">\n<tbody>\n<tr style=\"height: 20.00pt;\">\n<td class=\"et2\" style=\"height: 20.00pt; width: 132.00pt;\" width=\"176\" height=\"26\"><\/td>\n<td style=\"width: 316.50pt;\" width=\"422\"><\/td>\n<\/tr>\n<tr style=\"height: 20.00pt;\">\n<td class=\"et3\" style=\"height: 20.00pt;\" height=\"26\"><strong>G\u00fc\u00e7<\/strong><\/td>\n<td class=\"et3\"><strong>10W 20W 30W 50W 100W 150W 200W<\/strong><\/td>\n<\/tr>\n<tr style=\"height: 20.00pt;\">\n<td class=\"et3\" style=\"height: 20.00pt;\" height=\"26\"><strong>LED<\/strong><\/td>\n<td class=\"et3\"><strong>SMD 2835<\/strong><\/td>\n<\/tr>\n<tr style=\"height: 20.00pt;\">\n<td class=\"et3\" style=\"height: 20.00pt;\" height=\"26\"><strong>Renk S\u0131cakl\u0131\u011f\u0131(CCT)<\/strong><\/td>\n<td class=\"et3\"><strong>2700-6500K<\/strong><\/td>\n<\/tr>\n<tr style=\"height: 20.00pt;\">\n<td class=\"et3\" style=\"height: 20.00pt;\" height=\"26\"><strong>I\u015f\u0131k Verimi (lm\/w)<\/strong><\/td>\n<td class=\"et3\"><strong>90lm\/w<\/strong><\/td>\n<\/tr>\n<tr style=\"height: 20.00pt;\">\n<td class=\"et3\" style=\"height: 20.00pt;\" height=\"26\"><strong>Giri\u015f Voltaj\u0131(V)<\/strong><\/td>\n<td class=\"et3\"><strong><span class=\"font2\">AC110-130V&amp;AC220-265V<\/span><span class=\"font0\">\uff0c<\/span><span class=\"font2\">AC220-265V<\/span><\/strong><\/td>\n<\/tr>\n<tr style=\"height: 20.00pt;\">\n<td class=\"et3\" style=\"height: 20.00pt;\" height=\"26\"><strong>PF<\/strong><\/td>\n<td class=\"et3\"><strong>&gt;0.9<\/strong><\/td>\n<\/tr>\n<tr style=\"height: 20.00pt;\">\n<td class=\"et3\" style=\"height: 20.00pt;\" height=\"26\"><strong>CRI (Ra&gt;)<\/strong><\/td>\n<td class=\"et4\"><strong>80\/70<\/strong><\/td>\n<\/tr>\n<tr style=\"height: 20.00pt;\">\n<td class=\"et3\" style=\"height: 20.00pt;\" height=\"26\"><strong>I\u015f\u0131n A\u00e7\u0131s\u0131(\u00b0)<\/strong><\/td>\n<td class=\"et4\"><strong>120<\/strong><\/td>\n<\/tr>\n<tr style=\"height: 20.00pt;\">\n<td class=\"et3\" style=\"height: 20.00pt;\" height=\"26\"><strong>IP Derecesi<\/strong><\/td>\n<td class=\"et4\"><strong>IP65<\/strong><\/td>\n<\/tr>\n<tr style=\"height: 20.00pt;\">\n<td class=\"et3\" style=\"height: 20.00pt;\" height=\"26\"><strong>Malzeme<\/strong><\/td>\n<td class=\"et4\"><strong>Al\u00fcminyum G\u00f6vde + Temperli Cam Kapak<\/strong><\/td>\n<\/tr>\n<tr style=\"height: 20.00pt;\">\n<td class=\"et3\" style=\"height: 20.00pt;\" height=\"26\"><strong>\u00c7al\u0131\u015fma S\u0131cakl\u0131\u011f\u0131(\u2103)<\/strong><\/td>\n<td class=\"et4\"><strong>-20-50<\/strong><\/td>\n<\/tr>\n<tr style=\"height: 20.00pt;\">\n<td class=\"et3\" style=\"height: 20.00pt;\" height=\"26\"><strong>Garanti(Y\u0131l)<\/strong><\/td>\n<td class=\"et4\"><strong>2 y\u0131l<\/strong><\/td>\n<\/tr>\n<tr style=\"height: 20.00pt;\">\n<td class=\"et3\" style=\"height: 20.00pt;\" height=\"26\"><strong>Sertifikasyon<\/strong><\/td>\n<td class=\"et3\"><strong>CE<\/strong><\/td>\n<\/tr>\n<tr style=\"height: 20.00pt;\">\n<td class=\"et3\" style=\"height: 20.00pt;\" height=\"26\"><strong>s\u00fcr\u00fcc\u00fc<\/strong><\/td>\n<td class=\"et3\"><strong>DOB<\/strong><\/td>\n<\/tr>\n<\/tbody>\n<\/table>\n","protected":false},"excerpt":{"rendered":"<p>2008&#8217;den bu yana, ZHL d\u00fcnya \u00e7ap\u0131nda toplam 2 milyon Z-PLUS Serisi projekt\u00f6r seti sevk etti. M\u00fchendisler, Z-PLUS&#8217;u \u00fc\u00e7\u00fcnc\u00fc nesle g\u00fcncellemek ve yinelemek i\u00e7in \u00e7ok fazla enerji harcam\u0131\u015f olsalar da, klasik Z-PLUS serisi projekt\u00f6rler hala m\u00fchendislerin, in\u015faat\u00e7\u0131lar\u0131n ve perakendecilerin \u00e7o\u011funlu\u011fu i\u00e7in tercih edilen temiz ve ekonomik ayd\u0131nlatma \u00e7\u00f6z\u00fcm\u00fcd\u00fcr. Bunun nedeni ise bu armat\u00fcr\u00fcn istikrarl\u0131 performans\u0131, d\u00fc\u015f\u00fck \u0131\u015f\u0131k kirlili\u011fi ve d\u00fc\u015f\u00fck bak\u0131m maliyetleridir.<\/p>\n<ul>\n<li>D\u00f6k\u00fcm al\u00fcminyum. Temperli Cam Kapak<\/li>\n<li>10W &#8211; 200W<\/li>\n<li>IP65<\/li>\n<li>DOB \u00e7\u00f6z\u00fcm\u00fc<\/li>\n<li><span class=\"font2\">AC110-130V&amp;AC220-265V<\/span><span class=\"font0\">\uff0c<\/span><span class=\"font2\">AC220-265V<\/span><\/li>\n<\/ul>\n","protected":false},"featured_media":22461,"template":"","meta":[],"product_brand":[],"product_cat":[666],"product_tag":[],"class_list":{"0":"post-18566","1":"product","2":"type-product","3":"status-publish","4":"has-post-thumbnail","6":"product_cat-led-projektorler","8":"first","9":"instock","10":"shipping-taxable","11":"product-type-simple"},"yoast_head":"<!-- This site is optimized with the Yoast SEO plugin v27.4 - https:\/\/yoast.com\/product\/yoast-seo-wordpress\/ -->\n<title>10W-200W Z-PLUS SER\u0130S\u0130 PROJEKT\u00d6R &#8211; ZHL I\u015f\u0131k Grubu<\/title>\n<meta name=\"description\" content=\"ZHL, d\u00fcnya \u00e7ap\u0131nda toplamda 2 milyon Z-PLUS Serisi LED projekt\u00f6r seti sevk etti. Klasik Z-PLUS serisi projekt\u00f6rler, m\u00fchendislerin, in\u015faat\u00e7\u0131lar\u0131n ve perakendecilerin \u00e7o\u011fu i\u00e7in temiz ve ekonomik ayd\u0131nlatma \u00e7\u00f6z\u00fcmleridir.\" \/>\n<meta name=\"robots\" content=\"index, follow, max-snippet:-1, max-image-preview:large, max-video-preview:-1\" \/>\n<link rel=\"canonical\" href=\"https:\/\/www.zhgdled.com\/tr\/10w-200w-z-plus-serisi-projektor.html\" \/>\n<meta property=\"og:locale\" content=\"tr_TR\" \/>\n<meta property=\"og:type\" content=\"article\" \/>\n<meta property=\"og:title\" content=\"10W-200W Z-PLUS SER\u0130S\u0130 PROJEKT\u00d6R &#8211; ZHL I\u015f\u0131k Grubu\" \/>\n<meta property=\"og:description\" content=\"ZHL, d\u00fcnya \u00e7ap\u0131nda toplamda 2 milyon Z-PLUS Serisi LED projekt\u00f6r seti sevk etti. Klasik Z-PLUS serisi projekt\u00f6rler, m\u00fchendislerin, in\u015faat\u00e7\u0131lar\u0131n ve perakendecilerin \u00e7o\u011fu i\u00e7in temiz ve ekonomik ayd\u0131nlatma \u00e7\u00f6z\u00fcmleridir.\" \/>\n<meta property=\"og:url\" content=\"https:\/\/www.zhgdled.com\/tr\/10w-200w-z-plus-serisi-projektor.html\" \/>\n<meta property=\"og:site_name\" content=\"ZHL I\u015f\u0131k Grubu\" \/>\n<meta property=\"article:publisher\" content=\"https:\/\/www.facebook.com\/zhllightinggroup\" \/>\n<meta property=\"article:modified_time\" content=\"2023-12-28T03:43:10+00:00\" \/>\n<meta property=\"og:image\" content=\"https:\/\/www.zhgdled.com\/wp-content\/uploads\/2021\/10\/ZHL-00-100W.png\" \/>\n\t<meta property=\"og:image:width\" content=\"1600\" \/>\n\t<meta property=\"og:image:height\" content=\"1600\" \/>\n\t<meta property=\"og:image:type\" content=\"image\/png\" \/>\n<meta name=\"twitter:card\" content=\"summary_large_image\" \/>\n<meta name=\"twitter:site\" content=\"@zhl_lighting\" \/>\n<meta name=\"twitter:label1\" content=\"Tahmini okuma s\u00fcresi\" \/>\n\t<meta name=\"twitter:data1\" content=\"1 dakika\" \/>\n<script type=\"application\/ld+json\" class=\"yoast-schema-graph\">{\"@context\":\"https:\\\/\\\/schema.org\",\"@graph\":[{\"@type\":\"WebPage\",\"@id\":\"https:\\\/\\\/www.zhgdled.com\\\/tr\\\/10w-200w-z-plus-serisi-projektor.html\",\"url\":\"https:\\\/\\\/www.zhgdled.com\\\/tr\\\/10w-200w-z-plus-serisi-projektor.html\",\"name\":\"10W-200W Z-PLUS SER\u0130S\u0130 PROJEKT\u00d6R &#8211; ZHL I\u015f\u0131k Grubu\",\"isPartOf\":{\"@id\":\"https:\\\/\\\/www.zhgdled.com\\\/tr\\\/#website\"},\"primaryImageOfPage\":{\"@id\":\"https:\\\/\\\/www.zhgdled.com\\\/tr\\\/10w-200w-z-plus-serisi-projektor.html#primaryimage\"},\"image\":{\"@id\":\"https:\\\/\\\/www.zhgdled.com\\\/tr\\\/10w-200w-z-plus-serisi-projektor.html#primaryimage\"},\"thumbnailUrl\":\"https:\\\/\\\/www.zhgdled.com\\\/wp-content\\\/uploads\\\/2021\\\/10\\\/ZHL-00-100W.png\",\"datePublished\":\"2021-10-26T12:28:32+00:00\",\"dateModified\":\"2023-12-28T03:43:10+00:00\",\"description\":\"ZHL, d\u00fcnya \u00e7ap\u0131nda toplamda 2 milyon Z-PLUS Serisi LED projekt\u00f6r seti sevk etti. Klasik Z-PLUS serisi projekt\u00f6rler, m\u00fchendislerin, in\u015faat\u00e7\u0131lar\u0131n ve perakendecilerin \u00e7o\u011fu i\u00e7in temiz ve ekonomik ayd\u0131nlatma \u00e7\u00f6z\u00fcmleridir.\",\"breadcrumb\":{\"@id\":\"https:\\\/\\\/www.zhgdled.com\\\/tr\\\/10w-200w-z-plus-serisi-projektor.html#breadcrumb\"},\"inLanguage\":\"tr\",\"potentialAction\":[{\"@type\":\"ReadAction\",\"target\":[\"https:\\\/\\\/www.zhgdled.com\\\/tr\\\/10w-200w-z-plus-serisi-projektor.html\"]}]},{\"@type\":\"ImageObject\",\"inLanguage\":\"tr\",\"@id\":\"https:\\\/\\\/www.zhgdled.com\\\/tr\\\/10w-200w-z-plus-serisi-projektor.html#primaryimage\",\"url\":\"https:\\\/\\\/www.zhgdled.com\\\/wp-content\\\/uploads\\\/2021\\\/10\\\/ZHL-00-100W.png\",\"contentUrl\":\"https:\\\/\\\/www.zhgdled.com\\\/wp-content\\\/uploads\\\/2021\\\/10\\\/ZHL-00-100W.png\",\"width\":1600,\"height\":1600,\"caption\":\"Z-PLUS Series floodlight\"},{\"@type\":\"BreadcrumbList\",\"@id\":\"https:\\\/\\\/www.zhgdled.com\\\/tr\\\/10w-200w-z-plus-serisi-projektor.html#breadcrumb\",\"itemListElement\":[{\"@type\":\"ListItem\",\"position\":1,\"name\":\"Home\",\"item\":\"https:\\\/\\\/www.zhgdled.com\\\/tr\"},{\"@type\":\"ListItem\",\"position\":2,\"name\":\"PRODUCTS\",\"item\":\"https:\\\/\\\/www.zhgdled.com\\\/zhl-products.html\"},{\"@type\":\"ListItem\",\"position\":3,\"name\":\"10W-200W Z-PLUS SER\u0130S\u0130 PROJEKT\u00d6R\"}]},{\"@type\":\"WebSite\",\"@id\":\"https:\\\/\\\/www.zhgdled.com\\\/tr\\\/#website\",\"url\":\"https:\\\/\\\/www.zhgdled.com\\\/tr\\\/\",\"name\":\"ZHL I\u015f\u0131k Grubu\",\"description\":\"Top ranking industrial lighting manufacturer and exporter\",\"publisher\":{\"@id\":\"https:\\\/\\\/www.zhgdled.com\\\/tr\\\/#organization\"},\"potentialAction\":[{\"@type\":\"SearchAction\",\"target\":{\"@type\":\"EntryPoint\",\"urlTemplate\":\"https:\\\/\\\/www.zhgdled.com\\\/tr\\\/?s={search_term_string}\"},\"query-input\":{\"@type\":\"PropertyValueSpecification\",\"valueRequired\":true,\"valueName\":\"search_term_string\"}}],\"inLanguage\":\"tr\"},{\"@type\":\"Organization\",\"@id\":\"https:\\\/\\\/www.zhgdled.com\\\/tr\\\/#organization\",\"name\":\"ZHL Lighting Group\",\"url\":\"https:\\\/\\\/www.zhgdled.com\\\/tr\\\/\",\"logo\":{\"@type\":\"ImageObject\",\"inLanguage\":\"tr\",\"@id\":\"https:\\\/\\\/www.zhgdled.com\\\/tr\\\/#\\\/schema\\\/logo\\\/image\\\/\",\"url\":\"\",\"contentUrl\":\"\",\"caption\":\"ZHL Lighting Group\"},\"image\":{\"@id\":\"https:\\\/\\\/www.zhgdled.com\\\/tr\\\/#\\\/schema\\\/logo\\\/image\\\/\"},\"sameAs\":[\"https:\\\/\\\/www.facebook.com\\\/zhllightinggroup\",\"https:\\\/\\\/x.com\\\/zhl_lighting\"]}]}<\/script>\n<!-- \/ Yoast SEO plugin. -->","yoast_head_json":{"title":"10W-200W Z-PLUS SER\u0130S\u0130 PROJEKT\u00d6R &#8211; ZHL I\u015f\u0131k Grubu","description":"ZHL, d\u00fcnya \u00e7ap\u0131nda toplamda 2 milyon Z-PLUS Serisi LED projekt\u00f6r seti sevk etti. Klasik Z-PLUS serisi projekt\u00f6rler, m\u00fchendislerin, in\u015faat\u00e7\u0131lar\u0131n ve perakendecilerin \u00e7o\u011fu i\u00e7in temiz ve ekonomik ayd\u0131nlatma \u00e7\u00f6z\u00fcmleridir.","robots":{"index":"index","follow":"follow","max-snippet":"max-snippet:-1","max-image-preview":"max-image-preview:large","max-video-preview":"max-video-preview:-1"},"canonical":"https:\/\/www.zhgdled.com\/tr\/10w-200w-z-plus-serisi-projektor.html","og_locale":"tr_TR","og_type":"article","og_title":"10W-200W Z-PLUS SER\u0130S\u0130 PROJEKT\u00d6R &#8211; ZHL I\u015f\u0131k Grubu","og_description":"ZHL, d\u00fcnya \u00e7ap\u0131nda toplamda 2 milyon Z-PLUS Serisi LED projekt\u00f6r seti sevk etti. Klasik Z-PLUS serisi projekt\u00f6rler, m\u00fchendislerin, in\u015faat\u00e7\u0131lar\u0131n ve perakendecilerin \u00e7o\u011fu i\u00e7in temiz ve ekonomik ayd\u0131nlatma \u00e7\u00f6z\u00fcmleridir.","og_url":"https:\/\/www.zhgdled.com\/tr\/10w-200w-z-plus-serisi-projektor.html","og_site_name":"ZHL I\u015f\u0131k Grubu","article_publisher":"https:\/\/www.facebook.com\/zhllightinggroup","article_modified_time":"2023-12-28T03:43:10+00:00","og_image":[{"width":1600,"height":1600,"url":"https:\/\/www.zhgdled.com\/wp-content\/uploads\/2021\/10\/ZHL-00-100W.png","type":"image\/png"}],"twitter_card":"summary_large_image","twitter_site":"@zhl_lighting","twitter_misc":{"Tahmini okuma s\u00fcresi":"1 dakika"},"schema":{"@context":"https:\/\/schema.org","@graph":[{"@type":"WebPage","@id":"https:\/\/www.zhgdled.com\/tr\/10w-200w-z-plus-serisi-projektor.html","url":"https:\/\/www.zhgdled.com\/tr\/10w-200w-z-plus-serisi-projektor.html","name":"10W-200W Z-PLUS SER\u0130S\u0130 PROJEKT\u00d6R &#8211; ZHL I\u015f\u0131k Grubu","isPartOf":{"@id":"https:\/\/www.zhgdled.com\/tr\/#website"},"primaryImageOfPage":{"@id":"https:\/\/www.zhgdled.com\/tr\/10w-200w-z-plus-serisi-projektor.html#primaryimage"},"image":{"@id":"https:\/\/www.zhgdled.com\/tr\/10w-200w-z-plus-serisi-projektor.html#primaryimage"},"thumbnailUrl":"https:\/\/www.zhgdled.com\/wp-content\/uploads\/2021\/10\/ZHL-00-100W.png","datePublished":"2021-10-26T12:28:32+00:00","dateModified":"2023-12-28T03:43:10+00:00","description":"ZHL, d\u00fcnya \u00e7ap\u0131nda toplamda 2 milyon Z-PLUS Serisi LED projekt\u00f6r seti sevk etti. Klasik Z-PLUS serisi projekt\u00f6rler, m\u00fchendislerin, in\u015faat\u00e7\u0131lar\u0131n ve perakendecilerin \u00e7o\u011fu i\u00e7in temiz ve ekonomik ayd\u0131nlatma \u00e7\u00f6z\u00fcmleridir.","breadcrumb":{"@id":"https:\/\/www.zhgdled.com\/tr\/10w-200w-z-plus-serisi-projektor.html#breadcrumb"},"inLanguage":"tr","potentialAction":[{"@type":"ReadAction","target":["https:\/\/www.zhgdled.com\/tr\/10w-200w-z-plus-serisi-projektor.html"]}]},{"@type":"ImageObject","inLanguage":"tr","@id":"https:\/\/www.zhgdled.com\/tr\/10w-200w-z-plus-serisi-projektor.html#primaryimage","url":"https:\/\/www.zhgdled.com\/wp-content\/uploads\/2021\/10\/ZHL-00-100W.png","contentUrl":"https:\/\/www.zhgdled.com\/wp-content\/uploads\/2021\/10\/ZHL-00-100W.png","width":1600,"height":1600,"caption":"Z-PLUS Series floodlight"},{"@type":"BreadcrumbList","@id":"https:\/\/www.zhgdled.com\/tr\/10w-200w-z-plus-serisi-projektor.html#breadcrumb","itemListElement":[{"@type":"ListItem","position":1,"name":"Home","item":"https:\/\/www.zhgdled.com\/tr"},{"@type":"ListItem","position":2,"name":"PRODUCTS","item":"https:\/\/www.zhgdled.com\/zhl-products.html"},{"@type":"ListItem","position":3,"name":"10W-200W Z-PLUS SER\u0130S\u0130 PROJEKT\u00d6R"}]},{"@type":"WebSite","@id":"https:\/\/www.zhgdled.com\/tr\/#website","url":"https:\/\/www.zhgdled.com\/tr\/","name":"ZHL I\u015f\u0131k Grubu","description":"Top ranking industrial lighting manufacturer and exporter","publisher":{"@id":"https:\/\/www.zhgdled.com\/tr\/#organization"},"potentialAction":[{"@type":"SearchAction","target":{"@type":"EntryPoint","urlTemplate":"https:\/\/www.zhgdled.com\/tr\/?s={search_term_string}"},"query-input":{"@type":"PropertyValueSpecification","valueRequired":true,"valueName":"search_term_string"}}],"inLanguage":"tr"},{"@type":"Organization","@id":"https:\/\/www.zhgdled.com\/tr\/#organization","name":"ZHL Lighting Group","url":"https:\/\/www.zhgdled.com\/tr\/","logo":{"@type":"ImageObject","inLanguage":"tr","@id":"https:\/\/www.zhgdled.com\/tr\/#\/schema\/logo\/image\/","url":"","contentUrl":"","caption":"ZHL Lighting Group"},"image":{"@id":"https:\/\/www.zhgdled.com\/tr\/#\/schema\/logo\/image\/"},"sameAs":["https:\/\/www.facebook.com\/zhllightinggroup","https:\/\/x.com\/zhl_lighting"]}]}},"_links":{"self":[{"href":"https:\/\/www.zhgdled.com\/tr\/wp-json\/wp\/v2\/product\/18566","targetHints":{"allow":["GET"]}}],"collection":[{"href":"https:\/\/www.zhgdled.com\/tr\/wp-json\/wp\/v2\/product"}],"about":[{"href":"https:\/\/www.zhgdled.com\/tr\/wp-json\/wp\/v2\/types\/product"}],"wp:featuredmedia":[{"embeddable":true,"href":"https:\/\/www.zhgdled.com\/tr\/wp-json\/wp\/v2\/media\/22461"}],"wp:attachment":[{"href":"https:\/\/www.zhgdled.com\/tr\/wp-json\/wp\/v2\/media?parent=18566"}],"wp:term":[{"taxonomy":"product_brand","embeddable":true,"href":"https:\/\/www.zhgdled.com\/tr\/wp-json\/wp\/v2\/product_brand?post=18566"},{"taxonomy":"product_cat","embeddable":true,"href":"https:\/\/www.zhgdled.com\/tr\/wp-json\/wp\/v2\/product_cat?post=18566"},{"taxonomy":"product_tag","embeddable":true,"href":"https:\/\/www.zhgdled.com\/tr\/wp-json\/wp\/v2\/product_tag?post=18566"}],"curies":[{"name":"wp","href":"https:\/\/api.w.org\/{rel}","templated":true}]}}