{"id":20530,"date":"2023-06-12T11:23:45","date_gmt":"2023-05-19T08:53:04","guid":{"rendered":"https:\/\/www.zhgdled.com\/?post_type=product&#038;p=20530"},"modified":"2023-12-28T09:14:43","modified_gmt":"2023-12-28T01:14:43","slug":"3-basli-serisi-sarjli-led-calisma-isigi","status":"publish","type":"product","link":"https:\/\/www.zhgdled.com\/tr\/3-basli-serisi-sarjli-led-calisma-isigi.html","title":{"rendered":"3 BA\u015eLI SER\u0130S\u0130 \u015eARJLI LED \u00c7ALI\u015eMA I\u015eI\u011eI"},"content":{"rendered":"<h2>Zorlu ko\u015fullar i\u00e7in profesyonel ve dayan\u0131kl\u0131 \u015earj edilebilir LED \u00e7al\u0131\u015fma \u0131\u015f\u0131\u011f\u0131<\/h2>\n<p>3-Kafa Serisi \u015farj edilebilir LED \u00e7al\u0131\u015fma \u0131\u015f\u0131\u011f\u0131, t\u00fcm hava ko\u015fullar\u0131na uygun, tak ve \u00e7al\u0131\u015ft\u0131r profesyonel bir \u00e7al\u0131\u015fma \u0131\u015f\u0131\u011f\u0131d\u0131r. Y\u00fcksekli\u011fi ve a\u00e7\u0131lar\u0131 ayarlanabilen endi\u015fe verici turuncu renkli tripod ile birlikte gelir. Sol lamba ve sa\u011f lamba \u015farj edilebilir ve orta lamba 220V \u015febeke g\u00fc\u00e7 kayna\u011f\u0131d\u0131r. Fi\u015fe tak\u0131ld\u0131\u011f\u0131nda, g\u00f6sterge a\u00e7\u0131kken sol ve sa\u011f lamba otomatik olarak \u015farj olur.<\/p>\n<p>3 lamba kafas\u0131n\u0131n t\u00fcm\u00fc s\u00f6k\u00fclebilir ve farkl\u0131 a\u00e7\u0131larda ayarlanabilir. IP54 koruma derecesi &#8211; 5. derece toz ge\u00e7irmez (toz giri\u015fi lamban\u0131n normal \u00e7al\u0131\u015fmas\u0131n\u0131 etkilemez), 4. derece su ge\u00e7irmez (s\u0131\u00e7rayan suyun i\u00e7eri girmesini \u00f6nler).<\/p>\n<p>&nbsp;<\/p>\n<h2>\u015eARTNAME<\/h2>\n<table style=\"border-collapse: collapse; width: 587px; height: 288px;\" border=\"0\" width=\"257\" cellspacing=\"0\" cellpadding=\"0\">\n<tbody>\n<tr style=\"height: 14.25pt;\">\n<td class=\"et2\" style=\"height: 14.25pt; width: 192.90pt;\" width=\"257\" height=\"19\">G\u00fc\u00e7: 30W + 2*5W, TOPLAM 40W<\/td>\n<\/tr>\n<tr style=\"height: 14.25pt;\">\n<td class=\"et2\" style=\"height: 14.25pt;\" height=\"19\">I\u015f\u0131k Verimlili\u011fi: 90lm\/w<\/td>\n<\/tr>\n<tr style=\"height: 14.25pt;\">\n<td class=\"et2\" style=\"height: 14.25pt;\" height=\"19\">I\u015f\u0131k kayna\u011f\u0131: SMD<\/td>\n<\/tr>\n<tr style=\"height: 14.25pt;\">\n<td class=\"et2\" style=\"height: 14.25pt;\" height=\"19\">G\u00fcn&gt;80<\/td>\n<\/tr>\n<tr style=\"height: 14.25pt;\">\n<td class=\"et2\" style=\"height: 14.25pt;\" height=\"19\">I\u015f\u0131n a\u00e7\u0131s\u0131: 110\u00b0<\/td>\n<\/tr>\n<tr style=\"height: 14.25pt;\">\n<td class=\"et2\" style=\"height: 14.25pt;\" height=\"19\">IP S\u0131n\u0131f\u0131: IP54<\/td>\n<\/tr>\n<tr style=\"height: 14.25pt;\">\n<td class=\"et2\" style=\"height: 14.25pt;\" height=\"19\">Sertifikasyon: CE ErP<\/td>\n<\/tr>\n<tr style=\"height: 14.25pt;\">\n<td class=\"et2\" style=\"height: 14.25pt;\" height=\"19\">\u00d6mr\u00fc: 30.000 saat<\/td>\n<\/tr>\n<tr style=\"height: 14.25pt;\">\n<td class=\"et2\" style=\"height: 14.25pt;\" height=\"19\">18650 \u015farj edilebilir lityum pil<\/td>\n<\/tr>\n<tr style=\"height: 14.25pt;\">\n<td class=\"et2\" style=\"height: 14.25pt;\" height=\"19\">\u015earj 4 saat \/ de\u015farj 2 saat<\/td>\n<\/tr>\n<tr style=\"height: 14.25pt;\">\n<td class=\"et2\" style=\"height: 14.25pt;\" height=\"19\">Garanti: 2 y\u0131l<\/td>\n<\/tr>\n<\/tbody>\n<\/table>\n<p><img decoding=\"async\" class=\"alignnone size-full wp-image-18053\" src=\"https:\/\/www.zhgdled.com\/wp-content\/uploads\/2022\/12\/20221221111704.jpg\" alt=\"\" width=\"1281\" height=\"807\" srcset=\"https:\/\/www.zhgdled.com\/wp-content\/uploads\/2022\/12\/20221221111704.jpg 1281w, https:\/\/www.zhgdled.com\/wp-content\/uploads\/2022\/12\/20221221111704-300x189.jpg 300w, https:\/\/www.zhgdled.com\/wp-content\/uploads\/2022\/12\/20221221111704-1024x645.jpg 1024w, https:\/\/www.zhgdled.com\/wp-content\/uploads\/2022\/12\/20221221111704-768x484.jpg 768w, https:\/\/www.zhgdled.com\/wp-content\/uploads\/2022\/12\/20221221111704-600x378.jpg 600w, https:\/\/www.zhgdled.com\/wp-content\/uploads\/2022\/12\/20221221111704-150x94.jpg 150w\" sizes=\"(max-width: 1281px) 100vw, 1281px\" \/><\/p>\n","protected":false},"excerpt":{"rendered":"<p>3-Kafa Serisi \u015farj edilebilir LED \u00e7al\u0131\u015fma \u0131\u015f\u0131\u011f\u0131, t\u00fcm hava ko\u015fullar\u0131na uygun, tak ve \u00e7al\u0131\u015ft\u0131r profesyonel bir \u00e7al\u0131\u015fma \u0131\u015f\u0131\u011f\u0131d\u0131r. Y\u00fcksekli\u011fi ve a\u00e7\u0131lar\u0131 ayarlanabilen endi\u015fe verici turuncu renkli tripod ile birlikte gelir. Sol lamba ve sa\u011f lamba \u015farj edilebilir ve orta lamba 220V \u015febeke g\u00fc\u00e7 kayna\u011f\u0131d\u0131r. Fi\u015fe tak\u0131ld\u0131\u011f\u0131nda, g\u00f6sterge a\u00e7\u0131kken sol ve sa\u011f lamba otomatik olarak \u015farj olur.<\/p>\n<p>3 lamba kafas\u0131n\u0131n t\u00fcm\u00fc s\u00f6k\u00fclebilir ve farkl\u0131 a\u00e7\u0131larda ayarlanabilir.<\/p>\n","protected":false},"featured_media":18033,"template":"","meta":[],"product_brand":[],"product_cat":[663],"product_tag":[],"class_list":{"0":"post-20530","1":"product","2":"type-product","3":"status-publish","4":"has-post-thumbnail","6":"product_cat-calisma-lambalari","8":"first","9":"instock","10":"shipping-taxable","11":"product-type-simple"},"yoast_head":"<!-- This site is optimized with the Yoast SEO plugin v27.4 - https:\/\/yoast.com\/product\/yoast-seo-wordpress\/ -->\n<title>3 BA\u015eLI SER\u0130S\u0130 \u015eARJLI LED \u00c7ALI\u015eMA I\u015eI\u011eI &#8211; ZHL I\u015f\u0131k Grubu<\/title>\n<meta name=\"description\" content=\"3-Kafa Serisi \u015farj edilebilir LED \u00e7al\u0131\u015fma \u0131\u015f\u0131\u011f\u0131, t\u00fcm hava ko\u015fullar\u0131na uygun, tak ve \u00e7al\u0131\u015ft\u0131r profesyonel bir \u00e7al\u0131\u015fma \u0131\u015f\u0131\u011f\u0131d\u0131r. Y\u00fcksekli\u011fi ve a\u00e7\u0131lar\u0131 ayarlanabilen endi\u015fe verici turuncu renkli tripod ile birlikte gelir. Sol lamba ve sa\u011f lamba \u015farj edilebilir ve orta lamba 220V \u015febeke g\u00fc\u00e7 kayna\u011f\u0131d\u0131r. Fi\u015fe tak\u0131ld\u0131\u011f\u0131nda, g\u00f6sterge a\u00e7\u0131kken sol ve sa\u011f lamba otomatik olarak \u015farj olur.\" \/>\n<meta name=\"robots\" content=\"index, follow, max-snippet:-1, max-image-preview:large, max-video-preview:-1\" \/>\n<link rel=\"canonical\" href=\"https:\/\/www.zhgdled.com\/tr\/3-basli-serisi-sarjli-led-calisma-isigi.html\" \/>\n<meta property=\"og:locale\" content=\"tr_TR\" \/>\n<meta property=\"og:type\" content=\"article\" \/>\n<meta property=\"og:title\" content=\"3 BA\u015eLI SER\u0130S\u0130 \u015eARJLI LED \u00c7ALI\u015eMA I\u015eI\u011eI &#8211; ZHL I\u015f\u0131k Grubu\" \/>\n<meta property=\"og:description\" content=\"3-Kafa Serisi \u015farj edilebilir LED \u00e7al\u0131\u015fma \u0131\u015f\u0131\u011f\u0131, t\u00fcm hava ko\u015fullar\u0131na uygun, tak ve \u00e7al\u0131\u015ft\u0131r profesyonel bir \u00e7al\u0131\u015fma \u0131\u015f\u0131\u011f\u0131d\u0131r. Y\u00fcksekli\u011fi ve a\u00e7\u0131lar\u0131 ayarlanabilen endi\u015fe verici turuncu renkli tripod ile birlikte gelir. Sol lamba ve sa\u011f lamba \u015farj edilebilir ve orta lamba 220V \u015febeke g\u00fc\u00e7 kayna\u011f\u0131d\u0131r. Fi\u015fe tak\u0131ld\u0131\u011f\u0131nda, g\u00f6sterge a\u00e7\u0131kken sol ve sa\u011f lamba otomatik olarak \u015farj olur.\" \/>\n<meta property=\"og:url\" content=\"https:\/\/www.zhgdled.com\/tr\/3-basli-serisi-sarjli-led-calisma-isigi.html\" \/>\n<meta property=\"og:site_name\" content=\"ZHL I\u015f\u0131k Grubu\" \/>\n<meta property=\"article:publisher\" content=\"https:\/\/www.facebook.com\/zhllightinggroup\" \/>\n<meta property=\"article:modified_time\" content=\"2023-12-28T01:14:43+00:00\" \/>\n<meta property=\"og:image\" content=\"https:\/\/www.zhgdled.com\/wp-content\/uploads\/2022\/12\/3-HEAD-SERIES-WORK-LIGHT.jpg\" \/>\n\t<meta property=\"og:image:width\" content=\"736\" \/>\n\t<meta property=\"og:image:height\" content=\"736\" \/>\n\t<meta property=\"og:image:type\" content=\"image\/jpeg\" \/>\n<meta name=\"twitter:card\" content=\"summary_large_image\" \/>\n<meta name=\"twitter:site\" content=\"@zhl_lighting\" \/>\n<meta name=\"twitter:label1\" content=\"Tahmini okuma s\u00fcresi\" \/>\n\t<meta name=\"twitter:data1\" content=\"1 dakika\" \/>\n<script type=\"application\/ld+json\" class=\"yoast-schema-graph\">{\"@context\":\"https:\\\/\\\/schema.org\",\"@graph\":[{\"@type\":\"WebPage\",\"@id\":\"https:\\\/\\\/www.zhgdled.com\\\/tr\\\/3-basli-serisi-sarjli-led-calisma-isigi.html\",\"url\":\"https:\\\/\\\/www.zhgdled.com\\\/tr\\\/3-basli-serisi-sarjli-led-calisma-isigi.html\",\"name\":\"3 BA\u015eLI SER\u0130S\u0130 \u015eARJLI LED \u00c7ALI\u015eMA I\u015eI\u011eI &#8211; ZHL I\u015f\u0131k Grubu\",\"isPartOf\":{\"@id\":\"https:\\\/\\\/www.zhgdled.com\\\/tr\\\/#website\"},\"primaryImageOfPage\":{\"@id\":\"https:\\\/\\\/www.zhgdled.com\\\/tr\\\/3-basli-serisi-sarjli-led-calisma-isigi.html#primaryimage\"},\"image\":{\"@id\":\"https:\\\/\\\/www.zhgdled.com\\\/tr\\\/3-basli-serisi-sarjli-led-calisma-isigi.html#primaryimage\"},\"thumbnailUrl\":\"https:\\\/\\\/www.zhgdled.com\\\/wp-content\\\/uploads\\\/2022\\\/12\\\/3-HEAD-SERIES-WORK-LIGHT.jpg\",\"datePublished\":\"2023-05-19T08:53:04+00:00\",\"dateModified\":\"2023-12-28T01:14:43+00:00\",\"description\":\"3-Kafa Serisi \u015farj edilebilir LED \u00e7al\u0131\u015fma \u0131\u015f\u0131\u011f\u0131, t\u00fcm hava ko\u015fullar\u0131na uygun, tak ve \u00e7al\u0131\u015ft\u0131r profesyonel bir \u00e7al\u0131\u015fma \u0131\u015f\u0131\u011f\u0131d\u0131r. Y\u00fcksekli\u011fi ve a\u00e7\u0131lar\u0131 ayarlanabilen endi\u015fe verici turuncu renkli tripod ile birlikte gelir. Sol lamba ve sa\u011f lamba \u015farj edilebilir ve orta lamba 220V \u015febeke g\u00fc\u00e7 kayna\u011f\u0131d\u0131r. Fi\u015fe tak\u0131ld\u0131\u011f\u0131nda, g\u00f6sterge a\u00e7\u0131kken sol ve sa\u011f lamba otomatik olarak \u015farj olur.\",\"breadcrumb\":{\"@id\":\"https:\\\/\\\/www.zhgdled.com\\\/tr\\\/3-basli-serisi-sarjli-led-calisma-isigi.html#breadcrumb\"},\"inLanguage\":\"tr\",\"potentialAction\":[{\"@type\":\"ReadAction\",\"target\":[\"https:\\\/\\\/www.zhgdled.com\\\/tr\\\/3-basli-serisi-sarjli-led-calisma-isigi.html\"]}]},{\"@type\":\"ImageObject\",\"inLanguage\":\"tr\",\"@id\":\"https:\\\/\\\/www.zhgdled.com\\\/tr\\\/3-basli-serisi-sarjli-led-calisma-isigi.html#primaryimage\",\"url\":\"https:\\\/\\\/www.zhgdled.com\\\/wp-content\\\/uploads\\\/2022\\\/12\\\/3-HEAD-SERIES-WORK-LIGHT.jpg\",\"contentUrl\":\"https:\\\/\\\/www.zhgdled.com\\\/wp-content\\\/uploads\\\/2022\\\/12\\\/3-HEAD-SERIES-WORK-LIGHT.jpg\",\"width\":736,\"height\":736,\"caption\":\"3 BA\u015eLI SER\u0130 \u00c7ALI\u015eMA LAMBASI\"},{\"@type\":\"BreadcrumbList\",\"@id\":\"https:\\\/\\\/www.zhgdled.com\\\/tr\\\/3-basli-serisi-sarjli-led-calisma-isigi.html#breadcrumb\",\"itemListElement\":[{\"@type\":\"ListItem\",\"position\":1,\"name\":\"Home\",\"item\":\"https:\\\/\\\/www.zhgdled.com\\\/tr\"},{\"@type\":\"ListItem\",\"position\":2,\"name\":\"PRODUCTS\",\"item\":\"https:\\\/\\\/www.zhgdled.com\\\/zhl-products.html\"},{\"@type\":\"ListItem\",\"position\":3,\"name\":\"3 BA\u015eLI SER\u0130S\u0130 \u015eARJLI LED \u00c7ALI\u015eMA I\u015eI\u011eI\"}]},{\"@type\":\"WebSite\",\"@id\":\"https:\\\/\\\/www.zhgdled.com\\\/tr\\\/#website\",\"url\":\"https:\\\/\\\/www.zhgdled.com\\\/tr\\\/\",\"name\":\"ZHL I\u015f\u0131k Grubu\",\"description\":\"Top ranking industrial lighting manufacturer and exporter\",\"publisher\":{\"@id\":\"https:\\\/\\\/www.zhgdled.com\\\/tr\\\/#organization\"},\"potentialAction\":[{\"@type\":\"SearchAction\",\"target\":{\"@type\":\"EntryPoint\",\"urlTemplate\":\"https:\\\/\\\/www.zhgdled.com\\\/tr\\\/?s={search_term_string}\"},\"query-input\":{\"@type\":\"PropertyValueSpecification\",\"valueRequired\":true,\"valueName\":\"search_term_string\"}}],\"inLanguage\":\"tr\"},{\"@type\":\"Organization\",\"@id\":\"https:\\\/\\\/www.zhgdled.com\\\/tr\\\/#organization\",\"name\":\"ZHL Lighting Group\",\"url\":\"https:\\\/\\\/www.zhgdled.com\\\/tr\\\/\",\"logo\":{\"@type\":\"ImageObject\",\"inLanguage\":\"tr\",\"@id\":\"https:\\\/\\\/www.zhgdled.com\\\/tr\\\/#\\\/schema\\\/logo\\\/image\\\/\",\"url\":\"\",\"contentUrl\":\"\",\"caption\":\"ZHL Lighting Group\"},\"image\":{\"@id\":\"https:\\\/\\\/www.zhgdled.com\\\/tr\\\/#\\\/schema\\\/logo\\\/image\\\/\"},\"sameAs\":[\"https:\\\/\\\/www.facebook.com\\\/zhllightinggroup\",\"https:\\\/\\\/x.com\\\/zhl_lighting\"]}]}<\/script>\n<!-- \/ Yoast SEO plugin. -->","yoast_head_json":{"title":"3 BA\u015eLI SER\u0130S\u0130 \u015eARJLI LED \u00c7ALI\u015eMA I\u015eI\u011eI &#8211; ZHL I\u015f\u0131k Grubu","description":"3-Kafa Serisi \u015farj edilebilir LED \u00e7al\u0131\u015fma \u0131\u015f\u0131\u011f\u0131, t\u00fcm hava ko\u015fullar\u0131na uygun, tak ve \u00e7al\u0131\u015ft\u0131r profesyonel bir \u00e7al\u0131\u015fma \u0131\u015f\u0131\u011f\u0131d\u0131r. Y\u00fcksekli\u011fi ve a\u00e7\u0131lar\u0131 ayarlanabilen endi\u015fe verici turuncu renkli tripod ile birlikte gelir. Sol lamba ve sa\u011f lamba \u015farj edilebilir ve orta lamba 220V \u015febeke g\u00fc\u00e7 kayna\u011f\u0131d\u0131r. Fi\u015fe tak\u0131ld\u0131\u011f\u0131nda, g\u00f6sterge a\u00e7\u0131kken sol ve sa\u011f lamba otomatik olarak \u015farj olur.","robots":{"index":"index","follow":"follow","max-snippet":"max-snippet:-1","max-image-preview":"max-image-preview:large","max-video-preview":"max-video-preview:-1"},"canonical":"https:\/\/www.zhgdled.com\/tr\/3-basli-serisi-sarjli-led-calisma-isigi.html","og_locale":"tr_TR","og_type":"article","og_title":"3 BA\u015eLI SER\u0130S\u0130 \u015eARJLI LED \u00c7ALI\u015eMA I\u015eI\u011eI &#8211; ZHL I\u015f\u0131k Grubu","og_description":"3-Kafa Serisi \u015farj edilebilir LED \u00e7al\u0131\u015fma \u0131\u015f\u0131\u011f\u0131, t\u00fcm hava ko\u015fullar\u0131na uygun, tak ve \u00e7al\u0131\u015ft\u0131r profesyonel bir \u00e7al\u0131\u015fma \u0131\u015f\u0131\u011f\u0131d\u0131r. Y\u00fcksekli\u011fi ve a\u00e7\u0131lar\u0131 ayarlanabilen endi\u015fe verici turuncu renkli tripod ile birlikte gelir. Sol lamba ve sa\u011f lamba \u015farj edilebilir ve orta lamba 220V \u015febeke g\u00fc\u00e7 kayna\u011f\u0131d\u0131r. Fi\u015fe tak\u0131ld\u0131\u011f\u0131nda, g\u00f6sterge a\u00e7\u0131kken sol ve sa\u011f lamba otomatik olarak \u015farj olur.","og_url":"https:\/\/www.zhgdled.com\/tr\/3-basli-serisi-sarjli-led-calisma-isigi.html","og_site_name":"ZHL I\u015f\u0131k Grubu","article_publisher":"https:\/\/www.facebook.com\/zhllightinggroup","article_modified_time":"2023-12-28T01:14:43+00:00","og_image":[{"width":736,"height":736,"url":"https:\/\/www.zhgdled.com\/wp-content\/uploads\/2022\/12\/3-HEAD-SERIES-WORK-LIGHT.jpg","type":"image\/jpeg"}],"twitter_card":"summary_large_image","twitter_site":"@zhl_lighting","twitter_misc":{"Tahmini okuma s\u00fcresi":"1 dakika"},"schema":{"@context":"https:\/\/schema.org","@graph":[{"@type":"WebPage","@id":"https:\/\/www.zhgdled.com\/tr\/3-basli-serisi-sarjli-led-calisma-isigi.html","url":"https:\/\/www.zhgdled.com\/tr\/3-basli-serisi-sarjli-led-calisma-isigi.html","name":"3 BA\u015eLI SER\u0130S\u0130 \u015eARJLI LED \u00c7ALI\u015eMA I\u015eI\u011eI &#8211; ZHL I\u015f\u0131k Grubu","isPartOf":{"@id":"https:\/\/www.zhgdled.com\/tr\/#website"},"primaryImageOfPage":{"@id":"https:\/\/www.zhgdled.com\/tr\/3-basli-serisi-sarjli-led-calisma-isigi.html#primaryimage"},"image":{"@id":"https:\/\/www.zhgdled.com\/tr\/3-basli-serisi-sarjli-led-calisma-isigi.html#primaryimage"},"thumbnailUrl":"https:\/\/www.zhgdled.com\/wp-content\/uploads\/2022\/12\/3-HEAD-SERIES-WORK-LIGHT.jpg","datePublished":"2023-05-19T08:53:04+00:00","dateModified":"2023-12-28T01:14:43+00:00","description":"3-Kafa Serisi \u015farj edilebilir LED \u00e7al\u0131\u015fma \u0131\u015f\u0131\u011f\u0131, t\u00fcm hava ko\u015fullar\u0131na uygun, tak ve \u00e7al\u0131\u015ft\u0131r profesyonel bir \u00e7al\u0131\u015fma \u0131\u015f\u0131\u011f\u0131d\u0131r. Y\u00fcksekli\u011fi ve a\u00e7\u0131lar\u0131 ayarlanabilen endi\u015fe verici turuncu renkli tripod ile birlikte gelir. Sol lamba ve sa\u011f lamba \u015farj edilebilir ve orta lamba 220V \u015febeke g\u00fc\u00e7 kayna\u011f\u0131d\u0131r. Fi\u015fe tak\u0131ld\u0131\u011f\u0131nda, g\u00f6sterge a\u00e7\u0131kken sol ve sa\u011f lamba otomatik olarak \u015farj olur.","breadcrumb":{"@id":"https:\/\/www.zhgdled.com\/tr\/3-basli-serisi-sarjli-led-calisma-isigi.html#breadcrumb"},"inLanguage":"tr","potentialAction":[{"@type":"ReadAction","target":["https:\/\/www.zhgdled.com\/tr\/3-basli-serisi-sarjli-led-calisma-isigi.html"]}]},{"@type":"ImageObject","inLanguage":"tr","@id":"https:\/\/www.zhgdled.com\/tr\/3-basli-serisi-sarjli-led-calisma-isigi.html#primaryimage","url":"https:\/\/www.zhgdled.com\/wp-content\/uploads\/2022\/12\/3-HEAD-SERIES-WORK-LIGHT.jpg","contentUrl":"https:\/\/www.zhgdled.com\/wp-content\/uploads\/2022\/12\/3-HEAD-SERIES-WORK-LIGHT.jpg","width":736,"height":736,"caption":"3 BA\u015eLI SER\u0130 \u00c7ALI\u015eMA LAMBASI"},{"@type":"BreadcrumbList","@id":"https:\/\/www.zhgdled.com\/tr\/3-basli-serisi-sarjli-led-calisma-isigi.html#breadcrumb","itemListElement":[{"@type":"ListItem","position":1,"name":"Home","item":"https:\/\/www.zhgdled.com\/tr"},{"@type":"ListItem","position":2,"name":"PRODUCTS","item":"https:\/\/www.zhgdled.com\/zhl-products.html"},{"@type":"ListItem","position":3,"name":"3 BA\u015eLI SER\u0130S\u0130 \u015eARJLI LED \u00c7ALI\u015eMA I\u015eI\u011eI"}]},{"@type":"WebSite","@id":"https:\/\/www.zhgdled.com\/tr\/#website","url":"https:\/\/www.zhgdled.com\/tr\/","name":"ZHL I\u015f\u0131k Grubu","description":"Top ranking industrial lighting manufacturer and exporter","publisher":{"@id":"https:\/\/www.zhgdled.com\/tr\/#organization"},"potentialAction":[{"@type":"SearchAction","target":{"@type":"EntryPoint","urlTemplate":"https:\/\/www.zhgdled.com\/tr\/?s={search_term_string}"},"query-input":{"@type":"PropertyValueSpecification","valueRequired":true,"valueName":"search_term_string"}}],"inLanguage":"tr"},{"@type":"Organization","@id":"https:\/\/www.zhgdled.com\/tr\/#organization","name":"ZHL Lighting Group","url":"https:\/\/www.zhgdled.com\/tr\/","logo":{"@type":"ImageObject","inLanguage":"tr","@id":"https:\/\/www.zhgdled.com\/tr\/#\/schema\/logo\/image\/","url":"","contentUrl":"","caption":"ZHL Lighting Group"},"image":{"@id":"https:\/\/www.zhgdled.com\/tr\/#\/schema\/logo\/image\/"},"sameAs":["https:\/\/www.facebook.com\/zhllightinggroup","https:\/\/x.com\/zhl_lighting"]}]}},"_links":{"self":[{"href":"https:\/\/www.zhgdled.com\/tr\/wp-json\/wp\/v2\/product\/20530","targetHints":{"allow":["GET"]}}],"collection":[{"href":"https:\/\/www.zhgdled.com\/tr\/wp-json\/wp\/v2\/product"}],"about":[{"href":"https:\/\/www.zhgdled.com\/tr\/wp-json\/wp\/v2\/types\/product"}],"wp:featuredmedia":[{"embeddable":true,"href":"https:\/\/www.zhgdled.com\/tr\/wp-json\/wp\/v2\/media\/18033"}],"wp:attachment":[{"href":"https:\/\/www.zhgdled.com\/tr\/wp-json\/wp\/v2\/media?parent=20530"}],"wp:term":[{"taxonomy":"product_brand","embeddable":true,"href":"https:\/\/www.zhgdled.com\/tr\/wp-json\/wp\/v2\/product_brand?post=20530"},{"taxonomy":"product_cat","embeddable":true,"href":"https:\/\/www.zhgdled.com\/tr\/wp-json\/wp\/v2\/product_cat?post=20530"},{"taxonomy":"product_tag","embeddable":true,"href":"https:\/\/www.zhgdled.com\/tr\/wp-json\/wp\/v2\/product_tag?post=20530"}],"curies":[{"name":"wp","href":"https:\/\/api.w.org\/{rel}","templated":true}]}}