{"id":21005,"date":"2023-08-01T14:16:40","date_gmt":"2023-08-01T06:16:40","guid":{"rendered":"https:\/\/www.zhgdled.com\/product\/eagle-series-led-street-lights"},"modified":"2023-12-28T10:14:00","modified_gmt":"2023-12-28T02:14:00","slug":"eagle-series-led-street-lights","status":"publish","type":"product","link":"https:\/\/www.zhgdled.com\/tr\/eagle-series-led-street-lights.html","title":{"rendered":"EAGLE SER\u0130S\u0130 LED Sokak Lambas\u0131"},"content":{"rendered":"<p>Eagle Serisi LED sokak lambas\u0131 \u00f6zellikleri:<\/p>\n<ul>\n<li>Biyonik tasar\u0131m, benzersiz \u015fekil ve ay\u0131rt edici tarz;<\/li>\n<li>Kendi kendini temizleme fonksiyonu ile kabuk, r\u00fczgar ve ya\u011fmur yard\u0131m\u0131yla temizlenebilir.<\/li>\n<li>T\u00fcm lamban\u0131n koruma seviyesini art\u0131rmak i\u00e7in g\u00fc\u00e7 kayna\u011f\u0131 bo\u015flu\u011fu ve \u0131\u015f\u0131k kayna\u011f\u0131 bo\u015flu\u011fu ayr\u0131 ayr\u0131 kapat\u0131lm\u0131\u015ft\u0131r;<\/li>\n<li>Y\u00fcksek ge\u00e7irgenli\u011fe sahip temperli cam\u0131n lens + optik tasar\u0131m\u0131n\u0131, kirlilik hasar\u0131 olmayan lensi, \u0131\u015f\u0131k da\u011f\u0131l\u0131m\u0131n\u0131 ve parlakl\u0131k kararl\u0131l\u0131\u011f\u0131n\u0131 benimseyin; g\u00f6m\u00fcl\u00fc \u0131s\u0131 da\u011f\u0131l\u0131m\u0131 ve m\u00fckemmel \u015fekil kombinasyonu;<\/li>\n<li>10KV y\u0131ld\u0131r\u0131mdan korunma, d\u0131\u015f mekan g\u00fcvenilirli\u011fi daha g\u00fc\u00e7l\u00fcd\u00fcr ve 40~60mm \u0131\u015f\u0131k direklerinin kurulumuyla tutarl\u0131d\u0131r.<\/li>\n<li>L\u00fcks ve rekabet\u00e7i fiyatl\u0131, y\u00fckleniciler ve bayiler i\u00e7in uygun maliyetli bir \u00e7\u00f6z\u00fcmd\u00fcr.<\/li>\n<\/ul>\n<blockquote><p><a href=\"https:\/\/www.zhgdled.com\/download\/eagle-series-led-street-lights\">EAGLE SER\u0130S\u0130 LED sokak lambas\u0131 katalo\u011funu indirin<\/a><\/p><\/blockquote>\n<h2>G\u00d6R\u00dcNT\u00dcLE END\u00dcSTR\u0130 STANDARTLARI RE. G\u00dcNE\u015e SOKAK LAMBALARI<\/h2>\n<table width=\"720\">\n<tbody>\n<tr>\n<td width=\"284\">UL<\/td>\n<td width=\"284\"><a href=\"https:\/\/www.ul.com\/services\/roadway-lighting\">Piyasada karayolu ayd\u0131nlatma testinin \u00f6nemi<\/a><br \/>\n<b><\/b><\/td>\n<\/tr>\n<tr>\n<td width=\"284\">CE<\/td>\n<td width=\"284\"><a href=\"https:\/\/ec.europa.eu\/environment\/gpp\/pdf\/criteria\/street_lighting.pdf\">Sokak Ayd\u0131nlatmas\u0131 ve Trafik Sinyalleri i\u00e7in AB JES Kriterleri LVD Direktifi 2014\/35\/EU<\/a><\/td>\n<\/tr>\n<\/tbody>\n<\/table>\n<p><img decoding=\"async\" class=\"alignnone size-full wp-image-17596\" src=\"https:\/\/www.zhgdled.com\/wp-content\/uploads\/2021\/10\/20221031090902.jpg\" alt=\"\" width=\"1056\" height=\"477\" srcset=\"https:\/\/www.zhgdled.com\/wp-content\/uploads\/2021\/10\/20221031090902.jpg 1056w, https:\/\/www.zhgdled.com\/wp-content\/uploads\/2021\/10\/20221031090902-300x136.jpg 300w, https:\/\/www.zhgdled.com\/wp-content\/uploads\/2021\/10\/20221031090902-1024x463.jpg 1024w, https:\/\/www.zhgdled.com\/wp-content\/uploads\/2021\/10\/20221031090902-768x347.jpg 768w, https:\/\/www.zhgdled.com\/wp-content\/uploads\/2021\/10\/20221031090902-600x271.jpg 600w, https:\/\/www.zhgdled.com\/wp-content\/uploads\/2021\/10\/20221031090902-150x68.jpg 150w\" sizes=\"(max-width: 1056px) 100vw, 1056px\" \/><img decoding=\"async\" class=\"alignnone size-full wp-image-17586\" src=\"https:\/\/www.zhgdled.com\/wp-content\/uploads\/2021\/10\/20221031090940.jpg\" alt=\"\" width=\"1036\" height=\"763\" srcset=\"https:\/\/www.zhgdled.com\/wp-content\/uploads\/2021\/10\/20221031090940.jpg 1036w, https:\/\/www.zhgdled.com\/wp-content\/uploads\/2021\/10\/20221031090940-300x221.jpg 300w, https:\/\/www.zhgdled.com\/wp-content\/uploads\/2021\/10\/20221031090940-1024x754.jpg 1024w, https:\/\/www.zhgdled.com\/wp-content\/uploads\/2021\/10\/20221031090940-768x566.jpg 768w, https:\/\/www.zhgdled.com\/wp-content\/uploads\/2021\/10\/20221031090940-600x442.jpg 600w, https:\/\/www.zhgdled.com\/wp-content\/uploads\/2021\/10\/20221031090940-150x110.jpg 150w\" sizes=\"(max-width: 1036px) 100vw, 1036px\" \/><img decoding=\"async\" class=\"alignnone size-full wp-image-17576\" src=\"https:\/\/www.zhgdled.com\/wp-content\/uploads\/2021\/10\/20221031090957.jpg\" alt=\"\" width=\"962\" height=\"767\" srcset=\"https:\/\/www.zhgdled.com\/wp-content\/uploads\/2021\/10\/20221031090957.jpg 962w, https:\/\/www.zhgdled.com\/wp-content\/uploads\/2021\/10\/20221031090957-300x239.jpg 300w, https:\/\/www.zhgdled.com\/wp-content\/uploads\/2021\/10\/20221031090957-768x612.jpg 768w, https:\/\/www.zhgdled.com\/wp-content\/uploads\/2021\/10\/20221031090957-600x478.jpg 600w, https:\/\/www.zhgdled.com\/wp-content\/uploads\/2021\/10\/20221031090957-150x120.jpg 150w\" sizes=\"(max-width: 962px) 100vw, 962px\" \/><\/p>\n","protected":false},"excerpt":{"rendered":"<ul>\n<li>Biyonik tasar\u0131m, benzersiz \u015fekil ve ay\u0131rt edici tarz;<\/li>\n<li>Kendi kendini temizleme fonksiyonu ile kabuk, r\u00fczgar ve ya\u011fmur yard\u0131m\u0131yla temizlenebilir.<\/li>\n<li>T\u00fcm lamban\u0131n koruma seviyesini art\u0131rmak i\u00e7in g\u00fc\u00e7 kayna\u011f\u0131 bo\u015flu\u011fu ve \u0131\u015f\u0131k kayna\u011f\u0131 bo\u015flu\u011fu ayr\u0131 ayr\u0131 kapat\u0131lm\u0131\u015ft\u0131r;<\/li>\n<li>Y\u00fcksek ge\u00e7irgenli\u011fe sahip temperli cam\u0131n lens + optik tasar\u0131m\u0131n\u0131, kirlilik hasar\u0131 olmayan lensi, \u0131\u015f\u0131k da\u011f\u0131l\u0131m\u0131n\u0131 ve parlakl\u0131k kararl\u0131l\u0131\u011f\u0131n\u0131 benimseyin; g\u00f6m\u00fcl\u00fc \u0131s\u0131 da\u011f\u0131l\u0131m\u0131 ve m\u00fckemmel \u015fekil kombinasyonu;<\/li>\n<li>10KV y\u0131ld\u0131r\u0131mdan korunma, d\u0131\u015f mekan g\u00fcvenilirli\u011fi daha g\u00fc\u00e7l\u00fcd\u00fcr ve 40~60mm \u0131\u015f\u0131k direklerinin kurulumuyla tutarl\u0131d\u0131r.<\/li>\n<li>L\u00fcks ve rekabet\u00e7i fiyatl\u0131, y\u00fckleniciler ve bayiler i\u00e7in uygun maliyetli bir \u00e7\u00f6z\u00fcmd\u00fcr.<\/li>\n<li><\/li>\n<\/ul>\n","protected":false},"featured_media":13668,"template":"","meta":[],"product_brand":[],"product_cat":[668],"product_tag":[],"class_list":{"0":"post-21005","1":"product","2":"type-product","3":"status-publish","4":"has-post-thumbnail","6":"product_cat-sokak-isiklari","8":"first","9":"instock","10":"featured","11":"shipping-taxable","12":"product-type-simple"},"yoast_head":"<!-- This site is optimized with the Yoast SEO plugin v27.4 - https:\/\/yoast.com\/product\/yoast-seo-wordpress\/ -->\n<title>EAGLE SER\u0130S\u0130 LED Sokak Lambas\u0131 &#8211; ZHL I\u015f\u0131k Grubu<\/title>\n<meta name=\"description\" content=\"Eagle Serisi LED sokak lambas\u0131, biyonik tasar\u0131ma, benzersiz \u015fekle ve ay\u0131rt edici stile sahiptir; Kendi kendini temizleme fonksiyonu ile kabuk, r\u00fczgar ve ya\u011fmur yard\u0131m\u0131yla temizlenebilir. G\u00fc\u00e7 kayna\u011f\u0131 bo\u015flu\u011fu ve \u0131\u015f\u0131k kayna\u011f\u0131 bo\u015flu\u011fu, t\u00fcm lamban\u0131n koruma seviyesini art\u0131rmak i\u00e7in ayr\u0131 ayr\u0131 kapat\u0131lm\u0131\u015ft\u0131r.\" \/>\n<meta name=\"robots\" content=\"index, follow, max-snippet:-1, max-image-preview:large, max-video-preview:-1\" \/>\n<link rel=\"canonical\" href=\"https:\/\/www.zhgdled.com\/tr\/eagle-series-led-street-lights.html\" \/>\n<meta property=\"og:locale\" content=\"tr_TR\" \/>\n<meta property=\"og:type\" content=\"article\" \/>\n<meta property=\"og:title\" content=\"EAGLE SER\u0130S\u0130 LED Sokak Lambas\u0131 &#8211; ZHL I\u015f\u0131k Grubu\" \/>\n<meta property=\"og:description\" content=\"Eagle Serisi LED sokak lambas\u0131, biyonik tasar\u0131ma, benzersiz \u015fekle ve ay\u0131rt edici stile sahiptir; Kendi kendini temizleme fonksiyonu ile kabuk, r\u00fczgar ve ya\u011fmur yard\u0131m\u0131yla temizlenebilir. G\u00fc\u00e7 kayna\u011f\u0131 bo\u015flu\u011fu ve \u0131\u015f\u0131k kayna\u011f\u0131 bo\u015flu\u011fu, t\u00fcm lamban\u0131n koruma seviyesini art\u0131rmak i\u00e7in ayr\u0131 ayr\u0131 kapat\u0131lm\u0131\u015ft\u0131r.\" \/>\n<meta property=\"og:url\" content=\"https:\/\/www.zhgdled.com\/tr\/eagle-series-led-street-lights.html\" \/>\n<meta property=\"og:site_name\" content=\"ZHL I\u015f\u0131k Grubu\" \/>\n<meta property=\"article:publisher\" content=\"https:\/\/www.facebook.com\/zhllightinggroup\" \/>\n<meta property=\"article:modified_time\" content=\"2023-12-28T02:14:00+00:00\" \/>\n<meta property=\"og:image\" content=\"https:\/\/www.zhgdled.com\/wp-content\/uploads\/2021\/10\/35-1.png\" \/>\n\t<meta property=\"og:image:width\" content=\"1600\" \/>\n\t<meta property=\"og:image:height\" content=\"1600\" \/>\n\t<meta property=\"og:image:type\" content=\"image\/png\" \/>\n<meta name=\"twitter:card\" content=\"summary_large_image\" \/>\n<meta name=\"twitter:site\" content=\"@zhl_lighting\" \/>\n<meta name=\"twitter:label1\" content=\"Tahmini okuma s\u00fcresi\" \/>\n\t<meta name=\"twitter:data1\" content=\"2 dakika\" \/>\n<script type=\"application\/ld+json\" class=\"yoast-schema-graph\">{\"@context\":\"https:\\\/\\\/schema.org\",\"@graph\":[{\"@type\":\"WebPage\",\"@id\":\"https:\\\/\\\/www.zhgdled.com\\\/tr\\\/eagle-series-led-street-lights.html\",\"url\":\"https:\\\/\\\/www.zhgdled.com\\\/tr\\\/eagle-series-led-street-lights.html\",\"name\":\"EAGLE SER\u0130S\u0130 LED Sokak Lambas\u0131 &#8211; ZHL I\u015f\u0131k Grubu\",\"isPartOf\":{\"@id\":\"https:\\\/\\\/www.zhgdled.com\\\/tr\\\/#website\"},\"primaryImageOfPage\":{\"@id\":\"https:\\\/\\\/www.zhgdled.com\\\/tr\\\/eagle-series-led-street-lights.html#primaryimage\"},\"image\":{\"@id\":\"https:\\\/\\\/www.zhgdled.com\\\/tr\\\/eagle-series-led-street-lights.html#primaryimage\"},\"thumbnailUrl\":\"https:\\\/\\\/www.zhgdled.com\\\/wp-content\\\/uploads\\\/2021\\\/10\\\/35-1.png\",\"datePublished\":\"2023-08-01T06:16:40+00:00\",\"dateModified\":\"2023-12-28T02:14:00+00:00\",\"description\":\"Eagle Serisi LED sokak lambas\u0131, biyonik tasar\u0131ma, benzersiz \u015fekle ve ay\u0131rt edici stile sahiptir; Kendi kendini temizleme fonksiyonu ile kabuk, r\u00fczgar ve ya\u011fmur yard\u0131m\u0131yla temizlenebilir. G\u00fc\u00e7 kayna\u011f\u0131 bo\u015flu\u011fu ve \u0131\u015f\u0131k kayna\u011f\u0131 bo\u015flu\u011fu, t\u00fcm lamban\u0131n koruma seviyesini art\u0131rmak i\u00e7in ayr\u0131 ayr\u0131 kapat\u0131lm\u0131\u015ft\u0131r.\",\"breadcrumb\":{\"@id\":\"https:\\\/\\\/www.zhgdled.com\\\/tr\\\/eagle-series-led-street-lights.html#breadcrumb\"},\"inLanguage\":\"tr\",\"potentialAction\":[{\"@type\":\"ReadAction\",\"target\":[\"https:\\\/\\\/www.zhgdled.com\\\/tr\\\/eagle-series-led-street-lights.html\"]}]},{\"@type\":\"ImageObject\",\"inLanguage\":\"tr\",\"@id\":\"https:\\\/\\\/www.zhgdled.com\\\/tr\\\/eagle-series-led-street-lights.html#primaryimage\",\"url\":\"https:\\\/\\\/www.zhgdled.com\\\/wp-content\\\/uploads\\\/2021\\\/10\\\/35-1.png\",\"contentUrl\":\"https:\\\/\\\/www.zhgdled.com\\\/wp-content\\\/uploads\\\/2021\\\/10\\\/35-1.png\",\"width\":1600,\"height\":1600,\"caption\":\"Eagle Series LED street Light\"},{\"@type\":\"BreadcrumbList\",\"@id\":\"https:\\\/\\\/www.zhgdled.com\\\/tr\\\/eagle-series-led-street-lights.html#breadcrumb\",\"itemListElement\":[{\"@type\":\"ListItem\",\"position\":1,\"name\":\"Home\",\"item\":\"https:\\\/\\\/www.zhgdled.com\\\/tr\"},{\"@type\":\"ListItem\",\"position\":2,\"name\":\"PRODUCTS\",\"item\":\"https:\\\/\\\/www.zhgdled.com\\\/zhl-products.html\"},{\"@type\":\"ListItem\",\"position\":3,\"name\":\"EAGLE SER\u0130S\u0130 LED Sokak Lambas\u0131\"}]},{\"@type\":\"WebSite\",\"@id\":\"https:\\\/\\\/www.zhgdled.com\\\/tr\\\/#website\",\"url\":\"https:\\\/\\\/www.zhgdled.com\\\/tr\\\/\",\"name\":\"ZHL I\u015f\u0131k Grubu\",\"description\":\"Top ranking industrial lighting manufacturer and exporter\",\"publisher\":{\"@id\":\"https:\\\/\\\/www.zhgdled.com\\\/tr\\\/#organization\"},\"potentialAction\":[{\"@type\":\"SearchAction\",\"target\":{\"@type\":\"EntryPoint\",\"urlTemplate\":\"https:\\\/\\\/www.zhgdled.com\\\/tr\\\/?s={search_term_string}\"},\"query-input\":{\"@type\":\"PropertyValueSpecification\",\"valueRequired\":true,\"valueName\":\"search_term_string\"}}],\"inLanguage\":\"tr\"},{\"@type\":\"Organization\",\"@id\":\"https:\\\/\\\/www.zhgdled.com\\\/tr\\\/#organization\",\"name\":\"ZHL Lighting Group\",\"url\":\"https:\\\/\\\/www.zhgdled.com\\\/tr\\\/\",\"logo\":{\"@type\":\"ImageObject\",\"inLanguage\":\"tr\",\"@id\":\"https:\\\/\\\/www.zhgdled.com\\\/tr\\\/#\\\/schema\\\/logo\\\/image\\\/\",\"url\":\"\",\"contentUrl\":\"\",\"caption\":\"ZHL Lighting Group\"},\"image\":{\"@id\":\"https:\\\/\\\/www.zhgdled.com\\\/tr\\\/#\\\/schema\\\/logo\\\/image\\\/\"},\"sameAs\":[\"https:\\\/\\\/www.facebook.com\\\/zhllightinggroup\",\"https:\\\/\\\/x.com\\\/zhl_lighting\"]}]}<\/script>\n<!-- \/ Yoast SEO plugin. -->","yoast_head_json":{"title":"EAGLE SER\u0130S\u0130 LED Sokak Lambas\u0131 &#8211; ZHL I\u015f\u0131k Grubu","description":"Eagle Serisi LED sokak lambas\u0131, biyonik tasar\u0131ma, benzersiz \u015fekle ve ay\u0131rt edici stile sahiptir; Kendi kendini temizleme fonksiyonu ile kabuk, r\u00fczgar ve ya\u011fmur yard\u0131m\u0131yla temizlenebilir. G\u00fc\u00e7 kayna\u011f\u0131 bo\u015flu\u011fu ve \u0131\u015f\u0131k kayna\u011f\u0131 bo\u015flu\u011fu, t\u00fcm lamban\u0131n koruma seviyesini art\u0131rmak i\u00e7in ayr\u0131 ayr\u0131 kapat\u0131lm\u0131\u015ft\u0131r.","robots":{"index":"index","follow":"follow","max-snippet":"max-snippet:-1","max-image-preview":"max-image-preview:large","max-video-preview":"max-video-preview:-1"},"canonical":"https:\/\/www.zhgdled.com\/tr\/eagle-series-led-street-lights.html","og_locale":"tr_TR","og_type":"article","og_title":"EAGLE SER\u0130S\u0130 LED Sokak Lambas\u0131 &#8211; ZHL I\u015f\u0131k Grubu","og_description":"Eagle Serisi LED sokak lambas\u0131, biyonik tasar\u0131ma, benzersiz \u015fekle ve ay\u0131rt edici stile sahiptir; Kendi kendini temizleme fonksiyonu ile kabuk, r\u00fczgar ve ya\u011fmur yard\u0131m\u0131yla temizlenebilir. G\u00fc\u00e7 kayna\u011f\u0131 bo\u015flu\u011fu ve \u0131\u015f\u0131k kayna\u011f\u0131 bo\u015flu\u011fu, t\u00fcm lamban\u0131n koruma seviyesini art\u0131rmak i\u00e7in ayr\u0131 ayr\u0131 kapat\u0131lm\u0131\u015ft\u0131r.","og_url":"https:\/\/www.zhgdled.com\/tr\/eagle-series-led-street-lights.html","og_site_name":"ZHL I\u015f\u0131k Grubu","article_publisher":"https:\/\/www.facebook.com\/zhllightinggroup","article_modified_time":"2023-12-28T02:14:00+00:00","og_image":[{"width":1600,"height":1600,"url":"https:\/\/www.zhgdled.com\/wp-content\/uploads\/2021\/10\/35-1.png","type":"image\/png"}],"twitter_card":"summary_large_image","twitter_site":"@zhl_lighting","twitter_misc":{"Tahmini okuma s\u00fcresi":"2 dakika"},"schema":{"@context":"https:\/\/schema.org","@graph":[{"@type":"WebPage","@id":"https:\/\/www.zhgdled.com\/tr\/eagle-series-led-street-lights.html","url":"https:\/\/www.zhgdled.com\/tr\/eagle-series-led-street-lights.html","name":"EAGLE SER\u0130S\u0130 LED Sokak Lambas\u0131 &#8211; ZHL I\u015f\u0131k Grubu","isPartOf":{"@id":"https:\/\/www.zhgdled.com\/tr\/#website"},"primaryImageOfPage":{"@id":"https:\/\/www.zhgdled.com\/tr\/eagle-series-led-street-lights.html#primaryimage"},"image":{"@id":"https:\/\/www.zhgdled.com\/tr\/eagle-series-led-street-lights.html#primaryimage"},"thumbnailUrl":"https:\/\/www.zhgdled.com\/wp-content\/uploads\/2021\/10\/35-1.png","datePublished":"2023-08-01T06:16:40+00:00","dateModified":"2023-12-28T02:14:00+00:00","description":"Eagle Serisi LED sokak lambas\u0131, biyonik tasar\u0131ma, benzersiz \u015fekle ve ay\u0131rt edici stile sahiptir; Kendi kendini temizleme fonksiyonu ile kabuk, r\u00fczgar ve ya\u011fmur yard\u0131m\u0131yla temizlenebilir. G\u00fc\u00e7 kayna\u011f\u0131 bo\u015flu\u011fu ve \u0131\u015f\u0131k kayna\u011f\u0131 bo\u015flu\u011fu, t\u00fcm lamban\u0131n koruma seviyesini art\u0131rmak i\u00e7in ayr\u0131 ayr\u0131 kapat\u0131lm\u0131\u015ft\u0131r.","breadcrumb":{"@id":"https:\/\/www.zhgdled.com\/tr\/eagle-series-led-street-lights.html#breadcrumb"},"inLanguage":"tr","potentialAction":[{"@type":"ReadAction","target":["https:\/\/www.zhgdled.com\/tr\/eagle-series-led-street-lights.html"]}]},{"@type":"ImageObject","inLanguage":"tr","@id":"https:\/\/www.zhgdled.com\/tr\/eagle-series-led-street-lights.html#primaryimage","url":"https:\/\/www.zhgdled.com\/wp-content\/uploads\/2021\/10\/35-1.png","contentUrl":"https:\/\/www.zhgdled.com\/wp-content\/uploads\/2021\/10\/35-1.png","width":1600,"height":1600,"caption":"Eagle Series LED street Light"},{"@type":"BreadcrumbList","@id":"https:\/\/www.zhgdled.com\/tr\/eagle-series-led-street-lights.html#breadcrumb","itemListElement":[{"@type":"ListItem","position":1,"name":"Home","item":"https:\/\/www.zhgdled.com\/tr"},{"@type":"ListItem","position":2,"name":"PRODUCTS","item":"https:\/\/www.zhgdled.com\/zhl-products.html"},{"@type":"ListItem","position":3,"name":"EAGLE SER\u0130S\u0130 LED Sokak Lambas\u0131"}]},{"@type":"WebSite","@id":"https:\/\/www.zhgdled.com\/tr\/#website","url":"https:\/\/www.zhgdled.com\/tr\/","name":"ZHL I\u015f\u0131k Grubu","description":"Top ranking industrial lighting manufacturer and exporter","publisher":{"@id":"https:\/\/www.zhgdled.com\/tr\/#organization"},"potentialAction":[{"@type":"SearchAction","target":{"@type":"EntryPoint","urlTemplate":"https:\/\/www.zhgdled.com\/tr\/?s={search_term_string}"},"query-input":{"@type":"PropertyValueSpecification","valueRequired":true,"valueName":"search_term_string"}}],"inLanguage":"tr"},{"@type":"Organization","@id":"https:\/\/www.zhgdled.com\/tr\/#organization","name":"ZHL Lighting Group","url":"https:\/\/www.zhgdled.com\/tr\/","logo":{"@type":"ImageObject","inLanguage":"tr","@id":"https:\/\/www.zhgdled.com\/tr\/#\/schema\/logo\/image\/","url":"","contentUrl":"","caption":"ZHL Lighting Group"},"image":{"@id":"https:\/\/www.zhgdled.com\/tr\/#\/schema\/logo\/image\/"},"sameAs":["https:\/\/www.facebook.com\/zhllightinggroup","https:\/\/x.com\/zhl_lighting"]}]}},"_links":{"self":[{"href":"https:\/\/www.zhgdled.com\/tr\/wp-json\/wp\/v2\/product\/21005","targetHints":{"allow":["GET"]}}],"collection":[{"href":"https:\/\/www.zhgdled.com\/tr\/wp-json\/wp\/v2\/product"}],"about":[{"href":"https:\/\/www.zhgdled.com\/tr\/wp-json\/wp\/v2\/types\/product"}],"wp:featuredmedia":[{"embeddable":true,"href":"https:\/\/www.zhgdled.com\/tr\/wp-json\/wp\/v2\/media\/13668"}],"wp:attachment":[{"href":"https:\/\/www.zhgdled.com\/tr\/wp-json\/wp\/v2\/media?parent=21005"}],"wp:term":[{"taxonomy":"product_brand","embeddable":true,"href":"https:\/\/www.zhgdled.com\/tr\/wp-json\/wp\/v2\/product_brand?post=21005"},{"taxonomy":"product_cat","embeddable":true,"href":"https:\/\/www.zhgdled.com\/tr\/wp-json\/wp\/v2\/product_cat?post=21005"},{"taxonomy":"product_tag","embeddable":true,"href":"https:\/\/www.zhgdled.com\/tr\/wp-json\/wp\/v2\/product_tag?post=21005"}],"curies":[{"name":"wp","href":"https:\/\/api.w.org\/{rel}","templated":true}]}}