{"id":21237,"date":"2023-08-09T08:57:44","date_gmt":"2023-08-09T00:57:44","guid":{"rendered":"https:\/\/www.zhgdled.com\/product\/moon-series-industrial-led-high-bay-light"},"modified":"2023-12-28T09:57:00","modified_gmt":"2023-12-28T01:57:00","slug":"moon-series-industrial-led-high-bay-light","status":"publish","type":"product","link":"https:\/\/www.zhgdled.com\/tr\/moon-series-industrial-led-high-bay-light.html","title":{"rendered":"Moon Serisi Y\u00fcksek Tavan (High Bay) I\u015f\u0131k"},"content":{"rendered":"<h2>END\u00dcSTR\u0130YEL KULLANIM \u0130\u00c7\u0130N \u00d6ZEL TASARIM<\/h2>\n<ul>\n<li>Moon Serisi, ma\u011fazalar, sergi salonlar\u0131, arenalar, konferans salonlar\u0131 vb. i\u00e7in ger\u00e7ek rengi eski haline getirmek i\u00e7in ola\u011fan\u00fcst\u00fc y\u00fcksek bir CRI&#8217;ye (&gt;80) ula\u015f\u0131r.<\/li>\n<li>IEC62471 uyumlu \u2013 Ay Serisi hi\u00e7bir zaman hem geleneksel HID hem de floresan \u0131\u015f\u0131k kaynaklar\u0131nda yayg\u0131n olan UV \u00fcretmez. Geleneksel lemina \u00fczerindeki UV, nesnelerin rengini bozar.<\/li>\n<li>So\u011futucu ve di\u011fer aksesuarlar, sert ortamlar i\u00e7in artan yap\u0131\u015fma ve korozyona kar\u015f\u0131 diren\u00e7 sa\u011flayan toz kaplamal\u0131d\u0131r.<\/li>\n<\/ul>\n<p>&nbsp;<\/p>\n<h2>\u00d6ZELL\u0130KLER<\/h2>\n<table width=\"856\">\n<tbody>\n<tr>\n<td width=\"182\"><strong>Vat miktar\u0131<\/strong><\/td>\n<td width=\"178\"><strong>100W<\/strong><\/td>\n<td width=\"163\"><strong>150W<\/strong><\/td>\n<td width=\"243\"><strong>200W<\/strong><\/td>\n<\/tr>\n<tr>\n<td width=\"182\"><strong>Boyut<\/strong><\/td>\n<td width=\"178\"><strong><b>\u03a6<\/b><\/strong><strong><b>206mm * H119mm<\/b><\/strong><\/td>\n<td width=\"163\"><strong><b>\u03a6<\/b><\/strong><strong><b>250mm * H125mm<\/b><\/strong><\/td>\n<td width=\"243\"><strong><b>\u03a6<\/b><\/strong><strong><b>294mm * H141mm<\/b><\/strong><\/td>\n<\/tr>\n<tr>\n<td width=\"182\"><strong>I\u015f\u0131k ak\u0131s\u0131<\/strong><\/td>\n<td width=\"178\"><strong>13500LM<\/strong><\/td>\n<td width=\"163\"><strong>20250LM<\/strong><\/td>\n<td width=\"243\"><strong>27000LM<\/strong><\/td>\n<\/tr>\n<tr>\n<td width=\"182\"><strong>LED Cips<\/strong><\/td>\n<td colspan=\"3\" width=\"584\"><strong>SMD 2835<\/strong><\/td>\n<\/tr>\n<tr>\n<td width=\"182\"><strong>Renk S\u0131cakl\u0131\u011f\u0131 (CCT)<\/strong><\/td>\n<td colspan=\"3\" width=\"584\"><strong>2700-6500K<\/strong><\/td>\n<\/tr>\n<tr>\n<td width=\"182\"><strong>I\u015f\u0131k Verimlili\u011fi (lm\/w)<\/strong><\/td>\n<td colspan=\"3\" width=\"584\"><strong>135<\/strong><strong>Lm\/w<\/strong><\/td>\n<\/tr>\n<tr>\n<td width=\"182\"><strong>Giri\u015f Voltaj\u0131 (V)<\/strong><\/td>\n<td colspan=\"3\" width=\"584\"><strong>AC100-2<\/strong><strong>77<\/strong><strong>V\/AC220-240V<\/strong><\/td>\n<\/tr>\n<tr>\n<td width=\"182\"><strong>PF<\/strong><\/td>\n<td colspan=\"3\" width=\"584\"><strong>&gt;0.9<\/strong><strong>5<\/strong><\/td>\n<\/tr>\n<tr>\n<td width=\"182\"><strong>CRI (Ra)<\/strong><\/td>\n<td colspan=\"3\" width=\"584\"><strong>&gt;80<\/strong><\/td>\n<\/tr>\n<tr>\n<td width=\"182\"><strong>I\u015f\u0131n A\u00e7\u0131s\u0131(\u00b0)<\/strong><\/td>\n<td colspan=\"3\" width=\"584\"><strong>60\/90\/<\/strong><strong>120<\/strong><\/td>\n<\/tr>\n<tr>\n<td width=\"182\"><strong>IP Derecesi<\/strong><\/td>\n<td colspan=\"3\" width=\"584\"><strong>IP65<\/strong><\/td>\n<\/tr>\n<tr>\n<td width=\"182\"><strong>Malzeme<\/strong><\/td>\n<td colspan=\"3\" width=\"584\"><strong>Al\u00fcminyum G\u00f6vde +\u00a0PC\u00a0Kapa\u011f\u0131<\/strong><\/td>\n<\/tr>\n<tr>\n<td width=\"182\"><strong>\u00c7al\u0131\u015fma S\u0131cakl\u0131\u011f\u0131 (\u2103)<\/strong><\/td>\n<td colspan=\"3\" width=\"584\"><strong>-20-<\/strong><strong>+<\/strong><strong>50<\/strong><\/td>\n<\/tr>\n<tr>\n<td width=\"182\"><strong>Garanti (Y\u0131l)<\/strong><\/td>\n<td colspan=\"3\" width=\"584\"><strong>2\/3\/5 Years<\/strong><\/td>\n<\/tr>\n<tr>\n<td width=\"182\"><strong>Sertifika<\/strong><\/td>\n<td colspan=\"3\" width=\"584\"><strong>CE,<\/strong><strong>\u00a0<\/strong><strong>ERP,<\/strong><strong>\u00a0<\/strong><strong>RoHS<\/strong><strong>, UL, CB<\/strong><\/td>\n<\/tr>\n<tr>\n<td width=\"182\"><strong>HID E\u015fde\u011feri<\/strong><\/td>\n<td width=\"178\"><strong>250W<\/strong><\/td>\n<td width=\"163\"><strong>400W<\/strong><\/td>\n<td width=\"243\"><strong>450W<\/strong><\/td>\n<\/tr>\n<\/tbody>\n<\/table>\n<div class=\"J_module\">\n<div id=\"ali-anchor-AliMagic-s5qei7\" class=\"magic-0\" data-section=\"AliMagic-s5qei7\" data-section-title=\"Product Description\" data-spm-anchor-id=\"a2700.details.0.i20.2d8a1a34X1y9Gb\"><\/div>\n<\/div>\n<div class=\"J_module\">\n<div class=\"icbu-pc-detailManyImage magic-1\" data-module-name=\"icbu-pc-detailManyImage\">\n<div class=\"magic-4\"><\/div>\n<div class=\"magic-6\"><\/div>\n<\/div>\n<\/div>\n","protected":false},"excerpt":{"rendered":"<p>Moon Serisi UFO High Bay Y\u00fcksek Tavan I\u015f\u0131k, ma\u011fazalar, sergi salonlar\u0131, arenalar, konferans salonlar\u0131 vb. i\u00e7in ger\u00e7ek rengi geri y\u00fcklemek i\u00e7in istisnai bir \u015fekilde y\u00fcksek bir CRI&#8217;ye (&gt;80) ula\u015f\u0131r. floresan \u0131\u015f\u0131k kaynaklar\u0131. Geleneksel leminare \u00fczerindeki UV, nesnelerin rengini a\u00e7ar.<\/p>\n<p>So\u011futucu ve di\u011fer aksesuarlar, yap\u0131\u015fmay\u0131 art\u0131ran ve zorlu ortamlar i\u00e7in korozyona diren\u00e7li olan toz boya ile kaplanm\u0131\u015ft\u0131r.<\/p>\n<p>&nbsp;<\/p>\n<ul>\n<li>100W \/ 150W \/ 200W<\/li>\n<li>13.500 lm \u2013 27.000 lm<\/li>\n<li>2700K \u2013 6500K<\/li>\n<li>Verimlilik: 135 lm\/w<\/li>\n<li>Giri\u015f: AC100-277V\/AC220-240V<\/li>\n<li>CE, ERP, RoHS, UL, CB<\/li>\n<\/ul>\n","protected":false},"featured_media":13638,"template":"","meta":[],"product_brand":[],"product_cat":[667],"product_tag":[],"class_list":{"0":"post-21237","1":"product","2":"type-product","3":"status-publish","4":"has-post-thumbnail","6":"product_cat-yuksek-koy-isik","8":"first","9":"instock","10":"featured","11":"shipping-taxable","12":"product-type-simple"},"yoast_head":"<!-- This site is optimized with the Yoast SEO plugin v27.4 - https:\/\/yoast.com\/product\/yoast-seo-wordpress\/ -->\n<title>Moon Serisi Y\u00fcksek Tavan (High Bay) I\u015f\u0131k &#8211; ZHL I\u015f\u0131k Grubu<\/title>\n<meta name=\"description\" content=\"Moon Serisi, ma\u011fazalar, sergi salonlar\u0131, arenalar, konferans salonlar\u0131 vb. i\u00e7in ger\u00e7ek rengi eski haline getirmek i\u00e7in ola\u011fan\u00fcst\u00fc y\u00fcksek bir CRI&#039;ye (&gt;80) ula\u015f\u0131r.IEC62471 uyumlu \u2013 Ay Serisi hi\u00e7bir zaman hem geleneksel HID hem de floresan \u0131\u015f\u0131k kaynaklar\u0131nda yayg\u0131n olan UV \u00fcretmez. Geleneksel lemina \u00fczerindeki UV, nesnelerin rengini bozar.So\u011futucu ve di\u011fer aksesuarlar, sert ortamlar i\u00e7in artan yap\u0131\u015fma ve korozyona kar\u015f\u0131 diren\u00e7 sa\u011flayan toz kaplamal\u0131d\u0131r.\" \/>\n<meta name=\"robots\" content=\"index, follow, max-snippet:-1, max-image-preview:large, max-video-preview:-1\" \/>\n<link rel=\"canonical\" href=\"https:\/\/www.zhgdled.com\/tr\/moon-series-industrial-led-high-bay-light.html\" \/>\n<meta property=\"og:locale\" content=\"tr_TR\" \/>\n<meta property=\"og:type\" content=\"article\" \/>\n<meta property=\"og:title\" content=\"Moon Serisi Y\u00fcksek Tavan (High Bay) I\u015f\u0131k &#8211; ZHL I\u015f\u0131k Grubu\" \/>\n<meta property=\"og:description\" content=\"Moon Serisi, ma\u011fazalar, sergi salonlar\u0131, arenalar, konferans salonlar\u0131 vb. i\u00e7in ger\u00e7ek rengi eski haline getirmek i\u00e7in ola\u011fan\u00fcst\u00fc y\u00fcksek bir CRI&#039;ye (&gt;80) ula\u015f\u0131r.IEC62471 uyumlu \u2013 Ay Serisi hi\u00e7bir zaman hem geleneksel HID hem de floresan \u0131\u015f\u0131k kaynaklar\u0131nda yayg\u0131n olan UV \u00fcretmez. Geleneksel lemina \u00fczerindeki UV, nesnelerin rengini bozar.So\u011futucu ve di\u011fer aksesuarlar, sert ortamlar i\u00e7in artan yap\u0131\u015fma ve korozyona kar\u015f\u0131 diren\u00e7 sa\u011flayan toz kaplamal\u0131d\u0131r.\" \/>\n<meta property=\"og:url\" content=\"https:\/\/www.zhgdled.com\/tr\/moon-series-industrial-led-high-bay-light.html\" \/>\n<meta property=\"og:site_name\" content=\"ZHL I\u015f\u0131k Grubu\" \/>\n<meta property=\"article:publisher\" content=\"https:\/\/www.facebook.com\/zhllightinggroup\" \/>\n<meta property=\"article:modified_time\" content=\"2023-12-28T01:57:00+00:00\" \/>\n<meta property=\"og:image\" content=\"https:\/\/www.zhgdled.com\/wp-content\/uploads\/2021\/10\/33.png\" \/>\n\t<meta property=\"og:image:width\" content=\"1600\" \/>\n\t<meta property=\"og:image:height\" content=\"1600\" \/>\n\t<meta property=\"og:image:type\" content=\"image\/png\" \/>\n<meta name=\"twitter:card\" content=\"summary_large_image\" \/>\n<meta name=\"twitter:site\" content=\"@zhl_lighting\" \/>\n<meta name=\"twitter:label1\" content=\"Tahmini okuma s\u00fcresi\" \/>\n\t<meta name=\"twitter:data1\" content=\"1 dakika\" \/>\n<script type=\"application\/ld+json\" class=\"yoast-schema-graph\">{\"@context\":\"https:\\\/\\\/schema.org\",\"@graph\":[{\"@type\":\"WebPage\",\"@id\":\"https:\\\/\\\/www.zhgdled.com\\\/tr\\\/moon-series-industrial-led-high-bay-light.html\",\"url\":\"https:\\\/\\\/www.zhgdled.com\\\/tr\\\/moon-series-industrial-led-high-bay-light.html\",\"name\":\"Moon Serisi Y\u00fcksek Tavan (High Bay) I\u015f\u0131k &#8211; ZHL I\u015f\u0131k Grubu\",\"isPartOf\":{\"@id\":\"https:\\\/\\\/www.zhgdled.com\\\/tr\\\/#website\"},\"primaryImageOfPage\":{\"@id\":\"https:\\\/\\\/www.zhgdled.com\\\/tr\\\/moon-series-industrial-led-high-bay-light.html#primaryimage\"},\"image\":{\"@id\":\"https:\\\/\\\/www.zhgdled.com\\\/tr\\\/moon-series-industrial-led-high-bay-light.html#primaryimage\"},\"thumbnailUrl\":\"https:\\\/\\\/www.zhgdled.com\\\/wp-content\\\/uploads\\\/2021\\\/10\\\/33.png\",\"datePublished\":\"2023-08-09T00:57:44+00:00\",\"dateModified\":\"2023-12-28T01:57:00+00:00\",\"description\":\"Moon Serisi, ma\u011fazalar, sergi salonlar\u0131, arenalar, konferans salonlar\u0131 vb. i\u00e7in ger\u00e7ek rengi eski haline getirmek i\u00e7in ola\u011fan\u00fcst\u00fc y\u00fcksek bir CRI'ye (>80) ula\u015f\u0131r.IEC62471 uyumlu \u2013 Ay Serisi hi\u00e7bir zaman hem geleneksel HID hem de floresan \u0131\u015f\u0131k kaynaklar\u0131nda yayg\u0131n olan UV \u00fcretmez. Geleneksel lemina \u00fczerindeki UV, nesnelerin rengini bozar.So\u011futucu ve di\u011fer aksesuarlar, sert ortamlar i\u00e7in artan yap\u0131\u015fma ve korozyona kar\u015f\u0131 diren\u00e7 sa\u011flayan toz kaplamal\u0131d\u0131r.\",\"breadcrumb\":{\"@id\":\"https:\\\/\\\/www.zhgdled.com\\\/tr\\\/moon-series-industrial-led-high-bay-light.html#breadcrumb\"},\"inLanguage\":\"tr\",\"potentialAction\":[{\"@type\":\"ReadAction\",\"target\":[\"https:\\\/\\\/www.zhgdled.com\\\/tr\\\/moon-series-industrial-led-high-bay-light.html\"]}]},{\"@type\":\"ImageObject\",\"inLanguage\":\"tr\",\"@id\":\"https:\\\/\\\/www.zhgdled.com\\\/tr\\\/moon-series-industrial-led-high-bay-light.html#primaryimage\",\"url\":\"https:\\\/\\\/www.zhgdled.com\\\/wp-content\\\/uploads\\\/2021\\\/10\\\/33.png\",\"contentUrl\":\"https:\\\/\\\/www.zhgdled.com\\\/wp-content\\\/uploads\\\/2021\\\/10\\\/33.png\",\"width\":1600,\"height\":1600,\"caption\":\"Moon Series High Bay light\"},{\"@type\":\"BreadcrumbList\",\"@id\":\"https:\\\/\\\/www.zhgdled.com\\\/tr\\\/moon-series-industrial-led-high-bay-light.html#breadcrumb\",\"itemListElement\":[{\"@type\":\"ListItem\",\"position\":1,\"name\":\"Home\",\"item\":\"https:\\\/\\\/www.zhgdled.com\\\/tr\"},{\"@type\":\"ListItem\",\"position\":2,\"name\":\"PRODUCTS\",\"item\":\"https:\\\/\\\/www.zhgdled.com\\\/zhl-products.html\"},{\"@type\":\"ListItem\",\"position\":3,\"name\":\"Moon Serisi Y\u00fcksek Tavan (High Bay) I\u015f\u0131k\"}]},{\"@type\":\"WebSite\",\"@id\":\"https:\\\/\\\/www.zhgdled.com\\\/tr\\\/#website\",\"url\":\"https:\\\/\\\/www.zhgdled.com\\\/tr\\\/\",\"name\":\"ZHL I\u015f\u0131k Grubu\",\"description\":\"Top ranking industrial lighting manufacturer and exporter\",\"publisher\":{\"@id\":\"https:\\\/\\\/www.zhgdled.com\\\/tr\\\/#organization\"},\"potentialAction\":[{\"@type\":\"SearchAction\",\"target\":{\"@type\":\"EntryPoint\",\"urlTemplate\":\"https:\\\/\\\/www.zhgdled.com\\\/tr\\\/?s={search_term_string}\"},\"query-input\":{\"@type\":\"PropertyValueSpecification\",\"valueRequired\":true,\"valueName\":\"search_term_string\"}}],\"inLanguage\":\"tr\"},{\"@type\":\"Organization\",\"@id\":\"https:\\\/\\\/www.zhgdled.com\\\/tr\\\/#organization\",\"name\":\"ZHL Lighting Group\",\"url\":\"https:\\\/\\\/www.zhgdled.com\\\/tr\\\/\",\"logo\":{\"@type\":\"ImageObject\",\"inLanguage\":\"tr\",\"@id\":\"https:\\\/\\\/www.zhgdled.com\\\/tr\\\/#\\\/schema\\\/logo\\\/image\\\/\",\"url\":\"\",\"contentUrl\":\"\",\"caption\":\"ZHL Lighting Group\"},\"image\":{\"@id\":\"https:\\\/\\\/www.zhgdled.com\\\/tr\\\/#\\\/schema\\\/logo\\\/image\\\/\"},\"sameAs\":[\"https:\\\/\\\/www.facebook.com\\\/zhllightinggroup\",\"https:\\\/\\\/x.com\\\/zhl_lighting\"]}]}<\/script>\n<!-- \/ Yoast SEO plugin. -->","yoast_head_json":{"title":"Moon Serisi Y\u00fcksek Tavan (High Bay) I\u015f\u0131k &#8211; ZHL I\u015f\u0131k Grubu","description":"Moon Serisi, ma\u011fazalar, sergi salonlar\u0131, arenalar, konferans salonlar\u0131 vb. i\u00e7in ger\u00e7ek rengi eski haline getirmek i\u00e7in ola\u011fan\u00fcst\u00fc y\u00fcksek bir CRI'ye (>80) ula\u015f\u0131r.IEC62471 uyumlu \u2013 Ay Serisi hi\u00e7bir zaman hem geleneksel HID hem de floresan \u0131\u015f\u0131k kaynaklar\u0131nda yayg\u0131n olan UV \u00fcretmez. Geleneksel lemina \u00fczerindeki UV, nesnelerin rengini bozar.So\u011futucu ve di\u011fer aksesuarlar, sert ortamlar i\u00e7in artan yap\u0131\u015fma ve korozyona kar\u015f\u0131 diren\u00e7 sa\u011flayan toz kaplamal\u0131d\u0131r.","robots":{"index":"index","follow":"follow","max-snippet":"max-snippet:-1","max-image-preview":"max-image-preview:large","max-video-preview":"max-video-preview:-1"},"canonical":"https:\/\/www.zhgdled.com\/tr\/moon-series-industrial-led-high-bay-light.html","og_locale":"tr_TR","og_type":"article","og_title":"Moon Serisi Y\u00fcksek Tavan (High Bay) I\u015f\u0131k &#8211; ZHL I\u015f\u0131k Grubu","og_description":"Moon Serisi, ma\u011fazalar, sergi salonlar\u0131, arenalar, konferans salonlar\u0131 vb. i\u00e7in ger\u00e7ek rengi eski haline getirmek i\u00e7in ola\u011fan\u00fcst\u00fc y\u00fcksek bir CRI'ye (>80) ula\u015f\u0131r.IEC62471 uyumlu \u2013 Ay Serisi hi\u00e7bir zaman hem geleneksel HID hem de floresan \u0131\u015f\u0131k kaynaklar\u0131nda yayg\u0131n olan UV \u00fcretmez. Geleneksel lemina \u00fczerindeki UV, nesnelerin rengini bozar.So\u011futucu ve di\u011fer aksesuarlar, sert ortamlar i\u00e7in artan yap\u0131\u015fma ve korozyona kar\u015f\u0131 diren\u00e7 sa\u011flayan toz kaplamal\u0131d\u0131r.","og_url":"https:\/\/www.zhgdled.com\/tr\/moon-series-industrial-led-high-bay-light.html","og_site_name":"ZHL I\u015f\u0131k Grubu","article_publisher":"https:\/\/www.facebook.com\/zhllightinggroup","article_modified_time":"2023-12-28T01:57:00+00:00","og_image":[{"width":1600,"height":1600,"url":"https:\/\/www.zhgdled.com\/wp-content\/uploads\/2021\/10\/33.png","type":"image\/png"}],"twitter_card":"summary_large_image","twitter_site":"@zhl_lighting","twitter_misc":{"Tahmini okuma s\u00fcresi":"1 dakika"},"schema":{"@context":"https:\/\/schema.org","@graph":[{"@type":"WebPage","@id":"https:\/\/www.zhgdled.com\/tr\/moon-series-industrial-led-high-bay-light.html","url":"https:\/\/www.zhgdled.com\/tr\/moon-series-industrial-led-high-bay-light.html","name":"Moon Serisi Y\u00fcksek Tavan (High Bay) I\u015f\u0131k &#8211; ZHL I\u015f\u0131k Grubu","isPartOf":{"@id":"https:\/\/www.zhgdled.com\/tr\/#website"},"primaryImageOfPage":{"@id":"https:\/\/www.zhgdled.com\/tr\/moon-series-industrial-led-high-bay-light.html#primaryimage"},"image":{"@id":"https:\/\/www.zhgdled.com\/tr\/moon-series-industrial-led-high-bay-light.html#primaryimage"},"thumbnailUrl":"https:\/\/www.zhgdled.com\/wp-content\/uploads\/2021\/10\/33.png","datePublished":"2023-08-09T00:57:44+00:00","dateModified":"2023-12-28T01:57:00+00:00","description":"Moon Serisi, ma\u011fazalar, sergi salonlar\u0131, arenalar, konferans salonlar\u0131 vb. i\u00e7in ger\u00e7ek rengi eski haline getirmek i\u00e7in ola\u011fan\u00fcst\u00fc y\u00fcksek bir CRI'ye (>80) ula\u015f\u0131r.IEC62471 uyumlu \u2013 Ay Serisi hi\u00e7bir zaman hem geleneksel HID hem de floresan \u0131\u015f\u0131k kaynaklar\u0131nda yayg\u0131n olan UV \u00fcretmez. Geleneksel lemina \u00fczerindeki UV, nesnelerin rengini bozar.So\u011futucu ve di\u011fer aksesuarlar, sert ortamlar i\u00e7in artan yap\u0131\u015fma ve korozyona kar\u015f\u0131 diren\u00e7 sa\u011flayan toz kaplamal\u0131d\u0131r.","breadcrumb":{"@id":"https:\/\/www.zhgdled.com\/tr\/moon-series-industrial-led-high-bay-light.html#breadcrumb"},"inLanguage":"tr","potentialAction":[{"@type":"ReadAction","target":["https:\/\/www.zhgdled.com\/tr\/moon-series-industrial-led-high-bay-light.html"]}]},{"@type":"ImageObject","inLanguage":"tr","@id":"https:\/\/www.zhgdled.com\/tr\/moon-series-industrial-led-high-bay-light.html#primaryimage","url":"https:\/\/www.zhgdled.com\/wp-content\/uploads\/2021\/10\/33.png","contentUrl":"https:\/\/www.zhgdled.com\/wp-content\/uploads\/2021\/10\/33.png","width":1600,"height":1600,"caption":"Moon Series High Bay light"},{"@type":"BreadcrumbList","@id":"https:\/\/www.zhgdled.com\/tr\/moon-series-industrial-led-high-bay-light.html#breadcrumb","itemListElement":[{"@type":"ListItem","position":1,"name":"Home","item":"https:\/\/www.zhgdled.com\/tr"},{"@type":"ListItem","position":2,"name":"PRODUCTS","item":"https:\/\/www.zhgdled.com\/zhl-products.html"},{"@type":"ListItem","position":3,"name":"Moon Serisi Y\u00fcksek Tavan (High Bay) I\u015f\u0131k"}]},{"@type":"WebSite","@id":"https:\/\/www.zhgdled.com\/tr\/#website","url":"https:\/\/www.zhgdled.com\/tr\/","name":"ZHL I\u015f\u0131k Grubu","description":"Top ranking industrial lighting manufacturer and exporter","publisher":{"@id":"https:\/\/www.zhgdled.com\/tr\/#organization"},"potentialAction":[{"@type":"SearchAction","target":{"@type":"EntryPoint","urlTemplate":"https:\/\/www.zhgdled.com\/tr\/?s={search_term_string}"},"query-input":{"@type":"PropertyValueSpecification","valueRequired":true,"valueName":"search_term_string"}}],"inLanguage":"tr"},{"@type":"Organization","@id":"https:\/\/www.zhgdled.com\/tr\/#organization","name":"ZHL Lighting Group","url":"https:\/\/www.zhgdled.com\/tr\/","logo":{"@type":"ImageObject","inLanguage":"tr","@id":"https:\/\/www.zhgdled.com\/tr\/#\/schema\/logo\/image\/","url":"","contentUrl":"","caption":"ZHL Lighting Group"},"image":{"@id":"https:\/\/www.zhgdled.com\/tr\/#\/schema\/logo\/image\/"},"sameAs":["https:\/\/www.facebook.com\/zhllightinggroup","https:\/\/x.com\/zhl_lighting"]}]}},"_links":{"self":[{"href":"https:\/\/www.zhgdled.com\/tr\/wp-json\/wp\/v2\/product\/21237","targetHints":{"allow":["GET"]}}],"collection":[{"href":"https:\/\/www.zhgdled.com\/tr\/wp-json\/wp\/v2\/product"}],"about":[{"href":"https:\/\/www.zhgdled.com\/tr\/wp-json\/wp\/v2\/types\/product"}],"wp:featuredmedia":[{"embeddable":true,"href":"https:\/\/www.zhgdled.com\/tr\/wp-json\/wp\/v2\/media\/13638"}],"wp:attachment":[{"href":"https:\/\/www.zhgdled.com\/tr\/wp-json\/wp\/v2\/media?parent=21237"}],"wp:term":[{"taxonomy":"product_brand","embeddable":true,"href":"https:\/\/www.zhgdled.com\/tr\/wp-json\/wp\/v2\/product_brand?post=21237"},{"taxonomy":"product_cat","embeddable":true,"href":"https:\/\/www.zhgdled.com\/tr\/wp-json\/wp\/v2\/product_cat?post=21237"},{"taxonomy":"product_tag","embeddable":true,"href":"https:\/\/www.zhgdled.com\/tr\/wp-json\/wp\/v2\/product_tag?post=21237"}],"curies":[{"name":"wp","href":"https:\/\/api.w.org\/{rel}","templated":true}]}}