{"id":21752,"date":"2024-03-26T09:52:15","date_gmt":"2023-08-21T01:52:15","guid":{"rendered":"https:\/\/www.zhgdled.com\/product\/spring-series-led-industrial-flood-light"},"modified":"2024-03-26T11:58:47","modified_gmt":"2024-03-26T03:58:47","slug":"spring-series-led-industrial-flood-light","status":"publish","type":"product","link":"https:\/\/www.zhgdled.com\/tr\/spring-series-led-industrial-flood-light.html","title":{"rendered":"SPRING Serisi LED End\u00fcstriyel Ta\u015fk\u0131n I\u015f\u0131k"},"content":{"rendered":"<h2><strong>Mekan\u0131n\u0131z\u0131 \u00c7ok Y\u00f6nl\u00fc Bahar Serisi Sis I\u015f\u0131klar\u0131yla Ayd\u0131nlat\u0131n<\/strong><\/h2>\n<p>D\u0131\u015f mekanlar\u0131 verimlilik, dayan\u0131kl\u0131l\u0131k ve \u00e7ok y\u00f6nl\u00fcl\u00fckle ayd\u0131nlatma konusunda bahar serisi sis \u0131\u015f\u0131klar\u0131, yenilik\u00e7i bir \u00e7\u00f6z\u00fcm olarak \u00f6ne \u00e7\u0131k\u0131yor. D\u0131\u015f mekan ayd\u0131nlatma uygulamalar\u0131n\u0131n \u00e7e\u015fitli ihtiya\u00e7lar\u0131n\u0131 kar\u015f\u0131lamak \u00fczere tasarlanan bu sis \u0131\u015f\u0131klar\u0131, 10W&#8217;dan 400W&#8217;a kadar g\u00fc\u00e7 se\u00e7enekleri sunarak her k\u00f6\u015fenin m\u00fckemmel bir \u015fekilde ayd\u0131nlat\u0131lmas\u0131n\u0131 sa\u011fl\u0131yor.<\/p>\n<h3>G\u00fc\u00e7 ve Verimlilik<\/h3>\n<p>Bahar Serisi sis \u0131\u015f\u0131klar\u0131, 10W&#8217;dan ba\u015flayarak 400W&#8217;a kadar \u00e7e\u015fitli g\u00fc\u00e7 derecelerinde gelir. G\u00fc\u00e7 varyant\u0131na bak\u0131lmaks\u0131z\u0131n, her bir \u00fcnite etkileyici 120lm\/w ayd\u0131nlatma verimlili\u011fine sahiptir, b\u00f6ylece her watt g\u00fcc\u00fcn parlak, enerji verimli bir ayd\u0131nlatmaya d\u00f6n\u00fc\u015ft\u00fc\u011f\u00fcnden emin olunur. K\u00fc\u00e7\u00fck bir bah\u00e7e veya geni\u015f bir d\u0131\u015f mekan alan\u0131 olsun, bu sis \u0131\u015f\u0131klar\u0131 hepsiyle ba\u015fa \u00e7\u0131kmak i\u00e7in donat\u0131lm\u0131\u015ft\u0131r.<\/p>\n<h3>Son Teknoloji LED<\/h3>\n<p>SMD 2835 LED&#8217;ler taraf\u0131ndan desteklenen Bahar Serisi sis \u0131\u015f\u0131klar\u0131, tutarl\u0131 ve y\u00fcksek kaliteli bir \u0131\u015f\u0131k \u00e7\u0131k\u0131\u015f\u0131 sa\u011flar. Bu LED&#8217;ler, g\u00fcvenilirlikleri, uzun \u00f6m\u00fcrleri ve \u00fcst\u00fcn performanslar\u0131 ile bilinirler, b\u00f6ylece d\u0131\u015f mekan alanlar\u0131n\u0131z\u0131n uzun y\u0131llar boyunca iyi ayd\u0131nlat\u0131lmas\u0131n\u0131 sa\u011flarlar.<\/p>\n<h3>Ayarlanabilir Renk S\u0131cakl\u0131\u011f\u0131 ve I\u015f\u0131n A\u00e7\u0131s\u0131<\/h3>\n<p>2700K ile 6500K aras\u0131nda de\u011fi\u015fen bir renk s\u0131cakl\u0131\u011f\u0131na sahip olan bu sis \u0131\u015f\u0131klar\u0131, d\u0131\u015f mekan alanlar\u0131n\u0131z\u0131n atmosferini tercihinize g\u00f6re \u00f6zelle\u015ftirmenize olanak tan\u0131r. Ayr\u0131ca, 60 dereceden 160 dereceye kadar de\u011fi\u015fen \u00e7ok y\u00f6nl\u00fc \u0131\u015f\u0131n a\u00e7\u0131s\u0131 se\u00e7enekleri, \u0131\u015f\u0131\u011f\u0131n yay\u0131lma ve odaklanma\u0131n\u0131 hassas bir \u015fekilde kontrol etmenize olanak tan\u0131r, farkl\u0131 ayd\u0131nlatma gereksinimlerini kolayca kar\u015f\u0131laman\u0131za olanak sa\u011flar.<\/p>\n<h3>Sa\u011flam Yap\u0131<\/h3>\n<p>Dayan\u0131kl\u0131l\u0131k g\u00f6z \u00f6n\u00fcnde bulundurularak tasarlanm\u0131\u015f Bahar Serisi sis \u0131\u015f\u0131klar\u0131, al\u00fcminyum g\u00f6vde, PC lens ve darbeye dayan\u0131kl\u0131 cam kapak ile donat\u0131lm\u0131\u015ft\u0131r. Bu sa\u011flam yap\u0131, sert hava ko\u015fullar\u0131na, korozyona ve darbelere kar\u015f\u0131 koruma sa\u011flar, g\u00fcvenilirli\u011fin temel oldu\u011fu d\u0131\u015f mekan ortamlar\u0131 i\u00e7in ideal hale getirir.<\/p>\n<h3>Y\u00fcksek Performans ve G\u00fcvenlik Standartlar\u0131<\/h3>\n<p>0.9&#8217;dan b\u00fcy\u00fck bir g\u00fc\u00e7 fakt\u00f6r\u00fcne ve 80\/70&#8217;e kadar y\u00fcksek bir renk indeksi (CRI) ile, bu sis \u0131\u015f\u0131klar\u0131 yaln\u0131zca ola\u011fan\u00fcst\u00fc performans sunmakla kalmaz, ayn\u0131 zamanda ger\u00e7ek renk temsilini de sa\u011flar. Ayr\u0131ca, IP65 derecelendirmesine sahip olmalar\u0131, toza dayan\u0131kl\u0131 ve suya dayan\u0131kl\u0131 olmalar\u0131n\u0131 sa\u011flar, zorlu d\u0131\u015f mekan ko\u015fullar\u0131nda bile g\u00fcvenilir \u00e7al\u0131\u015fmay\u0131 sa\u011flar.<\/p>\n<h3>Kolay Kurulum ve Bak\u0131m<\/h3>\n<p>Bahar Serisi sis \u0131\u015f\u0131klar\u0131, g\u00fcvenilirlikleri ve verimlilikleri ile tan\u0131nan ZHL veya Meanwell s\u00fcr\u00fcc\u00fclerle donat\u0131lm\u0131\u015ft\u0131r. Bununla birlikte, hafif tasar\u0131m\u0131 ve basit kurulum s\u00fcreci ile birle\u015fti\u011finde, bunlar sorunsuz bir ayd\u0131nlatma \u00e7\u00f6z\u00fcm\u00fc haline gelir. Ayr\u0131ca, 5 y\u0131la kadar garanti ile desteklenir, bu da yat\u0131r\u0131m\u0131n\u0131z\u0131n korundu\u011funu bilmenizi sa\u011flar.<\/p>\n<h3>\u00c7evre Dostu ve Sertifikal\u0131<\/h3>\n<p>S\u00fcrd\u00fcr\u00fclebilirli\u011fe ba\u011fl\u0131 olarak, Bahar Serisi sis \u0131\u015f\u0131klar\u0131 CE, ERP ve RoHS sertifikal\u0131d\u0131r, s\u0131k\u0131 \u00e7evre ve g\u00fcvenlik standartlar\u0131na uygunluk g\u00f6sterir. Bu sis \u0131\u015f\u0131klar\u0131n\u0131 tercih ederek, hem karbon ayak izinizi azaltm\u0131\u015f olursunuz hem de daha ye\u015fil bir gelece\u011fe katk\u0131da bulunursunuz.<\/p>\n<p><img decoding=\"async\" class=\"alignnone size-full wp-image-14643\" style=\"color: #1b1919; font-size: 24px;\" src=\"https:\/\/www.zhgdled.com\/wp-content\/uploads\/2021\/10\/1665197698153.jpg\" alt=\"ZHL Spring Series flood light\" width=\"750\" height=\"806\" srcset=\"https:\/\/www.zhgdled.com\/wp-content\/uploads\/2021\/10\/1665197698153.jpg 750w, https:\/\/www.zhgdled.com\/wp-content\/uploads\/2021\/10\/1665197698153-279x300.jpg 279w, https:\/\/www.zhgdled.com\/wp-content\/uploads\/2021\/10\/1665197698153-600x645.jpg 600w, https:\/\/www.zhgdled.com\/wp-content\/uploads\/2021\/10\/1665197698153-150x161.jpg 150w\" sizes=\"(max-width: 750px) 100vw, 750px\" \/><\/p>\n<h2>\u00d6ZELL\u0130KLER<\/h2>\n<blockquote><p><img decoding=\"async\" class=\"alignnone wp-image-17482\" src=\"https:\/\/www.zhgdled.com\/wp-content\/uploads\/2022\/07\/zhl_download-logo.png\" alt=\"\" width=\"28\" height=\"28\" srcset=\"https:\/\/www.zhgdled.com\/wp-content\/uploads\/2022\/07\/zhl_download-logo.png 368w, https:\/\/www.zhgdled.com\/wp-content\/uploads\/2022\/07\/zhl_download-logo-300x300.png 300w, https:\/\/www.zhgdled.com\/wp-content\/uploads\/2022\/07\/zhl_download-logo-150x150.png 150w\" sizes=\"(max-width: 28px) 100vw, 28px\" \/><a href=\"https:\/\/www.zhgdled.com\/download\/spring-series-flood-light\">katalo\u011fu indir<\/a>\u00a0 Spring Serisi end\u00fcstriyel projekt\u00f6rler i\u00e7in<\/p><\/blockquote>\n<table>\n<tbody>\n<tr>\n<td>G\u00fc\u00e7<\/td>\n<td>10W 20W 30W 50W 100W 150W 200W 240W 300W 400W<\/td>\n<\/tr>\n<tr>\n<td>LED<\/td>\n<td>SMD 2835<\/td>\n<\/tr>\n<tr>\n<td>Renk S\u0131cakl\u0131\u011f\u0131(CCT)<\/td>\n<td>2700-6500K<\/td>\n<\/tr>\n<tr>\n<td>I\u015f\u0131k Verimi (lm\/w)<\/td>\n<td>120lm\/w<\/td>\n<\/tr>\n<tr>\n<td>Giri\u015f Voltaj\u0131(V)<\/td>\n<td width=\"470\">AC220-240V\/ AC100-240V<\/td>\n<\/tr>\n<tr>\n<td>PF<\/td>\n<td>&gt;0.9<\/td>\n<\/tr>\n<tr>\n<td>CRI (Ra&gt;)<\/td>\n<td>80\/70<\/td>\n<\/tr>\n<tr>\n<td>I\u015f\u0131n A\u00e7\u0131s\u0131(\u00b0)<\/td>\n<td width=\"470\">60\/90\/120\/60*145\uff08T2-M\uff09\/80*145\uff08T2-L\uff09<br \/>\n90*155\uff08TYPE-1\uff0945*157\uff08T3-M\uff09100*160\uff08T3-M\uff09<br \/>\n160\uff08T5-M\uff09<\/td>\n<\/tr>\n<tr>\n<td>IP Derecesi<\/td>\n<td>IP65<\/td>\n<\/tr>\n<tr>\n<td>Malzeme<\/td>\n<td>Al\u00fcminyum G\u00f6vde + PC Lens + Temperli Cam Kapak<\/td>\n<\/tr>\n<tr>\n<td>\u00c7al\u0131\u015fma S\u0131cakl\u0131\u011f\u0131(\u2103)<\/td>\n<td>-20-50<\/td>\n<\/tr>\n<tr>\n<td>Garanti(Y\u0131l)<\/td>\n<td>3 Y\u0131l \/ 5 Y\u0131l<\/td>\n<\/tr>\n<tr>\n<td>Sertifikasyon<\/td>\n<td>CE,\u00a0ERP, RoHS<\/td>\n<\/tr>\n<tr>\n<td>s\u00fcr\u00fcc\u00fc<\/td>\n<td>ZHL Markas\u0131 \/ Meanwell<\/td>\n<\/tr>\n<\/tbody>\n<\/table>\n<h2><img decoding=\"async\" class=\"alignnone size-full wp-image-21529\" style=\"color: #333333; font-size: 16px;\" src=\"https:\/\/www.zhgdled.com\/wp-content\/uploads\/2023\/08\/IEC-report12.jpg\" alt=\"\" width=\"705\" height=\"684\" srcset=\"https:\/\/www.zhgdled.com\/wp-content\/uploads\/2023\/08\/IEC-report12.jpg 705w, https:\/\/www.zhgdled.com\/wp-content\/uploads\/2023\/08\/IEC-report12-300x291.jpg 300w, https:\/\/www.zhgdled.com\/wp-content\/uploads\/2023\/08\/IEC-report12-600x582.jpg 600w, https:\/\/www.zhgdled.com\/wp-content\/uploads\/2023\/08\/IEC-report12-150x146.jpg 150w\" sizes=\"(max-width: 705px) 100vw, 705px\" \/><\/h2>\n","protected":false},"excerpt":{"rendered":"<p>Bahar Serisi sis \u0131\u015f\u0131klar\u0131, son teknoloji, sa\u011flam yap\u0131 ve \u00e7ok y\u00f6nl\u00fc \u00f6zellikleri bir araya getirerek d\u0131\u015f mekanlar\u0131 e\u015fsiz bir \u015fekilde verimli ve g\u00fcvenilir bir \u015fekilde ayd\u0131nlat\u0131r. Mekan\u0131n\u0131z\u0131n g\u00fcvenli\u011fini art\u0131rmak, mimari \u00f6\u011feleri vurgulamak veya davetkar d\u0131\u015f mekan ortamlar\u0131 olu\u015fturmak olsun, bu sis \u0131\u015f\u0131klar\u0131 her t\u00fcrl\u00fc d\u0131\u015f mekan uygulamas\u0131 i\u00e7in m\u00fckemmel ayd\u0131nlatma \u00e7\u00f6z\u00fcm\u00fcd\u00fcr.<\/p>\n<ul>\n<li>G\u00fc\u00e7: 10W\/20W\/30W\/50W\/100W\/150W\/200W\/240W\/300W\/400W<\/li>\n<li>smd2835<\/li>\n<li>120 lm\/a\u011f\u0131rl\u0131k<\/li>\n<li>AC220-240V\/ AC100-240V<\/li>\n<li>PF&gt;0.9<\/li>\n<li>CRI&gt;80<\/li>\n<li>I\u015f\u0131n a\u00e7\u0131s\u0131: 60\/90\/120\/60*145 (T2-M)\/80*145 (T2-L) 90*155 (T\u0130P-1) 45*157 (T3-M) 100*160 (T3-M) 160 (T5-E)<\/li>\n<\/ul>\n","protected":false},"featured_media":13531,"template":"","meta":[],"product_brand":[],"product_cat":[666],"product_tag":[],"class_list":{"0":"post-21752","1":"product","2":"type-product","3":"status-publish","4":"has-post-thumbnail","6":"product_cat-led-projektorler","8":"first","9":"instock","10":"featured","11":"shipping-taxable","12":"product-type-simple"},"yoast_head":"<!-- This site is optimized with the Yoast SEO plugin v27.4 - https:\/\/yoast.com\/product\/yoast-seo-wordpress\/ -->\n<title>SPRING Serisi LED End\u00fcstriyel Ta\u015fk\u0131n I\u015f\u0131k &#8211; ZHL I\u015f\u0131k Grubu<\/title>\n<meta name=\"description\" content=\"Bahar Serisi sis \u0131\u015f\u0131klar\u0131, son teknoloji, sa\u011flam yap\u0131 ve \u00e7ok y\u00f6nl\u00fc \u00f6zellikleri bir araya getirerek d\u0131\u015f mekanlar\u0131 e\u015fsiz bir \u015fekilde verimli ve g\u00fcvenilir bir \u015fekilde ayd\u0131nlat\u0131r. Mekan\u0131n\u0131z\u0131n g\u00fcvenli\u011fini art\u0131rmak, mimari \u00f6\u011feleri vurgulamak veya davetkar d\u0131\u015f mekan ortamlar\u0131 olu\u015fturmak olsun, bu sis \u0131\u015f\u0131klar\u0131 her t\u00fcrl\u00fc d\u0131\u015f mekan uygulamas\u0131 i\u00e7in m\u00fckemmel ayd\u0131nlatma \u00e7\u00f6z\u00fcm\u00fcd\u00fcr.\" \/>\n<meta name=\"robots\" content=\"index, follow, max-snippet:-1, max-image-preview:large, max-video-preview:-1\" \/>\n<link rel=\"canonical\" href=\"https:\/\/www.zhgdled.com\/tr\/spring-series-led-industrial-flood-light.html\" \/>\n<meta property=\"og:locale\" content=\"tr_TR\" \/>\n<meta property=\"og:type\" content=\"article\" \/>\n<meta property=\"og:title\" content=\"SPRING Serisi LED End\u00fcstriyel Ta\u015fk\u0131n I\u015f\u0131k &#8211; ZHL I\u015f\u0131k Grubu\" \/>\n<meta property=\"og:description\" content=\"Bahar Serisi sis \u0131\u015f\u0131klar\u0131, son teknoloji, sa\u011flam yap\u0131 ve \u00e7ok y\u00f6nl\u00fc \u00f6zellikleri bir araya getirerek d\u0131\u015f mekanlar\u0131 e\u015fsiz bir \u015fekilde verimli ve g\u00fcvenilir bir \u015fekilde ayd\u0131nlat\u0131r. Mekan\u0131n\u0131z\u0131n g\u00fcvenli\u011fini art\u0131rmak, mimari \u00f6\u011feleri vurgulamak veya davetkar d\u0131\u015f mekan ortamlar\u0131 olu\u015fturmak olsun, bu sis \u0131\u015f\u0131klar\u0131 her t\u00fcrl\u00fc d\u0131\u015f mekan uygulamas\u0131 i\u00e7in m\u00fckemmel ayd\u0131nlatma \u00e7\u00f6z\u00fcm\u00fcd\u00fcr.\" \/>\n<meta property=\"og:url\" content=\"https:\/\/www.zhgdled.com\/tr\/spring-series-led-industrial-flood-light.html\" \/>\n<meta property=\"og:site_name\" content=\"ZHL I\u015f\u0131k Grubu\" \/>\n<meta property=\"article:publisher\" content=\"https:\/\/www.facebook.com\/zhllightinggroup\" \/>\n<meta property=\"article:modified_time\" content=\"2024-03-26T03:58:47+00:00\" \/>\n<meta property=\"og:image\" content=\"https:\/\/www.zhgdled.com\/wp-content\/uploads\/2021\/10\/26.png\" \/>\n\t<meta property=\"og:image:width\" content=\"1600\" \/>\n\t<meta property=\"og:image:height\" content=\"1600\" \/>\n\t<meta property=\"og:image:type\" content=\"image\/png\" \/>\n<meta name=\"twitter:card\" content=\"summary_large_image\" \/>\n<meta name=\"twitter:site\" content=\"@zhl_lighting\" \/>\n<meta name=\"twitter:label1\" content=\"Tahmini okuma s\u00fcresi\" \/>\n\t<meta name=\"twitter:data1\" content=\"4 dakika\" \/>\n<script type=\"application\/ld+json\" class=\"yoast-schema-graph\">{\"@context\":\"https:\\\/\\\/schema.org\",\"@graph\":[{\"@type\":\"WebPage\",\"@id\":\"https:\\\/\\\/www.zhgdled.com\\\/tr\\\/spring-series-led-industrial-flood-light.html\",\"url\":\"https:\\\/\\\/www.zhgdled.com\\\/tr\\\/spring-series-led-industrial-flood-light.html\",\"name\":\"SPRING Serisi LED End\u00fcstriyel Ta\u015fk\u0131n I\u015f\u0131k &#8211; ZHL I\u015f\u0131k Grubu\",\"isPartOf\":{\"@id\":\"https:\\\/\\\/www.zhgdled.com\\\/tr\\\/#website\"},\"primaryImageOfPage\":{\"@id\":\"https:\\\/\\\/www.zhgdled.com\\\/tr\\\/spring-series-led-industrial-flood-light.html#primaryimage\"},\"image\":{\"@id\":\"https:\\\/\\\/www.zhgdled.com\\\/tr\\\/spring-series-led-industrial-flood-light.html#primaryimage\"},\"thumbnailUrl\":\"https:\\\/\\\/www.zhgdled.com\\\/wp-content\\\/uploads\\\/2021\\\/10\\\/26.png\",\"datePublished\":\"2023-08-21T01:52:15+00:00\",\"dateModified\":\"2024-03-26T03:58:47+00:00\",\"description\":\"Bahar Serisi sis \u0131\u015f\u0131klar\u0131, son teknoloji, sa\u011flam yap\u0131 ve \u00e7ok y\u00f6nl\u00fc \u00f6zellikleri bir araya getirerek d\u0131\u015f mekanlar\u0131 e\u015fsiz bir \u015fekilde verimli ve g\u00fcvenilir bir \u015fekilde ayd\u0131nlat\u0131r. Mekan\u0131n\u0131z\u0131n g\u00fcvenli\u011fini art\u0131rmak, mimari \u00f6\u011feleri vurgulamak veya davetkar d\u0131\u015f mekan ortamlar\u0131 olu\u015fturmak olsun, bu sis \u0131\u015f\u0131klar\u0131 her t\u00fcrl\u00fc d\u0131\u015f mekan uygulamas\u0131 i\u00e7in m\u00fckemmel ayd\u0131nlatma \u00e7\u00f6z\u00fcm\u00fcd\u00fcr.\",\"breadcrumb\":{\"@id\":\"https:\\\/\\\/www.zhgdled.com\\\/tr\\\/spring-series-led-industrial-flood-light.html#breadcrumb\"},\"inLanguage\":\"tr\",\"potentialAction\":[{\"@type\":\"ReadAction\",\"target\":[\"https:\\\/\\\/www.zhgdled.com\\\/tr\\\/spring-series-led-industrial-flood-light.html\"]}]},{\"@type\":\"ImageObject\",\"inLanguage\":\"tr\",\"@id\":\"https:\\\/\\\/www.zhgdled.com\\\/tr\\\/spring-series-led-industrial-flood-light.html#primaryimage\",\"url\":\"https:\\\/\\\/www.zhgdled.com\\\/wp-content\\\/uploads\\\/2021\\\/10\\\/26.png\",\"contentUrl\":\"https:\\\/\\\/www.zhgdled.com\\\/wp-content\\\/uploads\\\/2021\\\/10\\\/26.png\",\"width\":1600,\"height\":1600,\"caption\":\"Bahar Serisi Ta\u015fk\u0131n \u0131\u015f\u0131k\"},{\"@type\":\"BreadcrumbList\",\"@id\":\"https:\\\/\\\/www.zhgdled.com\\\/tr\\\/spring-series-led-industrial-flood-light.html#breadcrumb\",\"itemListElement\":[{\"@type\":\"ListItem\",\"position\":1,\"name\":\"Home\",\"item\":\"https:\\\/\\\/www.zhgdled.com\\\/tr\"},{\"@type\":\"ListItem\",\"position\":2,\"name\":\"PRODUCTS\",\"item\":\"https:\\\/\\\/www.zhgdled.com\\\/zhl-products.html\"},{\"@type\":\"ListItem\",\"position\":3,\"name\":\"SPRING Serisi LED End\u00fcstriyel Ta\u015fk\u0131n I\u015f\u0131k\"}]},{\"@type\":\"WebSite\",\"@id\":\"https:\\\/\\\/www.zhgdled.com\\\/tr\\\/#website\",\"url\":\"https:\\\/\\\/www.zhgdled.com\\\/tr\\\/\",\"name\":\"ZHL I\u015f\u0131k Grubu\",\"description\":\"Top ranking industrial lighting manufacturer and exporter\",\"publisher\":{\"@id\":\"https:\\\/\\\/www.zhgdled.com\\\/tr\\\/#organization\"},\"potentialAction\":[{\"@type\":\"SearchAction\",\"target\":{\"@type\":\"EntryPoint\",\"urlTemplate\":\"https:\\\/\\\/www.zhgdled.com\\\/tr\\\/?s={search_term_string}\"},\"query-input\":{\"@type\":\"PropertyValueSpecification\",\"valueRequired\":true,\"valueName\":\"search_term_string\"}}],\"inLanguage\":\"tr\"},{\"@type\":\"Organization\",\"@id\":\"https:\\\/\\\/www.zhgdled.com\\\/tr\\\/#organization\",\"name\":\"ZHL Lighting Group\",\"url\":\"https:\\\/\\\/www.zhgdled.com\\\/tr\\\/\",\"logo\":{\"@type\":\"ImageObject\",\"inLanguage\":\"tr\",\"@id\":\"https:\\\/\\\/www.zhgdled.com\\\/tr\\\/#\\\/schema\\\/logo\\\/image\\\/\",\"url\":\"\",\"contentUrl\":\"\",\"caption\":\"ZHL Lighting Group\"},\"image\":{\"@id\":\"https:\\\/\\\/www.zhgdled.com\\\/tr\\\/#\\\/schema\\\/logo\\\/image\\\/\"},\"sameAs\":[\"https:\\\/\\\/www.facebook.com\\\/zhllightinggroup\",\"https:\\\/\\\/x.com\\\/zhl_lighting\"]}]}<\/script>\n<!-- \/ Yoast SEO plugin. -->","yoast_head_json":{"title":"SPRING Serisi LED End\u00fcstriyel Ta\u015fk\u0131n I\u015f\u0131k &#8211; ZHL I\u015f\u0131k Grubu","description":"Bahar Serisi sis \u0131\u015f\u0131klar\u0131, son teknoloji, sa\u011flam yap\u0131 ve \u00e7ok y\u00f6nl\u00fc \u00f6zellikleri bir araya getirerek d\u0131\u015f mekanlar\u0131 e\u015fsiz bir \u015fekilde verimli ve g\u00fcvenilir bir \u015fekilde ayd\u0131nlat\u0131r. Mekan\u0131n\u0131z\u0131n g\u00fcvenli\u011fini art\u0131rmak, mimari \u00f6\u011feleri vurgulamak veya davetkar d\u0131\u015f mekan ortamlar\u0131 olu\u015fturmak olsun, bu sis \u0131\u015f\u0131klar\u0131 her t\u00fcrl\u00fc d\u0131\u015f mekan uygulamas\u0131 i\u00e7in m\u00fckemmel ayd\u0131nlatma \u00e7\u00f6z\u00fcm\u00fcd\u00fcr.","robots":{"index":"index","follow":"follow","max-snippet":"max-snippet:-1","max-image-preview":"max-image-preview:large","max-video-preview":"max-video-preview:-1"},"canonical":"https:\/\/www.zhgdled.com\/tr\/spring-series-led-industrial-flood-light.html","og_locale":"tr_TR","og_type":"article","og_title":"SPRING Serisi LED End\u00fcstriyel Ta\u015fk\u0131n I\u015f\u0131k &#8211; ZHL I\u015f\u0131k Grubu","og_description":"Bahar Serisi sis \u0131\u015f\u0131klar\u0131, son teknoloji, sa\u011flam yap\u0131 ve \u00e7ok y\u00f6nl\u00fc \u00f6zellikleri bir araya getirerek d\u0131\u015f mekanlar\u0131 e\u015fsiz bir \u015fekilde verimli ve g\u00fcvenilir bir \u015fekilde ayd\u0131nlat\u0131r. Mekan\u0131n\u0131z\u0131n g\u00fcvenli\u011fini art\u0131rmak, mimari \u00f6\u011feleri vurgulamak veya davetkar d\u0131\u015f mekan ortamlar\u0131 olu\u015fturmak olsun, bu sis \u0131\u015f\u0131klar\u0131 her t\u00fcrl\u00fc d\u0131\u015f mekan uygulamas\u0131 i\u00e7in m\u00fckemmel ayd\u0131nlatma \u00e7\u00f6z\u00fcm\u00fcd\u00fcr.","og_url":"https:\/\/www.zhgdled.com\/tr\/spring-series-led-industrial-flood-light.html","og_site_name":"ZHL I\u015f\u0131k Grubu","article_publisher":"https:\/\/www.facebook.com\/zhllightinggroup","article_modified_time":"2024-03-26T03:58:47+00:00","og_image":[{"width":1600,"height":1600,"url":"https:\/\/www.zhgdled.com\/wp-content\/uploads\/2021\/10\/26.png","type":"image\/png"}],"twitter_card":"summary_large_image","twitter_site":"@zhl_lighting","twitter_misc":{"Tahmini okuma s\u00fcresi":"4 dakika"},"schema":{"@context":"https:\/\/schema.org","@graph":[{"@type":"WebPage","@id":"https:\/\/www.zhgdled.com\/tr\/spring-series-led-industrial-flood-light.html","url":"https:\/\/www.zhgdled.com\/tr\/spring-series-led-industrial-flood-light.html","name":"SPRING Serisi LED End\u00fcstriyel Ta\u015fk\u0131n I\u015f\u0131k &#8211; ZHL I\u015f\u0131k Grubu","isPartOf":{"@id":"https:\/\/www.zhgdled.com\/tr\/#website"},"primaryImageOfPage":{"@id":"https:\/\/www.zhgdled.com\/tr\/spring-series-led-industrial-flood-light.html#primaryimage"},"image":{"@id":"https:\/\/www.zhgdled.com\/tr\/spring-series-led-industrial-flood-light.html#primaryimage"},"thumbnailUrl":"https:\/\/www.zhgdled.com\/wp-content\/uploads\/2021\/10\/26.png","datePublished":"2023-08-21T01:52:15+00:00","dateModified":"2024-03-26T03:58:47+00:00","description":"Bahar Serisi sis \u0131\u015f\u0131klar\u0131, son teknoloji, sa\u011flam yap\u0131 ve \u00e7ok y\u00f6nl\u00fc \u00f6zellikleri bir araya getirerek d\u0131\u015f mekanlar\u0131 e\u015fsiz bir \u015fekilde verimli ve g\u00fcvenilir bir \u015fekilde ayd\u0131nlat\u0131r. Mekan\u0131n\u0131z\u0131n g\u00fcvenli\u011fini art\u0131rmak, mimari \u00f6\u011feleri vurgulamak veya davetkar d\u0131\u015f mekan ortamlar\u0131 olu\u015fturmak olsun, bu sis \u0131\u015f\u0131klar\u0131 her t\u00fcrl\u00fc d\u0131\u015f mekan uygulamas\u0131 i\u00e7in m\u00fckemmel ayd\u0131nlatma \u00e7\u00f6z\u00fcm\u00fcd\u00fcr.","breadcrumb":{"@id":"https:\/\/www.zhgdled.com\/tr\/spring-series-led-industrial-flood-light.html#breadcrumb"},"inLanguage":"tr","potentialAction":[{"@type":"ReadAction","target":["https:\/\/www.zhgdled.com\/tr\/spring-series-led-industrial-flood-light.html"]}]},{"@type":"ImageObject","inLanguage":"tr","@id":"https:\/\/www.zhgdled.com\/tr\/spring-series-led-industrial-flood-light.html#primaryimage","url":"https:\/\/www.zhgdled.com\/wp-content\/uploads\/2021\/10\/26.png","contentUrl":"https:\/\/www.zhgdled.com\/wp-content\/uploads\/2021\/10\/26.png","width":1600,"height":1600,"caption":"Bahar Serisi Ta\u015fk\u0131n \u0131\u015f\u0131k"},{"@type":"BreadcrumbList","@id":"https:\/\/www.zhgdled.com\/tr\/spring-series-led-industrial-flood-light.html#breadcrumb","itemListElement":[{"@type":"ListItem","position":1,"name":"Home","item":"https:\/\/www.zhgdled.com\/tr"},{"@type":"ListItem","position":2,"name":"PRODUCTS","item":"https:\/\/www.zhgdled.com\/zhl-products.html"},{"@type":"ListItem","position":3,"name":"SPRING Serisi LED End\u00fcstriyel Ta\u015fk\u0131n I\u015f\u0131k"}]},{"@type":"WebSite","@id":"https:\/\/www.zhgdled.com\/tr\/#website","url":"https:\/\/www.zhgdled.com\/tr\/","name":"ZHL I\u015f\u0131k Grubu","description":"Top ranking industrial lighting manufacturer and exporter","publisher":{"@id":"https:\/\/www.zhgdled.com\/tr\/#organization"},"potentialAction":[{"@type":"SearchAction","target":{"@type":"EntryPoint","urlTemplate":"https:\/\/www.zhgdled.com\/tr\/?s={search_term_string}"},"query-input":{"@type":"PropertyValueSpecification","valueRequired":true,"valueName":"search_term_string"}}],"inLanguage":"tr"},{"@type":"Organization","@id":"https:\/\/www.zhgdled.com\/tr\/#organization","name":"ZHL Lighting Group","url":"https:\/\/www.zhgdled.com\/tr\/","logo":{"@type":"ImageObject","inLanguage":"tr","@id":"https:\/\/www.zhgdled.com\/tr\/#\/schema\/logo\/image\/","url":"","contentUrl":"","caption":"ZHL Lighting Group"},"image":{"@id":"https:\/\/www.zhgdled.com\/tr\/#\/schema\/logo\/image\/"},"sameAs":["https:\/\/www.facebook.com\/zhllightinggroup","https:\/\/x.com\/zhl_lighting"]}]}},"_links":{"self":[{"href":"https:\/\/www.zhgdled.com\/tr\/wp-json\/wp\/v2\/product\/21752","targetHints":{"allow":["GET"]}}],"collection":[{"href":"https:\/\/www.zhgdled.com\/tr\/wp-json\/wp\/v2\/product"}],"about":[{"href":"https:\/\/www.zhgdled.com\/tr\/wp-json\/wp\/v2\/types\/product"}],"wp:featuredmedia":[{"embeddable":true,"href":"https:\/\/www.zhgdled.com\/tr\/wp-json\/wp\/v2\/media\/13531"}],"wp:attachment":[{"href":"https:\/\/www.zhgdled.com\/tr\/wp-json\/wp\/v2\/media?parent=21752"}],"wp:term":[{"taxonomy":"product_brand","embeddable":true,"href":"https:\/\/www.zhgdled.com\/tr\/wp-json\/wp\/v2\/product_brand?post=21752"},{"taxonomy":"product_cat","embeddable":true,"href":"https:\/\/www.zhgdled.com\/tr\/wp-json\/wp\/v2\/product_cat?post=21752"},{"taxonomy":"product_tag","embeddable":true,"href":"https:\/\/www.zhgdled.com\/tr\/wp-json\/wp\/v2\/product_tag?post=21752"}],"curies":[{"name":"wp","href":"https:\/\/api.w.org\/{rel}","templated":true}]}}