{"id":22167,"date":"2023-08-24T11:02:44","date_gmt":"2023-08-24T03:02:44","guid":{"rendered":"https:\/\/www.zhgdled.com\/product\/spring-solar-series-solar-flood-lights"},"modified":"2023-12-28T09:38:32","modified_gmt":"2023-12-28T01:38:32","slug":"spring-solar-series-solar-flood-lights","status":"publish","type":"product","link":"https:\/\/www.zhgdled.com\/tr\/spring-solar-series-solar-flood-lights.html","title":{"rendered":"SPRING-SOLAR Serisi Solar Projekt\u00f6rler"},"content":{"rendered":"<h2><span style=\"color: #ff6600;\">Ev, ticari ve end\u00fcstriyel kullan\u0131ma y\u00f6nelik daha ak\u0131ll\u0131 g\u00fcne\u015f lambalar\u0131<\/span><\/h2>\n<p>ZHL&#8217;nin Spring-Solar Serisi \u2122 LED projekt\u00f6r\u00fc, g\u00fcne\u015f \u0131\u015f\u0131klar\u0131 ailesinde geleneksel g\u00fcne\u015f lambalar\u0131na k\u0131yasla %20 enerji tasarrufu sa\u011flayan yeni bir tasar\u0131md\u0131r. 40Wp\/12V&#8217;a kadar polisilikon g\u00fcne\u015f panelleri lambaya kusursuz bir \u015fekilde ak\u0131ll\u0131ca g\u00fc\u00e7 sa\u011flar. Spring-Solar \u2122 serisi, her t\u00fcrl\u00fc zorlu ortamda dayan\u0131kl\u0131 uygulama i\u00e7in d\u00f6k\u00fcm al\u00fcminyum g\u00f6vdeden ve temperli camdan yap\u0131lm\u0131\u015ft\u0131r. 20W ile 300W aras\u0131nda tam g\u00fc\u00e7 aral\u0131\u011f\u0131. Tam pakette lamba, konekt\u00f6rl\u00fc 2 metre kablo, g\u00fcne\u015f panelleri ve raflar bulunur.<\/p>\n<p>Y\u00fczde g\u00f6stergesi, kullan\u0131c\u0131n\u0131n \u015farj ve de\u015farj durumunu her zaman izlemesine olanak tan\u0131r. G\u00fcne\u015f paneli g\u00f6sterge \u0131\u015f\u0131\u011f\u0131, kullan\u0131c\u0131lar\u0131n g\u00fcne\u015f enerjisinin \u00e7al\u0131\u015fma durumunu izlemelerine ve daha y\u00fcksek \u015farj verimlili\u011fi elde etmek i\u00e7in ayd\u0131nlatma konumunu istedikleri zaman ayarlamalar\u0131na yard\u0131mc\u0131 olabilir.<\/p>\n<h2><span style=\"color: #ff6600;\">\u0130ndirmek:<\/span><\/h2>\n<ul>\n<li><a href=\"https:\/\/www.zhgdled.com\/download\/spring-series-solar-led-flood-light\">Specs<\/a><\/li>\n<li><a href=\"https:\/\/www.zhgdled.com\/download\/sping-solar-flood-light\">Brochure<\/a><\/li>\n<li><a href=\"https:\/\/www.zhgdled.com\/download-category\/certifications\">Certification<\/a><\/li>\n<\/ul>\n<h2><span style=\"color: #ff6600;\">\u015eartname<\/span><\/h2>\n<table style=\"height: 281px;\" width=\"679\">\n<tbody>\n<tr>\n<td width=\"134\">G\u00fc\u00e7:<\/td>\n<td width=\"312\">20W 30W 50W 100W 200W 300W<\/td>\n<\/tr>\n<tr>\n<td>Ayd\u0131nlatma Alan\u0131:<\/td>\n<td>30\u33a1\u00a040\u33a1\u00a060\u33a1\u00a0100\u33a1\u00a0200\u33a1\u00a0250\u33a1<\/td>\n<\/tr>\n<tr>\n<td>G\u00fcne\u015f paneli:<\/td>\n<td>6V\/6W 6V\/9W 6V20W 6V\/40W 6V\/60W 6V\/80W<\/td>\n<\/tr>\n<tr>\n<td>Pil Kapasitesi:<\/td>\n<td>5AH\/3.7V 5AH\/3.7V 10AH\/3.7V 20AH\/3.7V 40AH\/3.7V 55AH\/3.7V<\/td>\n<\/tr>\n<tr>\n<td>Boyut (mm):<\/td>\n<td>200*237*39 200*237*39 200*237*39 281*320*41 420*333*51 470*385*51<\/td>\n<\/tr>\n<tr>\n<td>CRI<\/td>\n<td>\u226580<\/td>\n<\/tr>\n<\/tbody>\n<\/table>\n<p><img decoding=\"async\" class=\"alignnone size-full wp-image-21889\" src=\"https:\/\/www.zhgdled.com\/wp-content\/uploads\/2023\/08\/SPRING-SOLAR-FLOOD-LIGHT-SPECS.jpg\" alt=\"\" width=\"1068\" height=\"1743\" srcset=\"https:\/\/www.zhgdled.com\/wp-content\/uploads\/2023\/08\/SPRING-SOLAR-FLOOD-LIGHT-SPECS.jpg 1068w, https:\/\/www.zhgdled.com\/wp-content\/uploads\/2023\/08\/SPRING-SOLAR-FLOOD-LIGHT-SPECS-184x300.jpg 184w, https:\/\/www.zhgdled.com\/wp-content\/uploads\/2023\/08\/SPRING-SOLAR-FLOOD-LIGHT-SPECS-627x1024.jpg 627w, https:\/\/www.zhgdled.com\/wp-content\/uploads\/2023\/08\/SPRING-SOLAR-FLOOD-LIGHT-SPECS-768x1253.jpg 768w, https:\/\/www.zhgdled.com\/wp-content\/uploads\/2023\/08\/SPRING-SOLAR-FLOOD-LIGHT-SPECS-941x1536.jpg 941w, https:\/\/www.zhgdled.com\/wp-content\/uploads\/2023\/08\/SPRING-SOLAR-FLOOD-LIGHT-SPECS-600x979.jpg 600w, https:\/\/www.zhgdled.com\/wp-content\/uploads\/2023\/08\/SPRING-SOLAR-FLOOD-LIGHT-SPECS-150x245.jpg 150w\" sizes=\"(max-width: 1068px) 100vw, 1068px\" \/><\/p>\n<p><img decoding=\"async\" class=\"alignnone size-full wp-image-21900\" src=\"https:\/\/www.zhgdled.com\/wp-content\/uploads\/2023\/08\/SPRING-SOLAR-FLOOD-LIGHT-SPECS-1.jpg\" alt=\"\" width=\"1091\" height=\"1586\" srcset=\"https:\/\/www.zhgdled.com\/wp-content\/uploads\/2023\/08\/SPRING-SOLAR-FLOOD-LIGHT-SPECS-1.jpg 1091w, https:\/\/www.zhgdled.com\/wp-content\/uploads\/2023\/08\/SPRING-SOLAR-FLOOD-LIGHT-SPECS-1-206x300.jpg 206w, https:\/\/www.zhgdled.com\/wp-content\/uploads\/2023\/08\/SPRING-SOLAR-FLOOD-LIGHT-SPECS-1-704x1024.jpg 704w, https:\/\/www.zhgdled.com\/wp-content\/uploads\/2023\/08\/SPRING-SOLAR-FLOOD-LIGHT-SPECS-1-768x1116.jpg 768w, https:\/\/www.zhgdled.com\/wp-content\/uploads\/2023\/08\/SPRING-SOLAR-FLOOD-LIGHT-SPECS-1-1057x1536.jpg 1057w, https:\/\/www.zhgdled.com\/wp-content\/uploads\/2023\/08\/SPRING-SOLAR-FLOOD-LIGHT-SPECS-1-600x872.jpg 600w, https:\/\/www.zhgdled.com\/wp-content\/uploads\/2023\/08\/SPRING-SOLAR-FLOOD-LIGHT-SPECS-1-150x218.jpg 150w\" sizes=\"(max-width: 1091px) 100vw, 1091px\" \/><img decoding=\"async\" class=\"alignnone size-full wp-image-21911\" src=\"https:\/\/www.zhgdled.com\/wp-content\/uploads\/2023\/08\/SPRING-SOLAR-FLOOD-LIGHT-SPECS-2.jpg\" alt=\"\" width=\"1136\" height=\"1662\" srcset=\"https:\/\/www.zhgdled.com\/wp-content\/uploads\/2023\/08\/SPRING-SOLAR-FLOOD-LIGHT-SPECS-2.jpg 1136w, https:\/\/www.zhgdled.com\/wp-content\/uploads\/2023\/08\/SPRING-SOLAR-FLOOD-LIGHT-SPECS-2-205x300.jpg 205w, https:\/\/www.zhgdled.com\/wp-content\/uploads\/2023\/08\/SPRING-SOLAR-FLOOD-LIGHT-SPECS-2-700x1024.jpg 700w, https:\/\/www.zhgdled.com\/wp-content\/uploads\/2023\/08\/SPRING-SOLAR-FLOOD-LIGHT-SPECS-2-768x1124.jpg 768w, https:\/\/www.zhgdled.com\/wp-content\/uploads\/2023\/08\/SPRING-SOLAR-FLOOD-LIGHT-SPECS-2-1050x1536.jpg 1050w, https:\/\/www.zhgdled.com\/wp-content\/uploads\/2023\/08\/SPRING-SOLAR-FLOOD-LIGHT-SPECS-2-600x878.jpg 600w, https:\/\/www.zhgdled.com\/wp-content\/uploads\/2023\/08\/SPRING-SOLAR-FLOOD-LIGHT-SPECS-2-150x219.jpg 150w\" sizes=\"(max-width: 1136px) 100vw, 1136px\" \/><img decoding=\"async\" class=\"alignnone size-full wp-image-21922\" src=\"https:\/\/www.zhgdled.com\/wp-content\/uploads\/2023\/08\/SPRING-SOLAR-FLOOD-LIGHT-SPECS-3.jpg\" alt=\"\" width=\"1145\" height=\"1641\" srcset=\"https:\/\/www.zhgdled.com\/wp-content\/uploads\/2023\/08\/SPRING-SOLAR-FLOOD-LIGHT-SPECS-3.jpg 1145w, https:\/\/www.zhgdled.com\/wp-content\/uploads\/2023\/08\/SPRING-SOLAR-FLOOD-LIGHT-SPECS-3-209x300.jpg 209w, https:\/\/www.zhgdled.com\/wp-content\/uploads\/2023\/08\/SPRING-SOLAR-FLOOD-LIGHT-SPECS-3-714x1024.jpg 714w, https:\/\/www.zhgdled.com\/wp-content\/uploads\/2023\/08\/SPRING-SOLAR-FLOOD-LIGHT-SPECS-3-768x1101.jpg 768w, https:\/\/www.zhgdled.com\/wp-content\/uploads\/2023\/08\/SPRING-SOLAR-FLOOD-LIGHT-SPECS-3-1072x1536.jpg 1072w, https:\/\/www.zhgdled.com\/wp-content\/uploads\/2023\/08\/SPRING-SOLAR-FLOOD-LIGHT-SPECS-3-600x860.jpg 600w, https:\/\/www.zhgdled.com\/wp-content\/uploads\/2023\/08\/SPRING-SOLAR-FLOOD-LIGHT-SPECS-3-150x215.jpg 150w\" sizes=\"(max-width: 1145px) 100vw, 1145px\" \/><\/p>\n","protected":false},"excerpt":{"rendered":"<p>ZHL&#8217;nin Spring-Solar Serisi \u2122 LED projekt\u00f6r\u00fc, g\u00fcne\u015f \u0131\u015f\u0131klar\u0131 ailesinde geleneksel g\u00fcne\u015f lambalar\u0131na k\u0131yasla %20 enerji tasarrufu sa\u011flayan yeni bir tasar\u0131md\u0131r. 40Wp\/12V&#8217;a kadar polisilikon g\u00fcne\u015f panelleri lambaya kusursuz bir \u015fekilde ak\u0131ll\u0131ca g\u00fc\u00e7 sa\u011flar. Spring-Solar \u2122 serisi, her t\u00fcrl\u00fc zorlu ortamda dayan\u0131kl\u0131 uygulama i\u00e7in d\u00f6k\u00fcm al\u00fcminyum g\u00f6vdeden ve temperli camdan yap\u0131lm\u0131\u015ft\u0131r. 20W ile 300W aras\u0131nda tam g\u00fc\u00e7 aral\u0131\u011f\u0131. Tam pakette lamba, konekt\u00f6rl\u00fc 2 metre kablo, g\u00fcne\u015f panelleri ve raflar bulunur.<\/p>\n<table width=\"768\">\n<tbody>\n<tr>\n<td width=\"250\">G\u00fc\u00e7:<\/td>\n<td width=\"214\">20W 30W 50W 100W 200W 300W<\/td>\n<td width=\"145\"><\/td>\n<\/tr>\n<tr>\n<td width=\"250\">I\u015f\u0131k ak\u0131s\u0131:<\/td>\n<td width=\"214\">460LM-5700LM<\/td>\n<td width=\"145\"><\/td>\n<\/tr>\n<tr>\n<td width=\"250\">Chip<\/td>\n<td colspan=\"2\" width=\"360\">Osram 2835<\/td>\n<\/tr>\n<tr>\n<td width=\"250\">Renk S\u0131cakl\u0131\u011f\u0131 (\u015eNT)<\/td>\n<td colspan=\"2\" width=\"360\">2700-3200K 4000-4500K 6000-7000K<\/td>\n<\/tr>\n<tr>\n<td width=\"250\">CRI<\/td>\n<td colspan=\"2\" width=\"360\">\u226580<\/td>\n<\/tr>\n<tr>\n<td width=\"250\">Ayd\u0131nlatma Alan\u0131<\/td>\n<td colspan=\"2\" width=\"360\">30\u33a1-250\u33a1<\/td>\n<\/tr>\n<\/tbody>\n<\/table>\n","protected":false},"featured_media":21841,"template":"","meta":[],"product_brand":[],"product_cat":[665],"product_tag":[],"class_list":{"0":"post-22167","1":"product","2":"type-product","3":"status-publish","4":"has-post-thumbnail","6":"product_cat-gunes-sel-isiklari","8":"first","9":"instock","10":"shipping-taxable","11":"product-type-simple"},"yoast_head":"<!-- This site is optimized with the Yoast SEO plugin v27.4 - https:\/\/yoast.com\/product\/yoast-seo-wordpress\/ -->\n<title>SPRING-SOLAR Serisi Solar Projekt\u00f6rler &#8211; ZHL I\u015f\u0131k Grubu<\/title>\n<meta name=\"description\" content=\"ZHL&#039;nin Spring-Solar Serisi \u2122 LED projekt\u00f6r\u00fc, geleneksel g\u00fcne\u015f lambalar\u0131na k\u0131yasla enerji tasarrufu sa\u011flayan g\u00fcne\u015f lambalar\u0131 ailesinde yeni bir tasar\u0131md\u0131r.\" \/>\n<meta name=\"robots\" content=\"index, follow, max-snippet:-1, max-image-preview:large, max-video-preview:-1\" \/>\n<link rel=\"canonical\" href=\"https:\/\/www.zhgdled.com\/tr\/spring-solar-series-solar-flood-lights.html\" \/>\n<meta property=\"og:locale\" content=\"tr_TR\" \/>\n<meta property=\"og:type\" content=\"article\" \/>\n<meta property=\"og:title\" content=\"SPRING-SOLAR Serisi Solar Projekt\u00f6rler &#8211; ZHL I\u015f\u0131k Grubu\" \/>\n<meta property=\"og:description\" content=\"ZHL&#039;nin Spring-Solar Serisi \u2122 LED projekt\u00f6r\u00fc, geleneksel g\u00fcne\u015f lambalar\u0131na k\u0131yasla enerji tasarrufu sa\u011flayan g\u00fcne\u015f lambalar\u0131 ailesinde yeni bir tasar\u0131md\u0131r.\" \/>\n<meta property=\"og:url\" content=\"https:\/\/www.zhgdled.com\/tr\/spring-solar-series-solar-flood-lights.html\" \/>\n<meta property=\"og:site_name\" content=\"ZHL I\u015f\u0131k Grubu\" \/>\n<meta property=\"article:publisher\" content=\"https:\/\/www.facebook.com\/zhllightinggroup\" \/>\n<meta property=\"article:modified_time\" content=\"2023-12-28T01:38:32+00:00\" \/>\n<meta property=\"og:image\" content=\"https:\/\/www.zhgdled.com\/wp-content\/uploads\/2023\/08\/1-1.png\" \/>\n\t<meta property=\"og:image:width\" content=\"1000\" \/>\n\t<meta property=\"og:image:height\" content=\"1000\" \/>\n\t<meta property=\"og:image:type\" content=\"image\/png\" \/>\n<meta name=\"twitter:card\" content=\"summary_large_image\" \/>\n<meta name=\"twitter:site\" content=\"@zhl_lighting\" \/>\n<meta name=\"twitter:label1\" content=\"Tahmini okuma s\u00fcresi\" \/>\n\t<meta name=\"twitter:data1\" content=\"2 dakika\" \/>\n<script type=\"application\/ld+json\" class=\"yoast-schema-graph\">{\"@context\":\"https:\\\/\\\/schema.org\",\"@graph\":[{\"@type\":\"WebPage\",\"@id\":\"https:\\\/\\\/www.zhgdled.com\\\/tr\\\/spring-solar-series-solar-flood-lights.html\",\"url\":\"https:\\\/\\\/www.zhgdled.com\\\/tr\\\/spring-solar-series-solar-flood-lights.html\",\"name\":\"SPRING-SOLAR Serisi Solar Projekt\u00f6rler &#8211; ZHL I\u015f\u0131k Grubu\",\"isPartOf\":{\"@id\":\"https:\\\/\\\/www.zhgdled.com\\\/tr\\\/#website\"},\"primaryImageOfPage\":{\"@id\":\"https:\\\/\\\/www.zhgdled.com\\\/tr\\\/spring-solar-series-solar-flood-lights.html#primaryimage\"},\"image\":{\"@id\":\"https:\\\/\\\/www.zhgdled.com\\\/tr\\\/spring-solar-series-solar-flood-lights.html#primaryimage\"},\"thumbnailUrl\":\"https:\\\/\\\/www.zhgdled.com\\\/wp-content\\\/uploads\\\/2023\\\/08\\\/1-1.png\",\"datePublished\":\"2023-08-24T03:02:44+00:00\",\"dateModified\":\"2023-12-28T01:38:32+00:00\",\"description\":\"ZHL'nin Spring-Solar Serisi \u2122 LED projekt\u00f6r\u00fc, geleneksel g\u00fcne\u015f lambalar\u0131na k\u0131yasla enerji tasarrufu sa\u011flayan g\u00fcne\u015f lambalar\u0131 ailesinde yeni bir tasar\u0131md\u0131r.\",\"breadcrumb\":{\"@id\":\"https:\\\/\\\/www.zhgdled.com\\\/tr\\\/spring-solar-series-solar-flood-lights.html#breadcrumb\"},\"inLanguage\":\"tr\",\"potentialAction\":[{\"@type\":\"ReadAction\",\"target\":[\"https:\\\/\\\/www.zhgdled.com\\\/tr\\\/spring-solar-series-solar-flood-lights.html\"]}]},{\"@type\":\"ImageObject\",\"inLanguage\":\"tr\",\"@id\":\"https:\\\/\\\/www.zhgdled.com\\\/tr\\\/spring-solar-series-solar-flood-lights.html#primaryimage\",\"url\":\"https:\\\/\\\/www.zhgdled.com\\\/wp-content\\\/uploads\\\/2023\\\/08\\\/1-1.png\",\"contentUrl\":\"https:\\\/\\\/www.zhgdled.com\\\/wp-content\\\/uploads\\\/2023\\\/08\\\/1-1.png\",\"width\":1000,\"height\":1000,\"caption\":\"Spring-Solar Series \u2122 LED flood light\"},{\"@type\":\"BreadcrumbList\",\"@id\":\"https:\\\/\\\/www.zhgdled.com\\\/tr\\\/spring-solar-series-solar-flood-lights.html#breadcrumb\",\"itemListElement\":[{\"@type\":\"ListItem\",\"position\":1,\"name\":\"Home\",\"item\":\"https:\\\/\\\/www.zhgdled.com\\\/tr\"},{\"@type\":\"ListItem\",\"position\":2,\"name\":\"PRODUCTS\",\"item\":\"https:\\\/\\\/www.zhgdled.com\\\/zhl-products.html\"},{\"@type\":\"ListItem\",\"position\":3,\"name\":\"SPRING-SOLAR Serisi Solar Projekt\u00f6rler\"}]},{\"@type\":\"WebSite\",\"@id\":\"https:\\\/\\\/www.zhgdled.com\\\/tr\\\/#website\",\"url\":\"https:\\\/\\\/www.zhgdled.com\\\/tr\\\/\",\"name\":\"ZHL I\u015f\u0131k Grubu\",\"description\":\"Top ranking industrial lighting manufacturer and exporter\",\"publisher\":{\"@id\":\"https:\\\/\\\/www.zhgdled.com\\\/tr\\\/#organization\"},\"potentialAction\":[{\"@type\":\"SearchAction\",\"target\":{\"@type\":\"EntryPoint\",\"urlTemplate\":\"https:\\\/\\\/www.zhgdled.com\\\/tr\\\/?s={search_term_string}\"},\"query-input\":{\"@type\":\"PropertyValueSpecification\",\"valueRequired\":true,\"valueName\":\"search_term_string\"}}],\"inLanguage\":\"tr\"},{\"@type\":\"Organization\",\"@id\":\"https:\\\/\\\/www.zhgdled.com\\\/tr\\\/#organization\",\"name\":\"ZHL Lighting Group\",\"url\":\"https:\\\/\\\/www.zhgdled.com\\\/tr\\\/\",\"logo\":{\"@type\":\"ImageObject\",\"inLanguage\":\"tr\",\"@id\":\"https:\\\/\\\/www.zhgdled.com\\\/tr\\\/#\\\/schema\\\/logo\\\/image\\\/\",\"url\":\"\",\"contentUrl\":\"\",\"caption\":\"ZHL Lighting Group\"},\"image\":{\"@id\":\"https:\\\/\\\/www.zhgdled.com\\\/tr\\\/#\\\/schema\\\/logo\\\/image\\\/\"},\"sameAs\":[\"https:\\\/\\\/www.facebook.com\\\/zhllightinggroup\",\"https:\\\/\\\/x.com\\\/zhl_lighting\"]}]}<\/script>\n<!-- \/ Yoast SEO plugin. -->","yoast_head_json":{"title":"SPRING-SOLAR Serisi Solar Projekt\u00f6rler &#8211; ZHL I\u015f\u0131k Grubu","description":"ZHL'nin Spring-Solar Serisi \u2122 LED projekt\u00f6r\u00fc, geleneksel g\u00fcne\u015f lambalar\u0131na k\u0131yasla enerji tasarrufu sa\u011flayan g\u00fcne\u015f lambalar\u0131 ailesinde yeni bir tasar\u0131md\u0131r.","robots":{"index":"index","follow":"follow","max-snippet":"max-snippet:-1","max-image-preview":"max-image-preview:large","max-video-preview":"max-video-preview:-1"},"canonical":"https:\/\/www.zhgdled.com\/tr\/spring-solar-series-solar-flood-lights.html","og_locale":"tr_TR","og_type":"article","og_title":"SPRING-SOLAR Serisi Solar Projekt\u00f6rler &#8211; ZHL I\u015f\u0131k Grubu","og_description":"ZHL'nin Spring-Solar Serisi \u2122 LED projekt\u00f6r\u00fc, geleneksel g\u00fcne\u015f lambalar\u0131na k\u0131yasla enerji tasarrufu sa\u011flayan g\u00fcne\u015f lambalar\u0131 ailesinde yeni bir tasar\u0131md\u0131r.","og_url":"https:\/\/www.zhgdled.com\/tr\/spring-solar-series-solar-flood-lights.html","og_site_name":"ZHL I\u015f\u0131k Grubu","article_publisher":"https:\/\/www.facebook.com\/zhllightinggroup","article_modified_time":"2023-12-28T01:38:32+00:00","og_image":[{"width":1000,"height":1000,"url":"https:\/\/www.zhgdled.com\/wp-content\/uploads\/2023\/08\/1-1.png","type":"image\/png"}],"twitter_card":"summary_large_image","twitter_site":"@zhl_lighting","twitter_misc":{"Tahmini okuma s\u00fcresi":"2 dakika"},"schema":{"@context":"https:\/\/schema.org","@graph":[{"@type":"WebPage","@id":"https:\/\/www.zhgdled.com\/tr\/spring-solar-series-solar-flood-lights.html","url":"https:\/\/www.zhgdled.com\/tr\/spring-solar-series-solar-flood-lights.html","name":"SPRING-SOLAR Serisi Solar Projekt\u00f6rler &#8211; ZHL I\u015f\u0131k Grubu","isPartOf":{"@id":"https:\/\/www.zhgdled.com\/tr\/#website"},"primaryImageOfPage":{"@id":"https:\/\/www.zhgdled.com\/tr\/spring-solar-series-solar-flood-lights.html#primaryimage"},"image":{"@id":"https:\/\/www.zhgdled.com\/tr\/spring-solar-series-solar-flood-lights.html#primaryimage"},"thumbnailUrl":"https:\/\/www.zhgdled.com\/wp-content\/uploads\/2023\/08\/1-1.png","datePublished":"2023-08-24T03:02:44+00:00","dateModified":"2023-12-28T01:38:32+00:00","description":"ZHL'nin Spring-Solar Serisi \u2122 LED projekt\u00f6r\u00fc, geleneksel g\u00fcne\u015f lambalar\u0131na k\u0131yasla enerji tasarrufu sa\u011flayan g\u00fcne\u015f lambalar\u0131 ailesinde yeni bir tasar\u0131md\u0131r.","breadcrumb":{"@id":"https:\/\/www.zhgdled.com\/tr\/spring-solar-series-solar-flood-lights.html#breadcrumb"},"inLanguage":"tr","potentialAction":[{"@type":"ReadAction","target":["https:\/\/www.zhgdled.com\/tr\/spring-solar-series-solar-flood-lights.html"]}]},{"@type":"ImageObject","inLanguage":"tr","@id":"https:\/\/www.zhgdled.com\/tr\/spring-solar-series-solar-flood-lights.html#primaryimage","url":"https:\/\/www.zhgdled.com\/wp-content\/uploads\/2023\/08\/1-1.png","contentUrl":"https:\/\/www.zhgdled.com\/wp-content\/uploads\/2023\/08\/1-1.png","width":1000,"height":1000,"caption":"Spring-Solar Series \u2122 LED flood light"},{"@type":"BreadcrumbList","@id":"https:\/\/www.zhgdled.com\/tr\/spring-solar-series-solar-flood-lights.html#breadcrumb","itemListElement":[{"@type":"ListItem","position":1,"name":"Home","item":"https:\/\/www.zhgdled.com\/tr"},{"@type":"ListItem","position":2,"name":"PRODUCTS","item":"https:\/\/www.zhgdled.com\/zhl-products.html"},{"@type":"ListItem","position":3,"name":"SPRING-SOLAR Serisi Solar Projekt\u00f6rler"}]},{"@type":"WebSite","@id":"https:\/\/www.zhgdled.com\/tr\/#website","url":"https:\/\/www.zhgdled.com\/tr\/","name":"ZHL I\u015f\u0131k Grubu","description":"Top ranking industrial lighting manufacturer and exporter","publisher":{"@id":"https:\/\/www.zhgdled.com\/tr\/#organization"},"potentialAction":[{"@type":"SearchAction","target":{"@type":"EntryPoint","urlTemplate":"https:\/\/www.zhgdled.com\/tr\/?s={search_term_string}"},"query-input":{"@type":"PropertyValueSpecification","valueRequired":true,"valueName":"search_term_string"}}],"inLanguage":"tr"},{"@type":"Organization","@id":"https:\/\/www.zhgdled.com\/tr\/#organization","name":"ZHL Lighting Group","url":"https:\/\/www.zhgdled.com\/tr\/","logo":{"@type":"ImageObject","inLanguage":"tr","@id":"https:\/\/www.zhgdled.com\/tr\/#\/schema\/logo\/image\/","url":"","contentUrl":"","caption":"ZHL Lighting Group"},"image":{"@id":"https:\/\/www.zhgdled.com\/tr\/#\/schema\/logo\/image\/"},"sameAs":["https:\/\/www.facebook.com\/zhllightinggroup","https:\/\/x.com\/zhl_lighting"]}]}},"_links":{"self":[{"href":"https:\/\/www.zhgdled.com\/tr\/wp-json\/wp\/v2\/product\/22167","targetHints":{"allow":["GET"]}}],"collection":[{"href":"https:\/\/www.zhgdled.com\/tr\/wp-json\/wp\/v2\/product"}],"about":[{"href":"https:\/\/www.zhgdled.com\/tr\/wp-json\/wp\/v2\/types\/product"}],"wp:featuredmedia":[{"embeddable":true,"href":"https:\/\/www.zhgdled.com\/tr\/wp-json\/wp\/v2\/media\/21841"}],"wp:attachment":[{"href":"https:\/\/www.zhgdled.com\/tr\/wp-json\/wp\/v2\/media?parent=22167"}],"wp:term":[{"taxonomy":"product_brand","embeddable":true,"href":"https:\/\/www.zhgdled.com\/tr\/wp-json\/wp\/v2\/product_brand?post=22167"},{"taxonomy":"product_cat","embeddable":true,"href":"https:\/\/www.zhgdled.com\/tr\/wp-json\/wp\/v2\/product_cat?post=22167"},{"taxonomy":"product_tag","embeddable":true,"href":"https:\/\/www.zhgdled.com\/tr\/wp-json\/wp\/v2\/product_tag?post=22167"}],"curies":[{"name":"wp","href":"https:\/\/api.w.org\/{rel}","templated":true}]}}