{"id":22399,"date":"2023-10-24T07:21:44","date_gmt":"2023-08-27T23:21:44","guid":{"rendered":"https:\/\/www.zhgdled.com\/product\/superb-series-solar-flood-light"},"modified":"2023-12-28T09:38:30","modified_gmt":"2023-12-28T01:38:30","slug":"superb-series-solar-flood-light","status":"publish","type":"product","link":"https:\/\/www.zhgdled.com\/tr\/apollo-series-solar-flood-light.html","title":{"rendered":"APOLLO SER\u0130S\u0130 LED G\u00fcne\u015f Enerjili Projekt\u00f6r"},"content":{"rendered":"<h2><img decoding=\"async\" class=\"alignnone size-full wp-image-22363\" src=\"https:\/\/www.zhgdled.com\/wp-content\/uploads\/2023\/08\/20230829110548-1.jpg\" alt=\"\" width=\"1105\" height=\"511\" srcset=\"https:\/\/www.zhgdled.com\/wp-content\/uploads\/2023\/08\/20230829110548-1.jpg 1105w, https:\/\/www.zhgdled.com\/wp-content\/uploads\/2023\/08\/20230829110548-1-300x139.jpg 300w, https:\/\/www.zhgdled.com\/wp-content\/uploads\/2023\/08\/20230829110548-1-1024x474.jpg 1024w, https:\/\/www.zhgdled.com\/wp-content\/uploads\/2023\/08\/20230829110548-1-768x355.jpg 768w, https:\/\/www.zhgdled.com\/wp-content\/uploads\/2023\/08\/20230829110548-1-600x277.jpg 600w, https:\/\/www.zhgdled.com\/wp-content\/uploads\/2023\/08\/20230829110548-1-150x69.jpg 150w\" sizes=\"(max-width: 1105px) 100vw, 1105px\" \/><\/h2>\n<h2>APOLLO SER\u0130S\u0130 SOLAR TA\u015eIMA I\u015eI\u011eI DI\u015e MEKAN \u00d6ZELL\u0130KLER\u0130 Y\u00dcKSEK I\u015eIK VER\u0130ML\u0130L\u0130\u011e\u0130 VE \u015eARJ DURUM EKRANI<\/h2>\n<ul>\n<li class=\"a-spacing-mini\">S\u00fcper Parlak Ayd\u0131nlatma: APOLLO serisi, 2000 l\u00fcmenlik \u00e7arp\u0131c\u0131 6500k g\u00fcn \u0131\u015f\u0131\u011f\u0131 beyaz \u0131\u015f\u0131\u011f\u0131 sa\u011flayan, 250 metrekareden fazla bir alan\u0131 ayd\u0131nlatan, 300 W&#8217;a kadar y\u00fcksek kaliteli bir LED&#8217;e sahiptir ve bu da onu geni\u015f d\u0131\u015f mekanlar i\u00e7in ideal k\u0131lar.<\/li>\n<li class=\"a-spacing-mini\">Uygun Maliyetli ve \u00c7evre Dostu: Elektrik maliyeti olmayan bu g\u00fcne\u015f enerjili projekt\u00f6rler, g\u00fcc\u00fcn\u00fc tamamen g\u00fcne\u015ften al\u0131r ve kablosuz kurulum sa\u011flayarak karbon ayak izinizi azalt\u0131rken enerji maliyetlerinden tasarruf etmenize yard\u0131mc\u0131 olur.<\/li>\n<li class=\"a-spacing-mini\">Al\u00fcminyum ala\u015f\u0131mdan ve temperli camdan yap\u0131lm\u0131\u015f olan APOLLO serisi d\u0131\u015f mekan g\u00fcne\u015f projekt\u00f6r\u00fc kullan\u0131m i\u00e7in dayan\u0131kl\u0131d\u0131r. G\u00fcne\u015f enerjili d\u0131\u015f mekan projekt\u00f6rleri, 5V 12watt g\u00fcne\u015f fotovoltaik panelleri, optik lensli 256 LED boncuk ve 6500K beyaz \u0131\u015f\u0131klarla donat\u0131lm\u0131\u015ft\u0131r ve geni\u015f a\u00e7\u0131k alan\u0131 ayd\u0131nlatabilir. Parlakl\u0131\u011f\u0131 ve a\u00e7ma\/kapamay\u0131 kontrol etmek i\u00e7in bir uzaktan kumanda dahildir.<\/li>\n<\/ul>\n<h2>Evrensel Y\u00fcksek G\u00fc\u00e7l\u00fc Ticari S\u0131n\u0131f G\u00fcne\u015f Enerjili Projekt\u00f6r, parlak, uzun \u00f6m\u00fcrl\u00fc, g\u00fcvenilir ayd\u0131nlatma sa\u011flar ve konut ve ticari binalar\u0131n \u00e7evresinde g\u00fcndelik veya acil durum ayd\u0131nlatmas\u0131n\u0131 s\u00fcrd\u00fcrmek i\u00e7in idealdir.<\/h2>\n<ul>\n<li>Konut Uygulamas\u0131 ev, garaj, bah\u00e7e, sundurmalar, verandalar, balkonlar ve verandalar, yan ve arka bah\u00e7e koridorlar\u0131, araba yolu, merdivenler, giri\u015f yolu, yol, \u00e7it vb. i\u00e7erir.<\/li>\n<li>Ticari Uygulama, depolar, otoparklar, kafeler, oteller, k\u00f6m\u00fcr ve demir cevheri madenleri, tar\u0131m alanlar\u0131, in\u015faat ve \u015fantiyeler, yol \u00e7al\u0131\u015fmalar\u0131 vb. dahil olmak \u00fczere end\u00fcstriyel ve ticari tesislerle s\u0131n\u0131rl\u0131 de\u011fildir.<\/li>\n<li>Parklar, Otoparklar, Yollar, Sokaklar, Patikalar, Oyun Alanlar\u0131 vb. dahil olmak \u00fczere halka a\u00e7\u0131k alanlar\u0131n ayd\u0131nlat\u0131lmas\u0131 i\u00e7in ge\u00e7erlidir.<\/li>\n<\/ul>\n<h2>Ba\u015fl\u0131ca \u00f6zellikler<\/h2>\n<p>1. \u00c7e\u015fitli I\u015f\u0131n A\u00e7\u0131lar\u0131 Mevcuttur: 30\u00b0\/60\u00b0\/90\u00b0\/120\u00b0\/ 60\u00b0*145\u00b0 (T2-M)<br \/>\n2. H\u0131zl\u0131 bir \u015fekilde de\u011fi\u015ftirilebilir ana bile\u015fenler: Pil, PCBA, Lens<br \/>\n3. I\u015f\u0131k kontrol\u00fc + zaman kontrol\u00fc + otomatik g\u00fc\u00e7 tasarrufu fonksiyonu<br \/>\n4. Ekran ger\u00e7ek zamanl\u0131 \u015farj oran\u0131n\u0131 g\u00f6sterebilir<br \/>\n5. 13 saat s\u00fcrekli ayd\u0131nlatma, 1-2 ya\u011fmurlu g\u00fcn<br \/>\n6. Sa\u011flam kal\u0131p d\u00f6k\u00fcm so\u011futucu, lens+temperli cam \u00e7ift katmanl\u0131 anti-UV ve su ge\u00e7irmez tasar\u0131m.<\/p>\n<blockquote><p>&nbsp;<\/p><\/blockquote>\n<h2>\u015eARTNAME<\/h2>\n<table width=\"768\">\n<tbody>\n<tr>\n<td width=\"164\">G\u00fc\u00e7:<\/td>\n<td width=\"214\">50W 100W 200W 300W<\/td>\n<td width=\"145\"><\/td>\n<\/tr>\n<tr>\n<td width=\"164\">I\u015f\u0131k ak\u0131s\u0131:<\/td>\n<td width=\"214\">600lm, 960lm, 1560lm, 2040lm<\/td>\n<td width=\"145\"><\/td>\n<\/tr>\n<tr>\n<td width=\"164\">LED \u00e7ipleri:<\/td>\n<td colspan=\"2\" width=\"360\">Osram 2835<\/td>\n<\/tr>\n<tr>\n<td width=\"164\">Renk S\u0131cakl\u0131\u011f\u0131 (\u015eNT):<\/td>\n<td colspan=\"2\" width=\"360\">2700-3200K 4000-4500K 6000-7000K<\/td>\n<\/tr>\n<tr>\n<td width=\"164\">CRI:<\/td>\n<td colspan=\"2\" width=\"360\">\u226580<\/td>\n<\/tr>\n<tr>\n<td width=\"164\">Ayd\u0131nlatma Alan\u0131:<\/td>\n<td colspan=\"2\" width=\"360\">30\u33a1-250\u33a1<\/td>\n<\/tr>\n<tr>\n<td width=\"164\">G\u00fcne\u015f paneli:<\/td>\n<td colspan=\"2\" width=\"360\">Polysilicon 6V\/6W-80W<\/td>\n<\/tr>\n<tr>\n<td width=\"164\">Pil:<\/td>\n<td colspan=\"2\" width=\"360\">32700 Lithium iron phosphate battery 5AH-25AH\/3.7V<\/td>\n<\/tr>\n<\/tbody>\n<\/table>\n<p><a href=\"https:\/\/solartown.com\/learning\/solar-lights-and-garden\/usage-tips-for-outdoor-solar-lights\/\" target=\"_blank\" rel=\"nofollow noopener\">Usage tips for outdoor solar lights &gt;&gt;<\/a><\/p>\n<p>&nbsp;<\/p>\n<p><img decoding=\"async\" class=\"alignnone size-full wp-image-22318\" src=\"https:\/\/www.zhgdled.com\/wp-content\/uploads\/2023\/08\/20230829110352.png\" alt=\"\" width=\"1305\" height=\"247\" srcset=\"https:\/\/www.zhgdled.com\/wp-content\/uploads\/2023\/08\/20230829110352.png 1305w, https:\/\/www.zhgdled.com\/wp-content\/uploads\/2023\/08\/20230829110352-300x57.png 300w, https:\/\/www.zhgdled.com\/wp-content\/uploads\/2023\/08\/20230829110352-1024x194.png 1024w, https:\/\/www.zhgdled.com\/wp-content\/uploads\/2023\/08\/20230829110352-768x145.png 768w, https:\/\/www.zhgdled.com\/wp-content\/uploads\/2023\/08\/20230829110352-600x114.png 600w, https:\/\/www.zhgdled.com\/wp-content\/uploads\/2023\/08\/20230829110352-150x28.png 150w\" sizes=\"(max-width: 1305px) 100vw, 1305px\" \/><\/p>\n","protected":false},"excerpt":{"rendered":"<p>APOLLO serisi, 250 metrekarenin \u00fczerinde bir alan\u0131 ayd\u0131nlatan, 2000 l\u00fcmenlik \u00e7arp\u0131c\u0131 6500k g\u00fcn \u0131\u015f\u0131\u011f\u0131 beyaz \u0131\u015f\u0131\u011f\u0131 sa\u011flayan, 300 W&#8217;a kadar y\u00fcksek kaliteli bir LED&#8217;e sahiptir ve bu da onu geni\u015f d\u0131\u015f mekanlar i\u00e7in ideal k\u0131lar. Uygun Maliyetli ve \u00c7evre Dostu: Elektrik maliyeti olmayan bu g\u00fcne\u015f enerjili projekt\u00f6rler, g\u00fcc\u00fcn\u00fc tamamen g\u00fcne\u015ften al\u0131r ve kablosuz kurulum sa\u011flayarak karbon ayak izinizi azalt\u0131rken enerji maliyetlerinden tasarruf etmenize yard\u0131mc\u0131 olur. Al\u00fcminyum ala\u015f\u0131mdan ve temperli camdan yap\u0131lm\u0131\u015f olan APOLLO serisi d\u0131\u015f mekan g\u00fcne\u015f projekt\u00f6r\u00fc kullan\u0131m i\u00e7in dayan\u0131kl\u0131d\u0131r. G\u00fcne\u015f enerjili d\u0131\u015f mekan projekt\u00f6rleri, 5V 12watt g\u00fcne\u015f fotovoltaik panelleri, optik lensli 256 LED boncuk ve 6500K beyaz \u0131\u015f\u0131klarla donat\u0131lm\u0131\u015ft\u0131r ve alan\u0131 3600 l\u00fcmene kadar ayd\u0131nlatabilir.<\/p>\n<p>&nbsp;<\/p>\n<p>50W\/100W\/200W\/300W<br \/>\n600lm &#8211; 2040lm<br \/>\nOSRAM 2835<br \/>\n\u015eNT: 2700-3200K 4000-4500K 6000-7000K<br \/>\nAyd\u0131nlatma alan\u0131: 30\u33a1-250\u33a1<\/p>\n","protected":false},"featured_media":24260,"template":"","meta":[],"product_brand":[],"product_cat":[665],"product_tag":[452],"class_list":{"0":"post-22399","1":"product","2":"type-product","3":"status-publish","4":"has-post-thumbnail","6":"product_cat-gunes-sel-isiklari","7":"product_tag-led-solar-flood-light-tr","9":"first","10":"instock","11":"featured","12":"shipping-taxable","13":"product-type-simple"},"yoast_head":"<!-- This site is optimized with the Yoast SEO plugin v27.4 - https:\/\/yoast.com\/product\/yoast-seo-wordpress\/ -->\n<title>SOLAR FLOOD LIGHT OUTDOOR &#8211; ZHL I\u015f\u0131k Grubu<\/title>\n<meta name=\"description\" content=\"APOLLO serisi, 250 metrekarenin \u00fczerinde bir alan\u0131 ayd\u0131nlatan, 3600 l\u00fcmenlik \u00e7arp\u0131c\u0131 6500k g\u00fcn \u0131\u015f\u0131\u011f\u0131 beyaz \u0131\u015f\u0131\u011f\u0131 sa\u011flayan, 300 W&#039;a kadar y\u00fcksek kaliteli bir LED&#039;e sahiptir ve bu da onu geni\u015f d\u0131\u015f mekanlar i\u00e7in ideal k\u0131lar.\" \/>\n<meta name=\"robots\" content=\"index, follow, max-snippet:-1, max-image-preview:large, max-video-preview:-1\" \/>\n<link rel=\"canonical\" href=\"https:\/\/www.zhgdled.com\/tr\/apollo-series-solar-flood-light.html\" \/>\n<meta property=\"og:locale\" content=\"tr_TR\" \/>\n<meta property=\"og:type\" content=\"article\" \/>\n<meta property=\"og:title\" content=\"SOLAR FLOOD LIGHT OUTDOOR &#8211; ZHL I\u015f\u0131k Grubu\" \/>\n<meta property=\"og:description\" content=\"APOLLO serisi, 250 metrekarenin \u00fczerinde bir alan\u0131 ayd\u0131nlatan, 3600 l\u00fcmenlik \u00e7arp\u0131c\u0131 6500k g\u00fcn \u0131\u015f\u0131\u011f\u0131 beyaz \u0131\u015f\u0131\u011f\u0131 sa\u011flayan, 300 W&#039;a kadar y\u00fcksek kaliteli bir LED&#039;e sahiptir ve bu da onu geni\u015f d\u0131\u015f mekanlar i\u00e7in ideal k\u0131lar.\" \/>\n<meta property=\"og:url\" content=\"https:\/\/www.zhgdled.com\/tr\/apollo-series-solar-flood-light.html\" \/>\n<meta property=\"og:site_name\" content=\"ZHL I\u015f\u0131k Grubu\" \/>\n<meta property=\"article:publisher\" content=\"https:\/\/www.facebook.com\/zhllightinggroup\" \/>\n<meta property=\"article:modified_time\" content=\"2023-12-28T01:38:30+00:00\" \/>\n<meta property=\"og:image\" content=\"https:\/\/www.zhgdled.com\/wp-content\/uploads\/2023\/08\/20230829092856_1.jpg\" \/>\n\t<meta property=\"og:image:width\" content=\"1600\" \/>\n\t<meta property=\"og:image:height\" content=\"1600\" \/>\n\t<meta property=\"og:image:type\" content=\"image\/jpeg\" \/>\n<meta name=\"twitter:card\" content=\"summary_large_image\" \/>\n<meta name=\"twitter:site\" content=\"@zhl_lighting\" \/>\n<meta name=\"twitter:label1\" content=\"Tahmini okuma s\u00fcresi\" \/>\n\t<meta name=\"twitter:data1\" content=\"3 dakika\" \/>\n<script type=\"application\/ld+json\" class=\"yoast-schema-graph\">{\"@context\":\"https:\\\/\\\/schema.org\",\"@graph\":[{\"@type\":\"WebPage\",\"@id\":\"https:\\\/\\\/www.zhgdled.com\\\/tr\\\/apollo-series-solar-flood-light.html\",\"url\":\"https:\\\/\\\/www.zhgdled.com\\\/tr\\\/apollo-series-solar-flood-light.html\",\"name\":\"SOLAR FLOOD LIGHT OUTDOOR &#8211; ZHL I\u015f\u0131k Grubu\",\"isPartOf\":{\"@id\":\"https:\\\/\\\/www.zhgdled.com\\\/tr\\\/#website\"},\"primaryImageOfPage\":{\"@id\":\"https:\\\/\\\/www.zhgdled.com\\\/tr\\\/apollo-series-solar-flood-light.html#primaryimage\"},\"image\":{\"@id\":\"https:\\\/\\\/www.zhgdled.com\\\/tr\\\/apollo-series-solar-flood-light.html#primaryimage\"},\"thumbnailUrl\":\"https:\\\/\\\/www.zhgdled.com\\\/wp-content\\\/uploads\\\/2023\\\/10\\\/01.jpg\",\"datePublished\":\"2023-08-27T23:21:44+00:00\",\"dateModified\":\"2023-12-28T01:38:30+00:00\",\"description\":\"APOLLO serisi, 250 metrekarenin \u00fczerinde bir alan\u0131 ayd\u0131nlatan, 3600 l\u00fcmenlik \u00e7arp\u0131c\u0131 6500k g\u00fcn \u0131\u015f\u0131\u011f\u0131 beyaz \u0131\u015f\u0131\u011f\u0131 sa\u011flayan, 300 W'a kadar y\u00fcksek kaliteli bir LED'e sahiptir ve bu da onu geni\u015f d\u0131\u015f mekanlar i\u00e7in ideal k\u0131lar.\",\"breadcrumb\":{\"@id\":\"https:\\\/\\\/www.zhgdled.com\\\/tr\\\/apollo-series-solar-flood-light.html#breadcrumb\"},\"inLanguage\":\"tr\",\"potentialAction\":[{\"@type\":\"ReadAction\",\"target\":[\"https:\\\/\\\/www.zhgdled.com\\\/tr\\\/apollo-series-solar-flood-light.html\"]}]},{\"@type\":\"ImageObject\",\"inLanguage\":\"tr\",\"@id\":\"https:\\\/\\\/www.zhgdled.com\\\/tr\\\/apollo-series-solar-flood-light.html#primaryimage\",\"url\":\"https:\\\/\\\/www.zhgdled.com\\\/wp-content\\\/uploads\\\/2023\\\/10\\\/01.jpg\",\"contentUrl\":\"https:\\\/\\\/www.zhgdled.com\\\/wp-content\\\/uploads\\\/2023\\\/10\\\/01.jpg\",\"width\":1600,\"height\":1600,\"caption\":\"solar floodlight\"},{\"@type\":\"BreadcrumbList\",\"@id\":\"https:\\\/\\\/www.zhgdled.com\\\/tr\\\/apollo-series-solar-flood-light.html#breadcrumb\",\"itemListElement\":[{\"@type\":\"ListItem\",\"position\":1,\"name\":\"Home\",\"item\":\"https:\\\/\\\/www.zhgdled.com\\\/tr\"},{\"@type\":\"ListItem\",\"position\":2,\"name\":\"PRODUCTS\",\"item\":\"https:\\\/\\\/www.zhgdled.com\\\/zhl-products.html\"},{\"@type\":\"ListItem\",\"position\":3,\"name\":\"APOLLO SER\u0130S\u0130 LED G\u00fcne\u015f Enerjili Projekt\u00f6r\"}]},{\"@type\":\"WebSite\",\"@id\":\"https:\\\/\\\/www.zhgdled.com\\\/tr\\\/#website\",\"url\":\"https:\\\/\\\/www.zhgdled.com\\\/tr\\\/\",\"name\":\"ZHL I\u015f\u0131k Grubu\",\"description\":\"Top ranking industrial lighting manufacturer and exporter\",\"publisher\":{\"@id\":\"https:\\\/\\\/www.zhgdled.com\\\/tr\\\/#organization\"},\"potentialAction\":[{\"@type\":\"SearchAction\",\"target\":{\"@type\":\"EntryPoint\",\"urlTemplate\":\"https:\\\/\\\/www.zhgdled.com\\\/tr\\\/?s={search_term_string}\"},\"query-input\":{\"@type\":\"PropertyValueSpecification\",\"valueRequired\":true,\"valueName\":\"search_term_string\"}}],\"inLanguage\":\"tr\"},{\"@type\":\"Organization\",\"@id\":\"https:\\\/\\\/www.zhgdled.com\\\/tr\\\/#organization\",\"name\":\"ZHL Lighting Group\",\"url\":\"https:\\\/\\\/www.zhgdled.com\\\/tr\\\/\",\"logo\":{\"@type\":\"ImageObject\",\"inLanguage\":\"tr\",\"@id\":\"https:\\\/\\\/www.zhgdled.com\\\/tr\\\/#\\\/schema\\\/logo\\\/image\\\/\",\"url\":\"\",\"contentUrl\":\"\",\"caption\":\"ZHL Lighting Group\"},\"image\":{\"@id\":\"https:\\\/\\\/www.zhgdled.com\\\/tr\\\/#\\\/schema\\\/logo\\\/image\\\/\"},\"sameAs\":[\"https:\\\/\\\/www.facebook.com\\\/zhllightinggroup\",\"https:\\\/\\\/x.com\\\/zhl_lighting\"]}]}<\/script>\n<!-- \/ Yoast SEO plugin. -->","yoast_head_json":{"title":"SOLAR FLOOD LIGHT OUTDOOR &#8211; ZHL I\u015f\u0131k Grubu","description":"APOLLO serisi, 250 metrekarenin \u00fczerinde bir alan\u0131 ayd\u0131nlatan, 3600 l\u00fcmenlik \u00e7arp\u0131c\u0131 6500k g\u00fcn \u0131\u015f\u0131\u011f\u0131 beyaz \u0131\u015f\u0131\u011f\u0131 sa\u011flayan, 300 W'a kadar y\u00fcksek kaliteli bir LED'e sahiptir ve bu da onu geni\u015f d\u0131\u015f mekanlar i\u00e7in ideal k\u0131lar.","robots":{"index":"index","follow":"follow","max-snippet":"max-snippet:-1","max-image-preview":"max-image-preview:large","max-video-preview":"max-video-preview:-1"},"canonical":"https:\/\/www.zhgdled.com\/tr\/apollo-series-solar-flood-light.html","og_locale":"tr_TR","og_type":"article","og_title":"SOLAR FLOOD LIGHT OUTDOOR &#8211; ZHL I\u015f\u0131k Grubu","og_description":"APOLLO serisi, 250 metrekarenin \u00fczerinde bir alan\u0131 ayd\u0131nlatan, 3600 l\u00fcmenlik \u00e7arp\u0131c\u0131 6500k g\u00fcn \u0131\u015f\u0131\u011f\u0131 beyaz \u0131\u015f\u0131\u011f\u0131 sa\u011flayan, 300 W'a kadar y\u00fcksek kaliteli bir LED'e sahiptir ve bu da onu geni\u015f d\u0131\u015f mekanlar i\u00e7in ideal k\u0131lar.","og_url":"https:\/\/www.zhgdled.com\/tr\/apollo-series-solar-flood-light.html","og_site_name":"ZHL I\u015f\u0131k Grubu","article_publisher":"https:\/\/www.facebook.com\/zhllightinggroup","article_modified_time":"2023-12-28T01:38:30+00:00","og_image":[{"width":1600,"height":1600,"url":"https:\/\/www.zhgdled.com\/wp-content\/uploads\/2023\/08\/20230829092856_1.jpg","type":"image\/jpeg"}],"twitter_card":"summary_large_image","twitter_site":"@zhl_lighting","twitter_misc":{"Tahmini okuma s\u00fcresi":"3 dakika"},"schema":{"@context":"https:\/\/schema.org","@graph":[{"@type":"WebPage","@id":"https:\/\/www.zhgdled.com\/tr\/apollo-series-solar-flood-light.html","url":"https:\/\/www.zhgdled.com\/tr\/apollo-series-solar-flood-light.html","name":"SOLAR FLOOD LIGHT OUTDOOR &#8211; ZHL I\u015f\u0131k Grubu","isPartOf":{"@id":"https:\/\/www.zhgdled.com\/tr\/#website"},"primaryImageOfPage":{"@id":"https:\/\/www.zhgdled.com\/tr\/apollo-series-solar-flood-light.html#primaryimage"},"image":{"@id":"https:\/\/www.zhgdled.com\/tr\/apollo-series-solar-flood-light.html#primaryimage"},"thumbnailUrl":"https:\/\/www.zhgdled.com\/wp-content\/uploads\/2023\/10\/01.jpg","datePublished":"2023-08-27T23:21:44+00:00","dateModified":"2023-12-28T01:38:30+00:00","description":"APOLLO serisi, 250 metrekarenin \u00fczerinde bir alan\u0131 ayd\u0131nlatan, 3600 l\u00fcmenlik \u00e7arp\u0131c\u0131 6500k g\u00fcn \u0131\u015f\u0131\u011f\u0131 beyaz \u0131\u015f\u0131\u011f\u0131 sa\u011flayan, 300 W'a kadar y\u00fcksek kaliteli bir LED'e sahiptir ve bu da onu geni\u015f d\u0131\u015f mekanlar i\u00e7in ideal k\u0131lar.","breadcrumb":{"@id":"https:\/\/www.zhgdled.com\/tr\/apollo-series-solar-flood-light.html#breadcrumb"},"inLanguage":"tr","potentialAction":[{"@type":"ReadAction","target":["https:\/\/www.zhgdled.com\/tr\/apollo-series-solar-flood-light.html"]}]},{"@type":"ImageObject","inLanguage":"tr","@id":"https:\/\/www.zhgdled.com\/tr\/apollo-series-solar-flood-light.html#primaryimage","url":"https:\/\/www.zhgdled.com\/wp-content\/uploads\/2023\/10\/01.jpg","contentUrl":"https:\/\/www.zhgdled.com\/wp-content\/uploads\/2023\/10\/01.jpg","width":1600,"height":1600,"caption":"solar floodlight"},{"@type":"BreadcrumbList","@id":"https:\/\/www.zhgdled.com\/tr\/apollo-series-solar-flood-light.html#breadcrumb","itemListElement":[{"@type":"ListItem","position":1,"name":"Home","item":"https:\/\/www.zhgdled.com\/tr"},{"@type":"ListItem","position":2,"name":"PRODUCTS","item":"https:\/\/www.zhgdled.com\/zhl-products.html"},{"@type":"ListItem","position":3,"name":"APOLLO SER\u0130S\u0130 LED G\u00fcne\u015f Enerjili Projekt\u00f6r"}]},{"@type":"WebSite","@id":"https:\/\/www.zhgdled.com\/tr\/#website","url":"https:\/\/www.zhgdled.com\/tr\/","name":"ZHL I\u015f\u0131k Grubu","description":"Top ranking industrial lighting manufacturer and exporter","publisher":{"@id":"https:\/\/www.zhgdled.com\/tr\/#organization"},"potentialAction":[{"@type":"SearchAction","target":{"@type":"EntryPoint","urlTemplate":"https:\/\/www.zhgdled.com\/tr\/?s={search_term_string}"},"query-input":{"@type":"PropertyValueSpecification","valueRequired":true,"valueName":"search_term_string"}}],"inLanguage":"tr"},{"@type":"Organization","@id":"https:\/\/www.zhgdled.com\/tr\/#organization","name":"ZHL Lighting Group","url":"https:\/\/www.zhgdled.com\/tr\/","logo":{"@type":"ImageObject","inLanguage":"tr","@id":"https:\/\/www.zhgdled.com\/tr\/#\/schema\/logo\/image\/","url":"","contentUrl":"","caption":"ZHL Lighting Group"},"image":{"@id":"https:\/\/www.zhgdled.com\/tr\/#\/schema\/logo\/image\/"},"sameAs":["https:\/\/www.facebook.com\/zhllightinggroup","https:\/\/x.com\/zhl_lighting"]}]}},"_links":{"self":[{"href":"https:\/\/www.zhgdled.com\/tr\/wp-json\/wp\/v2\/product\/22399","targetHints":{"allow":["GET"]}}],"collection":[{"href":"https:\/\/www.zhgdled.com\/tr\/wp-json\/wp\/v2\/product"}],"about":[{"href":"https:\/\/www.zhgdled.com\/tr\/wp-json\/wp\/v2\/types\/product"}],"wp:featuredmedia":[{"embeddable":true,"href":"https:\/\/www.zhgdled.com\/tr\/wp-json\/wp\/v2\/media\/24260"}],"wp:attachment":[{"href":"https:\/\/www.zhgdled.com\/tr\/wp-json\/wp\/v2\/media?parent=22399"}],"wp:term":[{"taxonomy":"product_brand","embeddable":true,"href":"https:\/\/www.zhgdled.com\/tr\/wp-json\/wp\/v2\/product_brand?post=22399"},{"taxonomy":"product_cat","embeddable":true,"href":"https:\/\/www.zhgdled.com\/tr\/wp-json\/wp\/v2\/product_cat?post=22399"},{"taxonomy":"product_tag","embeddable":true,"href":"https:\/\/www.zhgdled.com\/tr\/wp-json\/wp\/v2\/product_tag?post=22399"}],"curies":[{"name":"wp","href":"https:\/\/api.w.org\/{rel}","templated":true}]}}