{"id":22622,"date":"2024-03-23T14:03:04","date_gmt":"2023-09-05T06:03:04","guid":{"rendered":"https:\/\/www.zhgdled.com\/product\/led-solar-garden-post-top-lights"},"modified":"2023-09-09T08:25:58","modified_gmt":"2023-09-09T00:25:58","slug":"led-solar-garden-post-top-lights","status":"publish","type":"product","link":"https:\/\/www.zhgdled.com\/tr\/led-solar-garden-post-top-lights.html","title":{"rendered":"LED Solar Bah\u00e7e Dire\u011fi \u00dcst I\u015f\u0131klar"},"content":{"rendered":"<blockquote>\n<h2>Ak\u0131ll\u0131 kontrol ile d\u0131\u015f mekan g\u00fcne\u015f \u0131\u015f\u0131klar\u0131nda bir ad\u0131m daha ileri gidin!<\/h2>\n<\/blockquote>\n<table style=\"border-collapse: collapse; width: 955px; height: 351px;\" border=\"0\" width=\"177\" cellspacing=\"0\" cellpadding=\"0\">\n<tbody>\n<tr style=\"height: 23.10pt;\">\n<td class=\"et4\" style=\"height: 23.10pt; width: 79.40pt;\" align=\"right\" width=\"105\" height=\"30\">\n<h2 style=\"text-align: left;\">\u00d6ne \u00c7\u0131kanlar<\/h2>\n<ul style=\"text-align: left;\">\n<li>Korozyona dayan\u0131kl\u0131 a\u011f\u0131r hizmet tipi d\u00f6k\u00fcm al\u00fcminyum g\u00f6vde<\/li>\n<li>Yeni bir polikristalin silikon g\u00fcne\u015f paneli, su ge\u00e7irmez bir lamba g\u00f6vdesine yerle\u015ftirilmi\u015ftir.<\/li>\n<li>80+ CRI<\/li>\n<li>2700K &#8211; 65000K renk s\u0131cakl\u0131\u011f\u0131<\/li>\n<li>Islak Yerler i\u00e7in UL ve CUL Listelidir<\/li>\n<li>%50-80 enerji tasarrufu<\/li>\n<li>5 Y\u0131l Garanti<\/li>\n<li>Hem sens\u00f6rler hem de uzaktan kumanda mevcuttur.<\/li>\n<\/ul>\n<\/td>\n<td style=\"width: 54pt; text-align: left;\" align=\"right\" width=\"72\">\n<h2>Konut<\/h2>\n<ul>\n<li>Entegre \u0131s\u0131 emicili, a\u011f\u0131r hizmet tipi d\u00f6k\u00fcm g\u00f6vde<\/li>\n<li>UV \u0131\u015f\u0131nlar\u0131na dayan\u0131kl\u0131, \u00e7ok katmanl\u0131, mimari renkte, bronz toz boya kaplama<\/li>\n<li>Fotoselli uyarlanabilir<\/li>\n<li>Kolay kablo eri\u015fimi i\u00e7in \u00e7\u0131kar\u0131labilir direk montaj \u00fcst k\u0131sm\u0131<\/li>\n<li>Enjeksiyonla kal\u0131planm\u0131\u015f UV polikarbonat lens<\/li>\n<li>2-3\/8&#8243; direk \u00fcstleri veya z\u0131vanalar\u0131 slipfits<\/li>\n<li>\u00dcstte entegre su ge\u00e7irmez g\u00fcne\u015f paneli<\/li>\n<\/ul>\n<\/td>\n<\/tr>\n<\/tbody>\n<\/table>\n<div class=\"J_module\">\n<div class=\"grid__item one-third tab-one-half palm-one-whole\"><\/div>\n<\/div>\n<table style=\"height: 958px;\" width=\"954\">\n<tbody>\n<tr>\n<td width=\"284\">\n<h3>Teknik \u00f6zellikler<\/h3>\n<ul>\n<li id=\"ali-anchor-AliMagic-s5qei7\" class=\"magic-0\" data-section=\"AliMagic-s5qei7\" data-section-title=\"Product Description\" data-spm-anchor-id=\"a2700.details.0.i20.2d8a1a34X1y9Gb\">IP 66, CE ERC ETL CB sertifikal\u0131.<\/li>\n<li class=\"magic-0\" data-section=\"AliMagic-s5qei7\" data-section-title=\"Product Description\" data-spm-anchor-id=\"a2700.details.0.i20.2d8a1a34X1y9Gb\">G\u00fc\u00e7: 20W<\/li>\n<li class=\"magic-0\" data-section=\"AliMagic-s5qei7\" data-section-title=\"Product Description\" data-spm-anchor-id=\"a2700.details.0.i20.2d8a1a34X1y9Gb\">I\u015f\u0131k kayna\u011f\u0131: SMD2835 \/ SMD3030<\/li>\n<li class=\"magic-0\" data-section=\"AliMagic-s5qei7\" data-section-title=\"Product Description\" data-spm-anchor-id=\"a2700.details.0.i20.2d8a1a34X1y9Gb\">I\u015f\u0131k verimlili\u011fi: 170Lm\/w<\/li>\n<li class=\"magic-0\" data-section=\"AliMagic-s5qei7\" data-section-title=\"Product Description\" data-spm-anchor-id=\"a2700.details.0.i20.2d8a1a34X1y9Gb\">I\u015f\u0131n a\u00e7\u0131s\u0131: 60\u00b0, 90\u00b0, 120\u00b0<\/li>\n<li class=\"magic-0\" data-section=\"AliMagic-s5qei7\" data-section-title=\"Product Description\" data-spm-anchor-id=\"a2700.details.0.i20.2d8a1a34X1y9Gb\">\u00d6mr\u00fc: &gt; 50000 saat<\/li>\n<li class=\"magic-0\" data-section=\"AliMagic-s5qei7\" data-section-title=\"Product Description\" data-spm-anchor-id=\"a2700.details.0.i20.2d8a1a34X1y9Gb\">Kurulum y\u00fcksekli\u011fi: 3-6m<\/li>\n<li class=\"magic-0\" data-section=\"AliMagic-s5qei7\" data-section-title=\"Product Description\" data-spm-anchor-id=\"a2700.details.0.i20.2d8a1a34X1y9Gb\">\u015eNT: 3000-5000K<\/li>\n<li class=\"magic-0\" data-section=\"AliMagic-s5qei7\" data-section-title=\"Product Description\" data-spm-anchor-id=\"a2700.details.0.i20.2d8a1a34X1y9Gb\">Malzeme: Al\u00fcminyum g\u00f6vde, PC lens<\/li>\n<\/ul>\n<\/td>\n<td width=\"284\"><img decoding=\"async\" class=\" wp-image-20645\" src=\"https:\/\/www.zhgdled.com\/wp-content\/uploads\/2023\/06\/20230613134637.jpg\" alt=\"solar post top light 1\" width=\"529\" height=\"491\" srcset=\"https:\/\/www.zhgdled.com\/wp-content\/uploads\/2023\/06\/20230613134637.jpg 688w, https:\/\/www.zhgdled.com\/wp-content\/uploads\/2023\/06\/20230613134637-300x279.jpg 300w, https:\/\/www.zhgdled.com\/wp-content\/uploads\/2023\/06\/20230613134637-600x557.jpg 600w, https:\/\/www.zhgdled.com\/wp-content\/uploads\/2023\/06\/20230613134637-150x139.jpg 150w\" sizes=\"(max-width: 529px) 100vw, 529px\" \/><\/td>\n<\/tr>\n<tr>\n<td width=\"284\">\n<h3>\u00d6ZELL\u0130KLER<\/h3>\n<ul>\n<li>\u00c7e\u015fitli formlar, klasik ve zarif, uygun kurulum ve bak\u0131m;<\/li>\n<li>Makul yap\u0131, d\u00fc\u015f\u00fck i\u015fletme ve bak\u0131m maliyeti.<\/li>\n<li>170Lm\/w&#8217;ye kadar, ak\u0131ll\u0131 kontrol sistemiyle uyumlu, yerle\u015fim alanlar\u0131, manzaral\u0131 alanlar, parklar, kent meydanlar\u0131, \u00f6zel bah\u00e7eler, avlu, koridorlar ve di\u011fer halka a\u00e7\u0131k alanlar i\u00e7in uygundur.<\/li>\n<\/ul>\n<\/td>\n<td width=\"284\"><img decoding=\"async\" class=\"alignnone size-full wp-image-20655\" src=\"https:\/\/www.zhgdled.com\/wp-content\/uploads\/2023\/06\/20230613135110.jpg\" alt=\"solar post top light 2\" width=\"715\" height=\"681\" srcset=\"https:\/\/www.zhgdled.com\/wp-content\/uploads\/2023\/06\/20230613135110.jpg 715w, https:\/\/www.zhgdled.com\/wp-content\/uploads\/2023\/06\/20230613135110-300x286.jpg 300w, https:\/\/www.zhgdled.com\/wp-content\/uploads\/2023\/06\/20230613135110-600x571.jpg 600w, https:\/\/www.zhgdled.com\/wp-content\/uploads\/2023\/06\/20230613135110-150x143.jpg 150w\" sizes=\"(max-width: 715px) 100vw, 715px\" \/><\/td>\n<\/tr>\n<\/tbody>\n<\/table>\n<h3>Download specs<\/h3>\n<p><a href=\"https:\/\/www.zhgdled.com\/download\/garden-post-top-light\">POST TOP LIGHT 2022\/10\/11<\/a><\/p>\n","protected":false},"excerpt":{"rendered":"<p>Bir zamanlar birinci nesil bah\u00e7e lambas\u0131nda modernist bir g\u00f6r\u00fcn\u00fcm tasarlad\u0131k ve bu da onu piyasada olduk\u00e7a kabul g\u00f6ren bir end\u00fcstriyel ayd\u0131nlatma \u00fcr\u00fcn\u00fc haline getirdi. Bug\u00fcn, TOP LIGHT&#8217;\u0131 temel alarak, daha y\u00fcksek enerji verimlili\u011fi standartlar\u0131n\u0131 ve ak\u0131ll\u0131 gereksinimleri kar\u015f\u0131lamak i\u00e7in yeniden kullan\u0131labilir enerji cihazlar\u0131 ve ak\u0131ll\u0131 yapay zeka mod\u00fclleri ekliyoruz.<\/p>\n<p>IP 66, CE ERC ETL CB sertifikal\u0131.<br \/>\nG\u00fc\u00e7: 20W<br \/>\nI\u015f\u0131k kayna\u011f\u0131: SMD2835 \/ SMD3030<br \/>\nI\u015f\u0131k verimlili\u011fi: 170Lm\/w<br \/>\nI\u015f\u0131n a\u00e7\u0131s\u0131: 60\u00b0, 90\u00b0, 120\u00b0<br \/>\n\u00d6mr\u00fc: &gt; 50000 saat<br \/>\nKurulum y\u00fcksekli\u011fi: 3-6m<br \/>\n\u015eNT: 3000-5000K<br \/>\nMalzeme: Al\u00fcminyum g\u00f6vde, PC lens<\/p>\n","protected":false},"featured_media":23929,"template":"","meta":[],"product_brand":[],"product_cat":[486],"product_tag":[],"class_list":{"0":"post-22622","1":"product","2":"type-product","3":"status-publish","4":"has-post-thumbnail","6":"product_cat-garden-lights-tr","8":"first","9":"instock","10":"featured","11":"shipping-taxable","12":"product-type-simple"},"yoast_head":"<!-- This site is optimized with the Yoast SEO plugin v27.4 - https:\/\/yoast.com\/product\/yoast-seo-wordpress\/ -->\n<title>LED Solar Bah\u00e7e Dire\u011fi \u00dcst I\u015f\u0131klar &#8211; ZHL I\u015f\u0131k Grubu<\/title>\n<meta name=\"description\" content=\"G\u00fcne\u015f enerjili bah\u00e7e ayd\u0131nlatmas\u0131, daha y\u00fcksek enerji verimlili\u011fi standartlar\u0131n\u0131 ve ak\u0131ll\u0131 gereksinimleri kar\u015f\u0131lamak i\u00e7in yeniden kullan\u0131labilir enerji cihazlar\u0131 ve ak\u0131ll\u0131 yapay zeka mod\u00fclleri i\u00e7erir. G\u00fcne\u015f enerjisiyle \u00e7al\u0131\u015fan \u00e7\u00f6z\u00fcm, bu \u0131\u015f\u0131\u011f\u0131 ger\u00e7ekten kablosuz ve ak\u0131ll\u0131 hale getiriyor.\" \/>\n<meta name=\"robots\" content=\"index, follow, max-snippet:-1, max-image-preview:large, max-video-preview:-1\" \/>\n<link rel=\"canonical\" href=\"https:\/\/www.zhgdled.com\/tr\/led-solar-garden-post-top-lights.html\" \/>\n<meta property=\"og:locale\" content=\"tr_TR\" \/>\n<meta property=\"og:type\" content=\"article\" \/>\n<meta property=\"og:title\" content=\"LED Solar Bah\u00e7e Dire\u011fi \u00dcst I\u015f\u0131klar &#8211; ZHL I\u015f\u0131k Grubu\" \/>\n<meta property=\"og:description\" content=\"G\u00fcne\u015f enerjili bah\u00e7e ayd\u0131nlatmas\u0131, daha y\u00fcksek enerji verimlili\u011fi standartlar\u0131n\u0131 ve ak\u0131ll\u0131 gereksinimleri kar\u015f\u0131lamak i\u00e7in yeniden kullan\u0131labilir enerji cihazlar\u0131 ve ak\u0131ll\u0131 yapay zeka mod\u00fclleri i\u00e7erir. G\u00fcne\u015f enerjisiyle \u00e7al\u0131\u015fan \u00e7\u00f6z\u00fcm, bu \u0131\u015f\u0131\u011f\u0131 ger\u00e7ekten kablosuz ve ak\u0131ll\u0131 hale getiriyor.\" \/>\n<meta property=\"og:url\" content=\"https:\/\/www.zhgdled.com\/tr\/led-solar-garden-post-top-lights.html\" \/>\n<meta property=\"og:site_name\" content=\"ZHL I\u015f\u0131k Grubu\" \/>\n<meta property=\"article:publisher\" content=\"https:\/\/www.facebook.com\/zhllightinggroup\" \/>\n<meta property=\"article:modified_time\" content=\"2023-09-09T00:25:58+00:00\" \/>\n<meta property=\"og:image\" content=\"https:\/\/www.zhgdled.com\/wp-content\/uploads\/2023\/09\/04.png\" \/>\n\t<meta property=\"og:image:width\" content=\"1600\" \/>\n\t<meta property=\"og:image:height\" content=\"1600\" \/>\n\t<meta property=\"og:image:type\" content=\"image\/png\" \/>\n<meta name=\"twitter:card\" content=\"summary_large_image\" \/>\n<meta name=\"twitter:site\" content=\"@zhl_lighting\" \/>\n<meta name=\"twitter:label1\" content=\"Tahmini okuma s\u00fcresi\" \/>\n\t<meta name=\"twitter:data1\" content=\"2 dakika\" \/>\n<script type=\"application\/ld+json\" class=\"yoast-schema-graph\">{\"@context\":\"https:\\\/\\\/schema.org\",\"@graph\":[{\"@type\":\"WebPage\",\"@id\":\"https:\\\/\\\/www.zhgdled.com\\\/tr\\\/led-solar-garden-post-top-lights.html\",\"url\":\"https:\\\/\\\/www.zhgdled.com\\\/tr\\\/led-solar-garden-post-top-lights.html\",\"name\":\"LED Solar Bah\u00e7e Dire\u011fi \u00dcst I\u015f\u0131klar &#8211; ZHL I\u015f\u0131k Grubu\",\"isPartOf\":{\"@id\":\"https:\\\/\\\/www.zhgdled.com\\\/tr\\\/#website\"},\"primaryImageOfPage\":{\"@id\":\"https:\\\/\\\/www.zhgdled.com\\\/tr\\\/led-solar-garden-post-top-lights.html#primaryimage\"},\"image\":{\"@id\":\"https:\\\/\\\/www.zhgdled.com\\\/tr\\\/led-solar-garden-post-top-lights.html#primaryimage\"},\"thumbnailUrl\":\"https:\\\/\\\/www.zhgdled.com\\\/wp-content\\\/uploads\\\/2023\\\/09\\\/Luna-series-solar-garden-light-1.png\",\"datePublished\":\"2023-09-05T06:03:04+00:00\",\"dateModified\":\"2023-09-09T00:25:58+00:00\",\"description\":\"G\u00fcne\u015f enerjili bah\u00e7e ayd\u0131nlatmas\u0131, daha y\u00fcksek enerji verimlili\u011fi standartlar\u0131n\u0131 ve ak\u0131ll\u0131 gereksinimleri kar\u015f\u0131lamak i\u00e7in yeniden kullan\u0131labilir enerji cihazlar\u0131 ve ak\u0131ll\u0131 yapay zeka mod\u00fclleri i\u00e7erir. G\u00fcne\u015f enerjisiyle \u00e7al\u0131\u015fan \u00e7\u00f6z\u00fcm, bu \u0131\u015f\u0131\u011f\u0131 ger\u00e7ekten kablosuz ve ak\u0131ll\u0131 hale getiriyor.\",\"breadcrumb\":{\"@id\":\"https:\\\/\\\/www.zhgdled.com\\\/tr\\\/led-solar-garden-post-top-lights.html#breadcrumb\"},\"inLanguage\":\"tr\",\"potentialAction\":[{\"@type\":\"ReadAction\",\"target\":[\"https:\\\/\\\/www.zhgdled.com\\\/tr\\\/led-solar-garden-post-top-lights.html\"]}]},{\"@type\":\"ImageObject\",\"inLanguage\":\"tr\",\"@id\":\"https:\\\/\\\/www.zhgdled.com\\\/tr\\\/led-solar-garden-post-top-lights.html#primaryimage\",\"url\":\"https:\\\/\\\/www.zhgdled.com\\\/wp-content\\\/uploads\\\/2023\\\/09\\\/Luna-series-solar-garden-light-1.png\",\"contentUrl\":\"https:\\\/\\\/www.zhgdled.com\\\/wp-content\\\/uploads\\\/2023\\\/09\\\/Luna-series-solar-garden-light-1.png\",\"width\":1500,\"height\":1500,\"caption\":\"Luna series solar garden light\"},{\"@type\":\"BreadcrumbList\",\"@id\":\"https:\\\/\\\/www.zhgdled.com\\\/tr\\\/led-solar-garden-post-top-lights.html#breadcrumb\",\"itemListElement\":[{\"@type\":\"ListItem\",\"position\":1,\"name\":\"Home\",\"item\":\"https:\\\/\\\/www.zhgdled.com\\\/tr\"},{\"@type\":\"ListItem\",\"position\":2,\"name\":\"PRODUCTS\",\"item\":\"https:\\\/\\\/www.zhgdled.com\\\/zhl-products.html\"},{\"@type\":\"ListItem\",\"position\":3,\"name\":\"LED Solar Bah\u00e7e Dire\u011fi \u00dcst I\u015f\u0131klar\"}]},{\"@type\":\"WebSite\",\"@id\":\"https:\\\/\\\/www.zhgdled.com\\\/tr\\\/#website\",\"url\":\"https:\\\/\\\/www.zhgdled.com\\\/tr\\\/\",\"name\":\"ZHL I\u015f\u0131k Grubu\",\"description\":\"Top ranking industrial lighting manufacturer and exporter\",\"publisher\":{\"@id\":\"https:\\\/\\\/www.zhgdled.com\\\/tr\\\/#organization\"},\"potentialAction\":[{\"@type\":\"SearchAction\",\"target\":{\"@type\":\"EntryPoint\",\"urlTemplate\":\"https:\\\/\\\/www.zhgdled.com\\\/tr\\\/?s={search_term_string}\"},\"query-input\":{\"@type\":\"PropertyValueSpecification\",\"valueRequired\":true,\"valueName\":\"search_term_string\"}}],\"inLanguage\":\"tr\"},{\"@type\":\"Organization\",\"@id\":\"https:\\\/\\\/www.zhgdled.com\\\/tr\\\/#organization\",\"name\":\"ZHL Lighting Group\",\"url\":\"https:\\\/\\\/www.zhgdled.com\\\/tr\\\/\",\"logo\":{\"@type\":\"ImageObject\",\"inLanguage\":\"tr\",\"@id\":\"https:\\\/\\\/www.zhgdled.com\\\/tr\\\/#\\\/schema\\\/logo\\\/image\\\/\",\"url\":\"\",\"contentUrl\":\"\",\"caption\":\"ZHL Lighting Group\"},\"image\":{\"@id\":\"https:\\\/\\\/www.zhgdled.com\\\/tr\\\/#\\\/schema\\\/logo\\\/image\\\/\"},\"sameAs\":[\"https:\\\/\\\/www.facebook.com\\\/zhllightinggroup\",\"https:\\\/\\\/x.com\\\/zhl_lighting\"]}]}<\/script>\n<!-- \/ Yoast SEO plugin. -->","yoast_head_json":{"title":"LED Solar Bah\u00e7e Dire\u011fi \u00dcst I\u015f\u0131klar &#8211; ZHL I\u015f\u0131k Grubu","description":"G\u00fcne\u015f enerjili bah\u00e7e ayd\u0131nlatmas\u0131, daha y\u00fcksek enerji verimlili\u011fi standartlar\u0131n\u0131 ve ak\u0131ll\u0131 gereksinimleri kar\u015f\u0131lamak i\u00e7in yeniden kullan\u0131labilir enerji cihazlar\u0131 ve ak\u0131ll\u0131 yapay zeka mod\u00fclleri i\u00e7erir. G\u00fcne\u015f enerjisiyle \u00e7al\u0131\u015fan \u00e7\u00f6z\u00fcm, bu \u0131\u015f\u0131\u011f\u0131 ger\u00e7ekten kablosuz ve ak\u0131ll\u0131 hale getiriyor.","robots":{"index":"index","follow":"follow","max-snippet":"max-snippet:-1","max-image-preview":"max-image-preview:large","max-video-preview":"max-video-preview:-1"},"canonical":"https:\/\/www.zhgdled.com\/tr\/led-solar-garden-post-top-lights.html","og_locale":"tr_TR","og_type":"article","og_title":"LED Solar Bah\u00e7e Dire\u011fi \u00dcst I\u015f\u0131klar &#8211; ZHL I\u015f\u0131k Grubu","og_description":"G\u00fcne\u015f enerjili bah\u00e7e ayd\u0131nlatmas\u0131, daha y\u00fcksek enerji verimlili\u011fi standartlar\u0131n\u0131 ve ak\u0131ll\u0131 gereksinimleri kar\u015f\u0131lamak i\u00e7in yeniden kullan\u0131labilir enerji cihazlar\u0131 ve ak\u0131ll\u0131 yapay zeka mod\u00fclleri i\u00e7erir. G\u00fcne\u015f enerjisiyle \u00e7al\u0131\u015fan \u00e7\u00f6z\u00fcm, bu \u0131\u015f\u0131\u011f\u0131 ger\u00e7ekten kablosuz ve ak\u0131ll\u0131 hale getiriyor.","og_url":"https:\/\/www.zhgdled.com\/tr\/led-solar-garden-post-top-lights.html","og_site_name":"ZHL I\u015f\u0131k Grubu","article_publisher":"https:\/\/www.facebook.com\/zhllightinggroup","article_modified_time":"2023-09-09T00:25:58+00:00","og_image":[{"width":1600,"height":1600,"url":"https:\/\/www.zhgdled.com\/wp-content\/uploads\/2023\/09\/04.png","type":"image\/png"}],"twitter_card":"summary_large_image","twitter_site":"@zhl_lighting","twitter_misc":{"Tahmini okuma s\u00fcresi":"2 dakika"},"schema":{"@context":"https:\/\/schema.org","@graph":[{"@type":"WebPage","@id":"https:\/\/www.zhgdled.com\/tr\/led-solar-garden-post-top-lights.html","url":"https:\/\/www.zhgdled.com\/tr\/led-solar-garden-post-top-lights.html","name":"LED Solar Bah\u00e7e Dire\u011fi \u00dcst I\u015f\u0131klar &#8211; ZHL I\u015f\u0131k Grubu","isPartOf":{"@id":"https:\/\/www.zhgdled.com\/tr\/#website"},"primaryImageOfPage":{"@id":"https:\/\/www.zhgdled.com\/tr\/led-solar-garden-post-top-lights.html#primaryimage"},"image":{"@id":"https:\/\/www.zhgdled.com\/tr\/led-solar-garden-post-top-lights.html#primaryimage"},"thumbnailUrl":"https:\/\/www.zhgdled.com\/wp-content\/uploads\/2023\/09\/Luna-series-solar-garden-light-1.png","datePublished":"2023-09-05T06:03:04+00:00","dateModified":"2023-09-09T00:25:58+00:00","description":"G\u00fcne\u015f enerjili bah\u00e7e ayd\u0131nlatmas\u0131, daha y\u00fcksek enerji verimlili\u011fi standartlar\u0131n\u0131 ve ak\u0131ll\u0131 gereksinimleri kar\u015f\u0131lamak i\u00e7in yeniden kullan\u0131labilir enerji cihazlar\u0131 ve ak\u0131ll\u0131 yapay zeka mod\u00fclleri i\u00e7erir. G\u00fcne\u015f enerjisiyle \u00e7al\u0131\u015fan \u00e7\u00f6z\u00fcm, bu \u0131\u015f\u0131\u011f\u0131 ger\u00e7ekten kablosuz ve ak\u0131ll\u0131 hale getiriyor.","breadcrumb":{"@id":"https:\/\/www.zhgdled.com\/tr\/led-solar-garden-post-top-lights.html#breadcrumb"},"inLanguage":"tr","potentialAction":[{"@type":"ReadAction","target":["https:\/\/www.zhgdled.com\/tr\/led-solar-garden-post-top-lights.html"]}]},{"@type":"ImageObject","inLanguage":"tr","@id":"https:\/\/www.zhgdled.com\/tr\/led-solar-garden-post-top-lights.html#primaryimage","url":"https:\/\/www.zhgdled.com\/wp-content\/uploads\/2023\/09\/Luna-series-solar-garden-light-1.png","contentUrl":"https:\/\/www.zhgdled.com\/wp-content\/uploads\/2023\/09\/Luna-series-solar-garden-light-1.png","width":1500,"height":1500,"caption":"Luna series solar garden light"},{"@type":"BreadcrumbList","@id":"https:\/\/www.zhgdled.com\/tr\/led-solar-garden-post-top-lights.html#breadcrumb","itemListElement":[{"@type":"ListItem","position":1,"name":"Home","item":"https:\/\/www.zhgdled.com\/tr"},{"@type":"ListItem","position":2,"name":"PRODUCTS","item":"https:\/\/www.zhgdled.com\/zhl-products.html"},{"@type":"ListItem","position":3,"name":"LED Solar Bah\u00e7e Dire\u011fi \u00dcst I\u015f\u0131klar"}]},{"@type":"WebSite","@id":"https:\/\/www.zhgdled.com\/tr\/#website","url":"https:\/\/www.zhgdled.com\/tr\/","name":"ZHL I\u015f\u0131k Grubu","description":"Top ranking industrial lighting manufacturer and exporter","publisher":{"@id":"https:\/\/www.zhgdled.com\/tr\/#organization"},"potentialAction":[{"@type":"SearchAction","target":{"@type":"EntryPoint","urlTemplate":"https:\/\/www.zhgdled.com\/tr\/?s={search_term_string}"},"query-input":{"@type":"PropertyValueSpecification","valueRequired":true,"valueName":"search_term_string"}}],"inLanguage":"tr"},{"@type":"Organization","@id":"https:\/\/www.zhgdled.com\/tr\/#organization","name":"ZHL Lighting Group","url":"https:\/\/www.zhgdled.com\/tr\/","logo":{"@type":"ImageObject","inLanguage":"tr","@id":"https:\/\/www.zhgdled.com\/tr\/#\/schema\/logo\/image\/","url":"","contentUrl":"","caption":"ZHL Lighting Group"},"image":{"@id":"https:\/\/www.zhgdled.com\/tr\/#\/schema\/logo\/image\/"},"sameAs":["https:\/\/www.facebook.com\/zhllightinggroup","https:\/\/x.com\/zhl_lighting"]}]}},"_links":{"self":[{"href":"https:\/\/www.zhgdled.com\/tr\/wp-json\/wp\/v2\/product\/22622","targetHints":{"allow":["GET"]}}],"collection":[{"href":"https:\/\/www.zhgdled.com\/tr\/wp-json\/wp\/v2\/product"}],"about":[{"href":"https:\/\/www.zhgdled.com\/tr\/wp-json\/wp\/v2\/types\/product"}],"wp:featuredmedia":[{"embeddable":true,"href":"https:\/\/www.zhgdled.com\/tr\/wp-json\/wp\/v2\/media\/23929"}],"wp:attachment":[{"href":"https:\/\/www.zhgdled.com\/tr\/wp-json\/wp\/v2\/media?parent=22622"}],"wp:term":[{"taxonomy":"product_brand","embeddable":true,"href":"https:\/\/www.zhgdled.com\/tr\/wp-json\/wp\/v2\/product_brand?post=22622"},{"taxonomy":"product_cat","embeddable":true,"href":"https:\/\/www.zhgdled.com\/tr\/wp-json\/wp\/v2\/product_cat?post=22622"},{"taxonomy":"product_tag","embeddable":true,"href":"https:\/\/www.zhgdled.com\/tr\/wp-json\/wp\/v2\/product_tag?post=22622"}],"curies":[{"name":"wp","href":"https:\/\/api.w.org\/{rel}","templated":true}]}}