{"id":24174,"date":"2024-05-22T13:58:38","date_gmt":"2024-05-22T05:58:38","guid":{"rendered":"https:\/\/www.zhgdled.com\/product\/ufo-8-series-high-bay-light-avail-emergency-power-supply"},"modified":"2024-05-24T14:15:12","modified_gmt":"2024-05-24T06:15:12","slug":"ufo-8-series-high-bay-light-avail-emergency-power-supply","status":"publish","type":"product","link":"https:\/\/www.zhgdled.com\/tr\/ufo-8-series-high-bay-light-avail-emergency-power-supply.html","title":{"rendered":"UFO-8 Serisi Y\u00fcksek Tavan Lambas\u0131 (Acil Durum G\u00fc\u00e7 Kayna\u011f\u0131 ile)"},"content":{"rendered":"<h2><span style=\"color: #ff6600;\">Hafif yap\u0131, dayan\u0131kl\u0131 l\u00fcmen \u00e7\u0131k\u0131\u015f\u0131<\/span><\/h2>\n<p>Yeni nesil UFO-8 serisi, hafif, etkili bir yap\u0131 tasar\u0131m\u0131 ve profesyonel bir so\u011futucu tasar\u0131m\u0131 benimser. Bu, daha istikrarl\u0131 performans, uzun hizmet \u00f6mr\u00fc, hafif \u00fcr\u00fcnler ve daha d\u00fc\u015f\u00fck nakliye ve kurulum maliyetleri sa\u011flar.<\/p>\n<p><strong>CCT ve G\u00fc\u00e7 Ayarlanabilir<\/strong> &#8211; \u00c7e\u015fitli senaryolar\u0131n ihtiya\u00e7lar\u0131n\u0131 kar\u015f\u0131lay\u0131n ve elektrik tasarrufu sa\u011flay\u0131n.<\/p>\n<p><strong>\u0130ste\u011fe ba\u011fl\u0131 \u0131\u015f\u0131n a\u00e7\u0131s\u0131<\/strong> &#8211; 60\u00b0 90\u00b0 120\u00b0\u00a0 iste\u011fe ba\u011fl\u0131, \u00fc\u00e7 farkl\u0131 \u0131\u015f\u0131n a\u00e7\u0131s\u0131, farkl\u0131 uygulama alanlar\u0131na uygun<\/p>\n<p><strong>Mikrodalga sens\u00f6r\u00fc<\/strong> &#8211; Tak ve \u00e7al\u0131\u015ft\u0131r ak\u0131ll\u0131 alg\u0131lama mod\u00fcl\u00fc, alg\u0131lama mesafesi&gt; 10m, mikrodalga, k\u0131z\u0131l\u00f6tesi alg\u0131lama veya ZHAGA Portunu ger\u00e7ekle\u015ftirebilir ve ayr\u0131ca cep telefonu uygulamas\u0131n\u0131n uzaktan kumanda i\u015flevini de ger\u00e7ekle\u015ftirebilir.<\/p>\n<p><strong>Acil durum g\u00fc\u00e7 mod\u00fcl\u00fc<\/strong> &#8211; Sabit g\u00fc\u00e7 \u00e7\u0131k\u0131\u015f\u0131: 8W\/10W\/15W.<\/p>\n<p><img decoding=\"async\" class=\"alignnone size-full wp-image-24081\" src=\"https:\/\/www.zhgdled.com\/wp-content\/uploads\/2024\/05\/UFO-8-high-bay-with-emergency-power.png\" alt=\"\" width=\"4961\" height=\"3366\" srcset=\"https:\/\/www.zhgdled.com\/wp-content\/uploads\/2024\/05\/UFO-8-high-bay-with-emergency-power.png 4961w, https:\/\/www.zhgdled.com\/wp-content\/uploads\/2024\/05\/UFO-8-high-bay-with-emergency-power-300x204.png 300w, https:\/\/www.zhgdled.com\/wp-content\/uploads\/2024\/05\/UFO-8-high-bay-with-emergency-power-1024x695.png 1024w, https:\/\/www.zhgdled.com\/wp-content\/uploads\/2024\/05\/UFO-8-high-bay-with-emergency-power-768x521.png 768w, https:\/\/www.zhgdled.com\/wp-content\/uploads\/2024\/05\/UFO-8-high-bay-with-emergency-power-1536x1042.png 1536w, https:\/\/www.zhgdled.com\/wp-content\/uploads\/2024\/05\/UFO-8-high-bay-with-emergency-power-2048x1390.png 2048w, https:\/\/www.zhgdled.com\/wp-content\/uploads\/2024\/05\/UFO-8-high-bay-with-emergency-power-600x407.png 600w, https:\/\/www.zhgdled.com\/wp-content\/uploads\/2024\/05\/UFO-8-high-bay-with-emergency-power-150x102.png 150w\" sizes=\"(max-width: 4961px) 100vw, 4961px\" \/><\/p>\n<p><img decoding=\"async\" class=\"alignnone size-full wp-image-24092\" src=\"https:\/\/www.zhgdled.com\/wp-content\/uploads\/2024\/05\/ufo-8-high-bay-specs.jpg\" alt=\"\" width=\"982\" height=\"976\" srcset=\"https:\/\/www.zhgdled.com\/wp-content\/uploads\/2024\/05\/ufo-8-high-bay-specs.jpg 982w, https:\/\/www.zhgdled.com\/wp-content\/uploads\/2024\/05\/ufo-8-high-bay-specs-300x298.jpg 300w, https:\/\/www.zhgdled.com\/wp-content\/uploads\/2024\/05\/ufo-8-high-bay-specs-150x149.jpg 150w, https:\/\/www.zhgdled.com\/wp-content\/uploads\/2024\/05\/ufo-8-high-bay-specs-768x763.jpg 768w, https:\/\/www.zhgdled.com\/wp-content\/uploads\/2024\/05\/ufo-8-high-bay-specs-600x596.jpg 600w\" sizes=\"(max-width: 982px) 100vw, 982px\" \/><\/p>\n","protected":false},"excerpt":{"rendered":"<p>Yeni nesil UFO-8 serisi, hafif, etkili bir yap\u0131 tasar\u0131m\u0131 ve profesyonel bir so\u011futucu tasar\u0131m\u0131 benimser. Bu, daha istikrarl\u0131 performans, uzun hizmet \u00f6mr\u00fc, hafif \u00fcr\u00fcnler ve daha d\u00fc\u015f\u00fck nakliye ve kurulum maliyetleri sa\u011flar.<\/p>\n<ul>\n<li>G\u00fc\u00e7: 100W 150W 200W<\/li>\n<li>Verimlilik: 160lm\/W<\/li>\n<li>Giri\u015f: 100-277V AC<\/li>\n<li>IP\/IK: IP65 IK08<\/li>\n<li>CRI: &gt;80<\/li>\n<\/ul>\n","protected":false},"featured_media":24113,"template":"","meta":[],"product_brand":[],"product_cat":[667],"product_tag":[],"class_list":{"0":"post-24174","1":"product","2":"type-product","3":"status-publish","4":"has-post-thumbnail","6":"product_cat-yuksek-koy-isik","8":"first","9":"instock","10":"featured","11":"shipping-taxable","12":"product-type-simple"},"yoast_head":"<!-- This site is optimized with the Yoast SEO plugin v27.4 - https:\/\/yoast.com\/product\/yoast-seo-wordpress\/ -->\n<title>UFO-8 Serisi Y\u00fcksek Tavan Lambas\u0131 (Acil Durum G\u00fc\u00e7 Kayna\u011f\u0131 ile) &#8211; ZHL I\u015f\u0131k Grubu<\/title>\n<meta name=\"description\" content=\"Yeni nesil UFO-8 serisi, hafif, etkili bir yap\u0131 tasar\u0131m\u0131 ve profesyonel bir so\u011futucu tasar\u0131m\u0131 benimser. Bu, daha istikrarl\u0131 performans, uzun hizmet \u00f6mr\u00fc, hafif \u00fcr\u00fcnler ve daha d\u00fc\u015f\u00fck nakliye ve kurulum maliyetleri sa\u011flar.\" \/>\n<meta name=\"robots\" content=\"index, follow, max-snippet:-1, max-image-preview:large, max-video-preview:-1\" \/>\n<link rel=\"canonical\" href=\"https:\/\/www.zhgdled.com\/tr\/ufo-8-series-high-bay-light-avail-emergency-power-supply.html\" \/>\n<meta property=\"og:locale\" content=\"tr_TR\" \/>\n<meta property=\"og:type\" content=\"article\" \/>\n<meta property=\"og:title\" content=\"UFO-8 Serisi Y\u00fcksek Tavan Lambas\u0131 (Acil Durum G\u00fc\u00e7 Kayna\u011f\u0131 ile) &#8211; ZHL I\u015f\u0131k Grubu\" \/>\n<meta property=\"og:description\" content=\"Yeni nesil UFO-8 serisi, hafif, etkili bir yap\u0131 tasar\u0131m\u0131 ve profesyonel bir so\u011futucu tasar\u0131m\u0131 benimser. Bu, daha istikrarl\u0131 performans, uzun hizmet \u00f6mr\u00fc, hafif \u00fcr\u00fcnler ve daha d\u00fc\u015f\u00fck nakliye ve kurulum maliyetleri sa\u011flar.\" \/>\n<meta property=\"og:url\" content=\"https:\/\/www.zhgdled.com\/tr\/ufo-8-series-high-bay-light-avail-emergency-power-supply.html\" \/>\n<meta property=\"og:site_name\" content=\"ZHL I\u015f\u0131k Grubu\" \/>\n<meta property=\"article:publisher\" content=\"https:\/\/www.facebook.com\/zhllightinggroup\" \/>\n<meta property=\"article:modified_time\" content=\"2024-05-24T06:15:12+00:00\" \/>\n<meta property=\"og:image\" content=\"https:\/\/www.zhgdled.com\/wp-content\/uploads\/2024\/05\/20240522133144.png\" \/>\n\t<meta property=\"og:image:width\" content=\"1600\" \/>\n\t<meta property=\"og:image:height\" content=\"1600\" \/>\n\t<meta property=\"og:image:type\" content=\"image\/png\" \/>\n<meta name=\"twitter:card\" content=\"summary_large_image\" \/>\n<meta name=\"twitter:site\" content=\"@zhl_lighting\" \/>\n<meta name=\"twitter:label1\" content=\"Tahmini okuma s\u00fcresi\" \/>\n\t<meta name=\"twitter:data1\" content=\"2 dakika\" \/>\n<script type=\"application\/ld+json\" class=\"yoast-schema-graph\">{\"@context\":\"https:\\\/\\\/schema.org\",\"@graph\":[{\"@type\":\"WebPage\",\"@id\":\"https:\\\/\\\/www.zhgdled.com\\\/tr\\\/ufo-8-series-high-bay-light-avail-emergency-power-supply.html\",\"url\":\"https:\\\/\\\/www.zhgdled.com\\\/tr\\\/ufo-8-series-high-bay-light-avail-emergency-power-supply.html\",\"name\":\"UFO-8 Serisi Y\u00fcksek Tavan Lambas\u0131 (Acil Durum G\u00fc\u00e7 Kayna\u011f\u0131 ile) &#8211; ZHL I\u015f\u0131k Grubu\",\"isPartOf\":{\"@id\":\"https:\\\/\\\/www.zhgdled.com\\\/tr\\\/#website\"},\"primaryImageOfPage\":{\"@id\":\"https:\\\/\\\/www.zhgdled.com\\\/tr\\\/ufo-8-series-high-bay-light-avail-emergency-power-supply.html#primaryimage\"},\"image\":{\"@id\":\"https:\\\/\\\/www.zhgdled.com\\\/tr\\\/ufo-8-series-high-bay-light-avail-emergency-power-supply.html#primaryimage\"},\"thumbnailUrl\":\"https:\\\/\\\/www.zhgdled.com\\\/wp-content\\\/uploads\\\/2024\\\/05\\\/20240522133144.png\",\"datePublished\":\"2024-05-22T05:58:38+00:00\",\"dateModified\":\"2024-05-24T06:15:12+00:00\",\"description\":\"Yeni nesil UFO-8 serisi, hafif, etkili bir yap\u0131 tasar\u0131m\u0131 ve profesyonel bir so\u011futucu tasar\u0131m\u0131 benimser. Bu, daha istikrarl\u0131 performans, uzun hizmet \u00f6mr\u00fc, hafif \u00fcr\u00fcnler ve daha d\u00fc\u015f\u00fck nakliye ve kurulum maliyetleri sa\u011flar.\",\"breadcrumb\":{\"@id\":\"https:\\\/\\\/www.zhgdled.com\\\/tr\\\/ufo-8-series-high-bay-light-avail-emergency-power-supply.html#breadcrumb\"},\"inLanguage\":\"tr\",\"potentialAction\":[{\"@type\":\"ReadAction\",\"target\":[\"https:\\\/\\\/www.zhgdled.com\\\/tr\\\/ufo-8-series-high-bay-light-avail-emergency-power-supply.html\"]}]},{\"@type\":\"ImageObject\",\"inLanguage\":\"tr\",\"@id\":\"https:\\\/\\\/www.zhgdled.com\\\/tr\\\/ufo-8-series-high-bay-light-avail-emergency-power-supply.html#primaryimage\",\"url\":\"https:\\\/\\\/www.zhgdled.com\\\/wp-content\\\/uploads\\\/2024\\\/05\\\/20240522133144.png\",\"contentUrl\":\"https:\\\/\\\/www.zhgdled.com\\\/wp-content\\\/uploads\\\/2024\\\/05\\\/20240522133144.png\",\"width\":1600,\"height\":1600,\"caption\":\"High bay light with emergency power supply\"},{\"@type\":\"BreadcrumbList\",\"@id\":\"https:\\\/\\\/www.zhgdled.com\\\/tr\\\/ufo-8-series-high-bay-light-avail-emergency-power-supply.html#breadcrumb\",\"itemListElement\":[{\"@type\":\"ListItem\",\"position\":1,\"name\":\"Home\",\"item\":\"https:\\\/\\\/www.zhgdled.com\\\/tr\"},{\"@type\":\"ListItem\",\"position\":2,\"name\":\"PRODUCTS\",\"item\":\"https:\\\/\\\/www.zhgdled.com\\\/zhl-products.html\"},{\"@type\":\"ListItem\",\"position\":3,\"name\":\"UFO-8 Serisi Y\u00fcksek Tavan Lambas\u0131 (Acil Durum G\u00fc\u00e7 Kayna\u011f\u0131 ile)\"}]},{\"@type\":\"WebSite\",\"@id\":\"https:\\\/\\\/www.zhgdled.com\\\/tr\\\/#website\",\"url\":\"https:\\\/\\\/www.zhgdled.com\\\/tr\\\/\",\"name\":\"ZHL I\u015f\u0131k Grubu\",\"description\":\"Top ranking industrial lighting manufacturer and exporter\",\"publisher\":{\"@id\":\"https:\\\/\\\/www.zhgdled.com\\\/tr\\\/#organization\"},\"potentialAction\":[{\"@type\":\"SearchAction\",\"target\":{\"@type\":\"EntryPoint\",\"urlTemplate\":\"https:\\\/\\\/www.zhgdled.com\\\/tr\\\/?s={search_term_string}\"},\"query-input\":{\"@type\":\"PropertyValueSpecification\",\"valueRequired\":true,\"valueName\":\"search_term_string\"}}],\"inLanguage\":\"tr\"},{\"@type\":\"Organization\",\"@id\":\"https:\\\/\\\/www.zhgdled.com\\\/tr\\\/#organization\",\"name\":\"ZHL Lighting Group\",\"url\":\"https:\\\/\\\/www.zhgdled.com\\\/tr\\\/\",\"logo\":{\"@type\":\"ImageObject\",\"inLanguage\":\"tr\",\"@id\":\"https:\\\/\\\/www.zhgdled.com\\\/tr\\\/#\\\/schema\\\/logo\\\/image\\\/\",\"url\":\"\",\"contentUrl\":\"\",\"caption\":\"ZHL Lighting Group\"},\"image\":{\"@id\":\"https:\\\/\\\/www.zhgdled.com\\\/tr\\\/#\\\/schema\\\/logo\\\/image\\\/\"},\"sameAs\":[\"https:\\\/\\\/www.facebook.com\\\/zhllightinggroup\",\"https:\\\/\\\/x.com\\\/zhl_lighting\"]}]}<\/script>\n<!-- \/ Yoast SEO plugin. -->","yoast_head_json":{"title":"UFO-8 Serisi Y\u00fcksek Tavan Lambas\u0131 (Acil Durum G\u00fc\u00e7 Kayna\u011f\u0131 ile) &#8211; ZHL I\u015f\u0131k Grubu","description":"Yeni nesil UFO-8 serisi, hafif, etkili bir yap\u0131 tasar\u0131m\u0131 ve profesyonel bir so\u011futucu tasar\u0131m\u0131 benimser. Bu, daha istikrarl\u0131 performans, uzun hizmet \u00f6mr\u00fc, hafif \u00fcr\u00fcnler ve daha d\u00fc\u015f\u00fck nakliye ve kurulum maliyetleri sa\u011flar.","robots":{"index":"index","follow":"follow","max-snippet":"max-snippet:-1","max-image-preview":"max-image-preview:large","max-video-preview":"max-video-preview:-1"},"canonical":"https:\/\/www.zhgdled.com\/tr\/ufo-8-series-high-bay-light-avail-emergency-power-supply.html","og_locale":"tr_TR","og_type":"article","og_title":"UFO-8 Serisi Y\u00fcksek Tavan Lambas\u0131 (Acil Durum G\u00fc\u00e7 Kayna\u011f\u0131 ile) &#8211; ZHL I\u015f\u0131k Grubu","og_description":"Yeni nesil UFO-8 serisi, hafif, etkili bir yap\u0131 tasar\u0131m\u0131 ve profesyonel bir so\u011futucu tasar\u0131m\u0131 benimser. Bu, daha istikrarl\u0131 performans, uzun hizmet \u00f6mr\u00fc, hafif \u00fcr\u00fcnler ve daha d\u00fc\u015f\u00fck nakliye ve kurulum maliyetleri sa\u011flar.","og_url":"https:\/\/www.zhgdled.com\/tr\/ufo-8-series-high-bay-light-avail-emergency-power-supply.html","og_site_name":"ZHL I\u015f\u0131k Grubu","article_publisher":"https:\/\/www.facebook.com\/zhllightinggroup","article_modified_time":"2024-05-24T06:15:12+00:00","og_image":[{"width":1600,"height":1600,"url":"https:\/\/www.zhgdled.com\/wp-content\/uploads\/2024\/05\/20240522133144.png","type":"image\/png"}],"twitter_card":"summary_large_image","twitter_site":"@zhl_lighting","twitter_misc":{"Tahmini okuma s\u00fcresi":"2 dakika"},"schema":{"@context":"https:\/\/schema.org","@graph":[{"@type":"WebPage","@id":"https:\/\/www.zhgdled.com\/tr\/ufo-8-series-high-bay-light-avail-emergency-power-supply.html","url":"https:\/\/www.zhgdled.com\/tr\/ufo-8-series-high-bay-light-avail-emergency-power-supply.html","name":"UFO-8 Serisi Y\u00fcksek Tavan Lambas\u0131 (Acil Durum G\u00fc\u00e7 Kayna\u011f\u0131 ile) &#8211; ZHL I\u015f\u0131k Grubu","isPartOf":{"@id":"https:\/\/www.zhgdled.com\/tr\/#website"},"primaryImageOfPage":{"@id":"https:\/\/www.zhgdled.com\/tr\/ufo-8-series-high-bay-light-avail-emergency-power-supply.html#primaryimage"},"image":{"@id":"https:\/\/www.zhgdled.com\/tr\/ufo-8-series-high-bay-light-avail-emergency-power-supply.html#primaryimage"},"thumbnailUrl":"https:\/\/www.zhgdled.com\/wp-content\/uploads\/2024\/05\/20240522133144.png","datePublished":"2024-05-22T05:58:38+00:00","dateModified":"2024-05-24T06:15:12+00:00","description":"Yeni nesil UFO-8 serisi, hafif, etkili bir yap\u0131 tasar\u0131m\u0131 ve profesyonel bir so\u011futucu tasar\u0131m\u0131 benimser. Bu, daha istikrarl\u0131 performans, uzun hizmet \u00f6mr\u00fc, hafif \u00fcr\u00fcnler ve daha d\u00fc\u015f\u00fck nakliye ve kurulum maliyetleri sa\u011flar.","breadcrumb":{"@id":"https:\/\/www.zhgdled.com\/tr\/ufo-8-series-high-bay-light-avail-emergency-power-supply.html#breadcrumb"},"inLanguage":"tr","potentialAction":[{"@type":"ReadAction","target":["https:\/\/www.zhgdled.com\/tr\/ufo-8-series-high-bay-light-avail-emergency-power-supply.html"]}]},{"@type":"ImageObject","inLanguage":"tr","@id":"https:\/\/www.zhgdled.com\/tr\/ufo-8-series-high-bay-light-avail-emergency-power-supply.html#primaryimage","url":"https:\/\/www.zhgdled.com\/wp-content\/uploads\/2024\/05\/20240522133144.png","contentUrl":"https:\/\/www.zhgdled.com\/wp-content\/uploads\/2024\/05\/20240522133144.png","width":1600,"height":1600,"caption":"High bay light with emergency power supply"},{"@type":"BreadcrumbList","@id":"https:\/\/www.zhgdled.com\/tr\/ufo-8-series-high-bay-light-avail-emergency-power-supply.html#breadcrumb","itemListElement":[{"@type":"ListItem","position":1,"name":"Home","item":"https:\/\/www.zhgdled.com\/tr"},{"@type":"ListItem","position":2,"name":"PRODUCTS","item":"https:\/\/www.zhgdled.com\/zhl-products.html"},{"@type":"ListItem","position":3,"name":"UFO-8 Serisi Y\u00fcksek Tavan Lambas\u0131 (Acil Durum G\u00fc\u00e7 Kayna\u011f\u0131 ile)"}]},{"@type":"WebSite","@id":"https:\/\/www.zhgdled.com\/tr\/#website","url":"https:\/\/www.zhgdled.com\/tr\/","name":"ZHL I\u015f\u0131k Grubu","description":"Top ranking industrial lighting manufacturer and exporter","publisher":{"@id":"https:\/\/www.zhgdled.com\/tr\/#organization"},"potentialAction":[{"@type":"SearchAction","target":{"@type":"EntryPoint","urlTemplate":"https:\/\/www.zhgdled.com\/tr\/?s={search_term_string}"},"query-input":{"@type":"PropertyValueSpecification","valueRequired":true,"valueName":"search_term_string"}}],"inLanguage":"tr"},{"@type":"Organization","@id":"https:\/\/www.zhgdled.com\/tr\/#organization","name":"ZHL Lighting Group","url":"https:\/\/www.zhgdled.com\/tr\/","logo":{"@type":"ImageObject","inLanguage":"tr","@id":"https:\/\/www.zhgdled.com\/tr\/#\/schema\/logo\/image\/","url":"","contentUrl":"","caption":"ZHL Lighting Group"},"image":{"@id":"https:\/\/www.zhgdled.com\/tr\/#\/schema\/logo\/image\/"},"sameAs":["https:\/\/www.facebook.com\/zhllightinggroup","https:\/\/x.com\/zhl_lighting"]}]}},"_links":{"self":[{"href":"https:\/\/www.zhgdled.com\/tr\/wp-json\/wp\/v2\/product\/24174","targetHints":{"allow":["GET"]}}],"collection":[{"href":"https:\/\/www.zhgdled.com\/tr\/wp-json\/wp\/v2\/product"}],"about":[{"href":"https:\/\/www.zhgdled.com\/tr\/wp-json\/wp\/v2\/types\/product"}],"wp:featuredmedia":[{"embeddable":true,"href":"https:\/\/www.zhgdled.com\/tr\/wp-json\/wp\/v2\/media\/24113"}],"wp:attachment":[{"href":"https:\/\/www.zhgdled.com\/tr\/wp-json\/wp\/v2\/media?parent=24174"}],"wp:term":[{"taxonomy":"product_brand","embeddable":true,"href":"https:\/\/www.zhgdled.com\/tr\/wp-json\/wp\/v2\/product_brand?post=24174"},{"taxonomy":"product_cat","embeddable":true,"href":"https:\/\/www.zhgdled.com\/tr\/wp-json\/wp\/v2\/product_cat?post=24174"},{"taxonomy":"product_tag","embeddable":true,"href":"https:\/\/www.zhgdled.com\/tr\/wp-json\/wp\/v2\/product_tag?post=24174"}],"curies":[{"name":"wp","href":"https:\/\/api.w.org\/{rel}","templated":true}]}}