{"id":24504,"date":"2024-08-01T16:56:59","date_gmt":"2024-08-01T08:56:59","guid":{"rendered":"https:\/\/www.zhgdled.com\/product\/z-plus-series-4th-generation-led-floodlight"},"modified":"2024-08-12T16:50:49","modified_gmt":"2024-08-12T08:50:49","slug":"z-plus-series-4th-generation-led-floodlight","status":"publish","type":"product","link":"https:\/\/www.zhgdled.com\/tr\/z-plus-series-4th-generation-led-floodlight.html","title":{"rendered":"Z Plus Serisi 4. Nesil LED Projekt\u00f6r"},"content":{"rendered":"<h3><span style=\"color: #ff6600;\">GLOBAL SENARYOLAR \u0130\u00c7\u0130N PREMIUM SE\u00c7ENEKLERLE MAL\u0130YET ETK\u0130N END\u00dcSTR\u0130YEL ARMAT\u00dcR<\/span><\/h3>\n<p>Piyasadaki en uygun maliyetli projekt\u00f6rlerden biri olan Z-Plus Serisi Flood Light v4.0&#8217;\u0131 tan\u0131t\u0131yoruz. 30W ile 200W aras\u0131nda de\u011fi\u015fen watt de\u011ferlerinde mevcut olan bu \u00e7ok y\u00f6nl\u00fc projekt\u00f6r, \u00e7e\u015fitli ayd\u0131nlatma ihtiya\u00e7lar\u0131n\u0131 kar\u015f\u0131lamak \u00fczere tasarlanm\u0131\u015ft\u0131r. IP65 derecesiyle toza ve suya kar\u015f\u0131 olduk\u00e7a dayan\u0131kl\u0131d\u0131r ve bu da onu d\u0131\u015f mekan kullan\u0131m\u0131 i\u00e7in ideal hale getirir. Ayr\u0131ca, Z-Plus Serisi 3CCT ayarlanabilir ayarlar\u0131n\u0131 destekler ve renk s\u0131cakl\u0131\u011f\u0131n\u0131 her ortama uyacak \u015fekilde \u00f6zelle\u015ftirmenize olanak tan\u0131r. Z-Plus Serisi Flood Light v4.0 ile benzersiz de\u011fer ve performans\u0131 deneyimleyin.<\/p>\n<p>&nbsp;<\/p>\n<ul>\n<li>G\u00fc\u00e7 Se\u00e7enekleri: \u00c7e\u015fitli ayd\u0131nlatma ihtiya\u00e7lar\u0131n\u0131 kar\u015f\u0131lamak i\u00e7in 30W, 50W, 100W, 150W ve 200W olarak mevcuttur.<\/li>\n<li>LED T\u00fcr\u00fc: Tutarl\u0131 ve g\u00fcvenilir ayd\u0131nlatma i\u00e7in SMD 2835 LED&#8217;leri kullan\u0131r.<\/li>\n<li>Renk S\u0131cakl\u0131\u011f\u0131: 2700K ile 6500K aras\u0131nda ayarlanabilir, 3CCT kadran anahtar\u0131 se\u00e7ene\u011fine alternatif sunar.<\/li>\n<li>Ayd\u0131nlatma Verimlili\u011fi: Watt ba\u015f\u0131na 90 l\u00fcmen ile y\u00fcksek verimlilik, parlak ve enerji tasarruflu ayd\u0131nlatma sa\u011flar.<\/li>\n<li>Giri\u015f Voltaj\u0131: Hem AC110-130V hem de AC220-265V ile uyumludur ve AC220-265V ile uyumludur, bu da onu farkl\u0131 g\u00fc\u00e7 gereksinimleri i\u00e7in \u00e7ok y\u00f6nl\u00fc hale getirir.<\/li>\n<li>G\u00fc\u00e7 Fakt\u00f6r\u00fc (PF): 0,9&#8217;dan b\u00fcy\u00fck, enerji israf\u0131n\u0131 azaltmaya ve daha y\u00fcksek verimlili\u011fe katk\u0131da bulunur.<\/li>\n<li>Renk Geriverim \u0130ndeksi (CRI): Ra&gt;80\/70 se\u00e7enekleri, ger\u00e7ek\u00e7i renk temsili sa\u011flar. I\u015f\u0131n A\u00e7\u0131s\u0131: Geni\u015f kapsama alan\u0131 i\u00e7in geni\u015f 120\u00b0 \u0131\u015f\u0131n a\u00e7\u0131s\u0131.<\/li>\n<li>IP S\u0131n\u0131f\u0131: IP65 olarak derecelendirilmi\u015ftir, bu sayede toz ge\u00e7irmez ve her y\u00f6nden gelen su jetlerine kar\u015f\u0131 korumal\u0131d\u0131r, d\u0131\u015f mekan kullan\u0131m\u0131 i\u00e7in m\u00fckemmeldir.<\/li>\n<li>Malzeme: Sa\u011flam al\u00fcminyum g\u00f6vde ve temperli cam kapak ile \u00fcretilmi\u015ftir, uzun \u00f6m\u00fcrl\u00fcd\u00fcr ve zorlu hava ko\u015fullar\u0131na kar\u015f\u0131 dayan\u0131kl\u0131d\u0131r.<\/li>\n<li>\u00c7al\u0131\u015fma S\u0131cakl\u0131\u011f\u0131: -20\u2103 ile 50\u2103 aras\u0131ndaki s\u0131cakl\u0131klarda \u00e7al\u0131\u015facak \u015fekilde tasarlanm\u0131\u015ft\u0131r, \u00e7e\u015fitli iklimlere uygundur.<\/li>\n<li>Garanti: \u0130\u00e7inizin rahat olmas\u0131 i\u00e7in 2 y\u0131ll\u0131k garanti ile birlikte gelir.<\/li>\n<li>Sertifikasyon: Avrupa g\u00fcvenlik standartlar\u0131na uyumu garanti eden CE sertifikal\u0131d\u0131r.<\/li>\n<li>S\u00fcr\u00fcc\u00fc: Geli\u015fmi\u015f g\u00fcvenilirlik ve performans i\u00e7in DOB (S\u00fcr\u00fcc\u00fc Gemide) teknolojisi ile donat\u0131lm\u0131\u015ft\u0131r.<\/li>\n<\/ul>\n<p>&nbsp;<\/p>\n<h3><span style=\"color: #ff6600;\">Mono-CCT ve CCT kadran anahtar\u0131 se\u00e7enekleri \u0130\u00c7\u0130N<\/span><\/h3>\n<table style=\"border-collapse: collapse; width: 800px; height: 218px;\" border=\"0\" width=\"144\" cellspacing=\"0\" cellpadding=\"0\">\n<tbody>\n<tr style=\"height: 13.50pt;\">\n<td style=\"height: 13.5pt; width: 54pt; text-align: center;\" width=\"72\" height=\"18\"><img decoding=\"async\" class=\"alignnone size-full wp-image-24449\" src=\"https:\/\/www.zhgdled.com\/wp-content\/uploads\/2024\/08\/1-30w-CCT-3.jpg\" alt=\"Z PLUS 4 cct options\" width=\"1600\" height=\"1600\" srcset=\"https:\/\/www.zhgdled.com\/wp-content\/uploads\/2024\/08\/1-30w-CCT-3.jpg 1600w, https:\/\/www.zhgdled.com\/wp-content\/uploads\/2024\/08\/1-30w-CCT-3-300x300.jpg 300w, https:\/\/www.zhgdled.com\/wp-content\/uploads\/2024\/08\/1-30w-CCT-3-1024x1024.jpg 1024w, https:\/\/www.zhgdled.com\/wp-content\/uploads\/2024\/08\/1-30w-CCT-3-150x150.jpg 150w, https:\/\/www.zhgdled.com\/wp-content\/uploads\/2024\/08\/1-30w-CCT-3-768x768.jpg 768w, https:\/\/www.zhgdled.com\/wp-content\/uploads\/2024\/08\/1-30w-CCT-3-1536x1536.jpg 1536w, https:\/\/www.zhgdled.com\/wp-content\/uploads\/2024\/08\/1-30w-CCT-3-600x600.jpg 600w\" sizes=\"(max-width: 1600px) 100vw, 1600px\" \/><\/td>\n<td style=\"width: 54pt; text-align: center;\" width=\"72\"><img decoding=\"async\" class=\"alignnone size-full wp-image-24460\" src=\"https:\/\/www.zhgdled.com\/wp-content\/uploads\/2024\/08\/1-50w-3.jpg\" alt=\"mono-cct flood light\" width=\"1600\" height=\"1600\" srcset=\"https:\/\/www.zhgdled.com\/wp-content\/uploads\/2024\/08\/1-50w-3.jpg 1600w, https:\/\/www.zhgdled.com\/wp-content\/uploads\/2024\/08\/1-50w-3-300x300.jpg 300w, https:\/\/www.zhgdled.com\/wp-content\/uploads\/2024\/08\/1-50w-3-1024x1024.jpg 1024w, https:\/\/www.zhgdled.com\/wp-content\/uploads\/2024\/08\/1-50w-3-150x150.jpg 150w, https:\/\/www.zhgdled.com\/wp-content\/uploads\/2024\/08\/1-50w-3-768x768.jpg 768w, https:\/\/www.zhgdled.com\/wp-content\/uploads\/2024\/08\/1-50w-3-1536x1536.jpg 1536w, https:\/\/www.zhgdled.com\/wp-content\/uploads\/2024\/08\/1-50w-3-600x600.jpg 600w\" sizes=\"(max-width: 1600px) 100vw, 1600px\" \/><\/td>\n<\/tr>\n<tr style=\"height: 13.50pt;\">\n<td style=\"height: 13.50pt;\" height=\"18\">\n<ul>\n<li>3CCT kontrol\u00fc (3000K 4500K 6000K), kadran anahtar\u0131;<\/li>\n<li>IP65 su ge\u00e7irmez;<\/li>\n<li>DOB teknolojisi<\/li>\n<\/ul>\n<\/td>\n<td>\n<ul>\n<li>Tek CCT (3000K &#8211; 6000K opsiyonel)<\/li>\n<li>IP65<\/li>\n<li>DOB teknolojisi<\/li>\n<\/ul>\n<\/td>\n<\/tr>\n<\/tbody>\n<\/table>\n<p>&nbsp;<\/p>\n<p>&nbsp;<\/p>\n<h3><span style=\"color: #ff6600;\">UYGULAMALAR<\/span><\/h3>\n<table style=\"border-collapse: collapse; width: 802px; height: 484px;\" border=\"0\" width=\"144\" cellspacing=\"0\" cellpadding=\"0\">\n<tbody>\n<tr style=\"height: 13.50pt;\">\n<td style=\"height: 13.5pt; width: 54pt; text-align: center;\" width=\"72\" height=\"18\"><img decoding=\"async\" class=\"alignnone size-full wp-image-24394\" src=\"https:\/\/www.zhgdled.com\/wp-content\/uploads\/2024\/08\/\u573a\u666f-1.jpg\" alt=\"\" width=\"1600\" height=\"1600\" srcset=\"https:\/\/www.zhgdled.com\/wp-content\/uploads\/2024\/08\/\u573a\u666f-1.jpg 1600w, https:\/\/www.zhgdled.com\/wp-content\/uploads\/2024\/08\/\u573a\u666f-1-300x300.jpg 300w, https:\/\/www.zhgdled.com\/wp-content\/uploads\/2024\/08\/\u573a\u666f-1-1024x1024.jpg 1024w, https:\/\/www.zhgdled.com\/wp-content\/uploads\/2024\/08\/\u573a\u666f-1-150x150.jpg 150w, https:\/\/www.zhgdled.com\/wp-content\/uploads\/2024\/08\/\u573a\u666f-1-768x768.jpg 768w, https:\/\/www.zhgdled.com\/wp-content\/uploads\/2024\/08\/\u573a\u666f-1-1536x1536.jpg 1536w, https:\/\/www.zhgdled.com\/wp-content\/uploads\/2024\/08\/\u573a\u666f-1-600x600.jpg 600w, https:\/\/www.zhgdled.com\/wp-content\/uploads\/2024\/08\/\u573a\u666f-1-45x45.jpg 45w\" sizes=\"(max-width: 1600px) 100vw, 1600px\" \/><\/td>\n<td style=\"width: 54pt; text-align: center;\" width=\"72\"><img decoding=\"async\" class=\"alignnone size-full wp-image-24405\" src=\"https:\/\/www.zhgdled.com\/wp-content\/uploads\/2024\/08\/\u573a\u666f-4.jpg\" alt=\"\" width=\"1600\" height=\"1600\" srcset=\"https:\/\/www.zhgdled.com\/wp-content\/uploads\/2024\/08\/\u573a\u666f-4.jpg 1600w, https:\/\/www.zhgdled.com\/wp-content\/uploads\/2024\/08\/\u573a\u666f-4-300x300.jpg 300w, https:\/\/www.zhgdled.com\/wp-content\/uploads\/2024\/08\/\u573a\u666f-4-1024x1024.jpg 1024w, https:\/\/www.zhgdled.com\/wp-content\/uploads\/2024\/08\/\u573a\u666f-4-150x150.jpg 150w, https:\/\/www.zhgdled.com\/wp-content\/uploads\/2024\/08\/\u573a\u666f-4-768x768.jpg 768w, https:\/\/www.zhgdled.com\/wp-content\/uploads\/2024\/08\/\u573a\u666f-4-1536x1536.jpg 1536w, https:\/\/www.zhgdled.com\/wp-content\/uploads\/2024\/08\/\u573a\u666f-4-600x600.jpg 600w\" sizes=\"(max-width: 1600px) 100vw, 1600px\" \/><\/td>\n<\/tr>\n<tr style=\"height: 13.50pt;\">\n<td style=\"height: 13.5pt; text-align: center;\" height=\"18\"><img decoding=\"async\" class=\"alignnone size-full wp-image-24416\" src=\"https:\/\/www.zhgdled.com\/wp-content\/uploads\/2024\/08\/\u573a\u666f-3.jpg\" alt=\"\" width=\"1600\" height=\"1600\" srcset=\"https:\/\/www.zhgdled.com\/wp-content\/uploads\/2024\/08\/\u573a\u666f-3.jpg 1600w, https:\/\/www.zhgdled.com\/wp-content\/uploads\/2024\/08\/\u573a\u666f-3-300x300.jpg 300w, https:\/\/www.zhgdled.com\/wp-content\/uploads\/2024\/08\/\u573a\u666f-3-1024x1024.jpg 1024w, https:\/\/www.zhgdled.com\/wp-content\/uploads\/2024\/08\/\u573a\u666f-3-150x150.jpg 150w, https:\/\/www.zhgdled.com\/wp-content\/uploads\/2024\/08\/\u573a\u666f-3-768x768.jpg 768w, https:\/\/www.zhgdled.com\/wp-content\/uploads\/2024\/08\/\u573a\u666f-3-1536x1536.jpg 1536w, https:\/\/www.zhgdled.com\/wp-content\/uploads\/2024\/08\/\u573a\u666f-3-600x600.jpg 600w\" sizes=\"(max-width: 1600px) 100vw, 1600px\" \/><\/td>\n<td style=\"text-align: center;\"><img decoding=\"async\" class=\"alignnone size-full wp-image-24427\" src=\"https:\/\/www.zhgdled.com\/wp-content\/uploads\/2024\/08\/\u573a\u666f-2.jpg\" alt=\"\" width=\"1600\" height=\"1600\" srcset=\"https:\/\/www.zhgdled.com\/wp-content\/uploads\/2024\/08\/\u573a\u666f-2.jpg 1600w, https:\/\/www.zhgdled.com\/wp-content\/uploads\/2024\/08\/\u573a\u666f-2-300x300.jpg 300w, https:\/\/www.zhgdled.com\/wp-content\/uploads\/2024\/08\/\u573a\u666f-2-1024x1024.jpg 1024w, https:\/\/www.zhgdled.com\/wp-content\/uploads\/2024\/08\/\u573a\u666f-2-150x150.jpg 150w, https:\/\/www.zhgdled.com\/wp-content\/uploads\/2024\/08\/\u573a\u666f-2-768x768.jpg 768w, https:\/\/www.zhgdled.com\/wp-content\/uploads\/2024\/08\/\u573a\u666f-2-1536x1536.jpg 1536w, https:\/\/www.zhgdled.com\/wp-content\/uploads\/2024\/08\/\u573a\u666f-2-600x600.jpg 600w\" sizes=\"(max-width: 1600px) 100vw, 1600px\" \/><\/td>\n<\/tr>\n<\/tbody>\n<\/table>\n<p>&nbsp;<\/p>\n<p>&nbsp;<\/p>\n<h3><span style=\"color: #ff6600;\">\u00d6ZELL\u0130KLER<\/span><\/h3>\n<div id=\"attachment_24438\" style=\"width: 794px\" class=\"wp-caption alignnone\"><img decoding=\"async\" aria-describedby=\"caption-attachment-24438\" class=\"wp-image-24438 size-full\" src=\"https:\/\/www.zhgdled.com\/wp-content\/uploads\/2024\/08\/20240808102604.jpg\" alt=\"Flood light specification\" width=\"784\" height=\"945\" srcset=\"https:\/\/www.zhgdled.com\/wp-content\/uploads\/2024\/08\/20240808102604.jpg 784w, https:\/\/www.zhgdled.com\/wp-content\/uploads\/2024\/08\/20240808102604-249x300.jpg 249w, https:\/\/www.zhgdled.com\/wp-content\/uploads\/2024\/08\/20240808102604-768x926.jpg 768w, https:\/\/www.zhgdled.com\/wp-content\/uploads\/2024\/08\/20240808102604-600x723.jpg 600w, https:\/\/www.zhgdled.com\/wp-content\/uploads\/2024\/08\/20240808102604-150x181.jpg 150w\" sizes=\"(max-width: 784px) 100vw, 784px\" \/><p id=\"caption-attachment-24438\" class=\"wp-caption-text\">Flood light specification<\/p><\/div>\n<p><img decoding=\"async\" class=\"alignnone wp-image-17482\" src=\"https:\/\/www.zhgdled.com\/wp-content\/uploads\/2022\/07\/zhl_download-logo.png\" sizes=\"(max-width: 28px) 100vw, 28px\" srcset=\"https:\/\/www.zhgdled.com\/wp-content\/uploads\/2022\/07\/zhl_download-logo.png 368w, https:\/\/www.zhgdled.com\/wp-content\/uploads\/2022\/07\/zhl_download-logo-300x300.png 300w, https:\/\/www.zhgdled.com\/wp-content\/uploads\/2022\/07\/zhl_download-logo-150x150.png 150w\" alt=\"\" width=\"28\" height=\"28\" \/><a href=\"https:\/\/www.zhgdled.com\/tr\/download\/z-plus-series-flood-lights\">Download catalog<\/a><\/p>\n","protected":false},"excerpt":{"rendered":"<p>Z-Plus Serisi v. 4.0, piyasadaki en uygun maliyetli projekt\u00f6rlerden biridir. 30W ile 200W aras\u0131nda de\u011fi\u015fen watt de\u011ferlerinde mevcut olan bu \u00e7ok y\u00f6nl\u00fc projekt\u00f6r, \u00e7e\u015fitli ayd\u0131nlatma ihtiya\u00e7lar\u0131n\u0131 kar\u015f\u0131lamak \u00fczere tasarlanm\u0131\u015ft\u0131r. IP65 derecesiyle, toza ve suya kar\u015f\u0131 olduk\u00e7a dayan\u0131kl\u0131d\u0131r ve bu da onu d\u0131\u015f mekan kullan\u0131m\u0131 i\u00e7in ideal hale getirir. Ayr\u0131ca, Z-Plus Serisi 3CCT ayarlanabilir ayarlar\u0131n\u0131 destekler ve renk s\u0131cakl\u0131\u011f\u0131n\u0131 her ortama uyacak \u015fekilde \u00f6zelle\u015ftirmenize olanak tan\u0131r. Z-Plus Serisi Projekt\u00f6r v4.0 ile e\u015fsiz de\u011fer ve performans\u0131 deneyimleyin.<\/p>\n","protected":false},"featured_media":24356,"template":"","meta":[],"product_brand":[],"product_cat":[666],"product_tag":[],"class_list":{"0":"post-24504","1":"product","2":"type-product","3":"status-publish","4":"has-post-thumbnail","6":"product_cat-led-projektorler","8":"first","9":"instock","10":"featured","11":"shipping-taxable","12":"product-type-simple"},"yoast_head":"<!-- This site is optimized with the Yoast SEO plugin v27.4 - https:\/\/yoast.com\/product\/yoast-seo-wordpress\/ -->\n<title>Z Plus Serisi 4. Nesil LED Projekt\u00f6r &#8211; ZHL I\u015f\u0131k Grubu<\/title>\n<meta name=\"description\" content=\"Z-Plus Serisi v. 4.0, piyasadaki en uygun maliyetli projekt\u00f6rlerden biridir. 30W ile 200W aras\u0131nda de\u011fi\u015fen watt de\u011ferlerinde mevcuttur\" \/>\n<meta name=\"robots\" content=\"index, follow, max-snippet:-1, max-image-preview:large, max-video-preview:-1\" \/>\n<link rel=\"canonical\" href=\"https:\/\/www.zhgdled.com\/tr\/z-plus-series-4th-generation-led-floodlight.html\" \/>\n<meta property=\"og:locale\" content=\"tr_TR\" \/>\n<meta property=\"og:type\" content=\"article\" \/>\n<meta property=\"og:title\" content=\"Z Plus Serisi 4. Nesil LED Projekt\u00f6r &#8211; ZHL I\u015f\u0131k Grubu\" \/>\n<meta property=\"og:description\" content=\"Z-Plus Serisi v. 4.0, piyasadaki en uygun maliyetli projekt\u00f6rlerden biridir. 30W ile 200W aras\u0131nda de\u011fi\u015fen watt de\u011ferlerinde mevcuttur\" \/>\n<meta property=\"og:url\" content=\"https:\/\/www.zhgdled.com\/tr\/z-plus-series-4th-generation-led-floodlight.html\" \/>\n<meta property=\"og:site_name\" content=\"ZHL I\u015f\u0131k Grubu\" \/>\n<meta property=\"article:publisher\" content=\"https:\/\/www.facebook.com\/zhllightinggroup\" \/>\n<meta property=\"article:modified_time\" content=\"2024-08-12T08:50:49+00:00\" \/>\n<meta property=\"og:image\" content=\"https:\/\/www.zhgdled.com\/wp-content\/uploads\/2024\/08\/20240731141336.jpg\" \/>\n\t<meta property=\"og:image:width\" content=\"1600\" \/>\n\t<meta property=\"og:image:height\" content=\"1600\" \/>\n\t<meta property=\"og:image:type\" content=\"image\/jpeg\" \/>\n<meta name=\"twitter:card\" content=\"summary_large_image\" \/>\n<meta name=\"twitter:site\" content=\"@zhl_lighting\" \/>\n<meta name=\"twitter:label1\" content=\"Tahmini okuma s\u00fcresi\" \/>\n\t<meta name=\"twitter:data1\" content=\"4 dakika\" \/>\n<script type=\"application\/ld+json\" class=\"yoast-schema-graph\">{\"@context\":\"https:\\\/\\\/schema.org\",\"@graph\":[{\"@type\":\"WebPage\",\"@id\":\"https:\\\/\\\/www.zhgdled.com\\\/tr\\\/z-plus-series-4th-generation-led-floodlight.html\",\"url\":\"https:\\\/\\\/www.zhgdled.com\\\/tr\\\/z-plus-series-4th-generation-led-floodlight.html\",\"name\":\"Z Plus Serisi 4. Nesil LED Projekt\u00f6r &#8211; ZHL I\u015f\u0131k Grubu\",\"isPartOf\":{\"@id\":\"https:\\\/\\\/www.zhgdled.com\\\/tr\\\/#website\"},\"primaryImageOfPage\":{\"@id\":\"https:\\\/\\\/www.zhgdled.com\\\/tr\\\/z-plus-series-4th-generation-led-floodlight.html#primaryimage\"},\"image\":{\"@id\":\"https:\\\/\\\/www.zhgdled.com\\\/tr\\\/z-plus-series-4th-generation-led-floodlight.html#primaryimage\"},\"thumbnailUrl\":\"https:\\\/\\\/www.zhgdled.com\\\/wp-content\\\/uploads\\\/2024\\\/08\\\/20240731141336.jpg\",\"datePublished\":\"2024-08-01T08:56:59+00:00\",\"dateModified\":\"2024-08-12T08:50:49+00:00\",\"description\":\"Z-Plus Serisi v. 4.0, piyasadaki en uygun maliyetli projekt\u00f6rlerden biridir. 30W ile 200W aras\u0131nda de\u011fi\u015fen watt de\u011ferlerinde mevcuttur\",\"breadcrumb\":{\"@id\":\"https:\\\/\\\/www.zhgdled.com\\\/tr\\\/z-plus-series-4th-generation-led-floodlight.html#breadcrumb\"},\"inLanguage\":\"tr\",\"potentialAction\":[{\"@type\":\"ReadAction\",\"target\":[\"https:\\\/\\\/www.zhgdled.com\\\/tr\\\/z-plus-series-4th-generation-led-floodlight.html\"]}]},{\"@type\":\"ImageObject\",\"inLanguage\":\"tr\",\"@id\":\"https:\\\/\\\/www.zhgdled.com\\\/tr\\\/z-plus-series-4th-generation-led-floodlight.html#primaryimage\",\"url\":\"https:\\\/\\\/www.zhgdled.com\\\/wp-content\\\/uploads\\\/2024\\\/08\\\/20240731141336.jpg\",\"contentUrl\":\"https:\\\/\\\/www.zhgdled.com\\\/wp-content\\\/uploads\\\/2024\\\/08\\\/20240731141336.jpg\",\"width\":1600,\"height\":1600,\"caption\":\"4th generation flood light\"},{\"@type\":\"BreadcrumbList\",\"@id\":\"https:\\\/\\\/www.zhgdled.com\\\/tr\\\/z-plus-series-4th-generation-led-floodlight.html#breadcrumb\",\"itemListElement\":[{\"@type\":\"ListItem\",\"position\":1,\"name\":\"Home\",\"item\":\"https:\\\/\\\/www.zhgdled.com\\\/tr\"},{\"@type\":\"ListItem\",\"position\":2,\"name\":\"PRODUCTS\",\"item\":\"https:\\\/\\\/www.zhgdled.com\\\/zhl-products.html\"},{\"@type\":\"ListItem\",\"position\":3,\"name\":\"Z Plus Serisi 4. Nesil LED Projekt\u00f6r\"}]},{\"@type\":\"WebSite\",\"@id\":\"https:\\\/\\\/www.zhgdled.com\\\/tr\\\/#website\",\"url\":\"https:\\\/\\\/www.zhgdled.com\\\/tr\\\/\",\"name\":\"ZHL I\u015f\u0131k Grubu\",\"description\":\"Top ranking industrial lighting manufacturer and exporter\",\"publisher\":{\"@id\":\"https:\\\/\\\/www.zhgdled.com\\\/tr\\\/#organization\"},\"potentialAction\":[{\"@type\":\"SearchAction\",\"target\":{\"@type\":\"EntryPoint\",\"urlTemplate\":\"https:\\\/\\\/www.zhgdled.com\\\/tr\\\/?s={search_term_string}\"},\"query-input\":{\"@type\":\"PropertyValueSpecification\",\"valueRequired\":true,\"valueName\":\"search_term_string\"}}],\"inLanguage\":\"tr\"},{\"@type\":\"Organization\",\"@id\":\"https:\\\/\\\/www.zhgdled.com\\\/tr\\\/#organization\",\"name\":\"ZHL Lighting Group\",\"url\":\"https:\\\/\\\/www.zhgdled.com\\\/tr\\\/\",\"logo\":{\"@type\":\"ImageObject\",\"inLanguage\":\"tr\",\"@id\":\"https:\\\/\\\/www.zhgdled.com\\\/tr\\\/#\\\/schema\\\/logo\\\/image\\\/\",\"url\":\"\",\"contentUrl\":\"\",\"caption\":\"ZHL Lighting Group\"},\"image\":{\"@id\":\"https:\\\/\\\/www.zhgdled.com\\\/tr\\\/#\\\/schema\\\/logo\\\/image\\\/\"},\"sameAs\":[\"https:\\\/\\\/www.facebook.com\\\/zhllightinggroup\",\"https:\\\/\\\/x.com\\\/zhl_lighting\"]}]}<\/script>\n<!-- \/ Yoast SEO plugin. -->","yoast_head_json":{"title":"Z Plus Serisi 4. Nesil LED Projekt\u00f6r &#8211; ZHL I\u015f\u0131k Grubu","description":"Z-Plus Serisi v. 4.0, piyasadaki en uygun maliyetli projekt\u00f6rlerden biridir. 30W ile 200W aras\u0131nda de\u011fi\u015fen watt de\u011ferlerinde mevcuttur","robots":{"index":"index","follow":"follow","max-snippet":"max-snippet:-1","max-image-preview":"max-image-preview:large","max-video-preview":"max-video-preview:-1"},"canonical":"https:\/\/www.zhgdled.com\/tr\/z-plus-series-4th-generation-led-floodlight.html","og_locale":"tr_TR","og_type":"article","og_title":"Z Plus Serisi 4. Nesil LED Projekt\u00f6r &#8211; ZHL I\u015f\u0131k Grubu","og_description":"Z-Plus Serisi v. 4.0, piyasadaki en uygun maliyetli projekt\u00f6rlerden biridir. 30W ile 200W aras\u0131nda de\u011fi\u015fen watt de\u011ferlerinde mevcuttur","og_url":"https:\/\/www.zhgdled.com\/tr\/z-plus-series-4th-generation-led-floodlight.html","og_site_name":"ZHL I\u015f\u0131k Grubu","article_publisher":"https:\/\/www.facebook.com\/zhllightinggroup","article_modified_time":"2024-08-12T08:50:49+00:00","og_image":[{"width":1600,"height":1600,"url":"https:\/\/www.zhgdled.com\/wp-content\/uploads\/2024\/08\/20240731141336.jpg","type":"image\/jpeg"}],"twitter_card":"summary_large_image","twitter_site":"@zhl_lighting","twitter_misc":{"Tahmini okuma s\u00fcresi":"4 dakika"},"schema":{"@context":"https:\/\/schema.org","@graph":[{"@type":"WebPage","@id":"https:\/\/www.zhgdled.com\/tr\/z-plus-series-4th-generation-led-floodlight.html","url":"https:\/\/www.zhgdled.com\/tr\/z-plus-series-4th-generation-led-floodlight.html","name":"Z Plus Serisi 4. Nesil LED Projekt\u00f6r &#8211; ZHL I\u015f\u0131k Grubu","isPartOf":{"@id":"https:\/\/www.zhgdled.com\/tr\/#website"},"primaryImageOfPage":{"@id":"https:\/\/www.zhgdled.com\/tr\/z-plus-series-4th-generation-led-floodlight.html#primaryimage"},"image":{"@id":"https:\/\/www.zhgdled.com\/tr\/z-plus-series-4th-generation-led-floodlight.html#primaryimage"},"thumbnailUrl":"https:\/\/www.zhgdled.com\/wp-content\/uploads\/2024\/08\/20240731141336.jpg","datePublished":"2024-08-01T08:56:59+00:00","dateModified":"2024-08-12T08:50:49+00:00","description":"Z-Plus Serisi v. 4.0, piyasadaki en uygun maliyetli projekt\u00f6rlerden biridir. 30W ile 200W aras\u0131nda de\u011fi\u015fen watt de\u011ferlerinde mevcuttur","breadcrumb":{"@id":"https:\/\/www.zhgdled.com\/tr\/z-plus-series-4th-generation-led-floodlight.html#breadcrumb"},"inLanguage":"tr","potentialAction":[{"@type":"ReadAction","target":["https:\/\/www.zhgdled.com\/tr\/z-plus-series-4th-generation-led-floodlight.html"]}]},{"@type":"ImageObject","inLanguage":"tr","@id":"https:\/\/www.zhgdled.com\/tr\/z-plus-series-4th-generation-led-floodlight.html#primaryimage","url":"https:\/\/www.zhgdled.com\/wp-content\/uploads\/2024\/08\/20240731141336.jpg","contentUrl":"https:\/\/www.zhgdled.com\/wp-content\/uploads\/2024\/08\/20240731141336.jpg","width":1600,"height":1600,"caption":"4th generation flood light"},{"@type":"BreadcrumbList","@id":"https:\/\/www.zhgdled.com\/tr\/z-plus-series-4th-generation-led-floodlight.html#breadcrumb","itemListElement":[{"@type":"ListItem","position":1,"name":"Home","item":"https:\/\/www.zhgdled.com\/tr"},{"@type":"ListItem","position":2,"name":"PRODUCTS","item":"https:\/\/www.zhgdled.com\/zhl-products.html"},{"@type":"ListItem","position":3,"name":"Z Plus Serisi 4. Nesil LED Projekt\u00f6r"}]},{"@type":"WebSite","@id":"https:\/\/www.zhgdled.com\/tr\/#website","url":"https:\/\/www.zhgdled.com\/tr\/","name":"ZHL I\u015f\u0131k Grubu","description":"Top ranking industrial lighting manufacturer and exporter","publisher":{"@id":"https:\/\/www.zhgdled.com\/tr\/#organization"},"potentialAction":[{"@type":"SearchAction","target":{"@type":"EntryPoint","urlTemplate":"https:\/\/www.zhgdled.com\/tr\/?s={search_term_string}"},"query-input":{"@type":"PropertyValueSpecification","valueRequired":true,"valueName":"search_term_string"}}],"inLanguage":"tr"},{"@type":"Organization","@id":"https:\/\/www.zhgdled.com\/tr\/#organization","name":"ZHL Lighting Group","url":"https:\/\/www.zhgdled.com\/tr\/","logo":{"@type":"ImageObject","inLanguage":"tr","@id":"https:\/\/www.zhgdled.com\/tr\/#\/schema\/logo\/image\/","url":"","contentUrl":"","caption":"ZHL Lighting Group"},"image":{"@id":"https:\/\/www.zhgdled.com\/tr\/#\/schema\/logo\/image\/"},"sameAs":["https:\/\/www.facebook.com\/zhllightinggroup","https:\/\/x.com\/zhl_lighting"]}]}},"_links":{"self":[{"href":"https:\/\/www.zhgdled.com\/tr\/wp-json\/wp\/v2\/product\/24504","targetHints":{"allow":["GET"]}}],"collection":[{"href":"https:\/\/www.zhgdled.com\/tr\/wp-json\/wp\/v2\/product"}],"about":[{"href":"https:\/\/www.zhgdled.com\/tr\/wp-json\/wp\/v2\/types\/product"}],"wp:featuredmedia":[{"embeddable":true,"href":"https:\/\/www.zhgdled.com\/tr\/wp-json\/wp\/v2\/media\/24356"}],"wp:attachment":[{"href":"https:\/\/www.zhgdled.com\/tr\/wp-json\/wp\/v2\/media?parent=24504"}],"wp:term":[{"taxonomy":"product_brand","embeddable":true,"href":"https:\/\/www.zhgdled.com\/tr\/wp-json\/wp\/v2\/product_brand?post=24504"},{"taxonomy":"product_cat","embeddable":true,"href":"https:\/\/www.zhgdled.com\/tr\/wp-json\/wp\/v2\/product_cat?post=24504"},{"taxonomy":"product_tag","embeddable":true,"href":"https:\/\/www.zhgdled.com\/tr\/wp-json\/wp\/v2\/product_tag?post=24504"}],"curies":[{"name":"wp","href":"https:\/\/api.w.org\/{rel}","templated":true}]}}